{"id":12348,"date":"2021-12-20T15:13:28","date_gmt":"2021-12-20T20:13:28","guid":{"rendered":"https:\/\/v2.chillepoxy.com\/devenez-un-detaillant-chill-epoxy\/"},"modified":"2025-04-03T15:55:56","modified_gmt":"2025-04-03T19:55:56","slug":"revendeur-epoxy-distributeur-resine-epoxy-haut-de-gamme","status":"publish","type":"page","link":"https:\/\/chillepoxy.com\/fr\/revendeur-epoxy-distributeur-resine-epoxy-haut-de-gamme\/","title":{"rendered":"Revendeur \u00c9poxy | Distributeur R\u00e9sine \u00c9poxy Haut de Gamme"},"content":{"rendered":"\n\t<section class=\"section dark\" id=\"section_423458100\">\n\t\t<div class=\"section-bg fill\" >\n\t\t\t\t\t\t\t\t\t\n\t\t\t\n\n\t\t<\/div>\n\n\t\t\n\n\t\t<div class=\"section-content relative\">\n\t\t\t\n<div class=\"row align-middle align-center\" style=\"max-width:800px\" id=\"row-1507687333\">\n\n\t<div id=\"col-238451690\" class=\"col small-12 large-12\"  >\n\t\t\t\t<div class=\"col-inner\"  >\n\t\t\t\n\t\t\t\n  <div id=\"page-header-1463585887\" class=\"page-header-wrapper\">\n  <div class=\"page-title dark simple-title\">\n\n    \n    <div class=\"page-title-inner container align-center text-center flex-row-col medium-flex-wrap\" >\n              <div class=\"title-wrapper uppercase is-xlarge flex-col\">\n          <h1 class=\"entry-title mb-0\">\n            Revendeur \u00c9poxy | Distributeur R\u00e9sine \u00c9poxy Haut de Gamme          <\/h1>\n        <\/div>\n                    <div class=\"title-content flex-col\">\n        <div class=\"title-breadcrumbs pb-half pt-half\"><nav class=\"woocommerce-breadcrumb breadcrumbs uppercase\" aria-label=\"Breadcrumb\">Accueil<\/nav><\/div>      <\/div>\n    <\/div>\n\n       <\/div>\n    <\/div>\n  \n\t<div id=\"text-2202539350\" class=\"text\">\n\t\t\n<p>Si vous souhaitez devenir un revendeur CHILL EPOXY ou en savoir plus sur notre gamme de produits, remplissez simplement le formulaire ci-dessous et nous vous r\u00e9pondrons dans les plus brefs d\u00e9lais.<br \/>\n\t\t\n<style>\n#text-2202539350 {\n  text-align: center;\n}\n<\/style>\n\t<\/div>\n\t\n\t\t<\/div>\n\t\t\t\t\t<\/div>\n\n\t\n<\/div>\n\t\t<\/div>\n\n\t\t\n<style>\n#section_423458100 {\n  padding-top: 30px;\n  padding-bottom: 30px;\n  background-color: rgb(0,0,0);\n}\n<\/style>\n\t<\/section>\n\t\n\t<div id=\"gap-1377576556\" class=\"gap-element clearfix\" style=\"display:block; height:auto;\">\n\t\t\n<style>\n#gap-1377576556 {\n  padding-top: 30px;\n}\n<\/style>\n\t<\/div>\n\t\n<div class=\"container section-title-container\" ><h3 class=\"section-title section-title-normal\"><b aria-hidden=\"true\"><\/b><span class=\"section-title-main\" >Revendeur \u00c9poxy | Distributeur R\u00e9sine \u00c9poxy Haut de Gamme<\/span><b aria-hidden=\"true\"><\/b><\/h3><\/div>\n\n\t<section class=\"section\" id=\"section_196151979\">\n\t\t<div class=\"section-bg fill\" >\n\t\t\t\t\t\t\t\t\t\n\t\t\t\n\n\t\t<\/div>\n\n\t\t\n\n\t\t<div class=\"section-content relative\">\n\t\t\t\n<div class=\"row\"  id=\"row-412453808\">\n\n\t<div id=\"col-1373834023\" class=\"col medium-6 small-12 large-6\"  >\n\t\t\t\t<div class=\"col-inner\"  >\n\t\t\t\n\t\t\t\n\t<div class=\"img has-hover x md-x lg-x y md-y lg-y\" id=\"image_1006950263\">\n\t\t\t\t\t\t\t\t<div class=\"img-inner dark\" >\n\t\t\t<img loading=\"lazy\" decoding=\"async\" width=\"640\" height=\"442\" src=\"https:\/\/chillepoxy.com\/wp-content\/uploads\/2021\/11\/baril-1.png\" class=\"attachment-large size-large\" alt=\"\" srcset=\"https:\/\/chillepoxy.com\/wp-content\/uploads\/2021\/11\/baril-1.png 640w, https:\/\/chillepoxy.com\/wp-content\/uploads\/2021\/11\/baril-1-600x414.png 600w\" sizes=\"auto, (max-width: 640px) 100vw, 640px\" \/>\t\t\t\t\t\t\n\t\t\t\t\t<\/div>\n\t\t\t\t\t\t\t\t\n<style>\n#image_1006950263 {\n  width: 100%;\n}\n<\/style>\n\t<\/div>\n\t\n\t\t<\/div>\n\t\t\t\t\t<\/div>\n\n\t\n\n\t<div id=\"col-746889854\" class=\"col medium-6 small-12 large-6\"  >\n\t\t\t\t<div class=\"col-inner\"  >\n\t\t\t\n\t\t\t\n\n<div class=\"wpcf7 no-js\" id=\"wpcf7-f17817-o1\" lang=\"fr-FR\" dir=\"ltr\" data-wpcf7-id=\"17817\">\n<div class=\"screen-reader-response\"><p role=\"status\" aria-live=\"polite\" aria-atomic=\"true\"><\/p> <ul><\/ul><\/div>\n<form action=\"\/fr\/wp-json\/wp\/v2\/pages\/12348#wpcf7-f17817-o1\" method=\"post\" class=\"wpcf7-form init\" aria-label=\"Formulaire de contact\" novalidate=\"novalidate\" data-status=\"init\">\n<fieldset class=\"hidden-fields-container\"><input type=\"hidden\" name=\"_wpcf7\" value=\"17817\" \/><input type=\"hidden\" name=\"_wpcf7_version\" value=\"6.1.5\" \/><input type=\"hidden\" name=\"_wpcf7_locale\" value=\"fr_FR\" \/><input type=\"hidden\" name=\"_wpcf7_unit_tag\" value=\"wpcf7-f17817-o1\" \/><input type=\"hidden\" name=\"_wpcf7_container_post\" value=\"0\" \/><input type=\"hidden\" name=\"_wpcf7_posted_data_hash\" value=\"\" \/><input type=\"hidden\" name=\"_wpcf7_recaptcha_response\" value=\"\" \/>\n<\/fieldset>\n<p><span class=\"wpcf7-form-control-wrap\" data-name=\"first-name\"><input size=\"40\" maxlength=\"400\" class=\"wpcf7-form-control wpcf7-text\" aria-invalid=\"false\" placeholder=\"Pr\u00e9nom\" value=\"\" type=\"text\" name=\"first-name\" \/><\/span><br \/>\n<span class=\"wpcf7-form-control-wrap\" data-name=\"last-name\"><input size=\"40\" maxlength=\"400\" class=\"wpcf7-form-control wpcf7-text\" aria-invalid=\"false\" placeholder=\"Nom de famille\" value=\"\" type=\"text\" name=\"last-name\" \/><\/span><br \/>\n<span class=\"wpcf7-form-control-wrap\" data-name=\"company-name\"><input size=\"40\" maxlength=\"400\" class=\"wpcf7-form-control wpcf7-text\" aria-invalid=\"false\" placeholder=\"Nom de l&#039;entreprise\" value=\"\" type=\"text\" name=\"company-name\" \/><\/span><br \/>\n<span class=\"wpcf7-form-control-wrap\" data-name=\"city\"><input size=\"40\" maxlength=\"400\" class=\"wpcf7-form-control wpcf7-text\" aria-invalid=\"false\" placeholder=\"Ville\" value=\"\" type=\"text\" name=\"city\" \/><\/span><br \/>\n<span class=\"wpcf7-form-control-wrap\" data-name=\"country\"><input size=\"40\" maxlength=\"400\" class=\"wpcf7-form-control wpcf7-text\" aria-invalid=\"false\" placeholder=\"Pays\" value=\"\" type=\"text\" name=\"country\" \/><\/span><br \/>\n<span class=\"wpcf7-form-control-wrap\" data-name=\"your-phone\"><input size=\"40\" maxlength=\"400\" class=\"wpcf7-form-control wpcf7-tel wpcf7-text wpcf7-validates-as-tel\" aria-invalid=\"false\" placeholder=\"T\u00e9l\u00e9phone\" value=\"\" type=\"tel\" name=\"your-phone\" \/><\/span><br \/>\n<span class=\"wpcf7-form-control-wrap\" data-name=\"your-email\"><input size=\"40\" maxlength=\"400\" class=\"wpcf7-form-control wpcf7-email wpcf7-text wpcf7-validates-as-email\" aria-invalid=\"false\" placeholder=\"Votre e-mail\" value=\"\" type=\"email\" name=\"your-email\" \/><\/span><br \/>\n<span class=\"wpcf7-form-control-wrap\" data-name=\"your-message\"><textarea cols=\"40\" rows=\"10\" maxlength=\"2000\" class=\"wpcf7-form-control wpcf7-textarea\" aria-invalid=\"false\" placeholder=\"Votre message\" name=\"your-message\"><\/textarea><\/span><br \/>\n<input class=\"wpcf7-form-control wpcf7-submit has-spinner button\" id=\"main-submit\" type=\"submit\" value=\"Envoie-le!\" \/>\n<\/p><div class=\"wpcf7-response-output\" aria-hidden=\"true\"><\/div>\n<\/form>\n<\/div>\n\n\t\t<\/div>\n\t\t\t\t\t<\/div>\n\n\t\n<\/div>\n\t\t<\/div>\n\n\t\t\n<style>\n#section_196151979 {\n  padding-top: 30px;\n  padding-bottom: 30px;\n}\n<\/style>\n\t<\/section>\n\t\n","protected":false},"excerpt":{"rendered":"","protected":false},"author":1,"featured_media":28045,"parent":0,"menu_order":0,"comment_status":"closed","ping_status":"closed","template":"page-blank.php","meta":{"footnotes":""},"class_list":["post-12348","page","type-page","status-publish","has-post-thumbnail","hentry"],"yoast_head":"<!-- This site is optimized with the Yoast SEO Premium plugin v27.4 (Yoast SEO v27.4) - https:\/\/yoast.com\/product\/yoast-seo-premium-wordpress\/ -->\n<title>Revendeur \u00c9poxy | Distributeur R\u00e9sine \u00c9poxy Haut de Gamme CHILL EPOXY<\/title>\n<meta name=\"description\" content=\"Revendeur \u00c9poxy | Distributeur R\u00e9sine \u00c9poxy Haut de Gamme. Vous souhaitez vendre de l\u2019\u00e9poxy de qualit\u00e9 sup\u00e9rieure? Devenez revendeur.\" \/>\n<meta name=\"robots\" content=\"index, follow, max-snippet:-1, max-image-preview:large, max-video-preview:-1\" \/>\n<link rel=\"canonical\" href=\"https:\/\/chillepoxy.com\/fr\/revendeur-epoxy-distributeur-resine-epoxy-haut-de-gamme\/\" \/>\n<meta property=\"og:locale\" content=\"fr_FR\" \/>\n<meta property=\"og:type\" content=\"article\" \/>\n<meta property=\"og:title\" content=\"Revendeur \u00c9poxy | Distributeur R\u00e9sine \u00c9poxy Haut de Gamme\" \/>\n<meta property=\"og:description\" content=\"Revendeur \u00c9poxy | Distributeur R\u00e9sine \u00c9poxy Haut de Gamme. Vous souhaitez vendre de l\u2019\u00e9poxy de qualit\u00e9 sup\u00e9rieure? Devenez revendeur.\" \/>\n<meta property=\"og:url\" content=\"https:\/\/chillepoxy.com\/fr\/revendeur-epoxy-distributeur-resine-epoxy-haut-de-gamme\/\" \/>\n<meta property=\"og:site_name\" content=\"CHILL EPOXY\" \/>\n<meta property=\"article:publisher\" content=\"https:\/\/www.facebook.com\/polymerestechnologies\/\" \/>\n<meta property=\"article:modified_time\" content=\"2025-04-03T19:55:56+00:00\" \/>\n<meta property=\"og:image\" content=\"https:\/\/chillepoxy.com\/wp-content\/uploads\/2024\/04\/Bulk-240L-Casting-Epoxy-Resin.jpg\" \/>\n\t<meta property=\"og:image:width\" content=\"1920\" \/>\n\t<meta property=\"og:image:height\" content=\"1920\" \/>\n\t<meta property=\"og:image:type\" content=\"image\/jpeg\" \/>\n<meta name=\"twitter:card\" content=\"summary_large_image\" \/>\n<meta name=\"twitter:label1\" content=\"Dur\u00e9e de lecture estim\u00e9e\" \/>\n\t<meta name=\"twitter:data1\" content=\"1 minute\" \/>\n<script type=\"application\/ld+json\" class=\"yoast-schema-graph\">{\"@context\":\"https:\\\/\\\/schema.org\",\"@graph\":[{\"@type\":\"Article\",\"@id\":\"https:\\\/\\\/chillepoxy.com\\\/fr\\\/revendeur-epoxy-distributeur-resine-epoxy-haut-de-gamme\\\/#article\",\"isPartOf\":{\"@id\":\"https:\\\/\\\/chillepoxy.com\\\/fr\\\/revendeur-epoxy-distributeur-resine-epoxy-haut-de-gamme\\\/\"},\"author\":{\"name\":\"jsroch\",\"@id\":\"https:\\\/\\\/chillepoxy.com\\\/fr\\\/#\\\/schema\\\/person\\\/b0424518212430c1767885e3f3cf1d45\"},\"headline\":\"Revendeur \u00c9poxy | Distributeur R\u00e9sine \u00c9poxy Haut de Gamme\",\"datePublished\":\"2021-12-20T20:13:28+00:00\",\"dateModified\":\"2025-04-03T19:55:56+00:00\",\"mainEntityOfPage\":{\"@id\":\"https:\\\/\\\/chillepoxy.com\\\/fr\\\/revendeur-epoxy-distributeur-resine-epoxy-haut-de-gamme\\\/\"},\"wordCount\":119,\"publisher\":{\"@id\":\"https:\\\/\\\/chillepoxy.com\\\/fr\\\/#organization\"},\"image\":{\"@id\":\"https:\\\/\\\/chillepoxy.com\\\/fr\\\/revendeur-epoxy-distributeur-resine-epoxy-haut-de-gamme\\\/#primaryimage\"},\"thumbnailUrl\":\"https:\\\/\\\/chillepoxy.com\\\/wp-content\\\/uploads\\\/2024\\\/04\\\/Bulk-240L-Casting-Epoxy-Resin.jpg\",\"inLanguage\":\"fr-FR\"},{\"@type\":\"WebPage\",\"@id\":\"https:\\\/\\\/chillepoxy.com\\\/fr\\\/revendeur-epoxy-distributeur-resine-epoxy-haut-de-gamme\\\/\",\"url\":\"https:\\\/\\\/chillepoxy.com\\\/fr\\\/revendeur-epoxy-distributeur-resine-epoxy-haut-de-gamme\\\/\",\"name\":\"Revendeur \u00c9poxy | Distributeur R\u00e9sine \u00c9poxy Haut de Gamme CHILL EPOXY\",\"isPartOf\":{\"@id\":\"https:\\\/\\\/chillepoxy.com\\\/fr\\\/#website\"},\"primaryImageOfPage\":{\"@id\":\"https:\\\/\\\/chillepoxy.com\\\/fr\\\/revendeur-epoxy-distributeur-resine-epoxy-haut-de-gamme\\\/#primaryimage\"},\"image\":{\"@id\":\"https:\\\/\\\/chillepoxy.com\\\/fr\\\/revendeur-epoxy-distributeur-resine-epoxy-haut-de-gamme\\\/#primaryimage\"},\"thumbnailUrl\":\"https:\\\/\\\/chillepoxy.com\\\/wp-content\\\/uploads\\\/2024\\\/04\\\/Bulk-240L-Casting-Epoxy-Resin.jpg\",\"datePublished\":\"2021-12-20T20:13:28+00:00\",\"dateModified\":\"2025-04-03T19:55:56+00:00\",\"description\":\"Revendeur \u00c9poxy | Distributeur R\u00e9sine \u00c9poxy Haut de Gamme. Vous souhaitez vendre de l\u2019\u00e9poxy de qualit\u00e9 sup\u00e9rieure? Devenez revendeur.\",\"breadcrumb\":{\"@id\":\"https:\\\/\\\/chillepoxy.com\\\/fr\\\/revendeur-epoxy-distributeur-resine-epoxy-haut-de-gamme\\\/#breadcrumb\"},\"inLanguage\":\"fr-FR\",\"potentialAction\":[{\"@type\":\"ReadAction\",\"target\":[\"https:\\\/\\\/chillepoxy.com\\\/fr\\\/revendeur-epoxy-distributeur-resine-epoxy-haut-de-gamme\\\/\"]}]},{\"@type\":\"ImageObject\",\"inLanguage\":\"fr-FR\",\"@id\":\"https:\\\/\\\/chillepoxy.com\\\/fr\\\/revendeur-epoxy-distributeur-resine-epoxy-haut-de-gamme\\\/#primaryimage\",\"url\":\"https:\\\/\\\/chillepoxy.com\\\/wp-content\\\/uploads\\\/2024\\\/04\\\/Bulk-240L-Casting-Epoxy-Resin.jpg\",\"contentUrl\":\"https:\\\/\\\/chillepoxy.com\\\/wp-content\\\/uploads\\\/2024\\\/04\\\/Bulk-240L-Casting-Epoxy-Resin.jpg\",\"width\":1920,\"height\":1920,\"caption\":\"R\u00e9sine \u00c9poxy de Coul\u00e9e Profonde Sans COV &amp; Non-Toxique | 240L (63,4 gallons) | Tables rivi\u00e8re 2\\\" d'\u00e9paisseur\"},{\"@type\":\"BreadcrumbList\",\"@id\":\"https:\\\/\\\/chillepoxy.com\\\/fr\\\/revendeur-epoxy-distributeur-resine-epoxy-haut-de-gamme\\\/#breadcrumb\",\"itemListElement\":[{\"@type\":\"ListItem\",\"position\":1,\"name\":\"Home\",\"item\":\"https:\\\/\\\/chillepoxy.com\\\/fr\\\/\"},{\"@type\":\"ListItem\",\"position\":2,\"name\":\"Revendeur \u00c9poxy | Distributeur R\u00e9sine \u00c9poxy Haut de Gamme\"}]},{\"@type\":\"WebSite\",\"@id\":\"https:\\\/\\\/chillepoxy.com\\\/fr\\\/#website\",\"url\":\"https:\\\/\\\/chillepoxy.com\\\/fr\\\/\",\"name\":\"CHILL EPOXY\u2122 High-Quality Canadian-Made Epoxy Resin\",\"description\":\"High-Quality Canadian-Made Epoxy Resin | Casting &amp; Art\",\"publisher\":{\"@id\":\"https:\\\/\\\/chillepoxy.com\\\/fr\\\/#organization\"},\"alternateName\":\"High-Quality Epoxy Resin\",\"potentialAction\":[{\"@type\":\"SearchAction\",\"target\":{\"@type\":\"EntryPoint\",\"urlTemplate\":\"https:\\\/\\\/chillepoxy.com\\\/fr\\\/?s={search_term_string}\"},\"query-input\":{\"@type\":\"PropertyValueSpecification\",\"valueRequired\":true,\"valueName\":\"search_term_string\"}}],\"inLanguage\":\"fr-FR\"},{\"@type\":\"Organization\",\"@id\":\"https:\\\/\\\/chillepoxy.com\\\/fr\\\/#organization\",\"name\":\"CHILL EPOXY\u2122\",\"alternateName\":\"High-Quality Canadian-Made Epoxy Resin\",\"url\":\"https:\\\/\\\/chillepoxy.com\\\/fr\\\/\",\"logo\":{\"@type\":\"ImageObject\",\"inLanguage\":\"fr-FR\",\"@id\":\"https:\\\/\\\/chillepoxy.com\\\/fr\\\/#\\\/schema\\\/logo\\\/image\\\/\",\"url\":\"https:\\\/\\\/i0.wp.com\\\/chillepoxy.com\\\/wp-content\\\/uploads\\\/2024\\\/02\\\/polymeres_technologies.png?fit=649%2C649&ssl=1\",\"contentUrl\":\"https:\\\/\\\/i0.wp.com\\\/chillepoxy.com\\\/wp-content\\\/uploads\\\/2024\\\/02\\\/polymeres_technologies.png?fit=649%2C649&ssl=1\",\"width\":649,\"height\":649,\"caption\":\"CHILL EPOXY\u2122\"},\"image\":{\"@id\":\"https:\\\/\\\/chillepoxy.com\\\/fr\\\/#\\\/schema\\\/logo\\\/image\\\/\"},\"sameAs\":[\"https:\\\/\\\/www.facebook.com\\\/polymerestechnologies\\\/\",\"https:\\\/\\\/www.instagram.com\\\/polymeres_technologies\\\/\",\"https:\\\/\\\/www.linkedin.com\\\/company\\\/polymeres-technologies\\\/\",\"https:\\\/\\\/www.youtube.com\\\/channel\\\/UCDaFKmK4Hn3KPKmBaTXWong\"]},{\"@type\":\"Person\",\"@id\":\"https:\\\/\\\/chillepoxy.com\\\/fr\\\/#\\\/schema\\\/person\\\/b0424518212430c1767885e3f3cf1d45\",\"name\":\"jsroch\"}]}<\/script>\n<!-- \/ Yoast SEO Premium plugin. -->","yoast_head_json":{"title":"Revendeur \u00c9poxy | Distributeur R\u00e9sine \u00c9poxy Haut de Gamme CHILL EPOXY","description":"Revendeur \u00c9poxy | Distributeur R\u00e9sine \u00c9poxy Haut de Gamme. Vous souhaitez vendre de l\u2019\u00e9poxy de qualit\u00e9 sup\u00e9rieure? Devenez revendeur.","robots":{"index":"index","follow":"follow","max-snippet":"max-snippet:-1","max-image-preview":"max-image-preview:large","max-video-preview":"max-video-preview:-1"},"canonical":"https:\/\/chillepoxy.com\/fr\/revendeur-epoxy-distributeur-resine-epoxy-haut-de-gamme\/","og_locale":"fr_FR","og_type":"article","og_title":"Revendeur \u00c9poxy | Distributeur R\u00e9sine \u00c9poxy Haut de Gamme","og_description":"Revendeur \u00c9poxy | Distributeur R\u00e9sine \u00c9poxy Haut de Gamme. Vous souhaitez vendre de l\u2019\u00e9poxy de qualit\u00e9 sup\u00e9rieure? Devenez revendeur.","og_url":"https:\/\/chillepoxy.com\/fr\/revendeur-epoxy-distributeur-resine-epoxy-haut-de-gamme\/","og_site_name":"CHILL EPOXY","article_publisher":"https:\/\/www.facebook.com\/polymerestechnologies\/","article_modified_time":"2025-04-03T19:55:56+00:00","og_image":[{"width":1920,"height":1920,"url":"https:\/\/chillepoxy.com\/wp-content\/uploads\/2024\/04\/Bulk-240L-Casting-Epoxy-Resin.jpg","type":"image\/jpeg"}],"twitter_card":"summary_large_image","twitter_misc":{"Dur\u00e9e de lecture estim\u00e9e":"1 minute"},"schema":{"@context":"https:\/\/schema.org","@graph":[{"@type":"Article","@id":"https:\/\/chillepoxy.com\/fr\/revendeur-epoxy-distributeur-resine-epoxy-haut-de-gamme\/#article","isPartOf":{"@id":"https:\/\/chillepoxy.com\/fr\/revendeur-epoxy-distributeur-resine-epoxy-haut-de-gamme\/"},"author":{"name":"jsroch","@id":"https:\/\/chillepoxy.com\/fr\/#\/schema\/person\/b0424518212430c1767885e3f3cf1d45"},"headline":"Revendeur \u00c9poxy | Distributeur R\u00e9sine \u00c9poxy Haut de Gamme","datePublished":"2021-12-20T20:13:28+00:00","dateModified":"2025-04-03T19:55:56+00:00","mainEntityOfPage":{"@id":"https:\/\/chillepoxy.com\/fr\/revendeur-epoxy-distributeur-resine-epoxy-haut-de-gamme\/"},"wordCount":119,"publisher":{"@id":"https:\/\/chillepoxy.com\/fr\/#organization"},"image":{"@id":"https:\/\/chillepoxy.com\/fr\/revendeur-epoxy-distributeur-resine-epoxy-haut-de-gamme\/#primaryimage"},"thumbnailUrl":"https:\/\/chillepoxy.com\/wp-content\/uploads\/2024\/04\/Bulk-240L-Casting-Epoxy-Resin.jpg","inLanguage":"fr-FR"},{"@type":"WebPage","@id":"https:\/\/chillepoxy.com\/fr\/revendeur-epoxy-distributeur-resine-epoxy-haut-de-gamme\/","url":"https:\/\/chillepoxy.com\/fr\/revendeur-epoxy-distributeur-resine-epoxy-haut-de-gamme\/","name":"Revendeur \u00c9poxy | Distributeur R\u00e9sine \u00c9poxy Haut de Gamme CHILL EPOXY","isPartOf":{"@id":"https:\/\/chillepoxy.com\/fr\/#website"},"primaryImageOfPage":{"@id":"https:\/\/chillepoxy.com\/fr\/revendeur-epoxy-distributeur-resine-epoxy-haut-de-gamme\/#primaryimage"},"image":{"@id":"https:\/\/chillepoxy.com\/fr\/revendeur-epoxy-distributeur-resine-epoxy-haut-de-gamme\/#primaryimage"},"thumbnailUrl":"https:\/\/chillepoxy.com\/wp-content\/uploads\/2024\/04\/Bulk-240L-Casting-Epoxy-Resin.jpg","datePublished":"2021-12-20T20:13:28+00:00","dateModified":"2025-04-03T19:55:56+00:00","description":"Revendeur \u00c9poxy | Distributeur R\u00e9sine \u00c9poxy Haut de Gamme. Vous souhaitez vendre de l\u2019\u00e9poxy de qualit\u00e9 sup\u00e9rieure? Devenez revendeur.","breadcrumb":{"@id":"https:\/\/chillepoxy.com\/fr\/revendeur-epoxy-distributeur-resine-epoxy-haut-de-gamme\/#breadcrumb"},"inLanguage":"fr-FR","potentialAction":[{"@type":"ReadAction","target":["https:\/\/chillepoxy.com\/fr\/revendeur-epoxy-distributeur-resine-epoxy-haut-de-gamme\/"]}]},{"@type":"ImageObject","inLanguage":"fr-FR","@id":"https:\/\/chillepoxy.com\/fr\/revendeur-epoxy-distributeur-resine-epoxy-haut-de-gamme\/#primaryimage","url":"https:\/\/chillepoxy.com\/wp-content\/uploads\/2024\/04\/Bulk-240L-Casting-Epoxy-Resin.jpg","contentUrl":"https:\/\/chillepoxy.com\/wp-content\/uploads\/2024\/04\/Bulk-240L-Casting-Epoxy-Resin.jpg","width":1920,"height":1920,"caption":"R\u00e9sine \u00c9poxy de Coul\u00e9e Profonde Sans COV &amp; Non-Toxique | 240L (63,4 gallons) | Tables rivi\u00e8re 2\" d'\u00e9paisseur"},{"@type":"BreadcrumbList","@id":"https:\/\/chillepoxy.com\/fr\/revendeur-epoxy-distributeur-resine-epoxy-haut-de-gamme\/#breadcrumb","itemListElement":[{"@type":"ListItem","position":1,"name":"Home","item":"https:\/\/chillepoxy.com\/fr\/"},{"@type":"ListItem","position":2,"name":"Revendeur \u00c9poxy | Distributeur R\u00e9sine \u00c9poxy Haut de Gamme"}]},{"@type":"WebSite","@id":"https:\/\/chillepoxy.com\/fr\/#website","url":"https:\/\/chillepoxy.com\/fr\/","name":"CHILL EPOXY\u2122 High-Quality Canadian-Made Epoxy Resin","description":"High-Quality Canadian-Made Epoxy Resin | Casting &amp; Art","publisher":{"@id":"https:\/\/chillepoxy.com\/fr\/#organization"},"alternateName":"High-Quality Epoxy Resin","potentialAction":[{"@type":"SearchAction","target":{"@type":"EntryPoint","urlTemplate":"https:\/\/chillepoxy.com\/fr\/?s={search_term_string}"},"query-input":{"@type":"PropertyValueSpecification","valueRequired":true,"valueName":"search_term_string"}}],"inLanguage":"fr-FR"},{"@type":"Organization","@id":"https:\/\/chillepoxy.com\/fr\/#organization","name":"CHILL EPOXY\u2122","alternateName":"High-Quality Canadian-Made Epoxy Resin","url":"https:\/\/chillepoxy.com\/fr\/","logo":{"@type":"ImageObject","inLanguage":"fr-FR","@id":"https:\/\/chillepoxy.com\/fr\/#\/schema\/logo\/image\/","url":"https:\/\/i0.wp.com\/chillepoxy.com\/wp-content\/uploads\/2024\/02\/polymeres_technologies.png?fit=649%2C649&ssl=1","contentUrl":"https:\/\/i0.wp.com\/chillepoxy.com\/wp-content\/uploads\/2024\/02\/polymeres_technologies.png?fit=649%2C649&ssl=1","width":649,"height":649,"caption":"CHILL EPOXY\u2122"},"image":{"@id":"https:\/\/chillepoxy.com\/fr\/#\/schema\/logo\/image\/"},"sameAs":["https:\/\/www.facebook.com\/polymerestechnologies\/","https:\/\/www.instagram.com\/polymeres_technologies\/","https:\/\/www.linkedin.com\/company\/polymeres-technologies\/","https:\/\/www.youtube.com\/channel\/UCDaFKmK4Hn3KPKmBaTXWong"]},{"@type":"Person","@id":"https:\/\/chillepoxy.com\/fr\/#\/schema\/person\/b0424518212430c1767885e3f3cf1d45","name":"jsroch"}]}},"jetpack_sharing_enabled":true,"jetpack_likes_enabled":false,"_links":{"self":[{"href":"https:\/\/chillepoxy.com\/fr\/wp-json\/wp\/v2\/pages\/12348","targetHints":{"allow":["GET"]}}],"collection":[{"href":"https:\/\/chillepoxy.com\/fr\/wp-json\/wp\/v2\/pages"}],"about":[{"href":"https:\/\/chillepoxy.com\/fr\/wp-json\/wp\/v2\/types\/page"}],"author":[{"embeddable":true,"href":"https:\/\/chillepoxy.com\/fr\/wp-json\/wp\/v2\/users\/1"}],"replies":[{"embeddable":true,"href":"https:\/\/chillepoxy.com\/fr\/wp-json\/wp\/v2\/comments?post=12348"}],"version-history":[{"count":0,"href":"https:\/\/chillepoxy.com\/fr\/wp-json\/wp\/v2\/pages\/12348\/revisions"}],"wp:featuredmedia":[{"embeddable":true,"href":"https:\/\/chillepoxy.com\/fr\/wp-json\/wp\/v2\/media\/28045"}],"wp:attachment":[{"href":"https:\/\/chillepoxy.com\/fr\/wp-json\/wp\/v2\/media?parent=12348"}],"curies":[{"name":"wp","href":"https:\/\/api.w.org\/{rel}","templated":true}]}}