{"id":23828,"date":"2023-03-30T07:06:43","date_gmt":"2023-03-30T11:06:43","guid":{"rendered":"https:\/\/chillepoxy.com\/expedition\/"},"modified":"2023-05-17T16:57:56","modified_gmt":"2023-05-17T20:57:56","slug":"expedition","status":"publish","type":"page","link":"https:\/\/chillepoxy.com\/fr\/expedition\/","title":{"rendered":"Exp\u00e9dition"},"content":{"rendered":"\n\t<section class=\"section\" id=\"section_486366522\">\n\t\t<div class=\"section-bg fill\" >\n\t\t\t\t\t\t\t\t\t\n\t\t\t\n\n\t\t<\/div>\n\n\t\t\n\n\t\t<div class=\"section-content relative\">\n\t\t\t\n<div class=\"row\" style=\"max-width:1200px\" id=\"row-151240532\">\n\n\t<div id=\"col-1722986160\" class=\"col medium-5 small-12 large-5\"  >\n\t\t\t\t<div class=\"col-inner\"  >\n\t\t\t\n\t\t\t\n\t<div id=\"gap-159899485\" class=\"gap-element clearfix\" style=\"display:block; height:auto;\">\n\t\t\n<style>\n#gap-159899485 {\n  padding-top: 0px;\n}\n@media (min-width:850px) {\n  #gap-159899485 {\n    padding-top: 30px;\n  }\n}\n<\/style>\n\t<\/div>\n\t\n\t<div class=\"img has-hover x md-x lg-x y md-y lg-y\" id=\"image_363750386\">\n\t\t\t\t\t\t\t\t<div class=\"img-inner dark\" >\n\t\t\t<img loading=\"lazy\" decoding=\"async\" width=\"1920\" height=\"1536\" src=\"https:\/\/chillepoxy.com\/wp-content\/uploads\/2023\/03\/PolymeresTechnologies_Mockup_Boite_Palette_Lift_V1JUIL20-Copy.jpg\" class=\"attachment-original size-original\" alt=\"\" srcset=\"https:\/\/chillepoxy.com\/wp-content\/uploads\/2023\/03\/PolymeresTechnologies_Mockup_Boite_Palette_Lift_V1JUIL20-Copy.jpg 1920w, https:\/\/chillepoxy.com\/wp-content\/uploads\/2023\/03\/PolymeresTechnologies_Mockup_Boite_Palette_Lift_V1JUIL20-Copy-600x480.jpg 600w, https:\/\/chillepoxy.com\/wp-content\/uploads\/2023\/03\/PolymeresTechnologies_Mockup_Boite_Palette_Lift_V1JUIL20-Copy-1200x960.jpg 1200w\" sizes=\"auto, (max-width: 1920px) 100vw, 1920px\" \/>\t\t\t\t\t\t\n\t\t\t\t\t<\/div>\n\t\t\t\t\t\t\t\t\n<style>\n#image_363750386 {\n  width: 100%;\n}\n<\/style>\n\t<\/div>\n\t\n\t\t<\/div>\n\t\t\t\t\t<\/div>\n\n\t\n\n\t<div id=\"col-1414224817\" class=\"col medium-12 small-12 large-7\"  >\n\t\t\t\t<div class=\"col-inner\"  >\n\t\t\t\n\t\t\t\n\t<div id=\"gap-551636422\" class=\"gap-element clearfix\" style=\"display:block; height:auto;\">\n\t\t\n<style>\n#gap-551636422 {\n  padding-top: 30px;\n}\n<\/style>\n\t<\/div>\n\t\n\t<div id=\"text-527640283\" class=\"text\">\n\t\t\n<h6>Boutique en ligne www.chillepoxy.com<\/h6>\n\t\t\n<style>\n#text-527640283 {\n  font-size: 1rem;\n}\n@media (min-width:550px) {\n  #text-527640283 {\n    font-size: 1.25rem;\n  }\n}\n<\/style>\n\t<\/div>\n\t\n\t<div id=\"text-678607657\" class=\"text\">\n\t\t\n<h1>EXP\u00c9DITION<\/h1>\n\t\t\n<style>\n#text-678607657 {\n  font-size: 2.5rem;\n}\n@media (min-width:550px) {\n  #text-678607657 {\n    font-size: 3rem;\n  }\n}\n<\/style>\n\t<\/div>\n\t\n\t<div class=\"img has-hover x md-x lg-x y md-y lg-y\" id=\"image_613417559\">\n\t\t\t\t\t\t\t\t<div class=\"img-inner dark\" >\n\t\t\t<img loading=\"lazy\" decoding=\"async\" width=\"1920\" height=\"1067\" src=\"https:\/\/chillepoxy.com\/wp-content\/uploads\/2023\/03\/PolymeresTechnologies_Mockup_Camion_2_V1SEPT20-Copy-Copy.jpg\" class=\"attachment-original size-original\" alt=\"\" srcset=\"https:\/\/chillepoxy.com\/wp-content\/uploads\/2023\/03\/PolymeresTechnologies_Mockup_Camion_2_V1SEPT20-Copy-Copy.jpg 1920w, https:\/\/chillepoxy.com\/wp-content\/uploads\/2023\/03\/PolymeresTechnologies_Mockup_Camion_2_V1SEPT20-Copy-Copy-600x333.jpg 600w, https:\/\/chillepoxy.com\/wp-content\/uploads\/2023\/03\/PolymeresTechnologies_Mockup_Camion_2_V1SEPT20-Copy-Copy-1200x667.jpg 1200w\" sizes=\"auto, (max-width: 1920px) 100vw, 1920px\" \/>\t\t\t\t\t\t\n\t\t\t\t\t<\/div>\n\t\t\t\t\t\t\t\t\n<style>\n#image_613417559 {\n  width: 100%;\n}\n<\/style>\n\t<\/div>\n\t\n\t\t<\/div>\n\t\t\t\t\n<style>\n#col-1414224817 > .col-inner {\n  padding: 0px 0px 0px 0;\n}\n@media (min-width:550px) {\n  #col-1414224817 > .col-inner {\n    padding: 0px 0px 0px 30px;\n  }\n}\n<\/style>\n\t<\/div>\n\n\t\n<\/div>\n\t\t<\/div>\n\n\t\t\n<style>\n#section_486366522 {\n  padding-top: 30px;\n  padding-bottom: 30px;\n  min-height: 300px;\n}\n@media (min-width:550px) {\n  #section_486366522 {\n    min-height: 450px;\n  }\n}\n@media (min-width:850px) {\n  #section_486366522 {\n    min-height: 500px;\n  }\n}\n<\/style>\n\t<\/section>\n\t\n<div class=\"row\" style=\"max-width:1200px\" id=\"row-303701483\">\n\n\t<div id=\"col-1108047399\" class=\"col medium-12 small-12 large-3\"  >\n\t\t\t\t<div class=\"col-inner\"  >\n\t\t\t\n\t\t\t\n\n  <div class=\"banner has-hover\" id=\"banner-1152781708\">\n          <div class=\"banner-inner fill\">\n        <div class=\"banner-bg fill\" >\n                                                \n                    <\/div>\n\t\t\n        <div class=\"banner-layers container\">\n            <div class=\"fill banner-link\"><\/div>            \n        <\/div>\n      <\/div>\n\n            \n<style>\n#banner-1152781708 {\n  padding-top: 300px;\n  background-color: rgb(255, 255, 255);\n}\n@media (min-width:550px) {\n  #banner-1152781708 {\n    padding-top: 500px;\n  }\n}\n@media (min-width:850px) {\n  #banner-1152781708 {\n    padding-top: 650px;\n  }\n}\n<\/style>\n  <\/div>\n\n\n\t<div id=\"gap-2063981664\" class=\"gap-element clearfix\" style=\"display:block; height:auto;\">\n\t\t\n<style>\n#gap-2063981664 {\n  padding-top: 0px;\n}\n@media (min-width:850px) {\n  #gap-2063981664 {\n    padding-top: 100px;\n  }\n}\n<\/style>\n\t<\/div>\n\t\n\t\t<\/div>\n\t\t\t\t\n<style>\n#col-1108047399 > .col-inner {\n  margin: -100px 0px 0px 0px;\n}\n@media (min-width:550px) {\n  #col-1108047399 > .col-inner {\n    margin: -150px 0px 0px 0px;\n  }\n}\n@media (min-width:850px) {\n  #col-1108047399 > .col-inner {\n    margin: -400px 0px 0px 0px;\n  }\n}\n<\/style>\n\t<\/div>\n\n\t\n\n\t<div id=\"col-616693388\" class=\"col medium-11 small-12 large-9\"  >\n\t\t\t\t<div class=\"col-inner\"  >\n\t\t\t\n\t\t\t\n<p>Politique d&rsquo;exp\u00e9dition :<\/p>\n<p>Dans notre boutique en ligne de r\u00e9sine \u00e9poxy, nous nous effor\u00e7ons de rendre le processus d&rsquo;exp\u00e9dition aussi transparent et simple que possible pour nos clients. Nous offrons des services d&rsquo;exp\u00e9dition dans la plupart des endroits du monde, et nos tarifs d&rsquo;exp\u00e9dition sont calcul\u00e9s en fonction du poids et de la taille des produits que vous commandez, ainsi que de votre emplacement.<\/p>\n<p>Chez Polym\u00e8res Technologies, nous nous engageons \u00e0 fournir \u00e0 nos clients des produits \u00e9poxy de haute qualit\u00e9 et un service client exceptionnel. Cette page d\u00e9crit notre politique d&rsquo;exp\u00e9dition pour s&rsquo;assurer que vous avez une compr\u00e9hension claire de la fa\u00e7on dont nous traitons et livrons les commandes.<\/p>\n<p><strong>D\u00e9lai de traitement :<\/strong> Notre d\u00e9lai de traitement des commandes est g\u00e9n\u00e9ralement de 1 \u00e0 2 jours ouvrables. Pendant les hautes saisons, les d\u00e9lais de traitement peuvent \u00eatre plus longs, mais nous ferons de notre mieux pour vous tenir inform\u00e9 de tout retard.<\/p>\n<p>Toutes les commandes re\u00e7ues avant 13h00 HNE les jours pris (du lundi au vendredi, hors jours f\u00e9ri\u00e9s) seront trait\u00e9es et exp\u00e9di\u00e9es le m\u00eame jour. Les commandes re\u00e7ues apr\u00e8s 13 h 00 HNE seront trait\u00e9es et exp\u00e9di\u00e9es le jour ouvrable suivant.<\/p>\n<p><strong>Options d&rsquo;exp\u00e9dition :<\/strong> Lors du paiement, les options d&rsquo;exp\u00e9dition appara\u00eetront en fonction de votre emplacement. Nous offrons des options d&rsquo;exp\u00e9dition pour le Canada, les \u00c9tats-Unis et partout ailleurs dans le monde. Les tarifs d&rsquo;exp\u00e9dition et les d\u00e9lais de livraison estim\u00e9s varient en fonction de la destination et du mode d&rsquo;exp\u00e9dition s\u00e9lectionn\u00e9.<\/p>\n<p><strong>D\u00e9lai d&rsquo;exp\u00e9dition :<\/strong> Le d\u00e9lai d&rsquo;exp\u00e9dition peut varier en fonction de votre emplacement et de la m\u00e9thode d&rsquo;exp\u00e9dition que vous choisissez. Nous offrons une gamme d&rsquo;options d&rsquo;exp\u00e9dition, y compris l&rsquo;exp\u00e9dition standard, acc\u00e9l\u00e9r\u00e9e et le lendemain. Les d\u00e9lais d&rsquo;exp\u00e9dition estim\u00e9s sont les suivants :<\/p>\n<ul>\n<li>Exp\u00e9dition standard : 3 \u00e0 7 jours ouvrables<\/li>\n<li>Exp\u00e9dition acc\u00e9l\u00e9r\u00e9e : 2-3 jours ouvrables<\/li>\n<li>Exp\u00e9dition de nuit : 1-2 jours ouvrables * cher et sans garantie<\/li>\n<\/ul>\n<p>Veuillez noter qu&rsquo;il s&rsquo;agit de d\u00e9lais d&rsquo;exp\u00e9dition estim\u00e9s et qu&rsquo;ils peuvent varier en fonction de votre emplacement et d&rsquo;autres facteurs ind\u00e9pendants de notre volont\u00e9. Nous vous fournirons un num\u00e9ro de suivi une fois votre commande exp\u00e9di\u00e9e afin que vous puissiez suivre son \u00e9volution.<\/p>\n<p><strong>Exp\u00e9dition internationale : Nous proposons des exp\u00e9ditions internationales vers la plupart des destinations dans le monde. <\/strong> Les commandes internationales peuvent \u00eatre soumises \u00e0 des droits de douane, des taxes et d&rsquo;autres frais qui ne sont pas inclus dans le total de la commande. Ces frais sont \u00e0 la charge du destinataire et ne sont pas per\u00e7us par Polymeres Technologies. Veuillez v\u00e9rifier aupr\u00e8s de votre bureau de douane local pour plus d&rsquo;informations sur ces frais.<\/p>\n<p><strong>Tarifs d&rsquo;exp\u00e9dition :<\/strong> Nos tarifs d&rsquo;exp\u00e9dition sont calcul\u00e9s en fonction du poids et de la taille des produits que vous commandez, ainsi que de votre emplacement. Les tarifs d&rsquo;exp\u00e9dition seront affich\u00e9s \u00e0 la caisse avant de finaliser votre achat. Nous offrons \u00e9galement la livraison gratuite pour les commandes sup\u00e9rieures \u00e0 un certain montant, qui peut varier en fonction de votre emplacement.<\/p>\n<p><strong>Protection des commandes :<\/strong> Nous prenons des pr\u00e9cautions suppl\u00e9mentaires pour nous assurer que votre commande est prot\u00e9g\u00e9e pendant l&rsquo;exp\u00e9dition. Tous les articles sont soigneusement emball\u00e9s pour \u00e9viter tout dommage pendant le transport. Si des dommages surviennent pendant l&rsquo;exp\u00e9dition, veuillez nous contacter imm\u00e9diatement \u00e0 <a href=\"mailto:sales@polymerestechnologies.com\" target=\"_new\" rel=\"noopener\">sales@polymerestechnologies.com<\/a>, et nous travaillerons avec vous pour r\u00e9soudre le probl\u00e8me.<\/p>\n<p><strong>Dommages d&rsquo;exp\u00e9dition :<\/strong> Dans le cas peu probable o\u00f9 votre commande arriverait endommag\u00e9e pendant l&rsquo;exp\u00e9dition, veuillez nous contacter imm\u00e9diatement afin que nous puissions vous aider avec un remplacement ou un remboursement. Nous pouvons exiger des photos de l&rsquo;article endommag\u00e9 et de l&#8217;emballage pour d\u00e9poser une r\u00e9clamation aupr\u00e8s du transporteur.<\/p>\n<p><strong>Restrictions d&rsquo;exp\u00e9dition :<\/strong> En raison de la nature de la r\u00e9sine \u00e9poxy, il peut y avoir des restrictions d&rsquo;exp\u00e9dition dans certains endroits. Nous ferons de notre mieux pour vous informer de toute restriction avant de finaliser votre achat.<\/p>\n<p><strong>Informations de suivi :<\/strong> Une fois votre commande exp\u00e9di\u00e9e, vous recevrez un e-mail avec les informations de suivi. Vous pouvez utiliser ces informations pour suivre l&rsquo;\u00e9tat de livraison de votre commande.<\/p>\n<p><strong>Contactez-nous :<\/strong> Si vous avez des questions ou des pr\u00e9occupations concernant votre commande ou l&rsquo;exp\u00e9dition, veuillez nous contacter \u00e0 <a href=\"mailto:sales@polymerestechnologies.com\" target=\"_new\" rel=\"noopener\">ventes@polymerestechnologies.com.<\/a> Notre \u00e9quipe de service \u00e0 la client\u00e8le est disponible pour vous aider avec toutes les questions ou pr\u00e9occupations que vous pourriez avoir.<\/p>\n<p>N&rsquo;h\u00e9sitez pas \u00e0 nous contacter si vous avez des questions ou des pr\u00e9occupations concernant notre politique d&rsquo;exp\u00e9dition.<\/p>\n<p>Merci d&rsquo;avoir choisi Polym\u00e8res Technologies. Nous appr\u00e9cions votre entreprise et nous nous r\u00e9jouissons de vous servir.<\/p>\n<\/p>\n\t<div class=\"img has-hover x md-x lg-x y md-y lg-y\" id=\"image_651687415\">\n\t\t\t\t\t\t\t\t<div class=\"img-inner dark\" >\n\t\t\t<img loading=\"lazy\" decoding=\"async\" width=\"1020\" height=\"527\" src=\"https:\/\/chillepoxy.com\/wp-content\/uploads\/2023\/03\/PolymeresTechnologies_Mockup_Camion_1_V1SEPT20.jpg\" class=\"attachment-large size-large\" alt=\"\" srcset=\"https:\/\/chillepoxy.com\/wp-content\/uploads\/2023\/03\/PolymeresTechnologies_Mockup_Camion_1_V1SEPT20.jpg 1920w, https:\/\/chillepoxy.com\/wp-content\/uploads\/2023\/03\/PolymeresTechnologies_Mockup_Camion_1_V1SEPT20-600x310.jpg 600w, https:\/\/chillepoxy.com\/wp-content\/uploads\/2023\/03\/PolymeresTechnologies_Mockup_Camion_1_V1SEPT20-1200x620.jpg 1200w\" sizes=\"auto, (max-width: 1020px) 100vw, 1020px\" \/>\t\t\t\t\t\t\n\t\t\t\t\t<\/div>\n\t\t\t\t\t\t\t\t\n<style>\n#image_651687415 {\n  width: 100%;\n}\n<\/style>\n\t<\/div>\n\t\n\t\t<\/div>\n\t\t\t\t\n<style>\n#col-616693388 > .col-inner {\n  padding: 0px 0px 0px 0;\n}\n@media (min-width:550px) {\n  #col-616693388 > .col-inner {\n    padding: 0px 0px 0px 30px;\n  }\n}\n<\/style>\n\t<\/div>\n\n\t\n<\/div>\n","protected":false},"excerpt":{"rendered":"","protected":false},"author":2,"featured_media":0,"parent":0,"menu_order":0,"comment_status":"closed","ping_status":"closed","template":"","meta":{"footnotes":""},"class_list":["post-23828","page","type-page","status-publish","hentry"],"yoast_head":"<!-- This site is optimized with the Yoast SEO Premium plugin v27.3 (Yoast SEO v27.3) - https:\/\/yoast.com\/product\/yoast-seo-premium-wordpress\/ -->\n<title>Exp\u00e9dition - CHILL EPOXY<\/title>\n<meta name=\"robots\" content=\"index, follow, max-snippet:-1, max-image-preview:large, max-video-preview:-1\" \/>\n<link rel=\"canonical\" href=\"https:\/\/chillepoxy.com\/fr\/expedition\/\" \/>\n<meta property=\"og:locale\" content=\"fr_FR\" \/>\n<meta property=\"og:type\" content=\"article\" \/>\n<meta property=\"og:title\" content=\"Exp\u00e9dition\" \/>\n<meta property=\"og:url\" content=\"https:\/\/chillepoxy.com\/fr\/expedition\/\" \/>\n<meta property=\"og:site_name\" content=\"CHILL EPOXY\" \/>\n<meta property=\"article:publisher\" content=\"https:\/\/www.facebook.com\/polymerestechnologies\/\" \/>\n<meta property=\"article:modified_time\" content=\"2023-05-17T20:57:56+00:00\" \/>\n<meta property=\"og:image\" content=\"https:\/\/chillepoxy.com\/wp-content\/uploads\/2024\/02\/CHILL-EPOXY.png\" \/>\n\t<meta property=\"og:image:width\" content=\"1200\" \/>\n\t<meta property=\"og:image:height\" content=\"675\" \/>\n\t<meta property=\"og:image:type\" content=\"image\/png\" \/>\n<meta name=\"twitter:card\" content=\"summary_large_image\" \/>\n<meta name=\"twitter:label1\" content=\"Dur\u00e9e de lecture estim\u00e9e\" \/>\n\t<meta name=\"twitter:data1\" content=\"5 minutes\" \/>\n<script type=\"application\/ld+json\" class=\"yoast-schema-graph\">{\"@context\":\"https:\\\/\\\/schema.org\",\"@graph\":[{\"@type\":\"Article\",\"@id\":\"https:\\\/\\\/chillepoxy.com\\\/fr\\\/expedition\\\/#article\",\"isPartOf\":{\"@id\":\"https:\\\/\\\/chillepoxy.com\\\/fr\\\/expedition\\\/\"},\"author\":{\"name\":\"Jean-David Roy\",\"@id\":\"https:\\\/\\\/chillepoxy.com\\\/fr\\\/#\\\/schema\\\/person\\\/1a2e6651dd7e0e3c1a1cc78c8609059b\"},\"headline\":\"Exp\u00e9dition\",\"datePublished\":\"2023-03-30T11:06:43+00:00\",\"dateModified\":\"2023-05-17T20:57:56+00:00\",\"mainEntityOfPage\":{\"@id\":\"https:\\\/\\\/chillepoxy.com\\\/fr\\\/expedition\\\/\"},\"wordCount\":1019,\"publisher\":{\"@id\":\"https:\\\/\\\/chillepoxy.com\\\/fr\\\/#organization\"},\"inLanguage\":\"fr-FR\"},{\"@type\":\"WebPage\",\"@id\":\"https:\\\/\\\/chillepoxy.com\\\/fr\\\/expedition\\\/\",\"url\":\"https:\\\/\\\/chillepoxy.com\\\/fr\\\/expedition\\\/\",\"name\":\"Exp\u00e9dition - CHILL EPOXY\",\"isPartOf\":{\"@id\":\"https:\\\/\\\/chillepoxy.com\\\/fr\\\/#website\"},\"datePublished\":\"2023-03-30T11:06:43+00:00\",\"dateModified\":\"2023-05-17T20:57:56+00:00\",\"breadcrumb\":{\"@id\":\"https:\\\/\\\/chillepoxy.com\\\/fr\\\/expedition\\\/#breadcrumb\"},\"inLanguage\":\"fr-FR\",\"potentialAction\":[{\"@type\":\"ReadAction\",\"target\":[\"https:\\\/\\\/chillepoxy.com\\\/fr\\\/expedition\\\/\"]}]},{\"@type\":\"BreadcrumbList\",\"@id\":\"https:\\\/\\\/chillepoxy.com\\\/fr\\\/expedition\\\/#breadcrumb\",\"itemListElement\":[{\"@type\":\"ListItem\",\"position\":1,\"name\":\"Home\",\"item\":\"https:\\\/\\\/chillepoxy.com\\\/fr\\\/\"},{\"@type\":\"ListItem\",\"position\":2,\"name\":\"Exp\u00e9dition\"}]},{\"@type\":\"WebSite\",\"@id\":\"https:\\\/\\\/chillepoxy.com\\\/fr\\\/#website\",\"url\":\"https:\\\/\\\/chillepoxy.com\\\/fr\\\/\",\"name\":\"CHILL EPOXY\u2122 High-Quality Canadian-Made Epoxy Resin\",\"description\":\"High-Quality Canadian-Made Epoxy Resin | Casting &amp; Art\",\"publisher\":{\"@id\":\"https:\\\/\\\/chillepoxy.com\\\/fr\\\/#organization\"},\"alternateName\":\"High-Quality Epoxy Resin\",\"potentialAction\":[{\"@type\":\"SearchAction\",\"target\":{\"@type\":\"EntryPoint\",\"urlTemplate\":\"https:\\\/\\\/chillepoxy.com\\\/fr\\\/?s={search_term_string}\"},\"query-input\":{\"@type\":\"PropertyValueSpecification\",\"valueRequired\":true,\"valueName\":\"search_term_string\"}}],\"inLanguage\":\"fr-FR\"},{\"@type\":\"Organization\",\"@id\":\"https:\\\/\\\/chillepoxy.com\\\/fr\\\/#organization\",\"name\":\"CHILL EPOXY\u2122\",\"alternateName\":\"High-Quality Canadian-Made Epoxy Resin\",\"url\":\"https:\\\/\\\/chillepoxy.com\\\/fr\\\/\",\"logo\":{\"@type\":\"ImageObject\",\"inLanguage\":\"fr-FR\",\"@id\":\"https:\\\/\\\/chillepoxy.com\\\/fr\\\/#\\\/schema\\\/logo\\\/image\\\/\",\"url\":\"https:\\\/\\\/i0.wp.com\\\/chillepoxy.com\\\/wp-content\\\/uploads\\\/2024\\\/02\\\/polymeres_technologies.png?fit=649%2C649&ssl=1\",\"contentUrl\":\"https:\\\/\\\/i0.wp.com\\\/chillepoxy.com\\\/wp-content\\\/uploads\\\/2024\\\/02\\\/polymeres_technologies.png?fit=649%2C649&ssl=1\",\"width\":649,\"height\":649,\"caption\":\"CHILL EPOXY\u2122\"},\"image\":{\"@id\":\"https:\\\/\\\/chillepoxy.com\\\/fr\\\/#\\\/schema\\\/logo\\\/image\\\/\"},\"sameAs\":[\"https:\\\/\\\/www.facebook.com\\\/polymerestechnologies\\\/\",\"https:\\\/\\\/www.instagram.com\\\/polymeres_technologies\\\/\",\"https:\\\/\\\/www.linkedin.com\\\/company\\\/polymeres-technologies\\\/\",\"https:\\\/\\\/www.youtube.com\\\/channel\\\/UCDaFKmK4Hn3KPKmBaTXWong\"]},{\"@type\":\"Person\",\"@id\":\"https:\\\/\\\/chillepoxy.com\\\/fr\\\/#\\\/schema\\\/person\\\/1a2e6651dd7e0e3c1a1cc78c8609059b\",\"name\":\"Jean-David Roy\",\"sameAs\":[\"http:\\\/\\\/www.chillepoxy.com\",\"@polymeres_technologies\"]}]}<\/script>\n<!-- \/ Yoast SEO Premium plugin. -->","yoast_head_json":{"title":"Exp\u00e9dition - CHILL EPOXY","robots":{"index":"index","follow":"follow","max-snippet":"max-snippet:-1","max-image-preview":"max-image-preview:large","max-video-preview":"max-video-preview:-1"},"canonical":"https:\/\/chillepoxy.com\/fr\/expedition\/","og_locale":"fr_FR","og_type":"article","og_title":"Exp\u00e9dition","og_url":"https:\/\/chillepoxy.com\/fr\/expedition\/","og_site_name":"CHILL EPOXY","article_publisher":"https:\/\/www.facebook.com\/polymerestechnologies\/","article_modified_time":"2023-05-17T20:57:56+00:00","og_image":[{"width":1200,"height":675,"url":"https:\/\/chillepoxy.com\/wp-content\/uploads\/2024\/02\/CHILL-EPOXY.png","type":"image\/png"}],"twitter_card":"summary_large_image","twitter_misc":{"Dur\u00e9e de lecture estim\u00e9e":"5 minutes"},"schema":{"@context":"https:\/\/schema.org","@graph":[{"@type":"Article","@id":"https:\/\/chillepoxy.com\/fr\/expedition\/#article","isPartOf":{"@id":"https:\/\/chillepoxy.com\/fr\/expedition\/"},"author":{"name":"Jean-David Roy","@id":"https:\/\/chillepoxy.com\/fr\/#\/schema\/person\/1a2e6651dd7e0e3c1a1cc78c8609059b"},"headline":"Exp\u00e9dition","datePublished":"2023-03-30T11:06:43+00:00","dateModified":"2023-05-17T20:57:56+00:00","mainEntityOfPage":{"@id":"https:\/\/chillepoxy.com\/fr\/expedition\/"},"wordCount":1019,"publisher":{"@id":"https:\/\/chillepoxy.com\/fr\/#organization"},"inLanguage":"fr-FR"},{"@type":"WebPage","@id":"https:\/\/chillepoxy.com\/fr\/expedition\/","url":"https:\/\/chillepoxy.com\/fr\/expedition\/","name":"Exp\u00e9dition - CHILL EPOXY","isPartOf":{"@id":"https:\/\/chillepoxy.com\/fr\/#website"},"datePublished":"2023-03-30T11:06:43+00:00","dateModified":"2023-05-17T20:57:56+00:00","breadcrumb":{"@id":"https:\/\/chillepoxy.com\/fr\/expedition\/#breadcrumb"},"inLanguage":"fr-FR","potentialAction":[{"@type":"ReadAction","target":["https:\/\/chillepoxy.com\/fr\/expedition\/"]}]},{"@type":"BreadcrumbList","@id":"https:\/\/chillepoxy.com\/fr\/expedition\/#breadcrumb","itemListElement":[{"@type":"ListItem","position":1,"name":"Home","item":"https:\/\/chillepoxy.com\/fr\/"},{"@type":"ListItem","position":2,"name":"Exp\u00e9dition"}]},{"@type":"WebSite","@id":"https:\/\/chillepoxy.com\/fr\/#website","url":"https:\/\/chillepoxy.com\/fr\/","name":"CHILL EPOXY\u2122 High-Quality Canadian-Made Epoxy Resin","description":"High-Quality Canadian-Made Epoxy Resin | Casting &amp; Art","publisher":{"@id":"https:\/\/chillepoxy.com\/fr\/#organization"},"alternateName":"High-Quality Epoxy Resin","potentialAction":[{"@type":"SearchAction","target":{"@type":"EntryPoint","urlTemplate":"https:\/\/chillepoxy.com\/fr\/?s={search_term_string}"},"query-input":{"@type":"PropertyValueSpecification","valueRequired":true,"valueName":"search_term_string"}}],"inLanguage":"fr-FR"},{"@type":"Organization","@id":"https:\/\/chillepoxy.com\/fr\/#organization","name":"CHILL EPOXY\u2122","alternateName":"High-Quality Canadian-Made Epoxy Resin","url":"https:\/\/chillepoxy.com\/fr\/","logo":{"@type":"ImageObject","inLanguage":"fr-FR","@id":"https:\/\/chillepoxy.com\/fr\/#\/schema\/logo\/image\/","url":"https:\/\/i0.wp.com\/chillepoxy.com\/wp-content\/uploads\/2024\/02\/polymeres_technologies.png?fit=649%2C649&ssl=1","contentUrl":"https:\/\/i0.wp.com\/chillepoxy.com\/wp-content\/uploads\/2024\/02\/polymeres_technologies.png?fit=649%2C649&ssl=1","width":649,"height":649,"caption":"CHILL EPOXY\u2122"},"image":{"@id":"https:\/\/chillepoxy.com\/fr\/#\/schema\/logo\/image\/"},"sameAs":["https:\/\/www.facebook.com\/polymerestechnologies\/","https:\/\/www.instagram.com\/polymeres_technologies\/","https:\/\/www.linkedin.com\/company\/polymeres-technologies\/","https:\/\/www.youtube.com\/channel\/UCDaFKmK4Hn3KPKmBaTXWong"]},{"@type":"Person","@id":"https:\/\/chillepoxy.com\/fr\/#\/schema\/person\/1a2e6651dd7e0e3c1a1cc78c8609059b","name":"Jean-David Roy","sameAs":["http:\/\/www.chillepoxy.com","@polymeres_technologies"]}]}},"jetpack_sharing_enabled":true,"jetpack_likes_enabled":false,"_links":{"self":[{"href":"https:\/\/chillepoxy.com\/fr\/wp-json\/wp\/v2\/pages\/23828","targetHints":{"allow":["GET"]}}],"collection":[{"href":"https:\/\/chillepoxy.com\/fr\/wp-json\/wp\/v2\/pages"}],"about":[{"href":"https:\/\/chillepoxy.com\/fr\/wp-json\/wp\/v2\/types\/page"}],"author":[{"embeddable":true,"href":"https:\/\/chillepoxy.com\/fr\/wp-json\/wp\/v2\/users\/2"}],"replies":[{"embeddable":true,"href":"https:\/\/chillepoxy.com\/fr\/wp-json\/wp\/v2\/comments?post=23828"}],"version-history":[{"count":0,"href":"https:\/\/chillepoxy.com\/fr\/wp-json\/wp\/v2\/pages\/23828\/revisions"}],"wp:attachment":[{"href":"https:\/\/chillepoxy.com\/fr\/wp-json\/wp\/v2\/media?parent=23828"}],"curies":[{"name":"wp","href":"https:\/\/api.w.org\/{rel}","templated":true}]}}