{"id":15949,"date":"2022-01-17T15:59:55","date_gmt":"2022-01-18T16:10:10","guid":{"rendered":"https:\/\/chillepoxy.com\/shop\/ensemble-epoxy-pour-effets-docean-et-vagues-kit-de-demarrage\/"},"modified":"2024-05-12T08:25:04","modified_gmt":"2024-05-12T12:25:04","slug":"epoxy-resin-ocean-beach-scene-kit","status":"publish","type":"product","link":"https:\/\/chillepoxy.com\/fr\/produit\/epoxy-resin-ocean-beach-scene-kit\/","title":{"rendered":"Kit de fabrication pour les sc\u00e8nes d&rsquo;oc\u00e9an et de plage en r\u00e9sine \u00e9poxy"},"content":{"rendered":"<h2>Cr\u00e9ez de superbes vagues oc\u00e9aniques avec CHILL 3D\u2122<\/h2>\n<p>\u00cates-vous un artiste \u00e0 la recherche d&rsquo;un support pour ajouter de la profondeur et de l&rsquo;\u00e9clat \u00e0 vos \u0153uvres d&rsquo;art sur le th\u00e8me des vagues oc\u00e9aniques ? Ne cherchez pas plus loin que le kit de sc\u00e8ne de plage oc\u00e9anique en r\u00e9sine \u00e9poxy &#8211; CHILL 3D\u2122. Avec sa viscosit\u00e9 moyenne et sa capacit\u00e9 \u00e0 cr\u00e9er de superbes \u00ab\u00a0effets de lacet\u00a0\u00bb et des \u00ab\u00a0sc\u00e8nes de plage\u00a0\u00bb sur des surfaces en bois, CHILL 3D\u2122 est la solution id\u00e9ale pour r\u00e9pondre \u00e0 vos besoins en mati\u00e8re d&rsquo;art sur le th\u00e8me des vagues oc\u00e9aniques. Le kit comprend tout ce dont vous avez besoin pour commencer, notamment 2L de r\u00e9sine CHILL 3D\u2122, des CHILL DROPS opaques en blanc, bleu royal et bleu ciel, ainsi que des CHILL PIGMENTS m\u00e9talliques en aqua, bleu et bleu clair.<\/p>\n<h2>Des comptoirs et des tables durables et peu d&rsquo;entretien<\/h2>\n<p>Recherchez-vous une solution durable et peu d&rsquo;entretien pour vos comptoirs et vos tables? Ne cherchez pas plus loin que CHILL 3D\u2122. Son rapport 1:1 produit une finition dure et durable avec une grande r\u00e9sistance au jaunissement et une r\u00e9sistance sup\u00e9rieure \u00e0 la chaleur et aux rayures. Sa viscosit\u00e9 moyenne facilite son application et ses propri\u00e9t\u00e9s d&rsquo;auto-nivellement le rendent parfait pour recouvrir des tranches de bois avec des bords vivants, des comptoirs ou des projets \u00e0 l&rsquo;ext\u00e9rieur des moules\/formes pour \u00e9viter la perte de mat\u00e9riau qui coule des bords. Il est \u00e9galement sp\u00e9cialement formul\u00e9 pour r\u00e9sister aux nettoyants de cuisine, ce qui en fait l&rsquo;id\u00e9al pour toute cuisine.<\/p>\n<h2>Utilisations polyvalentes et cr\u00e9atives de CHILL 3D\u2122<\/h2>\n<p>Le kit de sc\u00e8ne de plage oc\u00e9anique en r\u00e9sine \u00e9poxy &#8211; CHILL 3D\u2122 n&rsquo;est pas seulement destin\u00e9 \u00e0 l&rsquo;art sur le th\u00e8me des vagues oc\u00e9aniques et des comptoirs. Sa polyvalence s&rsquo;\u00e9tend \u00e0 d&rsquo;autres substrats tels que le b\u00e9ton, le bois et les m\u00e9taux, le rendant parfait pour tout projet cr\u00e9atif Avec la capacit\u00e9 d&rsquo;ajouter de la profondeur et de l&rsquo;\u00e9clat \u00e0 n&rsquo;importe quelle surface, CHILL 3D\u2122 est parfait pour cr\u00e9er des toiles uniques et accrocheuses, des dessus de bar et des projets de table.<\/p>\n<h3>Kit de sc\u00e8ne de plage oc\u00e9anique en r\u00e9sine \u00e9poxy &#8211; Le kit de d\u00e9marrage comprend :<\/h3>\n<ul>\n<li><span data-preserver-spaces=\"true\">CHILL 3D &#8211; Kit 2L (1L Partie \u00ab\u00a0A\u00a0\u00bb R\u00e9sine + 1L Partie \u00ab\u00a0B\u00a0\u00bb Durcisseur)<\/span><\/li>\n<li><span data-preserver-spaces=\"true\">3x CHILL DROPS &#8211; OPAQUE &#8211; Bouteille de 2oz (Blanc, Bleu Royal, Bleu Ciel)<\/span><\/li>\n<li><span data-preserver-spaces=\"true\">3x CHILL PIGMENTS &#8211; Flacon de pigments m\u00e9talliques de 1 oz (28 g) (Aqua, Bleu, Bleu clair)<\/span><\/li>\n<li>5x Contenants m\u00e9langeur &#8211; contenant de 16 oz<\/li>\n<li>1x Spatule M\u00e9tal 7.5&Prime;<\/li>\n<\/ul>\n<h4>Caract\u00e9ristiques:<\/h4>\n<ul>\n<li><span data-preserver-spaces=\"true\">Convient pour les comptoirs, les dessus de bar et les projets de table. C&rsquo;est aussi pour les toiles.<\/span><\/li>\n<li>Parfait pour cr\u00e9er des effets d&rsquo;oc\u00e9an et de vagues car la viscosit\u00e9 moyenne<\/li>\n<li><span data-preserver-spaces=\"true\">Excellent pour les \u00ab\u00a0effets de la\u00e7age\u00a0\u00bb et les \u00ab\u00a0sc\u00e8nes de plage\u00a0\u00bb sur les surfaces en bois ou autres surfaces lisses.<\/span><\/li>\n<li><span data-preserver-spaces=\"true\">Il est souvent utilis\u00e9 pour ajouter de la profondeur aux endroits sp\u00e9cifiques sur lesquels il est appliqu\u00e9<\/span><\/li>\n<li><span data-preserver-spaces=\"true\">100% solide et sans COV<\/span><\/li>\n<li>Sans danger pour les aliments, id\u00e9al pour le plateau de service en \u00e9poxy<\/li>\n<li><span data-preserver-spaces=\"true\">Tr\u00e8s durable<\/span><\/li>\n<li><span data-preserver-spaces=\"true\">Autonivelant<\/span><\/li>\n<\/ul>\n","protected":false},"excerpt":{"rendered":"<p>Pr\u00e9sentation de notre NOUVEAU KIT OCEAN WAVE EN R\u00c9SINE \u00c9POXY &#8211; Pack de d\u00e9marrage, la solution ultime pour tous ceux qui souhaitent cr\u00e9er des \u0153uvres d&rsquo;art \u00e9poustouflantes et d\u00e9taill\u00e9es sur le th\u00e8me des vagues oc\u00e9aniques. Notre kit comprend tout ce dont vous avez besoin pour commencer, ce qui en fait le choix id\u00e9al pour les d\u00e9butants comme pour les artistes exp\u00e9riment\u00e9s.<\/p>\n<p>Notre syst\u00e8me de comptoir CHILL 3D (1:1) \u00e0 viscosit\u00e9 moyenne est le choix id\u00e9al pour obtenir une finition profonde et brillante sur une large gamme de surfaces. Avec ce syst\u00e8me, vous pouvez cr\u00e9er de magnifiques \u00ab\u00a0effets de lacet\u00a0\u00bb et \u00ab\u00a0sc\u00e8nes de plage\u00a0\u00bb sur des surfaces en bois, donnant vie \u00e0 votre art d&rsquo;une mani\u00e8re tout \u00e0 fait nouvelle.<\/p>\n<p>Le kit comprend \u00e9galement une vari\u00e9t\u00e9 de pigments liquides opaques et de pigments m\u00e9talliques, vous permettant de cr\u00e9er une gamme infinie de couleurs et d&rsquo;effets. Notre kit comprend m\u00eame plusieurs contenants pour des ratios de m\u00e9lange pr\u00e9cis, ainsi qu&rsquo;une spatule en m\u00e9tal pour rendre l&rsquo;application facile.<\/p>\n<p>Avec notre KIT OCEAN WAVE EN R\u00c9SINE \u00c9POXY &#8211; Pack de d\u00e9marrage, vous pouvez commencer \u00e0 cr\u00e9er de magnifiques sc\u00e8nes d&rsquo;oc\u00e9an et de plage imm\u00e9diatement. En utilisant une combinaison de pigments liquides opaques \u00e0 base d&rsquo;\u00e9poxy et de poudres de Mica m\u00e9talliques, vous pouvez obtenir de superbes effets de d\u00f4me et de lacet qui ajoutent de la profondeur et du mouvement \u00e0 votre art.<\/p>\n<p>Dites adieu aux limites et lib\u00e9rez votre cr\u00e9ativit\u00e9 avec notre KIT OCEAN WAVE EN R\u00c9SINE \u00c9POXY &#8211; Pack de d\u00e9marrage. Que vous souhaitiez cr\u00e9er une belle \u0153uvre d&rsquo;art pour votre maison ou que vous souhaitiez d\u00e9marrer une nouvelle entreprise en vendant votre art, ce kit est la solution id\u00e9ale. N&rsquo;attendez plus, commandez le v\u00f4tre aujourd&rsquo;hui et commencez \u00e0 donner vie \u00e0 votre art sur le th\u00e8me des vagues oc\u00e9aniques !<\/p>\n","protected":false},"featured_media":15936,"comment_status":"open","ping_status":"closed","template":"","meta":{"jetpack_publicize_message":"","jetpack_publicize_feature_enabled":true,"jetpack_social_post_already_shared":true,"jetpack_social_options":{"image_generator_settings":{"template":"highway","default_image_id":0,"font":"","enabled":false},"version":2}},"product_brand":[],"product_cat":[1388,1310,1309,83],"product_tag":[1087,1086,1075,431,1084,1085,1083],"class_list":{"0":"post-15949","1":"product","2":"type-product","3":"status-publish","4":"has-post-thumbnail","6":"product_cat-2l-052-gallon-fr","7":"product_cat-art-artisanat","8":"product_cat-dessus-de-table-comptoirs","9":"product_cat-resines-epoxy","10":"product_tag-art-epoxy-fr","11":"product_tag-couche-de-finition-epoxy","12":"product_tag-epoxy-dessus-de-table","13":"product_tag-epoxy-uv","14":"product_tag-resine-ocean-vagues","15":"product_tag-vagues-de-locean-dart-epoxy","16":"product_tag-vagues-epoxy","18":"first","19":"instock","20":"taxable","21":"shipping-taxable","22":"purchasable","23":"product-type-simple"},"yoast_head":"<!-- This site is optimized with the Yoast SEO Premium plugin v27.4 (Yoast SEO v27.4) - https:\/\/yoast.com\/product\/yoast-seo-premium-wordpress\/ -->\n<title>Kit de sc\u00e8ne de plage oc\u00e9anique en r\u00e9sine \u00e9poxy | CHILL EPOXY<\/title>\n<meta name=\"description\" content=\"Kit de sc\u00e8ne de plage oc\u00e9anique en r\u00e9sine \u00e9poxy. Le kit de plage oc\u00e9anique en r\u00e9sine \u00e9poxy parfait pour cr\u00e9er de superbes \u0153uvres d&#039;art des vagues de l&#039;oc\u00e9an, des comptoirs durables et n\u00e9cessitant peu d&#039;entretien.\" \/>\n<meta name=\"robots\" content=\"index, follow, max-snippet:-1, max-image-preview:large, max-video-preview:-1\" \/>\n<link rel=\"canonical\" href=\"https:\/\/chillepoxy.com\/fr\/produit\/epoxy-resin-ocean-beach-scene-kit\/\" \/>\n<meta property=\"og:locale\" content=\"fr_FR\" \/>\n<meta property=\"og:type\" content=\"article\" \/>\n<meta property=\"og:title\" content=\"Kit de fabrication pour les sc\u00e8nes d&#039;oc\u00e9an et de plage en r\u00e9sine \u00e9poxy\" \/>\n<meta property=\"og:description\" content=\"Kit de sc\u00e8ne de plage oc\u00e9anique en r\u00e9sine \u00e9poxy. Le kit de plage oc\u00e9anique en r\u00e9sine \u00e9poxy parfait pour cr\u00e9er de superbes \u0153uvres d&#039;art des vagues de l&#039;oc\u00e9an, des comptoirs durables et n\u00e9cessitant peu d&#039;entretien.\" \/>\n<meta property=\"og:url\" content=\"https:\/\/chillepoxy.com\/fr\/produit\/epoxy-resin-ocean-beach-scene-kit\/\" \/>\n<meta property=\"og:site_name\" content=\"CHILL EPOXY\" \/>\n<meta property=\"article:publisher\" content=\"https:\/\/www.facebook.com\/polymerestechnologies\/\" \/>\n<meta property=\"article:modified_time\" content=\"2024-05-12T12:25:04+00:00\" \/>\n<meta property=\"og:image\" content=\"https:\/\/chillepoxy.com\/wp-content\/uploads\/2022\/01\/EPOXY-WAVE-KIT.jpg\" \/>\n\t<meta property=\"og:image:width\" content=\"1080\" \/>\n\t<meta property=\"og:image:height\" content=\"1080\" \/>\n\t<meta property=\"og:image:type\" content=\"image\/jpeg\" \/>\n<meta name=\"twitter:card\" content=\"summary_large_image\" \/>\n<meta name=\"twitter:label1\" content=\"Dur\u00e9e de lecture estim\u00e9e\" \/>\n\t<meta name=\"twitter:data1\" content=\"3 minutes\" \/>\n<script type=\"application\/ld+json\" class=\"yoast-schema-graph\">{\"@context\":\"https:\\\/\\\/schema.org\",\"@graph\":[{\"@type\":\"WebPage\",\"@id\":\"https:\\\/\\\/chillepoxy.com\\\/fr\\\/produit\\\/epoxy-resin-ocean-beach-scene-kit\\\/\",\"url\":\"https:\\\/\\\/chillepoxy.com\\\/fr\\\/produit\\\/epoxy-resin-ocean-beach-scene-kit\\\/\",\"name\":\"Kit de sc\u00e8ne de plage oc\u00e9anique en r\u00e9sine \u00e9poxy | CHILL EPOXY\",\"isPartOf\":{\"@id\":\"https:\\\/\\\/chillepoxy.com\\\/fr\\\/#website\"},\"primaryImageOfPage\":{\"@id\":\"https:\\\/\\\/chillepoxy.com\\\/fr\\\/produit\\\/epoxy-resin-ocean-beach-scene-kit\\\/#primaryimage\"},\"image\":{\"@id\":\"https:\\\/\\\/chillepoxy.com\\\/fr\\\/produit\\\/epoxy-resin-ocean-beach-scene-kit\\\/#primaryimage\"},\"thumbnailUrl\":\"https:\\\/\\\/chillepoxy.com\\\/wp-content\\\/uploads\\\/2022\\\/01\\\/EPOXY-WAVE-KIT.jpg\",\"datePublished\":\"2022-01-18T16:10:10+00:00\",\"dateModified\":\"2024-05-12T12:25:04+00:00\",\"description\":\"Kit de sc\u00e8ne de plage oc\u00e9anique en r\u00e9sine \u00e9poxy. Le kit de plage oc\u00e9anique en r\u00e9sine \u00e9poxy parfait pour cr\u00e9er de superbes \u0153uvres d'art des vagues de l'oc\u00e9an, des comptoirs durables et n\u00e9cessitant peu d'entretien.\",\"breadcrumb\":{\"@id\":\"https:\\\/\\\/chillepoxy.com\\\/fr\\\/produit\\\/epoxy-resin-ocean-beach-scene-kit\\\/#breadcrumb\"},\"inLanguage\":\"fr-FR\",\"potentialAction\":[{\"@type\":\"ReadAction\",\"target\":[\"https:\\\/\\\/chillepoxy.com\\\/fr\\\/produit\\\/epoxy-resin-ocean-beach-scene-kit\\\/\"]}]},{\"@type\":\"ImageObject\",\"inLanguage\":\"fr-FR\",\"@id\":\"https:\\\/\\\/chillepoxy.com\\\/fr\\\/produit\\\/epoxy-resin-ocean-beach-scene-kit\\\/#primaryimage\",\"url\":\"https:\\\/\\\/chillepoxy.com\\\/wp-content\\\/uploads\\\/2022\\\/01\\\/EPOXY-WAVE-KIT.jpg\",\"contentUrl\":\"https:\\\/\\\/chillepoxy.com\\\/wp-content\\\/uploads\\\/2022\\\/01\\\/EPOXY-WAVE-KIT.jpg\",\"width\":1080,\"height\":1080,\"caption\":\"Comment faire des vagues oc\u00e9aniques avec de l'\u00e9poxy\"},{\"@type\":\"BreadcrumbList\",\"@id\":\"https:\\\/\\\/chillepoxy.com\\\/fr\\\/produit\\\/epoxy-resin-ocean-beach-scene-kit\\\/#breadcrumb\",\"itemListElement\":[{\"@type\":\"ListItem\",\"position\":1,\"name\":\"Home\",\"item\":\"https:\\\/\\\/chillepoxy.com\\\/fr\\\/\"},{\"@type\":\"ListItem\",\"position\":2,\"name\":\"Boutique\",\"item\":\"https:\\\/\\\/chillepoxy.com\\\/fr\\\/boutique\\\/\"},{\"@type\":\"ListItem\",\"position\":3,\"name\":\"Kit de fabrication pour les sc\u00e8nes d&#8217;oc\u00e9an et de plage en r\u00e9sine \u00e9poxy\"}]},{\"@type\":\"WebSite\",\"@id\":\"https:\\\/\\\/chillepoxy.com\\\/fr\\\/#website\",\"url\":\"https:\\\/\\\/chillepoxy.com\\\/fr\\\/\",\"name\":\"CHILL EPOXY\u2122 High-Quality Canadian-Made Epoxy Resin\",\"description\":\"High-Quality Canadian-Made Epoxy Resin | Casting &amp; Art\",\"publisher\":{\"@id\":\"https:\\\/\\\/chillepoxy.com\\\/fr\\\/#organization\"},\"alternateName\":\"High-Quality Epoxy Resin\",\"potentialAction\":[{\"@type\":\"SearchAction\",\"target\":{\"@type\":\"EntryPoint\",\"urlTemplate\":\"https:\\\/\\\/chillepoxy.com\\\/fr\\\/?s={search_term_string}\"},\"query-input\":{\"@type\":\"PropertyValueSpecification\",\"valueRequired\":true,\"valueName\":\"search_term_string\"}}],\"inLanguage\":\"fr-FR\"},{\"@type\":\"Organization\",\"@id\":\"https:\\\/\\\/chillepoxy.com\\\/fr\\\/#organization\",\"name\":\"CHILL EPOXY\u2122\",\"alternateName\":\"High-Quality Canadian-Made Epoxy Resin\",\"url\":\"https:\\\/\\\/chillepoxy.com\\\/fr\\\/\",\"logo\":{\"@type\":\"ImageObject\",\"inLanguage\":\"fr-FR\",\"@id\":\"https:\\\/\\\/chillepoxy.com\\\/fr\\\/#\\\/schema\\\/logo\\\/image\\\/\",\"url\":\"https:\\\/\\\/i0.wp.com\\\/chillepoxy.com\\\/wp-content\\\/uploads\\\/2024\\\/02\\\/polymeres_technologies.png?fit=649%2C649&ssl=1\",\"contentUrl\":\"https:\\\/\\\/i0.wp.com\\\/chillepoxy.com\\\/wp-content\\\/uploads\\\/2024\\\/02\\\/polymeres_technologies.png?fit=649%2C649&ssl=1\",\"width\":649,\"height\":649,\"caption\":\"CHILL EPOXY\u2122\"},\"image\":{\"@id\":\"https:\\\/\\\/chillepoxy.com\\\/fr\\\/#\\\/schema\\\/logo\\\/image\\\/\"},\"sameAs\":[\"https:\\\/\\\/www.facebook.com\\\/polymerestechnologies\\\/\",\"https:\\\/\\\/www.instagram.com\\\/polymeres_technologies\\\/\",\"https:\\\/\\\/www.linkedin.com\\\/company\\\/polymeres-technologies\\\/\",\"https:\\\/\\\/www.youtube.com\\\/channel\\\/UCDaFKmK4Hn3KPKmBaTXWong\"]}]}<\/script>\n<!-- \/ Yoast SEO Premium plugin. -->","yoast_head_json":{"title":"Kit de sc\u00e8ne de plage oc\u00e9anique en r\u00e9sine \u00e9poxy | CHILL EPOXY","description":"Kit de sc\u00e8ne de plage oc\u00e9anique en r\u00e9sine \u00e9poxy. Le kit de plage oc\u00e9anique en r\u00e9sine \u00e9poxy parfait pour cr\u00e9er de superbes \u0153uvres d'art des vagues de l'oc\u00e9an, des comptoirs durables et n\u00e9cessitant peu d'entretien.","robots":{"index":"index","follow":"follow","max-snippet":"max-snippet:-1","max-image-preview":"max-image-preview:large","max-video-preview":"max-video-preview:-1"},"canonical":"https:\/\/chillepoxy.com\/fr\/produit\/epoxy-resin-ocean-beach-scene-kit\/","og_locale":"fr_FR","og_type":"article","og_title":"Kit de fabrication pour les sc\u00e8nes d'oc\u00e9an et de plage en r\u00e9sine \u00e9poxy","og_description":"Kit de sc\u00e8ne de plage oc\u00e9anique en r\u00e9sine \u00e9poxy. Le kit de plage oc\u00e9anique en r\u00e9sine \u00e9poxy parfait pour cr\u00e9er de superbes \u0153uvres d'art des vagues de l'oc\u00e9an, des comptoirs durables et n\u00e9cessitant peu d'entretien.","og_url":"https:\/\/chillepoxy.com\/fr\/produit\/epoxy-resin-ocean-beach-scene-kit\/","og_site_name":"CHILL EPOXY","article_publisher":"https:\/\/www.facebook.com\/polymerestechnologies\/","article_modified_time":"2024-05-12T12:25:04+00:00","og_image":[{"width":1080,"height":1080,"url":"https:\/\/chillepoxy.com\/wp-content\/uploads\/2022\/01\/EPOXY-WAVE-KIT.jpg","type":"image\/jpeg"}],"twitter_card":"summary_large_image","twitter_misc":{"Dur\u00e9e de lecture estim\u00e9e":"3 minutes"},"schema":{"@context":"https:\/\/schema.org","@graph":[{"@type":"WebPage","@id":"https:\/\/chillepoxy.com\/fr\/produit\/epoxy-resin-ocean-beach-scene-kit\/","url":"https:\/\/chillepoxy.com\/fr\/produit\/epoxy-resin-ocean-beach-scene-kit\/","name":"Kit de sc\u00e8ne de plage oc\u00e9anique en r\u00e9sine \u00e9poxy | CHILL EPOXY","isPartOf":{"@id":"https:\/\/chillepoxy.com\/fr\/#website"},"primaryImageOfPage":{"@id":"https:\/\/chillepoxy.com\/fr\/produit\/epoxy-resin-ocean-beach-scene-kit\/#primaryimage"},"image":{"@id":"https:\/\/chillepoxy.com\/fr\/produit\/epoxy-resin-ocean-beach-scene-kit\/#primaryimage"},"thumbnailUrl":"https:\/\/chillepoxy.com\/wp-content\/uploads\/2022\/01\/EPOXY-WAVE-KIT.jpg","datePublished":"2022-01-18T16:10:10+00:00","dateModified":"2024-05-12T12:25:04+00:00","description":"Kit de sc\u00e8ne de plage oc\u00e9anique en r\u00e9sine \u00e9poxy. Le kit de plage oc\u00e9anique en r\u00e9sine \u00e9poxy parfait pour cr\u00e9er de superbes \u0153uvres d'art des vagues de l'oc\u00e9an, des comptoirs durables et n\u00e9cessitant peu d'entretien.","breadcrumb":{"@id":"https:\/\/chillepoxy.com\/fr\/produit\/epoxy-resin-ocean-beach-scene-kit\/#breadcrumb"},"inLanguage":"fr-FR","potentialAction":[{"@type":"ReadAction","target":["https:\/\/chillepoxy.com\/fr\/produit\/epoxy-resin-ocean-beach-scene-kit\/"]}]},{"@type":"ImageObject","inLanguage":"fr-FR","@id":"https:\/\/chillepoxy.com\/fr\/produit\/epoxy-resin-ocean-beach-scene-kit\/#primaryimage","url":"https:\/\/chillepoxy.com\/wp-content\/uploads\/2022\/01\/EPOXY-WAVE-KIT.jpg","contentUrl":"https:\/\/chillepoxy.com\/wp-content\/uploads\/2022\/01\/EPOXY-WAVE-KIT.jpg","width":1080,"height":1080,"caption":"Comment faire des vagues oc\u00e9aniques avec de l'\u00e9poxy"},{"@type":"BreadcrumbList","@id":"https:\/\/chillepoxy.com\/fr\/produit\/epoxy-resin-ocean-beach-scene-kit\/#breadcrumb","itemListElement":[{"@type":"ListItem","position":1,"name":"Home","item":"https:\/\/chillepoxy.com\/fr\/"},{"@type":"ListItem","position":2,"name":"Boutique","item":"https:\/\/chillepoxy.com\/fr\/boutique\/"},{"@type":"ListItem","position":3,"name":"Kit de fabrication pour les sc\u00e8nes d&#8217;oc\u00e9an et de plage en r\u00e9sine \u00e9poxy"}]},{"@type":"WebSite","@id":"https:\/\/chillepoxy.com\/fr\/#website","url":"https:\/\/chillepoxy.com\/fr\/","name":"CHILL EPOXY\u2122 High-Quality Canadian-Made Epoxy Resin","description":"High-Quality Canadian-Made Epoxy Resin | Casting &amp; Art","publisher":{"@id":"https:\/\/chillepoxy.com\/fr\/#organization"},"alternateName":"High-Quality Epoxy Resin","potentialAction":[{"@type":"SearchAction","target":{"@type":"EntryPoint","urlTemplate":"https:\/\/chillepoxy.com\/fr\/?s={search_term_string}"},"query-input":{"@type":"PropertyValueSpecification","valueRequired":true,"valueName":"search_term_string"}}],"inLanguage":"fr-FR"},{"@type":"Organization","@id":"https:\/\/chillepoxy.com\/fr\/#organization","name":"CHILL EPOXY\u2122","alternateName":"High-Quality Canadian-Made Epoxy Resin","url":"https:\/\/chillepoxy.com\/fr\/","logo":{"@type":"ImageObject","inLanguage":"fr-FR","@id":"https:\/\/chillepoxy.com\/fr\/#\/schema\/logo\/image\/","url":"https:\/\/i0.wp.com\/chillepoxy.com\/wp-content\/uploads\/2024\/02\/polymeres_technologies.png?fit=649%2C649&ssl=1","contentUrl":"https:\/\/i0.wp.com\/chillepoxy.com\/wp-content\/uploads\/2024\/02\/polymeres_technologies.png?fit=649%2C649&ssl=1","width":649,"height":649,"caption":"CHILL EPOXY\u2122"},"image":{"@id":"https:\/\/chillepoxy.com\/fr\/#\/schema\/logo\/image\/"},"sameAs":["https:\/\/www.facebook.com\/polymerestechnologies\/","https:\/\/www.instagram.com\/polymeres_technologies\/","https:\/\/www.linkedin.com\/company\/polymeres-technologies\/","https:\/\/www.youtube.com\/channel\/UCDaFKmK4Hn3KPKmBaTXWong"]}]}},"jetpack_publicize_connections":[],"jetpack_sharing_enabled":true,"jetpack_likes_enabled":false,"_links":{"self":[{"href":"https:\/\/chillepoxy.com\/fr\/wp-json\/wp\/v2\/product\/15949","targetHints":{"allow":["GET"]}}],"collection":[{"href":"https:\/\/chillepoxy.com\/fr\/wp-json\/wp\/v2\/product"}],"about":[{"href":"https:\/\/chillepoxy.com\/fr\/wp-json\/wp\/v2\/types\/product"}],"replies":[{"embeddable":true,"href":"https:\/\/chillepoxy.com\/fr\/wp-json\/wp\/v2\/comments?post=15949"}],"wp:featuredmedia":[{"embeddable":true,"href":"https:\/\/chillepoxy.com\/fr\/wp-json\/wp\/v2\/media\/15936"}],"wp:attachment":[{"href":"https:\/\/chillepoxy.com\/fr\/wp-json\/wp\/v2\/media?parent=15949"}],"wp:term":[{"taxonomy":"product_brand","embeddable":true,"href":"https:\/\/chillepoxy.com\/fr\/wp-json\/wp\/v2\/product_brand?post=15949"},{"taxonomy":"product_cat","embeddable":true,"href":"https:\/\/chillepoxy.com\/fr\/wp-json\/wp\/v2\/product_cat?post=15949"},{"taxonomy":"product_tag","embeddable":true,"href":"https:\/\/chillepoxy.com\/fr\/wp-json\/wp\/v2\/product_tag?post=15949"}],"curies":[{"name":"wp","href":"https:\/\/api.w.org\/{rel}","templated":true}]}}