{"id":18533,"date":"2022-09-15T10:36:39","date_gmt":"2022-09-15T14:36:39","guid":{"rendered":"https:\/\/chillepoxy.com\/shop\/fabrication-de-moules-sans-danger-pour-les-aliments-en-caoutchouc-de-silicone-semi-rigide\/"},"modified":"2025-04-17T13:51:30","modified_gmt":"2025-04-17T17:51:30","slug":"silicone-de-moulage-a-vulcanisation-platine","status":"publish","type":"product","link":"https:\/\/chillepoxy.com\/fr\/produit\/silicone-de-moulage-a-vulcanisation-platine\/","title":{"rendered":"Silicone platine alimentaire et non toxique | silicone semi-rigide | d\u00e9moulage facile | 60 Shore A"},"content":{"rendered":"<h1>Silicone platine alimentaire et non toxique | silicone semi-rigide | d\u00e9moulage facile | 60 Shore A<\/h1>\n<p>Silicone platine alimentaire et non toxique | semi-rigide | d\u00e9moulage facile | 60 Shore A. Vous recherchez un syst\u00e8me silicone polyvalent pour vos projets? Essayez notre silicone de moulage \u00e0 vulcanisation platine semi-rigide (60 SHORE A) &#8211; SILICONE CAST\u2122 60 ! Avec une consistance semi-rigide et une duret\u00e9 Shore A de 60, il offre un excellent support et une grande stabilit\u00e9 pour vos moules, ce qui le rend id\u00e9al pour une large gamme d&rsquo;applications.<\/p>\n<p>Ce syst\u00e8me de vulcanisation au platine \u00e0 deux composants, de faible viscosit\u00e9, peut \u00eatre vulcanis\u00e9 \u00e0 temp\u00e9rature ambiante ou avec chauffage. Il est parfait pour capturer et reproduire des d\u00e9tails et des motifs fins, et est compatible avec une vari\u00e9t\u00e9 de mat\u00e9riaux, y compris l&rsquo;\u00e9poxy, le polyur\u00e9thane et le polyester. De plus, il poss\u00e8de une r\u00e9sistance \u00e9lev\u00e9e \u00e0 la chaleur et une excellente r\u00e9sistance \u00e0 la d\u00e9chirure et \u00e0 la traction, garantissant des temps de moulage.<\/p>\n<p>Notre silicone de moulage est facile \u00e0 m\u00e9langer et \u00e0 verser, avec un ratio de m\u00e9lange simple 1:1 en poids. Il est de qualit\u00e9 alimentaire et conforme \u00e0 la FDA, avec une faible r\u00e9tractabilit\u00e9, une anti-d\u00e9formation et sans bulles. Son excellent niveau de fluidit\u00e9 garantit que m\u00eame les d\u00e9tails et motifs les plus fins sont parfaitement reproduits, tandis que les proc\u00e9dures de d\u00e9moulage faciles en font un produit facile \u00e0 utiliser.<\/p>\n<p>Pour utiliser le produit, il suffit de m\u00e9langer de mani\u00e8re \u00e9gale les parties A et B, en suivant exactement le ratio de m\u00e9lange de 1:1. Pesez les deux parties avec une balance \u00e9lectronique et m\u00e9langez-les uniform\u00e9ment pour \u00e9viter toute solidification partielle du silicone. Avec notre silicone de moulage \u00e0 vulcanisation platine semi-rigide (60 SHORE A) &#8211; SILICONE CAST\u2122 60, vous disposerez d&rsquo;un syst\u00e8me de silicone durable, polyvalent et facile \u00e0 utiliser, parfait pour tous vos projets professionnels ou personnels!<\/p>\n<h2>Silicone platine grade alimentaire et non toxique (60 Shore A)<\/h2>\n<p><strong>Caract\u00e9ristiques et avantages<\/strong><\/p>\n<ul>\n<li>Qualit\u00e9 alimentaire, FDA<\/li>\n<li>Faible retrait<\/li>\n<li>Basse viscosit\u00e9<\/li>\n<li>Anti-d\u00e9formation<\/li>\n<li>Non gras<\/li>\n<li>Pas de bulles<\/li>\n<li>Excellent nivellement du d\u00e9bit qui copiera les d\u00e9tails et les motifs les plus fins de produits exquis.<\/li>\n<li>Durable avec une excellente r\u00e9sistance \u00e0 la d\u00e9chirure et \u00e0 la traction, garantie des temps de moulage<\/li>\n<\/ul>\n<p><strong>Caract\u00e9ristiques<\/strong><\/p>\n<ul>\n<li>Rapport de m\u00e9lange facile de 1a\/1b en poids<\/li>\n<li>Duret\u00e9 moyenne de 60 shore A.<\/li>\n<li>Haute r\u00e9sistance \u00e0 la chaleur<\/li>\n<li>Excellent nivellement du flux qui copiera les d\u00e9tails et les motifs les plus fins<\/li>\n<li>Proc\u00e9dures de d\u00e9moulage faciles<\/li>\n<li>Compatible avec \u00e9poxy, polyur\u00e9thane, polyester<\/li>\n<\/ul>\n<p><strong>Instructions d&rsquo;utilisation<\/strong><\/p>\n<p>1. M\u00e9langez la partie A et la partie B uniform\u00e9ment avec un rapport de m\u00e9lange de 1:1. Notes: 1) Pesez les deux pi\u00e8ces exactement par poids \u00e9lectronique. Par exemple, le temps de travail sera raccourci apr\u00e8s avoir ajout\u00e9 trop de catalyseur. 2) M\u00e9langez la partie A et la partie B uniform\u00e9ment. Sinon, le caoutchouc de silicone sera partiellement solidifi\u00e9, ce qui fera que les moules finis auront une courte dur\u00e9e de vie et gaspilleront du caoutchouc de silicone.<\/p>\n","protected":false},"excerpt":{"rendered":"<p><span style=\"font-size: 100%;\"><span style=\"color: #555555;\">SILICONE CAST\u2122 60 : un silicone de moulage \u00e0 durcissement platine haute performance, offrant une consistance semi-rigide de 60 SHORE A. Ce syst\u00e8me \u00e0 faible viscosit\u00e9, durcissant au platine, prend \u00e0 temp\u00e9rature ambiante ou avec de la chaleur. <\/span><span style=\"color: #555555;\">Id\u00e9al pour une vari\u00e9t\u00e9 d&rsquo;applications, y compris les arts, les travaux manuels et les utilisations industrielles comme la mise sous vide et les pales de turbine, il garantit des moules stables et durables. Avec des propri\u00e9t\u00e9s d\u2019\u00e9coulement et de nivellement exceptionnelles, il reproduit parfaitement les moindres d\u00e9tails.<\/span><\/span><\/p>\n","protected":false},"featured_media":23191,"comment_status":"open","ping_status":"closed","template":"","meta":{"jetpack_publicize_message":"","jetpack_publicize_feature_enabled":true,"jetpack_social_post_already_shared":true,"jetpack_social_options":{"image_generator_settings":{"template":"highway","default_image_id":0,"font":"","enabled":false},"version":2}},"product_brand":[],"product_cat":[1375,1105],"product_tag":[1222,1225,1223,1224],"class_list":{"0":"post-18533","1":"product","2":"type-product","3":"status-publish","4":"has-post-thumbnail","6":"product_cat-moules-flexibles","7":"product_cat-resines-silicones","8":"product_tag-caoutchouc-de-silicone","9":"product_tag-fabrication-de-moules","10":"product_tag-silicone-de-platine","11":"product_tag-silicone-de-vulcanisation-au-platine","13":"first","14":"instock","15":"featured","16":"taxable","17":"shipping-taxable","18":"purchasable","19":"product-type-variable"},"yoast_head":"<!-- This site is optimized with the Yoast SEO Premium plugin v27.4 (Yoast SEO v27.4) - https:\/\/yoast.com\/product\/yoast-seo-premium-wordpress\/ -->\n<title>Silicone platine grade alimentaire et non toxique | CHILL EPOXY<\/title>\n<meta name=\"description\" content=\"Silicone platine grade alimentaire et non toxique. SILICONE CAST \u2122 60 est un silicone de caoutchouc de qualit\u00e9 alimentaire professionnel, syst\u00e8me \u00e0 faible viscosit\u00e9 pour la fabrication de moules.\" \/>\n<meta name=\"robots\" content=\"index, follow, max-snippet:-1, max-image-preview:large, max-video-preview:-1\" \/>\n<link rel=\"canonical\" href=\"https:\/\/chillepoxy.com\/fr\/produit\/silicone-de-moulage-a-vulcanisation-platine\/\" \/>\n<meta property=\"og:locale\" content=\"fr_FR\" \/>\n<meta property=\"og:type\" content=\"article\" \/>\n<meta property=\"og:title\" content=\"Silicone platine alimentaire et non toxique | silicone semi-rigide | d\u00e9moulage facile | 60 Shore A\" \/>\n<meta property=\"og:description\" content=\"Silicone platine grade alimentaire et non toxique. SILICONE CAST \u2122 60 est un silicone de caoutchouc de qualit\u00e9 alimentaire professionnel, syst\u00e8me \u00e0 faible viscosit\u00e9 pour la fabrication de moules.\" \/>\n<meta property=\"og:url\" content=\"https:\/\/chillepoxy.com\/fr\/produit\/silicone-de-moulage-a-vulcanisation-platine\/\" \/>\n<meta property=\"og:site_name\" content=\"CHILL EPOXY\" \/>\n<meta property=\"article:publisher\" content=\"https:\/\/www.facebook.com\/polymerestechnologies\/\" \/>\n<meta property=\"article:modified_time\" content=\"2025-04-17T17:51:30+00:00\" \/>\n<meta property=\"og:image\" content=\"https:\/\/chillepoxy.com\/wp-content\/uploads\/2022\/09\/platinum-cure-silicone-mold-making-rubber-flexible-60a.png\" \/>\n\t<meta property=\"og:image:width\" content=\"1920\" \/>\n\t<meta property=\"og:image:height\" content=\"1920\" \/>\n\t<meta property=\"og:image:type\" content=\"image\/png\" \/>\n<meta name=\"twitter:card\" content=\"summary_large_image\" \/>\n<meta name=\"twitter:label1\" content=\"Dur\u00e9e de lecture estim\u00e9e\" \/>\n\t<meta name=\"twitter:data1\" content=\"3 minutes\" \/>\n<script type=\"application\/ld+json\" class=\"yoast-schema-graph\">{\"@context\":\"https:\\\/\\\/schema.org\",\"@graph\":[{\"@type\":\"WebPage\",\"@id\":\"https:\\\/\\\/chillepoxy.com\\\/fr\\\/produit\\\/silicone-de-moulage-a-vulcanisation-platine\\\/\",\"url\":\"https:\\\/\\\/chillepoxy.com\\\/fr\\\/produit\\\/silicone-de-moulage-a-vulcanisation-platine\\\/\",\"name\":\"Silicone platine grade alimentaire et non toxique | CHILL EPOXY\",\"isPartOf\":{\"@id\":\"https:\\\/\\\/chillepoxy.com\\\/fr\\\/#website\"},\"primaryImageOfPage\":{\"@id\":\"https:\\\/\\\/chillepoxy.com\\\/fr\\\/produit\\\/silicone-de-moulage-a-vulcanisation-platine\\\/#primaryimage\"},\"image\":{\"@id\":\"https:\\\/\\\/chillepoxy.com\\\/fr\\\/produit\\\/silicone-de-moulage-a-vulcanisation-platine\\\/#primaryimage\"},\"thumbnailUrl\":\"https:\\\/\\\/chillepoxy.com\\\/wp-content\\\/uploads\\\/2022\\\/09\\\/platinum-cure-silicone-mold-making-rubber-flexible-60a.png\",\"datePublished\":\"2022-09-15T14:36:39+00:00\",\"dateModified\":\"2025-04-17T17:51:30+00:00\",\"description\":\"Silicone platine grade alimentaire et non toxique. SILICONE CAST \u2122 60 est un silicone de caoutchouc de qualit\u00e9 alimentaire professionnel, syst\u00e8me \u00e0 faible viscosit\u00e9 pour la fabrication de moules.\",\"breadcrumb\":{\"@id\":\"https:\\\/\\\/chillepoxy.com\\\/fr\\\/produit\\\/silicone-de-moulage-a-vulcanisation-platine\\\/#breadcrumb\"},\"inLanguage\":\"fr-FR\",\"potentialAction\":[{\"@type\":\"ReadAction\",\"target\":[\"https:\\\/\\\/chillepoxy.com\\\/fr\\\/produit\\\/silicone-de-moulage-a-vulcanisation-platine\\\/\"]}]},{\"@type\":\"ImageObject\",\"inLanguage\":\"fr-FR\",\"@id\":\"https:\\\/\\\/chillepoxy.com\\\/fr\\\/produit\\\/silicone-de-moulage-a-vulcanisation-platine\\\/#primaryimage\",\"url\":\"https:\\\/\\\/chillepoxy.com\\\/wp-content\\\/uploads\\\/2022\\\/09\\\/platinum-cure-silicone-mold-making-rubber-flexible-60a.png\",\"contentUrl\":\"https:\\\/\\\/chillepoxy.com\\\/wp-content\\\/uploads\\\/2022\\\/09\\\/platinum-cure-silicone-mold-making-rubber-flexible-60a.png\",\"width\":1920,\"height\":1920,\"caption\":\"Silicone platine grade alimentaire et non toxique.\"},{\"@type\":\"BreadcrumbList\",\"@id\":\"https:\\\/\\\/chillepoxy.com\\\/fr\\\/produit\\\/silicone-de-moulage-a-vulcanisation-platine\\\/#breadcrumb\",\"itemListElement\":[{\"@type\":\"ListItem\",\"position\":1,\"name\":\"Home\",\"item\":\"https:\\\/\\\/chillepoxy.com\\\/fr\\\/\"},{\"@type\":\"ListItem\",\"position\":2,\"name\":\"Boutique\",\"item\":\"https:\\\/\\\/chillepoxy.com\\\/fr\\\/boutique\\\/\"},{\"@type\":\"ListItem\",\"position\":3,\"name\":\"Silicone platine alimentaire et non toxique | silicone semi-rigide | d\u00e9moulage facile | 60 Shore A\"}]},{\"@type\":\"WebSite\",\"@id\":\"https:\\\/\\\/chillepoxy.com\\\/fr\\\/#website\",\"url\":\"https:\\\/\\\/chillepoxy.com\\\/fr\\\/\",\"name\":\"CHILL EPOXY\u2122 High-Quality Canadian-Made Epoxy Resin\",\"description\":\"High-Quality Canadian-Made Epoxy Resin | Casting &amp; Art\",\"publisher\":{\"@id\":\"https:\\\/\\\/chillepoxy.com\\\/fr\\\/#organization\"},\"alternateName\":\"High-Quality Epoxy Resin\",\"potentialAction\":[{\"@type\":\"SearchAction\",\"target\":{\"@type\":\"EntryPoint\",\"urlTemplate\":\"https:\\\/\\\/chillepoxy.com\\\/fr\\\/?s={search_term_string}\"},\"query-input\":{\"@type\":\"PropertyValueSpecification\",\"valueRequired\":true,\"valueName\":\"search_term_string\"}}],\"inLanguage\":\"fr-FR\"},{\"@type\":\"Organization\",\"@id\":\"https:\\\/\\\/chillepoxy.com\\\/fr\\\/#organization\",\"name\":\"CHILL EPOXY\u2122\",\"alternateName\":\"High-Quality Canadian-Made Epoxy Resin\",\"url\":\"https:\\\/\\\/chillepoxy.com\\\/fr\\\/\",\"logo\":{\"@type\":\"ImageObject\",\"inLanguage\":\"fr-FR\",\"@id\":\"https:\\\/\\\/chillepoxy.com\\\/fr\\\/#\\\/schema\\\/logo\\\/image\\\/\",\"url\":\"https:\\\/\\\/i0.wp.com\\\/chillepoxy.com\\\/wp-content\\\/uploads\\\/2024\\\/02\\\/polymeres_technologies.png?fit=649%2C649&ssl=1\",\"contentUrl\":\"https:\\\/\\\/i0.wp.com\\\/chillepoxy.com\\\/wp-content\\\/uploads\\\/2024\\\/02\\\/polymeres_technologies.png?fit=649%2C649&ssl=1\",\"width\":649,\"height\":649,\"caption\":\"CHILL EPOXY\u2122\"},\"image\":{\"@id\":\"https:\\\/\\\/chillepoxy.com\\\/fr\\\/#\\\/schema\\\/logo\\\/image\\\/\"},\"sameAs\":[\"https:\\\/\\\/www.facebook.com\\\/polymerestechnologies\\\/\",\"https:\\\/\\\/www.instagram.com\\\/polymeres_technologies\\\/\",\"https:\\\/\\\/www.linkedin.com\\\/company\\\/polymeres-technologies\\\/\",\"https:\\\/\\\/www.youtube.com\\\/channel\\\/UCDaFKmK4Hn3KPKmBaTXWong\"]}]}<\/script>\n<!-- \/ Yoast SEO Premium plugin. -->","yoast_head_json":{"title":"Silicone platine grade alimentaire et non toxique | CHILL EPOXY","description":"Silicone platine grade alimentaire et non toxique. SILICONE CAST \u2122 60 est un silicone de caoutchouc de qualit\u00e9 alimentaire professionnel, syst\u00e8me \u00e0 faible viscosit\u00e9 pour la fabrication de moules.","robots":{"index":"index","follow":"follow","max-snippet":"max-snippet:-1","max-image-preview":"max-image-preview:large","max-video-preview":"max-video-preview:-1"},"canonical":"https:\/\/chillepoxy.com\/fr\/produit\/silicone-de-moulage-a-vulcanisation-platine\/","og_locale":"fr_FR","og_type":"article","og_title":"Silicone platine alimentaire et non toxique | silicone semi-rigide | d\u00e9moulage facile | 60 Shore A","og_description":"Silicone platine grade alimentaire et non toxique. SILICONE CAST \u2122 60 est un silicone de caoutchouc de qualit\u00e9 alimentaire professionnel, syst\u00e8me \u00e0 faible viscosit\u00e9 pour la fabrication de moules.","og_url":"https:\/\/chillepoxy.com\/fr\/produit\/silicone-de-moulage-a-vulcanisation-platine\/","og_site_name":"CHILL EPOXY","article_publisher":"https:\/\/www.facebook.com\/polymerestechnologies\/","article_modified_time":"2025-04-17T17:51:30+00:00","og_image":[{"width":1920,"height":1920,"url":"https:\/\/chillepoxy.com\/wp-content\/uploads\/2022\/09\/platinum-cure-silicone-mold-making-rubber-flexible-60a.png","type":"image\/png"}],"twitter_card":"summary_large_image","twitter_misc":{"Dur\u00e9e de lecture estim\u00e9e":"3 minutes"},"schema":{"@context":"https:\/\/schema.org","@graph":[{"@type":"WebPage","@id":"https:\/\/chillepoxy.com\/fr\/produit\/silicone-de-moulage-a-vulcanisation-platine\/","url":"https:\/\/chillepoxy.com\/fr\/produit\/silicone-de-moulage-a-vulcanisation-platine\/","name":"Silicone platine grade alimentaire et non toxique | CHILL EPOXY","isPartOf":{"@id":"https:\/\/chillepoxy.com\/fr\/#website"},"primaryImageOfPage":{"@id":"https:\/\/chillepoxy.com\/fr\/produit\/silicone-de-moulage-a-vulcanisation-platine\/#primaryimage"},"image":{"@id":"https:\/\/chillepoxy.com\/fr\/produit\/silicone-de-moulage-a-vulcanisation-platine\/#primaryimage"},"thumbnailUrl":"https:\/\/chillepoxy.com\/wp-content\/uploads\/2022\/09\/platinum-cure-silicone-mold-making-rubber-flexible-60a.png","datePublished":"2022-09-15T14:36:39+00:00","dateModified":"2025-04-17T17:51:30+00:00","description":"Silicone platine grade alimentaire et non toxique. SILICONE CAST \u2122 60 est un silicone de caoutchouc de qualit\u00e9 alimentaire professionnel, syst\u00e8me \u00e0 faible viscosit\u00e9 pour la fabrication de moules.","breadcrumb":{"@id":"https:\/\/chillepoxy.com\/fr\/produit\/silicone-de-moulage-a-vulcanisation-platine\/#breadcrumb"},"inLanguage":"fr-FR","potentialAction":[{"@type":"ReadAction","target":["https:\/\/chillepoxy.com\/fr\/produit\/silicone-de-moulage-a-vulcanisation-platine\/"]}]},{"@type":"ImageObject","inLanguage":"fr-FR","@id":"https:\/\/chillepoxy.com\/fr\/produit\/silicone-de-moulage-a-vulcanisation-platine\/#primaryimage","url":"https:\/\/chillepoxy.com\/wp-content\/uploads\/2022\/09\/platinum-cure-silicone-mold-making-rubber-flexible-60a.png","contentUrl":"https:\/\/chillepoxy.com\/wp-content\/uploads\/2022\/09\/platinum-cure-silicone-mold-making-rubber-flexible-60a.png","width":1920,"height":1920,"caption":"Silicone platine grade alimentaire et non toxique."},{"@type":"BreadcrumbList","@id":"https:\/\/chillepoxy.com\/fr\/produit\/silicone-de-moulage-a-vulcanisation-platine\/#breadcrumb","itemListElement":[{"@type":"ListItem","position":1,"name":"Home","item":"https:\/\/chillepoxy.com\/fr\/"},{"@type":"ListItem","position":2,"name":"Boutique","item":"https:\/\/chillepoxy.com\/fr\/boutique\/"},{"@type":"ListItem","position":3,"name":"Silicone platine alimentaire et non toxique | silicone semi-rigide | d\u00e9moulage facile | 60 Shore A"}]},{"@type":"WebSite","@id":"https:\/\/chillepoxy.com\/fr\/#website","url":"https:\/\/chillepoxy.com\/fr\/","name":"CHILL EPOXY\u2122 High-Quality Canadian-Made Epoxy Resin","description":"High-Quality Canadian-Made Epoxy Resin | Casting &amp; Art","publisher":{"@id":"https:\/\/chillepoxy.com\/fr\/#organization"},"alternateName":"High-Quality Epoxy Resin","potentialAction":[{"@type":"SearchAction","target":{"@type":"EntryPoint","urlTemplate":"https:\/\/chillepoxy.com\/fr\/?s={search_term_string}"},"query-input":{"@type":"PropertyValueSpecification","valueRequired":true,"valueName":"search_term_string"}}],"inLanguage":"fr-FR"},{"@type":"Organization","@id":"https:\/\/chillepoxy.com\/fr\/#organization","name":"CHILL EPOXY\u2122","alternateName":"High-Quality Canadian-Made Epoxy Resin","url":"https:\/\/chillepoxy.com\/fr\/","logo":{"@type":"ImageObject","inLanguage":"fr-FR","@id":"https:\/\/chillepoxy.com\/fr\/#\/schema\/logo\/image\/","url":"https:\/\/i0.wp.com\/chillepoxy.com\/wp-content\/uploads\/2024\/02\/polymeres_technologies.png?fit=649%2C649&ssl=1","contentUrl":"https:\/\/i0.wp.com\/chillepoxy.com\/wp-content\/uploads\/2024\/02\/polymeres_technologies.png?fit=649%2C649&ssl=1","width":649,"height":649,"caption":"CHILL EPOXY\u2122"},"image":{"@id":"https:\/\/chillepoxy.com\/fr\/#\/schema\/logo\/image\/"},"sameAs":["https:\/\/www.facebook.com\/polymerestechnologies\/","https:\/\/www.instagram.com\/polymeres_technologies\/","https:\/\/www.linkedin.com\/company\/polymeres-technologies\/","https:\/\/www.youtube.com\/channel\/UCDaFKmK4Hn3KPKmBaTXWong"]}]}},"jetpack_publicize_connections":[],"jetpack_sharing_enabled":true,"jetpack_likes_enabled":false,"_links":{"self":[{"href":"https:\/\/chillepoxy.com\/fr\/wp-json\/wp\/v2\/product\/18533","targetHints":{"allow":["GET"]}}],"collection":[{"href":"https:\/\/chillepoxy.com\/fr\/wp-json\/wp\/v2\/product"}],"about":[{"href":"https:\/\/chillepoxy.com\/fr\/wp-json\/wp\/v2\/types\/product"}],"replies":[{"embeddable":true,"href":"https:\/\/chillepoxy.com\/fr\/wp-json\/wp\/v2\/comments?post=18533"}],"wp:featuredmedia":[{"embeddable":true,"href":"https:\/\/chillepoxy.com\/fr\/wp-json\/wp\/v2\/media\/23191"}],"wp:attachment":[{"href":"https:\/\/chillepoxy.com\/fr\/wp-json\/wp\/v2\/media?parent=18533"}],"wp:term":[{"taxonomy":"product_brand","embeddable":true,"href":"https:\/\/chillepoxy.com\/fr\/wp-json\/wp\/v2\/product_brand?post=18533"},{"taxonomy":"product_cat","embeddable":true,"href":"https:\/\/chillepoxy.com\/fr\/wp-json\/wp\/v2\/product_cat?post=18533"},{"taxonomy":"product_tag","embeddable":true,"href":"https:\/\/chillepoxy.com\/fr\/wp-json\/wp\/v2\/product_tag?post=18533"}],"curies":[{"name":"wp","href":"https:\/\/api.w.org\/{rel}","templated":true}]}}