{"id":20603,"date":"2022-10-13T11:42:22","date_gmt":"2022-10-18T19:02:02","guid":{"rendered":"https:\/\/chillepoxy.com\/shop\/pigment-colorant-liquide-sable-pour-resine-epoxy\/"},"modified":"2024-04-11T09:23:36","modified_gmt":"2024-04-11T13:23:36","slug":"sable-resine-epoxy-pigment-liquide","status":"publish","type":"product","link":"https:\/\/chillepoxy.com\/fr\/produit\/sable-resine-epoxy-pigment-liquide\/","title":{"rendered":"Pigment liquide de r\u00e9sine \u00e9poxy de sable"},"content":{"rendered":"<h1>Pigment liquide de r\u00e9sine \u00e9poxy de sable<\/h1>\n<div>\n<p>Pigment liquide de r\u00e9sine \u00e9poxy de sable. D\u00e9couvrez nos CHILL DROPS \u2122, le pigment de colorant liquide de sable ultime pour la r\u00e9sine \u00e9poxy. Ces pigments 100 % r\u00e9actifs sont disponibles en options opaques, transparentes et translucides, vous permettant d&rsquo;obtenir la couleur souhait\u00e9e en ajoutant progressivement entre 0,0250 % et 5 % p\/v au m\u00e9lange A\/B. Les CHILL DROPS\u2122 sont enti\u00e8rement compatibles avec la gamme de produits CHILL EPOXY\u2122 et sont les seuls pigments recommand\u00e9s pour une utilisation avec les solutions CHILL EPOXY\u2122 pour une couleur pure et durable.<\/p>\n<p>Contrairement aux autres pigments sur le march\u00e9, les CHILL DROPS\u2122 ne contiennent ni COV, ni alcool, ni eau, ce qui les rend non toxiques et inodores. Ils r\u00e9pondent \u00e0 la norme RoHS et ont une viscosit\u00e9 moyenne. Ces pigments tr\u00e8s concentr\u00e9s peuvent facilement produire des couleurs transparentes ou opaques (selon le syst\u00e8me utilis\u00e9). Avec une large gamme de couleurs pures disponibles, avec plus de 20 couleurs diff\u00e9rentes disponibles, vous trouverez le match parfait pour votre projet.<\/p>\n<p>Lorsque vous utilisez CHILL DROPS\u2122, il est important de porter des gants en latex pour \u00e9viter de vous tacher les mains. Assurez-vous de bien agiter la bouteille avant utilisation et de la nettoyer avec notre POLY CLEANER\u2122 ou de l&rsquo;alcool isopropylique pour la garder propre. Pour plus d&rsquo;informations et de support, contactez POLYM\u00c8RES TECHNOLOGIES \u00e0 <a href=\"mailto:support@polymerestechnologies.com\" target=\"_new\" rel=\"noopener\">support@polymerestechnologies.com<\/a><\/p>\n<h3>Pigment 100% r\u00e9actif pour r\u00e9sine \u00e9poxy<\/h3>\n<p>Instructions:<\/p>\n<ol>\n<li>Bien agiter avant de servir.<\/li>\n<li>Ajouter progressivement quelques gouttes au m\u00e9lange A\/B pour d\u00e9terminer la quantit\u00e9 n\u00e9cessaire.<\/li>\n<li>Nous recommandons d&rsquo;incorporer progressivement 0,25% \u00e0 5% pour obtenir la couleur souhait\u00e9e.<\/li>\n<li>Plus il y a de gouttes ajout\u00e9es \u00e0 la r\u00e9sine, plus la couleur est fonc\u00e9e.<\/li>\n<li>Certains tests peuvent \u00eatre \u00e0 faire avant d&rsquo;atteindre la couleur d\u00e9sir\u00e9e<\/li>\n<\/ol>\n<div><span style=\"font-size: 14.4px;\">Caract\u00e9ristiques:<\/span><\/div>\n<ul>\n<li>\u00c0 utiliser avec les r\u00e9sines \u00e9poxy transparentes CHILL EPOXY\u2122.<\/li>\n<li>Non toxique et inodore<\/li>\n<li>Conforme \u00e0 la norme RoHS<\/li>\n<li>Viscosit\u00e9 moyenne<\/li>\n<li>Pigments hautement concentr\u00e9s<\/li>\n<li>Produisez facilement des couleurs transparentes ou opaques (selon le syst\u00e8me utilis\u00e9)<\/li>\n<li>Pigments r\u00e9actifs 100% solides<\/li>\n<li>Vaste choix de couleurs pures : plus de 20 couleurs diff\u00e9rentes disponibles<\/li>\n<li>Portez des gants en latex pour \u00e9viter de vous tacher les mains.<\/li>\n<li>Assurez-vous de bien agiter avant utilisation.<\/li>\n<li>Assurez-vous d&rsquo;essuyer la bouteille avec notre POLY CLEANER\u2122 ou de l&rsquo;alcool isopropylique pour la garder propre.<\/li>\n<\/ul>\n<\/div>\n","protected":false},"excerpt":{"rendered":"<p>D\u00e9couvrez nos pigments liquides \u00e0 base d&rsquo;\u00e9poxy hautement concentr\u00e9s, sp\u00e9cialement con\u00e7us pour colorer la r\u00e9sine \u00e9poxy transparente. Formul\u00e9s avec des mati\u00e8res premi\u00e8res pures et concentr\u00e9es \u00e0 100 % compatibles, ces pigments garantissent des couleurs vibrantes et durables. Ils sont sans alcool et sans eau, ce qui les rend s\u00fbrs et faciles \u00e0 utiliser. Leur facilit\u00e9 de m\u00e9lange dans la r\u00e9sine transparente signifie qu&rsquo;il suffit de quelques gouttes pour obtenir des couleurs \u00e9blouissantes. De plus, ils sont r\u00e9sistants \u00e0 la d\u00e9coloration, garantissant une coloration durable. Avec plus de 20 couleurs disponibles, lib\u00e9rez votre cr\u00e9ativit\u00e9 et transformez vos projets \u00e9poxy avec nos pigments liquides de qualit\u00e9 sup\u00e9rieure.<\/p>\n<p>Caract\u00e9ristiques :<\/p>\n<ul>\n<li>Pigments liquides \u00e0 base d&rsquo;\u00e9poxy hautement concentr\u00e9s<\/li>\n<li>Intens\u00e9ment pigment\u00e9 pour des couleurs audacieuses et vibrantes.<\/li>\n<li>Facile \u00e0 m\u00e9langer<\/li>\n<li>Durable et r\u00e9sistant \u00e0 la d\u00e9coloration et au jaunissement.<\/li>\n<li>Adapt\u00e9 aux projets de r\u00e9sine \u00e9poxy transparente.<\/li>\n<li>Id\u00e9al pour les artistes, les artisans et les passionn\u00e9s de bricolage.<\/li>\n<li>Convivial et facile \u00e0 utiliser.<\/li>\n<li>Cr\u00e9e des finitions professionnelles.<\/li>\n<li>Une brillance durable pour des cr\u00e9ations durables.<\/li>\n<\/ul>\n","protected":false},"featured_media":22802,"comment_status":"open","ping_status":"closed","template":"","meta":{"jetpack_publicize_message":"","jetpack_publicize_feature_enabled":true,"jetpack_social_post_already_shared":true,"jetpack_social_options":{"image_generator_settings":{"template":"highway","default_image_id":0,"font":"","enabled":false},"version":2}},"product_brand":[],"product_cat":[1441,95],"product_tag":[312,313,315,443],"class_list":{"0":"post-20603","1":"product","2":"type-product","3":"status-publish","4":"has-post-thumbnail","6":"product_cat-couleur","7":"product_cat-couleurs-liquides","8":"product_tag-colorant-epoxy","9":"product_tag-colorant-epoxyde","10":"product_tag-pigment-colorant-epoxy","11":"product_tag-resine-de-couleur-epoxy","13":"first","14":"instock","15":"taxable","16":"shipping-taxable","17":"purchasable","18":"product-type-variable"},"yoast_head":"<!-- This site is optimized with the Yoast SEO Premium plugin v27.4 (Yoast SEO v27.4) - https:\/\/yoast.com\/product\/yoast-seo-premium-wordpress\/ -->\n<title>Pigment liquide de r\u00e9sine \u00e9poxy de sable | CHILL EPOXY<\/title>\n<meta name=\"description\" content=\"Pigment liquide de r\u00e9sine \u00e9poxy de sable Le pigment liquide de sable ultime pour r\u00e9sine \u00e9poxy. Pigments 100% r\u00e9actifs pour obtenir des couleurs pures et durables.\" \/>\n<meta name=\"robots\" content=\"index, follow, max-snippet:-1, max-image-preview:large, max-video-preview:-1\" \/>\n<link rel=\"canonical\" href=\"https:\/\/chillepoxy.com\/fr\/produit\/sable-resine-epoxy-pigment-liquide\/\" \/>\n<meta property=\"og:locale\" content=\"fr_FR\" \/>\n<meta property=\"og:type\" content=\"article\" \/>\n<meta property=\"og:title\" content=\"Pigment liquide de r\u00e9sine \u00e9poxy de sable\" \/>\n<meta property=\"og:description\" content=\"Pigment liquide de r\u00e9sine \u00e9poxy de sable Le pigment liquide de sable ultime pour r\u00e9sine \u00e9poxy. Pigments 100% r\u00e9actifs pour obtenir des couleurs pures et durables.\" \/>\n<meta property=\"og:url\" content=\"https:\/\/chillepoxy.com\/fr\/produit\/sable-resine-epoxy-pigment-liquide\/\" \/>\n<meta property=\"og:site_name\" content=\"CHILL EPOXY\" \/>\n<meta property=\"article:publisher\" content=\"https:\/\/www.facebook.com\/polymerestechnologies\/\" \/>\n<meta property=\"article:modified_time\" content=\"2024-04-11T13:23:36+00:00\" \/>\n<meta property=\"og:image\" content=\"https:\/\/chillepoxy.com\/wp-content\/uploads\/2022\/10\/epoxy-resin-pigment-dye-color-sand.jpg\" \/>\n\t<meta property=\"og:image:width\" content=\"1920\" \/>\n\t<meta property=\"og:image:height\" content=\"1920\" \/>\n\t<meta property=\"og:image:type\" content=\"image\/jpeg\" \/>\n<meta name=\"twitter:card\" content=\"summary_large_image\" \/>\n<meta name=\"twitter:label1\" content=\"Dur\u00e9e de lecture estim\u00e9e\" \/>\n\t<meta name=\"twitter:data1\" content=\"2 minutes\" \/>\n<script type=\"application\/ld+json\" class=\"yoast-schema-graph\">{\"@context\":\"https:\\\/\\\/schema.org\",\"@graph\":[{\"@type\":\"WebPage\",\"@id\":\"https:\\\/\\\/chillepoxy.com\\\/fr\\\/produit\\\/sable-resine-epoxy-pigment-liquide\\\/\",\"url\":\"https:\\\/\\\/chillepoxy.com\\\/fr\\\/produit\\\/sable-resine-epoxy-pigment-liquide\\\/\",\"name\":\"Pigment liquide de r\u00e9sine \u00e9poxy de sable | CHILL EPOXY\",\"isPartOf\":{\"@id\":\"https:\\\/\\\/chillepoxy.com\\\/fr\\\/#website\"},\"primaryImageOfPage\":{\"@id\":\"https:\\\/\\\/chillepoxy.com\\\/fr\\\/produit\\\/sable-resine-epoxy-pigment-liquide\\\/#primaryimage\"},\"image\":{\"@id\":\"https:\\\/\\\/chillepoxy.com\\\/fr\\\/produit\\\/sable-resine-epoxy-pigment-liquide\\\/#primaryimage\"},\"thumbnailUrl\":\"https:\\\/\\\/chillepoxy.com\\\/wp-content\\\/uploads\\\/2022\\\/10\\\/epoxy-resin-pigment-dye-color-sand.jpg\",\"datePublished\":\"2022-10-18T19:02:02+00:00\",\"dateModified\":\"2024-04-11T13:23:36+00:00\",\"description\":\"Pigment liquide de r\u00e9sine \u00e9poxy de sable Le pigment liquide de sable ultime pour r\u00e9sine \u00e9poxy. Pigments 100% r\u00e9actifs pour obtenir des couleurs pures et durables.\",\"breadcrumb\":{\"@id\":\"https:\\\/\\\/chillepoxy.com\\\/fr\\\/produit\\\/sable-resine-epoxy-pigment-liquide\\\/#breadcrumb\"},\"inLanguage\":\"fr-FR\",\"potentialAction\":[{\"@type\":\"ReadAction\",\"target\":[\"https:\\\/\\\/chillepoxy.com\\\/fr\\\/produit\\\/sable-resine-epoxy-pigment-liquide\\\/\"]}]},{\"@type\":\"ImageObject\",\"inLanguage\":\"fr-FR\",\"@id\":\"https:\\\/\\\/chillepoxy.com\\\/fr\\\/produit\\\/sable-resine-epoxy-pigment-liquide\\\/#primaryimage\",\"url\":\"https:\\\/\\\/chillepoxy.com\\\/wp-content\\\/uploads\\\/2022\\\/10\\\/epoxy-resin-pigment-dye-color-sand.jpg\",\"contentUrl\":\"https:\\\/\\\/chillepoxy.com\\\/wp-content\\\/uploads\\\/2022\\\/10\\\/epoxy-resin-pigment-dye-color-sand.jpg\",\"width\":1920,\"height\":1920,\"caption\":\"R\u00e9sine Epoxy Sable Pigment Liquide Epoxy Chill\"},{\"@type\":\"BreadcrumbList\",\"@id\":\"https:\\\/\\\/chillepoxy.com\\\/fr\\\/produit\\\/sable-resine-epoxy-pigment-liquide\\\/#breadcrumb\",\"itemListElement\":[{\"@type\":\"ListItem\",\"position\":1,\"name\":\"Home\",\"item\":\"https:\\\/\\\/chillepoxy.com\\\/fr\\\/\"},{\"@type\":\"ListItem\",\"position\":2,\"name\":\"Boutique\",\"item\":\"https:\\\/\\\/chillepoxy.com\\\/fr\\\/boutique\\\/\"},{\"@type\":\"ListItem\",\"position\":3,\"name\":\"Pigment liquide de r\u00e9sine \u00e9poxy de sable\"}]},{\"@type\":\"WebSite\",\"@id\":\"https:\\\/\\\/chillepoxy.com\\\/fr\\\/#website\",\"url\":\"https:\\\/\\\/chillepoxy.com\\\/fr\\\/\",\"name\":\"CHILL EPOXY\u2122 High-Quality Canadian-Made Epoxy Resin\",\"description\":\"High-Quality Canadian-Made Epoxy Resin | Casting &amp; Art\",\"publisher\":{\"@id\":\"https:\\\/\\\/chillepoxy.com\\\/fr\\\/#organization\"},\"alternateName\":\"High-Quality Epoxy Resin\",\"potentialAction\":[{\"@type\":\"SearchAction\",\"target\":{\"@type\":\"EntryPoint\",\"urlTemplate\":\"https:\\\/\\\/chillepoxy.com\\\/fr\\\/?s={search_term_string}\"},\"query-input\":{\"@type\":\"PropertyValueSpecification\",\"valueRequired\":true,\"valueName\":\"search_term_string\"}}],\"inLanguage\":\"fr-FR\"},{\"@type\":\"Organization\",\"@id\":\"https:\\\/\\\/chillepoxy.com\\\/fr\\\/#organization\",\"name\":\"CHILL EPOXY\u2122\",\"alternateName\":\"High-Quality Canadian-Made Epoxy Resin\",\"url\":\"https:\\\/\\\/chillepoxy.com\\\/fr\\\/\",\"logo\":{\"@type\":\"ImageObject\",\"inLanguage\":\"fr-FR\",\"@id\":\"https:\\\/\\\/chillepoxy.com\\\/fr\\\/#\\\/schema\\\/logo\\\/image\\\/\",\"url\":\"https:\\\/\\\/i0.wp.com\\\/chillepoxy.com\\\/wp-content\\\/uploads\\\/2024\\\/02\\\/polymeres_technologies.png?fit=649%2C649&ssl=1\",\"contentUrl\":\"https:\\\/\\\/i0.wp.com\\\/chillepoxy.com\\\/wp-content\\\/uploads\\\/2024\\\/02\\\/polymeres_technologies.png?fit=649%2C649&ssl=1\",\"width\":649,\"height\":649,\"caption\":\"CHILL EPOXY\u2122\"},\"image\":{\"@id\":\"https:\\\/\\\/chillepoxy.com\\\/fr\\\/#\\\/schema\\\/logo\\\/image\\\/\"},\"sameAs\":[\"https:\\\/\\\/www.facebook.com\\\/polymerestechnologies\\\/\",\"https:\\\/\\\/www.instagram.com\\\/polymeres_technologies\\\/\",\"https:\\\/\\\/www.linkedin.com\\\/company\\\/polymeres-technologies\\\/\",\"https:\\\/\\\/www.youtube.com\\\/channel\\\/UCDaFKmK4Hn3KPKmBaTXWong\"]}]}<\/script>\n<!-- \/ Yoast SEO Premium plugin. -->","yoast_head_json":{"title":"Pigment liquide de r\u00e9sine \u00e9poxy de sable | CHILL EPOXY","description":"Pigment liquide de r\u00e9sine \u00e9poxy de sable Le pigment liquide de sable ultime pour r\u00e9sine \u00e9poxy. Pigments 100% r\u00e9actifs pour obtenir des couleurs pures et durables.","robots":{"index":"index","follow":"follow","max-snippet":"max-snippet:-1","max-image-preview":"max-image-preview:large","max-video-preview":"max-video-preview:-1"},"canonical":"https:\/\/chillepoxy.com\/fr\/produit\/sable-resine-epoxy-pigment-liquide\/","og_locale":"fr_FR","og_type":"article","og_title":"Pigment liquide de r\u00e9sine \u00e9poxy de sable","og_description":"Pigment liquide de r\u00e9sine \u00e9poxy de sable Le pigment liquide de sable ultime pour r\u00e9sine \u00e9poxy. Pigments 100% r\u00e9actifs pour obtenir des couleurs pures et durables.","og_url":"https:\/\/chillepoxy.com\/fr\/produit\/sable-resine-epoxy-pigment-liquide\/","og_site_name":"CHILL EPOXY","article_publisher":"https:\/\/www.facebook.com\/polymerestechnologies\/","article_modified_time":"2024-04-11T13:23:36+00:00","og_image":[{"width":1920,"height":1920,"url":"https:\/\/chillepoxy.com\/wp-content\/uploads\/2022\/10\/epoxy-resin-pigment-dye-color-sand.jpg","type":"image\/jpeg"}],"twitter_card":"summary_large_image","twitter_misc":{"Dur\u00e9e de lecture estim\u00e9e":"2 minutes"},"schema":{"@context":"https:\/\/schema.org","@graph":[{"@type":"WebPage","@id":"https:\/\/chillepoxy.com\/fr\/produit\/sable-resine-epoxy-pigment-liquide\/","url":"https:\/\/chillepoxy.com\/fr\/produit\/sable-resine-epoxy-pigment-liquide\/","name":"Pigment liquide de r\u00e9sine \u00e9poxy de sable | CHILL EPOXY","isPartOf":{"@id":"https:\/\/chillepoxy.com\/fr\/#website"},"primaryImageOfPage":{"@id":"https:\/\/chillepoxy.com\/fr\/produit\/sable-resine-epoxy-pigment-liquide\/#primaryimage"},"image":{"@id":"https:\/\/chillepoxy.com\/fr\/produit\/sable-resine-epoxy-pigment-liquide\/#primaryimage"},"thumbnailUrl":"https:\/\/chillepoxy.com\/wp-content\/uploads\/2022\/10\/epoxy-resin-pigment-dye-color-sand.jpg","datePublished":"2022-10-18T19:02:02+00:00","dateModified":"2024-04-11T13:23:36+00:00","description":"Pigment liquide de r\u00e9sine \u00e9poxy de sable Le pigment liquide de sable ultime pour r\u00e9sine \u00e9poxy. Pigments 100% r\u00e9actifs pour obtenir des couleurs pures et durables.","breadcrumb":{"@id":"https:\/\/chillepoxy.com\/fr\/produit\/sable-resine-epoxy-pigment-liquide\/#breadcrumb"},"inLanguage":"fr-FR","potentialAction":[{"@type":"ReadAction","target":["https:\/\/chillepoxy.com\/fr\/produit\/sable-resine-epoxy-pigment-liquide\/"]}]},{"@type":"ImageObject","inLanguage":"fr-FR","@id":"https:\/\/chillepoxy.com\/fr\/produit\/sable-resine-epoxy-pigment-liquide\/#primaryimage","url":"https:\/\/chillepoxy.com\/wp-content\/uploads\/2022\/10\/epoxy-resin-pigment-dye-color-sand.jpg","contentUrl":"https:\/\/chillepoxy.com\/wp-content\/uploads\/2022\/10\/epoxy-resin-pigment-dye-color-sand.jpg","width":1920,"height":1920,"caption":"R\u00e9sine Epoxy Sable Pigment Liquide Epoxy Chill"},{"@type":"BreadcrumbList","@id":"https:\/\/chillepoxy.com\/fr\/produit\/sable-resine-epoxy-pigment-liquide\/#breadcrumb","itemListElement":[{"@type":"ListItem","position":1,"name":"Home","item":"https:\/\/chillepoxy.com\/fr\/"},{"@type":"ListItem","position":2,"name":"Boutique","item":"https:\/\/chillepoxy.com\/fr\/boutique\/"},{"@type":"ListItem","position":3,"name":"Pigment liquide de r\u00e9sine \u00e9poxy de sable"}]},{"@type":"WebSite","@id":"https:\/\/chillepoxy.com\/fr\/#website","url":"https:\/\/chillepoxy.com\/fr\/","name":"CHILL EPOXY\u2122 High-Quality Canadian-Made Epoxy Resin","description":"High-Quality Canadian-Made Epoxy Resin | Casting &amp; Art","publisher":{"@id":"https:\/\/chillepoxy.com\/fr\/#organization"},"alternateName":"High-Quality Epoxy Resin","potentialAction":[{"@type":"SearchAction","target":{"@type":"EntryPoint","urlTemplate":"https:\/\/chillepoxy.com\/fr\/?s={search_term_string}"},"query-input":{"@type":"PropertyValueSpecification","valueRequired":true,"valueName":"search_term_string"}}],"inLanguage":"fr-FR"},{"@type":"Organization","@id":"https:\/\/chillepoxy.com\/fr\/#organization","name":"CHILL EPOXY\u2122","alternateName":"High-Quality Canadian-Made Epoxy Resin","url":"https:\/\/chillepoxy.com\/fr\/","logo":{"@type":"ImageObject","inLanguage":"fr-FR","@id":"https:\/\/chillepoxy.com\/fr\/#\/schema\/logo\/image\/","url":"https:\/\/i0.wp.com\/chillepoxy.com\/wp-content\/uploads\/2024\/02\/polymeres_technologies.png?fit=649%2C649&ssl=1","contentUrl":"https:\/\/i0.wp.com\/chillepoxy.com\/wp-content\/uploads\/2024\/02\/polymeres_technologies.png?fit=649%2C649&ssl=1","width":649,"height":649,"caption":"CHILL EPOXY\u2122"},"image":{"@id":"https:\/\/chillepoxy.com\/fr\/#\/schema\/logo\/image\/"},"sameAs":["https:\/\/www.facebook.com\/polymerestechnologies\/","https:\/\/www.instagram.com\/polymeres_technologies\/","https:\/\/www.linkedin.com\/company\/polymeres-technologies\/","https:\/\/www.youtube.com\/channel\/UCDaFKmK4Hn3KPKmBaTXWong"]}]}},"jetpack_publicize_connections":[],"jetpack_sharing_enabled":true,"jetpack_likes_enabled":false,"_links":{"self":[{"href":"https:\/\/chillepoxy.com\/fr\/wp-json\/wp\/v2\/product\/20603","targetHints":{"allow":["GET"]}}],"collection":[{"href":"https:\/\/chillepoxy.com\/fr\/wp-json\/wp\/v2\/product"}],"about":[{"href":"https:\/\/chillepoxy.com\/fr\/wp-json\/wp\/v2\/types\/product"}],"replies":[{"embeddable":true,"href":"https:\/\/chillepoxy.com\/fr\/wp-json\/wp\/v2\/comments?post=20603"}],"wp:featuredmedia":[{"embeddable":true,"href":"https:\/\/chillepoxy.com\/fr\/wp-json\/wp\/v2\/media\/22802"}],"wp:attachment":[{"href":"https:\/\/chillepoxy.com\/fr\/wp-json\/wp\/v2\/media?parent=20603"}],"wp:term":[{"taxonomy":"product_brand","embeddable":true,"href":"https:\/\/chillepoxy.com\/fr\/wp-json\/wp\/v2\/product_brand?post=20603"},{"taxonomy":"product_cat","embeddable":true,"href":"https:\/\/chillepoxy.com\/fr\/wp-json\/wp\/v2\/product_cat?post=20603"},{"taxonomy":"product_tag","embeddable":true,"href":"https:\/\/chillepoxy.com\/fr\/wp-json\/wp\/v2\/product_tag?post=20603"}],"curies":[{"name":"wp","href":"https:\/\/api.w.org\/{rel}","templated":true}]}}