{"id":20921,"date":"2022-10-27T14:30:10","date_gmt":"2022-10-27T18:30:10","guid":{"rendered":"https:\/\/chillepoxy.com\/?post_type=product&#038;p=20921"},"modified":"2026-01-08T15:24:02","modified_gmt":"2026-01-08T20:24:02","slug":"pate-de-remplissage-de-bois-noir-et-de-reparation-de-fissures","status":"publish","type":"product","link":"https:\/\/chillepoxy.com\/fr\/produit\/pate-de-remplissage-de-bois-noir-et-de-reparation-de-fissures\/","title":{"rendered":"Mastic de r\u00e9paration noir pour bois &#8211; int\u00e9rieures\/ext\u00e9rieures"},"content":{"rendered":"<h2><span style=\"color: #000000;\">Redonnez vie \u00e0 vos meubles avec notre p\u00e2te de remplissage noir<\/span><\/h2>\n<p><span style=\"color: #000000;\">Mastic de r\u00e9paration noir pour bois. Nous vous pr\u00e9sentons le FILLER \u00c0 BOIS NOIR ET LA P\u00c2TE DE R\u00c9PARATION DE FISSURES P-TEC 8400\u2122, la solution r\u00e9volutionnaire pour tous vos besoins de r\u00e9paration et de restauration du bois. Ce produit polyvalent et performant est une p\u00e2te de r\u00e9paration de polyur\u00e9thane thixotropique \u00e0 100% solide, adapt\u00e9e aux applications int\u00e9rieures et ext\u00e9rieures.<\/span><\/p>\n<p><span style=\"color: #000000;\">P-TEC 8400\u2122 n&rsquo;est pas votre remplisseur de bois et p\u00e2te de r\u00e9paration de fissures ordinaire. Il est s\u00fbr pour les aliments, ce qui le rend parfait pour une utilisation sur des planches \u00e0 charcuterie et tout autre projet impliquant de la nourriture. Il est \u00e9galement r\u00e9sistant aux intemp\u00e9ries, ce qui en fait un choix fiable pour une utilisation en ext\u00e9rieur. Gr\u00e2ce \u00e0 sa formulation unique, P-TEC 8400\u2122 ne r\u00e9tr\u00e9cit pas, ce qui \u00e9limine la n\u00e9cessit\u00e9 de multiples applications.<\/span><\/p>\n<p><span style=\"color: #000000;\">Mais ce n&rsquo;est pas tout ! P-TEC 8400\u2122 peut \u00e9galement \u00eatre utilis\u00e9 comme adh\u00e9sif pour l&rsquo;assemblage structurel de panneaux de polyur\u00e9thane, de panneaux de bois, de c\u00e9ramique, de b\u00e9ton, de m\u00e9tal et de fibre de verre. Il est disponible dans diff\u00e9rentes couleurs pour correspondre \u00e0 diff\u00e9rentes essences de bois, ce qui facilite l&rsquo;obtention d&rsquo;une finition sans soudure.<\/span><\/p>\n<p><span style=\"color: #000000;\">L&rsquo;utilisation de P-TEC 8400\u2122 est un jeu d&rsquo;enfant, gr\u00e2ce \u00e0 son ratio de m\u00e9lange facile de 1A\/1B en volume, son temps de prise rapide de 18 minutes \u00e0 22\u00b0C et son processus de pon\u00e7age rapide et facile. Il est \u00e9galement sans odeur, ce qui le rend s\u00fbr et confortable \u00e0 utiliser. Une fois compl\u00e8tement durcie, elle peut \u00eatre perc\u00e9e, rabot\u00e9e, sculpt\u00e9e et viss\u00e9e, comme du bois v\u00e9ritable.<\/span><\/p>\n<p><span style=\"color: #000000;\">P-TEC 8400\u2122 est compatible avec de nombreux rev\u00eatements de surface et peut \u00eatre fini avec tout type de produit de finition SANS COV ou \u00e0 faible teneur en COV. l est teintable et peignable, ce qui facilite la correspondance de la couleur du bois environnant.<\/span><\/p>\n<p><span style=\"color: #000000;\">ll est teintable et peignable, ce qui facilite la correspondance de la couleur du bois environnant. Pour plus d&rsquo;informations sur P-TEC 8400\u2122 et ses applications, consultez POLYMERES TECHNOLOGIES, et ils seront heureux de vous aider en fonction de vos besoins et de votre application sp\u00e9cifique.<\/span><\/p>\n<h3><span style=\"color: #000000;\">P-TEC 8400\u2122 Mastic de r\u00e9paration noir pour bois<\/span><\/h3>\n<ul>\n<li><span style=\"color: #000000;\">Ratio de m\u00e9lange facile de 1A\/1B en volume : cela facilite son utilisation et garantit une finition constante \u00e0 chaque fois.<\/span><\/li>\n<li><span style=\"color: #000000;\">Temps de prise rapide de 18 minutes \u00e0 22\u00b0C : cela fait de P-TEC 8400\u2122 un choix id\u00e9al pour les projets de menuiserie rapides.<\/span><\/li>\n<li><span style=\"color: #000000;\">S\u00fbr pour les aliments, sans COV : P-TEC 8400\u2122 est s\u00fbr pour les aliments et sans COV, ce qui le rend s\u00fbr pour une utilisation dans toutes les applications li\u00e9es aux aliments.<\/span><\/li>\n<li><span style=\"color: #000000;\">Pas de r\u00e9tr\u00e9cissement, 100% solide : Contrairement \u00e0 l&rsquo;enduit de bois monocomposant traditionnel, P-TEC 8400\u2122 ne r\u00e9tr\u00e9cit pas, \u00e9liminant ainsi la n\u00e9cessit\u00e9 de multiples applications.<\/span><\/li>\n<li><span style=\"color: #000000;\">Teintable et peignable : P-TEC 8400\u2122 peut \u00eatre teint\u00e9 et peint pour correspondre au bois environnant.<\/span><\/li>\n<li><span style=\"color: #000000;\">Sans odeur : P-TEC 8400\u2122 est sans odeur, ce qui le rend s\u00fbr et confortable \u00e0 utiliser.<\/span><\/li>\n<li><span style=\"color: #000000;\">Peut \u00eatre perc\u00e9, rabot\u00e9, sculpt\u00e9 et viss\u00e9 : Une fois compl\u00e8tement durcie, P-TEC 8400\u2122 peut \u00eatre travaill\u00e9 comme du bois v\u00e9ritable.<\/span><\/li>\n<li><span style=\"color: #000000;\">Processus de pon\u00e7age rapide et facile : P-TEC 8400\u2122 est facile \u00e0 poncer, assurant une finition sans soudure.<\/span><\/li>\n<li><span style=\"color: #000000;\">Excellentes stabilit\u00e9s thermique et dimensionnelle : P-TEC 8400\u2122 offre d&rsquo;excellentes stabilit\u00e9s thermique et dimensionnelle, garantissant une finition durable.<\/span><\/li>\n<li><span style=\"color: #000000;\">Compatible avec de nombreux rev\u00eatements de surface : P-TEC 8400\u2122 est compatible avec de nombreux rev\u00eatements de surface, ce qui en fait un choix polyvalent pour tout projet de menuiserie.<\/span><\/li>\n<li><span style=\"color: #000000;\">Excellent adh\u00e9sif pour de nombreux substrats : P-TEC 8400\u2122 peut \u00eatre utilis\u00e9 comme adh\u00e9sif pour de nombreux substrats, y compris les panneaux de polyur\u00e9thane, les panneaux de bois, la c\u00e9ramique, le b\u00e9ton, le m\u00e9tal et la fibre de verre.<\/span><\/li>\n<\/ul>\n<p><span style=\"color: #000000;\">Pour utiliser P-TEC 8400\u2122, les deux parties du produit doivent \u00eatre soigneusement m\u00e9lang\u00e9es selon le rapport de m\u00e9lange indiqu\u00e9 sur la fiche technique (TDS). Avant utilisation, assurez-vous que la surface est exempte de poussi\u00e8re, de graisse ou de pollution. Pendant le traitement, la dur\u00e9e de vie en pot et le temps avant le pon\u00e7age peuvent varier en fonction de la temp\u00e9rature ambiante. La r\u00e9action exothermique qui se d\u00e9veloppera pendant le durcissement varie en fonction de l&rsquo;\u00e9paisseur du produit appliqu\u00e9, jusqu&rsquo;\u00e0 une valeur maximale de 79\u00b0C (174\u00b0F).<\/span><\/p>\n<p><span style=\"color: #000000;\">Lors de l&rsquo;utilisation de P-TEC 8400\u2122, il est important de tester la compatibilit\u00e9 entre l&rsquo;enduit et l&rsquo;appr\u00eat avant la peinture. P-TEC 8400\u2122 peut \u00eatre fini avec tout type de produit de finition SANS COV ou \u00e0 faible teneur en COV, et peut \u00e9galement \u00eatre peint et teint\u00e9.<\/span><\/p>\n<p><span style=\"color: #000000;\">Pour plus d&rsquo;informations sur P-TEC 8400\u2122 et ses applications, veuillez consulter POLYMERES TECHNOLOGIES, qui se fera un plaisir de vous aider en fonction de vos besoins et de votre application sp\u00e9cifique.<\/span><\/p>\n","protected":false},"excerpt":{"rendered":"<h1><span style=\"font-size: 75%;\">P\u00e2te de r\u00e9parations deux composants pour le bois<\/span><\/h1>\n<p><span style=\"font-size: 75%;\">P-TEC 8400\u2122, la p\u00e2te r\u00e9volutionnaire de r\u00e9paration du bois qui changera votre approche des r\u00e9parations du bois int\u00e9rieur et ext\u00e9rieur. Cette p\u00e2te de polyur\u00e9thane \u00e0 faible densit\u00e9 thixotropique \u00e0 100% solide est sp\u00e9cialement con\u00e7ue pour des r\u00e9parations rapides et faciles de bois endommag\u00e9, remplissant les fissures, les trous, les vides ou le bois pourri. Gr\u00e2ce \u00e0 sa formulation unique, P-TEC 8400\u2122 offre une finition indiscernable du bois v\u00e9ritable, ce qui en fait un choix id\u00e9al pour les r\u00e9parations esth\u00e9tiques et fonctionnelles. Contrairement aux mastics \u00e0 bois monocomposants, notre mastic de bois ne r\u00e9tr\u00e9cit pas, ce qui en fait le seul mastic dont vous aurez besoin dans votre atelier de menuiserie. <\/span><\/p>\n","protected":false},"featured_media":20951,"comment_status":"open","ping_status":"closed","template":"","meta":{"jetpack_publicize_message":"","jetpack_publicize_feature_enabled":true,"jetpack_social_post_already_shared":true,"jetpack_social_options":{"image_generator_settings":{"template":"highway","default_image_id":0,"font":"","enabled":false},"version":2}},"product_brand":[],"product_cat":[93,1373],"product_tag":[301,304],"class_list":{"0":"post-20921","1":"product","2":"type-product","3":"status-publish","4":"has-post-thumbnail","6":"product_cat-mastic-a-bois","7":"product_cat-resine-polyurethane","8":"product_tag-pate-de-reparation-pour-le-bois","9":"product_tag-pate-de-reparation-pour-le-bois-a-prise-rapide","11":"first","12":"instock","13":"featured","14":"taxable","15":"shipping-taxable","16":"purchasable","17":"product-type-variable"},"yoast_head":"<!-- This site is optimized with the Yoast SEO Premium plugin v27.4 (Yoast SEO v27.4) - https:\/\/yoast.com\/product\/yoast-seo-premium-wordpress\/ -->\n<title>Mastic de r\u00e9paration noir pour bois - int\u00e9rieures\/ext\u00e9rieures | CHILL EPOXY<\/title>\n<meta name=\"description\" content=\"Mastic de r\u00e9paration noir pour bois. R\u00e9parez les fissures et les trous dans vos meubles en bois avec notre mastic de r\u00e9paration noir pour bois de haute qualit\u00e9.\" \/>\n<meta name=\"robots\" content=\"index, follow, max-snippet:-1, max-image-preview:large, max-video-preview:-1\" \/>\n<link rel=\"canonical\" href=\"https:\/\/chillepoxy.com\/fr\/produit\/pate-de-remplissage-de-bois-noir-et-de-reparation-de-fissures\/\" \/>\n<meta property=\"og:locale\" content=\"fr_FR\" \/>\n<meta property=\"og:type\" content=\"article\" \/>\n<meta property=\"og:title\" content=\"Mastic de r\u00e9paration noir pour bois - int\u00e9rieures\/ext\u00e9rieures\" \/>\n<meta property=\"og:description\" content=\"Mastic de r\u00e9paration noir pour bois. R\u00e9parez les fissures et les trous dans vos meubles en bois avec notre mastic de r\u00e9paration noir pour bois de haute qualit\u00e9.\" \/>\n<meta property=\"og:url\" content=\"https:\/\/chillepoxy.com\/fr\/produit\/pate-de-remplissage-de-bois-noir-et-de-reparation-de-fissures\/\" \/>\n<meta property=\"og:site_name\" content=\"CHILL EPOXY\" \/>\n<meta property=\"article:publisher\" content=\"https:\/\/www.facebook.com\/polymerestechnologies\/\" \/>\n<meta property=\"article:modified_time\" content=\"2026-01-08T20:24:02+00:00\" \/>\n<meta property=\"og:image\" content=\"https:\/\/chillepoxy.com\/wp-content\/uploads\/2022\/10\/black-wood-filler-repair-putty-woodworking.png\" \/>\n\t<meta property=\"og:image:width\" content=\"1920\" \/>\n\t<meta property=\"og:image:height\" content=\"1920\" \/>\n\t<meta property=\"og:image:type\" content=\"image\/png\" \/>\n<meta name=\"twitter:card\" content=\"summary_large_image\" \/>\n<meta name=\"twitter:label1\" content=\"Dur\u00e9e de lecture estim\u00e9e\" \/>\n\t<meta name=\"twitter:data1\" content=\"4 minutes\" \/>\n<script type=\"application\/ld+json\" class=\"yoast-schema-graph\">{\"@context\":\"https:\\\/\\\/schema.org\",\"@graph\":[{\"@type\":\"WebPage\",\"@id\":\"https:\\\/\\\/chillepoxy.com\\\/fr\\\/produit\\\/pate-de-remplissage-de-bois-noir-et-de-reparation-de-fissures\\\/\",\"url\":\"https:\\\/\\\/chillepoxy.com\\\/fr\\\/produit\\\/pate-de-remplissage-de-bois-noir-et-de-reparation-de-fissures\\\/\",\"name\":\"Mastic de r\u00e9paration noir pour bois - int\u00e9rieures\\\/ext\u00e9rieures | CHILL EPOXY\",\"isPartOf\":{\"@id\":\"https:\\\/\\\/chillepoxy.com\\\/fr\\\/#website\"},\"primaryImageOfPage\":{\"@id\":\"https:\\\/\\\/chillepoxy.com\\\/fr\\\/produit\\\/pate-de-remplissage-de-bois-noir-et-de-reparation-de-fissures\\\/#primaryimage\"},\"image\":{\"@id\":\"https:\\\/\\\/chillepoxy.com\\\/fr\\\/produit\\\/pate-de-remplissage-de-bois-noir-et-de-reparation-de-fissures\\\/#primaryimage\"},\"thumbnailUrl\":\"https:\\\/\\\/chillepoxy.com\\\/wp-content\\\/uploads\\\/2022\\\/10\\\/black-wood-filler-repair-putty-woodworking.png\",\"datePublished\":\"2022-10-27T18:30:10+00:00\",\"dateModified\":\"2026-01-08T20:24:02+00:00\",\"description\":\"Mastic de r\u00e9paration noir pour bois. R\u00e9parez les fissures et les trous dans vos meubles en bois avec notre mastic de r\u00e9paration noir pour bois de haute qualit\u00e9.\",\"breadcrumb\":{\"@id\":\"https:\\\/\\\/chillepoxy.com\\\/fr\\\/produit\\\/pate-de-remplissage-de-bois-noir-et-de-reparation-de-fissures\\\/#breadcrumb\"},\"inLanguage\":\"fr-FR\",\"potentialAction\":[{\"@type\":\"ReadAction\",\"target\":[\"https:\\\/\\\/chillepoxy.com\\\/fr\\\/produit\\\/pate-de-remplissage-de-bois-noir-et-de-reparation-de-fissures\\\/\"]}]},{\"@type\":\"ImageObject\",\"inLanguage\":\"fr-FR\",\"@id\":\"https:\\\/\\\/chillepoxy.com\\\/fr\\\/produit\\\/pate-de-remplissage-de-bois-noir-et-de-reparation-de-fissures\\\/#primaryimage\",\"url\":\"https:\\\/\\\/chillepoxy.com\\\/wp-content\\\/uploads\\\/2022\\\/10\\\/black-wood-filler-repair-putty-woodworking.png\",\"contentUrl\":\"https:\\\/\\\/chillepoxy.com\\\/wp-content\\\/uploads\\\/2022\\\/10\\\/black-wood-filler-repair-putty-woodworking.png\",\"width\":1920,\"height\":1920,\"caption\":\"Mastic de r\u00e9paration noir pour bois\"},{\"@type\":\"BreadcrumbList\",\"@id\":\"https:\\\/\\\/chillepoxy.com\\\/fr\\\/produit\\\/pate-de-remplissage-de-bois-noir-et-de-reparation-de-fissures\\\/#breadcrumb\",\"itemListElement\":[{\"@type\":\"ListItem\",\"position\":1,\"name\":\"Home\",\"item\":\"https:\\\/\\\/chillepoxy.com\\\/fr\\\/\"},{\"@type\":\"ListItem\",\"position\":2,\"name\":\"Boutique\",\"item\":\"https:\\\/\\\/chillepoxy.com\\\/fr\\\/boutique\\\/\"},{\"@type\":\"ListItem\",\"position\":3,\"name\":\"Mastic de r\u00e9paration noir pour bois &#8211; int\u00e9rieures\\\/ext\u00e9rieures\"}]},{\"@type\":\"WebSite\",\"@id\":\"https:\\\/\\\/chillepoxy.com\\\/fr\\\/#website\",\"url\":\"https:\\\/\\\/chillepoxy.com\\\/fr\\\/\",\"name\":\"CHILL EPOXY\u2122 High-Quality Canadian-Made Epoxy Resin\",\"description\":\"High-Quality Canadian-Made Epoxy Resin | Casting &amp; Art\",\"publisher\":{\"@id\":\"https:\\\/\\\/chillepoxy.com\\\/fr\\\/#organization\"},\"alternateName\":\"High-Quality Epoxy Resin\",\"potentialAction\":[{\"@type\":\"SearchAction\",\"target\":{\"@type\":\"EntryPoint\",\"urlTemplate\":\"https:\\\/\\\/chillepoxy.com\\\/fr\\\/?s={search_term_string}\"},\"query-input\":{\"@type\":\"PropertyValueSpecification\",\"valueRequired\":true,\"valueName\":\"search_term_string\"}}],\"inLanguage\":\"fr-FR\"},{\"@type\":\"Organization\",\"@id\":\"https:\\\/\\\/chillepoxy.com\\\/fr\\\/#organization\",\"name\":\"CHILL EPOXY\u2122\",\"alternateName\":\"High-Quality Canadian-Made Epoxy Resin\",\"url\":\"https:\\\/\\\/chillepoxy.com\\\/fr\\\/\",\"logo\":{\"@type\":\"ImageObject\",\"inLanguage\":\"fr-FR\",\"@id\":\"https:\\\/\\\/chillepoxy.com\\\/fr\\\/#\\\/schema\\\/logo\\\/image\\\/\",\"url\":\"https:\\\/\\\/i0.wp.com\\\/chillepoxy.com\\\/wp-content\\\/uploads\\\/2024\\\/02\\\/polymeres_technologies.png?fit=649%2C649&ssl=1\",\"contentUrl\":\"https:\\\/\\\/i0.wp.com\\\/chillepoxy.com\\\/wp-content\\\/uploads\\\/2024\\\/02\\\/polymeres_technologies.png?fit=649%2C649&ssl=1\",\"width\":649,\"height\":649,\"caption\":\"CHILL EPOXY\u2122\"},\"image\":{\"@id\":\"https:\\\/\\\/chillepoxy.com\\\/fr\\\/#\\\/schema\\\/logo\\\/image\\\/\"},\"sameAs\":[\"https:\\\/\\\/www.facebook.com\\\/polymerestechnologies\\\/\",\"https:\\\/\\\/www.instagram.com\\\/polymeres_technologies\\\/\",\"https:\\\/\\\/www.linkedin.com\\\/company\\\/polymeres-technologies\\\/\",\"https:\\\/\\\/www.youtube.com\\\/channel\\\/UCDaFKmK4Hn3KPKmBaTXWong\"]}]}<\/script>\n<!-- \/ Yoast SEO Premium plugin. -->","yoast_head_json":{"title":"Mastic de r\u00e9paration noir pour bois - int\u00e9rieures\/ext\u00e9rieures | CHILL EPOXY","description":"Mastic de r\u00e9paration noir pour bois. R\u00e9parez les fissures et les trous dans vos meubles en bois avec notre mastic de r\u00e9paration noir pour bois de haute qualit\u00e9.","robots":{"index":"index","follow":"follow","max-snippet":"max-snippet:-1","max-image-preview":"max-image-preview:large","max-video-preview":"max-video-preview:-1"},"canonical":"https:\/\/chillepoxy.com\/fr\/produit\/pate-de-remplissage-de-bois-noir-et-de-reparation-de-fissures\/","og_locale":"fr_FR","og_type":"article","og_title":"Mastic de r\u00e9paration noir pour bois - int\u00e9rieures\/ext\u00e9rieures","og_description":"Mastic de r\u00e9paration noir pour bois. R\u00e9parez les fissures et les trous dans vos meubles en bois avec notre mastic de r\u00e9paration noir pour bois de haute qualit\u00e9.","og_url":"https:\/\/chillepoxy.com\/fr\/produit\/pate-de-remplissage-de-bois-noir-et-de-reparation-de-fissures\/","og_site_name":"CHILL EPOXY","article_publisher":"https:\/\/www.facebook.com\/polymerestechnologies\/","article_modified_time":"2026-01-08T20:24:02+00:00","og_image":[{"width":1920,"height":1920,"url":"https:\/\/chillepoxy.com\/wp-content\/uploads\/2022\/10\/black-wood-filler-repair-putty-woodworking.png","type":"image\/png"}],"twitter_card":"summary_large_image","twitter_misc":{"Dur\u00e9e de lecture estim\u00e9e":"4 minutes"},"schema":{"@context":"https:\/\/schema.org","@graph":[{"@type":"WebPage","@id":"https:\/\/chillepoxy.com\/fr\/produit\/pate-de-remplissage-de-bois-noir-et-de-reparation-de-fissures\/","url":"https:\/\/chillepoxy.com\/fr\/produit\/pate-de-remplissage-de-bois-noir-et-de-reparation-de-fissures\/","name":"Mastic de r\u00e9paration noir pour bois - int\u00e9rieures\/ext\u00e9rieures | CHILL EPOXY","isPartOf":{"@id":"https:\/\/chillepoxy.com\/fr\/#website"},"primaryImageOfPage":{"@id":"https:\/\/chillepoxy.com\/fr\/produit\/pate-de-remplissage-de-bois-noir-et-de-reparation-de-fissures\/#primaryimage"},"image":{"@id":"https:\/\/chillepoxy.com\/fr\/produit\/pate-de-remplissage-de-bois-noir-et-de-reparation-de-fissures\/#primaryimage"},"thumbnailUrl":"https:\/\/chillepoxy.com\/wp-content\/uploads\/2022\/10\/black-wood-filler-repair-putty-woodworking.png","datePublished":"2022-10-27T18:30:10+00:00","dateModified":"2026-01-08T20:24:02+00:00","description":"Mastic de r\u00e9paration noir pour bois. R\u00e9parez les fissures et les trous dans vos meubles en bois avec notre mastic de r\u00e9paration noir pour bois de haute qualit\u00e9.","breadcrumb":{"@id":"https:\/\/chillepoxy.com\/fr\/produit\/pate-de-remplissage-de-bois-noir-et-de-reparation-de-fissures\/#breadcrumb"},"inLanguage":"fr-FR","potentialAction":[{"@type":"ReadAction","target":["https:\/\/chillepoxy.com\/fr\/produit\/pate-de-remplissage-de-bois-noir-et-de-reparation-de-fissures\/"]}]},{"@type":"ImageObject","inLanguage":"fr-FR","@id":"https:\/\/chillepoxy.com\/fr\/produit\/pate-de-remplissage-de-bois-noir-et-de-reparation-de-fissures\/#primaryimage","url":"https:\/\/chillepoxy.com\/wp-content\/uploads\/2022\/10\/black-wood-filler-repair-putty-woodworking.png","contentUrl":"https:\/\/chillepoxy.com\/wp-content\/uploads\/2022\/10\/black-wood-filler-repair-putty-woodworking.png","width":1920,"height":1920,"caption":"Mastic de r\u00e9paration noir pour bois"},{"@type":"BreadcrumbList","@id":"https:\/\/chillepoxy.com\/fr\/produit\/pate-de-remplissage-de-bois-noir-et-de-reparation-de-fissures\/#breadcrumb","itemListElement":[{"@type":"ListItem","position":1,"name":"Home","item":"https:\/\/chillepoxy.com\/fr\/"},{"@type":"ListItem","position":2,"name":"Boutique","item":"https:\/\/chillepoxy.com\/fr\/boutique\/"},{"@type":"ListItem","position":3,"name":"Mastic de r\u00e9paration noir pour bois &#8211; int\u00e9rieures\/ext\u00e9rieures"}]},{"@type":"WebSite","@id":"https:\/\/chillepoxy.com\/fr\/#website","url":"https:\/\/chillepoxy.com\/fr\/","name":"CHILL EPOXY\u2122 High-Quality Canadian-Made Epoxy Resin","description":"High-Quality Canadian-Made Epoxy Resin | Casting &amp; Art","publisher":{"@id":"https:\/\/chillepoxy.com\/fr\/#organization"},"alternateName":"High-Quality Epoxy Resin","potentialAction":[{"@type":"SearchAction","target":{"@type":"EntryPoint","urlTemplate":"https:\/\/chillepoxy.com\/fr\/?s={search_term_string}"},"query-input":{"@type":"PropertyValueSpecification","valueRequired":true,"valueName":"search_term_string"}}],"inLanguage":"fr-FR"},{"@type":"Organization","@id":"https:\/\/chillepoxy.com\/fr\/#organization","name":"CHILL EPOXY\u2122","alternateName":"High-Quality Canadian-Made Epoxy Resin","url":"https:\/\/chillepoxy.com\/fr\/","logo":{"@type":"ImageObject","inLanguage":"fr-FR","@id":"https:\/\/chillepoxy.com\/fr\/#\/schema\/logo\/image\/","url":"https:\/\/i0.wp.com\/chillepoxy.com\/wp-content\/uploads\/2024\/02\/polymeres_technologies.png?fit=649%2C649&ssl=1","contentUrl":"https:\/\/i0.wp.com\/chillepoxy.com\/wp-content\/uploads\/2024\/02\/polymeres_technologies.png?fit=649%2C649&ssl=1","width":649,"height":649,"caption":"CHILL EPOXY\u2122"},"image":{"@id":"https:\/\/chillepoxy.com\/fr\/#\/schema\/logo\/image\/"},"sameAs":["https:\/\/www.facebook.com\/polymerestechnologies\/","https:\/\/www.instagram.com\/polymeres_technologies\/","https:\/\/www.linkedin.com\/company\/polymeres-technologies\/","https:\/\/www.youtube.com\/channel\/UCDaFKmK4Hn3KPKmBaTXWong"]}]}},"jetpack_publicize_connections":[],"jetpack_sharing_enabled":true,"jetpack_likes_enabled":false,"_links":{"self":[{"href":"https:\/\/chillepoxy.com\/fr\/wp-json\/wp\/v2\/product\/20921","targetHints":{"allow":["GET"]}}],"collection":[{"href":"https:\/\/chillepoxy.com\/fr\/wp-json\/wp\/v2\/product"}],"about":[{"href":"https:\/\/chillepoxy.com\/fr\/wp-json\/wp\/v2\/types\/product"}],"replies":[{"embeddable":true,"href":"https:\/\/chillepoxy.com\/fr\/wp-json\/wp\/v2\/comments?post=20921"}],"wp:featuredmedia":[{"embeddable":true,"href":"https:\/\/chillepoxy.com\/fr\/wp-json\/wp\/v2\/media\/20951"}],"wp:attachment":[{"href":"https:\/\/chillepoxy.com\/fr\/wp-json\/wp\/v2\/media?parent=20921"}],"wp:term":[{"taxonomy":"product_brand","embeddable":true,"href":"https:\/\/chillepoxy.com\/fr\/wp-json\/wp\/v2\/product_brand?post=20921"},{"taxonomy":"product_cat","embeddable":true,"href":"https:\/\/chillepoxy.com\/fr\/wp-json\/wp\/v2\/product_cat?post=20921"},{"taxonomy":"product_tag","embeddable":true,"href":"https:\/\/chillepoxy.com\/fr\/wp-json\/wp\/v2\/product_tag?post=20921"}],"curies":[{"name":"wp","href":"https:\/\/api.w.org\/{rel}","templated":true}]}}