{"id":20965,"date":"2022-10-27T15:42:15","date_gmt":"2022-10-27T19:42:15","guid":{"rendered":"https:\/\/chillepoxy.com\/?post_type=product&#038;p=20965"},"modified":"2025-03-27T09:15:26","modified_gmt":"2025-03-27T13:15:26","slug":"mastic-pour-bois-et-pate-de-reparation-de-fissures-beige","status":"publish","type":"product","link":"https:\/\/chillepoxy.com\/fr\/produit\/mastic-pour-bois-et-pate-de-reparation-de-fissures-beige\/","title":{"rendered":"Mastic de r\u00e9paration pour bois \u00e0 s\u00e9chage rapide et sablage facile | Couleur : Beige | Grade alimentaire | R\u00e9sistant aux intemp\u00e9ries | P-TEC 8400"},"content":{"rendered":"<h1>Mastic de r\u00e9paration pour bois \u00e0 s\u00e9chage rapide et sablage facile | Couleur : Beige | Grade alimentaire | R\u00e9sistant aux intemp\u00e9ries | P-TEC 8400<\/h1>\n<p><span style=\"color: #000000;\">Mastic de r\u00e9paration pour bois \u00e0 s\u00e9chage rapide et sablage facile | Couleur : Beige | Grade alimentaire | R\u00e9sistant aux intemp\u00e9ries | P-TEC 8400. <\/span><span style=\"color: #000000;\">P-TEC 8400\u2122 n&rsquo;est pas votre remplisseur de bois et p\u00e2te de r\u00e9paration de fissures ordinaire. Il est s\u00fbr pour les aliments, ce qui le rend parfait pour une utilisation sur des planches \u00e0 charcuterie et tout autre projet impliquant de la nourriture. Il est \u00e9galement r\u00e9sistant aux intemp\u00e9ries, ce qui en fait un choix fiable pour une utilisation en ext\u00e9rieur. Gr\u00e2ce \u00e0 sa formulation unique, P-TEC 8400\u2122 ne r\u00e9tr\u00e9cit pas, ce qui \u00e9limine la n\u00e9cessit\u00e9 de multiples applications.<\/span><\/p>\n<div id='gallery-1' class='gallery galleryid-20965 gallery-columns-5 gallery-size-full'><figure class='gallery-item'>\n\t\t\t<div class='gallery-icon landscape'>\n\t\t\t\t<a href='https:\/\/chillepoxy.com\/fr\/?attachment_id=20933#main'><img loading=\"lazy\" decoding=\"async\" width=\"1920\" height=\"1440\" src=\"https:\/\/chillepoxy.com\/wp-content\/uploads\/2022\/10\/beige-wood-filler-crack-repair-putty.png\" class=\"attachment-full size-full\" alt=\"Produits de remplissage pour le bois Beige\" aria-describedby=\"gallery-1-20933\" srcset=\"https:\/\/chillepoxy.com\/wp-content\/uploads\/2022\/10\/beige-wood-filler-crack-repair-putty.png 1920w, https:\/\/chillepoxy.com\/wp-content\/uploads\/2022\/10\/beige-wood-filler-crack-repair-putty-600x450.png 600w, https:\/\/chillepoxy.com\/wp-content\/uploads\/2022\/10\/beige-wood-filler-crack-repair-putty-1200x900.png 1200w\" sizes=\"auto, (max-width: 1920px) 100vw, 1920px\" \/><\/a>\n\t\t\t<\/div>\n\t\t\t\t<figcaption class='wp-caption-text gallery-caption' id='gallery-1-20933'>\n\t\t\t\tBeige \n\t\t\t\t<\/figcaption><\/figure><figure class='gallery-item'>\n\t\t\t<div class='gallery-icon landscape'>\n\t\t\t\t<a href='https:\/\/chillepoxy.com\/fr\/?attachment_id=20937#main'><img loading=\"lazy\" decoding=\"async\" width=\"1920\" height=\"1440\" src=\"https:\/\/chillepoxy.com\/wp-content\/uploads\/2022\/10\/black-wood-filler-crack-repair-putty.png\" class=\"attachment-full size-full\" alt=\"Produits de remplissage pour le bois Noir\" aria-describedby=\"gallery-1-20937\" srcset=\"https:\/\/chillepoxy.com\/wp-content\/uploads\/2022\/10\/black-wood-filler-crack-repair-putty.png 1920w, https:\/\/chillepoxy.com\/wp-content\/uploads\/2022\/10\/black-wood-filler-crack-repair-putty-600x450.png 600w, https:\/\/chillepoxy.com\/wp-content\/uploads\/2022\/10\/black-wood-filler-crack-repair-putty-1200x900.png 1200w\" sizes=\"auto, (max-width: 1920px) 100vw, 1920px\" \/><\/a>\n\t\t\t<\/div>\n\t\t\t\t<figcaption class='wp-caption-text gallery-caption' id='gallery-1-20937'>\n\t\t\t\tNoir\n\t\t\t\t<\/figcaption><\/figure><figure class='gallery-item'>\n\t\t\t<div class='gallery-icon landscape'>\n\t\t\t\t<a href='https:\/\/chillepoxy.com\/fr\/?attachment_id=20935#main'><img loading=\"lazy\" decoding=\"async\" width=\"1920\" height=\"1440\" src=\"https:\/\/chillepoxy.com\/wp-content\/uploads\/2022\/10\/black-walnut-wood-filler-crack-repair-putty.png\" class=\"attachment-full size-full\" alt=\"Produits de remplissage pour le bois Noyer Noir\" aria-describedby=\"gallery-1-20935\" srcset=\"https:\/\/chillepoxy.com\/wp-content\/uploads\/2022\/10\/black-walnut-wood-filler-crack-repair-putty.png 1920w, https:\/\/chillepoxy.com\/wp-content\/uploads\/2022\/10\/black-walnut-wood-filler-crack-repair-putty-600x450.png 600w, https:\/\/chillepoxy.com\/wp-content\/uploads\/2022\/10\/black-walnut-wood-filler-crack-repair-putty-1200x900.png 1200w, https:\/\/chillepoxy.com\/wp-content\/uploads\/2022\/10\/black-walnut-wood-filler-crack-repair-putty-520x390.png 520w, https:\/\/chillepoxy.com\/wp-content\/uploads\/2022\/10\/black-walnut-wood-filler-crack-repair-putty-768x576.png 768w, https:\/\/chillepoxy.com\/wp-content\/uploads\/2022\/10\/black-walnut-wood-filler-crack-repair-putty-1536x1152.png 1536w\" sizes=\"auto, (max-width: 1920px) 100vw, 1920px\" \/><\/a>\n\t\t\t<\/div>\n\t\t\t\t<figcaption class='wp-caption-text gallery-caption' id='gallery-1-20935'>\n\t\t\t\tNoyer Noir\n\t\t\t\t<\/figcaption><\/figure><figure class='gallery-item'>\n\t\t\t<div class='gallery-icon landscape'>\n\t\t\t\t<a href='https:\/\/chillepoxy.com\/fr\/?attachment_id=20939#main'><img loading=\"lazy\" decoding=\"async\" width=\"1920\" height=\"1440\" src=\"https:\/\/chillepoxy.com\/wp-content\/uploads\/2022\/10\/cognac-wood-filler-crack-repair-putty.png\" class=\"attachment-full size-full\" alt=\"Produits de remplissage pour le bois Cognac\" aria-describedby=\"gallery-1-20939\" srcset=\"https:\/\/chillepoxy.com\/wp-content\/uploads\/2022\/10\/cognac-wood-filler-crack-repair-putty.png 1920w, https:\/\/chillepoxy.com\/wp-content\/uploads\/2022\/10\/cognac-wood-filler-crack-repair-putty-600x450.png 600w, https:\/\/chillepoxy.com\/wp-content\/uploads\/2022\/10\/cognac-wood-filler-crack-repair-putty-1200x900.png 1200w\" sizes=\"auto, (max-width: 1920px) 100vw, 1920px\" \/><\/a>\n\t\t\t<\/div>\n\t\t\t\t<figcaption class='wp-caption-text gallery-caption' id='gallery-1-20939'>\n\t\t\t\tCognac \n\t\t\t\t<\/figcaption><\/figure><figure class='gallery-item'>\n\t\t\t<div class='gallery-icon landscape'>\n\t\t\t\t<a href='https:\/\/chillepoxy.com\/fr\/?attachment_id=20941#main'><img loading=\"lazy\" decoding=\"async\" width=\"1920\" height=\"1440\" src=\"https:\/\/chillepoxy.com\/wp-content\/uploads\/2022\/10\/grey-wood-filler-crack-repair-putty.png\" class=\"attachment-full size-full\" alt=\"Produits de remplissage pour le bois Gris\" aria-describedby=\"gallery-1-20941\" srcset=\"https:\/\/chillepoxy.com\/wp-content\/uploads\/2022\/10\/grey-wood-filler-crack-repair-putty.png 1920w, https:\/\/chillepoxy.com\/wp-content\/uploads\/2022\/10\/grey-wood-filler-crack-repair-putty-600x450.png 600w, https:\/\/chillepoxy.com\/wp-content\/uploads\/2022\/10\/grey-wood-filler-crack-repair-putty-1200x900.png 1200w\" sizes=\"auto, (max-width: 1920px) 100vw, 1920px\" \/><\/a>\n\t\t\t<\/div>\n\t\t\t\t<figcaption class='wp-caption-text gallery-caption' id='gallery-1-20941'>\n\t\t\t\tGris\n\t\t\t\t<\/figcaption><\/figure>\n\t\t<\/div>\n\n<p>&nbsp;<\/p>\n<p><strong>Description du produit<\/strong><br \/>\nP-TEC 8400\u2122 Beige est une p\u00e2te de r\u00e9paration polyur\u00e9thane thixotropique haute performance, 100 % solide, con\u00e7ue pour la r\u00e9paration et la restauration du bois. Adapt\u00e9e aux applications int\u00e9rieures et ext\u00e9rieures, elle offre une excellente adh\u00e9rence, une r\u00e9sistance aux intemp\u00e9ries et un s\u00e9chage rapide. <\/p>\n<p><strong>Caract\u00e9ristiques et Avantages<\/strong><\/p>\n<ul>\n<li><strong>Ratio de m\u00e9lange : 1:1 en volume (Partie A\/Partie B)<\/strong><\/li>\n<li><strong>Temps de prise<\/strong> : 18 minutes \u00e0 22\u00b0C (72\u00b0F)<\/li>\n<li><strong>Contact alimentaire <\/strong> : Convient aux surfaces en contact avec les aliments, y compris les planches \u00e0 charcuterie.<\/li>\n<li><strong>Sans COV<\/strong> : Ne contient aucun compos\u00e9 organique volatil.<\/li>\n<li><strong> R\u00e9sistant aux intemp\u00e9ries<\/strong> : Id\u00e9al pour les applications ext\u00e9rieures.<\/li>\n<li><strong>Sans retrait<\/strong> : \u00c9vite la n\u00e9cessit\u00e9 d&rsquo;applications multiples.<\/li>\n<li><strong>Sans odeur<\/strong> : S\u00fbr et confortable \u00e0 utiliser.<\/li>\n<li><strong>Sablage facile<\/strong> : Permet une finition lisse et efficace.<\/li>\n<li><strong>Teignable\/Peignable<\/strong> : S\u2019int\u00e8gre parfaitement au bois environnant.<\/li>\n<li><strong>Per\u00e7able, rabotable, sculptable<\/strong> : Se travaille comme du bois une fois durci.<\/li>\n<li><strong>Stabilit\u00e9 thermique<\/strong> : Temp\u00e9rature maximale de r\u00e9action exothermique de 79\u00baC (174\u00baF).<\/li>\n<li><strong>Compatible avec les rev\u00eatements de surface<\/strong> : Peut \u00eatre fini avec des produits sans COV ou \u00e0 faible teneur en COV.<\/li>\n<\/ul>\n<h2>Mastic de r\u00e9paration pour bois \u00e0 s\u00e9chage rapide et sablage facile | Couleur : Beige | Grade alimentaire | R\u00e9sistant aux intemp\u00e9ries | P-TEC 8400<\/h2>\n<p>P-TEC 8400\u2122 est con\u00e7u pour :<\/p>\n<ul>\n<li>R\u00e9paration des fissures, cavit\u00e9s et d\u00e9fauts des surfaces en bois.<\/li>\n<li>Collage adh\u00e9sif de substrats tels que panneaux de polyur\u00e9thane, bois, c\u00e9ramique, b\u00e9ton, m\u00e9tal et fibre de verre.<\/li>\n<li>Projets de restauration de bois int\u00e9rieur et ext\u00e9rieur<\/li>\n<\/ul>\n<p><strong>Pr\u00e9paration de la surface<\/strong><br \/>\nAssurez-vous que la surface est propre, exempte de poussi\u00e8re, de graisse et de contaminants. Une pr\u00e9paration ad\u00e9quate est essentielle pour une adh\u00e9rence et une performance optimales. <\/p>\n<p><strong>Instructions de m\u00e9lange<\/strong><\/p>\n<ul>\n<li>M\u00e9langer la partie A et la partie B dans un rapport volumique de 1:1<\/li>\n<li>M\u00e9langez soigneusement pour assurer une distribution homog\u00e8ne.<\/li>\n<li>Appliquez imm\u00e9diatement apr\u00e8s m\u00e9lange, avec une dur\u00e9e de vie en pot de 18 minutes \u00e0 22\u00b0C.<\/li>\n<\/ul>\n<p><strong>Application et durcissement<\/strong><\/p>\n<ul>\n<li>Appliquez P-TEC 8400\u2122 avec une spatule ou un outil adapt\u00e9.<\/li>\n<li>Laissez durcir compl\u00e8tement avant de proc\u00e9der au pon\u00e7age ou \u00e0 toute finition suppl\u00e9mentaire.<\/li>\n<li>Le temps de s\u00e9chage varie en fonction de la temp\u00e9rature ambiante et de l&rsquo;\u00e9paisseur appliqu\u00e9e.<\/li>\n<\/ul>\n<p><strong>Stabilit\u00e9 thermique et dimensionnelle<\/strong><br \/>\nP-TEC 8400\u2122 offre une excellente stabilit\u00e9 thermique et dimensionnelle, garantissant des performances durables sans retrait.<\/p>\n<p><strong>Finition<\/strong><br \/>\nUne fois compl\u00e8tement durci, P-TEC 8400\u2122 peut \u00eatre teint, peint, perc\u00e9, sculpt\u00e9 ou rabot\u00e9 pour obtenir la finition souhait\u00e9e. Testez la compatibilit\u00e9 avec les appr\u00eats et rev\u00eatements avant l\u2019application compl\u00e8te. <\/p>\n<p>Pour tout support technique suppl\u00e9mentaire, veuillez contacter <strong>Polymeres Technologies. <\/strong><\/p>\n","protected":false},"excerpt":{"rendered":"<p><span style=\"font-size: 100%;\">P-TEC 8400\u2122, la p\u00e2te r\u00e9volutionnaire de r\u00e9paration du bois qui changera votre approche des r\u00e9parations du bois int\u00e9rieur et ext\u00e9rieur. Cette p\u00e2te de polyur\u00e9thane \u00e0 faible densit\u00e9 thixotropique \u00e0 100% solide est sp\u00e9cialement con\u00e7ue pour des r\u00e9parations rapides et faciles de bois endommag\u00e9, remplissant les fissures, les trous, les vides ou le bois pourri. Gr\u00e2ce \u00e0 sa formulation unique, P-TEC 8400\u2122 offre une finition indiscernable du bois v\u00e9ritable, ce qui en fait un choix id\u00e9al pour les r\u00e9parations esth\u00e9tiques et fonctionnelles. Contrairement aux mastics \u00e0 bois monocomposants, notre mastic de bois ne r\u00e9tr\u00e9cit pas, ce qui en fait le seul mastic dont vous aurez besoin dans votre atelier de menuiserie. <\/span><\/p>\n","protected":false},"featured_media":20969,"comment_status":"open","ping_status":"closed","template":"","meta":{"jetpack_publicize_message":"","jetpack_publicize_feature_enabled":true,"jetpack_social_post_already_shared":true,"jetpack_social_options":{"image_generator_settings":{"template":"highway","default_image_id":0,"font":"","enabled":false},"version":2}},"product_brand":[],"product_cat":[93,1373],"product_tag":[301,304],"class_list":{"0":"post-20965","1":"product","2":"type-product","3":"status-publish","4":"has-post-thumbnail","6":"product_cat-mastic-a-bois","7":"product_cat-resine-polyurethane","8":"product_tag-pate-de-reparation-pour-le-bois","9":"product_tag-pate-de-reparation-pour-le-bois-a-prise-rapide","11":"first","12":"instock","13":"taxable","14":"shipping-taxable","15":"purchasable","16":"product-type-variable"},"yoast_head":"<!-- This site is optimized with the Yoast SEO Premium plugin v27.4 (Yoast SEO v27.4) - https:\/\/yoast.com\/product\/yoast-seo-premium-wordpress\/ -->\n<title>Mastic de r\u00e9paration du bois \u00e0 s\u00e9chage rapide et sablage facile | Couleur : Beige | CHILL EPOXY<\/title>\n<meta name=\"description\" content=\"Mastic \u00e0 bois \u00e0 s\u00e9chage rapide et sablage facile | Couleur : Beige | R\u00e9parez fissures et trous dans vos meubles en bois avec notre mastic \u00e0 bois beige de haute qualit\u00e9 et p\u00e2te de r\u00e9paration des fissures.\" \/>\n<meta name=\"robots\" content=\"index, follow, max-snippet:-1, max-image-preview:large, max-video-preview:-1\" \/>\n<link rel=\"canonical\" href=\"https:\/\/chillepoxy.com\/fr\/produit\/mastic-pour-bois-et-pate-de-reparation-de-fissures-beige\/\" \/>\n<meta property=\"og:locale\" content=\"fr_FR\" \/>\n<meta property=\"og:type\" content=\"article\" \/>\n<meta property=\"og:title\" content=\"Mastic de r\u00e9paration pour bois \u00e0 s\u00e9chage rapide et sablage facile | Couleur : Beige | Grade alimentaire | R\u00e9sistant aux intemp\u00e9ries | P-TEC 8400\" \/>\n<meta property=\"og:description\" content=\"Mastic \u00e0 bois \u00e0 s\u00e9chage rapide et sablage facile | Couleur : Beige | R\u00e9parez fissures et trous dans vos meubles en bois avec notre mastic \u00e0 bois beige de haute qualit\u00e9 et p\u00e2te de r\u00e9paration des fissures.\" \/>\n<meta property=\"og:url\" content=\"https:\/\/chillepoxy.com\/fr\/produit\/mastic-pour-bois-et-pate-de-reparation-de-fissures-beige\/\" \/>\n<meta property=\"og:site_name\" content=\"CHILL EPOXY\" \/>\n<meta property=\"article:publisher\" content=\"https:\/\/www.facebook.com\/polymerestechnologies\/\" \/>\n<meta property=\"article:modified_time\" content=\"2025-03-27T13:15:26+00:00\" \/>\n<meta property=\"og:image\" content=\"https:\/\/chillepoxy.com\/wp-content\/uploads\/2022\/10\/beige-wood-filler-repair-putty-woodworking.png\" \/>\n\t<meta property=\"og:image:width\" content=\"1920\" \/>\n\t<meta property=\"og:image:height\" content=\"1920\" \/>\n\t<meta property=\"og:image:type\" content=\"image\/png\" \/>\n<meta name=\"twitter:card\" content=\"summary_large_image\" \/>\n<meta name=\"twitter:label1\" content=\"Dur\u00e9e de lecture estim\u00e9e\" \/>\n\t<meta name=\"twitter:data1\" content=\"4 minutes\" \/>\n<script type=\"application\/ld+json\" class=\"yoast-schema-graph\">{\"@context\":\"https:\\\/\\\/schema.org\",\"@graph\":[{\"@type\":\"WebPage\",\"@id\":\"https:\\\/\\\/chillepoxy.com\\\/fr\\\/produit\\\/mastic-pour-bois-et-pate-de-reparation-de-fissures-beige\\\/\",\"url\":\"https:\\\/\\\/chillepoxy.com\\\/fr\\\/produit\\\/mastic-pour-bois-et-pate-de-reparation-de-fissures-beige\\\/\",\"name\":\"Mastic de r\u00e9paration du bois \u00e0 s\u00e9chage rapide et sablage facile | Couleur : Beige | CHILL EPOXY\",\"isPartOf\":{\"@id\":\"https:\\\/\\\/chillepoxy.com\\\/fr\\\/#website\"},\"primaryImageOfPage\":{\"@id\":\"https:\\\/\\\/chillepoxy.com\\\/fr\\\/produit\\\/mastic-pour-bois-et-pate-de-reparation-de-fissures-beige\\\/#primaryimage\"},\"image\":{\"@id\":\"https:\\\/\\\/chillepoxy.com\\\/fr\\\/produit\\\/mastic-pour-bois-et-pate-de-reparation-de-fissures-beige\\\/#primaryimage\"},\"thumbnailUrl\":\"https:\\\/\\\/chillepoxy.com\\\/wp-content\\\/uploads\\\/2022\\\/10\\\/beige-wood-filler-repair-putty-woodworking.png\",\"datePublished\":\"2022-10-27T19:42:15+00:00\",\"dateModified\":\"2025-03-27T13:15:26+00:00\",\"description\":\"Mastic \u00e0 bois \u00e0 s\u00e9chage rapide et sablage facile | Couleur : Beige | R\u00e9parez fissures et trous dans vos meubles en bois avec notre mastic \u00e0 bois beige de haute qualit\u00e9 et p\u00e2te de r\u00e9paration des fissures.\",\"breadcrumb\":{\"@id\":\"https:\\\/\\\/chillepoxy.com\\\/fr\\\/produit\\\/mastic-pour-bois-et-pate-de-reparation-de-fissures-beige\\\/#breadcrumb\"},\"inLanguage\":\"fr-FR\",\"potentialAction\":[{\"@type\":\"ReadAction\",\"target\":[\"https:\\\/\\\/chillepoxy.com\\\/fr\\\/produit\\\/mastic-pour-bois-et-pate-de-reparation-de-fissures-beige\\\/\"]}]},{\"@type\":\"ImageObject\",\"inLanguage\":\"fr-FR\",\"@id\":\"https:\\\/\\\/chillepoxy.com\\\/fr\\\/produit\\\/mastic-pour-bois-et-pate-de-reparation-de-fissures-beige\\\/#primaryimage\",\"url\":\"https:\\\/\\\/chillepoxy.com\\\/wp-content\\\/uploads\\\/2022\\\/10\\\/beige-wood-filler-repair-putty-woodworking.png\",\"contentUrl\":\"https:\\\/\\\/chillepoxy.com\\\/wp-content\\\/uploads\\\/2022\\\/10\\\/beige-wood-filler-repair-putty-woodworking.png\",\"width\":1920,\"height\":1920,\"caption\":\"Bouche-pores et mastic de r\u00e9paration beige\"},{\"@type\":\"BreadcrumbList\",\"@id\":\"https:\\\/\\\/chillepoxy.com\\\/fr\\\/produit\\\/mastic-pour-bois-et-pate-de-reparation-de-fissures-beige\\\/#breadcrumb\",\"itemListElement\":[{\"@type\":\"ListItem\",\"position\":1,\"name\":\"Home\",\"item\":\"https:\\\/\\\/chillepoxy.com\\\/fr\\\/\"},{\"@type\":\"ListItem\",\"position\":2,\"name\":\"Boutique\",\"item\":\"https:\\\/\\\/chillepoxy.com\\\/fr\\\/boutique\\\/\"},{\"@type\":\"ListItem\",\"position\":3,\"name\":\"Mastic de r\u00e9paration pour bois \u00e0 s\u00e9chage rapide et sablage facile | Couleur : Beige | Grade alimentaire | R\u00e9sistant aux intemp\u00e9ries | P-TEC 8400\"}]},{\"@type\":\"WebSite\",\"@id\":\"https:\\\/\\\/chillepoxy.com\\\/fr\\\/#website\",\"url\":\"https:\\\/\\\/chillepoxy.com\\\/fr\\\/\",\"name\":\"CHILL EPOXY\u2122 High-Quality Canadian-Made Epoxy Resin\",\"description\":\"High-Quality Canadian-Made Epoxy Resin | Casting &amp; Art\",\"publisher\":{\"@id\":\"https:\\\/\\\/chillepoxy.com\\\/fr\\\/#organization\"},\"alternateName\":\"High-Quality Epoxy Resin\",\"potentialAction\":[{\"@type\":\"SearchAction\",\"target\":{\"@type\":\"EntryPoint\",\"urlTemplate\":\"https:\\\/\\\/chillepoxy.com\\\/fr\\\/?s={search_term_string}\"},\"query-input\":{\"@type\":\"PropertyValueSpecification\",\"valueRequired\":true,\"valueName\":\"search_term_string\"}}],\"inLanguage\":\"fr-FR\"},{\"@type\":\"Organization\",\"@id\":\"https:\\\/\\\/chillepoxy.com\\\/fr\\\/#organization\",\"name\":\"CHILL EPOXY\u2122\",\"alternateName\":\"High-Quality Canadian-Made Epoxy Resin\",\"url\":\"https:\\\/\\\/chillepoxy.com\\\/fr\\\/\",\"logo\":{\"@type\":\"ImageObject\",\"inLanguage\":\"fr-FR\",\"@id\":\"https:\\\/\\\/chillepoxy.com\\\/fr\\\/#\\\/schema\\\/logo\\\/image\\\/\",\"url\":\"https:\\\/\\\/i0.wp.com\\\/chillepoxy.com\\\/wp-content\\\/uploads\\\/2024\\\/02\\\/polymeres_technologies.png?fit=649%2C649&ssl=1\",\"contentUrl\":\"https:\\\/\\\/i0.wp.com\\\/chillepoxy.com\\\/wp-content\\\/uploads\\\/2024\\\/02\\\/polymeres_technologies.png?fit=649%2C649&ssl=1\",\"width\":649,\"height\":649,\"caption\":\"CHILL EPOXY\u2122\"},\"image\":{\"@id\":\"https:\\\/\\\/chillepoxy.com\\\/fr\\\/#\\\/schema\\\/logo\\\/image\\\/\"},\"sameAs\":[\"https:\\\/\\\/www.facebook.com\\\/polymerestechnologies\\\/\",\"https:\\\/\\\/www.instagram.com\\\/polymeres_technologies\\\/\",\"https:\\\/\\\/www.linkedin.com\\\/company\\\/polymeres-technologies\\\/\",\"https:\\\/\\\/www.youtube.com\\\/channel\\\/UCDaFKmK4Hn3KPKmBaTXWong\"]}]}<\/script>\n<!-- \/ Yoast SEO Premium plugin. -->","yoast_head_json":{"title":"Mastic de r\u00e9paration du bois \u00e0 s\u00e9chage rapide et sablage facile | Couleur : Beige | CHILL EPOXY","description":"Mastic \u00e0 bois \u00e0 s\u00e9chage rapide et sablage facile | Couleur : Beige | R\u00e9parez fissures et trous dans vos meubles en bois avec notre mastic \u00e0 bois beige de haute qualit\u00e9 et p\u00e2te de r\u00e9paration des fissures.","robots":{"index":"index","follow":"follow","max-snippet":"max-snippet:-1","max-image-preview":"max-image-preview:large","max-video-preview":"max-video-preview:-1"},"canonical":"https:\/\/chillepoxy.com\/fr\/produit\/mastic-pour-bois-et-pate-de-reparation-de-fissures-beige\/","og_locale":"fr_FR","og_type":"article","og_title":"Mastic de r\u00e9paration pour bois \u00e0 s\u00e9chage rapide et sablage facile | Couleur : Beige | Grade alimentaire | R\u00e9sistant aux intemp\u00e9ries | P-TEC 8400","og_description":"Mastic \u00e0 bois \u00e0 s\u00e9chage rapide et sablage facile | Couleur : Beige | R\u00e9parez fissures et trous dans vos meubles en bois avec notre mastic \u00e0 bois beige de haute qualit\u00e9 et p\u00e2te de r\u00e9paration des fissures.","og_url":"https:\/\/chillepoxy.com\/fr\/produit\/mastic-pour-bois-et-pate-de-reparation-de-fissures-beige\/","og_site_name":"CHILL EPOXY","article_publisher":"https:\/\/www.facebook.com\/polymerestechnologies\/","article_modified_time":"2025-03-27T13:15:26+00:00","og_image":[{"width":1920,"height":1920,"url":"https:\/\/chillepoxy.com\/wp-content\/uploads\/2022\/10\/beige-wood-filler-repair-putty-woodworking.png","type":"image\/png"}],"twitter_card":"summary_large_image","twitter_misc":{"Dur\u00e9e de lecture estim\u00e9e":"4 minutes"},"schema":{"@context":"https:\/\/schema.org","@graph":[{"@type":"WebPage","@id":"https:\/\/chillepoxy.com\/fr\/produit\/mastic-pour-bois-et-pate-de-reparation-de-fissures-beige\/","url":"https:\/\/chillepoxy.com\/fr\/produit\/mastic-pour-bois-et-pate-de-reparation-de-fissures-beige\/","name":"Mastic de r\u00e9paration du bois \u00e0 s\u00e9chage rapide et sablage facile | Couleur : Beige | CHILL EPOXY","isPartOf":{"@id":"https:\/\/chillepoxy.com\/fr\/#website"},"primaryImageOfPage":{"@id":"https:\/\/chillepoxy.com\/fr\/produit\/mastic-pour-bois-et-pate-de-reparation-de-fissures-beige\/#primaryimage"},"image":{"@id":"https:\/\/chillepoxy.com\/fr\/produit\/mastic-pour-bois-et-pate-de-reparation-de-fissures-beige\/#primaryimage"},"thumbnailUrl":"https:\/\/chillepoxy.com\/wp-content\/uploads\/2022\/10\/beige-wood-filler-repair-putty-woodworking.png","datePublished":"2022-10-27T19:42:15+00:00","dateModified":"2025-03-27T13:15:26+00:00","description":"Mastic \u00e0 bois \u00e0 s\u00e9chage rapide et sablage facile | Couleur : Beige | R\u00e9parez fissures et trous dans vos meubles en bois avec notre mastic \u00e0 bois beige de haute qualit\u00e9 et p\u00e2te de r\u00e9paration des fissures.","breadcrumb":{"@id":"https:\/\/chillepoxy.com\/fr\/produit\/mastic-pour-bois-et-pate-de-reparation-de-fissures-beige\/#breadcrumb"},"inLanguage":"fr-FR","potentialAction":[{"@type":"ReadAction","target":["https:\/\/chillepoxy.com\/fr\/produit\/mastic-pour-bois-et-pate-de-reparation-de-fissures-beige\/"]}]},{"@type":"ImageObject","inLanguage":"fr-FR","@id":"https:\/\/chillepoxy.com\/fr\/produit\/mastic-pour-bois-et-pate-de-reparation-de-fissures-beige\/#primaryimage","url":"https:\/\/chillepoxy.com\/wp-content\/uploads\/2022\/10\/beige-wood-filler-repair-putty-woodworking.png","contentUrl":"https:\/\/chillepoxy.com\/wp-content\/uploads\/2022\/10\/beige-wood-filler-repair-putty-woodworking.png","width":1920,"height":1920,"caption":"Bouche-pores et mastic de r\u00e9paration beige"},{"@type":"BreadcrumbList","@id":"https:\/\/chillepoxy.com\/fr\/produit\/mastic-pour-bois-et-pate-de-reparation-de-fissures-beige\/#breadcrumb","itemListElement":[{"@type":"ListItem","position":1,"name":"Home","item":"https:\/\/chillepoxy.com\/fr\/"},{"@type":"ListItem","position":2,"name":"Boutique","item":"https:\/\/chillepoxy.com\/fr\/boutique\/"},{"@type":"ListItem","position":3,"name":"Mastic de r\u00e9paration pour bois \u00e0 s\u00e9chage rapide et sablage facile | Couleur : Beige | Grade alimentaire | R\u00e9sistant aux intemp\u00e9ries | P-TEC 8400"}]},{"@type":"WebSite","@id":"https:\/\/chillepoxy.com\/fr\/#website","url":"https:\/\/chillepoxy.com\/fr\/","name":"CHILL EPOXY\u2122 High-Quality Canadian-Made Epoxy Resin","description":"High-Quality Canadian-Made Epoxy Resin | Casting &amp; Art","publisher":{"@id":"https:\/\/chillepoxy.com\/fr\/#organization"},"alternateName":"High-Quality Epoxy Resin","potentialAction":[{"@type":"SearchAction","target":{"@type":"EntryPoint","urlTemplate":"https:\/\/chillepoxy.com\/fr\/?s={search_term_string}"},"query-input":{"@type":"PropertyValueSpecification","valueRequired":true,"valueName":"search_term_string"}}],"inLanguage":"fr-FR"},{"@type":"Organization","@id":"https:\/\/chillepoxy.com\/fr\/#organization","name":"CHILL EPOXY\u2122","alternateName":"High-Quality Canadian-Made Epoxy Resin","url":"https:\/\/chillepoxy.com\/fr\/","logo":{"@type":"ImageObject","inLanguage":"fr-FR","@id":"https:\/\/chillepoxy.com\/fr\/#\/schema\/logo\/image\/","url":"https:\/\/i0.wp.com\/chillepoxy.com\/wp-content\/uploads\/2024\/02\/polymeres_technologies.png?fit=649%2C649&ssl=1","contentUrl":"https:\/\/i0.wp.com\/chillepoxy.com\/wp-content\/uploads\/2024\/02\/polymeres_technologies.png?fit=649%2C649&ssl=1","width":649,"height":649,"caption":"CHILL EPOXY\u2122"},"image":{"@id":"https:\/\/chillepoxy.com\/fr\/#\/schema\/logo\/image\/"},"sameAs":["https:\/\/www.facebook.com\/polymerestechnologies\/","https:\/\/www.instagram.com\/polymeres_technologies\/","https:\/\/www.linkedin.com\/company\/polymeres-technologies\/","https:\/\/www.youtube.com\/channel\/UCDaFKmK4Hn3KPKmBaTXWong"]}]}},"jetpack_publicize_connections":[],"jetpack_sharing_enabled":true,"jetpack_likes_enabled":false,"_links":{"self":[{"href":"https:\/\/chillepoxy.com\/fr\/wp-json\/wp\/v2\/product\/20965","targetHints":{"allow":["GET"]}}],"collection":[{"href":"https:\/\/chillepoxy.com\/fr\/wp-json\/wp\/v2\/product"}],"about":[{"href":"https:\/\/chillepoxy.com\/fr\/wp-json\/wp\/v2\/types\/product"}],"replies":[{"embeddable":true,"href":"https:\/\/chillepoxy.com\/fr\/wp-json\/wp\/v2\/comments?post=20965"}],"wp:featuredmedia":[{"embeddable":true,"href":"https:\/\/chillepoxy.com\/fr\/wp-json\/wp\/v2\/media\/20969"}],"wp:attachment":[{"href":"https:\/\/chillepoxy.com\/fr\/wp-json\/wp\/v2\/media?parent=20965"}],"wp:term":[{"taxonomy":"product_brand","embeddable":true,"href":"https:\/\/chillepoxy.com\/fr\/wp-json\/wp\/v2\/product_brand?post=20965"},{"taxonomy":"product_cat","embeddable":true,"href":"https:\/\/chillepoxy.com\/fr\/wp-json\/wp\/v2\/product_cat?post=20965"},{"taxonomy":"product_tag","embeddable":true,"href":"https:\/\/chillepoxy.com\/fr\/wp-json\/wp\/v2\/product_tag?post=20965"}],"curies":[{"name":"wp","href":"https:\/\/api.w.org\/{rel}","templated":true}]}}