{"id":21005,"date":"2022-02-09T09:55:34","date_gmt":"2022-02-09T14:55:34","guid":{"rendered":"https:\/\/chillepoxy.com\/shop\/mastic-pour-le-bois-teintable-cartouche-400ml\/"},"modified":"2025-09-12T08:29:55","modified_gmt":"2025-09-12T12:29:55","slug":"sustainable-wood-filler-and-repair-paste-woodworking-putty","status":"publish","type":"product","link":"https:\/\/chillepoxy.com\/fr\/produit\/sustainable-wood-filler-and-repair-paste-woodworking-putty\/","title":{"rendered":"Mastic \u00e0 bois \u00e0 s\u00e9chage rapide &amp; sablage facile | cartouche 400ml | grade alimentaire | r\u00e9sistant aux intemp\u00e9ries | P-TEC 8400"},"content":{"rendered":"<h1>Mastic \u00e0 bois \u00e0 s\u00e9chage rapide &amp; sablage facile | cartouche 400ml | grade alimentaire | r\u00e9sistant aux intemp\u00e9ries | P-TEC 8400<\/h1>\n<p>Mastic \u00e0 bois \u00e0 s\u00e9chage rapide &amp; sablage facile | cartouche 400ml | grade alimentaire | r\u00e9sistant aux intemp\u00e9ries | P-TEC 8400. D\u00e9couvrez notre mastic de r\u00e9paration et de remplissage en bois durable ultime pour tous vos besoins en menuiserie : P-TEC 8400\u2122. Cette p\u00e2te thixotropique de qualit\u00e9 industrielle est con\u00e7ue pour r\u00e9parer rapidement le bois endommag\u00e9, remplir les fissures et les vides, et stabiliser le bois pourri. P-TEC 8400\u2122 est con\u00e7u pour vous offrir une r\u00e9paration solide et durable.<\/p>\n<p>P-TEC 8400\u2122 est sp\u00e9cialement formul\u00e9 pour les r\u00e9parations rapides de moules usin\u00e9s par CNC ou de prototypes fabriqu\u00e9s \u00e0 partir de planches de polyur\u00e9thane ou de bois qui pr\u00e9sentent des fissures, des vides ou des d\u00e9fauts de surface. Il peut \u00e9galement \u00eatre utilis\u00e9 pour r\u00e9parer les bords endommag\u00e9s et effectuer des modifications de conception, vous offrant une flexibilit\u00e9 ultime lors du travail avec le bois.<\/p>\n<p>De plus, P-TEC 8400\u2122 est non seulement rapide et facile \u00e0 m\u00e9langer avec un rapport de volume 1A\/1B, mais il a \u00e9galement un temps de prise rapide de seulement 18 minutes \u00e0 22\u00b0C, ce qui en fait un indispensable pour tous ceux qui cherchent \u00e0 gagner du temps sur leurs projets. De plus, cette p\u00e2te facile \u00e0 utiliser est s\u00fbre pour les aliments et sans COV, sans r\u00e9tr\u00e9cissement ni odeur, ce qui vous donne la tranquillit\u00e9 d&rsquo;esprit pendant que vous travaillez sur vos projets.<\/p>\n<p>De plus, P-TEC 8400\u2122 poss\u00e8de une excellente stabilit\u00e9 thermique et dimensionnelle, ce qui le rend adapt\u00e9 \u00e0 une utilisation dans une vari\u00e9t\u00e9 de temp\u00e9ratures et d&rsquo;environnements. Il peut \u00eatre perc\u00e9, rabot\u00e9, sculpt\u00e9 et viss\u00e9, ce qui le rend facile \u00e0 travailler et \u00e0 fa\u00e7onner. De plus, il a un processus de pon\u00e7age rapide et facile, ce qui le rend parfait pour obtenir une finition lisse.<\/p>\n<div id='gallery-1' class='gallery galleryid-21005 gallery-columns-5 gallery-size-full'><figure class='gallery-item'>\n\t\t\t<div class='gallery-icon landscape'>\n\t\t\t\t<a href='https:\/\/chillepoxy.com\/fr\/?attachment_id=20937#main'><img loading=\"lazy\" decoding=\"async\" width=\"1920\" height=\"1440\" src=\"https:\/\/chillepoxy.com\/wp-content\/uploads\/2022\/10\/black-wood-filler-crack-repair-putty.png\" class=\"attachment-full size-full\" alt=\"Produits de remplissage pour le bois Noir\" aria-describedby=\"gallery-1-20937\" srcset=\"https:\/\/chillepoxy.com\/wp-content\/uploads\/2022\/10\/black-wood-filler-crack-repair-putty.png 1920w, https:\/\/chillepoxy.com\/wp-content\/uploads\/2022\/10\/black-wood-filler-crack-repair-putty-600x450.png 600w, https:\/\/chillepoxy.com\/wp-content\/uploads\/2022\/10\/black-wood-filler-crack-repair-putty-1200x900.png 1200w\" sizes=\"auto, (max-width: 1920px) 100vw, 1920px\" \/><\/a>\n\t\t\t<\/div>\n\t\t\t\t<figcaption class='wp-caption-text gallery-caption' id='gallery-1-20937'>\n\t\t\t\tNoir\n\t\t\t\t<\/figcaption><\/figure><figure class='gallery-item'>\n\t\t\t<div class='gallery-icon landscape'>\n\t\t\t\t<a href='https:\/\/chillepoxy.com\/fr\/?attachment_id=20939#main'><img loading=\"lazy\" decoding=\"async\" width=\"1920\" height=\"1440\" src=\"https:\/\/chillepoxy.com\/wp-content\/uploads\/2022\/10\/cognac-wood-filler-crack-repair-putty.png\" class=\"attachment-full size-full\" alt=\"Produits de remplissage pour le bois Cognac\" aria-describedby=\"gallery-1-20939\" srcset=\"https:\/\/chillepoxy.com\/wp-content\/uploads\/2022\/10\/cognac-wood-filler-crack-repair-putty.png 1920w, https:\/\/chillepoxy.com\/wp-content\/uploads\/2022\/10\/cognac-wood-filler-crack-repair-putty-600x450.png 600w, https:\/\/chillepoxy.com\/wp-content\/uploads\/2022\/10\/cognac-wood-filler-crack-repair-putty-1200x900.png 1200w\" sizes=\"auto, (max-width: 1920px) 100vw, 1920px\" \/><\/a>\n\t\t\t<\/div>\n\t\t\t\t<figcaption class='wp-caption-text gallery-caption' id='gallery-1-20939'>\n\t\t\t\tCognac \n\t\t\t\t<\/figcaption><\/figure><figure class='gallery-item'>\n\t\t\t<div class='gallery-icon landscape'>\n\t\t\t\t<a href='https:\/\/chillepoxy.com\/fr\/?attachment_id=20935#main'><img loading=\"lazy\" decoding=\"async\" width=\"1920\" height=\"1440\" src=\"https:\/\/chillepoxy.com\/wp-content\/uploads\/2022\/10\/black-walnut-wood-filler-crack-repair-putty.png\" class=\"attachment-full size-full\" alt=\"Produits de remplissage pour le bois Noyer Noir\" aria-describedby=\"gallery-1-20935\" srcset=\"https:\/\/chillepoxy.com\/wp-content\/uploads\/2022\/10\/black-walnut-wood-filler-crack-repair-putty.png 1920w, https:\/\/chillepoxy.com\/wp-content\/uploads\/2022\/10\/black-walnut-wood-filler-crack-repair-putty-600x450.png 600w, https:\/\/chillepoxy.com\/wp-content\/uploads\/2022\/10\/black-walnut-wood-filler-crack-repair-putty-1200x900.png 1200w, https:\/\/chillepoxy.com\/wp-content\/uploads\/2022\/10\/black-walnut-wood-filler-crack-repair-putty-520x390.png 520w, https:\/\/chillepoxy.com\/wp-content\/uploads\/2022\/10\/black-walnut-wood-filler-crack-repair-putty-768x576.png 768w, https:\/\/chillepoxy.com\/wp-content\/uploads\/2022\/10\/black-walnut-wood-filler-crack-repair-putty-1536x1152.png 1536w\" sizes=\"auto, (max-width: 1920px) 100vw, 1920px\" \/><\/a>\n\t\t\t<\/div>\n\t\t\t\t<figcaption class='wp-caption-text gallery-caption' id='gallery-1-20935'>\n\t\t\t\tNoyer Noir\n\t\t\t\t<\/figcaption><\/figure><figure class='gallery-item'>\n\t\t\t<div class='gallery-icon landscape'>\n\t\t\t\t<a href='https:\/\/chillepoxy.com\/fr\/?attachment_id=20933#main'><img loading=\"lazy\" decoding=\"async\" width=\"1920\" height=\"1440\" src=\"https:\/\/chillepoxy.com\/wp-content\/uploads\/2022\/10\/beige-wood-filler-crack-repair-putty.png\" class=\"attachment-full size-full\" alt=\"Produits de remplissage pour le bois Beige\" aria-describedby=\"gallery-1-20933\" srcset=\"https:\/\/chillepoxy.com\/wp-content\/uploads\/2022\/10\/beige-wood-filler-crack-repair-putty.png 1920w, https:\/\/chillepoxy.com\/wp-content\/uploads\/2022\/10\/beige-wood-filler-crack-repair-putty-600x450.png 600w, https:\/\/chillepoxy.com\/wp-content\/uploads\/2022\/10\/beige-wood-filler-crack-repair-putty-1200x900.png 1200w\" sizes=\"auto, (max-width: 1920px) 100vw, 1920px\" \/><\/a>\n\t\t\t<\/div>\n\t\t\t\t<figcaption class='wp-caption-text gallery-caption' id='gallery-1-20933'>\n\t\t\t\tBeige \n\t\t\t\t<\/figcaption><\/figure><figure class='gallery-item'>\n\t\t\t<div class='gallery-icon landscape'>\n\t\t\t\t<a href='https:\/\/chillepoxy.com\/fr\/?attachment_id=20941#main'><img loading=\"lazy\" decoding=\"async\" width=\"1920\" height=\"1440\" src=\"https:\/\/chillepoxy.com\/wp-content\/uploads\/2022\/10\/grey-wood-filler-crack-repair-putty.png\" class=\"attachment-full size-full\" alt=\"Produits de remplissage pour le bois Gris\" aria-describedby=\"gallery-1-20941\" srcset=\"https:\/\/chillepoxy.com\/wp-content\/uploads\/2022\/10\/grey-wood-filler-crack-repair-putty.png 1920w, https:\/\/chillepoxy.com\/wp-content\/uploads\/2022\/10\/grey-wood-filler-crack-repair-putty-600x450.png 600w, https:\/\/chillepoxy.com\/wp-content\/uploads\/2022\/10\/grey-wood-filler-crack-repair-putty-1200x900.png 1200w\" sizes=\"auto, (max-width: 1920px) 100vw, 1920px\" \/><\/a>\n\t\t\t<\/div>\n\t\t\t\t<figcaption class='wp-caption-text gallery-caption' id='gallery-1-20941'>\n\t\t\t\tGris\n\t\t\t\t<\/figcaption><\/figure>\n\t\t<\/div>\n\n<p>&nbsp;<\/p>\n<h2>Mastic \u00e0 bois \u00e0 s\u00e9chage rapide &amp; sablage facile<\/h2>\n<p>P-TEC 8400\u2122 est \u00e9galement compatible avec de nombreux rev\u00eatements de surface et est un excellent adh\u00e9sif pour de nombreux substrats, y compris la c\u00e9ramique, le b\u00e9ton, le m\u00e9tal et la fibre de verre. Il est disponible dans diff\u00e9rentes couleurs pour correspondre \u00e0 votre essence de bois pr\u00e9f\u00e9r\u00e9e, vous permettant d&rsquo;obtenir une finition sans couture. La dur\u00e9e de vie en pot et le temps de pon\u00e7age peuvent varier en fonction de la temp\u00e9rature ambiante lors de l&rsquo;application.<\/p>\n<p>Ne vous contentez pas de moins, obtenez P-TEC 8400\u2122 et d\u00e9couvrez l&rsquo;ultime en mati\u00e8re de mastic de r\u00e9paration et de remplissage en bois durable. Pour plus d&rsquo;informations sur des applications sp\u00e9cifiques, veuillez consulter POLYMERES TECHNOLOGIES. Commandez le v\u00f4tre aujourd&rsquo;hui et franchissez la premi\u00e8re \u00e9tape vers un projet de menuiserie parfait.<\/p>\n<p><strong><span data-preserver-spaces=\"true\">Mastic de r\u00e9paration et de remplissage en bois durable &#8211; P-TEC 8400\u2122<\/span><\/strong><\/p>\n<h3><strong><span data-preserver-spaces=\"true\">Caract\u00e9ristiques:<\/span><\/strong><\/h3>\n<ul>\n<li><span data-preserver-spaces=\"true\">Rapport de m\u00e9lange facile de 1A\/1B par volume<\/span><\/li>\n<li><span data-preserver-spaces=\"true\">Sans danger pour les aliments, sans COV<\/span><\/li>\n<li><span data-preserver-spaces=\"true\">Sans retrait<\/span><\/li>\n<li><span data-preserver-spaces=\"true\">Sans odeur<\/span><\/li>\n<li><span data-preserver-spaces=\"true\">Peut \u00eatre perc\u00e9, rabot\u00e9, sculpt\u00e9 et viss\u00e9.<\/span><\/li>\n<li><span data-preserver-spaces=\"true\">Sablage facile et rapide<\/span><\/li>\n<li><span data-preserver-spaces=\"true\">Temps de prise rapide de 18 minutes \u00e0 22\u00b0C<\/span><\/li>\n<li><span data-preserver-spaces=\"true\">Excellente stabilit\u00e9 thermique et dimensionnelle<\/span><\/li>\n<li><span data-preserver-spaces=\"true\">Compatible avec de nombreux rev\u00eatements de surface<\/span><\/li>\n<li><span data-preserver-spaces=\"true\">Excellent adh\u00e9sif pour de nombreux substrats<\/span><\/li>\n<\/ul>\n<h3><strong><span data-preserver-spaces=\"true\">Applications:<\/span><\/strong><\/h3>\n<ol>\n<li> M\u00e9lang\u00e9 selon le rapport de m\u00e9lange 1:1<\/li>\n<li>La surface \u00e0 r\u00e9parer doit \u00eatre propre et exempte de poussi\u00e8re, de graisse et de pollution.<\/li>\n<li>La dur\u00e9e de vie en pot et le temps de pon\u00e7age peuvent varier en fonction de la temp\u00e9rature ambiante.<\/li>\n<li>Lorsque le produit durcit, une r\u00e9action exothermique se produira et la temp\u00e9rature peut atteindre un maximum de 79\u00baC (174\u00baF) en fonction de l&rsquo;\u00e9paisseur du produit appliqu\u00e9.<\/li>\n<li>Effectuez un test de compatibilit\u00e9 avant utilisation. Un produit de finition sans COV est recommand\u00e9<\/li>\n<\/ol>\n<p>Pour plus d&rsquo;informations sur des applications sp\u00e9cifiques, veuillez consulter POLYMERES TECHNOLOGIES.<\/p>\n","protected":false},"excerpt":{"rendered":"<p>P-TEC 8400\u2122 est une p\u00e2te de r\u00e9paration du bois haute performance, bicomposant, \u00e0 base de polyur\u00e9thane, con\u00e7ue pour des r\u00e9parations rapides et sans raccords en int\u00e9rieur et en ext\u00e9rieur. Ce mastic thixotrope \u00e0 faible densit\u00e9 et 100 % solide comble facilement fissures, trous, vides et bois pourri, offrant une finition qui se fond parfaitement avec le bois dur. Contrairement aux mastics traditionnels, il ne r\u00e9tr\u00e9cit pas et suit les mouvements du bois. Avec un temps de s\u00e9chage rapide \u2013 pon\u00e7able en moins de 20 minutes \u2013 il offre d&rsquo;excellentes propri\u00e9t\u00e9s m\u00e9caniques, est sans COV, de grade alimentaire, et peut \u00eatre teint\u00e9 ou color\u00e9. Id\u00e9al pour stabiliser et renforcer les d\u00e9fauts de tous types de bois, y compris le noyer, l\u2019\u00e9rable, l\u2019acajou, le c\u00e8dre, le ch\u00eane et bien plus encore.    <\/p>\n<p class=\"product-title product_title entry-title\"><a href=\"https:\/\/chillepoxy.com\/product\/dual-component-wood-filler-applicator\/\"><strong>Achetez ici l&rsquo;applicateur de mastic de remplissage en bois \u00e0 double composant requis pour la cartouche de 400 ml<\/strong><\/a><\/p>\n","protected":false},"featured_media":28327,"comment_status":"open","ping_status":"closed","template":"","meta":{"jetpack_publicize_message":"","jetpack_publicize_feature_enabled":true,"jetpack_social_post_already_shared":true,"jetpack_social_options":{"image_generator_settings":{"template":"highway","default_image_id":0,"font":"","enabled":false},"version":2}},"product_brand":[],"product_cat":[93,1373],"product_tag":[1092,1095,1093,1094,301,304],"class_list":{"0":"post-21005","1":"product","2":"type-product","3":"status-publish","4":"has-post-thumbnail","6":"product_cat-mastic-a-bois","7":"product_cat-resine-polyurethane","8":"product_tag-bouche-pores-bois","9":"product_tag-bouche-pores-teintable","10":"product_tag-mastic-a-bois","11":"product_tag-mastic-a-bois-fr","12":"product_tag-pate-de-reparation-pour-le-bois","13":"product_tag-pate-de-reparation-pour-le-bois-a-prise-rapide","15":"first","16":"instock","17":"taxable","18":"shipping-taxable","19":"purchasable","20":"product-type-variable"},"yoast_head":"<!-- This site is optimized with the Yoast SEO Premium plugin v27.4 (Yoast SEO v27.4) - https:\/\/yoast.com\/product\/yoast-seo-premium-wordpress\/ -->\n<title>Mastic \u00e0 bois \u00e0 durcissement rapide &amp; sablage facile | Grade Alimentaire |CHILL EPOXY<\/title>\n<meta name=\"description\" content=\"Mastic \u00e0 bois \u00e0 s\u00e9chage rapide &amp; sablage facile | Cartouche 400ml | Grade alimentaire | R\u00e9sistant aux intemp\u00e9ries | P-TEC 8400. Meilleur mastic \u00e0 bois alimentaire \u00e0 s\u00e9chage rapide.\" \/>\n<meta name=\"robots\" content=\"index, follow, max-snippet:-1, max-image-preview:large, max-video-preview:-1\" \/>\n<link rel=\"canonical\" href=\"https:\/\/chillepoxy.com\/fr\/produit\/sustainable-wood-filler-and-repair-paste-woodworking-putty\/\" \/>\n<meta property=\"og:locale\" content=\"fr_FR\" \/>\n<meta property=\"og:type\" content=\"article\" \/>\n<meta property=\"og:title\" content=\"Mastic \u00e0 bois \u00e0 s\u00e9chage rapide &amp; sablage facile | cartouche 400ml | grade alimentaire | r\u00e9sistant aux intemp\u00e9ries | P-TEC 8400\" \/>\n<meta property=\"og:description\" content=\"Mastic \u00e0 bois \u00e0 s\u00e9chage rapide &amp; sablage facile | Cartouche 400ml | Grade alimentaire | R\u00e9sistant aux intemp\u00e9ries | P-TEC 8400. Meilleur mastic \u00e0 bois alimentaire \u00e0 s\u00e9chage rapide.\" \/>\n<meta property=\"og:url\" content=\"https:\/\/chillepoxy.com\/fr\/produit\/sustainable-wood-filler-and-repair-paste-woodworking-putty\/\" \/>\n<meta property=\"og:site_name\" content=\"CHILL EPOXY\" \/>\n<meta property=\"article:publisher\" content=\"https:\/\/www.facebook.com\/polymerestechnologies\/\" \/>\n<meta property=\"article:modified_time\" content=\"2025-09-12T12:29:55+00:00\" \/>\n<meta property=\"og:image\" content=\"https:\/\/chillepoxy.com\/wp-content\/uploads\/2022\/02\/400ml-Bi-component-Wood-Repair-Filler.jpg\" \/>\n\t<meta property=\"og:image:width\" content=\"1920\" \/>\n\t<meta property=\"og:image:height\" content=\"1920\" \/>\n\t<meta property=\"og:image:type\" content=\"image\/jpeg\" \/>\n<meta name=\"twitter:card\" content=\"summary_large_image\" \/>\n<meta name=\"twitter:label1\" content=\"Dur\u00e9e de lecture estim\u00e9e\" \/>\n\t<meta name=\"twitter:data1\" content=\"3 minutes\" \/>\n<script type=\"application\/ld+json\" class=\"yoast-schema-graph\">{\"@context\":\"https:\\\/\\\/schema.org\",\"@graph\":[{\"@type\":\"WebPage\",\"@id\":\"https:\\\/\\\/chillepoxy.com\\\/fr\\\/produit\\\/sustainable-wood-filler-and-repair-paste-woodworking-putty\\\/\",\"url\":\"https:\\\/\\\/chillepoxy.com\\\/fr\\\/produit\\\/sustainable-wood-filler-and-repair-paste-woodworking-putty\\\/\",\"name\":\"Mastic \u00e0 bois \u00e0 durcissement rapide & sablage facile | Grade Alimentaire |CHILL EPOXY\",\"isPartOf\":{\"@id\":\"https:\\\/\\\/chillepoxy.com\\\/fr\\\/#website\"},\"primaryImageOfPage\":{\"@id\":\"https:\\\/\\\/chillepoxy.com\\\/fr\\\/produit\\\/sustainable-wood-filler-and-repair-paste-woodworking-putty\\\/#primaryimage\"},\"image\":{\"@id\":\"https:\\\/\\\/chillepoxy.com\\\/fr\\\/produit\\\/sustainable-wood-filler-and-repair-paste-woodworking-putty\\\/#primaryimage\"},\"thumbnailUrl\":\"https:\\\/\\\/chillepoxy.com\\\/wp-content\\\/uploads\\\/2022\\\/02\\\/400ml-Bi-component-Wood-Repair-Filler.jpg\",\"datePublished\":\"2022-02-09T14:55:34+00:00\",\"dateModified\":\"2025-09-12T12:29:55+00:00\",\"description\":\"Mastic \u00e0 bois \u00e0 s\u00e9chage rapide & sablage facile | Cartouche 400ml | Grade alimentaire | R\u00e9sistant aux intemp\u00e9ries | P-TEC 8400. Meilleur mastic \u00e0 bois alimentaire \u00e0 s\u00e9chage rapide.\",\"breadcrumb\":{\"@id\":\"https:\\\/\\\/chillepoxy.com\\\/fr\\\/produit\\\/sustainable-wood-filler-and-repair-paste-woodworking-putty\\\/#breadcrumb\"},\"inLanguage\":\"fr-FR\",\"potentialAction\":[{\"@type\":\"ReadAction\",\"target\":[\"https:\\\/\\\/chillepoxy.com\\\/fr\\\/produit\\\/sustainable-wood-filler-and-repair-paste-woodworking-putty\\\/\"]}]},{\"@type\":\"ImageObject\",\"inLanguage\":\"fr-FR\",\"@id\":\"https:\\\/\\\/chillepoxy.com\\\/fr\\\/produit\\\/sustainable-wood-filler-and-repair-paste-woodworking-putty\\\/#primaryimage\",\"url\":\"https:\\\/\\\/chillepoxy.com\\\/wp-content\\\/uploads\\\/2022\\\/02\\\/400ml-Bi-component-Wood-Repair-Filler.jpg\",\"contentUrl\":\"https:\\\/\\\/chillepoxy.com\\\/wp-content\\\/uploads\\\/2022\\\/02\\\/400ml-Bi-component-Wood-Repair-Filler.jpg\",\"width\":1920,\"height\":1920,\"caption\":\"Mastic \u00e0 bois \u00e0 s\u00e9chage rapide &amp; sablage facile\"},{\"@type\":\"BreadcrumbList\",\"@id\":\"https:\\\/\\\/chillepoxy.com\\\/fr\\\/produit\\\/sustainable-wood-filler-and-repair-paste-woodworking-putty\\\/#breadcrumb\",\"itemListElement\":[{\"@type\":\"ListItem\",\"position\":1,\"name\":\"Home\",\"item\":\"https:\\\/\\\/chillepoxy.com\\\/fr\\\/\"},{\"@type\":\"ListItem\",\"position\":2,\"name\":\"Boutique\",\"item\":\"https:\\\/\\\/chillepoxy.com\\\/fr\\\/boutique\\\/\"},{\"@type\":\"ListItem\",\"position\":3,\"name\":\"Mastic \u00e0 bois \u00e0 s\u00e9chage rapide &amp; sablage facile | cartouche 400ml | grade alimentaire | r\u00e9sistant aux intemp\u00e9ries | P-TEC 8400\"}]},{\"@type\":\"WebSite\",\"@id\":\"https:\\\/\\\/chillepoxy.com\\\/fr\\\/#website\",\"url\":\"https:\\\/\\\/chillepoxy.com\\\/fr\\\/\",\"name\":\"CHILL EPOXY\u2122 High-Quality Canadian-Made Epoxy Resin\",\"description\":\"High-Quality Canadian-Made Epoxy Resin | Casting &amp; Art\",\"publisher\":{\"@id\":\"https:\\\/\\\/chillepoxy.com\\\/fr\\\/#organization\"},\"alternateName\":\"High-Quality Epoxy Resin\",\"potentialAction\":[{\"@type\":\"SearchAction\",\"target\":{\"@type\":\"EntryPoint\",\"urlTemplate\":\"https:\\\/\\\/chillepoxy.com\\\/fr\\\/?s={search_term_string}\"},\"query-input\":{\"@type\":\"PropertyValueSpecification\",\"valueRequired\":true,\"valueName\":\"search_term_string\"}}],\"inLanguage\":\"fr-FR\"},{\"@type\":\"Organization\",\"@id\":\"https:\\\/\\\/chillepoxy.com\\\/fr\\\/#organization\",\"name\":\"CHILL EPOXY\u2122\",\"alternateName\":\"High-Quality Canadian-Made Epoxy Resin\",\"url\":\"https:\\\/\\\/chillepoxy.com\\\/fr\\\/\",\"logo\":{\"@type\":\"ImageObject\",\"inLanguage\":\"fr-FR\",\"@id\":\"https:\\\/\\\/chillepoxy.com\\\/fr\\\/#\\\/schema\\\/logo\\\/image\\\/\",\"url\":\"https:\\\/\\\/i0.wp.com\\\/chillepoxy.com\\\/wp-content\\\/uploads\\\/2024\\\/02\\\/polymeres_technologies.png?fit=649%2C649&ssl=1\",\"contentUrl\":\"https:\\\/\\\/i0.wp.com\\\/chillepoxy.com\\\/wp-content\\\/uploads\\\/2024\\\/02\\\/polymeres_technologies.png?fit=649%2C649&ssl=1\",\"width\":649,\"height\":649,\"caption\":\"CHILL EPOXY\u2122\"},\"image\":{\"@id\":\"https:\\\/\\\/chillepoxy.com\\\/fr\\\/#\\\/schema\\\/logo\\\/image\\\/\"},\"sameAs\":[\"https:\\\/\\\/www.facebook.com\\\/polymerestechnologies\\\/\",\"https:\\\/\\\/www.instagram.com\\\/polymeres_technologies\\\/\",\"https:\\\/\\\/www.linkedin.com\\\/company\\\/polymeres-technologies\\\/\",\"https:\\\/\\\/www.youtube.com\\\/channel\\\/UCDaFKmK4Hn3KPKmBaTXWong\"]}]}<\/script>\n<!-- \/ Yoast SEO Premium plugin. -->","yoast_head_json":{"title":"Mastic \u00e0 bois \u00e0 durcissement rapide & sablage facile | Grade Alimentaire |CHILL EPOXY","description":"Mastic \u00e0 bois \u00e0 s\u00e9chage rapide & sablage facile | Cartouche 400ml | Grade alimentaire | R\u00e9sistant aux intemp\u00e9ries | P-TEC 8400. Meilleur mastic \u00e0 bois alimentaire \u00e0 s\u00e9chage rapide.","robots":{"index":"index","follow":"follow","max-snippet":"max-snippet:-1","max-image-preview":"max-image-preview:large","max-video-preview":"max-video-preview:-1"},"canonical":"https:\/\/chillepoxy.com\/fr\/produit\/sustainable-wood-filler-and-repair-paste-woodworking-putty\/","og_locale":"fr_FR","og_type":"article","og_title":"Mastic \u00e0 bois \u00e0 s\u00e9chage rapide &amp; sablage facile | cartouche 400ml | grade alimentaire | r\u00e9sistant aux intemp\u00e9ries | P-TEC 8400","og_description":"Mastic \u00e0 bois \u00e0 s\u00e9chage rapide & sablage facile | Cartouche 400ml | Grade alimentaire | R\u00e9sistant aux intemp\u00e9ries | P-TEC 8400. Meilleur mastic \u00e0 bois alimentaire \u00e0 s\u00e9chage rapide.","og_url":"https:\/\/chillepoxy.com\/fr\/produit\/sustainable-wood-filler-and-repair-paste-woodworking-putty\/","og_site_name":"CHILL EPOXY","article_publisher":"https:\/\/www.facebook.com\/polymerestechnologies\/","article_modified_time":"2025-09-12T12:29:55+00:00","og_image":[{"width":1920,"height":1920,"url":"https:\/\/chillepoxy.com\/wp-content\/uploads\/2022\/02\/400ml-Bi-component-Wood-Repair-Filler.jpg","type":"image\/jpeg"}],"twitter_card":"summary_large_image","twitter_misc":{"Dur\u00e9e de lecture estim\u00e9e":"3 minutes"},"schema":{"@context":"https:\/\/schema.org","@graph":[{"@type":"WebPage","@id":"https:\/\/chillepoxy.com\/fr\/produit\/sustainable-wood-filler-and-repair-paste-woodworking-putty\/","url":"https:\/\/chillepoxy.com\/fr\/produit\/sustainable-wood-filler-and-repair-paste-woodworking-putty\/","name":"Mastic \u00e0 bois \u00e0 durcissement rapide & sablage facile | Grade Alimentaire |CHILL EPOXY","isPartOf":{"@id":"https:\/\/chillepoxy.com\/fr\/#website"},"primaryImageOfPage":{"@id":"https:\/\/chillepoxy.com\/fr\/produit\/sustainable-wood-filler-and-repair-paste-woodworking-putty\/#primaryimage"},"image":{"@id":"https:\/\/chillepoxy.com\/fr\/produit\/sustainable-wood-filler-and-repair-paste-woodworking-putty\/#primaryimage"},"thumbnailUrl":"https:\/\/chillepoxy.com\/wp-content\/uploads\/2022\/02\/400ml-Bi-component-Wood-Repair-Filler.jpg","datePublished":"2022-02-09T14:55:34+00:00","dateModified":"2025-09-12T12:29:55+00:00","description":"Mastic \u00e0 bois \u00e0 s\u00e9chage rapide & sablage facile | Cartouche 400ml | Grade alimentaire | R\u00e9sistant aux intemp\u00e9ries | P-TEC 8400. Meilleur mastic \u00e0 bois alimentaire \u00e0 s\u00e9chage rapide.","breadcrumb":{"@id":"https:\/\/chillepoxy.com\/fr\/produit\/sustainable-wood-filler-and-repair-paste-woodworking-putty\/#breadcrumb"},"inLanguage":"fr-FR","potentialAction":[{"@type":"ReadAction","target":["https:\/\/chillepoxy.com\/fr\/produit\/sustainable-wood-filler-and-repair-paste-woodworking-putty\/"]}]},{"@type":"ImageObject","inLanguage":"fr-FR","@id":"https:\/\/chillepoxy.com\/fr\/produit\/sustainable-wood-filler-and-repair-paste-woodworking-putty\/#primaryimage","url":"https:\/\/chillepoxy.com\/wp-content\/uploads\/2022\/02\/400ml-Bi-component-Wood-Repair-Filler.jpg","contentUrl":"https:\/\/chillepoxy.com\/wp-content\/uploads\/2022\/02\/400ml-Bi-component-Wood-Repair-Filler.jpg","width":1920,"height":1920,"caption":"Mastic \u00e0 bois \u00e0 s\u00e9chage rapide &amp; sablage facile"},{"@type":"BreadcrumbList","@id":"https:\/\/chillepoxy.com\/fr\/produit\/sustainable-wood-filler-and-repair-paste-woodworking-putty\/#breadcrumb","itemListElement":[{"@type":"ListItem","position":1,"name":"Home","item":"https:\/\/chillepoxy.com\/fr\/"},{"@type":"ListItem","position":2,"name":"Boutique","item":"https:\/\/chillepoxy.com\/fr\/boutique\/"},{"@type":"ListItem","position":3,"name":"Mastic \u00e0 bois \u00e0 s\u00e9chage rapide &amp; sablage facile | cartouche 400ml | grade alimentaire | r\u00e9sistant aux intemp\u00e9ries | P-TEC 8400"}]},{"@type":"WebSite","@id":"https:\/\/chillepoxy.com\/fr\/#website","url":"https:\/\/chillepoxy.com\/fr\/","name":"CHILL EPOXY\u2122 High-Quality Canadian-Made Epoxy Resin","description":"High-Quality Canadian-Made Epoxy Resin | Casting &amp; Art","publisher":{"@id":"https:\/\/chillepoxy.com\/fr\/#organization"},"alternateName":"High-Quality Epoxy Resin","potentialAction":[{"@type":"SearchAction","target":{"@type":"EntryPoint","urlTemplate":"https:\/\/chillepoxy.com\/fr\/?s={search_term_string}"},"query-input":{"@type":"PropertyValueSpecification","valueRequired":true,"valueName":"search_term_string"}}],"inLanguage":"fr-FR"},{"@type":"Organization","@id":"https:\/\/chillepoxy.com\/fr\/#organization","name":"CHILL EPOXY\u2122","alternateName":"High-Quality Canadian-Made Epoxy Resin","url":"https:\/\/chillepoxy.com\/fr\/","logo":{"@type":"ImageObject","inLanguage":"fr-FR","@id":"https:\/\/chillepoxy.com\/fr\/#\/schema\/logo\/image\/","url":"https:\/\/i0.wp.com\/chillepoxy.com\/wp-content\/uploads\/2024\/02\/polymeres_technologies.png?fit=649%2C649&ssl=1","contentUrl":"https:\/\/i0.wp.com\/chillepoxy.com\/wp-content\/uploads\/2024\/02\/polymeres_technologies.png?fit=649%2C649&ssl=1","width":649,"height":649,"caption":"CHILL EPOXY\u2122"},"image":{"@id":"https:\/\/chillepoxy.com\/fr\/#\/schema\/logo\/image\/"},"sameAs":["https:\/\/www.facebook.com\/polymerestechnologies\/","https:\/\/www.instagram.com\/polymeres_technologies\/","https:\/\/www.linkedin.com\/company\/polymeres-technologies\/","https:\/\/www.youtube.com\/channel\/UCDaFKmK4Hn3KPKmBaTXWong"]}]}},"jetpack_publicize_connections":[],"jetpack_sharing_enabled":true,"jetpack_likes_enabled":false,"_links":{"self":[{"href":"https:\/\/chillepoxy.com\/fr\/wp-json\/wp\/v2\/product\/21005","targetHints":{"allow":["GET"]}}],"collection":[{"href":"https:\/\/chillepoxy.com\/fr\/wp-json\/wp\/v2\/product"}],"about":[{"href":"https:\/\/chillepoxy.com\/fr\/wp-json\/wp\/v2\/types\/product"}],"replies":[{"embeddable":true,"href":"https:\/\/chillepoxy.com\/fr\/wp-json\/wp\/v2\/comments?post=21005"}],"wp:featuredmedia":[{"embeddable":true,"href":"https:\/\/chillepoxy.com\/fr\/wp-json\/wp\/v2\/media\/28327"}],"wp:attachment":[{"href":"https:\/\/chillepoxy.com\/fr\/wp-json\/wp\/v2\/media?parent=21005"}],"wp:term":[{"taxonomy":"product_brand","embeddable":true,"href":"https:\/\/chillepoxy.com\/fr\/wp-json\/wp\/v2\/product_brand?post=21005"},{"taxonomy":"product_cat","embeddable":true,"href":"https:\/\/chillepoxy.com\/fr\/wp-json\/wp\/v2\/product_cat?post=21005"},{"taxonomy":"product_tag","embeddable":true,"href":"https:\/\/chillepoxy.com\/fr\/wp-json\/wp\/v2\/product_tag?post=21005"}],"curies":[{"name":"wp","href":"https:\/\/api.w.org\/{rel}","templated":true}]}}