{"id":22765,"date":"2022-10-19T22:28:43","date_gmt":"2023-02-14T19:23:47","guid":{"rendered":"https:\/\/chillepoxy.com\/product\/pigment-fluorescent-vert-liquide-pour-resine-epoxy\/"},"modified":"2025-02-04T09:06:57","modified_gmt":"2025-02-04T14:06:57","slug":"pigments-liquides-fluorescent-vert-resine-epoxy","status":"publish","type":"product","link":"https:\/\/chillepoxy.com\/fr\/produit\/pigments-liquides-fluorescent-vert-resine-epoxy\/","title":{"rendered":"Pigment liquide pour r\u00e9sine \u00e9poxy fluorescent vert"},"content":{"rendered":"<h2>Pigment \u00e9poxy fluorescent vert : pigment liquide r\u00e9sine vibrant et polyvalent<\/h2>\n<p>Pigment liquide pour r\u00e9sine \u00e9poxy fluorescent vert . Vous cherchez une couleur captivante et durable pour votre prochain projet artistique ou artisanal? Ne cherchez pas plus loin que notre pigment liquide fluorescent vert pour r\u00e9sine \u00e9poxy. Ce pigment de couleur unique offre une couleur vibrante et hypnotisante qui fera ressortir vos cr\u00e9ations. La meilleure partie? Notre pigment est formul\u00e9 pour r\u00e9sister \u00e0 la d\u00e9coloration au fil du temps, garantissant que vos projets ont l&rsquo;air tout aussi incroyables que le jour o\u00f9 vous les avez cr\u00e9\u00e9s.<\/p>\n<h3>Pigment \u00e9poxy r\u00e9sine facile \u00e0 utiliser<\/h3>\n<p>Notre pigment vert est incroyablement facile \u00e0 utiliser et est compatible avec une large gamme de r\u00e9sines, notamment l&rsquo;\u00e9poxy et le polyur\u00e9thane. Notre produit se m\u00e9lange bien avec d&rsquo;autres pigments et r\u00e9sines, permettant des possibilit\u00e9s de cr\u00e9ation infinies. Avec sa polyvalence, vous pouvez l&rsquo;utiliser dans une vari\u00e9t\u00e9 d&rsquo;applications, de la fabrication de bijoux \u00e0 la menuiserie. Avec notre pigment, votre imagination est votre seule limite.<\/p>\n<h3>Pigment s\u00fbr et respectueux de l&rsquo;environnement<\/h3>\n<p>Nous savons que la s\u00e9curit\u00e9 et l&rsquo;environnement sont importants pour vous, c&rsquo;est pourquoi notre pigment est non toxique, inodore et exempt de COV. Il est \u00e9galement respectueux de l&rsquo;environnement et n&rsquo;a aucun effet nocif sur l&rsquo;environnement. Vous pouvez utiliser notre produit en toute s\u00e9curit\u00e9 dans n&rsquo;importe quel environnement sans avoir besoin d&rsquo;une ventilation ou d&rsquo;un \u00e9quipement sp\u00e9cial. Avec notre produit, vous pouvez cr\u00e9er en toute tranquillit\u00e9 d&rsquo;esprit.<\/p>\n<h3>Coloriez vos cr\u00e9ations avec notre pigment liquide fluorescent vert pour r\u00e9sine \u00e9poxy.<\/h3>\n<p>Ajoutez une touche de couleur \u00e0 votre art de la r\u00e9sine, \u00e0 la menuiserie ou \u00e0 tout autre artisanat avec notre pigment vert. Avec ses propri\u00e9t\u00e9s durables et vibrantes, vous impressionnerez certainement votre public avec vos cr\u00e9ations. Notre produit est parfait pour les artistes et les passionn\u00e9s de bricolage qui souhaitent amener leurs projets au niveau sup\u00e9rieur.<\/p>\n<p>Commandez maintenant et cr\u00e9ez en toute confiance. Am\u00e9liorez vos cr\u00e9ations avec une couleur vibrante et durable en utilisant notre pigment liquide fluorescent vert pour r\u00e9sine \u00e9poxy. Notre pigment est s\u00fbr, facile \u00e0 utiliser et compatible avec une vari\u00e9t\u00e9 de r\u00e9sines. Avec notre pigment, vous pouvez cr\u00e9er avec des possibilit\u00e9s infinies. Essayez-le aujourd&rsquo;hui et voyez par vous-m\u00eame!<\/p>\n<h4><b>Caract\u00e9ristiques:<\/b><\/h4>\n<ul>\n<li style=\"font-weight: 400;\" aria-level=\"1\"><span style=\"font-weight: 400;\">Pour utilisation avec les r\u00e9sines liquides CHILL EPOXY \u2122<\/span><\/li>\n<li style=\"font-weight: 400;\" aria-level=\"1\"><span style=\"font-weight: 400;\">Viscosit\u00e9 moyenne<\/span><\/li>\n<li style=\"font-weight: 400;\" aria-level=\"1\"><span style=\"font-weight: 400;\">Pigments hautement concentr\u00e9s<\/span><\/li>\n<li style=\"font-weight: 400;\" aria-level=\"1\"><span style=\"font-weight: 400;\">Excellente r\u00e9sistance aux UV<\/span><\/li>\n<li style=\"font-weight: 400;\" aria-level=\"1\"><span style=\"font-weight: 400;\">Couleurs plus brillantes que les pigments standards<\/span><\/li>\n<li style=\"font-weight: 400;\" aria-level=\"1\"><span style=\"font-weight: 400;\">Sans COV<\/span><\/li>\n<li style=\"font-weight: 400;\" aria-level=\"1\"><span style=\"font-weight: 400;\">Possibilit\u00e9 de cr\u00e9er des couleurs tertiaires<\/span><\/li>\n<li style=\"font-weight: 400;\" aria-level=\"1\"><span style=\"font-weight: 400;\">R\u00e9pond \u00e0 la norme RoHS<\/span><\/li>\n<li style=\"font-weight: 400;\" aria-level=\"1\"><span style=\"font-weight: 400;\">Pigments r\u00e9actifs 100% solides<\/span><\/li>\n<li style=\"font-weight: 400;\" aria-level=\"1\"><span style=\"font-weight: 400;\">Disponible en bleu, vert, jaune et orange<\/span><\/li>\n<\/ul>\n<p>&nbsp;<\/p>\n","protected":false},"excerpt":{"rendered":"<h1><span style=\"font-size: 75%;\">Pigments liquides 100% r\u00e9actifs \u00e0 base d&rsquo;\u00e9poxy<\/span><\/h1>\n<p><span style=\"font-weight: 400; font-size: 75%;\">Les pigments \u00e9poxy sont des pigments r\u00e9actifs \u00e0 base d&rsquo;\u00e9poxy de haute qualit\u00e9, 100% compatibles avec tous les syst\u00e8mes \u00e9poxy transparents de la gamme CHILL EPOXY\u2122. Contrairement aux produits similaires sur le march\u00e9, les CHILL DROPS\u2122 sont extr\u00eamement concentr\u00e9s, r\u00e9actifs et exempts de COV, d&rsquo;alcool et d&rsquo;eau. Ils cr\u00e9eront des couleurs \u00e9tonnantes et concentr\u00e9es qui dureront toute une vie. Assurez-vous que vos projets seront \u00e9clatants en utilisant nos couleurs fluorescentes.<\/span><\/p>\n","protected":false},"featured_media":23834,"comment_status":"open","ping_status":"closed","template":"","meta":{"inline_featured_image":false,"jetpack_publicize_message":"","jetpack_publicize_feature_enabled":true,"jetpack_social_post_already_shared":true,"jetpack_social_options":{"image_generator_settings":{"template":"highway","default_image_id":0,"font":"","enabled":false},"version":2}},"product_brand":[],"product_cat":[1441,95],"product_tag":[312,313,311,315],"class_list":{"0":"post-22765","1":"product","2":"type-product","3":"status-publish","4":"has-post-thumbnail","6":"product_cat-couleur","7":"product_cat-couleurs-liquides","8":"product_tag-colorant-epoxy","9":"product_tag-colorant-epoxyde","10":"product_tag-couleur-epoxy","11":"product_tag-pigment-colorant-epoxy","13":"first","14":"instock","15":"taxable","16":"shipping-taxable","17":"purchasable","18":"product-type-variable"},"yoast_head":"<!-- This site is optimized with the Yoast SEO Premium plugin v27.3 (Yoast SEO v27.3) - https:\/\/yoast.com\/product\/yoast-seo-premium-wordpress\/ -->\n<title>Pigment liquide pour r\u00e9sine \u00e9poxy fluorescent vert | CHILL EPOXY<\/title>\n<meta name=\"description\" content=\"Pigment liquide fluorescent vert pour r\u00e9sine \u00e9poxy. Am\u00e9liorez vos projets d&#039;artisanat et d&#039;art avec notre pigment liquide vert de haute qualit\u00e9 pour r\u00e9sine \u00e9poxy.Pigment liquide pour r\u00e9sine \u00e9poxy fluorescent vert\" \/>\n<meta name=\"robots\" content=\"index, follow, max-snippet:-1, max-image-preview:large, max-video-preview:-1\" \/>\n<link rel=\"canonical\" href=\"https:\/\/chillepoxy.com\/fr\/produit\/pigments-liquides-fluorescent-vert-resine-epoxy\/\" \/>\n<meta property=\"og:locale\" content=\"fr_FR\" \/>\n<meta property=\"og:type\" content=\"article\" \/>\n<meta property=\"og:title\" content=\"Pigment liquide pour r\u00e9sine \u00e9poxy fluorescent vert\" \/>\n<meta property=\"og:description\" content=\"Pigment liquide fluorescent vert pour r\u00e9sine \u00e9poxy. Am\u00e9liorez vos projets d&#039;artisanat et d&#039;art avec notre pigment liquide vert de haute qualit\u00e9 pour r\u00e9sine \u00e9poxy.Pigment liquide pour r\u00e9sine \u00e9poxy fluorescent vert\" \/>\n<meta property=\"og:url\" content=\"https:\/\/chillepoxy.com\/fr\/produit\/pigments-liquides-fluorescent-vert-resine-epoxy\/\" \/>\n<meta property=\"og:site_name\" content=\"CHILL EPOXY\" \/>\n<meta property=\"article:publisher\" content=\"https:\/\/www.facebook.com\/polymerestechnologies\/\" \/>\n<meta property=\"article:modified_time\" content=\"2025-02-04T14:06:57+00:00\" \/>\n<meta property=\"og:image\" content=\"https:\/\/chillepoxy.com\/wp-content\/uploads\/2022\/10\/epoxy-resin-pigment-dye-color-magenta-fluo-green.jpg\" \/>\n\t<meta property=\"og:image:width\" content=\"1920\" \/>\n\t<meta property=\"og:image:height\" content=\"1920\" \/>\n\t<meta property=\"og:image:type\" content=\"image\/jpeg\" \/>\n<meta name=\"twitter:card\" content=\"summary_large_image\" \/>\n<meta name=\"twitter:label1\" content=\"Dur\u00e9e de lecture estim\u00e9e\" \/>\n\t<meta name=\"twitter:data1\" content=\"3 minutes\" \/>\n<script type=\"application\/ld+json\" class=\"yoast-schema-graph\">{\"@context\":\"https:\\\/\\\/schema.org\",\"@graph\":[{\"@type\":\"WebPage\",\"@id\":\"https:\\\/\\\/chillepoxy.com\\\/fr\\\/produit\\\/pigments-liquides-fluorescent-vert-resine-epoxy\\\/\",\"url\":\"https:\\\/\\\/chillepoxy.com\\\/fr\\\/produit\\\/pigments-liquides-fluorescent-vert-resine-epoxy\\\/\",\"name\":\"Pigment liquide pour r\u00e9sine \u00e9poxy fluorescent vert | CHILL EPOXY\",\"isPartOf\":{\"@id\":\"https:\\\/\\\/chillepoxy.com\\\/fr\\\/#website\"},\"primaryImageOfPage\":{\"@id\":\"https:\\\/\\\/chillepoxy.com\\\/fr\\\/produit\\\/pigments-liquides-fluorescent-vert-resine-epoxy\\\/#primaryimage\"},\"image\":{\"@id\":\"https:\\\/\\\/chillepoxy.com\\\/fr\\\/produit\\\/pigments-liquides-fluorescent-vert-resine-epoxy\\\/#primaryimage\"},\"thumbnailUrl\":\"https:\\\/\\\/chillepoxy.com\\\/wp-content\\\/uploads\\\/2022\\\/10\\\/epoxy-resin-pigment-dye-color-magenta-fluo-green.jpg\",\"datePublished\":\"2023-02-14T19:23:47+00:00\",\"dateModified\":\"2025-02-04T14:06:57+00:00\",\"description\":\"Pigment liquide fluorescent vert pour r\u00e9sine \u00e9poxy. Am\u00e9liorez vos projets d'artisanat et d'art avec notre pigment liquide vert de haute qualit\u00e9 pour r\u00e9sine \u00e9poxy.Pigment liquide pour r\u00e9sine \u00e9poxy fluorescent vert\",\"breadcrumb\":{\"@id\":\"https:\\\/\\\/chillepoxy.com\\\/fr\\\/produit\\\/pigments-liquides-fluorescent-vert-resine-epoxy\\\/#breadcrumb\"},\"inLanguage\":\"fr-FR\",\"potentialAction\":[{\"@type\":\"ReadAction\",\"target\":[\"https:\\\/\\\/chillepoxy.com\\\/fr\\\/produit\\\/pigments-liquides-fluorescent-vert-resine-epoxy\\\/\"]}]},{\"@type\":\"ImageObject\",\"inLanguage\":\"fr-FR\",\"@id\":\"https:\\\/\\\/chillepoxy.com\\\/fr\\\/produit\\\/pigments-liquides-fluorescent-vert-resine-epoxy\\\/#primaryimage\",\"url\":\"https:\\\/\\\/chillepoxy.com\\\/wp-content\\\/uploads\\\/2022\\\/10\\\/epoxy-resin-pigment-dye-color-magenta-fluo-green.jpg\",\"contentUrl\":\"https:\\\/\\\/chillepoxy.com\\\/wp-content\\\/uploads\\\/2022\\\/10\\\/epoxy-resin-pigment-dye-color-magenta-fluo-green.jpg\",\"width\":1920,\"height\":1920,\"caption\":\"Pigment liquide pour r\u00e9sine \u00e9poxy fluorescent vert\"},{\"@type\":\"BreadcrumbList\",\"@id\":\"https:\\\/\\\/chillepoxy.com\\\/fr\\\/produit\\\/pigments-liquides-fluorescent-vert-resine-epoxy\\\/#breadcrumb\",\"itemListElement\":[{\"@type\":\"ListItem\",\"position\":1,\"name\":\"Home\",\"item\":\"https:\\\/\\\/chillepoxy.com\\\/fr\\\/\"},{\"@type\":\"ListItem\",\"position\":2,\"name\":\"Boutique\",\"item\":\"https:\\\/\\\/chillepoxy.com\\\/fr\\\/boutique\\\/\"},{\"@type\":\"ListItem\",\"position\":3,\"name\":\"Pigment liquide pour r\u00e9sine \u00e9poxy fluorescent vert\"}]},{\"@type\":\"WebSite\",\"@id\":\"https:\\\/\\\/chillepoxy.com\\\/fr\\\/#website\",\"url\":\"https:\\\/\\\/chillepoxy.com\\\/fr\\\/\",\"name\":\"CHILL EPOXY\u2122 High-Quality Canadian-Made Epoxy Resin\",\"description\":\"High-Quality Canadian-Made Epoxy Resin | Casting &amp; Art\",\"publisher\":{\"@id\":\"https:\\\/\\\/chillepoxy.com\\\/fr\\\/#organization\"},\"alternateName\":\"High-Quality Epoxy Resin\",\"potentialAction\":[{\"@type\":\"SearchAction\",\"target\":{\"@type\":\"EntryPoint\",\"urlTemplate\":\"https:\\\/\\\/chillepoxy.com\\\/fr\\\/?s={search_term_string}\"},\"query-input\":{\"@type\":\"PropertyValueSpecification\",\"valueRequired\":true,\"valueName\":\"search_term_string\"}}],\"inLanguage\":\"fr-FR\"},{\"@type\":\"Organization\",\"@id\":\"https:\\\/\\\/chillepoxy.com\\\/fr\\\/#organization\",\"name\":\"CHILL EPOXY\u2122\",\"alternateName\":\"High-Quality Canadian-Made Epoxy Resin\",\"url\":\"https:\\\/\\\/chillepoxy.com\\\/fr\\\/\",\"logo\":{\"@type\":\"ImageObject\",\"inLanguage\":\"fr-FR\",\"@id\":\"https:\\\/\\\/chillepoxy.com\\\/fr\\\/#\\\/schema\\\/logo\\\/image\\\/\",\"url\":\"https:\\\/\\\/i0.wp.com\\\/chillepoxy.com\\\/wp-content\\\/uploads\\\/2024\\\/02\\\/polymeres_technologies.png?fit=649%2C649&ssl=1\",\"contentUrl\":\"https:\\\/\\\/i0.wp.com\\\/chillepoxy.com\\\/wp-content\\\/uploads\\\/2024\\\/02\\\/polymeres_technologies.png?fit=649%2C649&ssl=1\",\"width\":649,\"height\":649,\"caption\":\"CHILL EPOXY\u2122\"},\"image\":{\"@id\":\"https:\\\/\\\/chillepoxy.com\\\/fr\\\/#\\\/schema\\\/logo\\\/image\\\/\"},\"sameAs\":[\"https:\\\/\\\/www.facebook.com\\\/polymerestechnologies\\\/\",\"https:\\\/\\\/www.instagram.com\\\/polymeres_technologies\\\/\",\"https:\\\/\\\/www.linkedin.com\\\/company\\\/polymeres-technologies\\\/\",\"https:\\\/\\\/www.youtube.com\\\/channel\\\/UCDaFKmK4Hn3KPKmBaTXWong\"]}]}<\/script>\n<!-- \/ Yoast SEO Premium plugin. -->","yoast_head_json":{"title":"Pigment liquide pour r\u00e9sine \u00e9poxy fluorescent vert | CHILL EPOXY","description":"Pigment liquide fluorescent vert pour r\u00e9sine \u00e9poxy. Am\u00e9liorez vos projets d'artisanat et d'art avec notre pigment liquide vert de haute qualit\u00e9 pour r\u00e9sine \u00e9poxy.Pigment liquide pour r\u00e9sine \u00e9poxy fluorescent vert","robots":{"index":"index","follow":"follow","max-snippet":"max-snippet:-1","max-image-preview":"max-image-preview:large","max-video-preview":"max-video-preview:-1"},"canonical":"https:\/\/chillepoxy.com\/fr\/produit\/pigments-liquides-fluorescent-vert-resine-epoxy\/","og_locale":"fr_FR","og_type":"article","og_title":"Pigment liquide pour r\u00e9sine \u00e9poxy fluorescent vert","og_description":"Pigment liquide fluorescent vert pour r\u00e9sine \u00e9poxy. Am\u00e9liorez vos projets d'artisanat et d'art avec notre pigment liquide vert de haute qualit\u00e9 pour r\u00e9sine \u00e9poxy.Pigment liquide pour r\u00e9sine \u00e9poxy fluorescent vert","og_url":"https:\/\/chillepoxy.com\/fr\/produit\/pigments-liquides-fluorescent-vert-resine-epoxy\/","og_site_name":"CHILL EPOXY","article_publisher":"https:\/\/www.facebook.com\/polymerestechnologies\/","article_modified_time":"2025-02-04T14:06:57+00:00","og_image":[{"width":1920,"height":1920,"url":"https:\/\/chillepoxy.com\/wp-content\/uploads\/2022\/10\/epoxy-resin-pigment-dye-color-magenta-fluo-green.jpg","type":"image\/jpeg"}],"twitter_card":"summary_large_image","twitter_misc":{"Dur\u00e9e de lecture estim\u00e9e":"3 minutes"},"schema":{"@context":"https:\/\/schema.org","@graph":[{"@type":"WebPage","@id":"https:\/\/chillepoxy.com\/fr\/produit\/pigments-liquides-fluorescent-vert-resine-epoxy\/","url":"https:\/\/chillepoxy.com\/fr\/produit\/pigments-liquides-fluorescent-vert-resine-epoxy\/","name":"Pigment liquide pour r\u00e9sine \u00e9poxy fluorescent vert | CHILL EPOXY","isPartOf":{"@id":"https:\/\/chillepoxy.com\/fr\/#website"},"primaryImageOfPage":{"@id":"https:\/\/chillepoxy.com\/fr\/produit\/pigments-liquides-fluorescent-vert-resine-epoxy\/#primaryimage"},"image":{"@id":"https:\/\/chillepoxy.com\/fr\/produit\/pigments-liquides-fluorescent-vert-resine-epoxy\/#primaryimage"},"thumbnailUrl":"https:\/\/chillepoxy.com\/wp-content\/uploads\/2022\/10\/epoxy-resin-pigment-dye-color-magenta-fluo-green.jpg","datePublished":"2023-02-14T19:23:47+00:00","dateModified":"2025-02-04T14:06:57+00:00","description":"Pigment liquide fluorescent vert pour r\u00e9sine \u00e9poxy. Am\u00e9liorez vos projets d'artisanat et d'art avec notre pigment liquide vert de haute qualit\u00e9 pour r\u00e9sine \u00e9poxy.Pigment liquide pour r\u00e9sine \u00e9poxy fluorescent vert","breadcrumb":{"@id":"https:\/\/chillepoxy.com\/fr\/produit\/pigments-liquides-fluorescent-vert-resine-epoxy\/#breadcrumb"},"inLanguage":"fr-FR","potentialAction":[{"@type":"ReadAction","target":["https:\/\/chillepoxy.com\/fr\/produit\/pigments-liquides-fluorescent-vert-resine-epoxy\/"]}]},{"@type":"ImageObject","inLanguage":"fr-FR","@id":"https:\/\/chillepoxy.com\/fr\/produit\/pigments-liquides-fluorescent-vert-resine-epoxy\/#primaryimage","url":"https:\/\/chillepoxy.com\/wp-content\/uploads\/2022\/10\/epoxy-resin-pigment-dye-color-magenta-fluo-green.jpg","contentUrl":"https:\/\/chillepoxy.com\/wp-content\/uploads\/2022\/10\/epoxy-resin-pigment-dye-color-magenta-fluo-green.jpg","width":1920,"height":1920,"caption":"Pigment liquide pour r\u00e9sine \u00e9poxy fluorescent vert"},{"@type":"BreadcrumbList","@id":"https:\/\/chillepoxy.com\/fr\/produit\/pigments-liquides-fluorescent-vert-resine-epoxy\/#breadcrumb","itemListElement":[{"@type":"ListItem","position":1,"name":"Home","item":"https:\/\/chillepoxy.com\/fr\/"},{"@type":"ListItem","position":2,"name":"Boutique","item":"https:\/\/chillepoxy.com\/fr\/boutique\/"},{"@type":"ListItem","position":3,"name":"Pigment liquide pour r\u00e9sine \u00e9poxy fluorescent vert"}]},{"@type":"WebSite","@id":"https:\/\/chillepoxy.com\/fr\/#website","url":"https:\/\/chillepoxy.com\/fr\/","name":"CHILL EPOXY\u2122 High-Quality Canadian-Made Epoxy Resin","description":"High-Quality Canadian-Made Epoxy Resin | Casting &amp; Art","publisher":{"@id":"https:\/\/chillepoxy.com\/fr\/#organization"},"alternateName":"High-Quality Epoxy Resin","potentialAction":[{"@type":"SearchAction","target":{"@type":"EntryPoint","urlTemplate":"https:\/\/chillepoxy.com\/fr\/?s={search_term_string}"},"query-input":{"@type":"PropertyValueSpecification","valueRequired":true,"valueName":"search_term_string"}}],"inLanguage":"fr-FR"},{"@type":"Organization","@id":"https:\/\/chillepoxy.com\/fr\/#organization","name":"CHILL EPOXY\u2122","alternateName":"High-Quality Canadian-Made Epoxy Resin","url":"https:\/\/chillepoxy.com\/fr\/","logo":{"@type":"ImageObject","inLanguage":"fr-FR","@id":"https:\/\/chillepoxy.com\/fr\/#\/schema\/logo\/image\/","url":"https:\/\/i0.wp.com\/chillepoxy.com\/wp-content\/uploads\/2024\/02\/polymeres_technologies.png?fit=649%2C649&ssl=1","contentUrl":"https:\/\/i0.wp.com\/chillepoxy.com\/wp-content\/uploads\/2024\/02\/polymeres_technologies.png?fit=649%2C649&ssl=1","width":649,"height":649,"caption":"CHILL EPOXY\u2122"},"image":{"@id":"https:\/\/chillepoxy.com\/fr\/#\/schema\/logo\/image\/"},"sameAs":["https:\/\/www.facebook.com\/polymerestechnologies\/","https:\/\/www.instagram.com\/polymeres_technologies\/","https:\/\/www.linkedin.com\/company\/polymeres-technologies\/","https:\/\/www.youtube.com\/channel\/UCDaFKmK4Hn3KPKmBaTXWong"]}]}},"jetpack_publicize_connections":[],"jetpack_sharing_enabled":true,"jetpack_likes_enabled":false,"_links":{"self":[{"href":"https:\/\/chillepoxy.com\/fr\/wp-json\/wp\/v2\/product\/22765","targetHints":{"allow":["GET"]}}],"collection":[{"href":"https:\/\/chillepoxy.com\/fr\/wp-json\/wp\/v2\/product"}],"about":[{"href":"https:\/\/chillepoxy.com\/fr\/wp-json\/wp\/v2\/types\/product"}],"replies":[{"embeddable":true,"href":"https:\/\/chillepoxy.com\/fr\/wp-json\/wp\/v2\/comments?post=22765"}],"wp:featuredmedia":[{"embeddable":true,"href":"https:\/\/chillepoxy.com\/fr\/wp-json\/wp\/v2\/media\/23834"}],"wp:attachment":[{"href":"https:\/\/chillepoxy.com\/fr\/wp-json\/wp\/v2\/media?parent=22765"}],"wp:term":[{"taxonomy":"product_brand","embeddable":true,"href":"https:\/\/chillepoxy.com\/fr\/wp-json\/wp\/v2\/product_brand?post=22765"},{"taxonomy":"product_cat","embeddable":true,"href":"https:\/\/chillepoxy.com\/fr\/wp-json\/wp\/v2\/product_cat?post=22765"},{"taxonomy":"product_tag","embeddable":true,"href":"https:\/\/chillepoxy.com\/fr\/wp-json\/wp\/v2\/product_tag?post=22765"}],"curies":[{"name":"wp","href":"https:\/\/api.w.org\/{rel}","templated":true}]}}