{"id":23697,"date":"2023-03-27T11:57:54","date_gmt":"2023-03-27T17:13:15","guid":{"rendered":"https:\/\/chillepoxy.com\/product\/resine-epoxy-ultra-transparente-pour-coulee-profonde-2-3-depaisseur-pour-tables-riviere\/"},"modified":"2025-04-02T15:11:46","modified_gmt":"2025-04-02T19:11:46","slug":"ultra-clear-deep-pour-epoxy-resin-2-3-thick-for-river-tables","status":"publish","type":"product","link":"https:\/\/chillepoxy.com\/fr\/produit\/ultra-clear-deep-pour-epoxy-resin-2-3-thick-for-river-tables\/","title":{"rendered":"R\u00e9sine \u00c9poxy de Coul\u00e9e Profonde 2-3&Prime; | Transparente, Sans COV &#038; R\u00e9sistante aux UV | Id\u00e9ale pour Tables Rivi\u00e8re"},"content":{"rendered":"<h1 class=\"product-title product_title entry-title\">R\u00e9sine \u00c9poxy de Coul\u00e9e Profonde 2-3&Prime; | Transparente, Sans COV &amp; R\u00e9sistante aux UV | Id\u00e9ale pour Tables Rivi\u00e8re<\/h1>\n<h3>Syst\u00e8mes de r\u00e9sine \u00e9poxy pour tables rivi\u00e8re<\/h3>\n<p>R\u00e9sine \u00c9poxy de Coul\u00e9e Profonde 2-3&Prime; | Transparente.\u00a0 TECHNO CAST\u2122, la r\u00e9sine \u00e9poxy r\u00e9volutionnaire qui transforme la coul\u00e9e en profondeur. Notre nouvelle r\u00e9sine \u00e9poxy ultra-coul\u00e9e profonde est id\u00e9ale pour des projets de 2-3&Prime; d&rsquo;\u00e9paisseur en une seule coul\u00e9e. Le secret de notre nouvelle technologie chimique est qu&rsquo;elle vous permet de verser 30 \u00e0 90 litres en une seule fois sans avoir besoin de ventilateurs. Avec d&rsquo;autres syst\u00e8mes de moulage, vous devez utiliser des ventilateurs pour \u00e9viter la surchauffe, ce qui peut entra\u00eener des bulles et des fissures. Avec TECHNO CAST\u2122, la surchauffe appartient au pass\u00e9.<\/p>\n<p>Cette r\u00e9sine \u00e9poxy transparente est le dernier ajout \u00e0 notre gamme CHILL EPOXY\u2122, qui est d\u00e9j\u00e0 bien connue pour sa haute qualit\u00e9 et sa durabilit\u00e9. Notre \u00e9quipe a travaill\u00e9 sans rel\u00e2che pour d\u00e9velopper un produit capable de r\u00e9sister \u00e0 l&rsquo;\u00e9preuve du temps et de rester limpide, m\u00eame dans les conditions les plus difficiles.<\/p>\n<p>TECHNO CAST\u2122 est parfait pour ceux qui recherchent une r\u00e9sine de coul\u00e9e fiable et facile \u00e0 utiliser. Notre syst\u00e8me est le seul sur le march\u00e9 qui peut vous permettre de verser une si grosse masse \u00e0 3&Prime; sans surchauffe. Il est parfait pour des projets comme de plus grandes tables rivi\u00e8re.<\/p>\n<p>Nos clients sont ravis de la qualit\u00e9 et de la facilit\u00e9 d&rsquo;utilisation de TECHNO CAST\u2122. Ils aiment le fait qu&rsquo;ils n&rsquo;ont pas \u00e0 se soucier de la surchauffe ou des bulles, ce qui leur fait gagner du temps et de l&rsquo;argent. Ils appr\u00e9cient \u00e9galement la finition cristalline fournie par TECHNO CAST\u2122, qui am\u00e9liore la beaut\u00e9 naturelle des mat\u00e9riaux avec lesquels ils travaillent.<\/p>\n<h3 style=\"text-align: left;\"><strong>R\u00e9sine \u00e9poxy ultra transparente pour coul\u00e9e profonde 2-3&Prime; d&rsquo;\u00e9paisseur &#8211; TECHNO CAST\u2122<\/strong><\/h3>\n<p>Dans l&rsquo;ensemble, TECHNO CAST\u2122 est la solution parfaite pour tous ceux qui recherchent une r\u00e9sine \u00e9poxy de coul\u00e9e fiable et de haute qualit\u00e9. Il est facile \u00e0 utiliser, limpide et peut g\u00e9rer facilement les projets les plus difficiles. Essayez-le aujourd&rsquo;hui et voyez la diff\u00e9rence par vous-m\u00eame !<\/p>\n<p>M\u00e9langer et colorer avec les pigments liquides CHILL DROPS\u2122 est \u00e9galement un jeu d&rsquo;enfant avec TECHNO CAST\u2122. De plus, cette r\u00e9sine \u00e9poxy de coul\u00e9e profonde durcit en moins de 7 jours, vous offrant ainsi un processus de production rapide et efficace. Pour garantir des performances optimales, stockez TECHNO CAST\u2122 \u00e0 22\u00b0C avec une humidit\u00e9 relative inf\u00e9rieure \u00e0 60%.<\/p>\n<p>Avec ses caract\u00e9ristiques exceptionnelles, TECHNO CAST\u2122 facilite la mise \u00e0 niveau de la production de votre table de rivi\u00e8re. M\u00e9langez simplement la partie A et la partie B pendant 8 \u00e0 10 minutes \u00e0 l&rsquo;aide d&rsquo;une spatule en m\u00e9tal et assurez-vous que le rapport 2:1 est correct. D\u00e9couvrez la diff\u00e9rence avec TECHNO CAST \u2122 &#8211; votre solution ultime pour cr\u00e9er facilement de superbes tables de rivi\u00e8re.<\/p>\n<h4 style=\"text-align: left;\"><strong>TECHNO CAST\u2122 <strong>Caract\u00e9ristiques<\/strong> :<\/strong><\/h4>\n<ul>\n<li style=\"font-weight: 400;\" aria-level=\"1\"><span style=\"font-weight: 400;\">Id\u00e9al pour les projets entre 2 et 3 po d&rsquo;\u00e9paisseur, en une seule coul\u00e9e sans avoir besoin d&rsquo;utiliser un ventilateur.<\/span><\/li>\n<li style=\"font-weight: 400;\" aria-level=\"1\"><span style=\"font-weight: 400;\">Il est couramment utilis\u00e9 pour le moulage des tables rivi\u00e8re ou des projets plus importants \u00e0 l&rsquo;aide de moules<\/span><\/li>\n<li style=\"font-weight: 400;\" aria-level=\"1\"><span style=\"font-weight: 400;\">Tr\u00e8s durable<\/span><\/li>\n<li style=\"font-weight: 400;\" aria-level=\"1\"><span style=\"font-weight: 400;\">100 % solide et sans COV<\/span><\/li>\n<li style=\"font-weight: 400;\" aria-level=\"1\"><span style=\"font-weight: 400;\">Viscosit\u00e9 comme l&rsquo;eau pour \u00e9viter les bulles<\/span><\/li>\n<li style=\"font-weight: 400;\" aria-level=\"1\"><span style=\"font-weight: 400;\">Peut \u00eatre color\u00e9e avec l&rsquo;un de nos pigments liquides ou m\u00e9talliques.<\/span><\/li>\n<li style=\"font-weight: 400;\" aria-level=\"1\"><span style=\"font-weight: 400;\">Tr\u00e8s forte r\u00e9sistance m\u00e9canique et r\u00e9sistance aux contraintes<\/span><\/li>\n<\/ul>\n<h4><span style=\"font-weight: 400;\">Id\u00e9al pour les projets entre 2 et 3 po d&rsquo;\u00e9paisseur, en une seule coul\u00e9e sans avoir besoin d&rsquo;utiliser un ventilateur.<\/span><\/h4>\n<ul>\n<li style=\"font-weight: 400;\" aria-level=\"1\"><span style=\"font-weight: 400;\">Rapport de m\u00e9lange facile : 2:1 en volume ou 100\/43 en poids<\/span><\/li>\n<li style=\"font-weight: 400;\" aria-level=\"1\"><span style=\"font-weight: 400;\">Temp\u00e9rature de travail id\u00e9ale: 22C \/ 72F<\/span><\/li>\n<li style=\"font-weight: 400;\" aria-level=\"1\"><span style=\"font-weight: 400;\">Temps de m\u00e9lange : 8-10 minutes minimum<\/span><\/li>\n<li style=\"font-weight: 400;\" aria-level=\"1\"><span style=\"font-weight: 400;\">Temps de pot : 2200 minutes \u00e0 22C\/72F selon les volumes et la temp\u00e9rature ambiante<\/span><\/li>\n<li style=\"font-weight: 400;\" aria-level=\"1\"><span style=\"font-weight: 400;\">Temps de durcissement : 5 \u00e0 7 jours selon le volume, la temp\u00e9rature ambiante, le niveau d&rsquo;humidit\u00e9 et l&rsquo;\u00e9paisseur du moulage<\/span><\/li>\n<li style=\"font-weight: 400;\" aria-level=\"1\"><span style=\"font-weight: 400;\">\u00c9paisseur recommand\u00e9e par couche : 2-3&Prime; par couche. <\/span><\/li>\n<li style=\"font-weight: 400;\" aria-level=\"1\"><span style=\"font-weight: 400;\">\u00c9paisseur maximale en une seule coul\u00e9e : 3\u2033 max<\/span><\/li>\n<li style=\"font-weight: 400;\" aria-level=\"1\"><span style=\"font-weight: 400;\">Apparence apr\u00e8s le durcissement : Qualit\u00e9 optique<\/span><\/li>\n<li style=\"font-weight: 400;\" aria-level=\"1\"><span style=\"font-weight: 400;\">Viscosit\u00e9 : 200 CPS CPS m\u00e9lang\u00e9 &#8211; Viscosit\u00e9 tr\u00e8s basse pour une meilleure p\u00e9n\u00e9tration<\/span><\/li>\n<li style=\"font-weight: 400;\" aria-level=\"1\"><span style=\"font-weight: 400;\">Produits de nettoyage recommand\u00e9s: nettoyant pour r\u00e9sine POLY CLEANER\u2122 ou alcool isopropylique<\/span><\/li>\n<\/ul>\n<p><span style=\"font-weight: 400;\">Contactez <\/span><b>POLYMERES TECHNOLOGIES <\/b><span style=\"font-weight: 400;\">pour plus d&rsquo;information: <a href=\"mailto:support@polymerestechnologies.com\">support@polymerestechnologies.com<\/a><\/span><\/p>\n<p>&nbsp;<\/p>\n","protected":false},"excerpt":{"rendered":"<p class=\"\" data-start=\"315\" data-end=\"569\">TECHNO CAST\u2122 est une r\u00e9sine \u00e9poxy bicomposante \u00e0 prise lente, sp\u00e9cialement d\u00e9velopp\u00e9e pour les coul\u00e9es profondes de <strong data-start=\"431\" data-end=\"459\">2 \u00e0 3 pouces d\u2019\u00e9paisseur<\/strong>, id\u00e9ale pour la fabrication de <strong data-start=\"491\" data-end=\"509\">tables rivi\u00e8re<\/strong>, de moulages massifs ou de cr\u00e9ations artistiques en bois. Gr\u00e2ce \u00e0 sa <strong data-start=\"582\" data-end=\"606\">tr\u00e8s basse viscosit\u00e9<\/strong>, elle p\u00e9n\u00e8tre facilement les moindres d\u00e9tails et limite la formation de bulles, offrant un r\u00e9sultat parfaitement homog\u00e8ne. Sa <strong data-start=\"733\" data-end=\"752\">clart\u00e9 in\u00e9gal\u00e9e<\/strong> assure un rendu cristallin exceptionnel, m\u00eame en grande \u00e9paisseur.<\/p>\n","protected":false},"featured_media":27856,"comment_status":"open","ping_status":"closed","template":"","meta":{"jetpack_publicize_message":"","jetpack_publicize_feature_enabled":true,"jetpack_social_post_already_shared":true,"jetpack_social_options":{"image_generator_settings":{"template":"highway","default_image_id":0,"font":"","enabled":false},"version":2}},"product_brand":[],"product_cat":[1418,1383,1381,1382,1306,83,1377],"product_tag":[338,1062,1292,1291],"class_list":{"0":"post-23697","1":"product","2":"type-product","3":"status-publish","4":"has-post-thumbnail","6":"product_cat-2-3-7-62cm-fr-2","7":"product_cat-30l-7-92-gallon-fr","8":"product_cat-600l-15850-gallon-fr","9":"product_cat-60l-1585gallon-fr","10":"product_cat-moulage","11":"product_cat-resines-epoxy","12":"product_cat-table-riviere","13":"product_tag-epoxy-de-moulage-transparent","14":"product_tag-resine-epoxy-coulee-en-profondeur","15":"product_tag-resine-ultra-profonde","16":"product_tag-table-de-riviere-epoxy","18":"first","19":"instock","20":"featured","21":"taxable","22":"shipping-taxable","23":"purchasable","24":"product-type-variable"},"yoast_head":"<!-- This site is optimized with the Yoast SEO Premium plugin v27.4 (Yoast SEO v27.4) - https:\/\/yoast.com\/product\/yoast-seo-premium-wordpress\/ -->\n<title>R\u00e9sine \u00c9poxy de Coul\u00e9e Profonde 2-3&quot; | Transparente | CHILL EPOXY<\/title>\n<meta name=\"description\" content=\"R\u00e9sine \u00c9poxy de Coul\u00e9e Profonde 2-3&quot; | Transparente et r\u00e9sistante aux UV. R\u00e9sine \u00e9poxy de coul\u00e9e profonde pour projets de 2-3&quot; d&#039;\u00e9paisseur.\" \/>\n<meta name=\"robots\" content=\"index, follow, max-snippet:-1, max-image-preview:large, max-video-preview:-1\" \/>\n<link rel=\"canonical\" href=\"https:\/\/chillepoxy.com\/fr\/produit\/ultra-clear-deep-pour-epoxy-resin-2-3-thick-for-river-tables\/\" \/>\n<meta property=\"og:locale\" content=\"fr_FR\" \/>\n<meta property=\"og:type\" content=\"article\" \/>\n<meta property=\"og:title\" content=\"R\u00e9sine \u00c9poxy de Coul\u00e9e Profonde 2-3&quot; | Transparente, Sans COV &amp; R\u00e9sistante aux UV | Id\u00e9ale pour Tables Rivi\u00e8re\" \/>\n<meta property=\"og:description\" content=\"R\u00e9sine \u00c9poxy de Coul\u00e9e Profonde 2-3&quot; | Transparente et r\u00e9sistante aux UV. R\u00e9sine \u00e9poxy de coul\u00e9e profonde pour projets de 2-3&quot; d&#039;\u00e9paisseur.\" \/>\n<meta property=\"og:url\" content=\"https:\/\/chillepoxy.com\/fr\/produit\/ultra-clear-deep-pour-epoxy-resin-2-3-thick-for-river-tables\/\" \/>\n<meta property=\"og:site_name\" content=\"CHILL EPOXY\" \/>\n<meta property=\"article:publisher\" content=\"https:\/\/www.facebook.com\/polymerestechnologies\/\" \/>\n<meta property=\"article:modified_time\" content=\"2025-04-02T19:11:46+00:00\" \/>\n<meta property=\"og:image\" content=\"https:\/\/chillepoxy.com\/wp-content\/uploads\/2023\/03\/Deep-Pour-Casting-Epoxy-Resin-River-tables.jpg\" \/>\n\t<meta property=\"og:image:width\" content=\"1920\" \/>\n\t<meta property=\"og:image:height\" content=\"1920\" \/>\n\t<meta property=\"og:image:type\" content=\"image\/jpeg\" \/>\n<meta name=\"twitter:card\" content=\"summary_large_image\" \/>\n<meta name=\"twitter:label1\" content=\"Dur\u00e9e de lecture estim\u00e9e\" \/>\n\t<meta name=\"twitter:data1\" content=\"4 minutes\" \/>\n<script type=\"application\/ld+json\" class=\"yoast-schema-graph\">{\"@context\":\"https:\\\/\\\/schema.org\",\"@graph\":[{\"@type\":\"WebPage\",\"@id\":\"https:\\\/\\\/chillepoxy.com\\\/fr\\\/produit\\\/ultra-clear-deep-pour-epoxy-resin-2-3-thick-for-river-tables\\\/\",\"url\":\"https:\\\/\\\/chillepoxy.com\\\/fr\\\/produit\\\/ultra-clear-deep-pour-epoxy-resin-2-3-thick-for-river-tables\\\/\",\"name\":\"R\u00e9sine \u00c9poxy de Coul\u00e9e Profonde 2-3\\\" | Transparente | CHILL EPOXY\",\"isPartOf\":{\"@id\":\"https:\\\/\\\/chillepoxy.com\\\/fr\\\/#website\"},\"primaryImageOfPage\":{\"@id\":\"https:\\\/\\\/chillepoxy.com\\\/fr\\\/produit\\\/ultra-clear-deep-pour-epoxy-resin-2-3-thick-for-river-tables\\\/#primaryimage\"},\"image\":{\"@id\":\"https:\\\/\\\/chillepoxy.com\\\/fr\\\/produit\\\/ultra-clear-deep-pour-epoxy-resin-2-3-thick-for-river-tables\\\/#primaryimage\"},\"thumbnailUrl\":\"https:\\\/\\\/chillepoxy.com\\\/wp-content\\\/uploads\\\/2023\\\/03\\\/Deep-Pour-Casting-Epoxy-Resin-River-tables.jpg\",\"datePublished\":\"2023-03-27T17:13:15+00:00\",\"dateModified\":\"2025-04-02T19:11:46+00:00\",\"description\":\"R\u00e9sine \u00c9poxy de Coul\u00e9e Profonde 2-3\\\" | Transparente et r\u00e9sistante aux UV. R\u00e9sine \u00e9poxy de coul\u00e9e profonde pour projets de 2-3\\\" d'\u00e9paisseur.\",\"breadcrumb\":{\"@id\":\"https:\\\/\\\/chillepoxy.com\\\/fr\\\/produit\\\/ultra-clear-deep-pour-epoxy-resin-2-3-thick-for-river-tables\\\/#breadcrumb\"},\"inLanguage\":\"fr-FR\",\"potentialAction\":[{\"@type\":\"ReadAction\",\"target\":[\"https:\\\/\\\/chillepoxy.com\\\/fr\\\/produit\\\/ultra-clear-deep-pour-epoxy-resin-2-3-thick-for-river-tables\\\/\"]}]},{\"@type\":\"ImageObject\",\"inLanguage\":\"fr-FR\",\"@id\":\"https:\\\/\\\/chillepoxy.com\\\/fr\\\/produit\\\/ultra-clear-deep-pour-epoxy-resin-2-3-thick-for-river-tables\\\/#primaryimage\",\"url\":\"https:\\\/\\\/chillepoxy.com\\\/wp-content\\\/uploads\\\/2023\\\/03\\\/Deep-Pour-Casting-Epoxy-Resin-River-tables.jpg\",\"contentUrl\":\"https:\\\/\\\/chillepoxy.com\\\/wp-content\\\/uploads\\\/2023\\\/03\\\/Deep-Pour-Casting-Epoxy-Resin-River-tables.jpg\",\"width\":1920,\"height\":1920,\"caption\":\"R\u00e9sine \u00c9poxy de Coul\u00e9e Profonde 2-3\\\" | Transparente\"},{\"@type\":\"BreadcrumbList\",\"@id\":\"https:\\\/\\\/chillepoxy.com\\\/fr\\\/produit\\\/ultra-clear-deep-pour-epoxy-resin-2-3-thick-for-river-tables\\\/#breadcrumb\",\"itemListElement\":[{\"@type\":\"ListItem\",\"position\":1,\"name\":\"Home\",\"item\":\"https:\\\/\\\/chillepoxy.com\\\/fr\\\/\"},{\"@type\":\"ListItem\",\"position\":2,\"name\":\"Boutique\",\"item\":\"https:\\\/\\\/chillepoxy.com\\\/fr\\\/boutique\\\/\"},{\"@type\":\"ListItem\",\"position\":3,\"name\":\"R\u00e9sine \u00c9poxy de Coul\u00e9e Profonde 2-3&#8243; | Transparente, Sans COV &#038; R\u00e9sistante aux UV | Id\u00e9ale pour Tables Rivi\u00e8re\"}]},{\"@type\":\"WebSite\",\"@id\":\"https:\\\/\\\/chillepoxy.com\\\/fr\\\/#website\",\"url\":\"https:\\\/\\\/chillepoxy.com\\\/fr\\\/\",\"name\":\"CHILL EPOXY\u2122 High-Quality Canadian-Made Epoxy Resin\",\"description\":\"High-Quality Canadian-Made Epoxy Resin | Casting &amp; Art\",\"publisher\":{\"@id\":\"https:\\\/\\\/chillepoxy.com\\\/fr\\\/#organization\"},\"alternateName\":\"High-Quality Epoxy Resin\",\"potentialAction\":[{\"@type\":\"SearchAction\",\"target\":{\"@type\":\"EntryPoint\",\"urlTemplate\":\"https:\\\/\\\/chillepoxy.com\\\/fr\\\/?s={search_term_string}\"},\"query-input\":{\"@type\":\"PropertyValueSpecification\",\"valueRequired\":true,\"valueName\":\"search_term_string\"}}],\"inLanguage\":\"fr-FR\"},{\"@type\":\"Organization\",\"@id\":\"https:\\\/\\\/chillepoxy.com\\\/fr\\\/#organization\",\"name\":\"CHILL EPOXY\u2122\",\"alternateName\":\"High-Quality Canadian-Made Epoxy Resin\",\"url\":\"https:\\\/\\\/chillepoxy.com\\\/fr\\\/\",\"logo\":{\"@type\":\"ImageObject\",\"inLanguage\":\"fr-FR\",\"@id\":\"https:\\\/\\\/chillepoxy.com\\\/fr\\\/#\\\/schema\\\/logo\\\/image\\\/\",\"url\":\"https:\\\/\\\/i0.wp.com\\\/chillepoxy.com\\\/wp-content\\\/uploads\\\/2024\\\/02\\\/polymeres_technologies.png?fit=649%2C649&ssl=1\",\"contentUrl\":\"https:\\\/\\\/i0.wp.com\\\/chillepoxy.com\\\/wp-content\\\/uploads\\\/2024\\\/02\\\/polymeres_technologies.png?fit=649%2C649&ssl=1\",\"width\":649,\"height\":649,\"caption\":\"CHILL EPOXY\u2122\"},\"image\":{\"@id\":\"https:\\\/\\\/chillepoxy.com\\\/fr\\\/#\\\/schema\\\/logo\\\/image\\\/\"},\"sameAs\":[\"https:\\\/\\\/www.facebook.com\\\/polymerestechnologies\\\/\",\"https:\\\/\\\/www.instagram.com\\\/polymeres_technologies\\\/\",\"https:\\\/\\\/www.linkedin.com\\\/company\\\/polymeres-technologies\\\/\",\"https:\\\/\\\/www.youtube.com\\\/channel\\\/UCDaFKmK4Hn3KPKmBaTXWong\"]}]}<\/script>\n<!-- \/ Yoast SEO Premium plugin. -->","yoast_head_json":{"title":"R\u00e9sine \u00c9poxy de Coul\u00e9e Profonde 2-3\" | Transparente | CHILL EPOXY","description":"R\u00e9sine \u00c9poxy de Coul\u00e9e Profonde 2-3\" | Transparente et r\u00e9sistante aux UV. R\u00e9sine \u00e9poxy de coul\u00e9e profonde pour projets de 2-3\" d'\u00e9paisseur.","robots":{"index":"index","follow":"follow","max-snippet":"max-snippet:-1","max-image-preview":"max-image-preview:large","max-video-preview":"max-video-preview:-1"},"canonical":"https:\/\/chillepoxy.com\/fr\/produit\/ultra-clear-deep-pour-epoxy-resin-2-3-thick-for-river-tables\/","og_locale":"fr_FR","og_type":"article","og_title":"R\u00e9sine \u00c9poxy de Coul\u00e9e Profonde 2-3\" | Transparente, Sans COV & R\u00e9sistante aux UV | Id\u00e9ale pour Tables Rivi\u00e8re","og_description":"R\u00e9sine \u00c9poxy de Coul\u00e9e Profonde 2-3\" | Transparente et r\u00e9sistante aux UV. R\u00e9sine \u00e9poxy de coul\u00e9e profonde pour projets de 2-3\" d'\u00e9paisseur.","og_url":"https:\/\/chillepoxy.com\/fr\/produit\/ultra-clear-deep-pour-epoxy-resin-2-3-thick-for-river-tables\/","og_site_name":"CHILL EPOXY","article_publisher":"https:\/\/www.facebook.com\/polymerestechnologies\/","article_modified_time":"2025-04-02T19:11:46+00:00","og_image":[{"width":1920,"height":1920,"url":"https:\/\/chillepoxy.com\/wp-content\/uploads\/2023\/03\/Deep-Pour-Casting-Epoxy-Resin-River-tables.jpg","type":"image\/jpeg"}],"twitter_card":"summary_large_image","twitter_misc":{"Dur\u00e9e de lecture estim\u00e9e":"4 minutes"},"schema":{"@context":"https:\/\/schema.org","@graph":[{"@type":"WebPage","@id":"https:\/\/chillepoxy.com\/fr\/produit\/ultra-clear-deep-pour-epoxy-resin-2-3-thick-for-river-tables\/","url":"https:\/\/chillepoxy.com\/fr\/produit\/ultra-clear-deep-pour-epoxy-resin-2-3-thick-for-river-tables\/","name":"R\u00e9sine \u00c9poxy de Coul\u00e9e Profonde 2-3\" | Transparente | CHILL EPOXY","isPartOf":{"@id":"https:\/\/chillepoxy.com\/fr\/#website"},"primaryImageOfPage":{"@id":"https:\/\/chillepoxy.com\/fr\/produit\/ultra-clear-deep-pour-epoxy-resin-2-3-thick-for-river-tables\/#primaryimage"},"image":{"@id":"https:\/\/chillepoxy.com\/fr\/produit\/ultra-clear-deep-pour-epoxy-resin-2-3-thick-for-river-tables\/#primaryimage"},"thumbnailUrl":"https:\/\/chillepoxy.com\/wp-content\/uploads\/2023\/03\/Deep-Pour-Casting-Epoxy-Resin-River-tables.jpg","datePublished":"2023-03-27T17:13:15+00:00","dateModified":"2025-04-02T19:11:46+00:00","description":"R\u00e9sine \u00c9poxy de Coul\u00e9e Profonde 2-3\" | Transparente et r\u00e9sistante aux UV. R\u00e9sine \u00e9poxy de coul\u00e9e profonde pour projets de 2-3\" d'\u00e9paisseur.","breadcrumb":{"@id":"https:\/\/chillepoxy.com\/fr\/produit\/ultra-clear-deep-pour-epoxy-resin-2-3-thick-for-river-tables\/#breadcrumb"},"inLanguage":"fr-FR","potentialAction":[{"@type":"ReadAction","target":["https:\/\/chillepoxy.com\/fr\/produit\/ultra-clear-deep-pour-epoxy-resin-2-3-thick-for-river-tables\/"]}]},{"@type":"ImageObject","inLanguage":"fr-FR","@id":"https:\/\/chillepoxy.com\/fr\/produit\/ultra-clear-deep-pour-epoxy-resin-2-3-thick-for-river-tables\/#primaryimage","url":"https:\/\/chillepoxy.com\/wp-content\/uploads\/2023\/03\/Deep-Pour-Casting-Epoxy-Resin-River-tables.jpg","contentUrl":"https:\/\/chillepoxy.com\/wp-content\/uploads\/2023\/03\/Deep-Pour-Casting-Epoxy-Resin-River-tables.jpg","width":1920,"height":1920,"caption":"R\u00e9sine \u00c9poxy de Coul\u00e9e Profonde 2-3\" | Transparente"},{"@type":"BreadcrumbList","@id":"https:\/\/chillepoxy.com\/fr\/produit\/ultra-clear-deep-pour-epoxy-resin-2-3-thick-for-river-tables\/#breadcrumb","itemListElement":[{"@type":"ListItem","position":1,"name":"Home","item":"https:\/\/chillepoxy.com\/fr\/"},{"@type":"ListItem","position":2,"name":"Boutique","item":"https:\/\/chillepoxy.com\/fr\/boutique\/"},{"@type":"ListItem","position":3,"name":"R\u00e9sine \u00c9poxy de Coul\u00e9e Profonde 2-3&#8243; | Transparente, Sans COV &#038; R\u00e9sistante aux UV | Id\u00e9ale pour Tables Rivi\u00e8re"}]},{"@type":"WebSite","@id":"https:\/\/chillepoxy.com\/fr\/#website","url":"https:\/\/chillepoxy.com\/fr\/","name":"CHILL EPOXY\u2122 High-Quality Canadian-Made Epoxy Resin","description":"High-Quality Canadian-Made Epoxy Resin | Casting &amp; Art","publisher":{"@id":"https:\/\/chillepoxy.com\/fr\/#organization"},"alternateName":"High-Quality Epoxy Resin","potentialAction":[{"@type":"SearchAction","target":{"@type":"EntryPoint","urlTemplate":"https:\/\/chillepoxy.com\/fr\/?s={search_term_string}"},"query-input":{"@type":"PropertyValueSpecification","valueRequired":true,"valueName":"search_term_string"}}],"inLanguage":"fr-FR"},{"@type":"Organization","@id":"https:\/\/chillepoxy.com\/fr\/#organization","name":"CHILL EPOXY\u2122","alternateName":"High-Quality Canadian-Made Epoxy Resin","url":"https:\/\/chillepoxy.com\/fr\/","logo":{"@type":"ImageObject","inLanguage":"fr-FR","@id":"https:\/\/chillepoxy.com\/fr\/#\/schema\/logo\/image\/","url":"https:\/\/i0.wp.com\/chillepoxy.com\/wp-content\/uploads\/2024\/02\/polymeres_technologies.png?fit=649%2C649&ssl=1","contentUrl":"https:\/\/i0.wp.com\/chillepoxy.com\/wp-content\/uploads\/2024\/02\/polymeres_technologies.png?fit=649%2C649&ssl=1","width":649,"height":649,"caption":"CHILL EPOXY\u2122"},"image":{"@id":"https:\/\/chillepoxy.com\/fr\/#\/schema\/logo\/image\/"},"sameAs":["https:\/\/www.facebook.com\/polymerestechnologies\/","https:\/\/www.instagram.com\/polymeres_technologies\/","https:\/\/www.linkedin.com\/company\/polymeres-technologies\/","https:\/\/www.youtube.com\/channel\/UCDaFKmK4Hn3KPKmBaTXWong"]}]}},"jetpack_publicize_connections":[],"jetpack_sharing_enabled":true,"jetpack_likes_enabled":false,"_links":{"self":[{"href":"https:\/\/chillepoxy.com\/fr\/wp-json\/wp\/v2\/product\/23697","targetHints":{"allow":["GET"]}}],"collection":[{"href":"https:\/\/chillepoxy.com\/fr\/wp-json\/wp\/v2\/product"}],"about":[{"href":"https:\/\/chillepoxy.com\/fr\/wp-json\/wp\/v2\/types\/product"}],"replies":[{"embeddable":true,"href":"https:\/\/chillepoxy.com\/fr\/wp-json\/wp\/v2\/comments?post=23697"}],"wp:featuredmedia":[{"embeddable":true,"href":"https:\/\/chillepoxy.com\/fr\/wp-json\/wp\/v2\/media\/27856"}],"wp:attachment":[{"href":"https:\/\/chillepoxy.com\/fr\/wp-json\/wp\/v2\/media?parent=23697"}],"wp:term":[{"taxonomy":"product_brand","embeddable":true,"href":"https:\/\/chillepoxy.com\/fr\/wp-json\/wp\/v2\/product_brand?post=23697"},{"taxonomy":"product_cat","embeddable":true,"href":"https:\/\/chillepoxy.com\/fr\/wp-json\/wp\/v2\/product_cat?post=23697"},{"taxonomy":"product_tag","embeddable":true,"href":"https:\/\/chillepoxy.com\/fr\/wp-json\/wp\/v2\/product_tag?post=23697"}],"curies":[{"name":"wp","href":"https:\/\/api.w.org\/{rel}","templated":true}]}}