{"id":27254,"date":"2024-01-23T09:56:38","date_gmt":"2024-01-23T14:56:38","guid":{"rendered":"https:\/\/chillepoxy.com\/product\/scellant-epoxy-pour-les-planchers-en-beton-commercial-shield-tec-801\/"},"modified":"2026-04-01T09:12:48","modified_gmt":"2026-04-01T13:12:48","slug":"scellant-epoxy-pour-les-planchers-en-beton-commercial-shield-tec-801","status":"publish","type":"product","link":"https:\/\/chillepoxy.com\/fr\/produit\/scellant-epoxy-pour-les-planchers-en-beton-commercial-shield-tec-801\/","title":{"rendered":"Scellant \u00e9poxy pour b\u00e9ton | Forte adh\u00e9rence et faible viscosit\u00e9 | Haute protection de surface | Kit de 15L (3,96 gallons) | SHIELD-TEC 801"},"content":{"rendered":"<h1>Scellant \u00e9poxy p\u00e9n\u00e9trant pour b\u00e9ton \u00e0 forte adh\u00e9rence et faible viscosit\u00e9 | Haute protection de surface | \u00c9tanche | Kit de 15L (3,96 gallons) | SHIELD-TEC\u2122 801<\/h1>\n<p>Scellant \u00e9poxy pour b\u00e9ton | forte adh\u00e9rence et faible viscosit\u00e9. Scellant \u00e9poxy p\u00e9n\u00e9trant pour b\u00e9ton \u00e0 forte adh\u00e9rence et faible viscosit\u00e9 | Haute protection de surface | \u00c9tanche | Kit de 15L (3,96 gallons) Scellant \u00e9poxy pour planchers industriels et commerciaux en b\u00e9ton. SHIELD-TEC\u2122 801 est un scellant \u00e9poxy bicomposants transparent, 100% solide pour planchers en b\u00e9ton. Une solution \u00e0 100% solide, sans COV et inodore qui offre une protection in\u00e9gal\u00e9e pour les sols et un aspect mouill\u00e9 sur les surfaces en b\u00e9ton sabl\u00e9. Avant d&rsquo;appliquer la touche finale avec SHIELD-TEC\u2122 802 F, ce scellant \u00e0 haute p\u00e9n\u00e9tration scelle et prot\u00e8ge votre sol en b\u00e9ton, le rendant durable et facile \u00e0 nettoyer. Dites adieu aux soucis li\u00e9s aux dommages li\u00e9s \u00e0 l&rsquo;humidit\u00e9.<\/p>\n<p>La s\u00e9rie de r\u00e9sines \u00e9poxy SHIELD-TEC\u2122, fi\u00e8rement fabriqu\u00e9e par <a href=\"http:\/\/www.polymerestechnologies.com\">Polymeres Technologies INC<\/a>, t\u00e9moigne de leur engagement envers l&rsquo;excellence dans le domaine des produits \u00e9poxy. Tout comme leur autre ligne renomm\u00e9e, CHILL EPOXY\u2122, la s\u00e9rie SHIELD-TEC\u2122 incarne la m\u00eame d\u00e9votion \u00e0 la qualit\u00e9 et \u00e0 l&rsquo;innovation. Avec une histoire riche dans la fourniture de solutions \u00e9poxy de premier ordre, Polymeres Technologies INC continue de d\u00e9finir les normes de l&rsquo;industrie en cr\u00e9ant des r\u00e9sines \u00e9poxy offrant des performances, une durabilit\u00e9 et une polyvalence in\u00e9gal\u00e9es.<\/p>\n<h3>Scellant \u00e9poxy p\u00e9n\u00e9trant pour b\u00e9ton \u00e0 forte adh\u00e9rence et faible viscosit\u00e9<\/h3>\n<p>Ce scellant remarquable trouve sa vocation dans diverses industries, en faisant ainsi un choix polyvalent pour tous vos besoins. Que vous soyez dans l&rsquo;industrie de la production alimentaire, les installations m\u00e9dicales, les espaces commerciaux ou les environnements industriels, notre scellant peut tout g\u00e9rer. Il est \u00e9tanche, hautement r\u00e9sistant \u00e0 l&rsquo;abrasion et peut m\u00eame supporter les rayons UV intenses. Id\u00e9al pour les zones \u00e0 forte circulation, c&rsquo;est le protecteur que vos sols m\u00e9ritent.<\/p>\n<p>Voici pourquoi le SHIELD-TEC\u2122 801 se distingue :<\/p>\n<ul>\n<li>Unit\u00e9 pr\u00e9-mesur\u00e9e de 15 litres pour votre commodit\u00e9<\/li>\n<li>Z\u00e9ro COV, z\u00e9ro odeur<\/li>\n<li>Adapt\u00e9 aux zones \u00e0 taux d&rsquo;humidit\u00e9 \u00e9lev\u00e9<\/li>\n<li>Sans joints pour une surface lisse et facile \u00e0 nettoyer<\/li>\n<li>R\u00e9sistance exceptionnelle aux chocs<\/li>\n<li>Pouvoir de p\u00e9n\u00e9tration sup\u00e9rieur<\/li>\n<li>R\u00e9pond aux exigences de l&rsquo;ACIA (Agence canadienne d&rsquo;inspection des aliments)<\/li>\n<li>Auto-nivelant<\/li>\n<li>Finition aspect mouill\u00e9<\/li>\n<\/ul>\n<p>Pour des projets \u00e0 grande \u00e9chelle, contactez-nous pour vous renseigner sur les tarifs de gros pour notre \u00e9poxy : <a href=\"mailto:sales@polymerestechnologies.com\">ventes@polymerestechnologies.com <\/a><\/p>\n","protected":false},"excerpt":{"rendered":"<p><strong>SHIELD-TEC 801\u2122<\/strong> est un appr\u00eat scellant \u00e9poxy transparent bicomposant, 100 % solide, con\u00e7u pour les sols en b\u00e9ton industriels et commerciaux, offrant une haute capacit\u00e9 de p\u00e9n\u00e9tration. Il scelle et prot\u00e8ge efficacement les sols en b\u00e9ton avant l&rsquo;application de la couche de finition SHIELD-TEC\u2122 802 F. Reconnu pour ses performances exceptionnelles dans notre gamme de rev\u00eatements industriels, il est formul\u00e9 avec des mati\u00e8res premi\u00e8res de qualit\u00e9 sup\u00e9rieure, offrant une r\u00e9sistance, une duret\u00e9 et une viscosit\u00e9 optimales. Id\u00e9al pour les installations agroalimentaires, m\u00e9dicales, commerciales et industrielles, en particulier dans les environnements n\u00e9cessitant un nettoyage fr\u00e9quent.<\/p>\n","protected":false},"featured_media":27253,"comment_status":"open","ping_status":"closed","template":"","meta":{"jetpack_publicize_message":"","jetpack_publicize_feature_enabled":true,"jetpack_social_post_already_shared":true,"jetpack_social_options":{"image_generator_settings":{"template":"highway","default_image_id":0,"font":"","enabled":false},"version":2}},"product_brand":[],"product_cat":[1425,83,85],"product_tag":[],"class_list":{"0":"post-27254","1":"product","2":"type-product","3":"status-publish","4":"has-post-thumbnail","6":"product_cat-15l-3-96-gallon-fr","7":"product_cat-resines-epoxy","8":"product_cat-revetement-de-plancher-epoxy","10":"first","11":"instock","12":"taxable","13":"shipping-taxable","14":"purchasable","15":"product-type-simple"},"yoast_head":"<!-- This site is optimized with the Yoast SEO Premium plugin v27.4 (Yoast SEO v27.4) - https:\/\/yoast.com\/product\/yoast-seo-premium-wordpress\/ -->\n<title>Scellant \u00e9poxy pour b\u00e9ton | forte adh\u00e9rence et faible viscosit\u00e9 | CHILL EPOXY<\/title>\n<meta name=\"description\" content=\"Scellant \u00e9poxy pour b\u00e9ton | forte adh\u00e9rence et faible viscosit\u00e9 . Meilleur appr\u00eat \u00e9poxy transparent pour sceller et prot\u00e9ger les sols en b\u00e9ton avant l&#039;application des couches de finition.\" \/>\n<meta name=\"robots\" content=\"index, follow, max-snippet:-1, max-image-preview:large, max-video-preview:-1\" \/>\n<link rel=\"canonical\" href=\"https:\/\/chillepoxy.com\/fr\/produit\/scellant-epoxy-pour-les-planchers-en-beton-commercial-shield-tec-801\/\" \/>\n<meta property=\"og:locale\" content=\"fr_FR\" \/>\n<meta property=\"og:type\" content=\"article\" \/>\n<meta property=\"og:title\" content=\"Scellant \u00e9poxy pour b\u00e9ton | Forte adh\u00e9rence et faible viscosit\u00e9 | Haute protection de surface | Kit de 15L (3,96 gallons) | SHIELD-TEC 801\" \/>\n<meta property=\"og:description\" content=\"Scellant \u00e9poxy pour b\u00e9ton | forte adh\u00e9rence et faible viscosit\u00e9 . Meilleur appr\u00eat \u00e9poxy transparent pour sceller et prot\u00e9ger les sols en b\u00e9ton avant l&#039;application des couches de finition.\" \/>\n<meta property=\"og:url\" content=\"https:\/\/chillepoxy.com\/fr\/produit\/scellant-epoxy-pour-les-planchers-en-beton-commercial-shield-tec-801\/\" \/>\n<meta property=\"og:site_name\" content=\"CHILL EPOXY\" \/>\n<meta property=\"article:publisher\" content=\"https:\/\/www.facebook.com\/polymerestechnologies\/\" \/>\n<meta property=\"article:modified_time\" content=\"2026-04-01T13:12:48+00:00\" \/>\n<meta property=\"og:image\" content=\"https:\/\/chillepoxy.com\/wp-content\/uploads\/2024\/01\/Epoxy-Concrete-Sealer-for-Commercial-Floors-SHIELD-TEC-801.png\" \/>\n\t<meta property=\"og:image:width\" content=\"1920\" \/>\n\t<meta property=\"og:image:height\" content=\"1920\" \/>\n\t<meta property=\"og:image:type\" content=\"image\/png\" \/>\n<meta name=\"twitter:card\" content=\"summary_large_image\" \/>\n<meta name=\"twitter:label1\" content=\"Dur\u00e9e de lecture estim\u00e9e\" \/>\n\t<meta name=\"twitter:data1\" content=\"2 minutes\" \/>\n<script type=\"application\/ld+json\" class=\"yoast-schema-graph\">{\"@context\":\"https:\\\/\\\/schema.org\",\"@graph\":[{\"@type\":\"WebPage\",\"@id\":\"https:\\\/\\\/chillepoxy.com\\\/fr\\\/produit\\\/scellant-epoxy-pour-les-planchers-en-beton-commercial-shield-tec-801\\\/\",\"url\":\"https:\\\/\\\/chillepoxy.com\\\/fr\\\/produit\\\/scellant-epoxy-pour-les-planchers-en-beton-commercial-shield-tec-801\\\/\",\"name\":\"Scellant \u00e9poxy pour b\u00e9ton | forte adh\u00e9rence et faible viscosit\u00e9 | CHILL EPOXY\",\"isPartOf\":{\"@id\":\"https:\\\/\\\/chillepoxy.com\\\/fr\\\/#website\"},\"primaryImageOfPage\":{\"@id\":\"https:\\\/\\\/chillepoxy.com\\\/fr\\\/produit\\\/scellant-epoxy-pour-les-planchers-en-beton-commercial-shield-tec-801\\\/#primaryimage\"},\"image\":{\"@id\":\"https:\\\/\\\/chillepoxy.com\\\/fr\\\/produit\\\/scellant-epoxy-pour-les-planchers-en-beton-commercial-shield-tec-801\\\/#primaryimage\"},\"thumbnailUrl\":\"https:\\\/\\\/chillepoxy.com\\\/wp-content\\\/uploads\\\/2024\\\/01\\\/Epoxy-Concrete-Sealer-for-Commercial-Floors-SHIELD-TEC-801.png\",\"datePublished\":\"2024-01-23T14:56:38+00:00\",\"dateModified\":\"2026-04-01T13:12:48+00:00\",\"description\":\"Scellant \u00e9poxy pour b\u00e9ton | forte adh\u00e9rence et faible viscosit\u00e9 . Meilleur appr\u00eat \u00e9poxy transparent pour sceller et prot\u00e9ger les sols en b\u00e9ton avant l'application des couches de finition.\",\"breadcrumb\":{\"@id\":\"https:\\\/\\\/chillepoxy.com\\\/fr\\\/produit\\\/scellant-epoxy-pour-les-planchers-en-beton-commercial-shield-tec-801\\\/#breadcrumb\"},\"inLanguage\":\"fr-FR\",\"potentialAction\":[{\"@type\":\"ReadAction\",\"target\":[\"https:\\\/\\\/chillepoxy.com\\\/fr\\\/produit\\\/scellant-epoxy-pour-les-planchers-en-beton-commercial-shield-tec-801\\\/\"]}]},{\"@type\":\"ImageObject\",\"inLanguage\":\"fr-FR\",\"@id\":\"https:\\\/\\\/chillepoxy.com\\\/fr\\\/produit\\\/scellant-epoxy-pour-les-planchers-en-beton-commercial-shield-tec-801\\\/#primaryimage\",\"url\":\"https:\\\/\\\/chillepoxy.com\\\/wp-content\\\/uploads\\\/2024\\\/01\\\/Epoxy-Concrete-Sealer-for-Commercial-Floors-SHIELD-TEC-801.png\",\"contentUrl\":\"https:\\\/\\\/chillepoxy.com\\\/wp-content\\\/uploads\\\/2024\\\/01\\\/Epoxy-Concrete-Sealer-for-Commercial-Floors-SHIELD-TEC-801.png\",\"width\":1920,\"height\":1920,\"caption\":\"Scellant \u00e9poxy p\u00e9n\u00e9trant pour b\u00e9ton \u00e0 forte adh\u00e9rence et faible viscosit\u00e9\"},{\"@type\":\"BreadcrumbList\",\"@id\":\"https:\\\/\\\/chillepoxy.com\\\/fr\\\/produit\\\/scellant-epoxy-pour-les-planchers-en-beton-commercial-shield-tec-801\\\/#breadcrumb\",\"itemListElement\":[{\"@type\":\"ListItem\",\"position\":1,\"name\":\"Home\",\"item\":\"https:\\\/\\\/chillepoxy.com\\\/fr\\\/\"},{\"@type\":\"ListItem\",\"position\":2,\"name\":\"Boutique\",\"item\":\"https:\\\/\\\/chillepoxy.com\\\/fr\\\/boutique\\\/\"},{\"@type\":\"ListItem\",\"position\":3,\"name\":\"Scellant \u00e9poxy pour b\u00e9ton | Forte adh\u00e9rence et faible viscosit\u00e9 | Haute protection de surface | Kit de 15L (3,96 gallons) | SHIELD-TEC 801\"}]},{\"@type\":\"WebSite\",\"@id\":\"https:\\\/\\\/chillepoxy.com\\\/fr\\\/#website\",\"url\":\"https:\\\/\\\/chillepoxy.com\\\/fr\\\/\",\"name\":\"CHILL EPOXY\u2122 High-Quality Canadian-Made Epoxy Resin\",\"description\":\"High-Quality Canadian-Made Epoxy Resin | Casting &amp; Art\",\"publisher\":{\"@id\":\"https:\\\/\\\/chillepoxy.com\\\/fr\\\/#organization\"},\"alternateName\":\"High-Quality Epoxy Resin\",\"potentialAction\":[{\"@type\":\"SearchAction\",\"target\":{\"@type\":\"EntryPoint\",\"urlTemplate\":\"https:\\\/\\\/chillepoxy.com\\\/fr\\\/?s={search_term_string}\"},\"query-input\":{\"@type\":\"PropertyValueSpecification\",\"valueRequired\":true,\"valueName\":\"search_term_string\"}}],\"inLanguage\":\"fr-FR\"},{\"@type\":\"Organization\",\"@id\":\"https:\\\/\\\/chillepoxy.com\\\/fr\\\/#organization\",\"name\":\"CHILL EPOXY\u2122\",\"alternateName\":\"High-Quality Canadian-Made Epoxy Resin\",\"url\":\"https:\\\/\\\/chillepoxy.com\\\/fr\\\/\",\"logo\":{\"@type\":\"ImageObject\",\"inLanguage\":\"fr-FR\",\"@id\":\"https:\\\/\\\/chillepoxy.com\\\/fr\\\/#\\\/schema\\\/logo\\\/image\\\/\",\"url\":\"https:\\\/\\\/i0.wp.com\\\/chillepoxy.com\\\/wp-content\\\/uploads\\\/2024\\\/02\\\/polymeres_technologies.png?fit=649%2C649&ssl=1\",\"contentUrl\":\"https:\\\/\\\/i0.wp.com\\\/chillepoxy.com\\\/wp-content\\\/uploads\\\/2024\\\/02\\\/polymeres_technologies.png?fit=649%2C649&ssl=1\",\"width\":649,\"height\":649,\"caption\":\"CHILL EPOXY\u2122\"},\"image\":{\"@id\":\"https:\\\/\\\/chillepoxy.com\\\/fr\\\/#\\\/schema\\\/logo\\\/image\\\/\"},\"sameAs\":[\"https:\\\/\\\/www.facebook.com\\\/polymerestechnologies\\\/\",\"https:\\\/\\\/www.instagram.com\\\/polymeres_technologies\\\/\",\"https:\\\/\\\/www.linkedin.com\\\/company\\\/polymeres-technologies\\\/\",\"https:\\\/\\\/www.youtube.com\\\/channel\\\/UCDaFKmK4Hn3KPKmBaTXWong\"]}]}<\/script>\n<!-- \/ Yoast SEO Premium plugin. -->","yoast_head_json":{"title":"Scellant \u00e9poxy pour b\u00e9ton | forte adh\u00e9rence et faible viscosit\u00e9 | CHILL EPOXY","description":"Scellant \u00e9poxy pour b\u00e9ton | forte adh\u00e9rence et faible viscosit\u00e9 . Meilleur appr\u00eat \u00e9poxy transparent pour sceller et prot\u00e9ger les sols en b\u00e9ton avant l'application des couches de finition.","robots":{"index":"index","follow":"follow","max-snippet":"max-snippet:-1","max-image-preview":"max-image-preview:large","max-video-preview":"max-video-preview:-1"},"canonical":"https:\/\/chillepoxy.com\/fr\/produit\/scellant-epoxy-pour-les-planchers-en-beton-commercial-shield-tec-801\/","og_locale":"fr_FR","og_type":"article","og_title":"Scellant \u00e9poxy pour b\u00e9ton | Forte adh\u00e9rence et faible viscosit\u00e9 | Haute protection de surface | Kit de 15L (3,96 gallons) | SHIELD-TEC 801","og_description":"Scellant \u00e9poxy pour b\u00e9ton | forte adh\u00e9rence et faible viscosit\u00e9 . Meilleur appr\u00eat \u00e9poxy transparent pour sceller et prot\u00e9ger les sols en b\u00e9ton avant l'application des couches de finition.","og_url":"https:\/\/chillepoxy.com\/fr\/produit\/scellant-epoxy-pour-les-planchers-en-beton-commercial-shield-tec-801\/","og_site_name":"CHILL EPOXY","article_publisher":"https:\/\/www.facebook.com\/polymerestechnologies\/","article_modified_time":"2026-04-01T13:12:48+00:00","og_image":[{"width":1920,"height":1920,"url":"https:\/\/chillepoxy.com\/wp-content\/uploads\/2024\/01\/Epoxy-Concrete-Sealer-for-Commercial-Floors-SHIELD-TEC-801.png","type":"image\/png"}],"twitter_card":"summary_large_image","twitter_misc":{"Dur\u00e9e de lecture estim\u00e9e":"2 minutes"},"schema":{"@context":"https:\/\/schema.org","@graph":[{"@type":"WebPage","@id":"https:\/\/chillepoxy.com\/fr\/produit\/scellant-epoxy-pour-les-planchers-en-beton-commercial-shield-tec-801\/","url":"https:\/\/chillepoxy.com\/fr\/produit\/scellant-epoxy-pour-les-planchers-en-beton-commercial-shield-tec-801\/","name":"Scellant \u00e9poxy pour b\u00e9ton | forte adh\u00e9rence et faible viscosit\u00e9 | CHILL EPOXY","isPartOf":{"@id":"https:\/\/chillepoxy.com\/fr\/#website"},"primaryImageOfPage":{"@id":"https:\/\/chillepoxy.com\/fr\/produit\/scellant-epoxy-pour-les-planchers-en-beton-commercial-shield-tec-801\/#primaryimage"},"image":{"@id":"https:\/\/chillepoxy.com\/fr\/produit\/scellant-epoxy-pour-les-planchers-en-beton-commercial-shield-tec-801\/#primaryimage"},"thumbnailUrl":"https:\/\/chillepoxy.com\/wp-content\/uploads\/2024\/01\/Epoxy-Concrete-Sealer-for-Commercial-Floors-SHIELD-TEC-801.png","datePublished":"2024-01-23T14:56:38+00:00","dateModified":"2026-04-01T13:12:48+00:00","description":"Scellant \u00e9poxy pour b\u00e9ton | forte adh\u00e9rence et faible viscosit\u00e9 . Meilleur appr\u00eat \u00e9poxy transparent pour sceller et prot\u00e9ger les sols en b\u00e9ton avant l'application des couches de finition.","breadcrumb":{"@id":"https:\/\/chillepoxy.com\/fr\/produit\/scellant-epoxy-pour-les-planchers-en-beton-commercial-shield-tec-801\/#breadcrumb"},"inLanguage":"fr-FR","potentialAction":[{"@type":"ReadAction","target":["https:\/\/chillepoxy.com\/fr\/produit\/scellant-epoxy-pour-les-planchers-en-beton-commercial-shield-tec-801\/"]}]},{"@type":"ImageObject","inLanguage":"fr-FR","@id":"https:\/\/chillepoxy.com\/fr\/produit\/scellant-epoxy-pour-les-planchers-en-beton-commercial-shield-tec-801\/#primaryimage","url":"https:\/\/chillepoxy.com\/wp-content\/uploads\/2024\/01\/Epoxy-Concrete-Sealer-for-Commercial-Floors-SHIELD-TEC-801.png","contentUrl":"https:\/\/chillepoxy.com\/wp-content\/uploads\/2024\/01\/Epoxy-Concrete-Sealer-for-Commercial-Floors-SHIELD-TEC-801.png","width":1920,"height":1920,"caption":"Scellant \u00e9poxy p\u00e9n\u00e9trant pour b\u00e9ton \u00e0 forte adh\u00e9rence et faible viscosit\u00e9"},{"@type":"BreadcrumbList","@id":"https:\/\/chillepoxy.com\/fr\/produit\/scellant-epoxy-pour-les-planchers-en-beton-commercial-shield-tec-801\/#breadcrumb","itemListElement":[{"@type":"ListItem","position":1,"name":"Home","item":"https:\/\/chillepoxy.com\/fr\/"},{"@type":"ListItem","position":2,"name":"Boutique","item":"https:\/\/chillepoxy.com\/fr\/boutique\/"},{"@type":"ListItem","position":3,"name":"Scellant \u00e9poxy pour b\u00e9ton | Forte adh\u00e9rence et faible viscosit\u00e9 | Haute protection de surface | Kit de 15L (3,96 gallons) | SHIELD-TEC 801"}]},{"@type":"WebSite","@id":"https:\/\/chillepoxy.com\/fr\/#website","url":"https:\/\/chillepoxy.com\/fr\/","name":"CHILL EPOXY\u2122 High-Quality Canadian-Made Epoxy Resin","description":"High-Quality Canadian-Made Epoxy Resin | Casting &amp; Art","publisher":{"@id":"https:\/\/chillepoxy.com\/fr\/#organization"},"alternateName":"High-Quality Epoxy Resin","potentialAction":[{"@type":"SearchAction","target":{"@type":"EntryPoint","urlTemplate":"https:\/\/chillepoxy.com\/fr\/?s={search_term_string}"},"query-input":{"@type":"PropertyValueSpecification","valueRequired":true,"valueName":"search_term_string"}}],"inLanguage":"fr-FR"},{"@type":"Organization","@id":"https:\/\/chillepoxy.com\/fr\/#organization","name":"CHILL EPOXY\u2122","alternateName":"High-Quality Canadian-Made Epoxy Resin","url":"https:\/\/chillepoxy.com\/fr\/","logo":{"@type":"ImageObject","inLanguage":"fr-FR","@id":"https:\/\/chillepoxy.com\/fr\/#\/schema\/logo\/image\/","url":"https:\/\/i0.wp.com\/chillepoxy.com\/wp-content\/uploads\/2024\/02\/polymeres_technologies.png?fit=649%2C649&ssl=1","contentUrl":"https:\/\/i0.wp.com\/chillepoxy.com\/wp-content\/uploads\/2024\/02\/polymeres_technologies.png?fit=649%2C649&ssl=1","width":649,"height":649,"caption":"CHILL EPOXY\u2122"},"image":{"@id":"https:\/\/chillepoxy.com\/fr\/#\/schema\/logo\/image\/"},"sameAs":["https:\/\/www.facebook.com\/polymerestechnologies\/","https:\/\/www.instagram.com\/polymeres_technologies\/","https:\/\/www.linkedin.com\/company\/polymeres-technologies\/","https:\/\/www.youtube.com\/channel\/UCDaFKmK4Hn3KPKmBaTXWong"]}]}},"jetpack_publicize_connections":[],"jetpack_sharing_enabled":true,"jetpack_likes_enabled":false,"_links":{"self":[{"href":"https:\/\/chillepoxy.com\/fr\/wp-json\/wp\/v2\/product\/27254","targetHints":{"allow":["GET"]}}],"collection":[{"href":"https:\/\/chillepoxy.com\/fr\/wp-json\/wp\/v2\/product"}],"about":[{"href":"https:\/\/chillepoxy.com\/fr\/wp-json\/wp\/v2\/types\/product"}],"replies":[{"embeddable":true,"href":"https:\/\/chillepoxy.com\/fr\/wp-json\/wp\/v2\/comments?post=27254"}],"wp:featuredmedia":[{"embeddable":true,"href":"https:\/\/chillepoxy.com\/fr\/wp-json\/wp\/v2\/media\/27253"}],"wp:attachment":[{"href":"https:\/\/chillepoxy.com\/fr\/wp-json\/wp\/v2\/media?parent=27254"}],"wp:term":[{"taxonomy":"product_brand","embeddable":true,"href":"https:\/\/chillepoxy.com\/fr\/wp-json\/wp\/v2\/product_brand?post=27254"},{"taxonomy":"product_cat","embeddable":true,"href":"https:\/\/chillepoxy.com\/fr\/wp-json\/wp\/v2\/product_cat?post=27254"},{"taxonomy":"product_tag","embeddable":true,"href":"https:\/\/chillepoxy.com\/fr\/wp-json\/wp\/v2\/product_tag?post=27254"}],"curies":[{"name":"wp","href":"https:\/\/api.w.org\/{rel}","templated":true}]}}