{"id":27286,"date":"2024-01-29T16:04:33","date_gmt":"2024-01-29T21:04:33","guid":{"rendered":"https:\/\/chillepoxy.com\/product\/revetement-epoxy-de-plancher-de-haute-qualite-pour-usage-commercial-et-industriel-shield-tec-802\/"},"modified":"2025-04-02T15:30:37","modified_gmt":"2025-04-02T19:30:37","slug":"revetement-epoxy-de-plancher-de-haute-qualite-pour-usage-commercial-et-industriel-shield-tec-802","status":"publish","type":"product","link":"https:\/\/chillepoxy.com\/fr\/produit\/revetement-epoxy-de-plancher-de-haute-qualite-pour-usage-commercial-et-industriel-shield-tec-802\/","title":{"rendered":"Rev\u00eatement \u00e9poxy color\u00e9 auto-nivelant pour b\u00e9ton | Zones \u00e0 Fort Trafic | Faible Entretien | Kit 15L (3,96 gal) SHIELD-TEC 802"},"content":{"rendered":"<h1>Rev\u00eatement \u00e9poxy color\u00e9 auto-nivelant pour b\u00e9ton | Zones \u00e0 Fort Trafic | Faible entretien | Kit de 15L (3,96 gallons) | SHIELD-TEC 802<\/h1>\n<p>Rev\u00eatement \u00e9poxy color\u00e9 auto-nivelant pour b\u00e9ton | \u00c9poxy auto-nivelant | Faible entretien | Kit de 15L (3,96 gallons) | SHIELD-TEC 802 Rev\u00eatement \u00e9poxy de haute qualit\u00e9 pour planchers industriel et commercial Transformez votre espace en une \u0153uvre d&rsquo;art avec SHIELD-TEC\u2122 802F, le rev\u00eatement de sol \u00e9poxy \u00e0 deux composants ultime. Fabriqu\u00e9e avec pr\u00e9cision, cette solution \u00e9poxy 100 % solide \u00e0 faible odeur promet une finition vibrante, brillante et subtilement textur\u00e9e. Plongez dans ses caract\u00e9ristiques remarquables et d\u00e9couvrez pourquoi c&rsquo;est le choix privil\u00e9gi\u00e9 pour les espaces industriels et commerciaux.<\/p>\n<p><strong>Lib\u00e9rez la brillance et la durabilit\u00e9.<\/strong><\/p>\n<p>Exp\u00e9rimentez des sols comme jamais auparavant avec SHIELD-TEC\u2122 802F. Ce rev\u00eatement \u00e9poxy n&rsquo;est pas seulement une belle surface, c&rsquo;est aussi une puissance de durabilit\u00e9. Ses couleurs vibrantes et son \u00e9clat brillant rehausseront n&rsquo;importe quel espace, tandis que sa robustesse garantit un investissement durable. La l\u00e9g\u00e8re texture ajoute une touche de sophistication, rendant vos sols non seulement magnifiques, mais aussi antid\u00e9rapants.<\/p>\n<p><strong>R\u00e9sistant aux \u00e9l\u00e9ments.<\/strong><\/p>\n<p>Dites adieu aux soucis li\u00e9s \u00e0 l&rsquo;humidit\u00e9, aux produits chimiques, \u00e0 l&rsquo;abrasion ou aux rayons UV nocifs. SHIELD-TEC\u2122 802F est votre bouclier contre les \u00e9l\u00e9ments les plus s\u00e9v\u00e8res. Sa surface imperm\u00e9able repousse l&rsquo;eau, et sa r\u00e9sistance aux produits chimiques la maintient dans un \u00e9tat impeccable. M\u00eame dans les zones \u00e0 fort trafic, il reste solide gr\u00e2ce \u00e0 son impressionnante r\u00e9sistance \u00e0 l&rsquo;abrasion. De plus, il ne s&rsquo;estompera ni ne se d\u00e9t\u00e9riorera sous les rayons UV implacables du soleil.<\/p>\n<p><strong>Efficacit\u00e9 et d\u00e9lais rapides.<\/strong><\/p>\n<p>Dans un monde rapide, le temps est essentiel. C&rsquo;est l\u00e0 que SHIELD-TEC 802F excelle. Non seulement il offre une protection sup\u00e9rieure, mais son temps de r\u00e9ponse rapide signifie un temps d&rsquo;arr\u00eat minimal pour votre espace. Revenez plus rapidement \u00e0 vos projets avec un sol pr\u00eat \u00e0 l&rsquo;action.<\/p>\n<h3>Rev\u00eatement \u00e9poxy color\u00e9 pour planchers industriels et zones \u00e0 fort trafic<\/h3>\n<p>SHIELD-TEC\u2122 802F ne se limite pas seulement aux espaces industriels et commerciaux Il est parfait pour une vari\u00e9t\u00e9 d&rsquo;applications, notamment :<\/p>\n<ul>\n<li>B\u00e2timents agricoles et commerciaux.<\/li>\n<li>Structures municipales (stations de pompage, ar\u00e9nas, garages municipaux).<\/li>\n<li>H\u00f4pitaux.<\/li>\n<li>\u00c9tablissements \u00e9ducatifs.<\/li>\n<li>Centres de loisirs.<\/li>\n<li>Zones de production industrielle, salles m\u00e9caniques et entrep\u00f4ts.<\/li>\n<\/ul>\n<p><strong>Un monde de possibilit\u00e9s.<\/strong><\/p>\n<p>Gr\u00e2ce \u00e0 sa faible viscosit\u00e9, SHIELD-TEC\u2122 802F s&rsquo;aplanit facilement de lui-m\u00eame. Que vous choisissiez de l&rsquo;appliquer avec une truelle lisse ou dentel\u00e9e, ou que vous optiez pour un rouleau de 6 \u00e0 10 mm, vous obtiendrez une finition impeccable. Peu importe votre niveau d&rsquo;expertise, vous serez impressionn\u00e9 par la facilit\u00e9 d&rsquo;application.<\/p>\n","protected":false},"excerpt":{"rendered":"<p><span style=\"font-size: 100%;\">SHIELD-TEC\u2122 802 F est un rev\u00eatement de sol \u00e9poxy professionnel \u00e0 deux composants, 100 % solide, \u00e0 faible odeur, qui offre une finition color\u00e9e, brillante et l\u00e9g\u00e8rement textur\u00e9e. Sa finition est durable et facile \u00e0 nettoyer sur le b\u00e9ton et d&rsquo;autres surfaces sujettes \u00e0 des niveaux \u00e9lev\u00e9s d&rsquo;humidit\u00e9. Ce rev\u00eatement est id\u00e9al pour les applications industrielles et commerciales dans les installations agroalimentaires, m\u00e9dicales, commerciales et industrielles o\u00f9 un nettoyage fr\u00e9quent est n\u00e9cessaire. Il est imperm\u00e9able \u00e0 l&rsquo;eau et offre une bonne r\u00e9sistance aux produits chimiques, \u00e0 l&rsquo;abrasion et aux rayons UV. De plus, il poss\u00e8de une excellente capacit\u00e9 de masquage et un temps de recouvrement rapide, ce qui le rend id\u00e9al pour les b\u00e2timents agricoles et industriels.<\/span><\/p>\n<p><strong>Couverture<\/strong> : La couverture du kit de 15 L (3,96 gallons) varie en fonction des outils d&rsquo;application et de l&rsquo;\u00e9paisseur ; veuillez consulter la fiche technique pour des directives d\u00e9taill\u00e9es.<\/p>\n<p><span style=\"font-size: 100%;\"><strong>Vous achetez plus de 5 kits?<\/strong> <span style=\"color: #0000ff;\"><a style=\"color: #0000ff;\" href=\"mailto:sales@polymerestechnologies.com\">Contactez-nous pour obtenir un devis de transport.<\/a><\/span><\/span><\/p>\n<p><span style=\"font-size: 100%;\"><strong>Charte de couleurs: <a href=\"https:\/\/chillepoxy.com\/wp-content\/uploads\/2024\/01\/CHARTE-COULEURS_COLOR-CHART_SHIELD-TEC-802-F.pdf\">couleurs disponibles<\/a><\/strong><\/span><\/p>\n<p>&nbsp;<\/p>\n","protected":false},"featured_media":27279,"comment_status":"open","ping_status":"closed","template":"","meta":{"jetpack_publicize_message":"","jetpack_publicize_feature_enabled":true,"jetpack_social_post_already_shared":true,"jetpack_social_options":{"image_generator_settings":{"template":"highway","default_image_id":0,"font":"","enabled":false},"version":2}},"product_brand":[],"product_cat":[1425,83,85,1365],"product_tag":[],"class_list":{"0":"post-27286","1":"product","2":"type-product","3":"status-publish","4":"has-post-thumbnail","6":"product_cat-15l-3-96-gallon-fr","7":"product_cat-resines-epoxy","8":"product_cat-revetement-de-plancher-epoxy","9":"product_cat-type-de-produit","11":"first","12":"instock","13":"taxable","14":"shipping-taxable","15":"purchasable","16":"product-type-variable"},"yoast_head":"<!-- This site is optimized with the Yoast SEO Premium plugin v27.3 (Yoast SEO v27.4) - https:\/\/yoast.com\/product\/yoast-seo-premium-wordpress\/ -->\n<title>Rev\u00eatement \u00e9poxy color\u00e9 auto-nivelant pour b\u00e9ton | CHILL EPOXY<\/title>\n<meta name=\"description\" content=\"Rev\u00eatement \u00e9poxy color\u00e9 auto-nivelant pour b\u00e9ton. Prot\u00e9gez vos sols industriels ou commerciaux avec notre rev\u00eatement \u00e9poxy premium 100% solide.\" \/>\n<meta name=\"robots\" content=\"index, follow, max-snippet:-1, max-image-preview:large, max-video-preview:-1\" \/>\n<link rel=\"canonical\" href=\"https:\/\/chillepoxy.com\/fr\/produit\/revetement-epoxy-de-plancher-de-haute-qualite-pour-usage-commercial-et-industriel-shield-tec-802\/\" \/>\n<meta property=\"og:locale\" content=\"fr_FR\" \/>\n<meta property=\"og:type\" content=\"article\" \/>\n<meta property=\"og:title\" content=\"Rev\u00eatement \u00e9poxy color\u00e9 auto-nivelant pour b\u00e9ton | Zones \u00e0 Fort Trafic | Faible Entretien | Kit 15L (3,96 gal) SHIELD-TEC 802\" \/>\n<meta property=\"og:description\" content=\"Rev\u00eatement \u00e9poxy color\u00e9 auto-nivelant pour b\u00e9ton. Prot\u00e9gez vos sols industriels ou commerciaux avec notre rev\u00eatement \u00e9poxy premium 100% solide.\" \/>\n<meta property=\"og:url\" content=\"https:\/\/chillepoxy.com\/fr\/produit\/revetement-epoxy-de-plancher-de-haute-qualite-pour-usage-commercial-et-industriel-shield-tec-802\/\" \/>\n<meta property=\"og:site_name\" content=\"CHILL EPOXY\" \/>\n<meta property=\"article:publisher\" content=\"https:\/\/www.facebook.com\/polymerestechnologies\/\" \/>\n<meta property=\"article:modified_time\" content=\"2025-04-02T19:30:37+00:00\" \/>\n<meta property=\"og:image\" content=\"https:\/\/chillepoxy.com\/wp-content\/uploads\/2024\/01\/High-Quality-Epoxy-Floor-Coating-for-Commercial-and-Industrial-Use-SHIELD-TEC-802.png\" \/>\n\t<meta property=\"og:image:width\" content=\"1920\" \/>\n\t<meta property=\"og:image:height\" content=\"1920\" \/>\n\t<meta property=\"og:image:type\" content=\"image\/png\" \/>\n<meta name=\"twitter:card\" content=\"summary_large_image\" \/>\n<meta name=\"twitter:label1\" content=\"Dur\u00e9e de lecture estim\u00e9e\" \/>\n\t<meta name=\"twitter:data1\" content=\"3 minutes\" \/>\n<script type=\"application\/ld+json\" class=\"yoast-schema-graph\">{\"@context\":\"https:\\\/\\\/schema.org\",\"@graph\":[{\"@type\":\"WebPage\",\"@id\":\"https:\\\/\\\/chillepoxy.com\\\/fr\\\/produit\\\/revetement-epoxy-de-plancher-de-haute-qualite-pour-usage-commercial-et-industriel-shield-tec-802\\\/\",\"url\":\"https:\\\/\\\/chillepoxy.com\\\/fr\\\/produit\\\/revetement-epoxy-de-plancher-de-haute-qualite-pour-usage-commercial-et-industriel-shield-tec-802\\\/\",\"name\":\"Rev\u00eatement \u00e9poxy color\u00e9 auto-nivelant pour b\u00e9ton | CHILL EPOXY\",\"isPartOf\":{\"@id\":\"https:\\\/\\\/chillepoxy.com\\\/fr\\\/#website\"},\"primaryImageOfPage\":{\"@id\":\"https:\\\/\\\/chillepoxy.com\\\/fr\\\/produit\\\/revetement-epoxy-de-plancher-de-haute-qualite-pour-usage-commercial-et-industriel-shield-tec-802\\\/#primaryimage\"},\"image\":{\"@id\":\"https:\\\/\\\/chillepoxy.com\\\/fr\\\/produit\\\/revetement-epoxy-de-plancher-de-haute-qualite-pour-usage-commercial-et-industriel-shield-tec-802\\\/#primaryimage\"},\"thumbnailUrl\":\"https:\\\/\\\/chillepoxy.com\\\/wp-content\\\/uploads\\\/2024\\\/01\\\/High-Quality-Epoxy-Floor-Coating-for-Commercial-and-Industrial-Use-SHIELD-TEC-802.png\",\"datePublished\":\"2024-01-29T21:04:33+00:00\",\"dateModified\":\"2025-04-02T19:30:37+00:00\",\"description\":\"Rev\u00eatement \u00e9poxy color\u00e9 auto-nivelant pour b\u00e9ton. Prot\u00e9gez vos sols industriels ou commerciaux avec notre rev\u00eatement \u00e9poxy premium 100% solide.\",\"breadcrumb\":{\"@id\":\"https:\\\/\\\/chillepoxy.com\\\/fr\\\/produit\\\/revetement-epoxy-de-plancher-de-haute-qualite-pour-usage-commercial-et-industriel-shield-tec-802\\\/#breadcrumb\"},\"inLanguage\":\"fr-FR\",\"potentialAction\":[{\"@type\":\"ReadAction\",\"target\":[\"https:\\\/\\\/chillepoxy.com\\\/fr\\\/produit\\\/revetement-epoxy-de-plancher-de-haute-qualite-pour-usage-commercial-et-industriel-shield-tec-802\\\/\"]}]},{\"@type\":\"ImageObject\",\"inLanguage\":\"fr-FR\",\"@id\":\"https:\\\/\\\/chillepoxy.com\\\/fr\\\/produit\\\/revetement-epoxy-de-plancher-de-haute-qualite-pour-usage-commercial-et-industriel-shield-tec-802\\\/#primaryimage\",\"url\":\"https:\\\/\\\/chillepoxy.com\\\/wp-content\\\/uploads\\\/2024\\\/01\\\/High-Quality-Epoxy-Floor-Coating-for-Commercial-and-Industrial-Use-SHIELD-TEC-802.png\",\"contentUrl\":\"https:\\\/\\\/chillepoxy.com\\\/wp-content\\\/uploads\\\/2024\\\/01\\\/High-Quality-Epoxy-Floor-Coating-for-Commercial-and-Industrial-Use-SHIELD-TEC-802.png\",\"width\":1920,\"height\":1920,\"caption\":\"Rev\u00eatement \u00e9poxy color\u00e9 pour planchers industriels et zones \u00e0 fort trafic\"},{\"@type\":\"BreadcrumbList\",\"@id\":\"https:\\\/\\\/chillepoxy.com\\\/fr\\\/produit\\\/revetement-epoxy-de-plancher-de-haute-qualite-pour-usage-commercial-et-industriel-shield-tec-802\\\/#breadcrumb\",\"itemListElement\":[{\"@type\":\"ListItem\",\"position\":1,\"name\":\"Home\",\"item\":\"https:\\\/\\\/chillepoxy.com\\\/fr\\\/\"},{\"@type\":\"ListItem\",\"position\":2,\"name\":\"Boutique\",\"item\":\"https:\\\/\\\/chillepoxy.com\\\/fr\\\/boutique\\\/\"},{\"@type\":\"ListItem\",\"position\":3,\"name\":\"Rev\u00eatement \u00e9poxy color\u00e9 auto-nivelant pour b\u00e9ton | Zones \u00e0 Fort Trafic | Faible Entretien | Kit 15L (3,96 gal) SHIELD-TEC 802\"}]},{\"@type\":\"WebSite\",\"@id\":\"https:\\\/\\\/chillepoxy.com\\\/fr\\\/#website\",\"url\":\"https:\\\/\\\/chillepoxy.com\\\/fr\\\/\",\"name\":\"CHILL EPOXY\u2122 High-Quality Canadian-Made Epoxy Resin\",\"description\":\"High-Quality Canadian-Made Epoxy Resin | Casting &amp; Art\",\"publisher\":{\"@id\":\"https:\\\/\\\/chillepoxy.com\\\/fr\\\/#organization\"},\"alternateName\":\"High-Quality Epoxy Resin\",\"potentialAction\":[{\"@type\":\"SearchAction\",\"target\":{\"@type\":\"EntryPoint\",\"urlTemplate\":\"https:\\\/\\\/chillepoxy.com\\\/fr\\\/?s={search_term_string}\"},\"query-input\":{\"@type\":\"PropertyValueSpecification\",\"valueRequired\":true,\"valueName\":\"search_term_string\"}}],\"inLanguage\":\"fr-FR\"},{\"@type\":\"Organization\",\"@id\":\"https:\\\/\\\/chillepoxy.com\\\/fr\\\/#organization\",\"name\":\"CHILL EPOXY\u2122\",\"alternateName\":\"High-Quality Canadian-Made Epoxy Resin\",\"url\":\"https:\\\/\\\/chillepoxy.com\\\/fr\\\/\",\"logo\":{\"@type\":\"ImageObject\",\"inLanguage\":\"fr-FR\",\"@id\":\"https:\\\/\\\/chillepoxy.com\\\/fr\\\/#\\\/schema\\\/logo\\\/image\\\/\",\"url\":\"https:\\\/\\\/i0.wp.com\\\/chillepoxy.com\\\/wp-content\\\/uploads\\\/2024\\\/02\\\/polymeres_technologies.png?fit=649%2C649&ssl=1\",\"contentUrl\":\"https:\\\/\\\/i0.wp.com\\\/chillepoxy.com\\\/wp-content\\\/uploads\\\/2024\\\/02\\\/polymeres_technologies.png?fit=649%2C649&ssl=1\",\"width\":649,\"height\":649,\"caption\":\"CHILL EPOXY\u2122\"},\"image\":{\"@id\":\"https:\\\/\\\/chillepoxy.com\\\/fr\\\/#\\\/schema\\\/logo\\\/image\\\/\"},\"sameAs\":[\"https:\\\/\\\/www.facebook.com\\\/polymerestechnologies\\\/\",\"https:\\\/\\\/www.instagram.com\\\/polymeres_technologies\\\/\",\"https:\\\/\\\/www.linkedin.com\\\/company\\\/polymeres-technologies\\\/\",\"https:\\\/\\\/www.youtube.com\\\/channel\\\/UCDaFKmK4Hn3KPKmBaTXWong\"]}]}<\/script>\n<!-- \/ Yoast SEO Premium plugin. -->","yoast_head_json":{"title":"Rev\u00eatement \u00e9poxy color\u00e9 auto-nivelant pour b\u00e9ton | CHILL EPOXY","description":"Rev\u00eatement \u00e9poxy color\u00e9 auto-nivelant pour b\u00e9ton. Prot\u00e9gez vos sols industriels ou commerciaux avec notre rev\u00eatement \u00e9poxy premium 100% solide.","robots":{"index":"index","follow":"follow","max-snippet":"max-snippet:-1","max-image-preview":"max-image-preview:large","max-video-preview":"max-video-preview:-1"},"canonical":"https:\/\/chillepoxy.com\/fr\/produit\/revetement-epoxy-de-plancher-de-haute-qualite-pour-usage-commercial-et-industriel-shield-tec-802\/","og_locale":"fr_FR","og_type":"article","og_title":"Rev\u00eatement \u00e9poxy color\u00e9 auto-nivelant pour b\u00e9ton | Zones \u00e0 Fort Trafic | Faible Entretien | Kit 15L (3,96 gal) SHIELD-TEC 802","og_description":"Rev\u00eatement \u00e9poxy color\u00e9 auto-nivelant pour b\u00e9ton. Prot\u00e9gez vos sols industriels ou commerciaux avec notre rev\u00eatement \u00e9poxy premium 100% solide.","og_url":"https:\/\/chillepoxy.com\/fr\/produit\/revetement-epoxy-de-plancher-de-haute-qualite-pour-usage-commercial-et-industriel-shield-tec-802\/","og_site_name":"CHILL EPOXY","article_publisher":"https:\/\/www.facebook.com\/polymerestechnologies\/","article_modified_time":"2025-04-02T19:30:37+00:00","og_image":[{"width":1920,"height":1920,"url":"https:\/\/chillepoxy.com\/wp-content\/uploads\/2024\/01\/High-Quality-Epoxy-Floor-Coating-for-Commercial-and-Industrial-Use-SHIELD-TEC-802.png","type":"image\/png"}],"twitter_card":"summary_large_image","twitter_misc":{"Dur\u00e9e de lecture estim\u00e9e":"3 minutes"},"schema":{"@context":"https:\/\/schema.org","@graph":[{"@type":"WebPage","@id":"https:\/\/chillepoxy.com\/fr\/produit\/revetement-epoxy-de-plancher-de-haute-qualite-pour-usage-commercial-et-industriel-shield-tec-802\/","url":"https:\/\/chillepoxy.com\/fr\/produit\/revetement-epoxy-de-plancher-de-haute-qualite-pour-usage-commercial-et-industriel-shield-tec-802\/","name":"Rev\u00eatement \u00e9poxy color\u00e9 auto-nivelant pour b\u00e9ton | CHILL EPOXY","isPartOf":{"@id":"https:\/\/chillepoxy.com\/fr\/#website"},"primaryImageOfPage":{"@id":"https:\/\/chillepoxy.com\/fr\/produit\/revetement-epoxy-de-plancher-de-haute-qualite-pour-usage-commercial-et-industriel-shield-tec-802\/#primaryimage"},"image":{"@id":"https:\/\/chillepoxy.com\/fr\/produit\/revetement-epoxy-de-plancher-de-haute-qualite-pour-usage-commercial-et-industriel-shield-tec-802\/#primaryimage"},"thumbnailUrl":"https:\/\/chillepoxy.com\/wp-content\/uploads\/2024\/01\/High-Quality-Epoxy-Floor-Coating-for-Commercial-and-Industrial-Use-SHIELD-TEC-802.png","datePublished":"2024-01-29T21:04:33+00:00","dateModified":"2025-04-02T19:30:37+00:00","description":"Rev\u00eatement \u00e9poxy color\u00e9 auto-nivelant pour b\u00e9ton. Prot\u00e9gez vos sols industriels ou commerciaux avec notre rev\u00eatement \u00e9poxy premium 100% solide.","breadcrumb":{"@id":"https:\/\/chillepoxy.com\/fr\/produit\/revetement-epoxy-de-plancher-de-haute-qualite-pour-usage-commercial-et-industriel-shield-tec-802\/#breadcrumb"},"inLanguage":"fr-FR","potentialAction":[{"@type":"ReadAction","target":["https:\/\/chillepoxy.com\/fr\/produit\/revetement-epoxy-de-plancher-de-haute-qualite-pour-usage-commercial-et-industriel-shield-tec-802\/"]}]},{"@type":"ImageObject","inLanguage":"fr-FR","@id":"https:\/\/chillepoxy.com\/fr\/produit\/revetement-epoxy-de-plancher-de-haute-qualite-pour-usage-commercial-et-industriel-shield-tec-802\/#primaryimage","url":"https:\/\/chillepoxy.com\/wp-content\/uploads\/2024\/01\/High-Quality-Epoxy-Floor-Coating-for-Commercial-and-Industrial-Use-SHIELD-TEC-802.png","contentUrl":"https:\/\/chillepoxy.com\/wp-content\/uploads\/2024\/01\/High-Quality-Epoxy-Floor-Coating-for-Commercial-and-Industrial-Use-SHIELD-TEC-802.png","width":1920,"height":1920,"caption":"Rev\u00eatement \u00e9poxy color\u00e9 pour planchers industriels et zones \u00e0 fort trafic"},{"@type":"BreadcrumbList","@id":"https:\/\/chillepoxy.com\/fr\/produit\/revetement-epoxy-de-plancher-de-haute-qualite-pour-usage-commercial-et-industriel-shield-tec-802\/#breadcrumb","itemListElement":[{"@type":"ListItem","position":1,"name":"Home","item":"https:\/\/chillepoxy.com\/fr\/"},{"@type":"ListItem","position":2,"name":"Boutique","item":"https:\/\/chillepoxy.com\/fr\/boutique\/"},{"@type":"ListItem","position":3,"name":"Rev\u00eatement \u00e9poxy color\u00e9 auto-nivelant pour b\u00e9ton | Zones \u00e0 Fort Trafic | Faible Entretien | Kit 15L (3,96 gal) SHIELD-TEC 802"}]},{"@type":"WebSite","@id":"https:\/\/chillepoxy.com\/fr\/#website","url":"https:\/\/chillepoxy.com\/fr\/","name":"CHILL EPOXY\u2122 High-Quality Canadian-Made Epoxy Resin","description":"High-Quality Canadian-Made Epoxy Resin | Casting &amp; Art","publisher":{"@id":"https:\/\/chillepoxy.com\/fr\/#organization"},"alternateName":"High-Quality Epoxy Resin","potentialAction":[{"@type":"SearchAction","target":{"@type":"EntryPoint","urlTemplate":"https:\/\/chillepoxy.com\/fr\/?s={search_term_string}"},"query-input":{"@type":"PropertyValueSpecification","valueRequired":true,"valueName":"search_term_string"}}],"inLanguage":"fr-FR"},{"@type":"Organization","@id":"https:\/\/chillepoxy.com\/fr\/#organization","name":"CHILL EPOXY\u2122","alternateName":"High-Quality Canadian-Made Epoxy Resin","url":"https:\/\/chillepoxy.com\/fr\/","logo":{"@type":"ImageObject","inLanguage":"fr-FR","@id":"https:\/\/chillepoxy.com\/fr\/#\/schema\/logo\/image\/","url":"https:\/\/i0.wp.com\/chillepoxy.com\/wp-content\/uploads\/2024\/02\/polymeres_technologies.png?fit=649%2C649&ssl=1","contentUrl":"https:\/\/i0.wp.com\/chillepoxy.com\/wp-content\/uploads\/2024\/02\/polymeres_technologies.png?fit=649%2C649&ssl=1","width":649,"height":649,"caption":"CHILL EPOXY\u2122"},"image":{"@id":"https:\/\/chillepoxy.com\/fr\/#\/schema\/logo\/image\/"},"sameAs":["https:\/\/www.facebook.com\/polymerestechnologies\/","https:\/\/www.instagram.com\/polymeres_technologies\/","https:\/\/www.linkedin.com\/company\/polymeres-technologies\/","https:\/\/www.youtube.com\/channel\/UCDaFKmK4Hn3KPKmBaTXWong"]}]}},"jetpack_publicize_connections":[],"jetpack_sharing_enabled":true,"jetpack_likes_enabled":false,"_links":{"self":[{"href":"https:\/\/chillepoxy.com\/fr\/wp-json\/wp\/v2\/product\/27286","targetHints":{"allow":["GET"]}}],"collection":[{"href":"https:\/\/chillepoxy.com\/fr\/wp-json\/wp\/v2\/product"}],"about":[{"href":"https:\/\/chillepoxy.com\/fr\/wp-json\/wp\/v2\/types\/product"}],"replies":[{"embeddable":true,"href":"https:\/\/chillepoxy.com\/fr\/wp-json\/wp\/v2\/comments?post=27286"}],"wp:featuredmedia":[{"embeddable":true,"href":"https:\/\/chillepoxy.com\/fr\/wp-json\/wp\/v2\/media\/27279"}],"wp:attachment":[{"href":"https:\/\/chillepoxy.com\/fr\/wp-json\/wp\/v2\/media?parent=27286"}],"wp:term":[{"taxonomy":"product_brand","embeddable":true,"href":"https:\/\/chillepoxy.com\/fr\/wp-json\/wp\/v2\/product_brand?post=27286"},{"taxonomy":"product_cat","embeddable":true,"href":"https:\/\/chillepoxy.com\/fr\/wp-json\/wp\/v2\/product_cat?post=27286"},{"taxonomy":"product_tag","embeddable":true,"href":"https:\/\/chillepoxy.com\/fr\/wp-json\/wp\/v2\/product_tag?post=27286"}],"curies":[{"name":"wp","href":"https:\/\/api.w.org\/{rel}","templated":true}]}}