{"id":27354,"date":"2024-01-30T15:25:04","date_gmt":"2024-01-31T20:44:00","guid":{"rendered":"https:\/\/chillepoxy.com\/product\/epoxy-reparateur-de-fissures-en-beton-crack-filler-ep-550\/"},"modified":"2026-03-26T14:25:01","modified_gmt":"2026-03-26T18:25:01","slug":"kit-de-reparation-epoxy-rapide-et-facile-pour-beton-fissures","status":"publish","type":"product","link":"https:\/\/chillepoxy.com\/fr\/produit\/kit-de-reparation-epoxy-rapide-et-facile-pour-beton-fissures\/","title":{"rendered":"Kit de R\u00e9paration \u00c9poxy Rapide et Facile pour B\u00e9ton | Mastic Durable pour Fissures | CRACKFILLER EP550"},"content":{"rendered":"<h1>Kit de R\u00e9paration \u00c9poxy Rapide et Facile pour B\u00e9ton | Mastic Durable pour Fissures | CRACKFILLER EP550<\/h1>\n<p>Kit de R\u00e9paration \u00c9poxy Rapide et Facile pour B\u00e9ton. Vous recherchez une solution de r\u00e9paration haute performance, \u00e0 s\u00e9chage rapide et fiable? Cherchez pas plus loin! CRACK FILLER\u2122 EP 550 est votre choix ultime. Cette p\u00e2te \u00e9poxy 100% solide est con\u00e7ue pour faire des merveilles sur diff\u00e9rentes surfaces, notamment le b\u00e9ton, le bois, les composites, l&rsquo;aluminium, et bien plus encore. Avec son temps de durcissement ultra-rapide et son absence totale de r\u00e9tr\u00e9cissement, c&rsquo;est une r\u00e9volution pour quiconque recherche des solutions de r\u00e9paration de premier ordre.<\/p>\n<p>CRACK FILLER\u2122 EP 550 n&rsquo;est pas seulement une solution de r\u00e9paration ordinaire ; c&rsquo;est votre arme secr\u00e8te pour les zones \u00e0 fort trafic. Que vous ayez besoin de remplir des fissures, de traiter des joints de dilatation ou de r\u00e9parer des d\u00e9fauts du b\u00e9ton l\u00e0 o\u00f9 des engins lourds tels que des chariots \u00e9l\u00e9vateurs circulent, ce gel \u00e9poxy est \u00e0 la hauteur de la t\u00e2che. Ses propri\u00e9t\u00e9s exceptionnelles de r\u00e9sistance aux chocs et \u00e0 l&rsquo;abrasion en font le choix incontournable pour les environnements o\u00f9 la durabilit\u00e9 est non n\u00e9gociable. Avec CRACK FILLER\u2122 EP 550, vous pouvez avoir confiance que vos r\u00e9parations r\u00e9sisteront \u00e0 l&rsquo;\u00e9preuve du temps, garantissant une surface impeccable et fiable m\u00eame dans les conditions les plus exigeantes.<\/p>\n<p>CRACK FILLER\u2122 EP 550, la p\u00e2te \u00e9poxy haute performance qui est l\u00e0 pour transformer vos espaces. Dites adieu aux tracas et bonjour aux surfaces impeccables!<\/p>\n<h2>Kit de R\u00e9paration \u00c9poxy Rapide et Facile pour B\u00e9ton<\/h2>\n<p><strong>D\u00e9couvrez les avantages:<\/strong><\/p>\n<ul>\n<li><strong>Adh\u00e9rence exceptionnelle<\/strong> : CRACK FILLER\u2122 EP 550 adh\u00e8re parfaitement \u00e0 diverses surfaces, notamment le b\u00e9ton, le bois, les composites, l&rsquo;aluminium, et bien plus encore. Plus besoin de vous inqui\u00e9ter qu&rsquo;il se d\u00e9tache avec le temps &#8211; il est l\u00e0 pour rester!<\/li>\n<li><strong>Usinage et pon\u00e7age faciles<\/strong> : Obtenir une finition lisse n&rsquo;a jamais \u00e9t\u00e9 aussi simple. Avec notre produit, vous pouvez usiner et poncer sans effort pour obtenir une perfection, laissant vos surfaces impeccables.<\/li>\n<li><strong>Id\u00e9al pour les environnements exigeants<\/strong> : Que ce soit dans l&rsquo;industrie alimentaire, les param\u00e8tres commerciaux, les \u00e9tablissements m\u00e9dicaux, les bureaux, les garages, les centres commerciaux, les entrep\u00f4ts ou les sous-sols, CRACK FILLER\u2122 EP 550 prosp\u00e8re m\u00eame dans les environnements les plus exigeants.<\/li>\n<li><strong>S\u00e9chage rapide : Plus besoin d&rsquo;attendre !<\/strong> Notre produit s\u00e8che rapidement, vous permettant de poursuivre vos projets efficacement. En seulement trois heures, vous pouvez passer \u00e0 l&rsquo;\u00e9tape suivante.<\/li>\n<li><strong>Aucun r\u00e9tr\u00e9cissement<\/strong> : Contrairement \u00e0 d&rsquo;autres options de r\u00e9paration, CRACK FILLER\u2122 EP 550 ne pr\u00e9sente aucun r\u00e9tr\u00e9cissement, garantissant que vos surfaces restent impeccables et sans imperfections<\/li>\n<li><strong>100 % Solide et sans COV<\/strong> : Nous sommes fiers de proposer un produit qui est non seulement 100 % solide, mais aussi exempt de COV et de solvants, ce qui en fait un produit respectueux de l&rsquo;environnement.<\/li>\n<li><strong>Hautement thixotrope (semblable \u00e0 un gel)<\/strong> : La consistance semblable \u00e0 un gel de notre produit garantit qu&rsquo;il reste exactement l\u00e0 o\u00f9 vous l&rsquo;appliquez, m\u00eame sur des surfaces verticales, sans gouttes ou d\u00e9versements ind\u00e9sirables.<\/li>\n<li><strong>Plage de temp\u00e9rature polyvalente<\/strong> : Que ce soit \u00e0 une fra\u00eeche temp\u00e9rature de 4\u00b0C ou une torride de 40\u00b0C, CRACK FILLER\u2122 EP 550 est pr\u00eat \u00e0 performer, vous offrant la tranquillit\u00e9 d&rsquo;esprit dans n&rsquo;importe quel climat.<\/li>\n<li><strong>R\u00e9sistance aux bact\u00e9ries et \u00e0 la moisissure<\/strong> : Dites adieu aux inqui\u00e9tudes concernant la croissance des bact\u00e9ries et de la moisissure.\u00a0\u00bb Notre produit d\u00e9courage activement leur pr\u00e9sence, ce qui le rend id\u00e9al pour diverses applications.<\/li>\n<\/ul>\n<p>Pr\u00eat \u00e0 transformer vos surfaces? Faites le choix intelligent avec CRACK FILLER\u2122 EP 550 et appr\u00e9ciez des surfaces qui sont non seulement impeccables mais aussi durables. Ne manquez pas cette opportunit\u00e9 d&#8217;embellir vos espaces.<\/p>\n<p>Commencez aujourd&rsquo;hui ! Rehaussez vos surfaces avec CRACK FILLER\u2122 EP 550 &#8211; la solution ultime pour des r\u00e9parations durables.<\/p>\n","protected":false},"excerpt":{"rendered":"<p>CRACK FILLER\u2122 EP 550 est une p\u00e2te gel \u00e9poxy \u00e0 deux composants sp\u00e9cialement con\u00e7ue pour la r\u00e9paration des sols en b\u00e9ton. Contrairement aux mastics traditionnels, il est 100% solide, sans COV et ne r\u00e9tr\u00e9cit pas, garantissant ainsi une durabilit\u00e9 longue dur\u00e9e et une conformit\u00e9 environnementale. CRACK FILLER\u2122 EP 550 restaure efficacement l&rsquo;int\u00e9grit\u00e9 structurelle en comblant les fissures, les d\u00e9fauts et les trous dans le b\u00e9ton, et convient \u00e9galement aux joints de dilatation des dalles de b\u00e9ton. Ce produit haute performance offre des r\u00e9sultats sup\u00e9rieurs, renfor\u00e7ant \u00e0 la fois la r\u00e9sistance et l\u2019apparence des surfaces de sol.<\/p>\n<p>&nbsp;<\/p>\n","protected":false},"featured_media":27625,"comment_status":"open","ping_status":"closed","template":"","meta":{"jetpack_publicize_message":"","jetpack_publicize_feature_enabled":true,"jetpack_social_post_already_shared":true,"jetpack_social_options":{"image_generator_settings":{"template":"highway","default_image_id":0,"font":"","enabled":false},"version":2}},"product_brand":[],"product_cat":[1428,83,85],"product_tag":[],"class_list":{"0":"post-27354","1":"product","2":"type-product","3":"status-publish","4":"has-post-thumbnail","6":"product_cat-remplisseur-de-fissures-pour-beton","7":"product_cat-resines-epoxy","8":"product_cat-revetement-de-plancher-epoxy","10":"first","11":"instock","12":"taxable","13":"shipping-taxable","14":"purchasable","15":"product-type-variable"},"yoast_head":"<!-- This site is optimized with the Yoast SEO Premium plugin v27.3 (Yoast SEO v27.3) - https:\/\/yoast.com\/product\/yoast-seo-premium-wordpress\/ -->\n<title>Kit de R\u00e9paration \u00c9poxy Rapide et Facile pour B\u00e9ton | Fissures | CHILL EPOXY<\/title>\n<meta name=\"description\" content=\"Kit de R\u00e9paration \u00c9poxy Rapide et Facile pour B\u00e9ton. Mastic \u00e0 Fissures \u00e9poxy sans COV avec adh\u00e9rence in\u00e9gal\u00e9e, s\u00e9chage rapide et aucun retrait.\" \/>\n<meta name=\"robots\" content=\"index, follow, max-snippet:-1, max-image-preview:large, max-video-preview:-1\" \/>\n<link rel=\"canonical\" href=\"https:\/\/chillepoxy.com\/fr\/produit\/kit-de-reparation-epoxy-rapide-et-facile-pour-beton-fissures\/\" \/>\n<meta property=\"og:locale\" content=\"fr_FR\" \/>\n<meta property=\"og:type\" content=\"article\" \/>\n<meta property=\"og:title\" content=\"Kit de R\u00e9paration \u00c9poxy Rapide et Facile pour B\u00e9ton | Mastic Durable pour Fissures | CRACKFILLER EP550\" \/>\n<meta property=\"og:description\" content=\"Kit de R\u00e9paration \u00c9poxy Rapide et Facile pour B\u00e9ton. Mastic \u00e0 Fissures \u00e9poxy sans COV avec adh\u00e9rence in\u00e9gal\u00e9e, s\u00e9chage rapide et aucun retrait.\" \/>\n<meta property=\"og:url\" content=\"https:\/\/chillepoxy.com\/fr\/produit\/kit-de-reparation-epoxy-rapide-et-facile-pour-beton-fissures\/\" \/>\n<meta property=\"og:site_name\" content=\"CHILL EPOXY\" \/>\n<meta property=\"article:publisher\" content=\"https:\/\/www.facebook.com\/polymerestechnologies\/\" \/>\n<meta property=\"article:modified_time\" content=\"2026-03-26T18:25:01+00:00\" \/>\n<meta property=\"og:image\" content=\"https:\/\/chillepoxy.com\/wp-content\/uploads\/2024\/01\/Concrete-Epoxy-Crack-Filler-and-Sealer-CRACK-FILLER-EP550-7.56L.png\" \/>\n\t<meta property=\"og:image:width\" content=\"1920\" \/>\n\t<meta property=\"og:image:height\" content=\"1920\" \/>\n\t<meta property=\"og:image:type\" content=\"image\/png\" \/>\n<meta name=\"twitter:card\" content=\"summary_large_image\" \/>\n<meta name=\"twitter:label1\" content=\"Dur\u00e9e de lecture estim\u00e9e\" \/>\n\t<meta name=\"twitter:data1\" content=\"3 minutes\" \/>\n<script type=\"application\/ld+json\" class=\"yoast-schema-graph\">{\"@context\":\"https:\\\/\\\/schema.org\",\"@graph\":[{\"@type\":\"WebPage\",\"@id\":\"https:\\\/\\\/chillepoxy.com\\\/fr\\\/produit\\\/kit-de-reparation-epoxy-rapide-et-facile-pour-beton-fissures\\\/\",\"url\":\"https:\\\/\\\/chillepoxy.com\\\/fr\\\/produit\\\/kit-de-reparation-epoxy-rapide-et-facile-pour-beton-fissures\\\/\",\"name\":\"Kit de R\u00e9paration \u00c9poxy Rapide et Facile pour B\u00e9ton | Fissures | CHILL EPOXY\",\"isPartOf\":{\"@id\":\"https:\\\/\\\/chillepoxy.com\\\/fr\\\/#website\"},\"primaryImageOfPage\":{\"@id\":\"https:\\\/\\\/chillepoxy.com\\\/fr\\\/produit\\\/kit-de-reparation-epoxy-rapide-et-facile-pour-beton-fissures\\\/#primaryimage\"},\"image\":{\"@id\":\"https:\\\/\\\/chillepoxy.com\\\/fr\\\/produit\\\/kit-de-reparation-epoxy-rapide-et-facile-pour-beton-fissures\\\/#primaryimage\"},\"thumbnailUrl\":\"https:\\\/\\\/chillepoxy.com\\\/wp-content\\\/uploads\\\/2024\\\/01\\\/Concrete-Epoxy-Crack-Filler-and-Sealer-CRACK-FILLER-EP550-7.56L.png\",\"datePublished\":\"2024-01-31T20:44:00+00:00\",\"dateModified\":\"2026-03-26T18:25:01+00:00\",\"description\":\"Kit de R\u00e9paration \u00c9poxy Rapide et Facile pour B\u00e9ton. Mastic \u00e0 Fissures \u00e9poxy sans COV avec adh\u00e9rence in\u00e9gal\u00e9e, s\u00e9chage rapide et aucun retrait.\",\"breadcrumb\":{\"@id\":\"https:\\\/\\\/chillepoxy.com\\\/fr\\\/produit\\\/kit-de-reparation-epoxy-rapide-et-facile-pour-beton-fissures\\\/#breadcrumb\"},\"inLanguage\":\"fr-FR\",\"potentialAction\":[{\"@type\":\"ReadAction\",\"target\":[\"https:\\\/\\\/chillepoxy.com\\\/fr\\\/produit\\\/kit-de-reparation-epoxy-rapide-et-facile-pour-beton-fissures\\\/\"]}]},{\"@type\":\"ImageObject\",\"inLanguage\":\"fr-FR\",\"@id\":\"https:\\\/\\\/chillepoxy.com\\\/fr\\\/produit\\\/kit-de-reparation-epoxy-rapide-et-facile-pour-beton-fissures\\\/#primaryimage\",\"url\":\"https:\\\/\\\/chillepoxy.com\\\/wp-content\\\/uploads\\\/2024\\\/01\\\/Concrete-Epoxy-Crack-Filler-and-Sealer-CRACK-FILLER-EP550-7.56L.png\",\"contentUrl\":\"https:\\\/\\\/chillepoxy.com\\\/wp-content\\\/uploads\\\/2024\\\/01\\\/Concrete-Epoxy-Crack-Filler-and-Sealer-CRACK-FILLER-EP550-7.56L.png\",\"width\":1920,\"height\":1920,\"caption\":\"Kit de R\u00e9paration \u00c9poxy Rapide et Facile pour B\u00e9ton\"},{\"@type\":\"BreadcrumbList\",\"@id\":\"https:\\\/\\\/chillepoxy.com\\\/fr\\\/produit\\\/kit-de-reparation-epoxy-rapide-et-facile-pour-beton-fissures\\\/#breadcrumb\",\"itemListElement\":[{\"@type\":\"ListItem\",\"position\":1,\"name\":\"Home\",\"item\":\"https:\\\/\\\/chillepoxy.com\\\/fr\\\/\"},{\"@type\":\"ListItem\",\"position\":2,\"name\":\"Boutique\",\"item\":\"https:\\\/\\\/chillepoxy.com\\\/fr\\\/boutique\\\/\"},{\"@type\":\"ListItem\",\"position\":3,\"name\":\"Kit de R\u00e9paration \u00c9poxy Rapide et Facile pour B\u00e9ton | Mastic Durable pour Fissures | CRACKFILLER EP550\"}]},{\"@type\":\"WebSite\",\"@id\":\"https:\\\/\\\/chillepoxy.com\\\/fr\\\/#website\",\"url\":\"https:\\\/\\\/chillepoxy.com\\\/fr\\\/\",\"name\":\"CHILL EPOXY\u2122 High-Quality Canadian-Made Epoxy Resin\",\"description\":\"High-Quality Canadian-Made Epoxy Resin | Casting &amp; Art\",\"publisher\":{\"@id\":\"https:\\\/\\\/chillepoxy.com\\\/fr\\\/#organization\"},\"alternateName\":\"High-Quality Epoxy Resin\",\"potentialAction\":[{\"@type\":\"SearchAction\",\"target\":{\"@type\":\"EntryPoint\",\"urlTemplate\":\"https:\\\/\\\/chillepoxy.com\\\/fr\\\/?s={search_term_string}\"},\"query-input\":{\"@type\":\"PropertyValueSpecification\",\"valueRequired\":true,\"valueName\":\"search_term_string\"}}],\"inLanguage\":\"fr-FR\"},{\"@type\":\"Organization\",\"@id\":\"https:\\\/\\\/chillepoxy.com\\\/fr\\\/#organization\",\"name\":\"CHILL EPOXY\u2122\",\"alternateName\":\"High-Quality Canadian-Made Epoxy Resin\",\"url\":\"https:\\\/\\\/chillepoxy.com\\\/fr\\\/\",\"logo\":{\"@type\":\"ImageObject\",\"inLanguage\":\"fr-FR\",\"@id\":\"https:\\\/\\\/chillepoxy.com\\\/fr\\\/#\\\/schema\\\/logo\\\/image\\\/\",\"url\":\"https:\\\/\\\/i0.wp.com\\\/chillepoxy.com\\\/wp-content\\\/uploads\\\/2024\\\/02\\\/polymeres_technologies.png?fit=649%2C649&ssl=1\",\"contentUrl\":\"https:\\\/\\\/i0.wp.com\\\/chillepoxy.com\\\/wp-content\\\/uploads\\\/2024\\\/02\\\/polymeres_technologies.png?fit=649%2C649&ssl=1\",\"width\":649,\"height\":649,\"caption\":\"CHILL EPOXY\u2122\"},\"image\":{\"@id\":\"https:\\\/\\\/chillepoxy.com\\\/fr\\\/#\\\/schema\\\/logo\\\/image\\\/\"},\"sameAs\":[\"https:\\\/\\\/www.facebook.com\\\/polymerestechnologies\\\/\",\"https:\\\/\\\/www.instagram.com\\\/polymeres_technologies\\\/\",\"https:\\\/\\\/www.linkedin.com\\\/company\\\/polymeres-technologies\\\/\",\"https:\\\/\\\/www.youtube.com\\\/channel\\\/UCDaFKmK4Hn3KPKmBaTXWong\"]}]}<\/script>\n<!-- \/ Yoast SEO Premium plugin. -->","yoast_head_json":{"title":"Kit de R\u00e9paration \u00c9poxy Rapide et Facile pour B\u00e9ton | Fissures | CHILL EPOXY","description":"Kit de R\u00e9paration \u00c9poxy Rapide et Facile pour B\u00e9ton. Mastic \u00e0 Fissures \u00e9poxy sans COV avec adh\u00e9rence in\u00e9gal\u00e9e, s\u00e9chage rapide et aucun retrait.","robots":{"index":"index","follow":"follow","max-snippet":"max-snippet:-1","max-image-preview":"max-image-preview:large","max-video-preview":"max-video-preview:-1"},"canonical":"https:\/\/chillepoxy.com\/fr\/produit\/kit-de-reparation-epoxy-rapide-et-facile-pour-beton-fissures\/","og_locale":"fr_FR","og_type":"article","og_title":"Kit de R\u00e9paration \u00c9poxy Rapide et Facile pour B\u00e9ton | Mastic Durable pour Fissures | CRACKFILLER EP550","og_description":"Kit de R\u00e9paration \u00c9poxy Rapide et Facile pour B\u00e9ton. Mastic \u00e0 Fissures \u00e9poxy sans COV avec adh\u00e9rence in\u00e9gal\u00e9e, s\u00e9chage rapide et aucun retrait.","og_url":"https:\/\/chillepoxy.com\/fr\/produit\/kit-de-reparation-epoxy-rapide-et-facile-pour-beton-fissures\/","og_site_name":"CHILL EPOXY","article_publisher":"https:\/\/www.facebook.com\/polymerestechnologies\/","article_modified_time":"2026-03-26T18:25:01+00:00","og_image":[{"width":1920,"height":1920,"url":"https:\/\/chillepoxy.com\/wp-content\/uploads\/2024\/01\/Concrete-Epoxy-Crack-Filler-and-Sealer-CRACK-FILLER-EP550-7.56L.png","type":"image\/png"}],"twitter_card":"summary_large_image","twitter_misc":{"Dur\u00e9e de lecture estim\u00e9e":"3 minutes"},"schema":{"@context":"https:\/\/schema.org","@graph":[{"@type":"WebPage","@id":"https:\/\/chillepoxy.com\/fr\/produit\/kit-de-reparation-epoxy-rapide-et-facile-pour-beton-fissures\/","url":"https:\/\/chillepoxy.com\/fr\/produit\/kit-de-reparation-epoxy-rapide-et-facile-pour-beton-fissures\/","name":"Kit de R\u00e9paration \u00c9poxy Rapide et Facile pour B\u00e9ton | Fissures | CHILL EPOXY","isPartOf":{"@id":"https:\/\/chillepoxy.com\/fr\/#website"},"primaryImageOfPage":{"@id":"https:\/\/chillepoxy.com\/fr\/produit\/kit-de-reparation-epoxy-rapide-et-facile-pour-beton-fissures\/#primaryimage"},"image":{"@id":"https:\/\/chillepoxy.com\/fr\/produit\/kit-de-reparation-epoxy-rapide-et-facile-pour-beton-fissures\/#primaryimage"},"thumbnailUrl":"https:\/\/chillepoxy.com\/wp-content\/uploads\/2024\/01\/Concrete-Epoxy-Crack-Filler-and-Sealer-CRACK-FILLER-EP550-7.56L.png","datePublished":"2024-01-31T20:44:00+00:00","dateModified":"2026-03-26T18:25:01+00:00","description":"Kit de R\u00e9paration \u00c9poxy Rapide et Facile pour B\u00e9ton. Mastic \u00e0 Fissures \u00e9poxy sans COV avec adh\u00e9rence in\u00e9gal\u00e9e, s\u00e9chage rapide et aucun retrait.","breadcrumb":{"@id":"https:\/\/chillepoxy.com\/fr\/produit\/kit-de-reparation-epoxy-rapide-et-facile-pour-beton-fissures\/#breadcrumb"},"inLanguage":"fr-FR","potentialAction":[{"@type":"ReadAction","target":["https:\/\/chillepoxy.com\/fr\/produit\/kit-de-reparation-epoxy-rapide-et-facile-pour-beton-fissures\/"]}]},{"@type":"ImageObject","inLanguage":"fr-FR","@id":"https:\/\/chillepoxy.com\/fr\/produit\/kit-de-reparation-epoxy-rapide-et-facile-pour-beton-fissures\/#primaryimage","url":"https:\/\/chillepoxy.com\/wp-content\/uploads\/2024\/01\/Concrete-Epoxy-Crack-Filler-and-Sealer-CRACK-FILLER-EP550-7.56L.png","contentUrl":"https:\/\/chillepoxy.com\/wp-content\/uploads\/2024\/01\/Concrete-Epoxy-Crack-Filler-and-Sealer-CRACK-FILLER-EP550-7.56L.png","width":1920,"height":1920,"caption":"Kit de R\u00e9paration \u00c9poxy Rapide et Facile pour B\u00e9ton"},{"@type":"BreadcrumbList","@id":"https:\/\/chillepoxy.com\/fr\/produit\/kit-de-reparation-epoxy-rapide-et-facile-pour-beton-fissures\/#breadcrumb","itemListElement":[{"@type":"ListItem","position":1,"name":"Home","item":"https:\/\/chillepoxy.com\/fr\/"},{"@type":"ListItem","position":2,"name":"Boutique","item":"https:\/\/chillepoxy.com\/fr\/boutique\/"},{"@type":"ListItem","position":3,"name":"Kit de R\u00e9paration \u00c9poxy Rapide et Facile pour B\u00e9ton | Mastic Durable pour Fissures | CRACKFILLER EP550"}]},{"@type":"WebSite","@id":"https:\/\/chillepoxy.com\/fr\/#website","url":"https:\/\/chillepoxy.com\/fr\/","name":"CHILL EPOXY\u2122 High-Quality Canadian-Made Epoxy Resin","description":"High-Quality Canadian-Made Epoxy Resin | Casting &amp; Art","publisher":{"@id":"https:\/\/chillepoxy.com\/fr\/#organization"},"alternateName":"High-Quality Epoxy Resin","potentialAction":[{"@type":"SearchAction","target":{"@type":"EntryPoint","urlTemplate":"https:\/\/chillepoxy.com\/fr\/?s={search_term_string}"},"query-input":{"@type":"PropertyValueSpecification","valueRequired":true,"valueName":"search_term_string"}}],"inLanguage":"fr-FR"},{"@type":"Organization","@id":"https:\/\/chillepoxy.com\/fr\/#organization","name":"CHILL EPOXY\u2122","alternateName":"High-Quality Canadian-Made Epoxy Resin","url":"https:\/\/chillepoxy.com\/fr\/","logo":{"@type":"ImageObject","inLanguage":"fr-FR","@id":"https:\/\/chillepoxy.com\/fr\/#\/schema\/logo\/image\/","url":"https:\/\/i0.wp.com\/chillepoxy.com\/wp-content\/uploads\/2024\/02\/polymeres_technologies.png?fit=649%2C649&ssl=1","contentUrl":"https:\/\/i0.wp.com\/chillepoxy.com\/wp-content\/uploads\/2024\/02\/polymeres_technologies.png?fit=649%2C649&ssl=1","width":649,"height":649,"caption":"CHILL EPOXY\u2122"},"image":{"@id":"https:\/\/chillepoxy.com\/fr\/#\/schema\/logo\/image\/"},"sameAs":["https:\/\/www.facebook.com\/polymerestechnologies\/","https:\/\/www.instagram.com\/polymeres_technologies\/","https:\/\/www.linkedin.com\/company\/polymeres-technologies\/","https:\/\/www.youtube.com\/channel\/UCDaFKmK4Hn3KPKmBaTXWong"]}]}},"jetpack_publicize_connections":[],"jetpack_sharing_enabled":true,"jetpack_likes_enabled":false,"_links":{"self":[{"href":"https:\/\/chillepoxy.com\/fr\/wp-json\/wp\/v2\/product\/27354","targetHints":{"allow":["GET"]}}],"collection":[{"href":"https:\/\/chillepoxy.com\/fr\/wp-json\/wp\/v2\/product"}],"about":[{"href":"https:\/\/chillepoxy.com\/fr\/wp-json\/wp\/v2\/types\/product"}],"replies":[{"embeddable":true,"href":"https:\/\/chillepoxy.com\/fr\/wp-json\/wp\/v2\/comments?post=27354"}],"wp:featuredmedia":[{"embeddable":true,"href":"https:\/\/chillepoxy.com\/fr\/wp-json\/wp\/v2\/media\/27625"}],"wp:attachment":[{"href":"https:\/\/chillepoxy.com\/fr\/wp-json\/wp\/v2\/media?parent=27354"}],"wp:term":[{"taxonomy":"product_brand","embeddable":true,"href":"https:\/\/chillepoxy.com\/fr\/wp-json\/wp\/v2\/product_brand?post=27354"},{"taxonomy":"product_cat","embeddable":true,"href":"https:\/\/chillepoxy.com\/fr\/wp-json\/wp\/v2\/product_cat?post=27354"},{"taxonomy":"product_tag","embeddable":true,"href":"https:\/\/chillepoxy.com\/fr\/wp-json\/wp\/v2\/product_tag?post=27354"}],"curies":[{"name":"wp","href":"https:\/\/api.w.org\/{rel}","templated":true}]}}