{"id":27696,"date":"2024-03-18T15:09:17","date_gmt":"2024-03-20T13:18:17","guid":{"rendered":"https:\/\/chillepoxy.com\/product\/rouleau-de-18-pouces-pour-revetements-epoxy-10-mm\/"},"modified":"2026-04-01T09:12:49","modified_gmt":"2026-04-01T13:12:49","slug":"rouleau-de-18-pouces-pour-revetements-epoxy-10-mm","status":"publish","type":"product","link":"https:\/\/chillepoxy.com\/fr\/produit\/rouleau-de-18-pouces-pour-revetements-epoxy-10-mm\/","title":{"rendered":"Rouleau \u00e0 peinture de 18 pouces pour tous les \u00e9poxydes et ur\u00e9thanes (10 mm) | Outil \u00e9poxy"},"content":{"rendered":"<h1>Rouleau de 18 pouces pour Rev\u00eatements \u00c9poxy 10 mm<\/h1>\n<p>Rouleau de 18 pouces pour Rev\u00eatements \u00c9poxy 10 mm. Ce rouleau de microfibre haute performance de 18 pouces est un outil polyvalent et efficace con\u00e7u pour des t\u00e2ches de peinture pr\u00e9cises et efficaces. Fabriqu\u00e9 \u00e0 partir de microfibre de haute qualit\u00e9, ce rouleau de peinture offre une capacit\u00e9 d&rsquo;absorption de peinture exceptionnelle et garantit un effet de peinture uniforme et d\u00e9licat sur diff\u00e9rentes surfaces.<\/p>\n<p>Caract\u00e9ristiques :<\/p>\n<ul>\n<li>Mat\u00e9riau : Fabriqu\u00e9 en microfibre, reconnue pour sa forte capacit\u00e9 d&rsquo;absorption de peinture et sa capacit\u00e9 \u00e0 offrir un effet de peinture uniforme et d\u00e9licat.<\/li>\n<li>Taille du rouleau : Ce rouleau mesure 18 pouces de longueur, offrant une surface de peinture extra-large pour une application rapide et pratique.<\/li>\n<li>Usage polyvalent : Convient \u00e0 tous les types de rev\u00eatements, y compris la peinture latex et la peinture pour sol, ce qui en fait un outil id\u00e9al pour peindre les murs et d&rsquo;autres surfaces.<\/li>\n<li>Haute qualit\u00e9 : Fabriqu\u00e9 selon des normes professionnelles, garantissant des performances stables et une longue dur\u00e9e de vie pour une utilisation r\u00e9p\u00e9t\u00e9e.<\/li>\n<li>Rappel d&rsquo;entretien : Apr\u00e8s chaque utilisation, il est recommand\u00e9 de laver imm\u00e9diatement le pinceau rouleau avec de l&rsquo;eau propre pour le pr\u00e9parer \u00e0 \u00eatre r\u00e9utilis\u00e9 lors du prochain projet de peinture.<\/li>\n<\/ul>\n<p>Sp\u00e9cification:<\/p>\n<ul>\n<li>Mat\u00e9riau : Microfibre<\/li>\n<li>Taille : 18 pouces (longueur)<\/li>\n<li>Contenu de l&#8217;emballage : 1x Rouleau \u00e0 Peinture<\/li>\n<li>Remarque : Veuillez autoriser de l\u00e9g\u00e8res erreurs de mesure en raison de la mesure manuelle et des diff\u00e9rences de moniteur.<\/li>\n<li>Tissu tiss\u00e9<\/li>\n<li>Noyau en polypropyl\u00e8ne.<\/li>\n<li>Excellente absorption et lib\u00e9ration de la peinture ou du rev\u00eatement.<\/li>\n<\/ul>\n<p><strong>Description:<\/strong><\/p>\n<ul>\n<li>Tissu r\u00e9sistant \u00e0 la perte pour tous les \u00e9poxy et ur\u00e9thanes.<\/li>\n<li>M\u00e9lange exclusif de fibres \u00e0 haute capacit\u00e9 offrant une meilleure couverture de peinture et moins d&rsquo;\u00e9claboussures de peinture.<\/li>\n<\/ul>\n<p>&nbsp;<\/p>\n","protected":false},"excerpt":{"rendered":"<p><span style=\"font-size: 100%;\">Rouleau de peinture en microfibre haute performance de 18 pouces, un outil de haute qualit\u00e9 id\u00e9al pour les scellants \u00e9poxy. Fabriqu\u00e9 en microfibre, il garantit une forte absorption de peinture et offre un effet de rev\u00eatement uniforme, laissant une fine couche d&rsquo;environ 6 \u00e0 10 mils. Avec sa longueur de 18 pouces, il couvre rapidement une grande surface, adapt\u00e9 \u00e0 diff\u00e9rents rev\u00eatements tels que l&rsquo;\u00e9poxy. Profitez de performances et d&rsquo;une durabilit\u00e9 de qualit\u00e9 professionnelle avec ce rouleau essentiel.<\/span><\/p>\n<p>&nbsp;<\/p>\n","protected":false},"featured_media":27675,"comment_status":"open","ping_status":"closed","template":"","meta":{"jetpack_publicize_message":"","jetpack_publicize_feature_enabled":true,"jetpack_social_post_already_shared":true,"jetpack_social_options":{"image_generator_settings":{"template":"highway","default_image_id":0,"font":"","enabled":false},"version":2}},"product_brand":[],"product_cat":[88,1431,85],"product_tag":[],"class_list":{"0":"post-27696","1":"product","2":"type-product","3":"status-publish","4":"has-post-thumbnail","6":"product_cat-accessoires-fr","7":"product_cat-accessoires-de-revetement","8":"product_cat-revetement-de-plancher-epoxy","10":"first","11":"instock","12":"taxable","13":"shipping-taxable","14":"purchasable","15":"product-type-simple"},"yoast_head":"<!-- This site is optimized with the Yoast SEO Premium plugin v27.4 (Yoast SEO v27.4) - https:\/\/yoast.com\/product\/yoast-seo-premium-wordpress\/ -->\n<title>Rouleau de 18 pouces pour Rev\u00eatements \u00c9poxy 10mm | Outil de Rev\u00eatement | CHILL EPOXY<\/title>\n<meta name=\"description\" content=\"Rouleau de 18 pouces pour Rev\u00eatements \u00c9poxy (10 mm). Rouleau de qualit\u00e9 sup\u00e9rieure de 18 pouces en microfibre haute performance, parfait pour l&#039;application de scellants \u00e9poxy.\" \/>\n<meta name=\"robots\" content=\"index, follow, max-snippet:-1, max-image-preview:large, max-video-preview:-1\" \/>\n<link rel=\"canonical\" href=\"https:\/\/chillepoxy.com\/fr\/produit\/rouleau-de-18-pouces-pour-revetements-epoxy-10-mm\/\" \/>\n<meta property=\"og:locale\" content=\"fr_FR\" \/>\n<meta property=\"og:type\" content=\"article\" \/>\n<meta property=\"og:title\" content=\"Rouleau \u00e0 peinture de 18 pouces pour tous les \u00e9poxydes et ur\u00e9thanes (10 mm) | Outil \u00e9poxy\" \/>\n<meta property=\"og:description\" content=\"Rouleau de 18 pouces pour Rev\u00eatements \u00c9poxy (10 mm). Rouleau de qualit\u00e9 sup\u00e9rieure de 18 pouces en microfibre haute performance, parfait pour l&#039;application de scellants \u00e9poxy.\" \/>\n<meta property=\"og:url\" content=\"https:\/\/chillepoxy.com\/fr\/produit\/rouleau-de-18-pouces-pour-revetements-epoxy-10-mm\/\" \/>\n<meta property=\"og:site_name\" content=\"CHILL EPOXY\" \/>\n<meta property=\"article:publisher\" content=\"https:\/\/www.facebook.com\/polymerestechnologies\/\" \/>\n<meta property=\"article:modified_time\" content=\"2026-04-01T13:12:49+00:00\" \/>\n<meta property=\"og:image\" content=\"https:\/\/chillepoxy.com\/wp-content\/uploads\/2024\/03\/18-inch-Roller-For-Epoxy-Coatings-10mm.png\" \/>\n\t<meta property=\"og:image:width\" content=\"1920\" \/>\n\t<meta property=\"og:image:height\" content=\"1920\" \/>\n\t<meta property=\"og:image:type\" content=\"image\/png\" \/>\n<meta name=\"twitter:card\" content=\"summary_large_image\" \/>\n<meta name=\"twitter:label1\" content=\"Dur\u00e9e de lecture estim\u00e9e\" \/>\n\t<meta name=\"twitter:data1\" content=\"2 minutes\" \/>\n<script type=\"application\/ld+json\" class=\"yoast-schema-graph\">{\"@context\":\"https:\\\/\\\/schema.org\",\"@graph\":[{\"@type\":\"WebPage\",\"@id\":\"https:\\\/\\\/chillepoxy.com\\\/fr\\\/produit\\\/rouleau-de-18-pouces-pour-revetements-epoxy-10-mm\\\/\",\"url\":\"https:\\\/\\\/chillepoxy.com\\\/fr\\\/produit\\\/rouleau-de-18-pouces-pour-revetements-epoxy-10-mm\\\/\",\"name\":\"Rouleau de 18 pouces pour Rev\u00eatements \u00c9poxy 10mm | Outil de Rev\u00eatement | CHILL EPOXY\",\"isPartOf\":{\"@id\":\"https:\\\/\\\/chillepoxy.com\\\/fr\\\/#website\"},\"primaryImageOfPage\":{\"@id\":\"https:\\\/\\\/chillepoxy.com\\\/fr\\\/produit\\\/rouleau-de-18-pouces-pour-revetements-epoxy-10-mm\\\/#primaryimage\"},\"image\":{\"@id\":\"https:\\\/\\\/chillepoxy.com\\\/fr\\\/produit\\\/rouleau-de-18-pouces-pour-revetements-epoxy-10-mm\\\/#primaryimage\"},\"thumbnailUrl\":\"https:\\\/\\\/chillepoxy.com\\\/wp-content\\\/uploads\\\/2024\\\/03\\\/18-inch-Roller-For-Epoxy-Coatings-10mm.png\",\"datePublished\":\"2024-03-20T13:18:17+00:00\",\"dateModified\":\"2026-04-01T13:12:49+00:00\",\"description\":\"Rouleau de 18 pouces pour Rev\u00eatements \u00c9poxy (10 mm). Rouleau de qualit\u00e9 sup\u00e9rieure de 18 pouces en microfibre haute performance, parfait pour l'application de scellants \u00e9poxy.\",\"breadcrumb\":{\"@id\":\"https:\\\/\\\/chillepoxy.com\\\/fr\\\/produit\\\/rouleau-de-18-pouces-pour-revetements-epoxy-10-mm\\\/#breadcrumb\"},\"inLanguage\":\"fr-FR\",\"potentialAction\":[{\"@type\":\"ReadAction\",\"target\":[\"https:\\\/\\\/chillepoxy.com\\\/fr\\\/produit\\\/rouleau-de-18-pouces-pour-revetements-epoxy-10-mm\\\/\"]}]},{\"@type\":\"ImageObject\",\"inLanguage\":\"fr-FR\",\"@id\":\"https:\\\/\\\/chillepoxy.com\\\/fr\\\/produit\\\/rouleau-de-18-pouces-pour-revetements-epoxy-10-mm\\\/#primaryimage\",\"url\":\"https:\\\/\\\/chillepoxy.com\\\/wp-content\\\/uploads\\\/2024\\\/03\\\/18-inch-Roller-For-Epoxy-Coatings-10mm.png\",\"contentUrl\":\"https:\\\/\\\/chillepoxy.com\\\/wp-content\\\/uploads\\\/2024\\\/03\\\/18-inch-Roller-For-Epoxy-Coatings-10mm.png\",\"width\":1920,\"height\":1920,\"caption\":\"Rouleau de 18 pouces pour Rev\u00eatements \u00c9poxy 10 mm\"},{\"@type\":\"BreadcrumbList\",\"@id\":\"https:\\\/\\\/chillepoxy.com\\\/fr\\\/produit\\\/rouleau-de-18-pouces-pour-revetements-epoxy-10-mm\\\/#breadcrumb\",\"itemListElement\":[{\"@type\":\"ListItem\",\"position\":1,\"name\":\"Home\",\"item\":\"https:\\\/\\\/chillepoxy.com\\\/fr\\\/\"},{\"@type\":\"ListItem\",\"position\":2,\"name\":\"Boutique\",\"item\":\"https:\\\/\\\/chillepoxy.com\\\/fr\\\/boutique\\\/\"},{\"@type\":\"ListItem\",\"position\":3,\"name\":\"Rouleau \u00e0 peinture de 18 pouces pour tous les \u00e9poxydes et ur\u00e9thanes (10 mm) | Outil \u00e9poxy\"}]},{\"@type\":\"WebSite\",\"@id\":\"https:\\\/\\\/chillepoxy.com\\\/fr\\\/#website\",\"url\":\"https:\\\/\\\/chillepoxy.com\\\/fr\\\/\",\"name\":\"CHILL EPOXY\u2122 High-Quality Canadian-Made Epoxy Resin\",\"description\":\"High-Quality Canadian-Made Epoxy Resin | Casting &amp; Art\",\"publisher\":{\"@id\":\"https:\\\/\\\/chillepoxy.com\\\/fr\\\/#organization\"},\"alternateName\":\"High-Quality Epoxy Resin\",\"potentialAction\":[{\"@type\":\"SearchAction\",\"target\":{\"@type\":\"EntryPoint\",\"urlTemplate\":\"https:\\\/\\\/chillepoxy.com\\\/fr\\\/?s={search_term_string}\"},\"query-input\":{\"@type\":\"PropertyValueSpecification\",\"valueRequired\":true,\"valueName\":\"search_term_string\"}}],\"inLanguage\":\"fr-FR\"},{\"@type\":\"Organization\",\"@id\":\"https:\\\/\\\/chillepoxy.com\\\/fr\\\/#organization\",\"name\":\"CHILL EPOXY\u2122\",\"alternateName\":\"High-Quality Canadian-Made Epoxy Resin\",\"url\":\"https:\\\/\\\/chillepoxy.com\\\/fr\\\/\",\"logo\":{\"@type\":\"ImageObject\",\"inLanguage\":\"fr-FR\",\"@id\":\"https:\\\/\\\/chillepoxy.com\\\/fr\\\/#\\\/schema\\\/logo\\\/image\\\/\",\"url\":\"https:\\\/\\\/i0.wp.com\\\/chillepoxy.com\\\/wp-content\\\/uploads\\\/2024\\\/02\\\/polymeres_technologies.png?fit=649%2C649&ssl=1\",\"contentUrl\":\"https:\\\/\\\/i0.wp.com\\\/chillepoxy.com\\\/wp-content\\\/uploads\\\/2024\\\/02\\\/polymeres_technologies.png?fit=649%2C649&ssl=1\",\"width\":649,\"height\":649,\"caption\":\"CHILL EPOXY\u2122\"},\"image\":{\"@id\":\"https:\\\/\\\/chillepoxy.com\\\/fr\\\/#\\\/schema\\\/logo\\\/image\\\/\"},\"sameAs\":[\"https:\\\/\\\/www.facebook.com\\\/polymerestechnologies\\\/\",\"https:\\\/\\\/www.instagram.com\\\/polymeres_technologies\\\/\",\"https:\\\/\\\/www.linkedin.com\\\/company\\\/polymeres-technologies\\\/\",\"https:\\\/\\\/www.youtube.com\\\/channel\\\/UCDaFKmK4Hn3KPKmBaTXWong\"]}]}<\/script>\n<!-- \/ Yoast SEO Premium plugin. -->","yoast_head_json":{"title":"Rouleau de 18 pouces pour Rev\u00eatements \u00c9poxy 10mm | Outil de Rev\u00eatement | CHILL EPOXY","description":"Rouleau de 18 pouces pour Rev\u00eatements \u00c9poxy (10 mm). Rouleau de qualit\u00e9 sup\u00e9rieure de 18 pouces en microfibre haute performance, parfait pour l'application de scellants \u00e9poxy.","robots":{"index":"index","follow":"follow","max-snippet":"max-snippet:-1","max-image-preview":"max-image-preview:large","max-video-preview":"max-video-preview:-1"},"canonical":"https:\/\/chillepoxy.com\/fr\/produit\/rouleau-de-18-pouces-pour-revetements-epoxy-10-mm\/","og_locale":"fr_FR","og_type":"article","og_title":"Rouleau \u00e0 peinture de 18 pouces pour tous les \u00e9poxydes et ur\u00e9thanes (10 mm) | Outil \u00e9poxy","og_description":"Rouleau de 18 pouces pour Rev\u00eatements \u00c9poxy (10 mm). Rouleau de qualit\u00e9 sup\u00e9rieure de 18 pouces en microfibre haute performance, parfait pour l'application de scellants \u00e9poxy.","og_url":"https:\/\/chillepoxy.com\/fr\/produit\/rouleau-de-18-pouces-pour-revetements-epoxy-10-mm\/","og_site_name":"CHILL EPOXY","article_publisher":"https:\/\/www.facebook.com\/polymerestechnologies\/","article_modified_time":"2026-04-01T13:12:49+00:00","og_image":[{"width":1920,"height":1920,"url":"https:\/\/chillepoxy.com\/wp-content\/uploads\/2024\/03\/18-inch-Roller-For-Epoxy-Coatings-10mm.png","type":"image\/png"}],"twitter_card":"summary_large_image","twitter_misc":{"Dur\u00e9e de lecture estim\u00e9e":"2 minutes"},"schema":{"@context":"https:\/\/schema.org","@graph":[{"@type":"WebPage","@id":"https:\/\/chillepoxy.com\/fr\/produit\/rouleau-de-18-pouces-pour-revetements-epoxy-10-mm\/","url":"https:\/\/chillepoxy.com\/fr\/produit\/rouleau-de-18-pouces-pour-revetements-epoxy-10-mm\/","name":"Rouleau de 18 pouces pour Rev\u00eatements \u00c9poxy 10mm | Outil de Rev\u00eatement | CHILL EPOXY","isPartOf":{"@id":"https:\/\/chillepoxy.com\/fr\/#website"},"primaryImageOfPage":{"@id":"https:\/\/chillepoxy.com\/fr\/produit\/rouleau-de-18-pouces-pour-revetements-epoxy-10-mm\/#primaryimage"},"image":{"@id":"https:\/\/chillepoxy.com\/fr\/produit\/rouleau-de-18-pouces-pour-revetements-epoxy-10-mm\/#primaryimage"},"thumbnailUrl":"https:\/\/chillepoxy.com\/wp-content\/uploads\/2024\/03\/18-inch-Roller-For-Epoxy-Coatings-10mm.png","datePublished":"2024-03-20T13:18:17+00:00","dateModified":"2026-04-01T13:12:49+00:00","description":"Rouleau de 18 pouces pour Rev\u00eatements \u00c9poxy (10 mm). Rouleau de qualit\u00e9 sup\u00e9rieure de 18 pouces en microfibre haute performance, parfait pour l'application de scellants \u00e9poxy.","breadcrumb":{"@id":"https:\/\/chillepoxy.com\/fr\/produit\/rouleau-de-18-pouces-pour-revetements-epoxy-10-mm\/#breadcrumb"},"inLanguage":"fr-FR","potentialAction":[{"@type":"ReadAction","target":["https:\/\/chillepoxy.com\/fr\/produit\/rouleau-de-18-pouces-pour-revetements-epoxy-10-mm\/"]}]},{"@type":"ImageObject","inLanguage":"fr-FR","@id":"https:\/\/chillepoxy.com\/fr\/produit\/rouleau-de-18-pouces-pour-revetements-epoxy-10-mm\/#primaryimage","url":"https:\/\/chillepoxy.com\/wp-content\/uploads\/2024\/03\/18-inch-Roller-For-Epoxy-Coatings-10mm.png","contentUrl":"https:\/\/chillepoxy.com\/wp-content\/uploads\/2024\/03\/18-inch-Roller-For-Epoxy-Coatings-10mm.png","width":1920,"height":1920,"caption":"Rouleau de 18 pouces pour Rev\u00eatements \u00c9poxy 10 mm"},{"@type":"BreadcrumbList","@id":"https:\/\/chillepoxy.com\/fr\/produit\/rouleau-de-18-pouces-pour-revetements-epoxy-10-mm\/#breadcrumb","itemListElement":[{"@type":"ListItem","position":1,"name":"Home","item":"https:\/\/chillepoxy.com\/fr\/"},{"@type":"ListItem","position":2,"name":"Boutique","item":"https:\/\/chillepoxy.com\/fr\/boutique\/"},{"@type":"ListItem","position":3,"name":"Rouleau \u00e0 peinture de 18 pouces pour tous les \u00e9poxydes et ur\u00e9thanes (10 mm) | Outil \u00e9poxy"}]},{"@type":"WebSite","@id":"https:\/\/chillepoxy.com\/fr\/#website","url":"https:\/\/chillepoxy.com\/fr\/","name":"CHILL EPOXY\u2122 High-Quality Canadian-Made Epoxy Resin","description":"High-Quality Canadian-Made Epoxy Resin | Casting &amp; Art","publisher":{"@id":"https:\/\/chillepoxy.com\/fr\/#organization"},"alternateName":"High-Quality Epoxy Resin","potentialAction":[{"@type":"SearchAction","target":{"@type":"EntryPoint","urlTemplate":"https:\/\/chillepoxy.com\/fr\/?s={search_term_string}"},"query-input":{"@type":"PropertyValueSpecification","valueRequired":true,"valueName":"search_term_string"}}],"inLanguage":"fr-FR"},{"@type":"Organization","@id":"https:\/\/chillepoxy.com\/fr\/#organization","name":"CHILL EPOXY\u2122","alternateName":"High-Quality Canadian-Made Epoxy Resin","url":"https:\/\/chillepoxy.com\/fr\/","logo":{"@type":"ImageObject","inLanguage":"fr-FR","@id":"https:\/\/chillepoxy.com\/fr\/#\/schema\/logo\/image\/","url":"https:\/\/i0.wp.com\/chillepoxy.com\/wp-content\/uploads\/2024\/02\/polymeres_technologies.png?fit=649%2C649&ssl=1","contentUrl":"https:\/\/i0.wp.com\/chillepoxy.com\/wp-content\/uploads\/2024\/02\/polymeres_technologies.png?fit=649%2C649&ssl=1","width":649,"height":649,"caption":"CHILL EPOXY\u2122"},"image":{"@id":"https:\/\/chillepoxy.com\/fr\/#\/schema\/logo\/image\/"},"sameAs":["https:\/\/www.facebook.com\/polymerestechnologies\/","https:\/\/www.instagram.com\/polymeres_technologies\/","https:\/\/www.linkedin.com\/company\/polymeres-technologies\/","https:\/\/www.youtube.com\/channel\/UCDaFKmK4Hn3KPKmBaTXWong"]}]}},"jetpack_publicize_connections":[],"jetpack_sharing_enabled":true,"jetpack_likes_enabled":false,"_links":{"self":[{"href":"https:\/\/chillepoxy.com\/fr\/wp-json\/wp\/v2\/product\/27696","targetHints":{"allow":["GET"]}}],"collection":[{"href":"https:\/\/chillepoxy.com\/fr\/wp-json\/wp\/v2\/product"}],"about":[{"href":"https:\/\/chillepoxy.com\/fr\/wp-json\/wp\/v2\/types\/product"}],"replies":[{"embeddable":true,"href":"https:\/\/chillepoxy.com\/fr\/wp-json\/wp\/v2\/comments?post=27696"}],"wp:featuredmedia":[{"embeddable":true,"href":"https:\/\/chillepoxy.com\/fr\/wp-json\/wp\/v2\/media\/27675"}],"wp:attachment":[{"href":"https:\/\/chillepoxy.com\/fr\/wp-json\/wp\/v2\/media?parent=27696"}],"wp:term":[{"taxonomy":"product_brand","embeddable":true,"href":"https:\/\/chillepoxy.com\/fr\/wp-json\/wp\/v2\/product_brand?post=27696"},{"taxonomy":"product_cat","embeddable":true,"href":"https:\/\/chillepoxy.com\/fr\/wp-json\/wp\/v2\/product_cat?post=27696"},{"taxonomy":"product_tag","embeddable":true,"href":"https:\/\/chillepoxy.com\/fr\/wp-json\/wp\/v2\/product_tag?post=27696"}],"curies":[{"name":"wp","href":"https:\/\/api.w.org\/{rel}","templated":true}]}}