{"id":27703,"date":"2024-03-13T09:16:24","date_gmt":"2024-03-20T18:46:16","guid":{"rendered":"https:\/\/chillepoxy.com\/product\/squeegee-plat-flexible-de-luxe-de-24-pouces-pour-revetements-epoxy\/"},"modified":"2025-02-11T10:37:26","modified_gmt":"2025-02-11T15:37:26","slug":"squeegee-plat-flexible-de-luxe-de-24-pouces-pour-revetements-epoxy","status":"publish","type":"product","link":"https:\/\/chillepoxy.com\/fr\/produit\/squeegee-plat-flexible-de-luxe-de-24-pouces-pour-revetements-epoxy\/","title":{"rendered":"Squeegee plat flexible 24 pouces pour rev\u00eatements \u00e9poxy"},"content":{"rendered":"<h2>Squeegee plat flexible 24 pouces pour rev\u00eatements \u00e9poxy<\/h2>\n<p>Squeegee plat flexible 24 pouces pour rev\u00eatements \u00e9poxy. Con\u00e7u avec pr\u00e9cision pour une application sans faille, cet squeegee est votre outil incontournable pour appliquer facilement les r\u00e9sines liquides. Fabriqu\u00e9e \u00e0 partir de caoutchouc n\u00e9opr\u00e8ne r\u00e9sistant et log\u00e9e dans un robuste cadre m\u00e9tallique, elle garantit une r\u00e9partition uniforme des rev\u00eatements de sol en r\u00e9sine \u00e9poxy, polyur\u00e9e et polyaspartique.<\/p>\n<p>Que vous soyez d\u00e9butant dans le domaine des rev\u00eatements ou un professionnel aguerri, la conception conviviale de notre raclette promet des r\u00e9sultats impeccables sans laisser de traces. Il est parfait pour divers travaux de rev\u00eatement, y compris les \u00e9poxydes, les ur\u00e9thanes et les polyaspartiques, garantissant des r\u00e9sultats professionnels \u00e0 chaque fois.<\/p>\n<p>De plus, cette raclette s&rsquo;adapte facilement \u00e0 diff\u00e9rentes \u00e9paisseurs de rev\u00eatement (mesur\u00e9es en milli\u00e8mes de pouce) en ajustant la pression sur la lame, offrant un contr\u00f4le et des performances optimaux.<\/p>\n<p>Notre squeegee flexible pour rev\u00eatements \u00e9poxy est un outil de premier ordre con\u00e7u pour rationaliser l&rsquo;application des rev\u00eatements commerciaux et industriels tels que les rev\u00eatements de sol \u00e9poxy, ur\u00e9thane et polyaspartique. Sa conception polyvalente permet d&rsquo;accommoder diff\u00e9rents mat\u00e9riaux de rev\u00eatement, garantissant une application uniforme avant le roulement. De plus, il est l\u00e9ger et efficace, simplifiant le processus d&rsquo;application de r\u00e9sines de viscosit\u00e9 moyenne \u00e0 \u00e9lev\u00e9e et vous faisant gagner du temps et des efforts.<\/p>\n<p>Caract\u00e9ristiques :<\/p>\n<ul>\n<li>En plus d&rsquo;acc\u00e9l\u00e9rer l&rsquo;application, cela permet d&rsquo;\u00e9conomiser du temps et des efforts.<\/li>\n<li>Applique efficacement les syst\u00e8mes de rev\u00eatement de sols plus \u00e9pais en mils.<\/li>\n<li>De plus, il est pratique et facile \u00e0 utiliser, servant d&rsquo;outil standard pour l&rsquo;application de rev\u00eatements de sol.<\/li>\n<li>Avec une construction en plastique durable, l\u00e9ger et r\u00e9utilisable.<\/li>\n<li>Il facilite les installations de sol sans effort pour des r\u00e9sultats de qualit\u00e9 professionnelle.<\/li>\n<li>Parfait pour les r\u00e9sines de viscosit\u00e9 moyenne et \u00e9lev\u00e9e, garantissant des performances optimales.<\/li>\n<\/ul>\n<p>Obtenez des r\u00e9sultats de qualit\u00e9 professionnelle avec notre squeegee plat de 24 pouces, sp\u00e9cialement con\u00e7ue pour les rev\u00eatements \u00e9poxy. Cet outil haute performance garantit une application lisse et uniforme, rendant vos projets de rev\u00eatement \u00e9poxy faciles \u00e0 r\u00e9aliser.<\/p>\n<div id=\"AIPRM__sidebar-icon\" class=\"AIPRM__p-2 AIPRM__top-12 md:AIPRM__top-2 AIPRM__p-2 AIPRM__items-center AIPRM__transition-colors AIPRM__duration-200 AIPRM__cursor-pointer AIPRM__text-sm AIPRM__rounded-md AIPRM__border AIPRM__bg-white dark:AIPRM__bg-gray-900 AIPRM__border-black\/10 dark:AIPRM__border-white\/20 hover:AIPRM__bg-gray-50 dark:hover:AIPRM__bg-gray-850 AIPRM__cursor-pointer AIPRM__fixed AIPRM__right-4 AIPRM__z-30\" title=\"Open AIPRM sidebar\"><\/div>\n","protected":false},"excerpt":{"rendered":"<p><span style=\"font-size: 100%;\">Notre squeegee plat flexible de luxe de 24 pouces, m\u00e9ticuleusement con\u00e7ue pour une application pr\u00e9cise des rev\u00eatements \u00e9poxy, dispose d&rsquo;une lame plate plus longue pour un contr\u00f4le am\u00e9lior\u00e9. Fabriqu\u00e9e avec du caoutchouc n\u00e9opr\u00e8ne durable et log\u00e9e dans un solide cadre m\u00e9tallique, cette raclette assure une distribution uniforme des rev\u00eatements de sol en r\u00e9sine \u00e9poxy, ur\u00e9thane et polyaspartique. Cette raclette s&rsquo;adapte \u00e0 diff\u00e9rentes \u00e9paisseurs (mesur\u00e9es en milli\u00e8mes de pouce) en ajustant la pression sur la lame, offrant des performances et un contr\u00f4le optimaux.<\/span><\/p>\n","protected":false},"featured_media":27599,"comment_status":"open","ping_status":"closed","template":"","meta":{"jetpack_publicize_message":"","jetpack_publicize_feature_enabled":true,"jetpack_social_post_already_shared":true,"jetpack_social_options":{"image_generator_settings":{"template":"highway","default_image_id":0,"font":"","enabled":false},"version":2}},"product_brand":[],"product_cat":[88,1431,85],"product_tag":[],"class_list":{"0":"post-27703","1":"product","2":"type-product","3":"status-publish","4":"has-post-thumbnail","6":"product_cat-accessoires-fr","7":"product_cat-accessoires-de-revetement","8":"product_cat-revetement-de-plancher-epoxy","10":"first","11":"instock","12":"taxable","13":"shipping-taxable","14":"purchasable","15":"product-type-simple"},"yoast_head":"<!-- This site is optimized with the Yoast SEO Premium plugin v27.4 (Yoast SEO v27.4) - https:\/\/yoast.com\/product\/yoast-seo-premium-wordpress\/ -->\n<title>Squeegee plat flexible 24 pouces pour rev\u00eatements \u00e9poxy | CHILL EPOXY<\/title>\n<meta name=\"description\" content=\"Squeegee plat flexible 24 pouces pour rev\u00eatements \u00e9poxy. Am\u00e9liorez vos projets de rev\u00eatement \u00e9poxy avec notre squeegee plat flexible de luxe de 24 pouces.\" \/>\n<meta name=\"robots\" content=\"index, follow, max-snippet:-1, max-image-preview:large, max-video-preview:-1\" \/>\n<link rel=\"canonical\" href=\"https:\/\/chillepoxy.com\/fr\/produit\/squeegee-plat-flexible-de-luxe-de-24-pouces-pour-revetements-epoxy\/\" \/>\n<meta property=\"og:locale\" content=\"fr_FR\" \/>\n<meta property=\"og:type\" content=\"article\" \/>\n<meta property=\"og:title\" content=\"Squeegee plat flexible 24 pouces pour rev\u00eatements \u00e9poxy\" \/>\n<meta property=\"og:description\" content=\"Squeegee plat flexible 24 pouces pour rev\u00eatements \u00e9poxy. Am\u00e9liorez vos projets de rev\u00eatement \u00e9poxy avec notre squeegee plat flexible de luxe de 24 pouces.\" \/>\n<meta property=\"og:url\" content=\"https:\/\/chillepoxy.com\/fr\/produit\/squeegee-plat-flexible-de-luxe-de-24-pouces-pour-revetements-epoxy\/\" \/>\n<meta property=\"og:site_name\" content=\"CHILL EPOXY\" \/>\n<meta property=\"article:publisher\" content=\"https:\/\/www.facebook.com\/polymerestechnologies\/\" \/>\n<meta property=\"article:modified_time\" content=\"2025-02-11T15:37:26+00:00\" \/>\n<meta property=\"og:image\" content=\"https:\/\/chillepoxy.com\/wp-content\/uploads\/2024\/03\/24-Deluxe-Flat-Flexible-Squeegee-for-Epoxy-Coatings.png\" \/>\n\t<meta property=\"og:image:width\" content=\"1920\" \/>\n\t<meta property=\"og:image:height\" content=\"1920\" \/>\n\t<meta property=\"og:image:type\" content=\"image\/png\" \/>\n<meta name=\"twitter:card\" content=\"summary_large_image\" \/>\n<meta name=\"twitter:label1\" content=\"Dur\u00e9e de lecture estim\u00e9e\" \/>\n\t<meta name=\"twitter:data1\" content=\"2 minutes\" \/>\n<script type=\"application\/ld+json\" class=\"yoast-schema-graph\">{\"@context\":\"https:\\\/\\\/schema.org\",\"@graph\":[{\"@type\":\"WebPage\",\"@id\":\"https:\\\/\\\/chillepoxy.com\\\/fr\\\/produit\\\/squeegee-plat-flexible-de-luxe-de-24-pouces-pour-revetements-epoxy\\\/\",\"url\":\"https:\\\/\\\/chillepoxy.com\\\/fr\\\/produit\\\/squeegee-plat-flexible-de-luxe-de-24-pouces-pour-revetements-epoxy\\\/\",\"name\":\"Squeegee plat flexible 24 pouces pour rev\u00eatements \u00e9poxy | CHILL EPOXY\",\"isPartOf\":{\"@id\":\"https:\\\/\\\/chillepoxy.com\\\/fr\\\/#website\"},\"primaryImageOfPage\":{\"@id\":\"https:\\\/\\\/chillepoxy.com\\\/fr\\\/produit\\\/squeegee-plat-flexible-de-luxe-de-24-pouces-pour-revetements-epoxy\\\/#primaryimage\"},\"image\":{\"@id\":\"https:\\\/\\\/chillepoxy.com\\\/fr\\\/produit\\\/squeegee-plat-flexible-de-luxe-de-24-pouces-pour-revetements-epoxy\\\/#primaryimage\"},\"thumbnailUrl\":\"https:\\\/\\\/chillepoxy.com\\\/wp-content\\\/uploads\\\/2024\\\/03\\\/24-Deluxe-Flat-Flexible-Squeegee-for-Epoxy-Coatings.png\",\"datePublished\":\"2024-03-20T18:46:16+00:00\",\"dateModified\":\"2025-02-11T15:37:26+00:00\",\"description\":\"Squeegee plat flexible 24 pouces pour rev\u00eatements \u00e9poxy. Am\u00e9liorez vos projets de rev\u00eatement \u00e9poxy avec notre squeegee plat flexible de luxe de 24 pouces.\",\"breadcrumb\":{\"@id\":\"https:\\\/\\\/chillepoxy.com\\\/fr\\\/produit\\\/squeegee-plat-flexible-de-luxe-de-24-pouces-pour-revetements-epoxy\\\/#breadcrumb\"},\"inLanguage\":\"fr-FR\",\"potentialAction\":[{\"@type\":\"ReadAction\",\"target\":[\"https:\\\/\\\/chillepoxy.com\\\/fr\\\/produit\\\/squeegee-plat-flexible-de-luxe-de-24-pouces-pour-revetements-epoxy\\\/\"]}]},{\"@type\":\"ImageObject\",\"inLanguage\":\"fr-FR\",\"@id\":\"https:\\\/\\\/chillepoxy.com\\\/fr\\\/produit\\\/squeegee-plat-flexible-de-luxe-de-24-pouces-pour-revetements-epoxy\\\/#primaryimage\",\"url\":\"https:\\\/\\\/chillepoxy.com\\\/wp-content\\\/uploads\\\/2024\\\/03\\\/24-Deluxe-Flat-Flexible-Squeegee-for-Epoxy-Coatings.png\",\"contentUrl\":\"https:\\\/\\\/chillepoxy.com\\\/wp-content\\\/uploads\\\/2024\\\/03\\\/24-Deluxe-Flat-Flexible-Squeegee-for-Epoxy-Coatings.png\",\"width\":1920,\"height\":1920,\"caption\":\"Squeegee plat flexible de luxe de 24 pouces pour rev\u00eatements \u00e9poxy.\"},{\"@type\":\"BreadcrumbList\",\"@id\":\"https:\\\/\\\/chillepoxy.com\\\/fr\\\/produit\\\/squeegee-plat-flexible-de-luxe-de-24-pouces-pour-revetements-epoxy\\\/#breadcrumb\",\"itemListElement\":[{\"@type\":\"ListItem\",\"position\":1,\"name\":\"Home\",\"item\":\"https:\\\/\\\/chillepoxy.com\\\/fr\\\/\"},{\"@type\":\"ListItem\",\"position\":2,\"name\":\"Boutique\",\"item\":\"https:\\\/\\\/chillepoxy.com\\\/fr\\\/boutique\\\/\"},{\"@type\":\"ListItem\",\"position\":3,\"name\":\"Squeegee plat flexible 24 pouces pour rev\u00eatements \u00e9poxy\"}]},{\"@type\":\"WebSite\",\"@id\":\"https:\\\/\\\/chillepoxy.com\\\/fr\\\/#website\",\"url\":\"https:\\\/\\\/chillepoxy.com\\\/fr\\\/\",\"name\":\"CHILL EPOXY\u2122 High-Quality Canadian-Made Epoxy Resin\",\"description\":\"High-Quality Canadian-Made Epoxy Resin | Casting &amp; Art\",\"publisher\":{\"@id\":\"https:\\\/\\\/chillepoxy.com\\\/fr\\\/#organization\"},\"alternateName\":\"High-Quality Epoxy Resin\",\"potentialAction\":[{\"@type\":\"SearchAction\",\"target\":{\"@type\":\"EntryPoint\",\"urlTemplate\":\"https:\\\/\\\/chillepoxy.com\\\/fr\\\/?s={search_term_string}\"},\"query-input\":{\"@type\":\"PropertyValueSpecification\",\"valueRequired\":true,\"valueName\":\"search_term_string\"}}],\"inLanguage\":\"fr-FR\"},{\"@type\":\"Organization\",\"@id\":\"https:\\\/\\\/chillepoxy.com\\\/fr\\\/#organization\",\"name\":\"CHILL EPOXY\u2122\",\"alternateName\":\"High-Quality Canadian-Made Epoxy Resin\",\"url\":\"https:\\\/\\\/chillepoxy.com\\\/fr\\\/\",\"logo\":{\"@type\":\"ImageObject\",\"inLanguage\":\"fr-FR\",\"@id\":\"https:\\\/\\\/chillepoxy.com\\\/fr\\\/#\\\/schema\\\/logo\\\/image\\\/\",\"url\":\"https:\\\/\\\/i0.wp.com\\\/chillepoxy.com\\\/wp-content\\\/uploads\\\/2024\\\/02\\\/polymeres_technologies.png?fit=649%2C649&ssl=1\",\"contentUrl\":\"https:\\\/\\\/i0.wp.com\\\/chillepoxy.com\\\/wp-content\\\/uploads\\\/2024\\\/02\\\/polymeres_technologies.png?fit=649%2C649&ssl=1\",\"width\":649,\"height\":649,\"caption\":\"CHILL EPOXY\u2122\"},\"image\":{\"@id\":\"https:\\\/\\\/chillepoxy.com\\\/fr\\\/#\\\/schema\\\/logo\\\/image\\\/\"},\"sameAs\":[\"https:\\\/\\\/www.facebook.com\\\/polymerestechnologies\\\/\",\"https:\\\/\\\/www.instagram.com\\\/polymeres_technologies\\\/\",\"https:\\\/\\\/www.linkedin.com\\\/company\\\/polymeres-technologies\\\/\",\"https:\\\/\\\/www.youtube.com\\\/channel\\\/UCDaFKmK4Hn3KPKmBaTXWong\"]}]}<\/script>\n<!-- \/ Yoast SEO Premium plugin. -->","yoast_head_json":{"title":"Squeegee plat flexible 24 pouces pour rev\u00eatements \u00e9poxy | CHILL EPOXY","description":"Squeegee plat flexible 24 pouces pour rev\u00eatements \u00e9poxy. Am\u00e9liorez vos projets de rev\u00eatement \u00e9poxy avec notre squeegee plat flexible de luxe de 24 pouces.","robots":{"index":"index","follow":"follow","max-snippet":"max-snippet:-1","max-image-preview":"max-image-preview:large","max-video-preview":"max-video-preview:-1"},"canonical":"https:\/\/chillepoxy.com\/fr\/produit\/squeegee-plat-flexible-de-luxe-de-24-pouces-pour-revetements-epoxy\/","og_locale":"fr_FR","og_type":"article","og_title":"Squeegee plat flexible 24 pouces pour rev\u00eatements \u00e9poxy","og_description":"Squeegee plat flexible 24 pouces pour rev\u00eatements \u00e9poxy. Am\u00e9liorez vos projets de rev\u00eatement \u00e9poxy avec notre squeegee plat flexible de luxe de 24 pouces.","og_url":"https:\/\/chillepoxy.com\/fr\/produit\/squeegee-plat-flexible-de-luxe-de-24-pouces-pour-revetements-epoxy\/","og_site_name":"CHILL EPOXY","article_publisher":"https:\/\/www.facebook.com\/polymerestechnologies\/","article_modified_time":"2025-02-11T15:37:26+00:00","og_image":[{"width":1920,"height":1920,"url":"https:\/\/chillepoxy.com\/wp-content\/uploads\/2024\/03\/24-Deluxe-Flat-Flexible-Squeegee-for-Epoxy-Coatings.png","type":"image\/png"}],"twitter_card":"summary_large_image","twitter_misc":{"Dur\u00e9e de lecture estim\u00e9e":"2 minutes"},"schema":{"@context":"https:\/\/schema.org","@graph":[{"@type":"WebPage","@id":"https:\/\/chillepoxy.com\/fr\/produit\/squeegee-plat-flexible-de-luxe-de-24-pouces-pour-revetements-epoxy\/","url":"https:\/\/chillepoxy.com\/fr\/produit\/squeegee-plat-flexible-de-luxe-de-24-pouces-pour-revetements-epoxy\/","name":"Squeegee plat flexible 24 pouces pour rev\u00eatements \u00e9poxy | CHILL EPOXY","isPartOf":{"@id":"https:\/\/chillepoxy.com\/fr\/#website"},"primaryImageOfPage":{"@id":"https:\/\/chillepoxy.com\/fr\/produit\/squeegee-plat-flexible-de-luxe-de-24-pouces-pour-revetements-epoxy\/#primaryimage"},"image":{"@id":"https:\/\/chillepoxy.com\/fr\/produit\/squeegee-plat-flexible-de-luxe-de-24-pouces-pour-revetements-epoxy\/#primaryimage"},"thumbnailUrl":"https:\/\/chillepoxy.com\/wp-content\/uploads\/2024\/03\/24-Deluxe-Flat-Flexible-Squeegee-for-Epoxy-Coatings.png","datePublished":"2024-03-20T18:46:16+00:00","dateModified":"2025-02-11T15:37:26+00:00","description":"Squeegee plat flexible 24 pouces pour rev\u00eatements \u00e9poxy. Am\u00e9liorez vos projets de rev\u00eatement \u00e9poxy avec notre squeegee plat flexible de luxe de 24 pouces.","breadcrumb":{"@id":"https:\/\/chillepoxy.com\/fr\/produit\/squeegee-plat-flexible-de-luxe-de-24-pouces-pour-revetements-epoxy\/#breadcrumb"},"inLanguage":"fr-FR","potentialAction":[{"@type":"ReadAction","target":["https:\/\/chillepoxy.com\/fr\/produit\/squeegee-plat-flexible-de-luxe-de-24-pouces-pour-revetements-epoxy\/"]}]},{"@type":"ImageObject","inLanguage":"fr-FR","@id":"https:\/\/chillepoxy.com\/fr\/produit\/squeegee-plat-flexible-de-luxe-de-24-pouces-pour-revetements-epoxy\/#primaryimage","url":"https:\/\/chillepoxy.com\/wp-content\/uploads\/2024\/03\/24-Deluxe-Flat-Flexible-Squeegee-for-Epoxy-Coatings.png","contentUrl":"https:\/\/chillepoxy.com\/wp-content\/uploads\/2024\/03\/24-Deluxe-Flat-Flexible-Squeegee-for-Epoxy-Coatings.png","width":1920,"height":1920,"caption":"Squeegee plat flexible de luxe de 24 pouces pour rev\u00eatements \u00e9poxy."},{"@type":"BreadcrumbList","@id":"https:\/\/chillepoxy.com\/fr\/produit\/squeegee-plat-flexible-de-luxe-de-24-pouces-pour-revetements-epoxy\/#breadcrumb","itemListElement":[{"@type":"ListItem","position":1,"name":"Home","item":"https:\/\/chillepoxy.com\/fr\/"},{"@type":"ListItem","position":2,"name":"Boutique","item":"https:\/\/chillepoxy.com\/fr\/boutique\/"},{"@type":"ListItem","position":3,"name":"Squeegee plat flexible 24 pouces pour rev\u00eatements \u00e9poxy"}]},{"@type":"WebSite","@id":"https:\/\/chillepoxy.com\/fr\/#website","url":"https:\/\/chillepoxy.com\/fr\/","name":"CHILL EPOXY\u2122 High-Quality Canadian-Made Epoxy Resin","description":"High-Quality Canadian-Made Epoxy Resin | Casting &amp; Art","publisher":{"@id":"https:\/\/chillepoxy.com\/fr\/#organization"},"alternateName":"High-Quality Epoxy Resin","potentialAction":[{"@type":"SearchAction","target":{"@type":"EntryPoint","urlTemplate":"https:\/\/chillepoxy.com\/fr\/?s={search_term_string}"},"query-input":{"@type":"PropertyValueSpecification","valueRequired":true,"valueName":"search_term_string"}}],"inLanguage":"fr-FR"},{"@type":"Organization","@id":"https:\/\/chillepoxy.com\/fr\/#organization","name":"CHILL EPOXY\u2122","alternateName":"High-Quality Canadian-Made Epoxy Resin","url":"https:\/\/chillepoxy.com\/fr\/","logo":{"@type":"ImageObject","inLanguage":"fr-FR","@id":"https:\/\/chillepoxy.com\/fr\/#\/schema\/logo\/image\/","url":"https:\/\/i0.wp.com\/chillepoxy.com\/wp-content\/uploads\/2024\/02\/polymeres_technologies.png?fit=649%2C649&ssl=1","contentUrl":"https:\/\/i0.wp.com\/chillepoxy.com\/wp-content\/uploads\/2024\/02\/polymeres_technologies.png?fit=649%2C649&ssl=1","width":649,"height":649,"caption":"CHILL EPOXY\u2122"},"image":{"@id":"https:\/\/chillepoxy.com\/fr\/#\/schema\/logo\/image\/"},"sameAs":["https:\/\/www.facebook.com\/polymerestechnologies\/","https:\/\/www.instagram.com\/polymeres_technologies\/","https:\/\/www.linkedin.com\/company\/polymeres-technologies\/","https:\/\/www.youtube.com\/channel\/UCDaFKmK4Hn3KPKmBaTXWong"]}]}},"jetpack_publicize_connections":[],"jetpack_sharing_enabled":true,"jetpack_likes_enabled":false,"_links":{"self":[{"href":"https:\/\/chillepoxy.com\/fr\/wp-json\/wp\/v2\/product\/27703","targetHints":{"allow":["GET"]}}],"collection":[{"href":"https:\/\/chillepoxy.com\/fr\/wp-json\/wp\/v2\/product"}],"about":[{"href":"https:\/\/chillepoxy.com\/fr\/wp-json\/wp\/v2\/types\/product"}],"replies":[{"embeddable":true,"href":"https:\/\/chillepoxy.com\/fr\/wp-json\/wp\/v2\/comments?post=27703"}],"wp:featuredmedia":[{"embeddable":true,"href":"https:\/\/chillepoxy.com\/fr\/wp-json\/wp\/v2\/media\/27599"}],"wp:attachment":[{"href":"https:\/\/chillepoxy.com\/fr\/wp-json\/wp\/v2\/media?parent=27703"}],"wp:term":[{"taxonomy":"product_brand","embeddable":true,"href":"https:\/\/chillepoxy.com\/fr\/wp-json\/wp\/v2\/product_brand?post=27703"},{"taxonomy":"product_cat","embeddable":true,"href":"https:\/\/chillepoxy.com\/fr\/wp-json\/wp\/v2\/product_cat?post=27703"},{"taxonomy":"product_tag","embeddable":true,"href":"https:\/\/chillepoxy.com\/fr\/wp-json\/wp\/v2\/product_tag?post=27703"}],"curies":[{"name":"wp","href":"https:\/\/api.w.org\/{rel}","templated":true}]}}