{"id":27707,"date":"2024-03-12T15:41:50","date_gmt":"2024-03-20T20:57:28","guid":{"rendered":"https:\/\/chillepoxy.com\/product\/raclette-a-lame-plate-de-24-pouces-pour-revetements-epoxy\/"},"modified":"2025-08-26T14:53:37","modified_gmt":"2025-08-26T18:53:37","slug":"raclette-a-lame-plate-de-24-pouces-pour-revetements-epoxy","status":"publish","type":"product","link":"https:\/\/chillepoxy.com\/fr\/produit\/raclette-a-lame-plate-de-24-pouces-pour-revetements-epoxy\/","title":{"rendered":"Squeegee \u00e9poxy plat rigide et ultra-robuste | Outil de rev\u00eatement de sol | Largeur de 24 pouces"},"content":{"rendered":"<h2>Squeegee \u00e9poxy plat rigide et ultra-robuste | Outil de rev\u00eatement de sol | Largeur de 24 pouces<\/h2>\n<p>Squeegee \u00e9poxy plat rigide et robuste | Outil de rev\u00eatement de plancher | Largeur de 24 pouces D\u00e9couvrez notre raclette \u00e0 lame plate de 24 pouces pour rev\u00eatements \u00e9poxy, con\u00e7ue sp\u00e9cifiquement pour faciliter l&rsquo;application de rev\u00eatements commerciaux et industriels tels que l&rsquo;\u00e9poxy, l&rsquo;ur\u00e9thane et les rev\u00eatements de sol en polyaspartique. Que vous travailliez avec des mat\u00e9riaux \u00e9poxy, ur\u00e9thane ou polyaspartique, nos raclettes plates ou dentel\u00e9es sont les outils parfaits pour obtenir une application lisse avant le roulement.<\/p>\n<p>Notre raclette plate de 24 pouces est la solution ultime pour une application sans couture des rev\u00eatements de sol \u00e9poxy, polyaspartique et polyur\u00e9thane. Il est l\u00e9ger et performant, ce qui le rend rapide et facile \u00e0 appliquer les r\u00e9sines moyennes \u00e0 \u00e9paisses sans aucun probl\u00e8me. Dites adieu aux processus de rev\u00eatement longs et fastidieux &#8211; avec notre raclette, obtenir des sols de qualit\u00e9 professionnelle n&rsquo;a jamais \u00e9t\u00e9 aussi simple.<\/p>\n<p>Le choix entre une raclette plate ou dentel\u00e9e d\u00e9pend de l&rsquo;\u00e9paisseur de votre syst\u00e8me de rev\u00eatement. Pour les rev\u00eatements plus minces, la raclette plate est la meilleure, tandis que les rev\u00eatements plus \u00e9pais sont mieux appliqu\u00e9s avec une raclette dentel\u00e9e.<\/p>\n<p>Veuillez noter que le manche filet\u00e9 n&rsquo;est pas inclus et doit \u00eatre achet\u00e9 s\u00e9par\u00e9ment pour votre commodit\u00e9.<\/p>\n<p>O\u00f9 pouvez-vous utiliser notre raclette plate de 24 pouces pour rev\u00eatement \u00e9poxy ?<\/p>\n<p>Id\u00e9al pour:<\/p>\n<ul>\n<li>Projets de rev\u00eatement de sol en \u00e9poxy<\/li>\n<li>Projets de rev\u00eatement de sol polyaspartique<\/li>\n<li>rojets de rev\u00eatement de sol polyurea<\/li>\n<\/ul>\n<p>Pourquoi choisir notre raclette plate de 24 pouces ?<\/p>\n<ul>\n<li>Acc\u00e9l\u00e8re le processus d&rsquo;application.<\/li>\n<li>Facilite et acc\u00e9l\u00e8re l&rsquo;application des syst\u00e8mes de rev\u00eatement de sol \u00e9pais en mils.<\/li>\n<li>Un outil standard pour l&rsquo;application de rev\u00eatements de sol : il suffit de le saisir, de l&rsquo;utiliser et de le nettoyer.<\/li>\n<li>Raclette de sol l\u00e9g\u00e8re, performante et r\u00e9utilisable en plastique.<\/li>\n<li>Facilite les installations de sol sans effort.<\/li>\n<li>Id\u00e9al pour l&rsquo;installation de r\u00e9sines moyennes et \u00e9paisses.<\/li>\n<li>Remarque : Le manche n&rsquo;est pas inclus.<\/li>\n<\/ul>\n<div id=\"AIPRM__sidebar-icon\" class=\"AIPRM__p-2 AIPRM__top-12 md:AIPRM__top-2 AIPRM__p-2 AIPRM__items-center AIPRM__transition-colors AIPRM__duration-200 AIPRM__cursor-pointer AIPRM__text-sm AIPRM__rounded-md AIPRM__border AIPRM__bg-white dark:AIPRM__bg-gray-900 AIPRM__border-black\/10 dark:AIPRM__border-white\/20 hover:AIPRM__bg-gray-50 dark:hover:AIPRM__bg-gray-850 AIPRM__cursor-pointer AIPRM__fixed AIPRM__right-4 AIPRM__z-30\" title=\"Open AIPRM sidebar\"><\/div>\n","protected":false},"excerpt":{"rendered":"<p><span style=\"font-size: 100%;\">Squeegee plat \u2013 l&rsquo;outil ultime pour une application transparente des rev\u00eatements de sol \u00e9poxy, polyaspartique et polyur\u00e9e. Con\u00e7ue pour \u00eatre efficace et facile, ce squeegee l\u00e9g\u00e9 et haute performance assure une installation rapide et sans effort des r\u00e9sines moyennement \u00e0 lourdes. Dites adieu aux processus de rev\u00eatement fastidieux : avec notre squeegee plat de 24&Prime;, obtenir des sols de qualit\u00e9 professionnelle n&rsquo;a jamais \u00e9t\u00e9 aussi simple.<\/span><\/p>\n<p>&nbsp;<\/p>\n","protected":false},"featured_media":27588,"comment_status":"open","ping_status":"closed","template":"","meta":{"jetpack_publicize_message":"","jetpack_publicize_feature_enabled":true,"jetpack_social_post_already_shared":true,"jetpack_social_options":{"image_generator_settings":{"template":"highway","default_image_id":0,"font":"","enabled":false},"version":2}},"product_brand":[],"product_cat":[88,1431,85],"product_tag":[],"class_list":{"0":"post-27707","1":"product","2":"type-product","3":"status-publish","4":"has-post-thumbnail","6":"product_cat-accessoires-fr","7":"product_cat-accessoires-de-revetement","8":"product_cat-revetement-de-plancher-epoxy","10":"first","11":"instock","12":"taxable","13":"shipping-taxable","14":"purchasable","15":"product-type-simple"},"yoast_head":"<!-- This site is optimized with the Yoast SEO Premium plugin v27.4 (Yoast SEO v27.4) - https:\/\/yoast.com\/product\/yoast-seo-premium-wordpress\/ -->\n<title>Squeegee \u00e9poxy plat rigide et robuste | Outil de rev\u00eatement de plancher<\/title>\n<meta name=\"description\" content=\"Squeegee \u00e9poxy plat rigide et robuste | Outil de rev\u00eatement de plancher. R\u00e9sultats professionnels avec notre racleur plat de 24&quot; con\u00e7u sp\u00e9cialement pour les rev\u00eatements \u00e9poxy.\" \/>\n<meta name=\"robots\" content=\"index, follow, max-snippet:-1, max-image-preview:large, max-video-preview:-1\" \/>\n<link rel=\"canonical\" href=\"https:\/\/chillepoxy.com\/fr\/produit\/raclette-a-lame-plate-de-24-pouces-pour-revetements-epoxy\/\" \/>\n<meta property=\"og:locale\" content=\"fr_FR\" \/>\n<meta property=\"og:type\" content=\"article\" \/>\n<meta property=\"og:title\" content=\"Squeegee \u00e9poxy plat rigide et ultra-robuste | Outil de rev\u00eatement de sol | Largeur de 24 pouces\" \/>\n<meta property=\"og:description\" content=\"Squeegee \u00e9poxy plat rigide et robuste | Outil de rev\u00eatement de plancher. R\u00e9sultats professionnels avec notre racleur plat de 24&quot; con\u00e7u sp\u00e9cialement pour les rev\u00eatements \u00e9poxy.\" \/>\n<meta property=\"og:url\" content=\"https:\/\/chillepoxy.com\/fr\/produit\/raclette-a-lame-plate-de-24-pouces-pour-revetements-epoxy\/\" \/>\n<meta property=\"og:site_name\" content=\"CHILL EPOXY\" \/>\n<meta property=\"article:publisher\" content=\"https:\/\/www.facebook.com\/polymerestechnologies\/\" \/>\n<meta property=\"article:modified_time\" content=\"2025-08-26T18:53:37+00:00\" \/>\n<meta property=\"og:image\" content=\"https:\/\/chillepoxy.com\/wp-content\/uploads\/2024\/03\/24-Flat-Squeegee-for-Epoxy-Coatings.png\" \/>\n\t<meta property=\"og:image:width\" content=\"1920\" \/>\n\t<meta property=\"og:image:height\" content=\"1920\" \/>\n\t<meta property=\"og:image:type\" content=\"image\/png\" \/>\n<meta name=\"twitter:card\" content=\"summary_large_image\" \/>\n<meta name=\"twitter:label1\" content=\"Dur\u00e9e de lecture estim\u00e9e\" \/>\n\t<meta name=\"twitter:data1\" content=\"2 minutes\" \/>\n<script type=\"application\/ld+json\" class=\"yoast-schema-graph\">{\"@context\":\"https:\\\/\\\/schema.org\",\"@graph\":[{\"@type\":\"WebPage\",\"@id\":\"https:\\\/\\\/chillepoxy.com\\\/fr\\\/produit\\\/raclette-a-lame-plate-de-24-pouces-pour-revetements-epoxy\\\/\",\"url\":\"https:\\\/\\\/chillepoxy.com\\\/fr\\\/produit\\\/raclette-a-lame-plate-de-24-pouces-pour-revetements-epoxy\\\/\",\"name\":\"Squeegee \u00e9poxy plat rigide et robuste | Outil de rev\u00eatement de plancher\",\"isPartOf\":{\"@id\":\"https:\\\/\\\/chillepoxy.com\\\/fr\\\/#website\"},\"primaryImageOfPage\":{\"@id\":\"https:\\\/\\\/chillepoxy.com\\\/fr\\\/produit\\\/raclette-a-lame-plate-de-24-pouces-pour-revetements-epoxy\\\/#primaryimage\"},\"image\":{\"@id\":\"https:\\\/\\\/chillepoxy.com\\\/fr\\\/produit\\\/raclette-a-lame-plate-de-24-pouces-pour-revetements-epoxy\\\/#primaryimage\"},\"thumbnailUrl\":\"https:\\\/\\\/chillepoxy.com\\\/wp-content\\\/uploads\\\/2024\\\/03\\\/24-Flat-Squeegee-for-Epoxy-Coatings.png\",\"datePublished\":\"2024-03-20T20:57:28+00:00\",\"dateModified\":\"2025-08-26T18:53:37+00:00\",\"description\":\"Squeegee \u00e9poxy plat rigide et robuste | Outil de rev\u00eatement de plancher. R\u00e9sultats professionnels avec notre racleur plat de 24\\\" con\u00e7u sp\u00e9cialement pour les rev\u00eatements \u00e9poxy.\",\"breadcrumb\":{\"@id\":\"https:\\\/\\\/chillepoxy.com\\\/fr\\\/produit\\\/raclette-a-lame-plate-de-24-pouces-pour-revetements-epoxy\\\/#breadcrumb\"},\"inLanguage\":\"fr-FR\",\"potentialAction\":[{\"@type\":\"ReadAction\",\"target\":[\"https:\\\/\\\/chillepoxy.com\\\/fr\\\/produit\\\/raclette-a-lame-plate-de-24-pouces-pour-revetements-epoxy\\\/\"]}]},{\"@type\":\"ImageObject\",\"inLanguage\":\"fr-FR\",\"@id\":\"https:\\\/\\\/chillepoxy.com\\\/fr\\\/produit\\\/raclette-a-lame-plate-de-24-pouces-pour-revetements-epoxy\\\/#primaryimage\",\"url\":\"https:\\\/\\\/chillepoxy.com\\\/wp-content\\\/uploads\\\/2024\\\/03\\\/24-Flat-Squeegee-for-Epoxy-Coatings.png\",\"contentUrl\":\"https:\\\/\\\/chillepoxy.com\\\/wp-content\\\/uploads\\\/2024\\\/03\\\/24-Flat-Squeegee-for-Epoxy-Coatings.png\",\"width\":1920,\"height\":1920,\"caption\":\"Squeegee \u00e9poxy plat rigide et robuste\"},{\"@type\":\"BreadcrumbList\",\"@id\":\"https:\\\/\\\/chillepoxy.com\\\/fr\\\/produit\\\/raclette-a-lame-plate-de-24-pouces-pour-revetements-epoxy\\\/#breadcrumb\",\"itemListElement\":[{\"@type\":\"ListItem\",\"position\":1,\"name\":\"Home\",\"item\":\"https:\\\/\\\/chillepoxy.com\\\/fr\\\/\"},{\"@type\":\"ListItem\",\"position\":2,\"name\":\"Boutique\",\"item\":\"https:\\\/\\\/chillepoxy.com\\\/fr\\\/boutique\\\/\"},{\"@type\":\"ListItem\",\"position\":3,\"name\":\"Squeegee \u00e9poxy plat rigide et ultra-robuste | Outil de rev\u00eatement de sol | Largeur de 24 pouces\"}]},{\"@type\":\"WebSite\",\"@id\":\"https:\\\/\\\/chillepoxy.com\\\/fr\\\/#website\",\"url\":\"https:\\\/\\\/chillepoxy.com\\\/fr\\\/\",\"name\":\"CHILL EPOXY\u2122 High-Quality Canadian-Made Epoxy Resin\",\"description\":\"High-Quality Canadian-Made Epoxy Resin | Casting &amp; Art\",\"publisher\":{\"@id\":\"https:\\\/\\\/chillepoxy.com\\\/fr\\\/#organization\"},\"alternateName\":\"High-Quality Epoxy Resin\",\"potentialAction\":[{\"@type\":\"SearchAction\",\"target\":{\"@type\":\"EntryPoint\",\"urlTemplate\":\"https:\\\/\\\/chillepoxy.com\\\/fr\\\/?s={search_term_string}\"},\"query-input\":{\"@type\":\"PropertyValueSpecification\",\"valueRequired\":true,\"valueName\":\"search_term_string\"}}],\"inLanguage\":\"fr-FR\"},{\"@type\":\"Organization\",\"@id\":\"https:\\\/\\\/chillepoxy.com\\\/fr\\\/#organization\",\"name\":\"CHILL EPOXY\u2122\",\"alternateName\":\"High-Quality Canadian-Made Epoxy Resin\",\"url\":\"https:\\\/\\\/chillepoxy.com\\\/fr\\\/\",\"logo\":{\"@type\":\"ImageObject\",\"inLanguage\":\"fr-FR\",\"@id\":\"https:\\\/\\\/chillepoxy.com\\\/fr\\\/#\\\/schema\\\/logo\\\/image\\\/\",\"url\":\"https:\\\/\\\/i0.wp.com\\\/chillepoxy.com\\\/wp-content\\\/uploads\\\/2024\\\/02\\\/polymeres_technologies.png?fit=649%2C649&ssl=1\",\"contentUrl\":\"https:\\\/\\\/i0.wp.com\\\/chillepoxy.com\\\/wp-content\\\/uploads\\\/2024\\\/02\\\/polymeres_technologies.png?fit=649%2C649&ssl=1\",\"width\":649,\"height\":649,\"caption\":\"CHILL EPOXY\u2122\"},\"image\":{\"@id\":\"https:\\\/\\\/chillepoxy.com\\\/fr\\\/#\\\/schema\\\/logo\\\/image\\\/\"},\"sameAs\":[\"https:\\\/\\\/www.facebook.com\\\/polymerestechnologies\\\/\",\"https:\\\/\\\/www.instagram.com\\\/polymeres_technologies\\\/\",\"https:\\\/\\\/www.linkedin.com\\\/company\\\/polymeres-technologies\\\/\",\"https:\\\/\\\/www.youtube.com\\\/channel\\\/UCDaFKmK4Hn3KPKmBaTXWong\"]}]}<\/script>\n<!-- \/ Yoast SEO Premium plugin. -->","yoast_head_json":{"title":"Squeegee \u00e9poxy plat rigide et robuste | Outil de rev\u00eatement de plancher","description":"Squeegee \u00e9poxy plat rigide et robuste | Outil de rev\u00eatement de plancher. R\u00e9sultats professionnels avec notre racleur plat de 24\" con\u00e7u sp\u00e9cialement pour les rev\u00eatements \u00e9poxy.","robots":{"index":"index","follow":"follow","max-snippet":"max-snippet:-1","max-image-preview":"max-image-preview:large","max-video-preview":"max-video-preview:-1"},"canonical":"https:\/\/chillepoxy.com\/fr\/produit\/raclette-a-lame-plate-de-24-pouces-pour-revetements-epoxy\/","og_locale":"fr_FR","og_type":"article","og_title":"Squeegee \u00e9poxy plat rigide et ultra-robuste | Outil de rev\u00eatement de sol | Largeur de 24 pouces","og_description":"Squeegee \u00e9poxy plat rigide et robuste | Outil de rev\u00eatement de plancher. R\u00e9sultats professionnels avec notre racleur plat de 24\" con\u00e7u sp\u00e9cialement pour les rev\u00eatements \u00e9poxy.","og_url":"https:\/\/chillepoxy.com\/fr\/produit\/raclette-a-lame-plate-de-24-pouces-pour-revetements-epoxy\/","og_site_name":"CHILL EPOXY","article_publisher":"https:\/\/www.facebook.com\/polymerestechnologies\/","article_modified_time":"2025-08-26T18:53:37+00:00","og_image":[{"width":1920,"height":1920,"url":"https:\/\/chillepoxy.com\/wp-content\/uploads\/2024\/03\/24-Flat-Squeegee-for-Epoxy-Coatings.png","type":"image\/png"}],"twitter_card":"summary_large_image","twitter_misc":{"Dur\u00e9e de lecture estim\u00e9e":"2 minutes"},"schema":{"@context":"https:\/\/schema.org","@graph":[{"@type":"WebPage","@id":"https:\/\/chillepoxy.com\/fr\/produit\/raclette-a-lame-plate-de-24-pouces-pour-revetements-epoxy\/","url":"https:\/\/chillepoxy.com\/fr\/produit\/raclette-a-lame-plate-de-24-pouces-pour-revetements-epoxy\/","name":"Squeegee \u00e9poxy plat rigide et robuste | Outil de rev\u00eatement de plancher","isPartOf":{"@id":"https:\/\/chillepoxy.com\/fr\/#website"},"primaryImageOfPage":{"@id":"https:\/\/chillepoxy.com\/fr\/produit\/raclette-a-lame-plate-de-24-pouces-pour-revetements-epoxy\/#primaryimage"},"image":{"@id":"https:\/\/chillepoxy.com\/fr\/produit\/raclette-a-lame-plate-de-24-pouces-pour-revetements-epoxy\/#primaryimage"},"thumbnailUrl":"https:\/\/chillepoxy.com\/wp-content\/uploads\/2024\/03\/24-Flat-Squeegee-for-Epoxy-Coatings.png","datePublished":"2024-03-20T20:57:28+00:00","dateModified":"2025-08-26T18:53:37+00:00","description":"Squeegee \u00e9poxy plat rigide et robuste | Outil de rev\u00eatement de plancher. R\u00e9sultats professionnels avec notre racleur plat de 24\" con\u00e7u sp\u00e9cialement pour les rev\u00eatements \u00e9poxy.","breadcrumb":{"@id":"https:\/\/chillepoxy.com\/fr\/produit\/raclette-a-lame-plate-de-24-pouces-pour-revetements-epoxy\/#breadcrumb"},"inLanguage":"fr-FR","potentialAction":[{"@type":"ReadAction","target":["https:\/\/chillepoxy.com\/fr\/produit\/raclette-a-lame-plate-de-24-pouces-pour-revetements-epoxy\/"]}]},{"@type":"ImageObject","inLanguage":"fr-FR","@id":"https:\/\/chillepoxy.com\/fr\/produit\/raclette-a-lame-plate-de-24-pouces-pour-revetements-epoxy\/#primaryimage","url":"https:\/\/chillepoxy.com\/wp-content\/uploads\/2024\/03\/24-Flat-Squeegee-for-Epoxy-Coatings.png","contentUrl":"https:\/\/chillepoxy.com\/wp-content\/uploads\/2024\/03\/24-Flat-Squeegee-for-Epoxy-Coatings.png","width":1920,"height":1920,"caption":"Squeegee \u00e9poxy plat rigide et robuste"},{"@type":"BreadcrumbList","@id":"https:\/\/chillepoxy.com\/fr\/produit\/raclette-a-lame-plate-de-24-pouces-pour-revetements-epoxy\/#breadcrumb","itemListElement":[{"@type":"ListItem","position":1,"name":"Home","item":"https:\/\/chillepoxy.com\/fr\/"},{"@type":"ListItem","position":2,"name":"Boutique","item":"https:\/\/chillepoxy.com\/fr\/boutique\/"},{"@type":"ListItem","position":3,"name":"Squeegee \u00e9poxy plat rigide et ultra-robuste | Outil de rev\u00eatement de sol | Largeur de 24 pouces"}]},{"@type":"WebSite","@id":"https:\/\/chillepoxy.com\/fr\/#website","url":"https:\/\/chillepoxy.com\/fr\/","name":"CHILL EPOXY\u2122 High-Quality Canadian-Made Epoxy Resin","description":"High-Quality Canadian-Made Epoxy Resin | Casting &amp; Art","publisher":{"@id":"https:\/\/chillepoxy.com\/fr\/#organization"},"alternateName":"High-Quality Epoxy Resin","potentialAction":[{"@type":"SearchAction","target":{"@type":"EntryPoint","urlTemplate":"https:\/\/chillepoxy.com\/fr\/?s={search_term_string}"},"query-input":{"@type":"PropertyValueSpecification","valueRequired":true,"valueName":"search_term_string"}}],"inLanguage":"fr-FR"},{"@type":"Organization","@id":"https:\/\/chillepoxy.com\/fr\/#organization","name":"CHILL EPOXY\u2122","alternateName":"High-Quality Canadian-Made Epoxy Resin","url":"https:\/\/chillepoxy.com\/fr\/","logo":{"@type":"ImageObject","inLanguage":"fr-FR","@id":"https:\/\/chillepoxy.com\/fr\/#\/schema\/logo\/image\/","url":"https:\/\/i0.wp.com\/chillepoxy.com\/wp-content\/uploads\/2024\/02\/polymeres_technologies.png?fit=649%2C649&ssl=1","contentUrl":"https:\/\/i0.wp.com\/chillepoxy.com\/wp-content\/uploads\/2024\/02\/polymeres_technologies.png?fit=649%2C649&ssl=1","width":649,"height":649,"caption":"CHILL EPOXY\u2122"},"image":{"@id":"https:\/\/chillepoxy.com\/fr\/#\/schema\/logo\/image\/"},"sameAs":["https:\/\/www.facebook.com\/polymerestechnologies\/","https:\/\/www.instagram.com\/polymeres_technologies\/","https:\/\/www.linkedin.com\/company\/polymeres-technologies\/","https:\/\/www.youtube.com\/channel\/UCDaFKmK4Hn3KPKmBaTXWong"]}]}},"jetpack_publicize_connections":[],"jetpack_sharing_enabled":true,"jetpack_likes_enabled":false,"_links":{"self":[{"href":"https:\/\/chillepoxy.com\/fr\/wp-json\/wp\/v2\/product\/27707","targetHints":{"allow":["GET"]}}],"collection":[{"href":"https:\/\/chillepoxy.com\/fr\/wp-json\/wp\/v2\/product"}],"about":[{"href":"https:\/\/chillepoxy.com\/fr\/wp-json\/wp\/v2\/types\/product"}],"replies":[{"embeddable":true,"href":"https:\/\/chillepoxy.com\/fr\/wp-json\/wp\/v2\/comments?post=27707"}],"wp:featuredmedia":[{"embeddable":true,"href":"https:\/\/chillepoxy.com\/fr\/wp-json\/wp\/v2\/media\/27588"}],"wp:attachment":[{"href":"https:\/\/chillepoxy.com\/fr\/wp-json\/wp\/v2\/media?parent=27707"}],"wp:term":[{"taxonomy":"product_brand","embeddable":true,"href":"https:\/\/chillepoxy.com\/fr\/wp-json\/wp\/v2\/product_brand?post=27707"},{"taxonomy":"product_cat","embeddable":true,"href":"https:\/\/chillepoxy.com\/fr\/wp-json\/wp\/v2\/product_cat?post=27707"},{"taxonomy":"product_tag","embeddable":true,"href":"https:\/\/chillepoxy.com\/fr\/wp-json\/wp\/v2\/product_tag?post=27707"}],"curies":[{"name":"wp","href":"https:\/\/api.w.org\/{rel}","templated":true}]}}