{"id":28046,"date":"2024-04-09T14:35:17","date_gmt":"2024-04-09T19:28:23","guid":{"rendered":"https:\/\/chillepoxy.com\/product\/resine-epoxy-de-coulee-en-vrac-de-240l-634-gallons\/"},"modified":"2024-10-25T10:09:25","modified_gmt":"2024-10-25T14:09:25","slug":"resine-epoxy-de-coulee-en-vrac-de-240l-634-gallons","status":"publish","type":"product","link":"https:\/\/chillepoxy.com\/fr\/produit\/resine-epoxy-de-coulee-en-vrac-de-240l-634-gallons\/","title":{"rendered":"R\u00e9sine \u00c9poxy de Coul\u00e9e Profonde Sans COV &amp; Non-Toxique | 240L (63,4 gallons) | Tables rivi\u00e8re 2&Prime; d&rsquo;\u00e9paisseur"},"content":{"rendered":"<h1>R\u00e9sine \u00c9poxy de Coul\u00e9e Profonde Sans COV &amp; Non-Toxique | 240L (63,4 gallons) | Tables rivi\u00e8re 2&Prime; d&rsquo;\u00e9paisseur<\/h1>\n<p>R\u00e9sine \u00c9poxy de Coul\u00e9e Profonde Sans COV &amp; Non-Toxique | 240L (63,4 gallons) | Tables rivi\u00e8re 2&Prime; d&rsquo;\u00e9paisseur Vous cherchez \u00e0 cr\u00e9er facilement des tables de rivi\u00e8re \u00e9poustouflantes? Commandez d\u00e8s aujourd&rsquo;hui notre r\u00e9sine \u00e9poxy de coul\u00e9e en vrac de 240L et profitez de tarifs exclusifs pour les entrepreneurs, d&rsquo;une livraison rapide et d&rsquo;une qualit\u00e9 haut de gamme \u00e0 prix r\u00e9duit. Voici pourquoi notre r\u00e9sine est parfaite pour vos projets : la r\u00e9sine \u00e9poxy de coul\u00e9e ultra claire offre une clart\u00e9 exceptionnelle, une faible viscosit\u00e9 pour un versement facile, une duret\u00e9 sup\u00e9rieure pour une durabilit\u00e9 accrue, une finition sans bulles et aucun COV pour un environnement de travail s\u00fbr.<\/p>\n<p><strong>1. Quantit\u00e9 optimale pour les tables rivi\u00e8re<\/strong><\/p>\n<p>Avec 240L (64 gallons) de r\u00e9sine \u00e9poxy de coul\u00e9e \u00e0 votre disposition, vous avez la quantit\u00e9 parfaite pour donner vie \u00e0 vos visions de tables rivi\u00e8re. Notre r\u00e9sine est sp\u00e9cifiquement con\u00e7ue pour les tables de rivi\u00e8re, garantissant une clart\u00e9 exceptionnelle et une durabilit\u00e9 \u00e0 chaque coul\u00e9e.<\/p>\n<p><strong>2. \u00c9conomisez 20% avec les commandes en vrac.<\/strong><\/p>\n<p>Optimisez vos \u00e9conomies en commandant 2 kits de 120L \u00e0 la fois et \u00e9conomisez 20% sur votre achat total. Profitez de nos tarifs exclusifs pour les entrepreneurs et de nos remises en vrac pour r\u00e9duire vos co\u00fbts sans compromettre la qualit\u00e9.<\/p>\n<p><strong>3. Livraison rapide et toujours en stock.<\/strong><\/p>\n<p>Nous comprenons l&rsquo;importance de la r\u00e9alisation des projets dans les d\u00e9lais impartis. C&rsquo;est pourquoi nous proposons une livraison rapide pour toutes les commandes, afin de vous garantir d&rsquo;avoir votre r\u00e9sine lorsque vous en avez besoin. De plus, avec notre engagement \u00e0 maintenir nos produits en stock, vous pouvez \u00eatre assur\u00e9(e) de ne jamais rencontrer de retards.<\/p>\n<p><strong>4. La meilleure qualit\u00e9 \u00e0 un prix r\u00e9duit.<\/strong><\/p>\n<p>D\u00e9couvrez le meilleur des deux mondes : une r\u00e9sine de qualit\u00e9 premium \u00e0 un prix r\u00e9duit. Notre r\u00e9sine est formul\u00e9e avec minutie, offrant un excellent \u00e9coulement, un minimum de bulles, et des r\u00e9sultats durables qui mettent en valeur la beaut\u00e9 de vos cr\u00e9ations de tables rivi\u00e8re.<\/p>\n<h2> R\u00e9sine \u00c9poxy de Coul\u00e9e Profonde Sans COV &amp; Non-Toxique | 240L (63,4 gallons) | Tables rivi\u00e8re 2&Prime; d&rsquo;\u00e9paisseur<\/h2>\n<p>Lib\u00e9rez le potentiel de vos projets de menuiserie avec notre r\u00e9sine \u00e9poxy de coul\u00e9e en vrac de 240L. Contactez-nous d\u00e8s maintenant pour profiter de tarifs exclusifs pour les entrepreneurs, de remises en vrac, d&rsquo;une livraison rapide et d&rsquo;une r\u00e9sine de qualit\u00e9 exceptionnelle pour vos tables rivi\u00e8re!<\/p>\n","protected":false},"excerpt":{"rendered":"<h1><span style=\"font-size: 75%;\"><strong>\u00c9conomisez 20% sur la r\u00e9sine \u00e9poxy de coul\u00e9e en vrac de 240L pour tables rivi\u00e8re!<\/strong><\/span><\/h1>\n<p><span style=\"font-size: 90%;\">\u00c9conomisez 20 % sur notre r\u00e9sine \u00e9poxy de coul\u00e9e en vrac de 240L, id\u00e9ale pour les coul\u00e9es simples de 2 po d&rsquo;\u00e9paisseur dans les tables rivi\u00e8re ! Obtenez des r\u00e9sultats \u00e9poustouflants sans effort avec notre r\u00e9sine \u00e9poxy ultra transparente \u00e0 coul\u00e9e profonde. D\u00e9sormais disponible \u00e0 un prix exclusif pour les entrepreneurs, cette r\u00e9sine offre une clart\u00e9 exceptionnelle, une faible viscosit\u00e9 pour un coulage facile, une duret\u00e9 sup\u00e9rieure pour une durabilit\u00e9 \u00e0 long terme et une finition sans bulles. De plus, elle est sans COV, ce qui garantit un environnement de travail s\u00fbr. Profitez d&rsquo;une qualit\u00e9 de premier ordre, d&rsquo;une livraison rapide et de prix r\u00e9duits d\u00e8s aujourd&rsquo;hui !    <\/span><\/p>\n","protected":false},"featured_media":28045,"comment_status":"open","ping_status":"closed","template":"","meta":{"inline_featured_image":false,"jetpack_publicize_message":"","jetpack_publicize_feature_enabled":true,"jetpack_social_post_already_shared":true,"jetpack_social_options":{"image_generator_settings":{"template":"highway","default_image_id":0,"font":"","enabled":false},"version":2}},"product_brand":[],"product_cat":[1379],"product_tag":[],"class_list":{"0":"post-28046","1":"product","2":"type-product","3":"status-publish","4":"has-post-thumbnail","6":"product_cat-en-gros","7":"product_shipping_class-flat-rate-bulk-240l-fr","9":"first","10":"instock","11":"taxable","12":"shipping-taxable","13":"purchasable","14":"product-type-simple"},"yoast_head":"<!-- This site is optimized with the Yoast SEO Premium plugin v27.3 (Yoast SEO v27.3) - https:\/\/yoast.com\/product\/yoast-seo-premium-wordpress\/ -->\n<title>R\u00e9sine \u00e9poxy sans COV &amp; Non-Toxique | 240L (63,4 gallons) | CHILL EPOXY<\/title>\n<meta name=\"description\" content=\"R\u00e9sine \u00e9poxy sans COV &amp; Non-Toxique | \u00c9poxy de Coul\u00e9e Profonde pour Tables Rivi\u00e8re de 2&quot; d&#039;\u00e9paisseur. \u00c9conomisez en commandant en grande quantit\u00e9.\" \/>\n<meta name=\"robots\" content=\"index, follow, max-snippet:-1, max-image-preview:large, max-video-preview:-1\" \/>\n<link rel=\"canonical\" href=\"https:\/\/chillepoxy.com\/fr\/produit\/resine-epoxy-de-coulee-en-vrac-de-240l-634-gallons\/\" \/>\n<meta property=\"og:locale\" content=\"fr_FR\" \/>\n<meta property=\"og:type\" content=\"article\" \/>\n<meta property=\"og:title\" content=\"R\u00e9sine \u00c9poxy de Coul\u00e9e Profonde Sans COV &amp; Non-Toxique | 240L (63,4 gallons) | Tables rivi\u00e8re 2&quot; d&#039;\u00e9paisseur\" \/>\n<meta property=\"og:description\" content=\"R\u00e9sine \u00e9poxy sans COV &amp; Non-Toxique | \u00c9poxy de Coul\u00e9e Profonde pour Tables Rivi\u00e8re de 2&quot; d&#039;\u00e9paisseur. \u00c9conomisez en commandant en grande quantit\u00e9.\" \/>\n<meta property=\"og:url\" content=\"https:\/\/chillepoxy.com\/fr\/produit\/resine-epoxy-de-coulee-en-vrac-de-240l-634-gallons\/\" \/>\n<meta property=\"og:site_name\" content=\"CHILL EPOXY\" \/>\n<meta property=\"article:publisher\" content=\"https:\/\/www.facebook.com\/polymerestechnologies\/\" \/>\n<meta property=\"article:modified_time\" content=\"2024-10-25T14:09:25+00:00\" \/>\n<meta property=\"og:image\" content=\"https:\/\/chillepoxy.com\/wp-content\/uploads\/2024\/04\/Bulk-240L-Casting-Epoxy-Resin.jpg\" \/>\n\t<meta property=\"og:image:width\" content=\"1920\" \/>\n\t<meta property=\"og:image:height\" content=\"1920\" \/>\n\t<meta property=\"og:image:type\" content=\"image\/jpeg\" \/>\n<meta name=\"twitter:card\" content=\"summary_large_image\" \/>\n<meta name=\"twitter:label1\" content=\"Dur\u00e9e de lecture estim\u00e9e\" \/>\n\t<meta name=\"twitter:data1\" content=\"2 minutes\" \/>\n<script type=\"application\/ld+json\" class=\"yoast-schema-graph\">{\"@context\":\"https:\\\/\\\/schema.org\",\"@graph\":[{\"@type\":\"WebPage\",\"@id\":\"https:\\\/\\\/chillepoxy.com\\\/fr\\\/produit\\\/resine-epoxy-de-coulee-en-vrac-de-240l-634-gallons\\\/\",\"url\":\"https:\\\/\\\/chillepoxy.com\\\/fr\\\/produit\\\/resine-epoxy-de-coulee-en-vrac-de-240l-634-gallons\\\/\",\"name\":\"R\u00e9sine \u00e9poxy sans COV & Non-Toxique | 240L (63,4 gallons) | CHILL EPOXY\",\"isPartOf\":{\"@id\":\"https:\\\/\\\/chillepoxy.com\\\/fr\\\/#website\"},\"primaryImageOfPage\":{\"@id\":\"https:\\\/\\\/chillepoxy.com\\\/fr\\\/produit\\\/resine-epoxy-de-coulee-en-vrac-de-240l-634-gallons\\\/#primaryimage\"},\"image\":{\"@id\":\"https:\\\/\\\/chillepoxy.com\\\/fr\\\/produit\\\/resine-epoxy-de-coulee-en-vrac-de-240l-634-gallons\\\/#primaryimage\"},\"thumbnailUrl\":\"https:\\\/\\\/chillepoxy.com\\\/wp-content\\\/uploads\\\/2024\\\/04\\\/Bulk-240L-Casting-Epoxy-Resin.jpg\",\"datePublished\":\"2024-04-09T19:28:23+00:00\",\"dateModified\":\"2024-10-25T14:09:25+00:00\",\"description\":\"R\u00e9sine \u00e9poxy sans COV & Non-Toxique | \u00c9poxy de Coul\u00e9e Profonde pour Tables Rivi\u00e8re de 2\\\" d'\u00e9paisseur. \u00c9conomisez en commandant en grande quantit\u00e9.\",\"breadcrumb\":{\"@id\":\"https:\\\/\\\/chillepoxy.com\\\/fr\\\/produit\\\/resine-epoxy-de-coulee-en-vrac-de-240l-634-gallons\\\/#breadcrumb\"},\"inLanguage\":\"fr-FR\",\"potentialAction\":[{\"@type\":\"ReadAction\",\"target\":[\"https:\\\/\\\/chillepoxy.com\\\/fr\\\/produit\\\/resine-epoxy-de-coulee-en-vrac-de-240l-634-gallons\\\/\"]}]},{\"@type\":\"ImageObject\",\"inLanguage\":\"fr-FR\",\"@id\":\"https:\\\/\\\/chillepoxy.com\\\/fr\\\/produit\\\/resine-epoxy-de-coulee-en-vrac-de-240l-634-gallons\\\/#primaryimage\",\"url\":\"https:\\\/\\\/chillepoxy.com\\\/wp-content\\\/uploads\\\/2024\\\/04\\\/Bulk-240L-Casting-Epoxy-Resin.jpg\",\"contentUrl\":\"https:\\\/\\\/chillepoxy.com\\\/wp-content\\\/uploads\\\/2024\\\/04\\\/Bulk-240L-Casting-Epoxy-Resin.jpg\",\"width\":1920,\"height\":1920,\"caption\":\"R\u00e9sine \u00c9poxy de Coul\u00e9e Profonde Sans COV &amp; Non-Toxique | 240L (63,4 gallons) | Tables rivi\u00e8re 2\\\" d'\u00e9paisseur\"},{\"@type\":\"BreadcrumbList\",\"@id\":\"https:\\\/\\\/chillepoxy.com\\\/fr\\\/produit\\\/resine-epoxy-de-coulee-en-vrac-de-240l-634-gallons\\\/#breadcrumb\",\"itemListElement\":[{\"@type\":\"ListItem\",\"position\":1,\"name\":\"Home\",\"item\":\"https:\\\/\\\/chillepoxy.com\\\/fr\\\/\"},{\"@type\":\"ListItem\",\"position\":2,\"name\":\"Boutique\",\"item\":\"https:\\\/\\\/chillepoxy.com\\\/fr\\\/boutique\\\/\"},{\"@type\":\"ListItem\",\"position\":3,\"name\":\"R\u00e9sine \u00c9poxy de Coul\u00e9e Profonde Sans COV &amp; Non-Toxique | 240L (63,4 gallons) | Tables rivi\u00e8re 2&#8243; d&#8217;\u00e9paisseur\"}]},{\"@type\":\"WebSite\",\"@id\":\"https:\\\/\\\/chillepoxy.com\\\/fr\\\/#website\",\"url\":\"https:\\\/\\\/chillepoxy.com\\\/fr\\\/\",\"name\":\"CHILL EPOXY\u2122 High-Quality Canadian-Made Epoxy Resin\",\"description\":\"High-Quality Canadian-Made Epoxy Resin | Casting &amp; Art\",\"publisher\":{\"@id\":\"https:\\\/\\\/chillepoxy.com\\\/fr\\\/#organization\"},\"alternateName\":\"High-Quality Epoxy Resin\",\"potentialAction\":[{\"@type\":\"SearchAction\",\"target\":{\"@type\":\"EntryPoint\",\"urlTemplate\":\"https:\\\/\\\/chillepoxy.com\\\/fr\\\/?s={search_term_string}\"},\"query-input\":{\"@type\":\"PropertyValueSpecification\",\"valueRequired\":true,\"valueName\":\"search_term_string\"}}],\"inLanguage\":\"fr-FR\"},{\"@type\":\"Organization\",\"@id\":\"https:\\\/\\\/chillepoxy.com\\\/fr\\\/#organization\",\"name\":\"CHILL EPOXY\u2122\",\"alternateName\":\"High-Quality Canadian-Made Epoxy Resin\",\"url\":\"https:\\\/\\\/chillepoxy.com\\\/fr\\\/\",\"logo\":{\"@type\":\"ImageObject\",\"inLanguage\":\"fr-FR\",\"@id\":\"https:\\\/\\\/chillepoxy.com\\\/fr\\\/#\\\/schema\\\/logo\\\/image\\\/\",\"url\":\"https:\\\/\\\/i0.wp.com\\\/chillepoxy.com\\\/wp-content\\\/uploads\\\/2024\\\/02\\\/polymeres_technologies.png?fit=649%2C649&ssl=1\",\"contentUrl\":\"https:\\\/\\\/i0.wp.com\\\/chillepoxy.com\\\/wp-content\\\/uploads\\\/2024\\\/02\\\/polymeres_technologies.png?fit=649%2C649&ssl=1\",\"width\":649,\"height\":649,\"caption\":\"CHILL EPOXY\u2122\"},\"image\":{\"@id\":\"https:\\\/\\\/chillepoxy.com\\\/fr\\\/#\\\/schema\\\/logo\\\/image\\\/\"},\"sameAs\":[\"https:\\\/\\\/www.facebook.com\\\/polymerestechnologies\\\/\",\"https:\\\/\\\/www.instagram.com\\\/polymeres_technologies\\\/\",\"https:\\\/\\\/www.linkedin.com\\\/company\\\/polymeres-technologies\\\/\",\"https:\\\/\\\/www.youtube.com\\\/channel\\\/UCDaFKmK4Hn3KPKmBaTXWong\"]}]}<\/script>\n<!-- \/ Yoast SEO Premium plugin. -->","yoast_head_json":{"title":"R\u00e9sine \u00e9poxy sans COV & Non-Toxique | 240L (63,4 gallons) | CHILL EPOXY","description":"R\u00e9sine \u00e9poxy sans COV & Non-Toxique | \u00c9poxy de Coul\u00e9e Profonde pour Tables Rivi\u00e8re de 2\" d'\u00e9paisseur. \u00c9conomisez en commandant en grande quantit\u00e9.","robots":{"index":"index","follow":"follow","max-snippet":"max-snippet:-1","max-image-preview":"max-image-preview:large","max-video-preview":"max-video-preview:-1"},"canonical":"https:\/\/chillepoxy.com\/fr\/produit\/resine-epoxy-de-coulee-en-vrac-de-240l-634-gallons\/","og_locale":"fr_FR","og_type":"article","og_title":"R\u00e9sine \u00c9poxy de Coul\u00e9e Profonde Sans COV &amp; Non-Toxique | 240L (63,4 gallons) | Tables rivi\u00e8re 2\" d'\u00e9paisseur","og_description":"R\u00e9sine \u00e9poxy sans COV & Non-Toxique | \u00c9poxy de Coul\u00e9e Profonde pour Tables Rivi\u00e8re de 2\" d'\u00e9paisseur. \u00c9conomisez en commandant en grande quantit\u00e9.","og_url":"https:\/\/chillepoxy.com\/fr\/produit\/resine-epoxy-de-coulee-en-vrac-de-240l-634-gallons\/","og_site_name":"CHILL EPOXY","article_publisher":"https:\/\/www.facebook.com\/polymerestechnologies\/","article_modified_time":"2024-10-25T14:09:25+00:00","og_image":[{"width":1920,"height":1920,"url":"https:\/\/chillepoxy.com\/wp-content\/uploads\/2024\/04\/Bulk-240L-Casting-Epoxy-Resin.jpg","type":"image\/jpeg"}],"twitter_card":"summary_large_image","twitter_misc":{"Dur\u00e9e de lecture estim\u00e9e":"2 minutes"},"schema":{"@context":"https:\/\/schema.org","@graph":[{"@type":"WebPage","@id":"https:\/\/chillepoxy.com\/fr\/produit\/resine-epoxy-de-coulee-en-vrac-de-240l-634-gallons\/","url":"https:\/\/chillepoxy.com\/fr\/produit\/resine-epoxy-de-coulee-en-vrac-de-240l-634-gallons\/","name":"R\u00e9sine \u00e9poxy sans COV & Non-Toxique | 240L (63,4 gallons) | CHILL EPOXY","isPartOf":{"@id":"https:\/\/chillepoxy.com\/fr\/#website"},"primaryImageOfPage":{"@id":"https:\/\/chillepoxy.com\/fr\/produit\/resine-epoxy-de-coulee-en-vrac-de-240l-634-gallons\/#primaryimage"},"image":{"@id":"https:\/\/chillepoxy.com\/fr\/produit\/resine-epoxy-de-coulee-en-vrac-de-240l-634-gallons\/#primaryimage"},"thumbnailUrl":"https:\/\/chillepoxy.com\/wp-content\/uploads\/2024\/04\/Bulk-240L-Casting-Epoxy-Resin.jpg","datePublished":"2024-04-09T19:28:23+00:00","dateModified":"2024-10-25T14:09:25+00:00","description":"R\u00e9sine \u00e9poxy sans COV & Non-Toxique | \u00c9poxy de Coul\u00e9e Profonde pour Tables Rivi\u00e8re de 2\" d'\u00e9paisseur. \u00c9conomisez en commandant en grande quantit\u00e9.","breadcrumb":{"@id":"https:\/\/chillepoxy.com\/fr\/produit\/resine-epoxy-de-coulee-en-vrac-de-240l-634-gallons\/#breadcrumb"},"inLanguage":"fr-FR","potentialAction":[{"@type":"ReadAction","target":["https:\/\/chillepoxy.com\/fr\/produit\/resine-epoxy-de-coulee-en-vrac-de-240l-634-gallons\/"]}]},{"@type":"ImageObject","inLanguage":"fr-FR","@id":"https:\/\/chillepoxy.com\/fr\/produit\/resine-epoxy-de-coulee-en-vrac-de-240l-634-gallons\/#primaryimage","url":"https:\/\/chillepoxy.com\/wp-content\/uploads\/2024\/04\/Bulk-240L-Casting-Epoxy-Resin.jpg","contentUrl":"https:\/\/chillepoxy.com\/wp-content\/uploads\/2024\/04\/Bulk-240L-Casting-Epoxy-Resin.jpg","width":1920,"height":1920,"caption":"R\u00e9sine \u00c9poxy de Coul\u00e9e Profonde Sans COV &amp; Non-Toxique | 240L (63,4 gallons) | Tables rivi\u00e8re 2\" d'\u00e9paisseur"},{"@type":"BreadcrumbList","@id":"https:\/\/chillepoxy.com\/fr\/produit\/resine-epoxy-de-coulee-en-vrac-de-240l-634-gallons\/#breadcrumb","itemListElement":[{"@type":"ListItem","position":1,"name":"Home","item":"https:\/\/chillepoxy.com\/fr\/"},{"@type":"ListItem","position":2,"name":"Boutique","item":"https:\/\/chillepoxy.com\/fr\/boutique\/"},{"@type":"ListItem","position":3,"name":"R\u00e9sine \u00c9poxy de Coul\u00e9e Profonde Sans COV &amp; Non-Toxique | 240L (63,4 gallons) | Tables rivi\u00e8re 2&#8243; d&#8217;\u00e9paisseur"}]},{"@type":"WebSite","@id":"https:\/\/chillepoxy.com\/fr\/#website","url":"https:\/\/chillepoxy.com\/fr\/","name":"CHILL EPOXY\u2122 High-Quality Canadian-Made Epoxy Resin","description":"High-Quality Canadian-Made Epoxy Resin | Casting &amp; Art","publisher":{"@id":"https:\/\/chillepoxy.com\/fr\/#organization"},"alternateName":"High-Quality Epoxy Resin","potentialAction":[{"@type":"SearchAction","target":{"@type":"EntryPoint","urlTemplate":"https:\/\/chillepoxy.com\/fr\/?s={search_term_string}"},"query-input":{"@type":"PropertyValueSpecification","valueRequired":true,"valueName":"search_term_string"}}],"inLanguage":"fr-FR"},{"@type":"Organization","@id":"https:\/\/chillepoxy.com\/fr\/#organization","name":"CHILL EPOXY\u2122","alternateName":"High-Quality Canadian-Made Epoxy Resin","url":"https:\/\/chillepoxy.com\/fr\/","logo":{"@type":"ImageObject","inLanguage":"fr-FR","@id":"https:\/\/chillepoxy.com\/fr\/#\/schema\/logo\/image\/","url":"https:\/\/i0.wp.com\/chillepoxy.com\/wp-content\/uploads\/2024\/02\/polymeres_technologies.png?fit=649%2C649&ssl=1","contentUrl":"https:\/\/i0.wp.com\/chillepoxy.com\/wp-content\/uploads\/2024\/02\/polymeres_technologies.png?fit=649%2C649&ssl=1","width":649,"height":649,"caption":"CHILL EPOXY\u2122"},"image":{"@id":"https:\/\/chillepoxy.com\/fr\/#\/schema\/logo\/image\/"},"sameAs":["https:\/\/www.facebook.com\/polymerestechnologies\/","https:\/\/www.instagram.com\/polymeres_technologies\/","https:\/\/www.linkedin.com\/company\/polymeres-technologies\/","https:\/\/www.youtube.com\/channel\/UCDaFKmK4Hn3KPKmBaTXWong"]}]}},"jetpack_publicize_connections":[],"jetpack_sharing_enabled":true,"jetpack_likes_enabled":false,"_links":{"self":[{"href":"https:\/\/chillepoxy.com\/fr\/wp-json\/wp\/v2\/product\/28046","targetHints":{"allow":["GET"]}}],"collection":[{"href":"https:\/\/chillepoxy.com\/fr\/wp-json\/wp\/v2\/product"}],"about":[{"href":"https:\/\/chillepoxy.com\/fr\/wp-json\/wp\/v2\/types\/product"}],"replies":[{"embeddable":true,"href":"https:\/\/chillepoxy.com\/fr\/wp-json\/wp\/v2\/comments?post=28046"}],"wp:featuredmedia":[{"embeddable":true,"href":"https:\/\/chillepoxy.com\/fr\/wp-json\/wp\/v2\/media\/28045"}],"wp:attachment":[{"href":"https:\/\/chillepoxy.com\/fr\/wp-json\/wp\/v2\/media?parent=28046"}],"wp:term":[{"taxonomy":"product_brand","embeddable":true,"href":"https:\/\/chillepoxy.com\/fr\/wp-json\/wp\/v2\/product_brand?post=28046"},{"taxonomy":"product_cat","embeddable":true,"href":"https:\/\/chillepoxy.com\/fr\/wp-json\/wp\/v2\/product_cat?post=28046"},{"taxonomy":"product_tag","embeddable":true,"href":"https:\/\/chillepoxy.com\/fr\/wp-json\/wp\/v2\/product_tag?post=28046"}],"curies":[{"name":"wp","href":"https:\/\/api.w.org\/{rel}","templated":true}]}}