{"id":28078,"date":"2024-04-09T13:47:14","date_gmt":"2024-04-10T13:48:17","guid":{"rendered":"https:\/\/chillepoxy.com\/product\/resine-epoxy-en-vrac-kit-de-600-litres-resine-epoxy-de-coulee-pour-table-riviere-de-2-pouces-depaisseur\/"},"modified":"2025-02-11T09:23:46","modified_gmt":"2025-02-11T14:23:46","slug":"resine-epoxy-en-vrac-kit-de-600-litres-resine-epoxy-de-coulee-pour-table-riviere-de-2-pouces-depaisseur","status":"publish","type":"product","link":"https:\/\/chillepoxy.com\/fr\/produit\/resine-epoxy-en-vrac-kit-de-600-litres-resine-epoxy-de-coulee-pour-table-riviere-de-2-pouces-depaisseur\/","title":{"rendered":"R\u00e9sine \u00e9poxy de coul\u00e9e en profondeur pour tables rivi\u00e8re jusqu&rsquo;\u00e0 2&Prime; d&rsquo;\u00e9paisseur | \u00c9poxy sans COV et s\u00e9curitaire pour un contact alimentaire | barils de 600L"},"content":{"rendered":"<h1>R\u00e9sine \u00e9poxy de coul\u00e9e en profondeur sans COV et s\u00e9curitaire pour un contact alimentaire | barils de 600L | Coul\u00e9e \u00e9poxy pour tables rivi\u00e8re jusqu&rsquo;\u00e0 2&Prime; d&rsquo;\u00e9paisseur<\/h1>\n<p>R\u00e9sine \u00e9poxy de coul\u00e9e en profondeur pour tables rivi\u00e8re jusqu&rsquo;\u00e0 2&Prime; d&rsquo;\u00e9paisseur 600L D\u00e9couvrez la brillance de notre r\u00e9sine \u00e9poxy de coul\u00e9e \u00e0 deux composants, sp\u00e9cialement con\u00e7ue pour cr\u00e9er des tables rivi\u00e8res \u00e9blouissantes de 2 pouces d&rsquo;\u00e9paisseur et sublimer vos projets de menuiserie ou d&rsquo;art. Notre r\u00e9sine \u00e9poxy Ultra Clear Deep Pour offre une clart\u00e9 exceptionnelle, une faible viscosit\u00e9 pour un versement facile, une duret\u00e9 sup\u00e9rieure pour la durabilit\u00e9, une finition sans bulles et z\u00e9ro COV pour un environnement s\u00e9curitaire. Voici les principales caract\u00e9ristiques qui distinguent notre produit :<\/p>\n<h2>R\u00e9sine \u00e9poxy de coul\u00e9e en profondeur pour tables rivi\u00e8re jusqu&rsquo;\u00e0 2&Prime; d&rsquo;\u00e9paisseur 600L<\/h2>\n<p>Travaillez-vous dans l&rsquo;industrie de la menuiserie, cr\u00e9ant de superbes tables de rivi\u00e8re jusqu&rsquo;\u00e0 2 pouces d&rsquo;\u00e9paisseur ? Notre kit de 600 litres de r\u00e9sine \u00e9poxy en vrac est votre solution ultime, offrant des tarifs exclusifs pour les entrepreneurs et des r\u00e9ductions pour r\u00e9duire vos co\u00fbts de production.. Voici pourquoi notre kit est un v\u00e9ritable atout pour votre entreprise.<\/p>\n<p><strong>1. Parfait pour les tables de rivi\u00e8re et bien plus encore.<\/strong><\/p>\n<p>Con\u00e7ue sp\u00e9cifiquement pour les ateliers de menuiserie, notre formulation de r\u00e9sine \u00e9poxy est id\u00e9ale pour des projets d&rsquo;une \u00e9paisseur allant de 1,5 \u00e0 2 pouces, y compris les tables de rivi\u00e8re complexes. Sa r\u00e9action exothermique contr\u00f4l\u00e9e \u00e9limine le besoin de ventilateurs ou de syst\u00e8mes de refroidissement, garantissant une exp\u00e9rience de fabrication sans tracas.<\/p>\n<p><strong>2. Production \u00e9conomique.<\/strong><\/p>\n<p>Dites adieu aux co\u00fbts \u00e9lev\u00e9s des mat\u00e9riaux et bonjour \u00e0 des \u00e9conomies significatives! Notre kit de 600 litres offre le format id\u00e9al pour r\u00e9duire vos co\u00fbts de production par unit\u00e9, vous permettant ainsi de maximiser la rentabilit\u00e9 sans compromettre la qualit\u00e9.<\/p>\n<p><strong>3. Dispersion facile avec des valves de 2 pouces.<\/strong><\/p>\n<p>L&rsquo;efficacit\u00e9 rencontre la commodit\u00e9 avec les valves de 2 pouces de notre kit, permettant une dispersion pr\u00e9cise et facile de la r\u00e9sine pendant votre processus de fabrication. Fini les applications d\u00e9sordonn\u00e9es, place \u00e0 des r\u00e9sultats de qualit\u00e9 professionnelle \u00e0 chaque fois.<\/p>\n<p><strong>D\u00e9bloquez des \u00e9conomies d\u00e8s aujourd&rsquo;hui.<\/strong><\/p>\n<p>D\u00e9couvrez la puissance d&rsquo;une production \u00e9conomique avec notre kit de 600 litres de r\u00e9sine \u00e9poxy en vrac. Contactez-nous d\u00e8s maintenant pour d\u00e9bloquer des tarifs exclusifs pour les entrepreneurs et b\u00e9n\u00e9ficier de r\u00e9ductions, et ainsi propulser vos projets de menuiserie vers de nouveaux sommets d&rsquo;excellence!<\/p>\n","protected":false},"excerpt":{"rendered":"<p>Con\u00e7ue pour les projets \u00e0 grande \u00e9chelle, cette r\u00e9sine \u00e9poxy haute performance, sans COV et s\u00e9curitaire pour un contact alimentaire, est id\u00e9ale pour les coul\u00e9es de 2&Prime; d&rsquo;\u00e9paisseur en une seule application. Parfaite pour les tables rivi\u00e8re et autres coul\u00e9es profondes, elle offre une clart\u00e9 exceptionnelle et une durabilit\u00e9 sup\u00e9rieure. Sa formulation garantit une finition lisse et sans bulles tout en pr\u00e9servant la beaut\u00e9 naturelle du bois. Destin\u00e9e aux professionnels, elle assure des r\u00e9sultats fiables \u00e0 chaque coul\u00e9e, offrant la solution id\u00e9ale pour cr\u00e9er des tables spectaculaires et des pi\u00e8ces de grande taille durables.  <\/p>\n","protected":false},"featured_media":28086,"comment_status":"open","ping_status":"closed","template":"","meta":{"jetpack_publicize_message":"","jetpack_publicize_feature_enabled":true,"jetpack_social_post_already_shared":true,"jetpack_social_options":{"image_generator_settings":{"template":"highway","default_image_id":0,"font":"","enabled":false},"version":2}},"product_brand":[],"product_cat":[1381,1379],"product_tag":[],"class_list":{"0":"post-28078","1":"product","2":"type-product","3":"status-publish","4":"has-post-thumbnail","6":"product_cat-600l-15850-gallon-fr","7":"product_cat-en-gros","9":"first","10":"instock","11":"taxable","12":"shipping-taxable","13":"purchasable","14":"product-type-simple"},"yoast_head":"<!-- This site is optimized with the Yoast SEO Premium plugin v27.4 (Yoast SEO v27.4) - https:\/\/yoast.com\/product\/yoast-seo-premium-wordpress\/ -->\n<title>R\u00e9sine \u00e9poxy de coul\u00e9e en profondeur pour tables rivi\u00e8re jusqu&#039;\u00e0 2&quot; d&#039;\u00e9paisseur | barils de 600L | CHILL EPOXY<\/title>\n<meta name=\"description\" content=\"R\u00e9sine \u00e9poxy de coul\u00e9e en profondeur pour tables rivi\u00e8re jusqu&#039;\u00e0 2&quot; d&#039;\u00e9paisseur | Kit de baril de 600L. Parfaite pour les tables rivi\u00e8re de 2&quot; d&#039;\u00e9paisseur et les coul\u00e9es profondes. Obtenez des finitions cristallines et durables pour une qualit\u00e9 professionnelle.\" \/>\n<meta name=\"robots\" content=\"index, follow, max-snippet:-1, max-image-preview:large, max-video-preview:-1\" \/>\n<link rel=\"canonical\" href=\"https:\/\/chillepoxy.com\/fr\/produit\/resine-epoxy-en-vrac-kit-de-600-litres-resine-epoxy-de-coulee-pour-table-riviere-de-2-pouces-depaisseur\/\" \/>\n<meta property=\"og:locale\" content=\"fr_FR\" \/>\n<meta property=\"og:type\" content=\"article\" \/>\n<meta property=\"og:title\" content=\"R\u00e9sine \u00e9poxy de coul\u00e9e en profondeur pour tables rivi\u00e8re jusqu&#039;\u00e0 2&quot; d&#039;\u00e9paisseur | \u00c9poxy sans COV et s\u00e9curitaire pour un contact alimentaire | barils de 600L\" \/>\n<meta property=\"og:description\" content=\"R\u00e9sine \u00e9poxy de coul\u00e9e en profondeur pour tables rivi\u00e8re jusqu&#039;\u00e0 2&quot; d&#039;\u00e9paisseur | Kit de baril de 600L. Parfaite pour les tables rivi\u00e8re de 2&quot; d&#039;\u00e9paisseur et les coul\u00e9es profondes. Obtenez des finitions cristallines et durables pour une qualit\u00e9 professionnelle.\" \/>\n<meta property=\"og:url\" content=\"https:\/\/chillepoxy.com\/fr\/produit\/resine-epoxy-en-vrac-kit-de-600-litres-resine-epoxy-de-coulee-pour-table-riviere-de-2-pouces-depaisseur\/\" \/>\n<meta property=\"og:site_name\" content=\"CHILL EPOXY\" \/>\n<meta property=\"article:publisher\" content=\"https:\/\/www.facebook.com\/polymerestechnologies\/\" \/>\n<meta property=\"article:modified_time\" content=\"2025-02-11T14:23:46+00:00\" \/>\n<meta property=\"og:image\" content=\"https:\/\/chillepoxy.com\/wp-content\/uploads\/2024\/04\/Bulk-Casting-Epoxy-Resin-600L-Drum-Kit.jpg\" \/>\n\t<meta property=\"og:image:width\" content=\"1920\" \/>\n\t<meta property=\"og:image:height\" content=\"1920\" \/>\n\t<meta property=\"og:image:type\" content=\"image\/jpeg\" \/>\n<meta name=\"twitter:card\" content=\"summary_large_image\" \/>\n<meta name=\"twitter:label1\" content=\"Dur\u00e9e de lecture estim\u00e9e\" \/>\n\t<meta name=\"twitter:data1\" content=\"2 minutes\" \/>\n<script type=\"application\/ld+json\" class=\"yoast-schema-graph\">{\"@context\":\"https:\\\/\\\/schema.org\",\"@graph\":[{\"@type\":\"WebPage\",\"@id\":\"https:\\\/\\\/chillepoxy.com\\\/fr\\\/produit\\\/resine-epoxy-en-vrac-kit-de-600-litres-resine-epoxy-de-coulee-pour-table-riviere-de-2-pouces-depaisseur\\\/\",\"url\":\"https:\\\/\\\/chillepoxy.com\\\/fr\\\/produit\\\/resine-epoxy-en-vrac-kit-de-600-litres-resine-epoxy-de-coulee-pour-table-riviere-de-2-pouces-depaisseur\\\/\",\"name\":\"R\u00e9sine \u00e9poxy de coul\u00e9e en profondeur pour tables rivi\u00e8re jusqu'\u00e0 2\\\" d'\u00e9paisseur | barils de 600L | CHILL EPOXY\",\"isPartOf\":{\"@id\":\"https:\\\/\\\/chillepoxy.com\\\/fr\\\/#website\"},\"primaryImageOfPage\":{\"@id\":\"https:\\\/\\\/chillepoxy.com\\\/fr\\\/produit\\\/resine-epoxy-en-vrac-kit-de-600-litres-resine-epoxy-de-coulee-pour-table-riviere-de-2-pouces-depaisseur\\\/#primaryimage\"},\"image\":{\"@id\":\"https:\\\/\\\/chillepoxy.com\\\/fr\\\/produit\\\/resine-epoxy-en-vrac-kit-de-600-litres-resine-epoxy-de-coulee-pour-table-riviere-de-2-pouces-depaisseur\\\/#primaryimage\"},\"thumbnailUrl\":\"https:\\\/\\\/chillepoxy.com\\\/wp-content\\\/uploads\\\/2024\\\/04\\\/Bulk-Casting-Epoxy-Resin-600L-Drum-Kit.jpg\",\"datePublished\":\"2024-04-10T13:48:17+00:00\",\"dateModified\":\"2025-02-11T14:23:46+00:00\",\"description\":\"R\u00e9sine \u00e9poxy de coul\u00e9e en profondeur pour tables rivi\u00e8re jusqu'\u00e0 2\\\" d'\u00e9paisseur | Kit de baril de 600L. Parfaite pour les tables rivi\u00e8re de 2\\\" d'\u00e9paisseur et les coul\u00e9es profondes. Obtenez des finitions cristallines et durables pour une qualit\u00e9 professionnelle.\",\"breadcrumb\":{\"@id\":\"https:\\\/\\\/chillepoxy.com\\\/fr\\\/produit\\\/resine-epoxy-en-vrac-kit-de-600-litres-resine-epoxy-de-coulee-pour-table-riviere-de-2-pouces-depaisseur\\\/#breadcrumb\"},\"inLanguage\":\"fr-FR\",\"potentialAction\":[{\"@type\":\"ReadAction\",\"target\":[\"https:\\\/\\\/chillepoxy.com\\\/fr\\\/produit\\\/resine-epoxy-en-vrac-kit-de-600-litres-resine-epoxy-de-coulee-pour-table-riviere-de-2-pouces-depaisseur\\\/\"]}]},{\"@type\":\"ImageObject\",\"inLanguage\":\"fr-FR\",\"@id\":\"https:\\\/\\\/chillepoxy.com\\\/fr\\\/produit\\\/resine-epoxy-en-vrac-kit-de-600-litres-resine-epoxy-de-coulee-pour-table-riviere-de-2-pouces-depaisseur\\\/#primaryimage\",\"url\":\"https:\\\/\\\/chillepoxy.com\\\/wp-content\\\/uploads\\\/2024\\\/04\\\/Bulk-Casting-Epoxy-Resin-600L-Drum-Kit.jpg\",\"contentUrl\":\"https:\\\/\\\/chillepoxy.com\\\/wp-content\\\/uploads\\\/2024\\\/04\\\/Bulk-Casting-Epoxy-Resin-600L-Drum-Kit.jpg\",\"width\":1920,\"height\":1920,\"caption\":\"R\u00e9sine \u00e9poxy de coul\u00e9e en profondeur pour tables rivi\u00e8re jusqu'\u00e0 2\\\" d'\u00e9paisseur 600L\"},{\"@type\":\"BreadcrumbList\",\"@id\":\"https:\\\/\\\/chillepoxy.com\\\/fr\\\/produit\\\/resine-epoxy-en-vrac-kit-de-600-litres-resine-epoxy-de-coulee-pour-table-riviere-de-2-pouces-depaisseur\\\/#breadcrumb\",\"itemListElement\":[{\"@type\":\"ListItem\",\"position\":1,\"name\":\"Home\",\"item\":\"https:\\\/\\\/chillepoxy.com\\\/fr\\\/\"},{\"@type\":\"ListItem\",\"position\":2,\"name\":\"Boutique\",\"item\":\"https:\\\/\\\/chillepoxy.com\\\/fr\\\/boutique\\\/\"},{\"@type\":\"ListItem\",\"position\":3,\"name\":\"R\u00e9sine \u00e9poxy de coul\u00e9e en profondeur pour tables rivi\u00e8re jusqu&rsquo;\u00e0 2&Prime; d&rsquo;\u00e9paisseur | \u00c9poxy sans COV et s\u00e9curitaire pour un contact alimentaire | barils de 600L\"}]},{\"@type\":\"WebSite\",\"@id\":\"https:\\\/\\\/chillepoxy.com\\\/fr\\\/#website\",\"url\":\"https:\\\/\\\/chillepoxy.com\\\/fr\\\/\",\"name\":\"CHILL EPOXY\u2122 High-Quality Canadian-Made Epoxy Resin\",\"description\":\"High-Quality Canadian-Made Epoxy Resin | Casting &amp; Art\",\"publisher\":{\"@id\":\"https:\\\/\\\/chillepoxy.com\\\/fr\\\/#organization\"},\"alternateName\":\"High-Quality Epoxy Resin\",\"potentialAction\":[{\"@type\":\"SearchAction\",\"target\":{\"@type\":\"EntryPoint\",\"urlTemplate\":\"https:\\\/\\\/chillepoxy.com\\\/fr\\\/?s={search_term_string}\"},\"query-input\":{\"@type\":\"PropertyValueSpecification\",\"valueRequired\":true,\"valueName\":\"search_term_string\"}}],\"inLanguage\":\"fr-FR\"},{\"@type\":\"Organization\",\"@id\":\"https:\\\/\\\/chillepoxy.com\\\/fr\\\/#organization\",\"name\":\"CHILL EPOXY\u2122\",\"alternateName\":\"High-Quality Canadian-Made Epoxy Resin\",\"url\":\"https:\\\/\\\/chillepoxy.com\\\/fr\\\/\",\"logo\":{\"@type\":\"ImageObject\",\"inLanguage\":\"fr-FR\",\"@id\":\"https:\\\/\\\/chillepoxy.com\\\/fr\\\/#\\\/schema\\\/logo\\\/image\\\/\",\"url\":\"https:\\\/\\\/i0.wp.com\\\/chillepoxy.com\\\/wp-content\\\/uploads\\\/2024\\\/02\\\/polymeres_technologies.png?fit=649%2C649&ssl=1\",\"contentUrl\":\"https:\\\/\\\/i0.wp.com\\\/chillepoxy.com\\\/wp-content\\\/uploads\\\/2024\\\/02\\\/polymeres_technologies.png?fit=649%2C649&ssl=1\",\"width\":649,\"height\":649,\"caption\":\"CHILL EPOXY\u2122\"},\"image\":{\"@id\":\"https:\\\/\\\/chillepoxy.com\\\/fr\\\/#\\\/schema\\\/logo\\\/image\\\/\"},\"sameAs\":[\"https:\\\/\\\/www.facebook.com\\\/polymerestechnologies\\\/\",\"https:\\\/\\\/www.instagram.com\\\/polymeres_technologies\\\/\",\"https:\\\/\\\/www.linkedin.com\\\/company\\\/polymeres-technologies\\\/\",\"https:\\\/\\\/www.youtube.com\\\/channel\\\/UCDaFKmK4Hn3KPKmBaTXWong\"]}]}<\/script>\n<!-- \/ Yoast SEO Premium plugin. -->","yoast_head_json":{"title":"R\u00e9sine \u00e9poxy de coul\u00e9e en profondeur pour tables rivi\u00e8re jusqu'\u00e0 2\" d'\u00e9paisseur | barils de 600L | CHILL EPOXY","description":"R\u00e9sine \u00e9poxy de coul\u00e9e en profondeur pour tables rivi\u00e8re jusqu'\u00e0 2\" d'\u00e9paisseur | Kit de baril de 600L. Parfaite pour les tables rivi\u00e8re de 2\" d'\u00e9paisseur et les coul\u00e9es profondes. Obtenez des finitions cristallines et durables pour une qualit\u00e9 professionnelle.","robots":{"index":"index","follow":"follow","max-snippet":"max-snippet:-1","max-image-preview":"max-image-preview:large","max-video-preview":"max-video-preview:-1"},"canonical":"https:\/\/chillepoxy.com\/fr\/produit\/resine-epoxy-en-vrac-kit-de-600-litres-resine-epoxy-de-coulee-pour-table-riviere-de-2-pouces-depaisseur\/","og_locale":"fr_FR","og_type":"article","og_title":"R\u00e9sine \u00e9poxy de coul\u00e9e en profondeur pour tables rivi\u00e8re jusqu'\u00e0 2\" d'\u00e9paisseur | \u00c9poxy sans COV et s\u00e9curitaire pour un contact alimentaire | barils de 600L","og_description":"R\u00e9sine \u00e9poxy de coul\u00e9e en profondeur pour tables rivi\u00e8re jusqu'\u00e0 2\" d'\u00e9paisseur | Kit de baril de 600L. Parfaite pour les tables rivi\u00e8re de 2\" d'\u00e9paisseur et les coul\u00e9es profondes. Obtenez des finitions cristallines et durables pour une qualit\u00e9 professionnelle.","og_url":"https:\/\/chillepoxy.com\/fr\/produit\/resine-epoxy-en-vrac-kit-de-600-litres-resine-epoxy-de-coulee-pour-table-riviere-de-2-pouces-depaisseur\/","og_site_name":"CHILL EPOXY","article_publisher":"https:\/\/www.facebook.com\/polymerestechnologies\/","article_modified_time":"2025-02-11T14:23:46+00:00","og_image":[{"width":1920,"height":1920,"url":"https:\/\/chillepoxy.com\/wp-content\/uploads\/2024\/04\/Bulk-Casting-Epoxy-Resin-600L-Drum-Kit.jpg","type":"image\/jpeg"}],"twitter_card":"summary_large_image","twitter_misc":{"Dur\u00e9e de lecture estim\u00e9e":"2 minutes"},"schema":{"@context":"https:\/\/schema.org","@graph":[{"@type":"WebPage","@id":"https:\/\/chillepoxy.com\/fr\/produit\/resine-epoxy-en-vrac-kit-de-600-litres-resine-epoxy-de-coulee-pour-table-riviere-de-2-pouces-depaisseur\/","url":"https:\/\/chillepoxy.com\/fr\/produit\/resine-epoxy-en-vrac-kit-de-600-litres-resine-epoxy-de-coulee-pour-table-riviere-de-2-pouces-depaisseur\/","name":"R\u00e9sine \u00e9poxy de coul\u00e9e en profondeur pour tables rivi\u00e8re jusqu'\u00e0 2\" d'\u00e9paisseur | barils de 600L | CHILL EPOXY","isPartOf":{"@id":"https:\/\/chillepoxy.com\/fr\/#website"},"primaryImageOfPage":{"@id":"https:\/\/chillepoxy.com\/fr\/produit\/resine-epoxy-en-vrac-kit-de-600-litres-resine-epoxy-de-coulee-pour-table-riviere-de-2-pouces-depaisseur\/#primaryimage"},"image":{"@id":"https:\/\/chillepoxy.com\/fr\/produit\/resine-epoxy-en-vrac-kit-de-600-litres-resine-epoxy-de-coulee-pour-table-riviere-de-2-pouces-depaisseur\/#primaryimage"},"thumbnailUrl":"https:\/\/chillepoxy.com\/wp-content\/uploads\/2024\/04\/Bulk-Casting-Epoxy-Resin-600L-Drum-Kit.jpg","datePublished":"2024-04-10T13:48:17+00:00","dateModified":"2025-02-11T14:23:46+00:00","description":"R\u00e9sine \u00e9poxy de coul\u00e9e en profondeur pour tables rivi\u00e8re jusqu'\u00e0 2\" d'\u00e9paisseur | Kit de baril de 600L. Parfaite pour les tables rivi\u00e8re de 2\" d'\u00e9paisseur et les coul\u00e9es profondes. Obtenez des finitions cristallines et durables pour une qualit\u00e9 professionnelle.","breadcrumb":{"@id":"https:\/\/chillepoxy.com\/fr\/produit\/resine-epoxy-en-vrac-kit-de-600-litres-resine-epoxy-de-coulee-pour-table-riviere-de-2-pouces-depaisseur\/#breadcrumb"},"inLanguage":"fr-FR","potentialAction":[{"@type":"ReadAction","target":["https:\/\/chillepoxy.com\/fr\/produit\/resine-epoxy-en-vrac-kit-de-600-litres-resine-epoxy-de-coulee-pour-table-riviere-de-2-pouces-depaisseur\/"]}]},{"@type":"ImageObject","inLanguage":"fr-FR","@id":"https:\/\/chillepoxy.com\/fr\/produit\/resine-epoxy-en-vrac-kit-de-600-litres-resine-epoxy-de-coulee-pour-table-riviere-de-2-pouces-depaisseur\/#primaryimage","url":"https:\/\/chillepoxy.com\/wp-content\/uploads\/2024\/04\/Bulk-Casting-Epoxy-Resin-600L-Drum-Kit.jpg","contentUrl":"https:\/\/chillepoxy.com\/wp-content\/uploads\/2024\/04\/Bulk-Casting-Epoxy-Resin-600L-Drum-Kit.jpg","width":1920,"height":1920,"caption":"R\u00e9sine \u00e9poxy de coul\u00e9e en profondeur pour tables rivi\u00e8re jusqu'\u00e0 2\" d'\u00e9paisseur 600L"},{"@type":"BreadcrumbList","@id":"https:\/\/chillepoxy.com\/fr\/produit\/resine-epoxy-en-vrac-kit-de-600-litres-resine-epoxy-de-coulee-pour-table-riviere-de-2-pouces-depaisseur\/#breadcrumb","itemListElement":[{"@type":"ListItem","position":1,"name":"Home","item":"https:\/\/chillepoxy.com\/fr\/"},{"@type":"ListItem","position":2,"name":"Boutique","item":"https:\/\/chillepoxy.com\/fr\/boutique\/"},{"@type":"ListItem","position":3,"name":"R\u00e9sine \u00e9poxy de coul\u00e9e en profondeur pour tables rivi\u00e8re jusqu&rsquo;\u00e0 2&Prime; d&rsquo;\u00e9paisseur | \u00c9poxy sans COV et s\u00e9curitaire pour un contact alimentaire | barils de 600L"}]},{"@type":"WebSite","@id":"https:\/\/chillepoxy.com\/fr\/#website","url":"https:\/\/chillepoxy.com\/fr\/","name":"CHILL EPOXY\u2122 High-Quality Canadian-Made Epoxy Resin","description":"High-Quality Canadian-Made Epoxy Resin | Casting &amp; Art","publisher":{"@id":"https:\/\/chillepoxy.com\/fr\/#organization"},"alternateName":"High-Quality Epoxy Resin","potentialAction":[{"@type":"SearchAction","target":{"@type":"EntryPoint","urlTemplate":"https:\/\/chillepoxy.com\/fr\/?s={search_term_string}"},"query-input":{"@type":"PropertyValueSpecification","valueRequired":true,"valueName":"search_term_string"}}],"inLanguage":"fr-FR"},{"@type":"Organization","@id":"https:\/\/chillepoxy.com\/fr\/#organization","name":"CHILL EPOXY\u2122","alternateName":"High-Quality Canadian-Made Epoxy Resin","url":"https:\/\/chillepoxy.com\/fr\/","logo":{"@type":"ImageObject","inLanguage":"fr-FR","@id":"https:\/\/chillepoxy.com\/fr\/#\/schema\/logo\/image\/","url":"https:\/\/i0.wp.com\/chillepoxy.com\/wp-content\/uploads\/2024\/02\/polymeres_technologies.png?fit=649%2C649&ssl=1","contentUrl":"https:\/\/i0.wp.com\/chillepoxy.com\/wp-content\/uploads\/2024\/02\/polymeres_technologies.png?fit=649%2C649&ssl=1","width":649,"height":649,"caption":"CHILL EPOXY\u2122"},"image":{"@id":"https:\/\/chillepoxy.com\/fr\/#\/schema\/logo\/image\/"},"sameAs":["https:\/\/www.facebook.com\/polymerestechnologies\/","https:\/\/www.instagram.com\/polymeres_technologies\/","https:\/\/www.linkedin.com\/company\/polymeres-technologies\/","https:\/\/www.youtube.com\/channel\/UCDaFKmK4Hn3KPKmBaTXWong"]}]}},"jetpack_publicize_connections":[],"jetpack_sharing_enabled":true,"jetpack_likes_enabled":false,"_links":{"self":[{"href":"https:\/\/chillepoxy.com\/fr\/wp-json\/wp\/v2\/product\/28078","targetHints":{"allow":["GET"]}}],"collection":[{"href":"https:\/\/chillepoxy.com\/fr\/wp-json\/wp\/v2\/product"}],"about":[{"href":"https:\/\/chillepoxy.com\/fr\/wp-json\/wp\/v2\/types\/product"}],"replies":[{"embeddable":true,"href":"https:\/\/chillepoxy.com\/fr\/wp-json\/wp\/v2\/comments?post=28078"}],"wp:featuredmedia":[{"embeddable":true,"href":"https:\/\/chillepoxy.com\/fr\/wp-json\/wp\/v2\/media\/28086"}],"wp:attachment":[{"href":"https:\/\/chillepoxy.com\/fr\/wp-json\/wp\/v2\/media?parent=28078"}],"wp:term":[{"taxonomy":"product_brand","embeddable":true,"href":"https:\/\/chillepoxy.com\/fr\/wp-json\/wp\/v2\/product_brand?post=28078"},{"taxonomy":"product_cat","embeddable":true,"href":"https:\/\/chillepoxy.com\/fr\/wp-json\/wp\/v2\/product_cat?post=28078"},{"taxonomy":"product_tag","embeddable":true,"href":"https:\/\/chillepoxy.com\/fr\/wp-json\/wp\/v2\/product_tag?post=28078"}],"curies":[{"name":"wp","href":"https:\/\/api.w.org\/{rel}","templated":true}]}}