{"id":28081,"date":"2024-04-09T13:34:07","date_gmt":"2024-04-09T17:34:07","guid":{"rendered":"https:\/\/chillepoxy.com\/product\/resine-epoxy-en-vrac-kit-de-600-litres-resine-epoxy-de-coulee-pour-une-epaisseur-maximale-de-15-pouce\/"},"modified":"2025-02-11T08:59:58","modified_gmt":"2025-02-11T13:59:58","slug":"resine-epoxy-en-vrac-kit-de-600-litres-resine-epoxy-de-coulee-pour-une-epaisseur-maximale-de-15-pouce","status":"publish","type":"product","link":"https:\/\/chillepoxy.com\/fr\/produit\/resine-epoxy-en-vrac-kit-de-600-litres-resine-epoxy-de-coulee-pour-une-epaisseur-maximale-de-15-pouce\/","title":{"rendered":"R\u00e9sine \u00e9poxy de coul\u00e9e en profondeur jusqu&rsquo;\u00e0 1,5&Prime; d&rsquo;\u00e9paisseur | \u00c9poxy sans COV et s\u00e9curitaire pour un contact alimentaire | barils de 600L"},"content":{"rendered":"<h1>R\u00e9sine \u00e9poxy de coul\u00e9e en profondeur sans COV et s\u00e9curitaire pour un contact alimentaire | barils de 600L | Coul\u00e9e jusqu&rsquo;\u00e0 1,5&Prime; d&rsquo;\u00e9paisseur<\/h1>\n<p>R\u00e9sine \u00e9poxy de coul\u00e9e en profondeur sans COV et s\u00e9curitaire pour un contact alimentaire | barils de 600L | Coul\u00e9e \u00e9poxy jusqu&rsquo;\u00e0 1,5&Prime; d&rsquo;\u00e9paisseur. R\u00e9sine \u00e9poxy en vrac &#8211; Kit 600 litres. \u00cates-vous un professionnel de la menuiserie ou un entrepreneur cherchant \u00e0 rationaliser vos co\u00fbts de production? Notre kit drum de 600 litres propose des tarifs exclusifs pour les entrepreneurs et des r\u00e9ductions, en en faisant le choix ultime pour vos besoins en fabrication. Voici pourquoi notre kit est un v\u00e9ritable atout pour votre entreprise.<\/p>\n<h2>R\u00e9sine \u00e9poxy de coul\u00e9e en profondeur jusqu&rsquo;\u00e0 1,5&Prime; d&rsquo;\u00e9paisseur | \u00c9poxy sans COV et s\u00e9curitaire pour un contact alimentaire | barils de 600L<\/h2>\n<p>CHILL ICE 1\u2122 est une r\u00e9sine \u00e9poxy de coul\u00e9e transparente \u00e0 deux composants con\u00e7ue avec des mati\u00e8res premi\u00e8res \u00e0 faible viscosit\u00e9 et un temps de travail prolong\u00e9 pour des performances optimales dans des projets allant de 1\/2 pouce \u00e0 1,5 pouce d&rsquo;\u00e9paisseur. Ses caract\u00e9ristiques exceptionnelles d&rsquo;\u00e9coulement garantissent des r\u00e9sultats sans bulles, tandis que sa viscosit\u00e9 tr\u00e8s faible et sa formule 100% r\u00e9active permettent un coulage pr\u00e9cis de projets jusqu&rsquo;\u00e0 1,5 pouce d&rsquo;\u00e9paisseur et 60 litres de volume.<\/p>\n<p><strong>1. Efficacit\u00e9 co\u00fbts optimale.<\/strong><\/p>\n<p>Dites adieu aux commandes fr\u00e9quentes de r\u00e9sine et profitez d&rsquo;\u00e9conomies significatives avec notre kit de r\u00e9sine \u00e9poxy en vrac. Con\u00e7u pour r\u00e9pondre aux exigences de la production \u00e0 haut volume, ce kit vous permet de r\u00e9duire les co\u00fbts mat\u00e9riels par unit\u00e9, maximisant ainsi votre rentabilit\u00e9 sans compromettre la qualit\u00e9.<\/p>\n<p><strong>2. Adapt\u00e9 aux ateliers de menuiserie.<\/strong><\/p>\n<p>Con\u00e7ue en pensant aux ateliers de menuiserie, notre formulation de r\u00e9sine \u00e9poxy est parfaite pour la fabrication de tables de rivi\u00e8re, de tables basses, de planches \u00e0 d\u00e9couper et bien plus encore. Sa compatibilit\u00e9 avec des projets allant jusqu&rsquo;\u00e0 1,5 pouce d&rsquo;\u00e9paisseur garantit une utilisation polyvalente, r\u00e9pondant ainsi \u00e0 une large gamme de designs cr\u00e9atifs.<\/p>\n<p><strong>3. Contr\u00f4le am\u00e9lior\u00e9 de la dispersion.<\/strong><\/p>\n<p>L&rsquo;efficacit\u00e9 rencontre la commodit\u00e9 avec notre kit de 600 litres Chaque tambour est \u00e9quip\u00e9 de valves de 2 pouces, permettant une dispersion facile et pr\u00e9cise de la r\u00e9sine pendant votre processus de fabrication. Dites adieu aux applications d\u00e9sordonn\u00e9es et bonjour \u00e0 des r\u00e9sultats de qualit\u00e9 professionnelle \u00e0 chaque fois.<\/p>\n<p><strong>4. Id\u00e9al pour diff\u00e9rentes tailles de projets.<\/strong><\/p>\n<p>Que vous travailliez sur des projets de petite \u00e9chelle ou des tables de rivi\u00e8re plus grandes de moins de 1,75 pouce d&rsquo;\u00e9paisseur, notre formulation de r\u00e9sine \u00e9poxy offre des r\u00e9sultats exceptionnels. Sa consistance et sa clart\u00e9 garantissent une finition lisse, mettant en valeur la beaut\u00e9 naturelle du bois dans vos cr\u00e9ations.<\/p>\n<p><strong>D\u00e9bloquez des \u00e9conomies d\u00e8s aujourd&rsquo;hui.<\/strong><\/p>\n<p>D\u00e9couvrez la puissance d&rsquo;une production \u00e9conomique avec notre kit de 600 litres. Contactez-nous d\u00e8s maintenant pour d\u00e9bloquer des tarifs exclusifs pour les entrepreneurs et b\u00e9n\u00e9ficier de r\u00e9ductions, et ainsi propulser vos projets de menuiserie vers de nouveaux sommets d&rsquo;excellence!<\/p>\n","protected":false},"excerpt":{"rendered":"<p>CHILL ICE 1\u2122 est une r\u00e9sine \u00e9poxy de coul\u00e9e transparente \u00e0 deux composants con\u00e7ue avec des mati\u00e8res premi\u00e8res \u00e0 faible viscosit\u00e9 et un temps de travail prolong\u00e9 pour des performances optimales dans des projets allant de 1\/2 pouce \u00e0 1,5 pouce d&rsquo;\u00e9paisseur. Ses caract\u00e9ristiques exceptionnelles d&rsquo;\u00e9coulement garantissent des r\u00e9sultats sans bulles, tandis que sa viscosit\u00e9 tr\u00e8s faible et sa formule 100% r\u00e9active permettent un coulage pr\u00e9cis de projets jusqu&rsquo;\u00e0 1,5 pouce d&rsquo;\u00e9paisseur et 60 litres de volume. La transparence cristalline de CHILL ICE 1\u2122 offre une finition \u00e9blouissante, am\u00e9liorant l&rsquo;attrait esth\u00e9tique de vos cr\u00e9ations, que ce soit une table rivi\u00e8re, une table basse ou tout autre projet de petite \u00e0 moyenne taille.<\/p>\n<p>Caract\u00e9ristiques :<\/p>\n<ul>\n<li aria-level=\"1\">Tr\u00e8s forte r\u00e9sistance m\u00e9canique et r\u00e9sistance aux contraintes<\/li>\n<li aria-level=\"1\">Clart\u00e9 optique<\/li>\n<li aria-level=\"1\">De 0,5 \u00e0 1,5 pouce d&rsquo;\u00e9paisseur, en une seule coul\u00e9e sans avoir besoin d&rsquo;utiliser un ventilateur.<\/li>\n<li aria-level=\"1\">Sans COV, sans solvant<\/li>\n<li aria-level=\"1\">Fini Lustr\u00e9<\/li>\n<li aria-level=\"1\">Autonivelant<\/li>\n<li aria-level=\"1\">Excellente r\u00e9sistance en impact<\/li>\n<li aria-level=\"1\">Long temps de prise<\/li>\n<li aria-level=\"1\">Faible odeur<\/li>\n<\/ul>\n","protected":false},"featured_media":28084,"comment_status":"open","ping_status":"closed","template":"","meta":{"jetpack_publicize_message":"","jetpack_publicize_feature_enabled":true,"jetpack_social_post_already_shared":true,"jetpack_social_options":{"image_generator_settings":{"template":"highway","default_image_id":0,"font":"","enabled":false},"version":2}},"product_brand":[],"product_cat":[1381,1379],"product_tag":[],"class_list":{"0":"post-28081","1":"product","2":"type-product","3":"status-publish","4":"has-post-thumbnail","6":"product_cat-600l-15850-gallon-fr","7":"product_cat-en-gros","8":"product_shipping_class-livraison-gratuite-kits-de-600-l","10":"first","11":"instock","12":"taxable","13":"shipping-taxable","14":"purchasable","15":"product-type-simple"},"yoast_head":"<!-- This site is optimized with the Yoast SEO Premium plugin v27.4 (Yoast SEO v27.4) - https:\/\/yoast.com\/product\/yoast-seo-premium-wordpress\/ -->\n<title>R\u00e9sine \u00e9poxy de coul\u00e9e en profondeur jusqu&#039;\u00e0 1,5&quot; d&#039;\u00e9paisseur | 600L | CHILL EPOXY<\/title>\n<meta name=\"description\" content=\"R\u00e9sine \u00e9poxy de coul\u00e9e en profondeur jusqu&#039;\u00e0 1,5&quot; d&#039;\u00e9paisseur 600L R\u00e9duisez vos co\u00fbts de production avec des tarifs exclusifs pour les entrepreneurs sur notre kit de 600 litres de r\u00e9sine \u00e9poxy en vrac.\" \/>\n<meta name=\"robots\" content=\"index, follow, max-snippet:-1, max-image-preview:large, max-video-preview:-1\" \/>\n<link rel=\"canonical\" href=\"https:\/\/chillepoxy.com\/fr\/produit\/resine-epoxy-en-vrac-kit-de-600-litres-resine-epoxy-de-coulee-pour-une-epaisseur-maximale-de-15-pouce\/\" \/>\n<meta property=\"og:locale\" content=\"fr_FR\" \/>\n<meta property=\"og:type\" content=\"article\" \/>\n<meta property=\"og:title\" content=\"R\u00e9sine \u00e9poxy de coul\u00e9e en profondeur jusqu&#039;\u00e0 1,5&quot; d&#039;\u00e9paisseur | \u00c9poxy sans COV et s\u00e9curitaire pour un contact alimentaire | barils de 600L\" \/>\n<meta property=\"og:description\" content=\"R\u00e9sine \u00e9poxy de coul\u00e9e en profondeur jusqu&#039;\u00e0 1,5&quot; d&#039;\u00e9paisseur 600L R\u00e9duisez vos co\u00fbts de production avec des tarifs exclusifs pour les entrepreneurs sur notre kit de 600 litres de r\u00e9sine \u00e9poxy en vrac.\" \/>\n<meta property=\"og:url\" content=\"https:\/\/chillepoxy.com\/fr\/produit\/resine-epoxy-en-vrac-kit-de-600-litres-resine-epoxy-de-coulee-pour-une-epaisseur-maximale-de-15-pouce\/\" \/>\n<meta property=\"og:site_name\" content=\"CHILL EPOXY\" \/>\n<meta property=\"article:publisher\" content=\"https:\/\/www.facebook.com\/polymerestechnologies\/\" \/>\n<meta property=\"article:modified_time\" content=\"2025-02-11T13:59:58+00:00\" \/>\n<meta property=\"og:image\" content=\"https:\/\/chillepoxy.com\/wp-content\/uploads\/2024\/04\/Bulk-Epoxy-Resin-600L-Drum-Kit.jpg\" \/>\n\t<meta property=\"og:image:width\" content=\"1920\" \/>\n\t<meta property=\"og:image:height\" content=\"1920\" \/>\n\t<meta property=\"og:image:type\" content=\"image\/jpeg\" \/>\n<meta name=\"twitter:card\" content=\"summary_large_image\" \/>\n<meta name=\"twitter:label1\" content=\"Dur\u00e9e de lecture estim\u00e9e\" \/>\n\t<meta name=\"twitter:data1\" content=\"3 minutes\" \/>\n<script type=\"application\/ld+json\" class=\"yoast-schema-graph\">{\"@context\":\"https:\\\/\\\/schema.org\",\"@graph\":[{\"@type\":\"WebPage\",\"@id\":\"https:\\\/\\\/chillepoxy.com\\\/fr\\\/produit\\\/resine-epoxy-en-vrac-kit-de-600-litres-resine-epoxy-de-coulee-pour-une-epaisseur-maximale-de-15-pouce\\\/\",\"url\":\"https:\\\/\\\/chillepoxy.com\\\/fr\\\/produit\\\/resine-epoxy-en-vrac-kit-de-600-litres-resine-epoxy-de-coulee-pour-une-epaisseur-maximale-de-15-pouce\\\/\",\"name\":\"R\u00e9sine \u00e9poxy de coul\u00e9e en profondeur jusqu'\u00e0 1,5\\\" d'\u00e9paisseur | 600L | CHILL EPOXY\",\"isPartOf\":{\"@id\":\"https:\\\/\\\/chillepoxy.com\\\/fr\\\/#website\"},\"primaryImageOfPage\":{\"@id\":\"https:\\\/\\\/chillepoxy.com\\\/fr\\\/produit\\\/resine-epoxy-en-vrac-kit-de-600-litres-resine-epoxy-de-coulee-pour-une-epaisseur-maximale-de-15-pouce\\\/#primaryimage\"},\"image\":{\"@id\":\"https:\\\/\\\/chillepoxy.com\\\/fr\\\/produit\\\/resine-epoxy-en-vrac-kit-de-600-litres-resine-epoxy-de-coulee-pour-une-epaisseur-maximale-de-15-pouce\\\/#primaryimage\"},\"thumbnailUrl\":\"https:\\\/\\\/chillepoxy.com\\\/wp-content\\\/uploads\\\/2024\\\/04\\\/Bulk-Epoxy-Resin-600L-Drum-Kit.jpg\",\"datePublished\":\"2024-04-09T17:34:07+00:00\",\"dateModified\":\"2025-02-11T13:59:58+00:00\",\"description\":\"R\u00e9sine \u00e9poxy de coul\u00e9e en profondeur jusqu'\u00e0 1,5\\\" d'\u00e9paisseur 600L R\u00e9duisez vos co\u00fbts de production avec des tarifs exclusifs pour les entrepreneurs sur notre kit de 600 litres de r\u00e9sine \u00e9poxy en vrac.\",\"breadcrumb\":{\"@id\":\"https:\\\/\\\/chillepoxy.com\\\/fr\\\/produit\\\/resine-epoxy-en-vrac-kit-de-600-litres-resine-epoxy-de-coulee-pour-une-epaisseur-maximale-de-15-pouce\\\/#breadcrumb\"},\"inLanguage\":\"fr-FR\",\"potentialAction\":[{\"@type\":\"ReadAction\",\"target\":[\"https:\\\/\\\/chillepoxy.com\\\/fr\\\/produit\\\/resine-epoxy-en-vrac-kit-de-600-litres-resine-epoxy-de-coulee-pour-une-epaisseur-maximale-de-15-pouce\\\/\"]}]},{\"@type\":\"ImageObject\",\"inLanguage\":\"fr-FR\",\"@id\":\"https:\\\/\\\/chillepoxy.com\\\/fr\\\/produit\\\/resine-epoxy-en-vrac-kit-de-600-litres-resine-epoxy-de-coulee-pour-une-epaisseur-maximale-de-15-pouce\\\/#primaryimage\",\"url\":\"https:\\\/\\\/chillepoxy.com\\\/wp-content\\\/uploads\\\/2024\\\/04\\\/Bulk-Epoxy-Resin-600L-Drum-Kit.jpg\",\"contentUrl\":\"https:\\\/\\\/chillepoxy.com\\\/wp-content\\\/uploads\\\/2024\\\/04\\\/Bulk-Epoxy-Resin-600L-Drum-Kit.jpg\",\"width\":1920,\"height\":1920,\"caption\":\"R\u00e9sine \u00e9poxy de coul\u00e9e en profondeur jusqu'\u00e0 1,5\\\" d'\u00e9paisseur | \u00c9poxy sans COV et s\u00e9curitaire pour un contact alimentaire | barils de 600L\"},{\"@type\":\"BreadcrumbList\",\"@id\":\"https:\\\/\\\/chillepoxy.com\\\/fr\\\/produit\\\/resine-epoxy-en-vrac-kit-de-600-litres-resine-epoxy-de-coulee-pour-une-epaisseur-maximale-de-15-pouce\\\/#breadcrumb\",\"itemListElement\":[{\"@type\":\"ListItem\",\"position\":1,\"name\":\"Home\",\"item\":\"https:\\\/\\\/chillepoxy.com\\\/fr\\\/\"},{\"@type\":\"ListItem\",\"position\":2,\"name\":\"Boutique\",\"item\":\"https:\\\/\\\/chillepoxy.com\\\/fr\\\/boutique\\\/\"},{\"@type\":\"ListItem\",\"position\":3,\"name\":\"R\u00e9sine \u00e9poxy de coul\u00e9e en profondeur jusqu&#8217;\u00e0 1,5&#8243; d&#8217;\u00e9paisseur | \u00c9poxy sans COV et s\u00e9curitaire pour un contact alimentaire | barils de 600L\"}]},{\"@type\":\"WebSite\",\"@id\":\"https:\\\/\\\/chillepoxy.com\\\/fr\\\/#website\",\"url\":\"https:\\\/\\\/chillepoxy.com\\\/fr\\\/\",\"name\":\"CHILL EPOXY\u2122 High-Quality Canadian-Made Epoxy Resin\",\"description\":\"High-Quality Canadian-Made Epoxy Resin | Casting &amp; Art\",\"publisher\":{\"@id\":\"https:\\\/\\\/chillepoxy.com\\\/fr\\\/#organization\"},\"alternateName\":\"High-Quality Epoxy Resin\",\"potentialAction\":[{\"@type\":\"SearchAction\",\"target\":{\"@type\":\"EntryPoint\",\"urlTemplate\":\"https:\\\/\\\/chillepoxy.com\\\/fr\\\/?s={search_term_string}\"},\"query-input\":{\"@type\":\"PropertyValueSpecification\",\"valueRequired\":true,\"valueName\":\"search_term_string\"}}],\"inLanguage\":\"fr-FR\"},{\"@type\":\"Organization\",\"@id\":\"https:\\\/\\\/chillepoxy.com\\\/fr\\\/#organization\",\"name\":\"CHILL EPOXY\u2122\",\"alternateName\":\"High-Quality Canadian-Made Epoxy Resin\",\"url\":\"https:\\\/\\\/chillepoxy.com\\\/fr\\\/\",\"logo\":{\"@type\":\"ImageObject\",\"inLanguage\":\"fr-FR\",\"@id\":\"https:\\\/\\\/chillepoxy.com\\\/fr\\\/#\\\/schema\\\/logo\\\/image\\\/\",\"url\":\"https:\\\/\\\/i0.wp.com\\\/chillepoxy.com\\\/wp-content\\\/uploads\\\/2024\\\/02\\\/polymeres_technologies.png?fit=649%2C649&ssl=1\",\"contentUrl\":\"https:\\\/\\\/i0.wp.com\\\/chillepoxy.com\\\/wp-content\\\/uploads\\\/2024\\\/02\\\/polymeres_technologies.png?fit=649%2C649&ssl=1\",\"width\":649,\"height\":649,\"caption\":\"CHILL EPOXY\u2122\"},\"image\":{\"@id\":\"https:\\\/\\\/chillepoxy.com\\\/fr\\\/#\\\/schema\\\/logo\\\/image\\\/\"},\"sameAs\":[\"https:\\\/\\\/www.facebook.com\\\/polymerestechnologies\\\/\",\"https:\\\/\\\/www.instagram.com\\\/polymeres_technologies\\\/\",\"https:\\\/\\\/www.linkedin.com\\\/company\\\/polymeres-technologies\\\/\",\"https:\\\/\\\/www.youtube.com\\\/channel\\\/UCDaFKmK4Hn3KPKmBaTXWong\"]}]}<\/script>\n<!-- \/ Yoast SEO Premium plugin. -->","yoast_head_json":{"title":"R\u00e9sine \u00e9poxy de coul\u00e9e en profondeur jusqu'\u00e0 1,5\" d'\u00e9paisseur | 600L | CHILL EPOXY","description":"R\u00e9sine \u00e9poxy de coul\u00e9e en profondeur jusqu'\u00e0 1,5\" d'\u00e9paisseur 600L R\u00e9duisez vos co\u00fbts de production avec des tarifs exclusifs pour les entrepreneurs sur notre kit de 600 litres de r\u00e9sine \u00e9poxy en vrac.","robots":{"index":"index","follow":"follow","max-snippet":"max-snippet:-1","max-image-preview":"max-image-preview:large","max-video-preview":"max-video-preview:-1"},"canonical":"https:\/\/chillepoxy.com\/fr\/produit\/resine-epoxy-en-vrac-kit-de-600-litres-resine-epoxy-de-coulee-pour-une-epaisseur-maximale-de-15-pouce\/","og_locale":"fr_FR","og_type":"article","og_title":"R\u00e9sine \u00e9poxy de coul\u00e9e en profondeur jusqu'\u00e0 1,5\" d'\u00e9paisseur | \u00c9poxy sans COV et s\u00e9curitaire pour un contact alimentaire | barils de 600L","og_description":"R\u00e9sine \u00e9poxy de coul\u00e9e en profondeur jusqu'\u00e0 1,5\" d'\u00e9paisseur 600L R\u00e9duisez vos co\u00fbts de production avec des tarifs exclusifs pour les entrepreneurs sur notre kit de 600 litres de r\u00e9sine \u00e9poxy en vrac.","og_url":"https:\/\/chillepoxy.com\/fr\/produit\/resine-epoxy-en-vrac-kit-de-600-litres-resine-epoxy-de-coulee-pour-une-epaisseur-maximale-de-15-pouce\/","og_site_name":"CHILL EPOXY","article_publisher":"https:\/\/www.facebook.com\/polymerestechnologies\/","article_modified_time":"2025-02-11T13:59:58+00:00","og_image":[{"width":1920,"height":1920,"url":"https:\/\/chillepoxy.com\/wp-content\/uploads\/2024\/04\/Bulk-Epoxy-Resin-600L-Drum-Kit.jpg","type":"image\/jpeg"}],"twitter_card":"summary_large_image","twitter_misc":{"Dur\u00e9e de lecture estim\u00e9e":"3 minutes"},"schema":{"@context":"https:\/\/schema.org","@graph":[{"@type":"WebPage","@id":"https:\/\/chillepoxy.com\/fr\/produit\/resine-epoxy-en-vrac-kit-de-600-litres-resine-epoxy-de-coulee-pour-une-epaisseur-maximale-de-15-pouce\/","url":"https:\/\/chillepoxy.com\/fr\/produit\/resine-epoxy-en-vrac-kit-de-600-litres-resine-epoxy-de-coulee-pour-une-epaisseur-maximale-de-15-pouce\/","name":"R\u00e9sine \u00e9poxy de coul\u00e9e en profondeur jusqu'\u00e0 1,5\" d'\u00e9paisseur | 600L | CHILL EPOXY","isPartOf":{"@id":"https:\/\/chillepoxy.com\/fr\/#website"},"primaryImageOfPage":{"@id":"https:\/\/chillepoxy.com\/fr\/produit\/resine-epoxy-en-vrac-kit-de-600-litres-resine-epoxy-de-coulee-pour-une-epaisseur-maximale-de-15-pouce\/#primaryimage"},"image":{"@id":"https:\/\/chillepoxy.com\/fr\/produit\/resine-epoxy-en-vrac-kit-de-600-litres-resine-epoxy-de-coulee-pour-une-epaisseur-maximale-de-15-pouce\/#primaryimage"},"thumbnailUrl":"https:\/\/chillepoxy.com\/wp-content\/uploads\/2024\/04\/Bulk-Epoxy-Resin-600L-Drum-Kit.jpg","datePublished":"2024-04-09T17:34:07+00:00","dateModified":"2025-02-11T13:59:58+00:00","description":"R\u00e9sine \u00e9poxy de coul\u00e9e en profondeur jusqu'\u00e0 1,5\" d'\u00e9paisseur 600L R\u00e9duisez vos co\u00fbts de production avec des tarifs exclusifs pour les entrepreneurs sur notre kit de 600 litres de r\u00e9sine \u00e9poxy en vrac.","breadcrumb":{"@id":"https:\/\/chillepoxy.com\/fr\/produit\/resine-epoxy-en-vrac-kit-de-600-litres-resine-epoxy-de-coulee-pour-une-epaisseur-maximale-de-15-pouce\/#breadcrumb"},"inLanguage":"fr-FR","potentialAction":[{"@type":"ReadAction","target":["https:\/\/chillepoxy.com\/fr\/produit\/resine-epoxy-en-vrac-kit-de-600-litres-resine-epoxy-de-coulee-pour-une-epaisseur-maximale-de-15-pouce\/"]}]},{"@type":"ImageObject","inLanguage":"fr-FR","@id":"https:\/\/chillepoxy.com\/fr\/produit\/resine-epoxy-en-vrac-kit-de-600-litres-resine-epoxy-de-coulee-pour-une-epaisseur-maximale-de-15-pouce\/#primaryimage","url":"https:\/\/chillepoxy.com\/wp-content\/uploads\/2024\/04\/Bulk-Epoxy-Resin-600L-Drum-Kit.jpg","contentUrl":"https:\/\/chillepoxy.com\/wp-content\/uploads\/2024\/04\/Bulk-Epoxy-Resin-600L-Drum-Kit.jpg","width":1920,"height":1920,"caption":"R\u00e9sine \u00e9poxy de coul\u00e9e en profondeur jusqu'\u00e0 1,5\" d'\u00e9paisseur | \u00c9poxy sans COV et s\u00e9curitaire pour un contact alimentaire | barils de 600L"},{"@type":"BreadcrumbList","@id":"https:\/\/chillepoxy.com\/fr\/produit\/resine-epoxy-en-vrac-kit-de-600-litres-resine-epoxy-de-coulee-pour-une-epaisseur-maximale-de-15-pouce\/#breadcrumb","itemListElement":[{"@type":"ListItem","position":1,"name":"Home","item":"https:\/\/chillepoxy.com\/fr\/"},{"@type":"ListItem","position":2,"name":"Boutique","item":"https:\/\/chillepoxy.com\/fr\/boutique\/"},{"@type":"ListItem","position":3,"name":"R\u00e9sine \u00e9poxy de coul\u00e9e en profondeur jusqu&#8217;\u00e0 1,5&#8243; d&#8217;\u00e9paisseur | \u00c9poxy sans COV et s\u00e9curitaire pour un contact alimentaire | barils de 600L"}]},{"@type":"WebSite","@id":"https:\/\/chillepoxy.com\/fr\/#website","url":"https:\/\/chillepoxy.com\/fr\/","name":"CHILL EPOXY\u2122 High-Quality Canadian-Made Epoxy Resin","description":"High-Quality Canadian-Made Epoxy Resin | Casting &amp; Art","publisher":{"@id":"https:\/\/chillepoxy.com\/fr\/#organization"},"alternateName":"High-Quality Epoxy Resin","potentialAction":[{"@type":"SearchAction","target":{"@type":"EntryPoint","urlTemplate":"https:\/\/chillepoxy.com\/fr\/?s={search_term_string}"},"query-input":{"@type":"PropertyValueSpecification","valueRequired":true,"valueName":"search_term_string"}}],"inLanguage":"fr-FR"},{"@type":"Organization","@id":"https:\/\/chillepoxy.com\/fr\/#organization","name":"CHILL EPOXY\u2122","alternateName":"High-Quality Canadian-Made Epoxy Resin","url":"https:\/\/chillepoxy.com\/fr\/","logo":{"@type":"ImageObject","inLanguage":"fr-FR","@id":"https:\/\/chillepoxy.com\/fr\/#\/schema\/logo\/image\/","url":"https:\/\/i0.wp.com\/chillepoxy.com\/wp-content\/uploads\/2024\/02\/polymeres_technologies.png?fit=649%2C649&ssl=1","contentUrl":"https:\/\/i0.wp.com\/chillepoxy.com\/wp-content\/uploads\/2024\/02\/polymeres_technologies.png?fit=649%2C649&ssl=1","width":649,"height":649,"caption":"CHILL EPOXY\u2122"},"image":{"@id":"https:\/\/chillepoxy.com\/fr\/#\/schema\/logo\/image\/"},"sameAs":["https:\/\/www.facebook.com\/polymerestechnologies\/","https:\/\/www.instagram.com\/polymeres_technologies\/","https:\/\/www.linkedin.com\/company\/polymeres-technologies\/","https:\/\/www.youtube.com\/channel\/UCDaFKmK4Hn3KPKmBaTXWong"]}]}},"jetpack_publicize_connections":[],"jetpack_sharing_enabled":true,"jetpack_likes_enabled":false,"_links":{"self":[{"href":"https:\/\/chillepoxy.com\/fr\/wp-json\/wp\/v2\/product\/28081","targetHints":{"allow":["GET"]}}],"collection":[{"href":"https:\/\/chillepoxy.com\/fr\/wp-json\/wp\/v2\/product"}],"about":[{"href":"https:\/\/chillepoxy.com\/fr\/wp-json\/wp\/v2\/types\/product"}],"replies":[{"embeddable":true,"href":"https:\/\/chillepoxy.com\/fr\/wp-json\/wp\/v2\/comments?post=28081"}],"wp:featuredmedia":[{"embeddable":true,"href":"https:\/\/chillepoxy.com\/fr\/wp-json\/wp\/v2\/media\/28084"}],"wp:attachment":[{"href":"https:\/\/chillepoxy.com\/fr\/wp-json\/wp\/v2\/media?parent=28081"}],"wp:term":[{"taxonomy":"product_brand","embeddable":true,"href":"https:\/\/chillepoxy.com\/fr\/wp-json\/wp\/v2\/product_brand?post=28081"},{"taxonomy":"product_cat","embeddable":true,"href":"https:\/\/chillepoxy.com\/fr\/wp-json\/wp\/v2\/product_cat?post=28081"},{"taxonomy":"product_tag","embeddable":true,"href":"https:\/\/chillepoxy.com\/fr\/wp-json\/wp\/v2\/product_tag?post=28081"}],"curies":[{"name":"wp","href":"https:\/\/api.w.org\/{rel}","templated":true}]}}