{"id":28094,"date":"2024-04-10T13:41:11","date_gmt":"2024-04-10T17:41:11","guid":{"rendered":"https:\/\/chillepoxy.com\/product\/resine-epoxy-en-vrac-kit-de-600-litres-coulee-ultra-profonde-pour-epaisseurs-de-2-a-3-pouces\/"},"modified":"2025-02-11T08:20:42","modified_gmt":"2025-02-11T13:20:42","slug":"resine-epoxy-en-vrac-kit-de-600-litres-coulee-ultra-profonde-pour-epaisseurs-de-2-a-3-pouces","status":"publish","type":"product","link":"https:\/\/chillepoxy.com\/fr\/produit\/resine-epoxy-en-vrac-kit-de-600-litres-coulee-ultra-profonde-pour-epaisseurs-de-2-a-3-pouces\/","title":{"rendered":"R\u00e9sine \u00e9poxy ultra deep pour pour tables rivi\u00e8re de 2 \u00e0 3 pouces d&rsquo;\u00e9paisseur | r\u00e9sine \u00e9poxy sans COV et s\u00e9curitaire pour les aliments | 600L |"},"content":{"rendered":"<h1>R\u00e9sine \u00e9poxy ultra deep pour pour tables rivi\u00e8re de 2 \u00e0 3 pouces d&rsquo;\u00e9paisseur | r\u00e9sine \u00e9poxy sans COV et s\u00e9curitaire pour les aliments | 600L |<\/h1>\n<p>R\u00e9sine \u00e9poxy coul\u00e9e ultra profonde pour tables rivi\u00e8re de 2 \u00e0 3 pouces d&rsquo;\u00e9paisseur D\u00e9couvrez notre kit de r\u00e9sine \u00e9poxy en vrac de 600 litres, con\u00e7u pour des coul\u00e9es ultra-profondes de 2 \u00e0 3 pouces. Ce kit est parfait pour la fabrication de tables de rivi\u00e8re, offrant une solution \u00e9conomique qui \u00e9limine le besoin de commandes multiples et de frais d&rsquo;exp\u00e9dition.<\/p>\n<p>Compos\u00e9 de 400 litres (2x 200 litres) de R\u00e9sine Partie A et de 200 litres de Durcisseur Partie B, ce kit est livr\u00e9 avec des valves de distribution de 2 pouces pour un placement pratique horizontal ou vertical du tambour avec des pompes. Notre syst\u00e8me sp\u00e9cialement formul\u00e9 vous permet de verser des tables de rivi\u00e8re de 3 pouces d&rsquo;\u00e9paisseur en une seule coul\u00e9e sans surchauffe, garantissant une r\u00e9traction minimale et maintenant une clart\u00e9 optique.<\/p>\n<p>Avec la viscosit\u00e9 la plus basse sur le march\u00e9 pour une lib\u00e9ration efficace des bulles, un ratio facile de 2:1, un temps de travail prolong\u00e9 et une r\u00e9action exothermique faible, notre kit de r\u00e9sine \u00e9poxy en vrac de 600 litres offre des performances in\u00e9gal\u00e9es pour vos projets de menuiserie.<\/p>\n<p><strong>Cr\u00e9ez la table de rivi\u00e8re ultime<\/strong> Plongez dans le monde de la cr\u00e9ativit\u00e9 illimit\u00e9e avec notre kit de r\u00e9sine \u00e9poxy en vrac de 600 litres, sp\u00e9cialement con\u00e7u pour des coul\u00e9es ultra-profondes allant jusqu&rsquo;\u00e0 2 \u00e0 3 pouces d&rsquo;\u00e9paisseur ! Cr\u00e9ez des tables de rivi\u00e8re exquises.<\/p>\n<ul>\n<li>R\u00e9duisez les co\u00fbts : \u00c9vitez les commandes multiples et les frais d&rsquo;exp\u00e9dition avec notre kit de tambour de 600 litres, garantissant un flux de travail ininterrompu et des co\u00fbts de production r\u00e9duits.<\/li>\n<li>Id\u00e9al pour les ateliers de menuiserie : Adapt\u00e9 aux artisans de la menuiserie, ce kit simplifie vos besoins en r\u00e9sine, vous permettant de vous concentrer sur votre m\u00e9tier.<\/li>\n<li>Usage polyvalent : Que vous pr\u00e9f\u00e9riez un placement horizontal ou vertical du tambour, notre kit s&rsquo;adapte aux deux, avec des valves de distribution pratiques de 2 pouces pour un versement pr\u00e9cis.<\/li>\n<\/ul>\n<h2>Ultra deep pour pour coul\u00e9es de 2 \u00e0 3 pouces d&rsquo;\u00e9paisseur | tables rivi\u00e8re \u00e9paisses<\/h2>\n<p>D\u00e9couvrez la facilit\u00e9 d&rsquo;utilisation avec un ratio parfait de 2:1 de R\u00e9sine Partie A (400L) et de Durcisseur Partie B (200L). Obtenez des r\u00e9sultats \u00e9poustouflants avec un temps de travail prolong\u00e9 et une r\u00e9traction minimale, tout en maintenant une clart\u00e9 optique et une finition professionnelle.<\/p>\n<ul>\n<li>Lib\u00e9ration de bulles sup\u00e9rieure : Con\u00e7u avec la viscosit\u00e9 la plus basse du march\u00e9, notre r\u00e9sine garantit des surfaces sans bulles, parfaitement lisses \u00e0 chaque fois.<\/li>\n<li>Contr\u00f4le de la temp\u00e9rature : Dites adieu aux soucis de surchauffe. Notre formulation pr\u00e9sente une r\u00e9action exothermique faible, garantissant une exp\u00e9rience de coul\u00e9e en douceur.<\/li>\n<\/ul>\n<p><strong>\u00c9levez votre m\u00e9tier<\/strong> Saisissez l&rsquo;opportunit\u00e9 de cr\u00e9er des tables de rivi\u00e8re impressionnantes avec confiance. Lib\u00e9rez votre cr\u00e9ativit\u00e9 et transformez des espaces ordinaires en \u0153uvres d&rsquo;art extraordinaires avec notre kit de r\u00e9sine \u00e9poxy en vrac de 600 litres.<\/p>\n","protected":false},"excerpt":{"rendered":"<p><span style=\"font-size: 100%;\">R\u00e9sine \u00e9poxy en vrac &#8211; Barils 600 litres, con\u00e7u pour des coul\u00e9es ultra profondes de 2 \u00e0 3 pouces. Ce kit est parfait pour la fabrication de tables de rivi\u00e8re, offrant une solution \u00e9conomique qui \u00e9limine le besoin de commandes multiples et de frais d&rsquo;exp\u00e9dition. Compos\u00e9 de 400 litres (2x 200 litres) de R\u00e9sine Partie A et de 200 litres de Durcisseur Partie B, ce kit est livr\u00e9 avec des valves de distribution de 2 pouces pour un placement pratique horizontal ou vertical du tambour avec des pompes. Notre syst\u00e8me sp\u00e9cialement formul\u00e9 vous permet de verser des tables de rivi\u00e8re de 3 pouces d&rsquo;\u00e9paisseur en une seule coul\u00e9e sans surchauffe, garantissant une r\u00e9traction minimale et maintenant une clart\u00e9 optique.<\/span><\/p>\n","protected":false},"featured_media":28089,"comment_status":"open","ping_status":"closed","template":"","meta":{"jetpack_publicize_message":"","jetpack_publicize_feature_enabled":true,"jetpack_social_post_already_shared":true,"jetpack_social_options":{"image_generator_settings":{"template":"highway","default_image_id":0,"font":"","enabled":false},"version":2}},"product_brand":[],"product_cat":[1381,1379],"product_tag":[],"class_list":{"0":"post-28094","1":"product","2":"type-product","3":"status-publish","4":"has-post-thumbnail","6":"product_cat-600l-15850-gallon-fr","7":"product_cat-en-gros","8":"product_shipping_class-livraison-gratuite-kits-de-600-l","10":"first","11":"instock","12":"taxable","13":"shipping-taxable","14":"purchasable","15":"product-type-simple"},"yoast_head":"<!-- This site is optimized with the Yoast SEO Premium plugin v27.3 (Yoast SEO v27.3) - https:\/\/yoast.com\/product\/yoast-seo-premium-wordpress\/ -->\n<title>R\u00e9sine \u00e9poxy coul\u00e9e ultra profonde pour tables rivi\u00e8re de 2 \u00e0 3 pouces d&#039;\u00e9paisseur | 600L CHILL EPOXY<\/title>\n<meta name=\"description\" content=\"R\u00e9sine \u00e9poxy coul\u00e9e ultra profonde pour tables rivi\u00e8re de 2 \u00e0 3 pouces d&#039;\u00e9paisseur \u2013 600L, con\u00e7u pour des coul\u00e9es ultra-profondes jusqu&#039;\u00e0 2-3 pouces d&#039;\u00e9paisseur. Cr\u00e9ez des tables rivi\u00e8re impeccables avec facilit\u00e9.\" \/>\n<meta name=\"robots\" content=\"index, follow, max-snippet:-1, max-image-preview:large, max-video-preview:-1\" \/>\n<link rel=\"canonical\" href=\"https:\/\/chillepoxy.com\/fr\/produit\/resine-epoxy-en-vrac-kit-de-600-litres-coulee-ultra-profonde-pour-epaisseurs-de-2-a-3-pouces\/\" \/>\n<meta property=\"og:locale\" content=\"fr_FR\" \/>\n<meta property=\"og:type\" content=\"article\" \/>\n<meta property=\"og:title\" content=\"R\u00e9sine \u00e9poxy ultra deep pour pour tables rivi\u00e8re de 2 \u00e0 3 pouces d&#039;\u00e9paisseur | r\u00e9sine \u00e9poxy sans COV et s\u00e9curitaire pour les aliments | 600L |\" \/>\n<meta property=\"og:description\" content=\"R\u00e9sine \u00e9poxy coul\u00e9e ultra profonde pour tables rivi\u00e8re de 2 \u00e0 3 pouces d&#039;\u00e9paisseur \u2013 600L, con\u00e7u pour des coul\u00e9es ultra-profondes jusqu&#039;\u00e0 2-3 pouces d&#039;\u00e9paisseur. Cr\u00e9ez des tables rivi\u00e8re impeccables avec facilit\u00e9.\" \/>\n<meta property=\"og:url\" content=\"https:\/\/chillepoxy.com\/fr\/produit\/resine-epoxy-en-vrac-kit-de-600-litres-coulee-ultra-profonde-pour-epaisseurs-de-2-a-3-pouces\/\" \/>\n<meta property=\"og:site_name\" content=\"CHILL EPOXY\" \/>\n<meta property=\"article:publisher\" content=\"https:\/\/www.facebook.com\/polymerestechnologies\/\" \/>\n<meta property=\"article:modified_time\" content=\"2025-02-11T13:20:42+00:00\" \/>\n<meta property=\"og:image\" content=\"https:\/\/chillepoxy.com\/wp-content\/uploads\/2024\/04\/Bulk-600L-of-Ultra-Deep-Pour.jpg\" \/>\n\t<meta property=\"og:image:width\" content=\"1920\" \/>\n\t<meta property=\"og:image:height\" content=\"1920\" \/>\n\t<meta property=\"og:image:type\" content=\"image\/jpeg\" \/>\n<meta name=\"twitter:card\" content=\"summary_large_image\" \/>\n<meta name=\"twitter:label1\" content=\"Dur\u00e9e de lecture estim\u00e9e\" \/>\n\t<meta name=\"twitter:data1\" content=\"3 minutes\" \/>\n<script type=\"application\/ld+json\" class=\"yoast-schema-graph\">{\"@context\":\"https:\\\/\\\/schema.org\",\"@graph\":[{\"@type\":\"WebPage\",\"@id\":\"https:\\\/\\\/chillepoxy.com\\\/fr\\\/produit\\\/resine-epoxy-en-vrac-kit-de-600-litres-coulee-ultra-profonde-pour-epaisseurs-de-2-a-3-pouces\\\/\",\"url\":\"https:\\\/\\\/chillepoxy.com\\\/fr\\\/produit\\\/resine-epoxy-en-vrac-kit-de-600-litres-coulee-ultra-profonde-pour-epaisseurs-de-2-a-3-pouces\\\/\",\"name\":\"R\u00e9sine \u00e9poxy coul\u00e9e ultra profonde pour tables rivi\u00e8re de 2 \u00e0 3 pouces d'\u00e9paisseur | 600L CHILL EPOXY\",\"isPartOf\":{\"@id\":\"https:\\\/\\\/chillepoxy.com\\\/fr\\\/#website\"},\"primaryImageOfPage\":{\"@id\":\"https:\\\/\\\/chillepoxy.com\\\/fr\\\/produit\\\/resine-epoxy-en-vrac-kit-de-600-litres-coulee-ultra-profonde-pour-epaisseurs-de-2-a-3-pouces\\\/#primaryimage\"},\"image\":{\"@id\":\"https:\\\/\\\/chillepoxy.com\\\/fr\\\/produit\\\/resine-epoxy-en-vrac-kit-de-600-litres-coulee-ultra-profonde-pour-epaisseurs-de-2-a-3-pouces\\\/#primaryimage\"},\"thumbnailUrl\":\"https:\\\/\\\/chillepoxy.com\\\/wp-content\\\/uploads\\\/2024\\\/04\\\/Bulk-600L-of-Ultra-Deep-Pour.jpg\",\"datePublished\":\"2024-04-10T17:41:11+00:00\",\"dateModified\":\"2025-02-11T13:20:42+00:00\",\"description\":\"R\u00e9sine \u00e9poxy coul\u00e9e ultra profonde pour tables rivi\u00e8re de 2 \u00e0 3 pouces d'\u00e9paisseur \u2013 600L, con\u00e7u pour des coul\u00e9es ultra-profondes jusqu'\u00e0 2-3 pouces d'\u00e9paisseur. Cr\u00e9ez des tables rivi\u00e8re impeccables avec facilit\u00e9.\",\"breadcrumb\":{\"@id\":\"https:\\\/\\\/chillepoxy.com\\\/fr\\\/produit\\\/resine-epoxy-en-vrac-kit-de-600-litres-coulee-ultra-profonde-pour-epaisseurs-de-2-a-3-pouces\\\/#breadcrumb\"},\"inLanguage\":\"fr-FR\",\"potentialAction\":[{\"@type\":\"ReadAction\",\"target\":[\"https:\\\/\\\/chillepoxy.com\\\/fr\\\/produit\\\/resine-epoxy-en-vrac-kit-de-600-litres-coulee-ultra-profonde-pour-epaisseurs-de-2-a-3-pouces\\\/\"]}]},{\"@type\":\"ImageObject\",\"inLanguage\":\"fr-FR\",\"@id\":\"https:\\\/\\\/chillepoxy.com\\\/fr\\\/produit\\\/resine-epoxy-en-vrac-kit-de-600-litres-coulee-ultra-profonde-pour-epaisseurs-de-2-a-3-pouces\\\/#primaryimage\",\"url\":\"https:\\\/\\\/chillepoxy.com\\\/wp-content\\\/uploads\\\/2024\\\/04\\\/Bulk-600L-of-Ultra-Deep-Pour.jpg\",\"contentUrl\":\"https:\\\/\\\/chillepoxy.com\\\/wp-content\\\/uploads\\\/2024\\\/04\\\/Bulk-600L-of-Ultra-Deep-Pour.jpg\",\"width\":1920,\"height\":1920,\"caption\":\"R\u00e9sine \u00e9poxy coul\u00e9e ultra profonde pour tables rivi\u00e8re de 2 \u00e0 3 pouces d'\u00e9paisseur\"},{\"@type\":\"BreadcrumbList\",\"@id\":\"https:\\\/\\\/chillepoxy.com\\\/fr\\\/produit\\\/resine-epoxy-en-vrac-kit-de-600-litres-coulee-ultra-profonde-pour-epaisseurs-de-2-a-3-pouces\\\/#breadcrumb\",\"itemListElement\":[{\"@type\":\"ListItem\",\"position\":1,\"name\":\"Home\",\"item\":\"https:\\\/\\\/chillepoxy.com\\\/fr\\\/\"},{\"@type\":\"ListItem\",\"position\":2,\"name\":\"Boutique\",\"item\":\"https:\\\/\\\/chillepoxy.com\\\/fr\\\/boutique\\\/\"},{\"@type\":\"ListItem\",\"position\":3,\"name\":\"R\u00e9sine \u00e9poxy ultra deep pour pour tables rivi\u00e8re de 2 \u00e0 3 pouces d&#8217;\u00e9paisseur | r\u00e9sine \u00e9poxy sans COV et s\u00e9curitaire pour les aliments | 600L |\"}]},{\"@type\":\"WebSite\",\"@id\":\"https:\\\/\\\/chillepoxy.com\\\/fr\\\/#website\",\"url\":\"https:\\\/\\\/chillepoxy.com\\\/fr\\\/\",\"name\":\"CHILL EPOXY\u2122 High-Quality Canadian-Made Epoxy Resin\",\"description\":\"High-Quality Canadian-Made Epoxy Resin | Casting &amp; Art\",\"publisher\":{\"@id\":\"https:\\\/\\\/chillepoxy.com\\\/fr\\\/#organization\"},\"alternateName\":\"High-Quality Epoxy Resin\",\"potentialAction\":[{\"@type\":\"SearchAction\",\"target\":{\"@type\":\"EntryPoint\",\"urlTemplate\":\"https:\\\/\\\/chillepoxy.com\\\/fr\\\/?s={search_term_string}\"},\"query-input\":{\"@type\":\"PropertyValueSpecification\",\"valueRequired\":true,\"valueName\":\"search_term_string\"}}],\"inLanguage\":\"fr-FR\"},{\"@type\":\"Organization\",\"@id\":\"https:\\\/\\\/chillepoxy.com\\\/fr\\\/#organization\",\"name\":\"CHILL EPOXY\u2122\",\"alternateName\":\"High-Quality Canadian-Made Epoxy Resin\",\"url\":\"https:\\\/\\\/chillepoxy.com\\\/fr\\\/\",\"logo\":{\"@type\":\"ImageObject\",\"inLanguage\":\"fr-FR\",\"@id\":\"https:\\\/\\\/chillepoxy.com\\\/fr\\\/#\\\/schema\\\/logo\\\/image\\\/\",\"url\":\"https:\\\/\\\/i0.wp.com\\\/chillepoxy.com\\\/wp-content\\\/uploads\\\/2024\\\/02\\\/polymeres_technologies.png?fit=649%2C649&ssl=1\",\"contentUrl\":\"https:\\\/\\\/i0.wp.com\\\/chillepoxy.com\\\/wp-content\\\/uploads\\\/2024\\\/02\\\/polymeres_technologies.png?fit=649%2C649&ssl=1\",\"width\":649,\"height\":649,\"caption\":\"CHILL EPOXY\u2122\"},\"image\":{\"@id\":\"https:\\\/\\\/chillepoxy.com\\\/fr\\\/#\\\/schema\\\/logo\\\/image\\\/\"},\"sameAs\":[\"https:\\\/\\\/www.facebook.com\\\/polymerestechnologies\\\/\",\"https:\\\/\\\/www.instagram.com\\\/polymeres_technologies\\\/\",\"https:\\\/\\\/www.linkedin.com\\\/company\\\/polymeres-technologies\\\/\",\"https:\\\/\\\/www.youtube.com\\\/channel\\\/UCDaFKmK4Hn3KPKmBaTXWong\"]}]}<\/script>\n<!-- \/ Yoast SEO Premium plugin. -->","yoast_head_json":{"title":"R\u00e9sine \u00e9poxy coul\u00e9e ultra profonde pour tables rivi\u00e8re de 2 \u00e0 3 pouces d'\u00e9paisseur | 600L CHILL EPOXY","description":"R\u00e9sine \u00e9poxy coul\u00e9e ultra profonde pour tables rivi\u00e8re de 2 \u00e0 3 pouces d'\u00e9paisseur \u2013 600L, con\u00e7u pour des coul\u00e9es ultra-profondes jusqu'\u00e0 2-3 pouces d'\u00e9paisseur. Cr\u00e9ez des tables rivi\u00e8re impeccables avec facilit\u00e9.","robots":{"index":"index","follow":"follow","max-snippet":"max-snippet:-1","max-image-preview":"max-image-preview:large","max-video-preview":"max-video-preview:-1"},"canonical":"https:\/\/chillepoxy.com\/fr\/produit\/resine-epoxy-en-vrac-kit-de-600-litres-coulee-ultra-profonde-pour-epaisseurs-de-2-a-3-pouces\/","og_locale":"fr_FR","og_type":"article","og_title":"R\u00e9sine \u00e9poxy ultra deep pour pour tables rivi\u00e8re de 2 \u00e0 3 pouces d'\u00e9paisseur | r\u00e9sine \u00e9poxy sans COV et s\u00e9curitaire pour les aliments | 600L |","og_description":"R\u00e9sine \u00e9poxy coul\u00e9e ultra profonde pour tables rivi\u00e8re de 2 \u00e0 3 pouces d'\u00e9paisseur \u2013 600L, con\u00e7u pour des coul\u00e9es ultra-profondes jusqu'\u00e0 2-3 pouces d'\u00e9paisseur. Cr\u00e9ez des tables rivi\u00e8re impeccables avec facilit\u00e9.","og_url":"https:\/\/chillepoxy.com\/fr\/produit\/resine-epoxy-en-vrac-kit-de-600-litres-coulee-ultra-profonde-pour-epaisseurs-de-2-a-3-pouces\/","og_site_name":"CHILL EPOXY","article_publisher":"https:\/\/www.facebook.com\/polymerestechnologies\/","article_modified_time":"2025-02-11T13:20:42+00:00","og_image":[{"width":1920,"height":1920,"url":"https:\/\/chillepoxy.com\/wp-content\/uploads\/2024\/04\/Bulk-600L-of-Ultra-Deep-Pour.jpg","type":"image\/jpeg"}],"twitter_card":"summary_large_image","twitter_misc":{"Dur\u00e9e de lecture estim\u00e9e":"3 minutes"},"schema":{"@context":"https:\/\/schema.org","@graph":[{"@type":"WebPage","@id":"https:\/\/chillepoxy.com\/fr\/produit\/resine-epoxy-en-vrac-kit-de-600-litres-coulee-ultra-profonde-pour-epaisseurs-de-2-a-3-pouces\/","url":"https:\/\/chillepoxy.com\/fr\/produit\/resine-epoxy-en-vrac-kit-de-600-litres-coulee-ultra-profonde-pour-epaisseurs-de-2-a-3-pouces\/","name":"R\u00e9sine \u00e9poxy coul\u00e9e ultra profonde pour tables rivi\u00e8re de 2 \u00e0 3 pouces d'\u00e9paisseur | 600L CHILL EPOXY","isPartOf":{"@id":"https:\/\/chillepoxy.com\/fr\/#website"},"primaryImageOfPage":{"@id":"https:\/\/chillepoxy.com\/fr\/produit\/resine-epoxy-en-vrac-kit-de-600-litres-coulee-ultra-profonde-pour-epaisseurs-de-2-a-3-pouces\/#primaryimage"},"image":{"@id":"https:\/\/chillepoxy.com\/fr\/produit\/resine-epoxy-en-vrac-kit-de-600-litres-coulee-ultra-profonde-pour-epaisseurs-de-2-a-3-pouces\/#primaryimage"},"thumbnailUrl":"https:\/\/chillepoxy.com\/wp-content\/uploads\/2024\/04\/Bulk-600L-of-Ultra-Deep-Pour.jpg","datePublished":"2024-04-10T17:41:11+00:00","dateModified":"2025-02-11T13:20:42+00:00","description":"R\u00e9sine \u00e9poxy coul\u00e9e ultra profonde pour tables rivi\u00e8re de 2 \u00e0 3 pouces d'\u00e9paisseur \u2013 600L, con\u00e7u pour des coul\u00e9es ultra-profondes jusqu'\u00e0 2-3 pouces d'\u00e9paisseur. Cr\u00e9ez des tables rivi\u00e8re impeccables avec facilit\u00e9.","breadcrumb":{"@id":"https:\/\/chillepoxy.com\/fr\/produit\/resine-epoxy-en-vrac-kit-de-600-litres-coulee-ultra-profonde-pour-epaisseurs-de-2-a-3-pouces\/#breadcrumb"},"inLanguage":"fr-FR","potentialAction":[{"@type":"ReadAction","target":["https:\/\/chillepoxy.com\/fr\/produit\/resine-epoxy-en-vrac-kit-de-600-litres-coulee-ultra-profonde-pour-epaisseurs-de-2-a-3-pouces\/"]}]},{"@type":"ImageObject","inLanguage":"fr-FR","@id":"https:\/\/chillepoxy.com\/fr\/produit\/resine-epoxy-en-vrac-kit-de-600-litres-coulee-ultra-profonde-pour-epaisseurs-de-2-a-3-pouces\/#primaryimage","url":"https:\/\/chillepoxy.com\/wp-content\/uploads\/2024\/04\/Bulk-600L-of-Ultra-Deep-Pour.jpg","contentUrl":"https:\/\/chillepoxy.com\/wp-content\/uploads\/2024\/04\/Bulk-600L-of-Ultra-Deep-Pour.jpg","width":1920,"height":1920,"caption":"R\u00e9sine \u00e9poxy coul\u00e9e ultra profonde pour tables rivi\u00e8re de 2 \u00e0 3 pouces d'\u00e9paisseur"},{"@type":"BreadcrumbList","@id":"https:\/\/chillepoxy.com\/fr\/produit\/resine-epoxy-en-vrac-kit-de-600-litres-coulee-ultra-profonde-pour-epaisseurs-de-2-a-3-pouces\/#breadcrumb","itemListElement":[{"@type":"ListItem","position":1,"name":"Home","item":"https:\/\/chillepoxy.com\/fr\/"},{"@type":"ListItem","position":2,"name":"Boutique","item":"https:\/\/chillepoxy.com\/fr\/boutique\/"},{"@type":"ListItem","position":3,"name":"R\u00e9sine \u00e9poxy ultra deep pour pour tables rivi\u00e8re de 2 \u00e0 3 pouces d&#8217;\u00e9paisseur | r\u00e9sine \u00e9poxy sans COV et s\u00e9curitaire pour les aliments | 600L |"}]},{"@type":"WebSite","@id":"https:\/\/chillepoxy.com\/fr\/#website","url":"https:\/\/chillepoxy.com\/fr\/","name":"CHILL EPOXY\u2122 High-Quality Canadian-Made Epoxy Resin","description":"High-Quality Canadian-Made Epoxy Resin | Casting &amp; Art","publisher":{"@id":"https:\/\/chillepoxy.com\/fr\/#organization"},"alternateName":"High-Quality Epoxy Resin","potentialAction":[{"@type":"SearchAction","target":{"@type":"EntryPoint","urlTemplate":"https:\/\/chillepoxy.com\/fr\/?s={search_term_string}"},"query-input":{"@type":"PropertyValueSpecification","valueRequired":true,"valueName":"search_term_string"}}],"inLanguage":"fr-FR"},{"@type":"Organization","@id":"https:\/\/chillepoxy.com\/fr\/#organization","name":"CHILL EPOXY\u2122","alternateName":"High-Quality Canadian-Made Epoxy Resin","url":"https:\/\/chillepoxy.com\/fr\/","logo":{"@type":"ImageObject","inLanguage":"fr-FR","@id":"https:\/\/chillepoxy.com\/fr\/#\/schema\/logo\/image\/","url":"https:\/\/i0.wp.com\/chillepoxy.com\/wp-content\/uploads\/2024\/02\/polymeres_technologies.png?fit=649%2C649&ssl=1","contentUrl":"https:\/\/i0.wp.com\/chillepoxy.com\/wp-content\/uploads\/2024\/02\/polymeres_technologies.png?fit=649%2C649&ssl=1","width":649,"height":649,"caption":"CHILL EPOXY\u2122"},"image":{"@id":"https:\/\/chillepoxy.com\/fr\/#\/schema\/logo\/image\/"},"sameAs":["https:\/\/www.facebook.com\/polymerestechnologies\/","https:\/\/www.instagram.com\/polymeres_technologies\/","https:\/\/www.linkedin.com\/company\/polymeres-technologies\/","https:\/\/www.youtube.com\/channel\/UCDaFKmK4Hn3KPKmBaTXWong"]}]}},"jetpack_publicize_connections":[],"jetpack_sharing_enabled":true,"jetpack_likes_enabled":false,"_links":{"self":[{"href":"https:\/\/chillepoxy.com\/fr\/wp-json\/wp\/v2\/product\/28094","targetHints":{"allow":["GET"]}}],"collection":[{"href":"https:\/\/chillepoxy.com\/fr\/wp-json\/wp\/v2\/product"}],"about":[{"href":"https:\/\/chillepoxy.com\/fr\/wp-json\/wp\/v2\/types\/product"}],"replies":[{"embeddable":true,"href":"https:\/\/chillepoxy.com\/fr\/wp-json\/wp\/v2\/comments?post=28094"}],"wp:featuredmedia":[{"embeddable":true,"href":"https:\/\/chillepoxy.com\/fr\/wp-json\/wp\/v2\/media\/28089"}],"wp:attachment":[{"href":"https:\/\/chillepoxy.com\/fr\/wp-json\/wp\/v2\/media?parent=28094"}],"wp:term":[{"taxonomy":"product_brand","embeddable":true,"href":"https:\/\/chillepoxy.com\/fr\/wp-json\/wp\/v2\/product_brand?post=28094"},{"taxonomy":"product_cat","embeddable":true,"href":"https:\/\/chillepoxy.com\/fr\/wp-json\/wp\/v2\/product_cat?post=28094"},{"taxonomy":"product_tag","embeddable":true,"href":"https:\/\/chillepoxy.com\/fr\/wp-json\/wp\/v2\/product_tag?post=28094"}],"curies":[{"name":"wp","href":"https:\/\/api.w.org\/{rel}","templated":true}]}}