{"id":33411,"date":"2025-01-29T15:02:54","date_gmt":"2025-01-29T20:02:54","guid":{"rendered":"https:\/\/chillepoxy.com\/product\/resine-de-finition-epoxy-transparente-pour-planchers-industriels-revetement-epoxy-resistant-aux-uv-shield-tec-803\/"},"modified":"2025-02-11T08:34:16","modified_gmt":"2025-02-11T13:34:16","slug":"resine-de-finition-epoxy-transparente-pour-planchers-industriels-revetement-epoxy-resistant-aux-uv-shield-tec-803","status":"publish","type":"product","link":"https:\/\/chillepoxy.com\/fr\/produit\/resine-de-finition-epoxy-transparente-pour-planchers-industriels-revetement-epoxy-resistant-aux-uv-shield-tec-803\/","title":{"rendered":"R\u00e9sine de finition \u00e9poxy transparente pour planchers industriels | Rev\u00eatement \u00e9poxy r\u00e9sistant aux UV | SHIELD-TEC 803"},"content":{"rendered":"<h3>R\u00e9sine de finition \u00e9poxy transparente pour planchers industriels &#8211; SHIELD-TEC\u2122 803<\/h3>\n<p>R\u00e9sine de finition \u00e9poxy transparente pour planchers industriels. D\u00e9couvrez les caract\u00e9ristiques exceptionnelles de SHIELD-TEC\u2122 803, un rev\u00eatement \u00e9poxy bicomposant haut de gamme, 100 % solide, sp\u00e9cialement con\u00e7u pour r\u00e9pondre aux exigences rigoureuses des environnements commerciaux et industriels. Ce rev\u00eatement \u00e9poxy transparent \u00e0 faible odeur offre une finition haute brillance et une protection sup\u00e9rieure contre l\u2019usure, le distinguant des autres produits sur le march\u00e9.  <\/p>\n<p>Qualit\u00e9 et durabilit\u00e9 in\u00e9gal\u00e9es :<\/p>\n<ul>\n<li>SHIELD-TEC\u2122 803 offre une transparence unique et une stabilit\u00e9 \u00e0 long terme, garantissant une qualit\u00e9 in\u00e9gal\u00e9e pour les projets architecturaux.<\/li>\n<li>Ce rev\u00eatement s\u2019applique parfaitement sur des couches d\u2019\u00e9poxy existantes ou directement sur le b\u00e9ton et autres surfaces \u00e0 forte humidit\u00e9, offrant ainsi une grande polyvalence et une application facile.<\/li>\n<li>Id\u00e9al pour les environnements n\u00e9cessitant un nettoyage fr\u00e9quent, il offre une excellente protection pour les couches interm\u00e9diaires color\u00e9es, les flocons de vinyle et les rev\u00eatements architecturaux color\u00e9s tels que notre SHIELD-TEC\u2122 802 F.<\/li>\n<\/ul>\n<p>Caract\u00e9ristiques robustes :<\/p>\n<ul>\n<li>Imperm\u00e9able et hautement r\u00e9sistant \u00e0 l&rsquo;abrasion, SHIELD-TEC\u2122 803 est un choix fiable pour les zones expos\u00e9es \u00e0 l&rsquo;humidit\u00e9 et au passage intensif.<\/li>\n<li>Sa formulation 100 % solide et sans solvant garantit une finition durable sans compromis.<\/li>\n<li>Conforme aux exigences de l&rsquo;ACIA, il garantit le respect des normes de s\u00e9curit\u00e9.<\/li>\n<li>Facile \u00e0 nettoyer et dot\u00e9 de propri\u00e9t\u00e9s chimiques et physiques exceptionnelles, ce rev\u00eatement r\u00e9siste \u00e0 l\u2019\u00e9preuve du temps.<\/li>\n<li>Sa r\u00e9sistance exceptionnelle aux impacts r\u00e9duit le risque de dommages et d\u2019usure sur les rev\u00eatements \u00e9poxy color\u00e9s.<\/li>\n<\/ul>\n<h1>R\u00e9sine de finition \u00e9poxy transparente pour planchers industriels &#8211; SHIELD-TEC\u2122 803<\/h1>\n<p>Sp\u00e9cifications pratiques :<\/p>\n<ul>\n<li>Chaque unit\u00e9 est pr\u00e9-dos\u00e9e dans un format pratique de 15L.<\/li>\n<li>Gr\u00e2ce \u00e0 ses propri\u00e9t\u00e9s autonivelantes et sa faible viscosit\u00e9, SHIELD-TEC\u2122 803 peut \u00eatre appliqu\u00e9 \u00e0 l\u2019aide d\u2019une squeegee lisse ou crant\u00e9e, ou encore avec un rouleau de 6 mm.<\/li>\n<\/ul>\n<p>Applications polyvalentes : SHIELD-TEC\u2122 803 s\u2019int\u00e8gre dans divers environnements, notamment, mais sans s\u2019y limiter :<\/p>\n<ul>\n<li>B\u00e2timents agricoles et commerciaux.<\/li>\n<li>B\u00e2timents municipaux (stations de pompage, ar\u00e9nas, garages municipaux)<\/li>\n<li>H\u00f4pitaux.<\/li>\n<li>B\u00e2timents scolaires<\/li>\n<li>Centres nautiques<\/li>\n<li>Zones de production industrielle, salles m\u00e9caniques et entrep\u00f4ts.<\/li>\n<li>Centres de loisirs.<\/li>\n<\/ul>\n<p>Lorsque vous avez besoin d&rsquo;un rev\u00eatement de sol \u00e9poxy autonivelant alliant esth\u00e9tisme, durabilit\u00e9 et facilit\u00e9 d&rsquo;application, SHIELD-TEC\u2122 803 est le choix ultime. Am\u00e9liorez vos espaces commerciaux et industriels avec un rev\u00eatement qui d\u00e9passe les attentes. <\/p>\n","protected":false},"excerpt":{"rendered":"<p><strong>SHIELD-TEC\u2122 803 <\/strong> est une finition \u00e9poxy transparente bicomposante, 100 % solide, sp\u00e9cialement con\u00e7ue pour les sols en b\u00e9ton. Il offre une finition brillante et transparente, avec une faible odeur, une excellente protection contre l&rsquo;usure et un entretien facile. Id\u00e9al pour les applications industrielles, commerciales et r\u00e9sidentielles, y compris les projets m\u00e9tallis\u00e9s, il prot\u00e8ge les rev\u00eatements color\u00e9s comme les flocons de vinyle et peut \u00eatre appliqu\u00e9 sur une \u00e9poxy existante ou directement sur du b\u00e9ton dans des environnements \u00e0 forte humidit\u00e9. Imperm\u00e9able et r\u00e9sistant \u00e0 l&rsquo;abrasion ainsi qu&rsquo;aux impacts, SHIELD-TEC\u2122 803 garantit une durabilit\u00e9 et une stabilit\u00e9 \u00e0 long terme. Sa formule autonivelante, 100 % solide et sans solvant, est conforme aux normes de l&rsquo;ACIA, assurant une protection chimique et physique sup\u00e9rieure.   <\/p>\n","protected":false},"featured_media":32050,"comment_status":"open","ping_status":"closed","template":"","meta":{"inline_featured_image":false,"jetpack_publicize_message":"","jetpack_publicize_feature_enabled":true,"jetpack_social_post_already_shared":true,"jetpack_social_options":{"image_generator_settings":{"template":"highway","default_image_id":0,"font":"","enabled":false},"version":2}},"product_brand":[],"product_cat":[1423,1425,83,85],"product_tag":[],"class_list":{"0":"post-33411","1":"product","2":"type-product","3":"status-publish","4":"has-post-thumbnail","6":"product_cat-1-4-0-63cm-fr","7":"product_cat-15l-3-96-gallon-fr","8":"product_cat-resines-epoxy","9":"product_cat-revetement-de-plancher-epoxy","11":"first","12":"instock","13":"taxable","14":"shipping-taxable","15":"purchasable","16":"product-type-variable"},"yoast_head":"<!-- This site is optimized with the Yoast SEO Premium plugin v27.3 (Yoast SEO v27.3) - https:\/\/yoast.com\/product\/yoast-seo-premium-wordpress\/ -->\n<title>R\u00e9sine de finition \u00e9poxy transparente pour planchers industriels | \u00c9poxy r\u00e9sistant aux UV CHILL EPOXY<\/title>\n<meta name=\"description\" content=\"R\u00e9sine de finition \u00e9poxy transparente pour planchers industriels. SHIELD-TEC\u2122 803 r\u00e9sine de finition \u00e9poxy transparente offre une finition brillante et une protection \u00e9lev\u00e9e contre l&#039;usure pour les applications industrielles.\" \/>\n<meta name=\"robots\" content=\"index, follow, max-snippet:-1, max-image-preview:large, max-video-preview:-1\" \/>\n<link rel=\"canonical\" href=\"https:\/\/chillepoxy.com\/fr\/produit\/resine-de-finition-epoxy-transparente-pour-planchers-industriels-revetement-epoxy-resistant-aux-uv-shield-tec-803\/\" \/>\n<meta property=\"og:locale\" content=\"fr_FR\" \/>\n<meta property=\"og:type\" content=\"article\" \/>\n<meta property=\"og:title\" content=\"R\u00e9sine de finition \u00e9poxy transparente pour planchers industriels | Rev\u00eatement \u00e9poxy r\u00e9sistant aux UV | SHIELD-TEC 803\" \/>\n<meta property=\"og:description\" content=\"R\u00e9sine de finition \u00e9poxy transparente pour planchers industriels. SHIELD-TEC\u2122 803 r\u00e9sine de finition \u00e9poxy transparente offre une finition brillante et une protection \u00e9lev\u00e9e contre l&#039;usure pour les applications industrielles.\" \/>\n<meta property=\"og:url\" content=\"https:\/\/chillepoxy.com\/fr\/produit\/resine-de-finition-epoxy-transparente-pour-planchers-industriels-revetement-epoxy-resistant-aux-uv-shield-tec-803\/\" \/>\n<meta property=\"og:site_name\" content=\"CHILL EPOXY\" \/>\n<meta property=\"article:publisher\" content=\"https:\/\/www.facebook.com\/polymerestechnologies\/\" \/>\n<meta property=\"article:modified_time\" content=\"2025-02-11T13:34:16+00:00\" \/>\n<meta property=\"og:image\" content=\"https:\/\/chillepoxy.com\/wp-content\/uploads\/2024\/09\/Shield-Tec-803-kit.jpg\" \/>\n\t<meta property=\"og:image:width\" content=\"1920\" \/>\n\t<meta property=\"og:image:height\" content=\"1920\" \/>\n\t<meta property=\"og:image:type\" content=\"image\/jpeg\" \/>\n<meta name=\"twitter:card\" content=\"summary_large_image\" \/>\n<meta name=\"twitter:label1\" content=\"Dur\u00e9e de lecture estim\u00e9e\" \/>\n\t<meta name=\"twitter:data1\" content=\"2 minutes\" \/>\n<script type=\"application\/ld+json\" class=\"yoast-schema-graph\">{\"@context\":\"https:\\\/\\\/schema.org\",\"@graph\":[{\"@type\":\"WebPage\",\"@id\":\"https:\\\/\\\/chillepoxy.com\\\/fr\\\/produit\\\/resine-de-finition-epoxy-transparente-pour-planchers-industriels-revetement-epoxy-resistant-aux-uv-shield-tec-803\\\/\",\"url\":\"https:\\\/\\\/chillepoxy.com\\\/fr\\\/produit\\\/resine-de-finition-epoxy-transparente-pour-planchers-industriels-revetement-epoxy-resistant-aux-uv-shield-tec-803\\\/\",\"name\":\"R\u00e9sine de finition \u00e9poxy transparente pour planchers industriels | \u00c9poxy r\u00e9sistant aux UV CHILL EPOXY\",\"isPartOf\":{\"@id\":\"https:\\\/\\\/chillepoxy.com\\\/fr\\\/#website\"},\"primaryImageOfPage\":{\"@id\":\"https:\\\/\\\/chillepoxy.com\\\/fr\\\/produit\\\/resine-de-finition-epoxy-transparente-pour-planchers-industriels-revetement-epoxy-resistant-aux-uv-shield-tec-803\\\/#primaryimage\"},\"image\":{\"@id\":\"https:\\\/\\\/chillepoxy.com\\\/fr\\\/produit\\\/resine-de-finition-epoxy-transparente-pour-planchers-industriels-revetement-epoxy-resistant-aux-uv-shield-tec-803\\\/#primaryimage\"},\"thumbnailUrl\":\"https:\\\/\\\/chillepoxy.com\\\/wp-content\\\/uploads\\\/2024\\\/09\\\/Shield-Tec-803-kit.jpg\",\"datePublished\":\"2025-01-29T20:02:54+00:00\",\"dateModified\":\"2025-02-11T13:34:16+00:00\",\"description\":\"R\u00e9sine de finition \u00e9poxy transparente pour planchers industriels. SHIELD-TEC\u2122 803 r\u00e9sine de finition \u00e9poxy transparente offre une finition brillante et une protection \u00e9lev\u00e9e contre l'usure pour les applications industrielles.\",\"breadcrumb\":{\"@id\":\"https:\\\/\\\/chillepoxy.com\\\/fr\\\/produit\\\/resine-de-finition-epoxy-transparente-pour-planchers-industriels-revetement-epoxy-resistant-aux-uv-shield-tec-803\\\/#breadcrumb\"},\"inLanguage\":\"fr-FR\",\"potentialAction\":[{\"@type\":\"ReadAction\",\"target\":[\"https:\\\/\\\/chillepoxy.com\\\/fr\\\/produit\\\/resine-de-finition-epoxy-transparente-pour-planchers-industriels-revetement-epoxy-resistant-aux-uv-shield-tec-803\\\/\"]}]},{\"@type\":\"ImageObject\",\"inLanguage\":\"fr-FR\",\"@id\":\"https:\\\/\\\/chillepoxy.com\\\/fr\\\/produit\\\/resine-de-finition-epoxy-transparente-pour-planchers-industriels-revetement-epoxy-resistant-aux-uv-shield-tec-803\\\/#primaryimage\",\"url\":\"https:\\\/\\\/chillepoxy.com\\\/wp-content\\\/uploads\\\/2024\\\/09\\\/Shield-Tec-803-kit.jpg\",\"contentUrl\":\"https:\\\/\\\/chillepoxy.com\\\/wp-content\\\/uploads\\\/2024\\\/09\\\/Shield-Tec-803-kit.jpg\",\"width\":1920,\"height\":1920,\"caption\":\"SHIELD-TEC\u2122 803 est une finition \u00e9poxy transparente bicomposante, 100 % solide, con\u00e7ue pour les sols en b\u00e9ton. Elle offre une finition brillante et transparente, avec une faible odeur, une excellente protection contre l'usure et un entretien facile. Id\u00e9ale pour les applications industrielles, SHIELD-TEC\u2122 803 garantit une protection durable et performante en tant que r\u00e9sine de finition \u00e9poxy transparente pour planchers industriels.\"},{\"@type\":\"BreadcrumbList\",\"@id\":\"https:\\\/\\\/chillepoxy.com\\\/fr\\\/produit\\\/resine-de-finition-epoxy-transparente-pour-planchers-industriels-revetement-epoxy-resistant-aux-uv-shield-tec-803\\\/#breadcrumb\",\"itemListElement\":[{\"@type\":\"ListItem\",\"position\":1,\"name\":\"Home\",\"item\":\"https:\\\/\\\/chillepoxy.com\\\/fr\\\/\"},{\"@type\":\"ListItem\",\"position\":2,\"name\":\"Boutique\",\"item\":\"https:\\\/\\\/chillepoxy.com\\\/fr\\\/boutique\\\/\"},{\"@type\":\"ListItem\",\"position\":3,\"name\":\"R\u00e9sine de finition \u00e9poxy transparente pour planchers industriels | Rev\u00eatement \u00e9poxy r\u00e9sistant aux UV | SHIELD-TEC 803\"}]},{\"@type\":\"WebSite\",\"@id\":\"https:\\\/\\\/chillepoxy.com\\\/fr\\\/#website\",\"url\":\"https:\\\/\\\/chillepoxy.com\\\/fr\\\/\",\"name\":\"CHILL EPOXY\u2122 High-Quality Canadian-Made Epoxy Resin\",\"description\":\"High-Quality Canadian-Made Epoxy Resin | Casting &amp; Art\",\"publisher\":{\"@id\":\"https:\\\/\\\/chillepoxy.com\\\/fr\\\/#organization\"},\"alternateName\":\"High-Quality Epoxy Resin\",\"potentialAction\":[{\"@type\":\"SearchAction\",\"target\":{\"@type\":\"EntryPoint\",\"urlTemplate\":\"https:\\\/\\\/chillepoxy.com\\\/fr\\\/?s={search_term_string}\"},\"query-input\":{\"@type\":\"PropertyValueSpecification\",\"valueRequired\":true,\"valueName\":\"search_term_string\"}}],\"inLanguage\":\"fr-FR\"},{\"@type\":\"Organization\",\"@id\":\"https:\\\/\\\/chillepoxy.com\\\/fr\\\/#organization\",\"name\":\"CHILL EPOXY\u2122\",\"alternateName\":\"High-Quality Canadian-Made Epoxy Resin\",\"url\":\"https:\\\/\\\/chillepoxy.com\\\/fr\\\/\",\"logo\":{\"@type\":\"ImageObject\",\"inLanguage\":\"fr-FR\",\"@id\":\"https:\\\/\\\/chillepoxy.com\\\/fr\\\/#\\\/schema\\\/logo\\\/image\\\/\",\"url\":\"https:\\\/\\\/i0.wp.com\\\/chillepoxy.com\\\/wp-content\\\/uploads\\\/2024\\\/02\\\/polymeres_technologies.png?fit=649%2C649&ssl=1\",\"contentUrl\":\"https:\\\/\\\/i0.wp.com\\\/chillepoxy.com\\\/wp-content\\\/uploads\\\/2024\\\/02\\\/polymeres_technologies.png?fit=649%2C649&ssl=1\",\"width\":649,\"height\":649,\"caption\":\"CHILL EPOXY\u2122\"},\"image\":{\"@id\":\"https:\\\/\\\/chillepoxy.com\\\/fr\\\/#\\\/schema\\\/logo\\\/image\\\/\"},\"sameAs\":[\"https:\\\/\\\/www.facebook.com\\\/polymerestechnologies\\\/\",\"https:\\\/\\\/www.instagram.com\\\/polymeres_technologies\\\/\",\"https:\\\/\\\/www.linkedin.com\\\/company\\\/polymeres-technologies\\\/\",\"https:\\\/\\\/www.youtube.com\\\/channel\\\/UCDaFKmK4Hn3KPKmBaTXWong\"]}]}<\/script>\n<!-- \/ Yoast SEO Premium plugin. -->","yoast_head_json":{"title":"R\u00e9sine de finition \u00e9poxy transparente pour planchers industriels | \u00c9poxy r\u00e9sistant aux UV CHILL EPOXY","description":"R\u00e9sine de finition \u00e9poxy transparente pour planchers industriels. SHIELD-TEC\u2122 803 r\u00e9sine de finition \u00e9poxy transparente offre une finition brillante et une protection \u00e9lev\u00e9e contre l'usure pour les applications industrielles.","robots":{"index":"index","follow":"follow","max-snippet":"max-snippet:-1","max-image-preview":"max-image-preview:large","max-video-preview":"max-video-preview:-1"},"canonical":"https:\/\/chillepoxy.com\/fr\/produit\/resine-de-finition-epoxy-transparente-pour-planchers-industriels-revetement-epoxy-resistant-aux-uv-shield-tec-803\/","og_locale":"fr_FR","og_type":"article","og_title":"R\u00e9sine de finition \u00e9poxy transparente pour planchers industriels | Rev\u00eatement \u00e9poxy r\u00e9sistant aux UV | SHIELD-TEC 803","og_description":"R\u00e9sine de finition \u00e9poxy transparente pour planchers industriels. SHIELD-TEC\u2122 803 r\u00e9sine de finition \u00e9poxy transparente offre une finition brillante et une protection \u00e9lev\u00e9e contre l'usure pour les applications industrielles.","og_url":"https:\/\/chillepoxy.com\/fr\/produit\/resine-de-finition-epoxy-transparente-pour-planchers-industriels-revetement-epoxy-resistant-aux-uv-shield-tec-803\/","og_site_name":"CHILL EPOXY","article_publisher":"https:\/\/www.facebook.com\/polymerestechnologies\/","article_modified_time":"2025-02-11T13:34:16+00:00","og_image":[{"width":1920,"height":1920,"url":"https:\/\/chillepoxy.com\/wp-content\/uploads\/2024\/09\/Shield-Tec-803-kit.jpg","type":"image\/jpeg"}],"twitter_card":"summary_large_image","twitter_misc":{"Dur\u00e9e de lecture estim\u00e9e":"2 minutes"},"schema":{"@context":"https:\/\/schema.org","@graph":[{"@type":"WebPage","@id":"https:\/\/chillepoxy.com\/fr\/produit\/resine-de-finition-epoxy-transparente-pour-planchers-industriels-revetement-epoxy-resistant-aux-uv-shield-tec-803\/","url":"https:\/\/chillepoxy.com\/fr\/produit\/resine-de-finition-epoxy-transparente-pour-planchers-industriels-revetement-epoxy-resistant-aux-uv-shield-tec-803\/","name":"R\u00e9sine de finition \u00e9poxy transparente pour planchers industriels | \u00c9poxy r\u00e9sistant aux UV CHILL EPOXY","isPartOf":{"@id":"https:\/\/chillepoxy.com\/fr\/#website"},"primaryImageOfPage":{"@id":"https:\/\/chillepoxy.com\/fr\/produit\/resine-de-finition-epoxy-transparente-pour-planchers-industriels-revetement-epoxy-resistant-aux-uv-shield-tec-803\/#primaryimage"},"image":{"@id":"https:\/\/chillepoxy.com\/fr\/produit\/resine-de-finition-epoxy-transparente-pour-planchers-industriels-revetement-epoxy-resistant-aux-uv-shield-tec-803\/#primaryimage"},"thumbnailUrl":"https:\/\/chillepoxy.com\/wp-content\/uploads\/2024\/09\/Shield-Tec-803-kit.jpg","datePublished":"2025-01-29T20:02:54+00:00","dateModified":"2025-02-11T13:34:16+00:00","description":"R\u00e9sine de finition \u00e9poxy transparente pour planchers industriels. SHIELD-TEC\u2122 803 r\u00e9sine de finition \u00e9poxy transparente offre une finition brillante et une protection \u00e9lev\u00e9e contre l'usure pour les applications industrielles.","breadcrumb":{"@id":"https:\/\/chillepoxy.com\/fr\/produit\/resine-de-finition-epoxy-transparente-pour-planchers-industriels-revetement-epoxy-resistant-aux-uv-shield-tec-803\/#breadcrumb"},"inLanguage":"fr-FR","potentialAction":[{"@type":"ReadAction","target":["https:\/\/chillepoxy.com\/fr\/produit\/resine-de-finition-epoxy-transparente-pour-planchers-industriels-revetement-epoxy-resistant-aux-uv-shield-tec-803\/"]}]},{"@type":"ImageObject","inLanguage":"fr-FR","@id":"https:\/\/chillepoxy.com\/fr\/produit\/resine-de-finition-epoxy-transparente-pour-planchers-industriels-revetement-epoxy-resistant-aux-uv-shield-tec-803\/#primaryimage","url":"https:\/\/chillepoxy.com\/wp-content\/uploads\/2024\/09\/Shield-Tec-803-kit.jpg","contentUrl":"https:\/\/chillepoxy.com\/wp-content\/uploads\/2024\/09\/Shield-Tec-803-kit.jpg","width":1920,"height":1920,"caption":"SHIELD-TEC\u2122 803 est une finition \u00e9poxy transparente bicomposante, 100 % solide, con\u00e7ue pour les sols en b\u00e9ton. Elle offre une finition brillante et transparente, avec une faible odeur, une excellente protection contre l'usure et un entretien facile. Id\u00e9ale pour les applications industrielles, SHIELD-TEC\u2122 803 garantit une protection durable et performante en tant que r\u00e9sine de finition \u00e9poxy transparente pour planchers industriels."},{"@type":"BreadcrumbList","@id":"https:\/\/chillepoxy.com\/fr\/produit\/resine-de-finition-epoxy-transparente-pour-planchers-industriels-revetement-epoxy-resistant-aux-uv-shield-tec-803\/#breadcrumb","itemListElement":[{"@type":"ListItem","position":1,"name":"Home","item":"https:\/\/chillepoxy.com\/fr\/"},{"@type":"ListItem","position":2,"name":"Boutique","item":"https:\/\/chillepoxy.com\/fr\/boutique\/"},{"@type":"ListItem","position":3,"name":"R\u00e9sine de finition \u00e9poxy transparente pour planchers industriels | Rev\u00eatement \u00e9poxy r\u00e9sistant aux UV | SHIELD-TEC 803"}]},{"@type":"WebSite","@id":"https:\/\/chillepoxy.com\/fr\/#website","url":"https:\/\/chillepoxy.com\/fr\/","name":"CHILL EPOXY\u2122 High-Quality Canadian-Made Epoxy Resin","description":"High-Quality Canadian-Made Epoxy Resin | Casting &amp; Art","publisher":{"@id":"https:\/\/chillepoxy.com\/fr\/#organization"},"alternateName":"High-Quality Epoxy Resin","potentialAction":[{"@type":"SearchAction","target":{"@type":"EntryPoint","urlTemplate":"https:\/\/chillepoxy.com\/fr\/?s={search_term_string}"},"query-input":{"@type":"PropertyValueSpecification","valueRequired":true,"valueName":"search_term_string"}}],"inLanguage":"fr-FR"},{"@type":"Organization","@id":"https:\/\/chillepoxy.com\/fr\/#organization","name":"CHILL EPOXY\u2122","alternateName":"High-Quality Canadian-Made Epoxy Resin","url":"https:\/\/chillepoxy.com\/fr\/","logo":{"@type":"ImageObject","inLanguage":"fr-FR","@id":"https:\/\/chillepoxy.com\/fr\/#\/schema\/logo\/image\/","url":"https:\/\/i0.wp.com\/chillepoxy.com\/wp-content\/uploads\/2024\/02\/polymeres_technologies.png?fit=649%2C649&ssl=1","contentUrl":"https:\/\/i0.wp.com\/chillepoxy.com\/wp-content\/uploads\/2024\/02\/polymeres_technologies.png?fit=649%2C649&ssl=1","width":649,"height":649,"caption":"CHILL EPOXY\u2122"},"image":{"@id":"https:\/\/chillepoxy.com\/fr\/#\/schema\/logo\/image\/"},"sameAs":["https:\/\/www.facebook.com\/polymerestechnologies\/","https:\/\/www.instagram.com\/polymeres_technologies\/","https:\/\/www.linkedin.com\/company\/polymeres-technologies\/","https:\/\/www.youtube.com\/channel\/UCDaFKmK4Hn3KPKmBaTXWong"]}]}},"jetpack_publicize_connections":[],"jetpack_sharing_enabled":true,"jetpack_likes_enabled":false,"_links":{"self":[{"href":"https:\/\/chillepoxy.com\/fr\/wp-json\/wp\/v2\/product\/33411","targetHints":{"allow":["GET"]}}],"collection":[{"href":"https:\/\/chillepoxy.com\/fr\/wp-json\/wp\/v2\/product"}],"about":[{"href":"https:\/\/chillepoxy.com\/fr\/wp-json\/wp\/v2\/types\/product"}],"replies":[{"embeddable":true,"href":"https:\/\/chillepoxy.com\/fr\/wp-json\/wp\/v2\/comments?post=33411"}],"wp:featuredmedia":[{"embeddable":true,"href":"https:\/\/chillepoxy.com\/fr\/wp-json\/wp\/v2\/media\/32050"}],"wp:attachment":[{"href":"https:\/\/chillepoxy.com\/fr\/wp-json\/wp\/v2\/media?parent=33411"}],"wp:term":[{"taxonomy":"product_brand","embeddable":true,"href":"https:\/\/chillepoxy.com\/fr\/wp-json\/wp\/v2\/product_brand?post=33411"},{"taxonomy":"product_cat","embeddable":true,"href":"https:\/\/chillepoxy.com\/fr\/wp-json\/wp\/v2\/product_cat?post=33411"},{"taxonomy":"product_tag","embeddable":true,"href":"https:\/\/chillepoxy.com\/fr\/wp-json\/wp\/v2\/product_tag?post=33411"}],"curies":[{"name":"wp","href":"https:\/\/api.w.org\/{rel}","templated":true}]}}