{"id":6401,"date":"2021-02-16T08:56:14","date_gmt":"2021-03-10T15:35:27","guid":{"rendered":"https:\/\/v2.chillepoxy.com\/shop\/chill-sealer-ensemble-epoxy-transparent-a-prise-rapide-pour-sceller\/"},"modified":"2026-03-05T09:19:45","modified_gmt":"2026-03-05T14:19:45","slug":"scellant-resine-epoxy-penetrant-a-durcissement-rapide","status":"publish","type":"product","link":"https:\/\/chillepoxy.com\/fr\/produit\/scellant-resine-epoxy-penetrant-a-durcissement-rapide\/","title":{"rendered":"Scellant \u00c9poxy grade alimentaire \u00e0 durcissement rapide | R\u00e9sine p\u00e9n\u00e9trante | \u00c9cologique | CHILL SEALER | CHILL EPOXY"},"content":{"rendered":"<h1>Scellant \u00c9poxy alimentaire \u00e0 Durcissement Rapide | R\u00e9sine P\u00e9n\u00e9trante | Faible Viscosit\u00e9<\/h1>\n<p> R\u00e9sine \u00e9poxy alimentaire et \u00e0 durcissement rapide | scellant p\u00e9n\u00e9trant | faible viscosit\u00e9. CHILL SEALER\u2122 est le syst\u00e8me \u00e9poxy haute performance et \u00e0 s\u00e9chage rapide par excellence, con\u00e7u pour r\u00e9pondre aux besoins de rapidit\u00e9 et de durabilit\u00e9. Formul\u00e9 avec des mat\u00e9riaux 100 % r\u00e9actifs et une faible viscosit\u00e9, il cr\u00e9e une adh\u00e9sion solide et durable sur les surfaces poreuses, le rendant id\u00e9al pour une multitude d&rsquo;applications.<br \/>Ce scellant p\u00e9n\u00e9trant excelle dans le scellement des bords de bois brut gr\u00e2ce \u00e0 sa faible viscosit\u00e9, qui permet une p\u00e9n\u00e9tration en profondeur dans les fibres du bois tout en pr\u00e9venant les bulles d&rsquo;air lorsqu&rsquo;il est utilis\u00e9 avec des syst\u00e8mes de finition ou d&rsquo;\u00e9poxy de coul\u00e9e. Son temps de durcissement rapide permet un travail efficace et des projets termin\u00e9s rapidement.<br \/>CHILL SEALER\u2122 ne se limite pas au bois : il est \u00e9galement efficace dans les environnements commerciaux et industriels, id\u00e9al pour la r\u00e9paration de b\u00e9ton, l&rsquo;assemblage de bois et de m\u00e9tal, et le scellement des bords de bois brut. Sa formule \u00e0 prise rapide garantit un scellement fiable et durable sur toutes les surfaces poreuses.<br \/>Pour des r\u00e9sultats optimaux, nous recommandons d&rsquo;appliquer 2 \u00e0 3 couches avec un pinceau ou un rouleau, en fonction de la densit\u00e9 du bois. CHILL SEALER\u2122 p\u00e9n\u00e8tre profond\u00e9ment dans les fibres du bois, offrant une protection herm\u00e9tique contre les dommages potentiels ou la d\u00e9gradation.<br \/>Commandez CHILL SEALER\u2122 d\u00e8s aujourd&rsquo;hui et offrez \u00e0 vos planches de bois brut la protection n\u00e9cessaire pour pr\u00e9server leur beaut\u00e9 naturelle pendant des ann\u00e9es. Gr\u00e2ce \u00e0 ce scellant \u00e9poxy de haute qualit\u00e9 et \u00e0 durcissement rapide, vous pouvez r\u00e9aliser une finition impeccable pour vos prochains projets en toute confiance.          <\/p>\n<h2>Scellant \u00c9poxy S\u00e9curitaire pour Aliments \u00e0 durcissement Rapide | R\u00e9sine P\u00e9n\u00e9trante<\/h2>\n<h4><strong><span data-preserver-spaces=\"true\">Caract\u00e9ristiques<\/span><\/strong><\/h4>\n<ul>\n<li><span data-preserver-spaces=\"true\">Id\u00e9al pour sceller votre \u00ab\u00a0LIVE EDGE\u00a0\u00bb ou toute surface en bois pour le stabiliser<\/span><\/li>\n<li>Temps de durcissement rapide de 4 \u00e0 8 heures, en fonction de la masse et de la temp\u00e9rature ambiante.<\/li>\n<li><span data-preserver-spaces=\"true\">100% solide et sans COV<\/span><\/li>\n<li><span data-preserver-spaces=\"true\">S\u00e9curitaire pour le contact avec la nourriture<\/span><\/li>\n<li><span data-preserver-spaces=\"true\">Dur\u00e9e de vie en pot rapide et temps de durcissement rapide<\/span><\/li>\n<li><span data-preserver-spaces=\"true\">Tr\u00e8s basse viscosit\u00e9<\/span><\/li>\n<li><span data-preserver-spaces=\"true\">Fini Lustr\u00e9<\/span><\/li>\n<li><span data-preserver-spaces=\"true\">Excellente r\u00e9sistance en impact<\/span><\/li>\n<li><span data-preserver-spaces=\"true\">Tr\u00e8s durable<\/span><\/li>\n<li><span data-preserver-spaces=\"true\">Viscosit\u00e9 comme l&rsquo;eau pour \u00e9viter les bulles<\/span><\/li>\n<li><span data-preserver-spaces=\"true\">Il peut \u00eatre color\u00e9 avec l&rsquo;un de nos pigments liquides ou m\u00e9talliques.<\/span><\/li>\n<li><span data-preserver-spaces=\"true\">R\u00e9sistance m\u00e9canique et r\u00e9sistance aux contraintes extr\u00eames<\/span><\/li>\n<\/ul>\n<h4><strong><span data-preserver-spaces=\"true\">Characteristics: <\/span><\/strong><\/h4>\n<ul>\n<li><span data-preserver-spaces=\"true\">Ratio de m\u00e9lange facile: 2: 1 en volume ou 100\/45 en poids<\/span><\/li>\n<li><span data-preserver-spaces=\"true\">Temp\u00e9rature de travail id\u00e9ale: 22C \/ 72F<\/span><\/li>\n<li><span data-preserver-spaces=\"true\">Temps de vie en pot: 20 minutes \u00e0 22 \u00b0 C \/ 72 \u00b0 F selon les volumes et la temp\u00e9rature ambiante<\/span><\/li>\n<li><span data-preserver-spaces=\"true\">Temps de durcissement: 4-6 heures selon le volume, la temp\u00e9rature ambiante, le niveau d&rsquo;humidit\u00e9 et l&rsquo;\u00e9paisseur de la pi\u00e8ce moul\u00e9e<\/span><\/li>\n<li><span data-preserver-spaces=\"true\">\u00c9paisseur recommand\u00e9e par couche: 1\/8 -1\/4<\/span><\/li>\n<li><span data-preserver-spaces=\"true\">\u00c9paisseur maximale pour une seule coul\u00e9e : 1\/4 de pouce<\/span><\/li>\n<li><span data-preserver-spaces=\"true\">Apparence apr\u00e8s le durcissement : Qualit\u00e9 optique<\/span><\/li>\n<li><span data-preserver-spaces=\"true\">Viscosit\u00e9: 275CPS Mixte &#8211; Tr\u00e8s faible viscosit\u00e9 pour une meilleure p\u00e9n\u00e9tration<\/span><\/li>\n<li><span data-preserver-spaces=\"true\">Produits de nettoyage recommand\u00e9s: nettoyant pour r\u00e9sine POLY CLEANER\u2122 ou alcool isopropylique<\/span><\/li>\n<\/ul>\n<p><span data-preserver-spaces=\"true\"><strong>Attention<\/strong><\/span> : <span data-preserver-spaces=\"true\">dur\u00e9e de vie en pot courte. Ne m\u00e9langez pas plus de 300 ml \u00e0 la fois pour \u00e9viter une surchauffe si le m\u00e9lange est laiss\u00e9 en masse trop longtemps.<\/span><br \/><span data-preserver-spaces=\"true\"><strong>Applications<\/strong><\/span> :<br \/>Avant d&rsquo;utiliser le scellant \u00e9poxy \u00e0 s\u00e9chage rapide CHILL SEALER\u2122, il est essentiel de m\u00e9langer les parties A et B. Pour un m\u00e9lange pr\u00e9cis, combinez exactement 2 parties de A avec 1 partie de B par volume (ou 100 A \/ 45 B par poids). Assurez-vous de m\u00e9langer uniform\u00e9ment en raclant soigneusement les bords et le fond de votre r\u00e9cipient. \u00c9tant donn\u00e9 que la dur\u00e9e de vie en pot du syst\u00e8me est de 20 minutes \u00e0 22 \u00b0C pour une masse de 200 grammes, \u00e9vitez de m\u00e9langer plus de mat\u00e9riau que vous ne pouvez en appliquer pendant la dur\u00e9e de vie du pot. Nous recommandons de m\u00e9langer un maximum de 300ML \u00e0 la fois. Apr\u00e8s m\u00e9lange, \u00e9taler la r\u00e9sine sur le live edge et brosser imm\u00e9diatement jusqu&rsquo;\u00e0 l&rsquo;application compl\u00e8te. Il convient de noter que la dur\u00e9e de vie du pot sera raccourcie dans les environnements plus chauds et allong\u00e9e dans les environnements plus frais, le temps de manipulation refl\u00e9tant le niveau de temp\u00e9rature. De plus, la dur\u00e9e de vie du pot sera plus courte avec un plus grand nombre de r\u00e9sines \u00e0 m\u00e9langer. &nbsp;<\/p>\n<h3><\/h3>\n","protected":false},"excerpt":{"rendered":"<p><strong> CHILL SEALER\u2122<\/strong> est une r\u00e9sine \u00e9poxy bicomposante \u00e0 faible viscosit\u00e9, con\u00e7ue pour une p\u00e9n\u00e9tration rapide et en profondeur dans les surfaces poreuses telles que le bois et le b\u00e9ton. Certifi\u00e9 alimentaire, il est parfait pour sceller les planches de charcuterie, les tables en bois, et bien plus encore, garantissant une adh\u00e9sion solide et durable.<br \/>Id\u00e9al pour le scellement des bords de bois brut, il pr\u00e9vient la formation de bulles d&rsquo;air et durcit rapidement, ce qui en fait une solution polyvalente pour les applications en menuiserie et en milieu industriel. Appliquez 2 \u00e0 3 couches pour une protection durable et efficace.    &nbsp;<\/p>\n","protected":false},"featured_media":27841,"comment_status":"open","ping_status":"closed","template":"","meta":{"jetpack_publicize_message":"","jetpack_publicize_feature_enabled":true,"jetpack_social_post_already_shared":true,"jetpack_social_options":{"image_generator_settings":{"template":"highway","default_image_id":0,"font":"","enabled":false},"version":2}},"product_brand":[],"product_cat":[1389,1423,1311,83],"product_tag":[1067,1069,282,1071,285,1058,1070,1352,1068],"class_list":{"0":"post-6401","1":"product","2":"type-product","3":"status-publish","4":"has-post-thumbnail","6":"product_cat-1-5l-0-26-gallon-fr","7":"product_cat-1-4-0-63cm-fr","8":"product_cat-epoxy-a-prise-rapide","9":"product_cat-resines-epoxy","10":"product_tag-colle-epoxy","11":"product_tag-epoxy-a-durcissement-rapide","12":"product_tag-epoxy-adhesive-fr","13":"product_tag-epoxy-penetrant","14":"product_tag-epoxy-sealant-fr","15":"product_tag-fast-setting-epoxy-fr","16":"product_tag-resine-a-prise-rapide","17":"product_tag-resine-epoxy-a-durcissement-rapide","18":"product_tag-scellant-epoxy-a-durcissement-rapide","20":"first","21":"instock","22":"featured","23":"taxable","24":"shipping-taxable","25":"purchasable","26":"product-type-variable"},"yoast_head":"<!-- This site is optimized with the Yoast SEO Premium plugin v27.3 (Yoast SEO v27.3) - https:\/\/yoast.com\/product\/yoast-seo-premium-wordpress\/ -->\n<title>Scellant \u00c9poxy S\u00e9curitaire pour Aliments \u00e0 durcissement Rapide | R\u00e9sine P\u00e9n\u00e9trante | CHILL EPOXY<\/title>\n<meta name=\"description\" content=\"R\u00e9sine \u00c9poxy S\u00e9curitaire pour Aliments \u00e0 durcissement Rapide | Scellant P\u00e9n\u00e9trant. D\u00e9couvrez le meilleur scellant \u00e9poxy pour bois, id\u00e9al pour prot\u00e9ger les surfaces de l&#039;humidit\u00e9 et des dommages tout en mettant en valeur la beaut\u00e9 naturelle du grain du bois.\" \/>\n<meta name=\"robots\" content=\"index, follow, max-snippet:-1, max-image-preview:large, max-video-preview:-1\" \/>\n<link rel=\"canonical\" href=\"https:\/\/chillepoxy.com\/fr\/produit\/scellant-resine-epoxy-penetrant-a-durcissement-rapide\/\" \/>\n<meta property=\"og:locale\" content=\"fr_FR\" \/>\n<meta property=\"og:type\" content=\"article\" \/>\n<meta property=\"og:title\" content=\"Scellant \u00c9poxy grade alimentaire \u00e0 durcissement rapide | R\u00e9sine p\u00e9n\u00e9trante | \u00c9cologique | CHILL SEALER | CHILL EPOXY\" \/>\n<meta property=\"og:description\" content=\"R\u00e9sine \u00c9poxy S\u00e9curitaire pour Aliments \u00e0 durcissement Rapide | Scellant P\u00e9n\u00e9trant. D\u00e9couvrez le meilleur scellant \u00e9poxy pour bois, id\u00e9al pour prot\u00e9ger les surfaces de l&#039;humidit\u00e9 et des dommages tout en mettant en valeur la beaut\u00e9 naturelle du grain du bois.\" \/>\n<meta property=\"og:url\" content=\"https:\/\/chillepoxy.com\/fr\/produit\/scellant-resine-epoxy-penetrant-a-durcissement-rapide\/\" \/>\n<meta property=\"og:site_name\" content=\"CHILL EPOXY\" \/>\n<meta property=\"article:publisher\" content=\"https:\/\/www.facebook.com\/polymerestechnologies\/\" \/>\n<meta property=\"article:modified_time\" content=\"2026-03-05T14:19:45+00:00\" \/>\n<meta property=\"og:image\" content=\"https:\/\/chillepoxy.com\/wp-content\/uploads\/2021\/02\/Fast-Curing-Clear-Penetrating-Epoxy-Sealer.jpg\" \/>\n\t<meta property=\"og:image:width\" content=\"1920\" \/>\n\t<meta property=\"og:image:height\" content=\"1920\" \/>\n\t<meta property=\"og:image:type\" content=\"image\/jpeg\" \/>\n<meta name=\"twitter:card\" content=\"summary_large_image\" \/>\n<meta name=\"twitter:label1\" content=\"Dur\u00e9e de lecture estim\u00e9e\" \/>\n\t<meta name=\"twitter:data1\" content=\"4 minutes\" \/>\n<script type=\"application\/ld+json\" class=\"yoast-schema-graph\">{\"@context\":\"https:\\\/\\\/schema.org\",\"@graph\":[{\"@type\":\"WebPage\",\"@id\":\"https:\\\/\\\/chillepoxy.com\\\/fr\\\/produit\\\/scellant-resine-epoxy-penetrant-a-durcissement-rapide\\\/\",\"url\":\"https:\\\/\\\/chillepoxy.com\\\/fr\\\/produit\\\/scellant-resine-epoxy-penetrant-a-durcissement-rapide\\\/\",\"name\":\"Scellant \u00c9poxy S\u00e9curitaire pour Aliments \u00e0 durcissement Rapide | R\u00e9sine P\u00e9n\u00e9trante | CHILL EPOXY\",\"isPartOf\":{\"@id\":\"https:\\\/\\\/chillepoxy.com\\\/fr\\\/#website\"},\"primaryImageOfPage\":{\"@id\":\"https:\\\/\\\/chillepoxy.com\\\/fr\\\/produit\\\/scellant-resine-epoxy-penetrant-a-durcissement-rapide\\\/#primaryimage\"},\"image\":{\"@id\":\"https:\\\/\\\/chillepoxy.com\\\/fr\\\/produit\\\/scellant-resine-epoxy-penetrant-a-durcissement-rapide\\\/#primaryimage\"},\"thumbnailUrl\":\"https:\\\/\\\/chillepoxy.com\\\/wp-content\\\/uploads\\\/2021\\\/02\\\/Fast-Curing-Clear-Penetrating-Epoxy-Sealer.jpg\",\"datePublished\":\"2021-03-10T15:35:27+00:00\",\"dateModified\":\"2026-03-05T14:19:45+00:00\",\"description\":\"R\u00e9sine \u00c9poxy S\u00e9curitaire pour Aliments \u00e0 durcissement Rapide | Scellant P\u00e9n\u00e9trant. D\u00e9couvrez le meilleur scellant \u00e9poxy pour bois, id\u00e9al pour prot\u00e9ger les surfaces de l'humidit\u00e9 et des dommages tout en mettant en valeur la beaut\u00e9 naturelle du grain du bois.\",\"breadcrumb\":{\"@id\":\"https:\\\/\\\/chillepoxy.com\\\/fr\\\/produit\\\/scellant-resine-epoxy-penetrant-a-durcissement-rapide\\\/#breadcrumb\"},\"inLanguage\":\"fr-FR\",\"potentialAction\":[{\"@type\":\"ReadAction\",\"target\":[\"https:\\\/\\\/chillepoxy.com\\\/fr\\\/produit\\\/scellant-resine-epoxy-penetrant-a-durcissement-rapide\\\/\"]}]},{\"@type\":\"ImageObject\",\"inLanguage\":\"fr-FR\",\"@id\":\"https:\\\/\\\/chillepoxy.com\\\/fr\\\/produit\\\/scellant-resine-epoxy-penetrant-a-durcissement-rapide\\\/#primaryimage\",\"url\":\"https:\\\/\\\/chillepoxy.com\\\/wp-content\\\/uploads\\\/2021\\\/02\\\/Fast-Curing-Clear-Penetrating-Epoxy-Sealer.jpg\",\"contentUrl\":\"https:\\\/\\\/chillepoxy.com\\\/wp-content\\\/uploads\\\/2021\\\/02\\\/Fast-Curing-Clear-Penetrating-Epoxy-Sealer.jpg\",\"width\":1920,\"height\":1920,\"caption\":\"Scellant \u00e9poxy transparent p\u00e9n\u00e9trant \u00e0 durcissement rapide\"},{\"@type\":\"BreadcrumbList\",\"@id\":\"https:\\\/\\\/chillepoxy.com\\\/fr\\\/produit\\\/scellant-resine-epoxy-penetrant-a-durcissement-rapide\\\/#breadcrumb\",\"itemListElement\":[{\"@type\":\"ListItem\",\"position\":1,\"name\":\"Home\",\"item\":\"https:\\\/\\\/chillepoxy.com\\\/fr\\\/\"},{\"@type\":\"ListItem\",\"position\":2,\"name\":\"Boutique\",\"item\":\"https:\\\/\\\/chillepoxy.com\\\/fr\\\/boutique\\\/\"},{\"@type\":\"ListItem\",\"position\":3,\"name\":\"Scellant \u00c9poxy grade alimentaire \u00e0 durcissement rapide | R\u00e9sine p\u00e9n\u00e9trante | \u00c9cologique | CHILL SEALER | CHILL EPOXY\"}]},{\"@type\":\"WebSite\",\"@id\":\"https:\\\/\\\/chillepoxy.com\\\/fr\\\/#website\",\"url\":\"https:\\\/\\\/chillepoxy.com\\\/fr\\\/\",\"name\":\"CHILL EPOXY\u2122 High-Quality Canadian-Made Epoxy Resin\",\"description\":\"High-Quality Canadian-Made Epoxy Resin | Casting &amp; Art\",\"publisher\":{\"@id\":\"https:\\\/\\\/chillepoxy.com\\\/fr\\\/#organization\"},\"alternateName\":\"High-Quality Epoxy Resin\",\"potentialAction\":[{\"@type\":\"SearchAction\",\"target\":{\"@type\":\"EntryPoint\",\"urlTemplate\":\"https:\\\/\\\/chillepoxy.com\\\/fr\\\/?s={search_term_string}\"},\"query-input\":{\"@type\":\"PropertyValueSpecification\",\"valueRequired\":true,\"valueName\":\"search_term_string\"}}],\"inLanguage\":\"fr-FR\"},{\"@type\":\"Organization\",\"@id\":\"https:\\\/\\\/chillepoxy.com\\\/fr\\\/#organization\",\"name\":\"CHILL EPOXY\u2122\",\"alternateName\":\"High-Quality Canadian-Made Epoxy Resin\",\"url\":\"https:\\\/\\\/chillepoxy.com\\\/fr\\\/\",\"logo\":{\"@type\":\"ImageObject\",\"inLanguage\":\"fr-FR\",\"@id\":\"https:\\\/\\\/chillepoxy.com\\\/fr\\\/#\\\/schema\\\/logo\\\/image\\\/\",\"url\":\"https:\\\/\\\/i0.wp.com\\\/chillepoxy.com\\\/wp-content\\\/uploads\\\/2024\\\/02\\\/polymeres_technologies.png?fit=649%2C649&ssl=1\",\"contentUrl\":\"https:\\\/\\\/i0.wp.com\\\/chillepoxy.com\\\/wp-content\\\/uploads\\\/2024\\\/02\\\/polymeres_technologies.png?fit=649%2C649&ssl=1\",\"width\":649,\"height\":649,\"caption\":\"CHILL EPOXY\u2122\"},\"image\":{\"@id\":\"https:\\\/\\\/chillepoxy.com\\\/fr\\\/#\\\/schema\\\/logo\\\/image\\\/\"},\"sameAs\":[\"https:\\\/\\\/www.facebook.com\\\/polymerestechnologies\\\/\",\"https:\\\/\\\/www.instagram.com\\\/polymeres_technologies\\\/\",\"https:\\\/\\\/www.linkedin.com\\\/company\\\/polymeres-technologies\\\/\",\"https:\\\/\\\/www.youtube.com\\\/channel\\\/UCDaFKmK4Hn3KPKmBaTXWong\"]}]}<\/script>\n<!-- \/ Yoast SEO Premium plugin. -->","yoast_head_json":{"title":"Scellant \u00c9poxy S\u00e9curitaire pour Aliments \u00e0 durcissement Rapide | R\u00e9sine P\u00e9n\u00e9trante | CHILL EPOXY","description":"R\u00e9sine \u00c9poxy S\u00e9curitaire pour Aliments \u00e0 durcissement Rapide | Scellant P\u00e9n\u00e9trant. D\u00e9couvrez le meilleur scellant \u00e9poxy pour bois, id\u00e9al pour prot\u00e9ger les surfaces de l'humidit\u00e9 et des dommages tout en mettant en valeur la beaut\u00e9 naturelle du grain du bois.","robots":{"index":"index","follow":"follow","max-snippet":"max-snippet:-1","max-image-preview":"max-image-preview:large","max-video-preview":"max-video-preview:-1"},"canonical":"https:\/\/chillepoxy.com\/fr\/produit\/scellant-resine-epoxy-penetrant-a-durcissement-rapide\/","og_locale":"fr_FR","og_type":"article","og_title":"Scellant \u00c9poxy grade alimentaire \u00e0 durcissement rapide | R\u00e9sine p\u00e9n\u00e9trante | \u00c9cologique | CHILL SEALER | CHILL EPOXY","og_description":"R\u00e9sine \u00c9poxy S\u00e9curitaire pour Aliments \u00e0 durcissement Rapide | Scellant P\u00e9n\u00e9trant. D\u00e9couvrez le meilleur scellant \u00e9poxy pour bois, id\u00e9al pour prot\u00e9ger les surfaces de l'humidit\u00e9 et des dommages tout en mettant en valeur la beaut\u00e9 naturelle du grain du bois.","og_url":"https:\/\/chillepoxy.com\/fr\/produit\/scellant-resine-epoxy-penetrant-a-durcissement-rapide\/","og_site_name":"CHILL EPOXY","article_publisher":"https:\/\/www.facebook.com\/polymerestechnologies\/","article_modified_time":"2026-03-05T14:19:45+00:00","og_image":[{"width":1920,"height":1920,"url":"https:\/\/chillepoxy.com\/wp-content\/uploads\/2021\/02\/Fast-Curing-Clear-Penetrating-Epoxy-Sealer.jpg","type":"image\/jpeg"}],"twitter_card":"summary_large_image","twitter_misc":{"Dur\u00e9e de lecture estim\u00e9e":"4 minutes"},"schema":{"@context":"https:\/\/schema.org","@graph":[{"@type":"WebPage","@id":"https:\/\/chillepoxy.com\/fr\/produit\/scellant-resine-epoxy-penetrant-a-durcissement-rapide\/","url":"https:\/\/chillepoxy.com\/fr\/produit\/scellant-resine-epoxy-penetrant-a-durcissement-rapide\/","name":"Scellant \u00c9poxy S\u00e9curitaire pour Aliments \u00e0 durcissement Rapide | R\u00e9sine P\u00e9n\u00e9trante | CHILL EPOXY","isPartOf":{"@id":"https:\/\/chillepoxy.com\/fr\/#website"},"primaryImageOfPage":{"@id":"https:\/\/chillepoxy.com\/fr\/produit\/scellant-resine-epoxy-penetrant-a-durcissement-rapide\/#primaryimage"},"image":{"@id":"https:\/\/chillepoxy.com\/fr\/produit\/scellant-resine-epoxy-penetrant-a-durcissement-rapide\/#primaryimage"},"thumbnailUrl":"https:\/\/chillepoxy.com\/wp-content\/uploads\/2021\/02\/Fast-Curing-Clear-Penetrating-Epoxy-Sealer.jpg","datePublished":"2021-03-10T15:35:27+00:00","dateModified":"2026-03-05T14:19:45+00:00","description":"R\u00e9sine \u00c9poxy S\u00e9curitaire pour Aliments \u00e0 durcissement Rapide | Scellant P\u00e9n\u00e9trant. D\u00e9couvrez le meilleur scellant \u00e9poxy pour bois, id\u00e9al pour prot\u00e9ger les surfaces de l'humidit\u00e9 et des dommages tout en mettant en valeur la beaut\u00e9 naturelle du grain du bois.","breadcrumb":{"@id":"https:\/\/chillepoxy.com\/fr\/produit\/scellant-resine-epoxy-penetrant-a-durcissement-rapide\/#breadcrumb"},"inLanguage":"fr-FR","potentialAction":[{"@type":"ReadAction","target":["https:\/\/chillepoxy.com\/fr\/produit\/scellant-resine-epoxy-penetrant-a-durcissement-rapide\/"]}]},{"@type":"ImageObject","inLanguage":"fr-FR","@id":"https:\/\/chillepoxy.com\/fr\/produit\/scellant-resine-epoxy-penetrant-a-durcissement-rapide\/#primaryimage","url":"https:\/\/chillepoxy.com\/wp-content\/uploads\/2021\/02\/Fast-Curing-Clear-Penetrating-Epoxy-Sealer.jpg","contentUrl":"https:\/\/chillepoxy.com\/wp-content\/uploads\/2021\/02\/Fast-Curing-Clear-Penetrating-Epoxy-Sealer.jpg","width":1920,"height":1920,"caption":"Scellant \u00e9poxy transparent p\u00e9n\u00e9trant \u00e0 durcissement rapide"},{"@type":"BreadcrumbList","@id":"https:\/\/chillepoxy.com\/fr\/produit\/scellant-resine-epoxy-penetrant-a-durcissement-rapide\/#breadcrumb","itemListElement":[{"@type":"ListItem","position":1,"name":"Home","item":"https:\/\/chillepoxy.com\/fr\/"},{"@type":"ListItem","position":2,"name":"Boutique","item":"https:\/\/chillepoxy.com\/fr\/boutique\/"},{"@type":"ListItem","position":3,"name":"Scellant \u00c9poxy grade alimentaire \u00e0 durcissement rapide | R\u00e9sine p\u00e9n\u00e9trante | \u00c9cologique | CHILL SEALER | CHILL EPOXY"}]},{"@type":"WebSite","@id":"https:\/\/chillepoxy.com\/fr\/#website","url":"https:\/\/chillepoxy.com\/fr\/","name":"CHILL EPOXY\u2122 High-Quality Canadian-Made Epoxy Resin","description":"High-Quality Canadian-Made Epoxy Resin | Casting &amp; Art","publisher":{"@id":"https:\/\/chillepoxy.com\/fr\/#organization"},"alternateName":"High-Quality Epoxy Resin","potentialAction":[{"@type":"SearchAction","target":{"@type":"EntryPoint","urlTemplate":"https:\/\/chillepoxy.com\/fr\/?s={search_term_string}"},"query-input":{"@type":"PropertyValueSpecification","valueRequired":true,"valueName":"search_term_string"}}],"inLanguage":"fr-FR"},{"@type":"Organization","@id":"https:\/\/chillepoxy.com\/fr\/#organization","name":"CHILL EPOXY\u2122","alternateName":"High-Quality Canadian-Made Epoxy Resin","url":"https:\/\/chillepoxy.com\/fr\/","logo":{"@type":"ImageObject","inLanguage":"fr-FR","@id":"https:\/\/chillepoxy.com\/fr\/#\/schema\/logo\/image\/","url":"https:\/\/i0.wp.com\/chillepoxy.com\/wp-content\/uploads\/2024\/02\/polymeres_technologies.png?fit=649%2C649&ssl=1","contentUrl":"https:\/\/i0.wp.com\/chillepoxy.com\/wp-content\/uploads\/2024\/02\/polymeres_technologies.png?fit=649%2C649&ssl=1","width":649,"height":649,"caption":"CHILL EPOXY\u2122"},"image":{"@id":"https:\/\/chillepoxy.com\/fr\/#\/schema\/logo\/image\/"},"sameAs":["https:\/\/www.facebook.com\/polymerestechnologies\/","https:\/\/www.instagram.com\/polymeres_technologies\/","https:\/\/www.linkedin.com\/company\/polymeres-technologies\/","https:\/\/www.youtube.com\/channel\/UCDaFKmK4Hn3KPKmBaTXWong"]}]}},"jetpack_publicize_connections":[],"jetpack_sharing_enabled":true,"jetpack_likes_enabled":false,"_links":{"self":[{"href":"https:\/\/chillepoxy.com\/fr\/wp-json\/wp\/v2\/product\/6401","targetHints":{"allow":["GET"]}}],"collection":[{"href":"https:\/\/chillepoxy.com\/fr\/wp-json\/wp\/v2\/product"}],"about":[{"href":"https:\/\/chillepoxy.com\/fr\/wp-json\/wp\/v2\/types\/product"}],"replies":[{"embeddable":true,"href":"https:\/\/chillepoxy.com\/fr\/wp-json\/wp\/v2\/comments?post=6401"}],"wp:featuredmedia":[{"embeddable":true,"href":"https:\/\/chillepoxy.com\/fr\/wp-json\/wp\/v2\/media\/27841"}],"wp:attachment":[{"href":"https:\/\/chillepoxy.com\/fr\/wp-json\/wp\/v2\/media?parent=6401"}],"wp:term":[{"taxonomy":"product_brand","embeddable":true,"href":"https:\/\/chillepoxy.com\/fr\/wp-json\/wp\/v2\/product_brand?post=6401"},{"taxonomy":"product_cat","embeddable":true,"href":"https:\/\/chillepoxy.com\/fr\/wp-json\/wp\/v2\/product_cat?post=6401"},{"taxonomy":"product_tag","embeddable":true,"href":"https:\/\/chillepoxy.com\/fr\/wp-json\/wp\/v2\/product_tag?post=6401"}],"curies":[{"name":"wp","href":"https:\/\/api.w.org\/{rel}","templated":true}]}}