{"id":6416,"date":"2021-01-20T16:56:44","date_gmt":"2021-03-11T13:47:22","guid":{"rendered":"https:\/\/v2.chillepoxy.com\/shop\/techno-coating-systeme-de-revetement-de-sol-epoxy-haute-performance\/"},"modified":"2025-10-16T22:02:08","modified_gmt":"2025-10-17T02:02:08","slug":"revetement-epoxy-transparent-et-durable-pour-garage-en-beton","status":"publish","type":"product","link":"https:\/\/chillepoxy.com\/fr\/produit\/revetement-epoxy-transparent-et-durable-pour-garage-en-beton\/","title":{"rendered":"Rev\u00eatement \u00e9poxy transparent et durable pour garage en b\u00e9ton | Couche de finition transparente | haute brillance | kit 15L (3,96 gallons) | TECHNO COATING"},"content":{"rendered":"<h1 style=\"text-align: left;\">Rev\u00eatement \u00e9poxy transparent et durable pour garage en b\u00e9ton | couche de finition transparente | Fini brillant | kit 15L (3,96 gallons) | TECHNO COATING<\/h1>\n<h2 style=\"text-align: left;\">Rev\u00eatement \u00e9poxy transparent et durable pour garage en b\u00e9ton<\/h2>\n<p>Rev\u00eatement \u00e9poxy transparent et durable pour garage en b\u00e9ton. TECHNO COATING\u2122, notre rev\u00eatement de sol \u00e9poxy haute performance de qualit\u00e9 sup\u00e9rieure. Cette solution \u00e0 deux composants, 100 % solide (sans COV) est sp\u00e9cialement formul\u00e9e pour fournir une finition claire et brillante sur les surfaces int\u00e9rieures telles que les sols en b\u00e9ton. Sa formule \u00e0 faible odeur la rend facile \u00e0 utiliser et id\u00e9ale pour les applications commerciales et r\u00e9sidentielles. La meilleure caract\u00e9ristique de notre rev\u00eatement de sol en r\u00e9sine \u00e9poxy haute performance est sa durabilit\u00e9 et sa r\u00e9sistance chimique. Il est capable de r\u00e9sister \u00e0 un trafic intense et \u00e0 un nettoyage fr\u00e9quent, ce qui le rend id\u00e9al pour une utilisation dans des environnements industriels et commerciaux. De plus, il offre une surface lisse et sans joint qui est facile \u00e0 nettoyer et \u00e0 entretenir, et peut \u00e9galement am\u00e9liorer l&rsquo;apparence g\u00e9n\u00e9rale du sol.<\/p>\n<p>Le rev\u00eatement de sol en r\u00e9sine \u00e9poxy haute performance TECHNO COATING\u2122 poss\u00e8de d&rsquo;excellentes propri\u00e9t\u00e9s qui le rendent adapt\u00e9 \u00e0 une vari\u00e9t\u00e9 d&rsquo;environnements industriels et commerciaux. Il poss\u00e8de des propri\u00e9t\u00e9s m\u00e9caniques sup\u00e9rieures telles qu&rsquo;une grande r\u00e9sistance, une r\u00e9sistance \u00e0 l&rsquo;abrasion et une r\u00e9sistance aux chocs. ll a \u00e9galement une tr\u00e8s bonne r\u00e9sistance aux produits chimiques, y compris les acides, les alcalins et les solvants, ce qui le rend id\u00e9al pour une utilisation dans des environnements o\u00f9 des d\u00e9versements chimiques peuvent se produire. De plus, il a une finition esth\u00e9tique impeccable qui peut am\u00e9liorer l&rsquo;apparence g\u00e9n\u00e9rale du sol et am\u00e9liorer l&rsquo;image de l&rsquo;\u00e9tablissement.<\/p>\n<h3>R\u00e9sine Coating transparente pour planchers en b\u00e9ton<\/h3>\n<p>Un autre avantage du rev\u00eatement de sol en r\u00e9sine \u00e9poxy haute performance est sa faible viscosit\u00e9, qui permet une application facile par gravit\u00e9, rouleau ou raclette. Cela peut permettre de gagner du temps et de r\u00e9duire les co\u00fbts de main-d&rsquo;\u0153uvre pendant le processus d&rsquo;installation. De plus, la faible viscosit\u00e9 permet \u00e0 l&rsquo;\u00e9poxy de s&rsquo;auto-niveler et de remplir les petites fissures et imperfections du sol, offrant une surface lisse et uniforme. Ce rev\u00eatement est imperm\u00e9able, ce qui le rend adapt\u00e9 aux zones \u00e0 haute humidit\u00e9, et poss\u00e8de \u00e9galement une bonne r\u00e9sistance chimique et \u00e0 l&rsquo;abrasion. Son excellente r\u00e9sistance aux rayons UV en fait un choix parfait pour une utilisation dans des zones expos\u00e9es au soleil. Le rev\u00eatement \u00e9poxy est facile \u00e0 nettoyer et \u00e0 entretenir, garantissant que vos sols auront fi\u00e8re allure pendant de nombreuses ann\u00e9es. Choisissez TECHNO COATING\u2122 pour une finition durable, longue dur\u00e9e et attrayante sur vos sols.<\/p>\n<p>De plus, il peut \u00eatre utilis\u00e9 en combinaison avec nos pigments CHILL DROPS\u2122 (opaques ou transparents) pour cr\u00e9er des couleurs incroyables ou des effets sp\u00e9ciaux.<\/p>\n<h4><b>Caract\u00e9ristiques:<\/b><\/h4>\n<ul>\n<li style=\"font-weight: 400;\" aria-level=\"1\"><span style=\"font-weight: 400;\">Unit\u00e9 pr\u00e9-mesur\u00e9e de 15 litres (3,96 gallons).<\/span><\/li>\n<li style=\"font-weight: 400;\" aria-level=\"1\"><span style=\"font-weight: 400;\">100% solide (sans COV, ni solvant)<\/span><\/li>\n<li style=\"font-weight: 400;\" aria-level=\"1\"><span style=\"font-weight: 400;\">60 min de vie en pot<\/span><\/li>\n<li style=\"font-weight: 400;\" aria-level=\"1\"><span style=\"font-weight: 400;\">Fini Lustr\u00e9<\/span><\/li>\n<li style=\"font-weight: 400;\" aria-level=\"1\"><span style=\"font-weight: 400;\">Excellente r\u00e9sistance aux chocs<\/span><\/li>\n<li style=\"font-weight: 400;\" aria-level=\"1\"><span style=\"font-weight: 400;\">Convient aux zones en service expos\u00e9es \u00e0 un taux d&rsquo;humidit\u00e9 \u00e9lev\u00e9<\/span><\/li>\n<li style=\"font-weight: 400;\" aria-level=\"1\"><span style=\"font-weight: 400;\">Disponible dans une multitude de couleurs oppos\u00e9es sur les nuanciers de pigments CHILL DROPS \u2122<\/span><\/li>\n<li style=\"font-weight: 400;\" aria-level=\"1\"><span style=\"font-weight: 400;\">Tr\u00e8s durable<\/span><\/li>\n<li style=\"font-weight: 400;\" aria-level=\"1\"><span style=\"font-weight: 400;\">Basse viscosit\u00e9 pour \u00e9viter la formation de bulles<\/span><\/li>\n<li style=\"font-weight: 400;\" aria-level=\"1\"><span style=\"font-weight: 400;\">R\u00e9sistance m\u00e9canique et r\u00e9sistance aux contraintes extr\u00eames<\/span><\/li>\n<\/ul>\n<h4><b>Caract\u00e9ristiques:<\/b><\/h4>\n<ul>\n<li style=\"font-weight: 400;\" aria-level=\"1\"><span style=\"font-weight: 400;\">Ratio de m\u00e9lange facile: 2: 1 en volume &#8211; Unit\u00e9 pr\u00e9-mesur\u00e9e de 15L.<\/span><\/li>\n<li style=\"font-weight: 400;\" aria-level=\"1\"><span style=\"font-weight: 400;\">Temp\u00e9rature de travail id\u00e9ale: 22C \/ 72F<\/span><\/li>\n<li style=\"font-weight: 400;\" aria-level=\"1\"><span style=\"font-weight: 400;\">Temps de vie en pot: 160 minutes \u00e0 22 \u00b0 C \/ 72 \u00b0 F<\/span><\/li>\n<li style=\"font-weight: 400;\" aria-level=\"1\"><span style=\"font-weight: 400;\">Temps de durcissement : Sec au toucher ~8-12 heures \u00e0 22\u00b0C (72\u00b0F), Trafic l\u00e9ger ~24 heures \u00e0 22\u00b0C (72\u00b0F), Durcissement complet 7 jours \u00e0 22\u00b0C (72\u00b0F)<\/span><\/li>\n<li style=\"font-weight: 400;\" aria-level=\"1\"><span style=\"font-weight: 400;\">Produits de nettoyage recommand\u00e9s : Nettoyant pour r\u00e9sine POLY CLEANER\u2122 ou Alcool isopropylique.<\/span><\/li>\n<\/ul>\n<h3><b>Pr\u00e9paration de surface pour rev\u00eatement de sol en b\u00e9ton :<\/b><\/h3>\n<p>La pr\u00e9paration de surface est une \u00e9tape essentielle dans le processus d&rsquo;application d&rsquo;un rev\u00eatement de sol en r\u00e9sine \u00e9poxy haute performance. La surface doit \u00eatre propre, s\u00e8che et exempte de contaminants tels que l&rsquo;huile, la salet\u00e9 ou la graisse avant que le rev\u00eatement puisse \u00eatre appliqu\u00e9. Les \u00e9tapes sp\u00e9cifiques de la pr\u00e9paration de surface d\u00e9pendront du type de surface qui est rev\u00eatu et de l&rsquo;\u00e9tat de cette surface.<\/p>\n<p>Pour pr\u00e9parer la surface, nous recommandons les \u00e9tapes suivantes :<\/p>\n<ul>\n<li>Nettoyez la surface \u00e0 l&rsquo;aide d&rsquo;un nettoyeur haute pression ou d&rsquo;un d\u00e9graissant pour \u00e9liminer toute salet\u00e9, poussi\u00e8re ou d\u00e9bris. Traitez toutes les taches d&rsquo;huile ou de graisse avec un d\u00e9graissant sp\u00e9cialement formul\u00e9 pour ce type de taches.<\/li>\n<li>Profilage de la surface \u00e0 l&rsquo;aide d&rsquo;une rectifieuse diamant ou d&rsquo;un blaster de tir pour cr\u00e9er une surface rugueuse qui aidera l&rsquo;\u00e9poxy \u00e0 mieux adh\u00e9rer. Le profil doit \u00eatre d&rsquo;un minimum de CSP 3 (Profil de surface de b\u00e9ton).<\/li>\n<li>R\u00e9parez toutes les fissures ou trous dans la surface avec un patch ou un compos\u00e9 de r\u00e9paration en b\u00e9ton.<\/li>\n<li>Neutralisez tous les niveaux de pH \u00e9lev\u00e9s dans la surface avec une solution d&rsquo;acide phosphorique ou muriatique.<\/li>\n<li>Laissez la surface s\u00e9cher compl\u00e8tement avant d&rsquo;appliquer le rev\u00eatement \u00e9poxy. V\u00e9rifiez le niveau d&rsquo;humidit\u00e9 du b\u00e9ton avec un humidim\u00e8tre pour assurer une adh\u00e9rence appropri\u00e9e.<\/li>\n<li>Ruban ou masquez toutes les zones qui ne seront pas rev\u00eatues, comme les plinthes ou les murs, pour les prot\u00e9ger des surpulv\u00e9risations.<\/li>\n<\/ul>\n<p>Il est important de suivre les instructions du fabricant pour la pr\u00e9paration de surface afin d&rsquo;assurer une adh\u00e9rence appropri\u00e9e et les r\u00e9sultats d\u00e9sir\u00e9s. De plus, nous recommandons une temp\u00e9rature ambiante de 22\u00b0C (72\u00b0F), une humidit\u00e9 relative inf\u00e9rieure \u00e0 70% et les deux parties de TECHNO COATING (A\/B) \u00e0 une temp\u00e9rature de 22\u00b0C (72\u00b0F) pour les meilleurs r\u00e9sultats. Pour plus de d\u00e9tails, veuillez consulter POLYMERES TECHNOLOGIES <a href=\"mailto:sales@polymerestechnologies.com\" target=\"_new\" rel=\"noopener\">(sales@polymerestechnologies.com)<\/a><\/p>\n","protected":false},"excerpt":{"rendered":"<p><strong data-start=\"85\" data-end=\"103\">TECHNO COATING<\/strong> est un rev\u00eatement \u00e9poxy transparent haute performance, sans COV, \u00e0 faible viscosit\u00e9, con\u00e7u pour les sols de garages, surfaces industrielles et commerciales. Facile \u00e0 appliquer (rouleau, raclette, gravit\u00e9), il cr\u00e9e une finition lisse, r\u00e9sistante \u00e0 l\u2019abrasion, aux chocs et facile \u00e0 nettoyer. Id\u00e9al pour une protection durable et une apparence soign\u00e9e.<\/p>\n<p>&nbsp;<\/p>\n","protected":false},"featured_media":27262,"comment_status":"open","ping_status":"closed","template":"","meta":{"inline_featured_image":false,"jetpack_publicize_message":"","jetpack_publicize_feature_enabled":true,"jetpack_social_post_already_shared":true,"jetpack_social_options":{"image_generator_settings":{"template":"highway","default_image_id":0,"font":"","enabled":false},"version":2}},"product_brand":[],"product_cat":[1425,1308,83,85],"product_tag":[],"class_list":{"0":"post-6416","1":"product","2":"type-product","3":"status-publish","4":"has-post-thumbnail","6":"product_cat-15l-3-96-gallon-fr","7":"product_cat-couches-transparentes","8":"product_cat-resines-epoxy","9":"product_cat-revetement-de-plancher-epoxy","11":"first","12":"instock","13":"taxable","14":"shipping-taxable","15":"purchasable","16":"product-type-simple"},"yoast_head":"<!-- This site is optimized with the Yoast SEO Premium plugin v27.3 (Yoast SEO v27.3) - https:\/\/yoast.com\/product\/yoast-seo-premium-wordpress\/ -->\n<title>Rev\u00eatement \u00e9poxy transparent et durable pour garage en b\u00e9ton | CHILL EPOXY<\/title>\n<meta name=\"description\" content=\"Rev\u00eatement \u00e9poxy transparent et durable pour garage en b\u00e9ton. Rev\u00eatement \u00e9poxy transparent \u00e0 haute durabilit\u00e9 100 % solide pour les garages en b\u00e9ton.\" \/>\n<meta name=\"robots\" content=\"index, follow, max-snippet:-1, max-image-preview:large, max-video-preview:-1\" \/>\n<link rel=\"canonical\" href=\"https:\/\/chillepoxy.com\/fr\/produit\/revetement-epoxy-transparent-et-durable-pour-garage-en-beton\/\" \/>\n<meta property=\"og:locale\" content=\"fr_FR\" \/>\n<meta property=\"og:type\" content=\"article\" \/>\n<meta property=\"og:title\" content=\"Rev\u00eatement \u00e9poxy transparent et durable pour garage en b\u00e9ton | Couche de finition transparente | haute brillance | kit 15L (3,96 gallons) | TECHNO COATING\" \/>\n<meta property=\"og:description\" content=\"Rev\u00eatement \u00e9poxy transparent et durable pour garage en b\u00e9ton. Rev\u00eatement \u00e9poxy transparent \u00e0 haute durabilit\u00e9 100 % solide pour les garages en b\u00e9ton.\" \/>\n<meta property=\"og:url\" content=\"https:\/\/chillepoxy.com\/fr\/produit\/revetement-epoxy-transparent-et-durable-pour-garage-en-beton\/\" \/>\n<meta property=\"og:site_name\" content=\"CHILL EPOXY\" \/>\n<meta property=\"article:publisher\" content=\"https:\/\/www.facebook.com\/polymerestechnologies\/\" \/>\n<meta property=\"article:modified_time\" content=\"2025-10-17T02:02:08+00:00\" \/>\n<meta property=\"og:image\" content=\"https:\/\/chillepoxy.com\/wp-content\/uploads\/2021\/01\/Clear-High-Performance-Epoxy-Resin-Floor-Coating.png\" \/>\n\t<meta property=\"og:image:width\" content=\"1920\" \/>\n\t<meta property=\"og:image:height\" content=\"1920\" \/>\n\t<meta property=\"og:image:type\" content=\"image\/png\" \/>\n<meta name=\"twitter:card\" content=\"summary_large_image\" \/>\n<meta name=\"twitter:label1\" content=\"Dur\u00e9e de lecture estim\u00e9e\" \/>\n\t<meta name=\"twitter:data1\" content=\"5 minutes\" \/>\n<script type=\"application\/ld+json\" class=\"yoast-schema-graph\">{\"@context\":\"https:\\\/\\\/schema.org\",\"@graph\":[{\"@type\":\"WebPage\",\"@id\":\"https:\\\/\\\/chillepoxy.com\\\/fr\\\/produit\\\/revetement-epoxy-transparent-et-durable-pour-garage-en-beton\\\/\",\"url\":\"https:\\\/\\\/chillepoxy.com\\\/fr\\\/produit\\\/revetement-epoxy-transparent-et-durable-pour-garage-en-beton\\\/\",\"name\":\"Rev\u00eatement \u00e9poxy transparent et durable pour garage en b\u00e9ton | CHILL EPOXY\",\"isPartOf\":{\"@id\":\"https:\\\/\\\/chillepoxy.com\\\/fr\\\/#website\"},\"primaryImageOfPage\":{\"@id\":\"https:\\\/\\\/chillepoxy.com\\\/fr\\\/produit\\\/revetement-epoxy-transparent-et-durable-pour-garage-en-beton\\\/#primaryimage\"},\"image\":{\"@id\":\"https:\\\/\\\/chillepoxy.com\\\/fr\\\/produit\\\/revetement-epoxy-transparent-et-durable-pour-garage-en-beton\\\/#primaryimage\"},\"thumbnailUrl\":\"https:\\\/\\\/chillepoxy.com\\\/wp-content\\\/uploads\\\/2021\\\/01\\\/Clear-High-Performance-Epoxy-Resin-Floor-Coating.png\",\"datePublished\":\"2021-03-11T13:47:22+00:00\",\"dateModified\":\"2025-10-17T02:02:08+00:00\",\"description\":\"Rev\u00eatement \u00e9poxy transparent et durable pour garage en b\u00e9ton. Rev\u00eatement \u00e9poxy transparent \u00e0 haute durabilit\u00e9 100 % solide pour les garages en b\u00e9ton.\",\"breadcrumb\":{\"@id\":\"https:\\\/\\\/chillepoxy.com\\\/fr\\\/produit\\\/revetement-epoxy-transparent-et-durable-pour-garage-en-beton\\\/#breadcrumb\"},\"inLanguage\":\"fr-FR\",\"potentialAction\":[{\"@type\":\"ReadAction\",\"target\":[\"https:\\\/\\\/chillepoxy.com\\\/fr\\\/produit\\\/revetement-epoxy-transparent-et-durable-pour-garage-en-beton\\\/\"]}]},{\"@type\":\"ImageObject\",\"inLanguage\":\"fr-FR\",\"@id\":\"https:\\\/\\\/chillepoxy.com\\\/fr\\\/produit\\\/revetement-epoxy-transparent-et-durable-pour-garage-en-beton\\\/#primaryimage\",\"url\":\"https:\\\/\\\/chillepoxy.com\\\/wp-content\\\/uploads\\\/2021\\\/01\\\/Clear-High-Performance-Epoxy-Resin-Floor-Coating.png\",\"contentUrl\":\"https:\\\/\\\/chillepoxy.com\\\/wp-content\\\/uploads\\\/2021\\\/01\\\/Clear-High-Performance-Epoxy-Resin-Floor-Coating.png\",\"width\":1920,\"height\":1920,\"caption\":\"Rev\u00eatement \u00e9poxy transparent et durable pour garage en b\u00e9ton\"},{\"@type\":\"BreadcrumbList\",\"@id\":\"https:\\\/\\\/chillepoxy.com\\\/fr\\\/produit\\\/revetement-epoxy-transparent-et-durable-pour-garage-en-beton\\\/#breadcrumb\",\"itemListElement\":[{\"@type\":\"ListItem\",\"position\":1,\"name\":\"Home\",\"item\":\"https:\\\/\\\/chillepoxy.com\\\/fr\\\/\"},{\"@type\":\"ListItem\",\"position\":2,\"name\":\"Boutique\",\"item\":\"https:\\\/\\\/chillepoxy.com\\\/fr\\\/boutique\\\/\"},{\"@type\":\"ListItem\",\"position\":3,\"name\":\"Rev\u00eatement \u00e9poxy transparent et durable pour garage en b\u00e9ton | Couche de finition transparente | haute brillance | kit 15L (3,96 gallons) | TECHNO COATING\"}]},{\"@type\":\"WebSite\",\"@id\":\"https:\\\/\\\/chillepoxy.com\\\/fr\\\/#website\",\"url\":\"https:\\\/\\\/chillepoxy.com\\\/fr\\\/\",\"name\":\"CHILL EPOXY\u2122 High-Quality Canadian-Made Epoxy Resin\",\"description\":\"High-Quality Canadian-Made Epoxy Resin | Casting &amp; Art\",\"publisher\":{\"@id\":\"https:\\\/\\\/chillepoxy.com\\\/fr\\\/#organization\"},\"alternateName\":\"High-Quality Epoxy Resin\",\"potentialAction\":[{\"@type\":\"SearchAction\",\"target\":{\"@type\":\"EntryPoint\",\"urlTemplate\":\"https:\\\/\\\/chillepoxy.com\\\/fr\\\/?s={search_term_string}\"},\"query-input\":{\"@type\":\"PropertyValueSpecification\",\"valueRequired\":true,\"valueName\":\"search_term_string\"}}],\"inLanguage\":\"fr-FR\"},{\"@type\":\"Organization\",\"@id\":\"https:\\\/\\\/chillepoxy.com\\\/fr\\\/#organization\",\"name\":\"CHILL EPOXY\u2122\",\"alternateName\":\"High-Quality Canadian-Made Epoxy Resin\",\"url\":\"https:\\\/\\\/chillepoxy.com\\\/fr\\\/\",\"logo\":{\"@type\":\"ImageObject\",\"inLanguage\":\"fr-FR\",\"@id\":\"https:\\\/\\\/chillepoxy.com\\\/fr\\\/#\\\/schema\\\/logo\\\/image\\\/\",\"url\":\"https:\\\/\\\/i0.wp.com\\\/chillepoxy.com\\\/wp-content\\\/uploads\\\/2024\\\/02\\\/polymeres_technologies.png?fit=649%2C649&ssl=1\",\"contentUrl\":\"https:\\\/\\\/i0.wp.com\\\/chillepoxy.com\\\/wp-content\\\/uploads\\\/2024\\\/02\\\/polymeres_technologies.png?fit=649%2C649&ssl=1\",\"width\":649,\"height\":649,\"caption\":\"CHILL EPOXY\u2122\"},\"image\":{\"@id\":\"https:\\\/\\\/chillepoxy.com\\\/fr\\\/#\\\/schema\\\/logo\\\/image\\\/\"},\"sameAs\":[\"https:\\\/\\\/www.facebook.com\\\/polymerestechnologies\\\/\",\"https:\\\/\\\/www.instagram.com\\\/polymeres_technologies\\\/\",\"https:\\\/\\\/www.linkedin.com\\\/company\\\/polymeres-technologies\\\/\",\"https:\\\/\\\/www.youtube.com\\\/channel\\\/UCDaFKmK4Hn3KPKmBaTXWong\"]}]}<\/script>\n<!-- \/ Yoast SEO Premium plugin. -->","yoast_head_json":{"title":"Rev\u00eatement \u00e9poxy transparent et durable pour garage en b\u00e9ton | CHILL EPOXY","description":"Rev\u00eatement \u00e9poxy transparent et durable pour garage en b\u00e9ton. Rev\u00eatement \u00e9poxy transparent \u00e0 haute durabilit\u00e9 100 % solide pour les garages en b\u00e9ton.","robots":{"index":"index","follow":"follow","max-snippet":"max-snippet:-1","max-image-preview":"max-image-preview:large","max-video-preview":"max-video-preview:-1"},"canonical":"https:\/\/chillepoxy.com\/fr\/produit\/revetement-epoxy-transparent-et-durable-pour-garage-en-beton\/","og_locale":"fr_FR","og_type":"article","og_title":"Rev\u00eatement \u00e9poxy transparent et durable pour garage en b\u00e9ton | Couche de finition transparente | haute brillance | kit 15L (3,96 gallons) | TECHNO COATING","og_description":"Rev\u00eatement \u00e9poxy transparent et durable pour garage en b\u00e9ton. Rev\u00eatement \u00e9poxy transparent \u00e0 haute durabilit\u00e9 100 % solide pour les garages en b\u00e9ton.","og_url":"https:\/\/chillepoxy.com\/fr\/produit\/revetement-epoxy-transparent-et-durable-pour-garage-en-beton\/","og_site_name":"CHILL EPOXY","article_publisher":"https:\/\/www.facebook.com\/polymerestechnologies\/","article_modified_time":"2025-10-17T02:02:08+00:00","og_image":[{"width":1920,"height":1920,"url":"https:\/\/chillepoxy.com\/wp-content\/uploads\/2021\/01\/Clear-High-Performance-Epoxy-Resin-Floor-Coating.png","type":"image\/png"}],"twitter_card":"summary_large_image","twitter_misc":{"Dur\u00e9e de lecture estim\u00e9e":"5 minutes"},"schema":{"@context":"https:\/\/schema.org","@graph":[{"@type":"WebPage","@id":"https:\/\/chillepoxy.com\/fr\/produit\/revetement-epoxy-transparent-et-durable-pour-garage-en-beton\/","url":"https:\/\/chillepoxy.com\/fr\/produit\/revetement-epoxy-transparent-et-durable-pour-garage-en-beton\/","name":"Rev\u00eatement \u00e9poxy transparent et durable pour garage en b\u00e9ton | CHILL EPOXY","isPartOf":{"@id":"https:\/\/chillepoxy.com\/fr\/#website"},"primaryImageOfPage":{"@id":"https:\/\/chillepoxy.com\/fr\/produit\/revetement-epoxy-transparent-et-durable-pour-garage-en-beton\/#primaryimage"},"image":{"@id":"https:\/\/chillepoxy.com\/fr\/produit\/revetement-epoxy-transparent-et-durable-pour-garage-en-beton\/#primaryimage"},"thumbnailUrl":"https:\/\/chillepoxy.com\/wp-content\/uploads\/2021\/01\/Clear-High-Performance-Epoxy-Resin-Floor-Coating.png","datePublished":"2021-03-11T13:47:22+00:00","dateModified":"2025-10-17T02:02:08+00:00","description":"Rev\u00eatement \u00e9poxy transparent et durable pour garage en b\u00e9ton. Rev\u00eatement \u00e9poxy transparent \u00e0 haute durabilit\u00e9 100 % solide pour les garages en b\u00e9ton.","breadcrumb":{"@id":"https:\/\/chillepoxy.com\/fr\/produit\/revetement-epoxy-transparent-et-durable-pour-garage-en-beton\/#breadcrumb"},"inLanguage":"fr-FR","potentialAction":[{"@type":"ReadAction","target":["https:\/\/chillepoxy.com\/fr\/produit\/revetement-epoxy-transparent-et-durable-pour-garage-en-beton\/"]}]},{"@type":"ImageObject","inLanguage":"fr-FR","@id":"https:\/\/chillepoxy.com\/fr\/produit\/revetement-epoxy-transparent-et-durable-pour-garage-en-beton\/#primaryimage","url":"https:\/\/chillepoxy.com\/wp-content\/uploads\/2021\/01\/Clear-High-Performance-Epoxy-Resin-Floor-Coating.png","contentUrl":"https:\/\/chillepoxy.com\/wp-content\/uploads\/2021\/01\/Clear-High-Performance-Epoxy-Resin-Floor-Coating.png","width":1920,"height":1920,"caption":"Rev\u00eatement \u00e9poxy transparent et durable pour garage en b\u00e9ton"},{"@type":"BreadcrumbList","@id":"https:\/\/chillepoxy.com\/fr\/produit\/revetement-epoxy-transparent-et-durable-pour-garage-en-beton\/#breadcrumb","itemListElement":[{"@type":"ListItem","position":1,"name":"Home","item":"https:\/\/chillepoxy.com\/fr\/"},{"@type":"ListItem","position":2,"name":"Boutique","item":"https:\/\/chillepoxy.com\/fr\/boutique\/"},{"@type":"ListItem","position":3,"name":"Rev\u00eatement \u00e9poxy transparent et durable pour garage en b\u00e9ton | Couche de finition transparente | haute brillance | kit 15L (3,96 gallons) | TECHNO COATING"}]},{"@type":"WebSite","@id":"https:\/\/chillepoxy.com\/fr\/#website","url":"https:\/\/chillepoxy.com\/fr\/","name":"CHILL EPOXY\u2122 High-Quality Canadian-Made Epoxy Resin","description":"High-Quality Canadian-Made Epoxy Resin | Casting &amp; Art","publisher":{"@id":"https:\/\/chillepoxy.com\/fr\/#organization"},"alternateName":"High-Quality Epoxy Resin","potentialAction":[{"@type":"SearchAction","target":{"@type":"EntryPoint","urlTemplate":"https:\/\/chillepoxy.com\/fr\/?s={search_term_string}"},"query-input":{"@type":"PropertyValueSpecification","valueRequired":true,"valueName":"search_term_string"}}],"inLanguage":"fr-FR"},{"@type":"Organization","@id":"https:\/\/chillepoxy.com\/fr\/#organization","name":"CHILL EPOXY\u2122","alternateName":"High-Quality Canadian-Made Epoxy Resin","url":"https:\/\/chillepoxy.com\/fr\/","logo":{"@type":"ImageObject","inLanguage":"fr-FR","@id":"https:\/\/chillepoxy.com\/fr\/#\/schema\/logo\/image\/","url":"https:\/\/i0.wp.com\/chillepoxy.com\/wp-content\/uploads\/2024\/02\/polymeres_technologies.png?fit=649%2C649&ssl=1","contentUrl":"https:\/\/i0.wp.com\/chillepoxy.com\/wp-content\/uploads\/2024\/02\/polymeres_technologies.png?fit=649%2C649&ssl=1","width":649,"height":649,"caption":"CHILL EPOXY\u2122"},"image":{"@id":"https:\/\/chillepoxy.com\/fr\/#\/schema\/logo\/image\/"},"sameAs":["https:\/\/www.facebook.com\/polymerestechnologies\/","https:\/\/www.instagram.com\/polymeres_technologies\/","https:\/\/www.linkedin.com\/company\/polymeres-technologies\/","https:\/\/www.youtube.com\/channel\/UCDaFKmK4Hn3KPKmBaTXWong"]}]}},"jetpack_publicize_connections":[],"jetpack_sharing_enabled":true,"jetpack_likes_enabled":false,"_links":{"self":[{"href":"https:\/\/chillepoxy.com\/fr\/wp-json\/wp\/v2\/product\/6416","targetHints":{"allow":["GET"]}}],"collection":[{"href":"https:\/\/chillepoxy.com\/fr\/wp-json\/wp\/v2\/product"}],"about":[{"href":"https:\/\/chillepoxy.com\/fr\/wp-json\/wp\/v2\/types\/product"}],"replies":[{"embeddable":true,"href":"https:\/\/chillepoxy.com\/fr\/wp-json\/wp\/v2\/comments?post=6416"}],"wp:featuredmedia":[{"embeddable":true,"href":"https:\/\/chillepoxy.com\/fr\/wp-json\/wp\/v2\/media\/27262"}],"wp:attachment":[{"href":"https:\/\/chillepoxy.com\/fr\/wp-json\/wp\/v2\/media?parent=6416"}],"wp:term":[{"taxonomy":"product_brand","embeddable":true,"href":"https:\/\/chillepoxy.com\/fr\/wp-json\/wp\/v2\/product_brand?post=6416"},{"taxonomy":"product_cat","embeddable":true,"href":"https:\/\/chillepoxy.com\/fr\/wp-json\/wp\/v2\/product_cat?post=6416"},{"taxonomy":"product_tag","embeddable":true,"href":"https:\/\/chillepoxy.com\/fr\/wp-json\/wp\/v2\/product_tag?post=6416"}],"curies":[{"name":"wp","href":"https:\/\/api.w.org\/{rel}","templated":true}]}}