{"id":6418,"date":"2021-01-20T10:14:58","date_gmt":"2021-03-11T14:10:37","guid":{"rendered":"https:\/\/v2.chillepoxy.com\/shop\/chill-fix-ensemble-epoxy-transparent-a-prise-ultra-rapide\/"},"modified":"2025-12-26T19:46:36","modified_gmt":"2025-12-27T00:46:36","slug":"quick-set-clear-epoxy-resin-rapid-dry-time","status":"publish","type":"product","link":"https:\/\/chillepoxy.com\/fr\/produit\/quick-set-clear-epoxy-resin-rapid-dry-time\/","title":{"rendered":"\u00c9poxy \u00e0 prise rapide | R\u00e9sine transparente pour petites fissures, cavit\u00e9s et r\u00e9parations | Kit de 1,5 L (0,396 gallon) | CHILL FIX 2:1 | CHILL EPOXY"},"content":{"rendered":"<h1>\u00c9poxy \u00e0 prise rapide | R\u00e9sine transparente pour petites fissures, cavit\u00e9s et r\u00e9parations | Durcissement rapide | CHILL FIX 2:1<\/h1>\n<p>R\u00e9sine \u00e9poxy transparente \u00e0 prise rapide pour fissures, cavit\u00e9s et r\u00e9parations. CHILL FIX\u2122 &#8211; R\u00e9sine \u00e9poxy transparente \u00e0 faible viscosit\u00e9 et \u00e0 durcissement rapide. Con\u00e7ue sp\u00e9cifiquement pour un durcissement rapide et une grande durabilit\u00e9, CHILL FIX\u2122 est id\u00e9ale pour les petites r\u00e9parations, les coulages, et le remplissage des fissures et des vides dans les substrats en bois, tels que les tables de rivi\u00e8re et les planches de service.<\/p>\n<p>Avec une dur\u00e9e de vie en pot de seulement 13 minutes et un temps de durcissement complet de quelques heures, CHILL FIX\u2122 garantit une ach\u00e8vement rapide des projets. Sa faible viscosit\u00e9 et sa haute r\u00e9activit\u00e9 facilitent une manipulation ais\u00e9e et un remplissage efficace des petites r\u00e9parations. De plus, sa haute r\u00e9sistance aux ultraviolets le rend adapt\u00e9 \u00e0 une utilisation en ext\u00e9rieur.<\/p>\n<p>CHILL FIX\u2122 peut \u00eatre pigment\u00e9 avec les s\u00e9ries opaques et transparentes CHILL DROPS\u2122 et est compatible avec les pigments m\u00e9talliques. Disponible en format de 1,5 L (tailles plus grandes sur demande), ce mastic \u00e9poxy sans COV est \u00e0 100% solide et excelle dans le remplissage des petites fissures, des vides, des n\u0153uds ou des coul\u00e9es d\u00e9licates comme les bijoux.<\/p>\n<p>Dot\u00e9 d&rsquo;une finition brillante, d&rsquo;une r\u00e9sistance \u00e0 la chaleur et aux chocs, ainsi que d&rsquo;une r\u00e9sistance m\u00e9canique et \u00e0 la contrainte extr\u00eame, CHILL FIX\u2122 garantit des r\u00e9sultats impeccables. Pour optimiser les performances, assurez-vous d&rsquo;une surface propre, exempte de contaminants, et maintenez une temp\u00e9rature de travail id\u00e9ale de 22\u00b0C\/72\u00b0F.<\/p>\n<p>Pour obtenir les meilleurs r\u00e9sultats, appliquez une \u00e9paisseur par couche de 1\/16 \u00e0 1\/4 ou pour les petites masses, en \u00e9vitant de d\u00e9passer une \u00e9paisseur maximale de 1\/4 en une seule coul\u00e9e. CHILL FIX\u2122 &#8211; votre solution efficace pour les besoins de petits projets.<\/p>\n<h2>R\u00e9sine \u00e9poxy transparente \u00e0 prise rapide pour fissures, vides et r\u00e9parations<\/h2>\n<h4><b>Caract\u00e9ristiques:<\/b><\/h4>\n<ul>\n<li style=\"font-weight: 400;\" aria-level=\"1\"><span style=\"font-weight: 400;\">Id\u00e9al pour les petits projets et les petites masses ou pour les couches jusqu&rsquo;\u00e0 1\/4 pouce d&rsquo;\u00e9paisseur<\/span><\/li>\n<li style=\"font-weight: 400;\" aria-level=\"1\"><span style=\"font-weight: 400;\">100% solide et sans COV<\/span><\/li>\n<li style=\"font-weight: 400;\" aria-level=\"1\"><span style=\"font-weight: 400;\">Il est couramment utilis\u00e9 pour combler les petites fissures, les vides, les n\u0153uds ou les petits moulages tels que les bijoux.<\/span><\/li>\n<li style=\"font-weight: 400;\" aria-level=\"1\"><span style=\"font-weight: 400;\">Dur\u00e9e de vie en pot et temps de durcissement rapides<\/span><\/li>\n<li style=\"font-weight: 400;\" aria-level=\"1\"><span style=\"font-weight: 400;\">Haute brillance<\/span><\/li>\n<li style=\"font-weight: 400;\" aria-level=\"1\"><span style=\"font-weight: 400;\">R\u00e9sistance \u00e0 la chaleur et aux chocs<\/span><\/li>\n<li style=\"font-weight: 400;\" aria-level=\"1\"><span style=\"font-weight: 400;\">Tr\u00e8s durable<\/span><\/li>\n<li style=\"font-weight: 400;\" aria-level=\"1\"><span style=\"font-weight: 400;\">Viscosit\u00e9 comme l&rsquo;eau pour \u00e9viter les bulles<\/span><\/li>\n<li style=\"font-weight: 400;\" aria-level=\"1\"><span style=\"font-weight: 400;\">Il peut \u00eatre color\u00e9 avec l&rsquo;un de nos pigments liquides ou m\u00e9talliques.<\/span><\/li>\n<li style=\"font-weight: 400;\" aria-level=\"1\"><span style=\"font-weight: 400;\">R\u00e9sistance m\u00e9canique et r\u00e9sistance aux contraintes extr\u00eames<\/span><\/li>\n<\/ul>\n<h4><b>Caract\u00e9ristiques:<\/b><\/h4>\n<ul>\n<li style=\"font-weight: 400;\" aria-level=\"1\"><span style=\"font-weight: 400;\">Rapport de m\u00e9lange facile : 2:1 en volume ou 100\/44 en poids<\/span><\/li>\n<li style=\"font-weight: 400;\" aria-level=\"1\"><span style=\"font-weight: 400;\">Temp\u00e9rature de travail id\u00e9ale: 22C \/ 72F<\/span><\/li>\n<li style=\"font-weight: 400;\" aria-level=\"1\"><span style=\"font-weight: 400;\">Temps de pot : 13 minutes \u00e0 22C\/72F selon les volumes et la temp\u00e9rature ambiante<\/span><\/li>\n<li style=\"font-weight: 400;\" aria-level=\"1\"><span style=\"font-weight: 400;\">Temps de durcissement : 3 \u00e0 6 heures selon le volume, la temp\u00e9rature ambiante, le taux d&rsquo;humidit\u00e9 et l&rsquo;\u00e9paisseur de la coul\u00e9e<\/span><\/li>\n<li style=\"font-weight: 400;\" aria-level=\"1\"><span style=\"font-weight: 400;\">\u00c9paisseur recommand\u00e9e par couche : 1\/16 -1\/4 ou petites masses<\/span><\/li>\n<li style=\"font-weight: 400;\" aria-level=\"1\"><span style=\"font-weight: 400;\">\u00c9paisseur maximale en une seule coul\u00e9e : 1\/4 max<\/span><\/li>\n<li style=\"font-weight: 400;\" aria-level=\"1\"><span style=\"font-weight: 400;\">Apparence apr\u00e8s le durcissement : Qualit\u00e9 optique<\/span><\/li>\n<li style=\"font-weight: 400;\" aria-level=\"1\"><span style=\"font-weight: 400;\">Viscosit\u00e9 : 325 CPS mixte &#8211; Tr\u00e8s faible viscosit\u00e9 pour une meilleure p\u00e9n\u00e9tration<\/span><\/li>\n<li style=\"font-weight: 400;\" aria-level=\"1\"><span style=\"font-weight: 400;\">Produits de nettoyage recommand\u00e9s : Nettoyant pour r\u00e9sine POLY CLEANER\u2122 ou alcool isopropylique<\/span><\/li>\n<\/ul>\n<h4><b>Applications:<\/b><\/h4>\n<p><b>Remarque :<\/b> <span style=\"font-weight: 400;\">Avant d&rsquo;utiliser<\/span><span style=\"font-weight: 400;\">le CHILL FIX\u2122<\/span><span style=\"font-weight: 400;\">, assurez-vous que la section en bois\/\u00e9poxy est exempte de tout contaminant (salet\u00e9, huile et graisse).<\/span><\/p>\n<p><b>Pr\u00e9paration de surface:<\/b><span style=\"font-weight: 400;\"> Prot\u00e9gez la zone de travail des d\u00e9versements accidentels. Sablez l\u00e9g\u00e8rement la surface \u00e0 r\u00e9parer. La chaleur est g\u00e9n\u00e9r\u00e9e pendant que le m\u00e9lange \u00e9poxy durcit; plus l&rsquo;\u00e9poxy et le durcisseur sont m\u00e9lang\u00e9s, plus la chaleur est g\u00e9n\u00e9r\u00e9e, ce qui acc\u00e9l\u00e8re le durcissement du m\u00e9lange. Ne m\u00e9langez qu&rsquo;une quantit\u00e9 d&rsquo;\u00e9poxy et de durcisseur que vous pouvez utiliser pendant la dur\u00e9e de vie en pot du produit.<\/span><\/p>\n<p><b>Instructions importantes :<\/b><span style=\"font-weight: 400;\"> M\u00e9langer 2 parties de \u00ab\u00a0A\u00a0\u00bb \u00e0 1 partie de \u00ab\u00a0B\u00a0\u00bb en volume jusqu&rsquo;\u00e0 ce que la couleur soit uniforme. Un petit \u00e9cart dans le rapport de m\u00e9lange peut modifier les propri\u00e9t\u00e9s physiques du produit. <\/span><\/p>\n<p><span style=\"font-weight: 400;\"><strong>Attention :<\/strong> Temps de vit en pot court, NE PAS M\u00c9LANGER plus de 150ML \u00e0 la fois ou risque de surchauffe si laiss\u00e9e trop longtemps en masse.<\/span><\/p>\n","protected":false},"excerpt":{"rendered":"<p style=\"text-align: left;\"><span style=\"font-size: 100%;\">CHILL FIX<span style=\"font-weight: 400;\">\u2122 est une<\/span> r\u00e9sine \u00e9poxy transparente bicomposante \u00e0 durcissement rapide et faible viscosit\u00e9, con\u00e7ue pour allier efficacit\u00e9 et durabilit\u00e9. Avec un temps de travail bref de 18 minutes et des propri\u00e9t\u00e9s de durcissement rapides, il permet une r\u00e9alisation rapide du projet. Sa finition brillante am\u00e9liore l&rsquo;attrait esth\u00e9tique tout en offrant une r\u00e9sistance exceptionnelle \u00e0 la chaleur et aux chocs. Cet \u00e9poxy peut \u00eatre ponc\u00e9 en moins de 6 heures, vous laissant des r\u00e9sultats solides comme le roc et d&rsquo;excellentes propri\u00e9t\u00e9s de liaison. <\/span><\/p>\n","protected":false},"featured_media":27836,"comment_status":"open","ping_status":"closed","template":"","meta":{"jetpack_publicize_message":"","jetpack_publicize_feature_enabled":true,"jetpack_social_post_already_shared":true,"jetpack_social_options":{"image_generator_settings":{"template":"highway","default_image_id":0,"font":"","enabled":false},"version":2}},"product_brand":[],"product_cat":[1389,1423,1311,83],"product_tag":[1069,282,337,338,1058,315,399,1352],"class_list":{"0":"post-6418","1":"product","2":"type-product","3":"status-publish","4":"has-post-thumbnail","6":"product_cat-1-5l-0-26-gallon-fr","7":"product_cat-1-4-0-63cm-fr","8":"product_cat-epoxy-a-prise-rapide","9":"product_cat-resines-epoxy","10":"product_tag-epoxy-a-durcissement-rapide","11":"product_tag-epoxy-adhesive-fr","12":"product_tag-epoxy-de-coulee-transparente","13":"product_tag-epoxy-de-moulage-transparent","14":"product_tag-fast-setting-epoxy-fr","15":"product_tag-pigment-colorant-epoxy","16":"product_tag-resine-claire","17":"product_tag-resine-epoxy-a-durcissement-rapide","19":"first","20":"instock","21":"featured","22":"taxable","23":"shipping-taxable","24":"purchasable","25":"product-type-variable"},"yoast_head":"<!-- This site is optimized with the Yoast SEO Premium plugin v27.4 (Yoast SEO v27.4) - https:\/\/yoast.com\/product\/yoast-seo-premium-wordpress\/ -->\n<title>R\u00e9sine \u00e9poxy transparente \u00e0 prise rapide pour fissures, cavit\u00e9s et r\u00e9parations | CHILL EPOXY<\/title>\n<meta name=\"description\" content=\"R\u00e9sine \u00e9poxy transparente \u00e0 prise rapide pour fissures, cavit\u00e9s et r\u00e9parations. D\u00e9couvrez la meilleure \u00e9poxy \u00e0 prise rapide pour les r\u00e9parations de bois, id\u00e9ale pour les r\u00e9parations express. Apprenez-en plus sur ses temps de durcissement rapides et son excellente adh\u00e9rence.\" \/>\n<meta name=\"robots\" content=\"index, follow, max-snippet:-1, max-image-preview:large, max-video-preview:-1\" \/>\n<link rel=\"canonical\" href=\"https:\/\/chillepoxy.com\/fr\/produit\/quick-set-clear-epoxy-resin-rapid-dry-time\/\" \/>\n<meta property=\"og:locale\" content=\"fr_FR\" \/>\n<meta property=\"og:type\" content=\"article\" \/>\n<meta property=\"og:title\" content=\"\u00c9poxy \u00e0 prise rapide | R\u00e9sine transparente pour petites fissures, cavit\u00e9s et r\u00e9parations | Kit de 1,5 L (0,396 gallon) | CHILL FIX 2:1 | CHILL EPOXY\" \/>\n<meta property=\"og:description\" content=\"R\u00e9sine \u00e9poxy transparente \u00e0 prise rapide pour fissures, cavit\u00e9s et r\u00e9parations. D\u00e9couvrez la meilleure \u00e9poxy \u00e0 prise rapide pour les r\u00e9parations de bois, id\u00e9ale pour les r\u00e9parations express. Apprenez-en plus sur ses temps de durcissement rapides et son excellente adh\u00e9rence.\" \/>\n<meta property=\"og:url\" content=\"https:\/\/chillepoxy.com\/fr\/produit\/quick-set-clear-epoxy-resin-rapid-dry-time\/\" \/>\n<meta property=\"og:site_name\" content=\"CHILL EPOXY\" \/>\n<meta property=\"article:publisher\" content=\"https:\/\/www.facebook.com\/polymerestechnologies\/\" \/>\n<meta property=\"article:modified_time\" content=\"2025-12-27T00:46:36+00:00\" \/>\n<meta property=\"og:image\" content=\"https:\/\/chillepoxy.com\/wp-content\/uploads\/2024\/04\/epoxy-resin-kit.jpg\" \/>\n\t<meta property=\"og:image:width\" content=\"1920\" \/>\n\t<meta property=\"og:image:height\" content=\"1920\" \/>\n\t<meta property=\"og:image:type\" content=\"image\/jpeg\" \/>\n<meta name=\"twitter:card\" content=\"summary_large_image\" \/>\n<meta name=\"twitter:label1\" content=\"Dur\u00e9e de lecture estim\u00e9e\" \/>\n\t<meta name=\"twitter:data1\" content=\"3 minutes\" \/>\n<script type=\"application\/ld+json\" class=\"yoast-schema-graph\">{\"@context\":\"https:\\\/\\\/schema.org\",\"@graph\":[{\"@type\":\"WebPage\",\"@id\":\"https:\\\/\\\/chillepoxy.com\\\/fr\\\/produit\\\/quick-set-clear-epoxy-resin-rapid-dry-time\\\/\",\"url\":\"https:\\\/\\\/chillepoxy.com\\\/fr\\\/produit\\\/quick-set-clear-epoxy-resin-rapid-dry-time\\\/\",\"name\":\"R\u00e9sine \u00e9poxy transparente \u00e0 prise rapide pour fissures, cavit\u00e9s et r\u00e9parations | CHILL EPOXY\",\"isPartOf\":{\"@id\":\"https:\\\/\\\/chillepoxy.com\\\/fr\\\/#website\"},\"primaryImageOfPage\":{\"@id\":\"https:\\\/\\\/chillepoxy.com\\\/fr\\\/produit\\\/quick-set-clear-epoxy-resin-rapid-dry-time\\\/#primaryimage\"},\"image\":{\"@id\":\"https:\\\/\\\/chillepoxy.com\\\/fr\\\/produit\\\/quick-set-clear-epoxy-resin-rapid-dry-time\\\/#primaryimage\"},\"thumbnailUrl\":\"https:\\\/\\\/chillepoxy.com\\\/wp-content\\\/uploads\\\/2024\\\/04\\\/epoxy-resin-kit.jpg\",\"datePublished\":\"2021-03-11T14:10:37+00:00\",\"dateModified\":\"2025-12-27T00:46:36+00:00\",\"description\":\"R\u00e9sine \u00e9poxy transparente \u00e0 prise rapide pour fissures, cavit\u00e9s et r\u00e9parations. D\u00e9couvrez la meilleure \u00e9poxy \u00e0 prise rapide pour les r\u00e9parations de bois, id\u00e9ale pour les r\u00e9parations express. Apprenez-en plus sur ses temps de durcissement rapides et son excellente adh\u00e9rence.\",\"breadcrumb\":{\"@id\":\"https:\\\/\\\/chillepoxy.com\\\/fr\\\/produit\\\/quick-set-clear-epoxy-resin-rapid-dry-time\\\/#breadcrumb\"},\"inLanguage\":\"fr-FR\",\"potentialAction\":[{\"@type\":\"ReadAction\",\"target\":[\"https:\\\/\\\/chillepoxy.com\\\/fr\\\/produit\\\/quick-set-clear-epoxy-resin-rapid-dry-time\\\/\"]}]},{\"@type\":\"ImageObject\",\"inLanguage\":\"fr-FR\",\"@id\":\"https:\\\/\\\/chillepoxy.com\\\/fr\\\/produit\\\/quick-set-clear-epoxy-resin-rapid-dry-time\\\/#primaryimage\",\"url\":\"https:\\\/\\\/chillepoxy.com\\\/wp-content\\\/uploads\\\/2024\\\/04\\\/epoxy-resin-kit.jpg\",\"contentUrl\":\"https:\\\/\\\/chillepoxy.com\\\/wp-content\\\/uploads\\\/2024\\\/04\\\/epoxy-resin-kit.jpg\",\"width\":1920,\"height\":1920,\"caption\":\"R\u00e9sine \u00e9poxy \u00e0 durcissement rapide pour r\u00e9parations express\"},{\"@type\":\"BreadcrumbList\",\"@id\":\"https:\\\/\\\/chillepoxy.com\\\/fr\\\/produit\\\/quick-set-clear-epoxy-resin-rapid-dry-time\\\/#breadcrumb\",\"itemListElement\":[{\"@type\":\"ListItem\",\"position\":1,\"name\":\"Home\",\"item\":\"https:\\\/\\\/chillepoxy.com\\\/fr\\\/\"},{\"@type\":\"ListItem\",\"position\":2,\"name\":\"Boutique\",\"item\":\"https:\\\/\\\/chillepoxy.com\\\/fr\\\/boutique\\\/\"},{\"@type\":\"ListItem\",\"position\":3,\"name\":\"\u00c9poxy \u00e0 prise rapide | R\u00e9sine transparente pour petites fissures, cavit\u00e9s et r\u00e9parations | Kit de 1,5 L (0,396 gallon) | CHILL FIX 2:1 | CHILL EPOXY\"}]},{\"@type\":\"WebSite\",\"@id\":\"https:\\\/\\\/chillepoxy.com\\\/fr\\\/#website\",\"url\":\"https:\\\/\\\/chillepoxy.com\\\/fr\\\/\",\"name\":\"CHILL EPOXY\u2122 High-Quality Canadian-Made Epoxy Resin\",\"description\":\"High-Quality Canadian-Made Epoxy Resin | Casting &amp; Art\",\"publisher\":{\"@id\":\"https:\\\/\\\/chillepoxy.com\\\/fr\\\/#organization\"},\"alternateName\":\"High-Quality Epoxy Resin\",\"potentialAction\":[{\"@type\":\"SearchAction\",\"target\":{\"@type\":\"EntryPoint\",\"urlTemplate\":\"https:\\\/\\\/chillepoxy.com\\\/fr\\\/?s={search_term_string}\"},\"query-input\":{\"@type\":\"PropertyValueSpecification\",\"valueRequired\":true,\"valueName\":\"search_term_string\"}}],\"inLanguage\":\"fr-FR\"},{\"@type\":\"Organization\",\"@id\":\"https:\\\/\\\/chillepoxy.com\\\/fr\\\/#organization\",\"name\":\"CHILL EPOXY\u2122\",\"alternateName\":\"High-Quality Canadian-Made Epoxy Resin\",\"url\":\"https:\\\/\\\/chillepoxy.com\\\/fr\\\/\",\"logo\":{\"@type\":\"ImageObject\",\"inLanguage\":\"fr-FR\",\"@id\":\"https:\\\/\\\/chillepoxy.com\\\/fr\\\/#\\\/schema\\\/logo\\\/image\\\/\",\"url\":\"https:\\\/\\\/i0.wp.com\\\/chillepoxy.com\\\/wp-content\\\/uploads\\\/2024\\\/02\\\/polymeres_technologies.png?fit=649%2C649&ssl=1\",\"contentUrl\":\"https:\\\/\\\/i0.wp.com\\\/chillepoxy.com\\\/wp-content\\\/uploads\\\/2024\\\/02\\\/polymeres_technologies.png?fit=649%2C649&ssl=1\",\"width\":649,\"height\":649,\"caption\":\"CHILL EPOXY\u2122\"},\"image\":{\"@id\":\"https:\\\/\\\/chillepoxy.com\\\/fr\\\/#\\\/schema\\\/logo\\\/image\\\/\"},\"sameAs\":[\"https:\\\/\\\/www.facebook.com\\\/polymerestechnologies\\\/\",\"https:\\\/\\\/www.instagram.com\\\/polymeres_technologies\\\/\",\"https:\\\/\\\/www.linkedin.com\\\/company\\\/polymeres-technologies\\\/\",\"https:\\\/\\\/www.youtube.com\\\/channel\\\/UCDaFKmK4Hn3KPKmBaTXWong\"]}]}<\/script>\n<!-- \/ Yoast SEO Premium plugin. -->","yoast_head_json":{"title":"R\u00e9sine \u00e9poxy transparente \u00e0 prise rapide pour fissures, cavit\u00e9s et r\u00e9parations | CHILL EPOXY","description":"R\u00e9sine \u00e9poxy transparente \u00e0 prise rapide pour fissures, cavit\u00e9s et r\u00e9parations. D\u00e9couvrez la meilleure \u00e9poxy \u00e0 prise rapide pour les r\u00e9parations de bois, id\u00e9ale pour les r\u00e9parations express. Apprenez-en plus sur ses temps de durcissement rapides et son excellente adh\u00e9rence.","robots":{"index":"index","follow":"follow","max-snippet":"max-snippet:-1","max-image-preview":"max-image-preview:large","max-video-preview":"max-video-preview:-1"},"canonical":"https:\/\/chillepoxy.com\/fr\/produit\/quick-set-clear-epoxy-resin-rapid-dry-time\/","og_locale":"fr_FR","og_type":"article","og_title":"\u00c9poxy \u00e0 prise rapide | R\u00e9sine transparente pour petites fissures, cavit\u00e9s et r\u00e9parations | Kit de 1,5 L (0,396 gallon) | CHILL FIX 2:1 | CHILL EPOXY","og_description":"R\u00e9sine \u00e9poxy transparente \u00e0 prise rapide pour fissures, cavit\u00e9s et r\u00e9parations. D\u00e9couvrez la meilleure \u00e9poxy \u00e0 prise rapide pour les r\u00e9parations de bois, id\u00e9ale pour les r\u00e9parations express. Apprenez-en plus sur ses temps de durcissement rapides et son excellente adh\u00e9rence.","og_url":"https:\/\/chillepoxy.com\/fr\/produit\/quick-set-clear-epoxy-resin-rapid-dry-time\/","og_site_name":"CHILL EPOXY","article_publisher":"https:\/\/www.facebook.com\/polymerestechnologies\/","article_modified_time":"2025-12-27T00:46:36+00:00","og_image":[{"width":1920,"height":1920,"url":"https:\/\/chillepoxy.com\/wp-content\/uploads\/2024\/04\/epoxy-resin-kit.jpg","type":"image\/jpeg"}],"twitter_card":"summary_large_image","twitter_misc":{"Dur\u00e9e de lecture estim\u00e9e":"3 minutes"},"schema":{"@context":"https:\/\/schema.org","@graph":[{"@type":"WebPage","@id":"https:\/\/chillepoxy.com\/fr\/produit\/quick-set-clear-epoxy-resin-rapid-dry-time\/","url":"https:\/\/chillepoxy.com\/fr\/produit\/quick-set-clear-epoxy-resin-rapid-dry-time\/","name":"R\u00e9sine \u00e9poxy transparente \u00e0 prise rapide pour fissures, cavit\u00e9s et r\u00e9parations | CHILL EPOXY","isPartOf":{"@id":"https:\/\/chillepoxy.com\/fr\/#website"},"primaryImageOfPage":{"@id":"https:\/\/chillepoxy.com\/fr\/produit\/quick-set-clear-epoxy-resin-rapid-dry-time\/#primaryimage"},"image":{"@id":"https:\/\/chillepoxy.com\/fr\/produit\/quick-set-clear-epoxy-resin-rapid-dry-time\/#primaryimage"},"thumbnailUrl":"https:\/\/chillepoxy.com\/wp-content\/uploads\/2024\/04\/epoxy-resin-kit.jpg","datePublished":"2021-03-11T14:10:37+00:00","dateModified":"2025-12-27T00:46:36+00:00","description":"R\u00e9sine \u00e9poxy transparente \u00e0 prise rapide pour fissures, cavit\u00e9s et r\u00e9parations. D\u00e9couvrez la meilleure \u00e9poxy \u00e0 prise rapide pour les r\u00e9parations de bois, id\u00e9ale pour les r\u00e9parations express. Apprenez-en plus sur ses temps de durcissement rapides et son excellente adh\u00e9rence.","breadcrumb":{"@id":"https:\/\/chillepoxy.com\/fr\/produit\/quick-set-clear-epoxy-resin-rapid-dry-time\/#breadcrumb"},"inLanguage":"fr-FR","potentialAction":[{"@type":"ReadAction","target":["https:\/\/chillepoxy.com\/fr\/produit\/quick-set-clear-epoxy-resin-rapid-dry-time\/"]}]},{"@type":"ImageObject","inLanguage":"fr-FR","@id":"https:\/\/chillepoxy.com\/fr\/produit\/quick-set-clear-epoxy-resin-rapid-dry-time\/#primaryimage","url":"https:\/\/chillepoxy.com\/wp-content\/uploads\/2024\/04\/epoxy-resin-kit.jpg","contentUrl":"https:\/\/chillepoxy.com\/wp-content\/uploads\/2024\/04\/epoxy-resin-kit.jpg","width":1920,"height":1920,"caption":"R\u00e9sine \u00e9poxy \u00e0 durcissement rapide pour r\u00e9parations express"},{"@type":"BreadcrumbList","@id":"https:\/\/chillepoxy.com\/fr\/produit\/quick-set-clear-epoxy-resin-rapid-dry-time\/#breadcrumb","itemListElement":[{"@type":"ListItem","position":1,"name":"Home","item":"https:\/\/chillepoxy.com\/fr\/"},{"@type":"ListItem","position":2,"name":"Boutique","item":"https:\/\/chillepoxy.com\/fr\/boutique\/"},{"@type":"ListItem","position":3,"name":"\u00c9poxy \u00e0 prise rapide | R\u00e9sine transparente pour petites fissures, cavit\u00e9s et r\u00e9parations | Kit de 1,5 L (0,396 gallon) | CHILL FIX 2:1 | CHILL EPOXY"}]},{"@type":"WebSite","@id":"https:\/\/chillepoxy.com\/fr\/#website","url":"https:\/\/chillepoxy.com\/fr\/","name":"CHILL EPOXY\u2122 High-Quality Canadian-Made Epoxy Resin","description":"High-Quality Canadian-Made Epoxy Resin | Casting &amp; Art","publisher":{"@id":"https:\/\/chillepoxy.com\/fr\/#organization"},"alternateName":"High-Quality Epoxy Resin","potentialAction":[{"@type":"SearchAction","target":{"@type":"EntryPoint","urlTemplate":"https:\/\/chillepoxy.com\/fr\/?s={search_term_string}"},"query-input":{"@type":"PropertyValueSpecification","valueRequired":true,"valueName":"search_term_string"}}],"inLanguage":"fr-FR"},{"@type":"Organization","@id":"https:\/\/chillepoxy.com\/fr\/#organization","name":"CHILL EPOXY\u2122","alternateName":"High-Quality Canadian-Made Epoxy Resin","url":"https:\/\/chillepoxy.com\/fr\/","logo":{"@type":"ImageObject","inLanguage":"fr-FR","@id":"https:\/\/chillepoxy.com\/fr\/#\/schema\/logo\/image\/","url":"https:\/\/i0.wp.com\/chillepoxy.com\/wp-content\/uploads\/2024\/02\/polymeres_technologies.png?fit=649%2C649&ssl=1","contentUrl":"https:\/\/i0.wp.com\/chillepoxy.com\/wp-content\/uploads\/2024\/02\/polymeres_technologies.png?fit=649%2C649&ssl=1","width":649,"height":649,"caption":"CHILL EPOXY\u2122"},"image":{"@id":"https:\/\/chillepoxy.com\/fr\/#\/schema\/logo\/image\/"},"sameAs":["https:\/\/www.facebook.com\/polymerestechnologies\/","https:\/\/www.instagram.com\/polymeres_technologies\/","https:\/\/www.linkedin.com\/company\/polymeres-technologies\/","https:\/\/www.youtube.com\/channel\/UCDaFKmK4Hn3KPKmBaTXWong"]}]}},"jetpack_publicize_connections":[],"jetpack_sharing_enabled":true,"jetpack_likes_enabled":false,"_links":{"self":[{"href":"https:\/\/chillepoxy.com\/fr\/wp-json\/wp\/v2\/product\/6418","targetHints":{"allow":["GET"]}}],"collection":[{"href":"https:\/\/chillepoxy.com\/fr\/wp-json\/wp\/v2\/product"}],"about":[{"href":"https:\/\/chillepoxy.com\/fr\/wp-json\/wp\/v2\/types\/product"}],"replies":[{"embeddable":true,"href":"https:\/\/chillepoxy.com\/fr\/wp-json\/wp\/v2\/comments?post=6418"}],"wp:featuredmedia":[{"embeddable":true,"href":"https:\/\/chillepoxy.com\/fr\/wp-json\/wp\/v2\/media\/27836"}],"wp:attachment":[{"href":"https:\/\/chillepoxy.com\/fr\/wp-json\/wp\/v2\/media?parent=6418"}],"wp:term":[{"taxonomy":"product_brand","embeddable":true,"href":"https:\/\/chillepoxy.com\/fr\/wp-json\/wp\/v2\/product_brand?post=6418"},{"taxonomy":"product_cat","embeddable":true,"href":"https:\/\/chillepoxy.com\/fr\/wp-json\/wp\/v2\/product_cat?post=6418"},{"taxonomy":"product_tag","embeddable":true,"href":"https:\/\/chillepoxy.com\/fr\/wp-json\/wp\/v2\/product_tag?post=6418"}],"curies":[{"name":"wp","href":"https:\/\/api.w.org\/{rel}","templated":true}]}}