{"id":6420,"date":"2021-01-18T16:40:16","date_gmt":"2021-01-18T21:40:16","guid":{"rendered":"https:\/\/v2.chillepoxy.com\/shop\/chill-bond-8111-adhesif-epoxyde-thixotropique\/"},"modified":"2025-01-14T15:23:09","modified_gmt":"2025-01-14T20:23:09","slug":"colle-epoxy-adhesif-collage-bois","status":"publish","type":"product","link":"https:\/\/chillepoxy.com\/fr\/produit\/colle-epoxy-adhesif-collage-bois\/","title":{"rendered":"Adh\u00e9sif \u00e9poxy en gel haute r\u00e9sistance et multi-surfaces | mastic \u00e9poxy anti-affaissement | collage permanent | kit de 1,892 L (0,50 gallon)"},"content":{"rendered":"<h2>Adh\u00e9sif \u00e9poxy en gel haute r\u00e9sistance et multi-surfaces | mastic \u00e9poxy anti-affaissement | collage permanent | kit de 1,892 L (0,50 gallon)<\/h2>\n<div class=\"group\/conversation-turn relative flex w-full min-w-0 flex-col agent-turn\">\n<div class=\"flex-col gap-1 md:gap-3\">\n<div class=\"flex max-w-full flex-col flex-grow\">\n<div class=\"min-h-8 text-message flex w-full flex-col items-end gap-2 whitespace-normal break-words [.text-message+&amp;]:mt-5\" dir=\"auto\" data-message-author-role=\"assistant\" data-message-id=\"fb5dae04-85f0-4410-840f-fdfa7a932da4\" data-message-model-slug=\"gpt-4o\">\n<div class=\"flex w-full flex-col gap-1 empty:hidden first:pt-[3px]\">\n<div class=\"markdown prose w-full break-words dark:prose-invert light\">\n<hr>\n<p>Adh\u00e9sif \u00e9poxy en gel haute r\u00e9sistance et multi-surfaces | mastic \u00e9poxy anti-affaissement | collage permanent | kit de 1,892 L (0,50 gallon)<\/p>\n<p>CHILL BOND 8111\u2122 est un adh\u00e9sif \u00e9poxy bicomposant en gel haute r\u00e9sistance, sp\u00e9cialement con\u00e7u pour le collage permanent de divers substrats rigides. Cette formulation 100 % solide offre une excellente adh\u00e9sion sur des mat\u00e9riaux tels que le bois, le b\u00e9ton, le m\u00e9tal et certains plastiques thermodurcissables.<\/p>\n<p>Sa consistance thixotrope et anti-affaissement permet une application verticale ou horizontale sans coulures, formant une liaison solide jusqu&rsquo;\u00e0 une \u00e9paisseur de 1\/16 pouce. Gr\u00e2ce \u00e0 sa r\u00e9action exothermique mod\u00e9r\u00e9e et son temps de travail prolong\u00e9, CHILL BOND 8111\u2122 est id\u00e9al pour des applications pr\u00e9cises dans des environnements complexes.<\/p>\n<p>Caract\u00e9ristiques :<\/p>\n<p><strong>Nom du produit<\/strong> : CHILL BOND 8111\u2122 Adh\u00e9sif \u00e9poxy en gel<br \/><strong>Type de produit<\/strong> : Adh\u00e9sif \u00e9poxy en gel thixotrope et anti-affaissement<br \/>Format : Kit de 1,892 L (0,50 gallon)<\/p>\n<p>Faites confiance \u00e0 CHILL BOND 8111\u2122 pour des r\u00e9sultats durables et une performance exceptionnelle sur une vari\u00e9t\u00e9 de surfaces rigides.    <\/p>\n<hr>\n<p><strong>Caract\u00e9ristiques :<\/strong><\/p>\n<ul>\n<li><strong>Haute r\u00e9sistance d\u2019adh\u00e9sion<\/strong> : forme une liaison ultra-solide et permanente sur une vari\u00e9t\u00e9 de substrats.<\/li>\n<li><strong>Gel thixotrope<\/strong> : anti-affaissement, id\u00e9al pour les applications verticales ou horizontales jusqu&rsquo;\u00e0 1\/16 pouce d&rsquo;\u00e9paisseur.<\/li>\n<li><strong>Facile \u00e0 m\u00e9langer<\/strong> : ratio de m\u00e9lange 1:1 en volume ou 100:87 en poids.<\/li>\n<li><strong>R\u00e9sistant aux impacts<\/strong> : con\u00e7u pour des environnements exigeants avec une r\u00e9sistance aux impacts, \u00e0 l\u2019eau, aux produits chimiques et \u00e0 la chaleur.<\/li>\n<li><strong>Dur\u00e9e de vie en pot prolong\u00e9e<\/strong> : 30 minutes \u00e0 22 \u00b0C (72 \u00b0F), offrant le temps n\u00e9cessaire pour une application pr\u00e9cise.<\/li>\n<li><strong>Faible retrait<\/strong> : retrait minimal pendant le durcissement, garantissant une liaison stable.<\/li>\n<li><strong>Pigmentable<\/strong> : peut \u00eatre teint\u00e9 avec les pigments CHILL DROPS\u2122 pour des applications personnalis\u00e9es.<\/li>\n<li><strong>Faible exothermie<\/strong> : g\u00e9n\u00e9ration de chaleur mod\u00e9r\u00e9e pendant le durcissement, permettant une application et une prise contr\u00f4l\u00e9es.<\/li>\n<\/ul>\n<hr>\n<p><strong>Sp\u00e9cifications techniques:<\/strong><\/p>\n<ul>\n<li><strong>Ratio de m\u00e9lange<\/strong> : 1:1 en volume ou 100:87 en poids<\/li>\n<li><strong>Temp\u00e9rature de travail<\/strong> : 22 \u00b0C (72 \u00b0F)<\/li>\n<li><strong>Temps de m\u00e9lange<\/strong> : Minimum 5 minutes jusqu&rsquo;\u00e0 obtention d&rsquo;une couleur uniforme<\/li>\n<li><strong>Dur\u00e9e de vie en pot <\/strong>: 30 minutes \u00e0 22 \u00b0C (72 \u00b0F), variable selon le volume et la temp\u00e9rature ambiante<\/li>\n<li><strong>Temps de durcissement <\/strong>: 24 \u00e0 36 heures, selon l&rsquo;\u00e9paisseur, le volume, la temp\u00e9rature et l&rsquo;humidit\u00e9<\/li>\n<li><strong>\u00c9paisseur recommand\u00e9e par couche<\/strong> : Jusqu\u2019\u00e0 1\/16 pouce (1,5 mm)<\/li>\n<li><strong>Consistance<\/strong> : Gel thixotrope<\/li>\n<li><strong>Nettoyage<\/strong> : Utilisez POLY CLEANER\u2122 Resin Cleaner pour retirer l\u2019adh\u00e9sif non durci.<\/li>\n<\/ul>\n<hr>\n<h3><strong>Adh\u00e9sif \u00e9poxy en gel haute r\u00e9sistance et multi-surfaces | Mastic \u00e9poxy anti-affaissement | Collage permanent | Kit de 1,892 L (0,50 gallon) Applications typiques :<\/strong><\/h3>\n<ul>\n<li><strong>Collage du bois<\/strong> : Parfait pour assembler des surfaces en bois ou r\u00e9parer des meubles.<\/li>\n<li><strong>B\u00e9ton et ma\u00e7onnerie<\/strong> : Excellent pour combler les fissures et assembler les surfaces en b\u00e9ton.<\/li>\n<li><strong>R\u00e9parations m\u00e9talliques<\/strong> : Adh\u00e8re \u00e0 divers m\u00e9taux, offrant une r\u00e9sistance durable.<\/li>\n<li><strong>Plastiques thermodurcissables<\/strong> : Convient \u00e0 l\u2019utilisation avec certains plastiques rigides.<\/li>\n<li><strong> Applications en environnements difficiles<\/strong> : R\u00e9sistant \u00e0 l\u2019eau, aux produits chimiques et \u00e0 la chaleur, id\u00e9al pour les utilisations industrielles et ext\u00e9rieures.<\/li>\n<\/ul>\n<hr>\n<p><strong>Instructions d&rsquo;Utilisation :<\/strong><\/p>\n<ol>\n<li><strong>Pr\u00e9paration des surfaces<\/strong> : Assurez-vous que toutes les surfaces soient propres, s\u00e8ches et exemptes de graisse, d\u2019huile, de poussi\u00e8re ou d\u2019autres contaminants.<\/li>\n<li><strong>M\u00e9lange <\/strong>: Combinez des parts \u00e9gales des composants A et B en volume ou 100:87 en poids. M\u00e9langez soigneusement pendant au moins 5 minutes jusqu&rsquo;\u00e0 obtention d&rsquo;une couleur uniforme. Raclez les c\u00f4t\u00e9s et le fond du r\u00e9cipient pour garantir une homog\u00e9n\u00e9it\u00e9 parfaite.  <\/li>\n<li><strong>Application<\/strong> : Appliquez l\u2019\u00e9poxy m\u00e9lang\u00e9 sur le substrat \u00e0 l\u2019aide d\u2019une spatule m\u00e9tallique, en veillant \u00e0 une couverture compl\u00e8te et en comblant les \u00e9ventuels espaces. Fixez les assemblages avec des serre-joints si n\u00e9cessaire. <\/li>\n<li><strong>Durcissement<\/strong> : Maintenez les assemblages \u00e0 22 \u00b0C (72 \u00b0F) pendant toute la dur\u00e9e du processus de durcissement (24 \u00e0 36 heures). L\u2019adh\u00e9sif non durci peut \u00eatre nettoy\u00e9 \u00e0 l\u2019aide de POLY CLEANER\u2122 Resin Cleaner. <\/li>\n<\/ol>\n<hr>\n<p><strong>Formats:<\/strong><\/p>\n<ul>\n<li>Disponible en kits de 1,892 L (0,50 gallon).<\/li>\n<\/ul>\n<hr>\n<p><strong>S\u00e9curit\u00e9 et Manipulation :<\/strong><\/p>\n<ul>\n<li>Utilisez un \u00e9quipement de protection individuelle (EPI) appropri\u00e9, tel que des gants et des lunettes de s\u00e9curit\u00e9.<\/li>\n<li>Assurez une ventilation ad\u00e9quate pendant l&rsquo;application.<\/li>\n<li>Consultez la fiche de donn\u00e9es de s\u00e9curit\u00e9 (FDS) pour obtenir des consignes d\u00e9taill\u00e9es sur la manipulation et la s\u00e9curit\u00e9.<\/li>\n<\/ul>\n<hr>\n<p>Pour plus de d\u00e9tails ou des recommandations sp\u00e9cifiques \u00e0 votre application, veuillez contacter <strong>Polymeres Technologies<\/strong> \u00e0 <strong><a rel=\"noopener\">ventes@polymerestechnologies.com<\/a><\/strong>. Notre \u00e9quipe technique est disponible pour vous aider \u00e0 r\u00e9pondre aux exigences de votre projet. <\/p>\n<\/div>\n<\/div>\n<\/div>\n<\/div>\n<\/div>\n<\/div>\n","protected":false},"excerpt":{"rendered":"<p>Vous recherchez un adh\u00e9sif fiable capable de g\u00e9rer des projets de collage intensifs? Ne cherchez pas plus loin que notre adh\u00e9sif en gel \u00e9poxy. Avec sa formule unique, cet adh\u00e9sif offre une adh\u00e9rence ultra-forte parfaite pour les applications industrielles et de construction. Que vous travailliez avec du m\u00e9tal, du bois, de la c\u00e9ramique ou d&rsquo;autres mat\u00e9riaux, cet adh\u00e9sif peut fournir la r\u00e9sistance et la durabilit\u00e9 dont vous avez besoin pour bien faire le travail.<\/p>\n","protected":false},"featured_media":5697,"comment_status":"open","ping_status":"closed","template":"","meta":{"jetpack_publicize_message":"","jetpack_publicize_feature_enabled":true,"jetpack_social_post_already_shared":false,"jetpack_social_options":{"image_generator_settings":{"template":"highway","default_image_id":0,"font":"","enabled":false},"version":2}},"product_brand":[],"product_cat":[1388,86,1345,1371,83],"product_tag":[],"class_list":{"0":"post-6420","1":"product","2":"type-product","3":"status-publish","4":"has-post-thumbnail","6":"product_cat-2l-052-gallon-fr","7":"product_cat-adhesifs-epoxy","8":"product_cat-en-soldes","9":"product_cat-offres-speciales","10":"product_cat-resines-epoxy","12":"first","13":"instock","14":"sale","15":"taxable","16":"shipping-taxable","17":"purchasable","18":"product-type-simple"},"yoast_head":"<!-- This site is optimized with the Yoast SEO Premium plugin v27.4 (Yoast SEO v27.4) - https:\/\/yoast.com\/product\/yoast-seo-premium-wordpress\/ -->\n<title>Adh\u00e9sif \u00e9poxy en gel haute r\u00e9sistance et multi-surfaces | anti-affaissement | CHILL EPOXY<\/title>\n<meta name=\"description\" content=\"Adh\u00e9sif \u00e9poxy en gel haute r\u00e9sistance et multi-surfaces. Adh\u00e9sif en gel \u00e9poxy ultra-r\u00e9sistant de qualit\u00e9 industrielle, con\u00e7u pour des collages haute performance dans des applications industrielles et commerciales.\" \/>\n<meta name=\"robots\" content=\"index, follow, max-snippet:-1, max-image-preview:large, max-video-preview:-1\" \/>\n<link rel=\"canonical\" href=\"https:\/\/chillepoxy.com\/fr\/produit\/colle-epoxy-adhesif-collage-bois\/\" \/>\n<meta property=\"og:locale\" content=\"fr_FR\" \/>\n<meta property=\"og:type\" content=\"article\" \/>\n<meta property=\"og:title\" content=\"Adh\u00e9sif \u00e9poxy en gel haute r\u00e9sistance et multi-surfaces | mastic \u00e9poxy anti-affaissement | collage permanent | kit de 1,892 L (0,50 gallon)\" \/>\n<meta property=\"og:description\" content=\"Adh\u00e9sif \u00e9poxy en gel haute r\u00e9sistance et multi-surfaces. Adh\u00e9sif en gel \u00e9poxy ultra-r\u00e9sistant de qualit\u00e9 industrielle, con\u00e7u pour des collages haute performance dans des applications industrielles et commerciales.\" \/>\n<meta property=\"og:url\" content=\"https:\/\/chillepoxy.com\/fr\/produit\/colle-epoxy-adhesif-collage-bois\/\" \/>\n<meta property=\"og:site_name\" content=\"CHILL EPOXY\" \/>\n<meta property=\"article:publisher\" content=\"https:\/\/www.facebook.com\/polymerestechnologies\/\" \/>\n<meta property=\"article:modified_time\" content=\"2025-01-14T20:23:09+00:00\" \/>\n<meta property=\"og:image\" content=\"https:\/\/chillepoxy.com\/wp-content\/uploads\/2021\/01\/CHILL-BOND-8111-Thixotropic-epoxy-adhesive.jpg\" \/>\n\t<meta property=\"og:image:width\" content=\"1920\" \/>\n\t<meta property=\"og:image:height\" content=\"1920\" \/>\n\t<meta property=\"og:image:type\" content=\"image\/jpeg\" \/>\n<meta name=\"twitter:card\" content=\"summary_large_image\" \/>\n<meta name=\"twitter:label1\" content=\"Dur\u00e9e de lecture estim\u00e9e\" \/>\n\t<meta name=\"twitter:data1\" content=\"4 minutes\" \/>\n<script type=\"application\/ld+json\" class=\"yoast-schema-graph\">{\"@context\":\"https:\\\/\\\/schema.org\",\"@graph\":[{\"@type\":\"WebPage\",\"@id\":\"https:\\\/\\\/chillepoxy.com\\\/fr\\\/produit\\\/colle-epoxy-adhesif-collage-bois\\\/\",\"url\":\"https:\\\/\\\/chillepoxy.com\\\/fr\\\/produit\\\/colle-epoxy-adhesif-collage-bois\\\/\",\"name\":\"Adh\u00e9sif \u00e9poxy en gel haute r\u00e9sistance et multi-surfaces | anti-affaissement | CHILL EPOXY\",\"isPartOf\":{\"@id\":\"https:\\\/\\\/chillepoxy.com\\\/fr\\\/#website\"},\"primaryImageOfPage\":{\"@id\":\"https:\\\/\\\/chillepoxy.com\\\/fr\\\/produit\\\/colle-epoxy-adhesif-collage-bois\\\/#primaryimage\"},\"image\":{\"@id\":\"https:\\\/\\\/chillepoxy.com\\\/fr\\\/produit\\\/colle-epoxy-adhesif-collage-bois\\\/#primaryimage\"},\"thumbnailUrl\":\"https:\\\/\\\/chillepoxy.com\\\/wp-content\\\/uploads\\\/2021\\\/01\\\/CHILL-BOND-8111-Thixotropic-epoxy-adhesive.jpg\",\"datePublished\":\"2021-01-18T21:40:16+00:00\",\"dateModified\":\"2025-01-14T20:23:09+00:00\",\"description\":\"Adh\u00e9sif \u00e9poxy en gel haute r\u00e9sistance et multi-surfaces. Adh\u00e9sif en gel \u00e9poxy ultra-r\u00e9sistant de qualit\u00e9 industrielle, con\u00e7u pour des collages haute performance dans des applications industrielles et commerciales.\",\"breadcrumb\":{\"@id\":\"https:\\\/\\\/chillepoxy.com\\\/fr\\\/produit\\\/colle-epoxy-adhesif-collage-bois\\\/#breadcrumb\"},\"inLanguage\":\"fr-FR\",\"potentialAction\":[{\"@type\":\"ReadAction\",\"target\":[\"https:\\\/\\\/chillepoxy.com\\\/fr\\\/produit\\\/colle-epoxy-adhesif-collage-bois\\\/\"]}]},{\"@type\":\"ImageObject\",\"inLanguage\":\"fr-FR\",\"@id\":\"https:\\\/\\\/chillepoxy.com\\\/fr\\\/produit\\\/colle-epoxy-adhesif-collage-bois\\\/#primaryimage\",\"url\":\"https:\\\/\\\/chillepoxy.com\\\/wp-content\\\/uploads\\\/2021\\\/01\\\/CHILL-BOND-8111-Thixotropic-epoxy-adhesive.jpg\",\"contentUrl\":\"https:\\\/\\\/chillepoxy.com\\\/wp-content\\\/uploads\\\/2021\\\/01\\\/CHILL-BOND-8111-Thixotropic-epoxy-adhesive.jpg\",\"width\":1920,\"height\":1920,\"caption\":\"Adh\u00e9sif \u00e9poxy en gel haute r\u00e9sistance et multi-surfaces\"},{\"@type\":\"BreadcrumbList\",\"@id\":\"https:\\\/\\\/chillepoxy.com\\\/fr\\\/produit\\\/colle-epoxy-adhesif-collage-bois\\\/#breadcrumb\",\"itemListElement\":[{\"@type\":\"ListItem\",\"position\":1,\"name\":\"Home\",\"item\":\"https:\\\/\\\/chillepoxy.com\\\/fr\\\/\"},{\"@type\":\"ListItem\",\"position\":2,\"name\":\"Boutique\",\"item\":\"https:\\\/\\\/chillepoxy.com\\\/fr\\\/boutique\\\/\"},{\"@type\":\"ListItem\",\"position\":3,\"name\":\"Adh\u00e9sif \u00e9poxy en gel haute r\u00e9sistance et multi-surfaces | mastic \u00e9poxy anti-affaissement | collage permanent | kit de 1,892 L (0,50 gallon)\"}]},{\"@type\":\"WebSite\",\"@id\":\"https:\\\/\\\/chillepoxy.com\\\/fr\\\/#website\",\"url\":\"https:\\\/\\\/chillepoxy.com\\\/fr\\\/\",\"name\":\"CHILL EPOXY\u2122 High-Quality Canadian-Made Epoxy Resin\",\"description\":\"High-Quality Canadian-Made Epoxy Resin | Casting &amp; Art\",\"publisher\":{\"@id\":\"https:\\\/\\\/chillepoxy.com\\\/fr\\\/#organization\"},\"alternateName\":\"High-Quality Epoxy Resin\",\"potentialAction\":[{\"@type\":\"SearchAction\",\"target\":{\"@type\":\"EntryPoint\",\"urlTemplate\":\"https:\\\/\\\/chillepoxy.com\\\/fr\\\/?s={search_term_string}\"},\"query-input\":{\"@type\":\"PropertyValueSpecification\",\"valueRequired\":true,\"valueName\":\"search_term_string\"}}],\"inLanguage\":\"fr-FR\"},{\"@type\":\"Organization\",\"@id\":\"https:\\\/\\\/chillepoxy.com\\\/fr\\\/#organization\",\"name\":\"CHILL EPOXY\u2122\",\"alternateName\":\"High-Quality Canadian-Made Epoxy Resin\",\"url\":\"https:\\\/\\\/chillepoxy.com\\\/fr\\\/\",\"logo\":{\"@type\":\"ImageObject\",\"inLanguage\":\"fr-FR\",\"@id\":\"https:\\\/\\\/chillepoxy.com\\\/fr\\\/#\\\/schema\\\/logo\\\/image\\\/\",\"url\":\"https:\\\/\\\/i0.wp.com\\\/chillepoxy.com\\\/wp-content\\\/uploads\\\/2024\\\/02\\\/polymeres_technologies.png?fit=649%2C649&ssl=1\",\"contentUrl\":\"https:\\\/\\\/i0.wp.com\\\/chillepoxy.com\\\/wp-content\\\/uploads\\\/2024\\\/02\\\/polymeres_technologies.png?fit=649%2C649&ssl=1\",\"width\":649,\"height\":649,\"caption\":\"CHILL EPOXY\u2122\"},\"image\":{\"@id\":\"https:\\\/\\\/chillepoxy.com\\\/fr\\\/#\\\/schema\\\/logo\\\/image\\\/\"},\"sameAs\":[\"https:\\\/\\\/www.facebook.com\\\/polymerestechnologies\\\/\",\"https:\\\/\\\/www.instagram.com\\\/polymeres_technologies\\\/\",\"https:\\\/\\\/www.linkedin.com\\\/company\\\/polymeres-technologies\\\/\",\"https:\\\/\\\/www.youtube.com\\\/channel\\\/UCDaFKmK4Hn3KPKmBaTXWong\"]}]}<\/script>\n<!-- \/ Yoast SEO Premium plugin. -->","yoast_head_json":{"title":"Adh\u00e9sif \u00e9poxy en gel haute r\u00e9sistance et multi-surfaces | anti-affaissement | CHILL EPOXY","description":"Adh\u00e9sif \u00e9poxy en gel haute r\u00e9sistance et multi-surfaces. Adh\u00e9sif en gel \u00e9poxy ultra-r\u00e9sistant de qualit\u00e9 industrielle, con\u00e7u pour des collages haute performance dans des applications industrielles et commerciales.","robots":{"index":"index","follow":"follow","max-snippet":"max-snippet:-1","max-image-preview":"max-image-preview:large","max-video-preview":"max-video-preview:-1"},"canonical":"https:\/\/chillepoxy.com\/fr\/produit\/colle-epoxy-adhesif-collage-bois\/","og_locale":"fr_FR","og_type":"article","og_title":"Adh\u00e9sif \u00e9poxy en gel haute r\u00e9sistance et multi-surfaces | mastic \u00e9poxy anti-affaissement | collage permanent | kit de 1,892 L (0,50 gallon)","og_description":"Adh\u00e9sif \u00e9poxy en gel haute r\u00e9sistance et multi-surfaces. Adh\u00e9sif en gel \u00e9poxy ultra-r\u00e9sistant de qualit\u00e9 industrielle, con\u00e7u pour des collages haute performance dans des applications industrielles et commerciales.","og_url":"https:\/\/chillepoxy.com\/fr\/produit\/colle-epoxy-adhesif-collage-bois\/","og_site_name":"CHILL EPOXY","article_publisher":"https:\/\/www.facebook.com\/polymerestechnologies\/","article_modified_time":"2025-01-14T20:23:09+00:00","og_image":[{"width":1920,"height":1920,"url":"https:\/\/chillepoxy.com\/wp-content\/uploads\/2021\/01\/CHILL-BOND-8111-Thixotropic-epoxy-adhesive.jpg","type":"image\/jpeg"}],"twitter_card":"summary_large_image","twitter_misc":{"Dur\u00e9e de lecture estim\u00e9e":"4 minutes"},"schema":{"@context":"https:\/\/schema.org","@graph":[{"@type":"WebPage","@id":"https:\/\/chillepoxy.com\/fr\/produit\/colle-epoxy-adhesif-collage-bois\/","url":"https:\/\/chillepoxy.com\/fr\/produit\/colle-epoxy-adhesif-collage-bois\/","name":"Adh\u00e9sif \u00e9poxy en gel haute r\u00e9sistance et multi-surfaces | anti-affaissement | CHILL EPOXY","isPartOf":{"@id":"https:\/\/chillepoxy.com\/fr\/#website"},"primaryImageOfPage":{"@id":"https:\/\/chillepoxy.com\/fr\/produit\/colle-epoxy-adhesif-collage-bois\/#primaryimage"},"image":{"@id":"https:\/\/chillepoxy.com\/fr\/produit\/colle-epoxy-adhesif-collage-bois\/#primaryimage"},"thumbnailUrl":"https:\/\/chillepoxy.com\/wp-content\/uploads\/2021\/01\/CHILL-BOND-8111-Thixotropic-epoxy-adhesive.jpg","datePublished":"2021-01-18T21:40:16+00:00","dateModified":"2025-01-14T20:23:09+00:00","description":"Adh\u00e9sif \u00e9poxy en gel haute r\u00e9sistance et multi-surfaces. Adh\u00e9sif en gel \u00e9poxy ultra-r\u00e9sistant de qualit\u00e9 industrielle, con\u00e7u pour des collages haute performance dans des applications industrielles et commerciales.","breadcrumb":{"@id":"https:\/\/chillepoxy.com\/fr\/produit\/colle-epoxy-adhesif-collage-bois\/#breadcrumb"},"inLanguage":"fr-FR","potentialAction":[{"@type":"ReadAction","target":["https:\/\/chillepoxy.com\/fr\/produit\/colle-epoxy-adhesif-collage-bois\/"]}]},{"@type":"ImageObject","inLanguage":"fr-FR","@id":"https:\/\/chillepoxy.com\/fr\/produit\/colle-epoxy-adhesif-collage-bois\/#primaryimage","url":"https:\/\/chillepoxy.com\/wp-content\/uploads\/2021\/01\/CHILL-BOND-8111-Thixotropic-epoxy-adhesive.jpg","contentUrl":"https:\/\/chillepoxy.com\/wp-content\/uploads\/2021\/01\/CHILL-BOND-8111-Thixotropic-epoxy-adhesive.jpg","width":1920,"height":1920,"caption":"Adh\u00e9sif \u00e9poxy en gel haute r\u00e9sistance et multi-surfaces"},{"@type":"BreadcrumbList","@id":"https:\/\/chillepoxy.com\/fr\/produit\/colle-epoxy-adhesif-collage-bois\/#breadcrumb","itemListElement":[{"@type":"ListItem","position":1,"name":"Home","item":"https:\/\/chillepoxy.com\/fr\/"},{"@type":"ListItem","position":2,"name":"Boutique","item":"https:\/\/chillepoxy.com\/fr\/boutique\/"},{"@type":"ListItem","position":3,"name":"Adh\u00e9sif \u00e9poxy en gel haute r\u00e9sistance et multi-surfaces | mastic \u00e9poxy anti-affaissement | collage permanent | kit de 1,892 L (0,50 gallon)"}]},{"@type":"WebSite","@id":"https:\/\/chillepoxy.com\/fr\/#website","url":"https:\/\/chillepoxy.com\/fr\/","name":"CHILL EPOXY\u2122 High-Quality Canadian-Made Epoxy Resin","description":"High-Quality Canadian-Made Epoxy Resin | Casting &amp; Art","publisher":{"@id":"https:\/\/chillepoxy.com\/fr\/#organization"},"alternateName":"High-Quality Epoxy Resin","potentialAction":[{"@type":"SearchAction","target":{"@type":"EntryPoint","urlTemplate":"https:\/\/chillepoxy.com\/fr\/?s={search_term_string}"},"query-input":{"@type":"PropertyValueSpecification","valueRequired":true,"valueName":"search_term_string"}}],"inLanguage":"fr-FR"},{"@type":"Organization","@id":"https:\/\/chillepoxy.com\/fr\/#organization","name":"CHILL EPOXY\u2122","alternateName":"High-Quality Canadian-Made Epoxy Resin","url":"https:\/\/chillepoxy.com\/fr\/","logo":{"@type":"ImageObject","inLanguage":"fr-FR","@id":"https:\/\/chillepoxy.com\/fr\/#\/schema\/logo\/image\/","url":"https:\/\/i0.wp.com\/chillepoxy.com\/wp-content\/uploads\/2024\/02\/polymeres_technologies.png?fit=649%2C649&ssl=1","contentUrl":"https:\/\/i0.wp.com\/chillepoxy.com\/wp-content\/uploads\/2024\/02\/polymeres_technologies.png?fit=649%2C649&ssl=1","width":649,"height":649,"caption":"CHILL EPOXY\u2122"},"image":{"@id":"https:\/\/chillepoxy.com\/fr\/#\/schema\/logo\/image\/"},"sameAs":["https:\/\/www.facebook.com\/polymerestechnologies\/","https:\/\/www.instagram.com\/polymeres_technologies\/","https:\/\/www.linkedin.com\/company\/polymeres-technologies\/","https:\/\/www.youtube.com\/channel\/UCDaFKmK4Hn3KPKmBaTXWong"]}]}},"jetpack_publicize_connections":[],"jetpack_sharing_enabled":true,"jetpack_likes_enabled":false,"_links":{"self":[{"href":"https:\/\/chillepoxy.com\/fr\/wp-json\/wp\/v2\/product\/6420","targetHints":{"allow":["GET"]}}],"collection":[{"href":"https:\/\/chillepoxy.com\/fr\/wp-json\/wp\/v2\/product"}],"about":[{"href":"https:\/\/chillepoxy.com\/fr\/wp-json\/wp\/v2\/types\/product"}],"replies":[{"embeddable":true,"href":"https:\/\/chillepoxy.com\/fr\/wp-json\/wp\/v2\/comments?post=6420"}],"wp:featuredmedia":[{"embeddable":true,"href":"https:\/\/chillepoxy.com\/fr\/wp-json\/wp\/v2\/media\/5697"}],"wp:attachment":[{"href":"https:\/\/chillepoxy.com\/fr\/wp-json\/wp\/v2\/media?parent=6420"}],"wp:term":[{"taxonomy":"product_brand","embeddable":true,"href":"https:\/\/chillepoxy.com\/fr\/wp-json\/wp\/v2\/product_brand?post=6420"},{"taxonomy":"product_cat","embeddable":true,"href":"https:\/\/chillepoxy.com\/fr\/wp-json\/wp\/v2\/product_cat?post=6420"},{"taxonomy":"product_tag","embeddable":true,"href":"https:\/\/chillepoxy.com\/fr\/wp-json\/wp\/v2\/product_tag?post=6420"}],"curies":[{"name":"wp","href":"https:\/\/api.w.org\/{rel}","templated":true}]}}