{"id":6463,"date":"2020-11-24T08:23:37","date_gmt":"2021-03-17T14:33:33","guid":{"rendered":"https:\/\/v2.chillepoxy.com\/shop\/chill-epoxy-spatules-pour-melanger\/"},"modified":"2026-03-05T09:19:46","modified_gmt":"2026-03-05T14:19:46","slug":"epoxy-resin-mixing-spatula-tools","status":"publish","type":"product","link":"https:\/\/chillepoxy.com\/fr\/produit\/epoxy-resin-mixing-spatula-tools\/","title":{"rendered":"Spatules en m\u00e9tal pour m\u00e9langer de la r\u00e9sine \u00e9poxy"},"content":{"rendered":"<h1>Spatules en m\u00e9tal pour m\u00e9langer de la r\u00e9sine \u00e9poxy<\/h1>\n<p>D\u00e9couvrez notre spatule de m\u00e9lange en acier inoxydable pour r\u00e9sine \u00e9poxy, l&rsquo;outil parfait pour m\u00e9langer les produits CHILL EPOXY\u2122 Notre spatule en m\u00e9tal est con\u00e7ue pour m\u00e9langer la r\u00e9sine \u00e9poxy, et c&rsquo;est un outil indispensable pour assurer un m\u00e9lange homog\u00e8ne. Fabriqu\u00e9e \u00e0 partir d&rsquo;acier inoxydable de haute qualit\u00e9, notre spatule est r\u00e9sistante \u00e0 la rouille, solide et sans plomb, ce qui la rend durable et longue dur\u00e9e.<\/p>\n<p>Notre spatule en m\u00e9tal est disponible en trois tailles : petite (7,5 pouces), moyenne (12,5 pouces) et grande (16 pouces). La lame en acier inoxydable souple a l&rsquo;\u00e9paisseur parfaite pour racler les c\u00f4t\u00e9s et le fond de votre tasse de m\u00e9lange, vous assurant ainsi d&rsquo;obtenir un m\u00e9lange pr\u00e9cis et homog\u00e8ne \u00e0 chaque fois. La poign\u00e9e en bois rivet\u00e9e ajoute une touche d&rsquo;\u00e9l\u00e9gance, la rendant facile \u00e0 tenir et \u00e0 man\u0153uvrer pendant que vous m\u00e9langez.<\/p>\n<p>L&rsquo;utilisation d&rsquo;une spatule en m\u00e9tal pour m\u00e9langer la r\u00e9sine \u00e9poxy pr\u00e9sente plusieurs avantages. Tout d&rsquo;abord, notre spatule est plus durable que les spatules en plastique ou en bois et peut supporter les hautes temp\u00e9ratures et les produits chimiques impliqu\u00e9s dans le processus de m\u00e9lange de la r\u00e9sine \u00e9poxy. Deuxi\u00e8mement, il est facile \u00e0 nettoyer et \u00e0 d\u00e9sinfecter, ce qui contribue \u00e0 pr\u00e9venir la contamination du m\u00e9lange de r\u00e9sine \u00e9poxy. Troisi\u00e8mement, il permet un raclage et un m\u00e9lange plus pr\u00e9cis de la r\u00e9sine \u00e9poxy, garantissant un m\u00e9lange homog\u00e8ne.<\/p>\n<p>Notre spatule en m\u00e9tal est \u00e9galement r\u00e9utilisable, ce qui en fait une option plus respectueuse de l&rsquo;environnement que les b\u00e2tonnets m\u00e9langeurs jetables en bois ou en plastique. Il n&rsquo;est pas absorbant, ce qui signifie qu&rsquo;il n&rsquo;absorbe pas le m\u00e9lange de r\u00e9sine, comme le font les spatules en bois ou en plastique, ce qui peut affecter les r\u00e9actions chimiques du m\u00e9lange et la qualit\u00e9 du produit final.<\/p>\n<p>Pour maintenir la long\u00e9vit\u00e9 de notre spatule en m\u00e9tal, utilisez un chiffon doux pour la nettoyer et la laver. Essuyez-le propre et gardez-le sec apr\u00e8s utilisation. \u00c9vitez d&rsquo;utiliser des mat\u00e9riaux durs pour laver ou frotter l&rsquo;ustensile afin de le garder toujours brillant. Il est anti-rouille et durable, ce qui le rend difficile \u00e0 plier ou \u00e0 casser, le rendant tr\u00e8s adapt\u00e9 \u00e0 une utilisation en ext\u00e9rieur ou en int\u00e9rieur.<\/p>\n<h3 class=\"LC20lb MBeuO DKV0Md\">Spatule de m\u00e9lange de r\u00e9sine<\/h3>\n<div class=\"w-full border-b border-black\/10 dark:border-gray-900\/50 text-gray-800 dark:text-gray-100 group bg-gray-50 dark:bg-[#444654]\">\n<div class=\"text-base gap-4 md:gap-6 m-auto md:max-w-2xl lg:max-w-2xl xl:max-w-3xl p-4 md:py-6 flex lg:px-0\">\n<div class=\"relative flex w-[calc(100%-50px)] md:flex-col lg:w-[calc(100%-115px)]\">\n<div class=\"flex flex-grow flex-col gap-3\">\n<div class=\"min-h-[20px] flex flex-col items-start gap-4 whitespace-pre-wrap\">\n<div class=\"markdown prose w-full break-words dark:prose-invert light\">\n<ol>\n<li>Durabilit\u00e9 : Les spatules en m\u00e9tal sont plus durables que les spatules en plastique ou en bois, et peuvent supporter les temp\u00e9ratures \u00e9lev\u00e9es et les produits chimiques impliqu\u00e9s dans le processus de m\u00e9lange de la r\u00e9sine \u00e9poxy.<\/li>\n<li>Hygi\u00e8ne : Les spatules en m\u00e9tal sont faciles \u00e0 nettoyer et \u00e0 d\u00e9sinfecter, ce qui contribue \u00e0 pr\u00e9venir la contamination du m\u00e9lange de r\u00e9sine \u00e9poxy.<\/li>\n<li>Pr\u00e9cision : Les spatules en m\u00e9tal permettent un raclage et un m\u00e9lange plus pr\u00e9cis de la r\u00e9sine \u00e9poxy, garantissant un m\u00e9lange homog\u00e8ne.<\/li>\n<li>R\u00e9utilisable : Les spatules en m\u00e9tal sont r\u00e9utilisables, contrairement aux b\u00e2tonnets m\u00e9langeurs jetables en bois ou en plastique, ce qui peut \u00eatre plus respectueux de l&rsquo;environnement.<\/li>\n<li>Non-absorbant : Les spatules en m\u00e9tal n&rsquo;absorbent pas le m\u00e9lange de r\u00e9sine comme le font les spatules en bois ou en plastique, ce qui n&rsquo;affectera pas les r\u00e9actions chimiques du m\u00e9lange et le produit final sera de meilleure qualit\u00e9.<\/li>\n<\/ol>\n<\/div>\n<\/div>\n<\/div>\n<div class=\"text-gray-400 flex self-end lg:self-center justify-center mt-2 gap-4 lg:gap-1 lg:absolute lg:top-0 lg:translate-x-full lg:right-0 lg:mt-0 lg:pl-2 visible\"><strong style=\"font-size: 14.4px;\">Caract\u00e9ristiques: <\/strong><\/div>\n<\/div>\n<\/div>\n<\/div>\n<ul>\n<li><span data-preserver-spaces=\"true\">Ces grattoirs flexibles sont en acier inoxydable de haute qualit\u00e9, solide r\u00e9sistant \u00e0 la rouille, sans plomb.<\/span><\/li>\n<li><span data-preserver-spaces=\"true\">Par cons\u00e9quent, il est robuste et durable dure toute une vie. Acier inoxydable avec un manche en bois rivet\u00e9. Taille parfaite, exactement ce que vous recherchez.<\/span><\/li>\n<li><span data-preserver-spaces=\"true\">Utilisez un chiffon doux pour nettoyer et laver. Essuyez-le et gardez-le au sec apr\u00e8s utilisation. N&rsquo;utilisez pas de mat\u00e9riau dur pour laver et frottez l&rsquo;ustensile pour qu&rsquo;il reste toujours brillant.<\/span><\/li>\n<li><span data-preserver-spaces=\"true\">Antirouille et durable qui ne sera pas facile \u00e0 plier ou \u00e0 casser, tr\u00e8s appropri\u00e9 pour une utilisation en ext\u00e9rieur ou en int\u00e9rieur.<\/span><\/li>\n<\/ul>\n<h4><strong>Sp\u00e9cification:<\/strong><\/h4>\n<ul>\n<li style=\"font-weight: 400;\" aria-level=\"1\"><span style=\"font-weight: 400;\">Lame en acier inoxydable et manche en bois<\/span><\/li>\n<li style=\"font-weight: 400;\" aria-level=\"1\"><span style=\"font-weight: 400;\">Disponible en 3 tailles : petit (7,5 pouces), moyen (12,5 pouces) et grand (16 pouces)<\/span><\/li>\n<li style=\"font-weight: 400;\" aria-level=\"1\"><span style=\"font-weight: 400;\">Une lame flexible en acier inoxydable d&rsquo;une \u00e9paisseur parfaite pour racler les c\u00f4t\u00e9s et le fond de votre contenant de m\u00e9lange<\/span><\/li>\n<li style=\"font-weight: 400;\" aria-level=\"1\"><span style=\"font-weight: 400;\">Facile \u00e0 nettoyer et \u00e0 r\u00e9-utiliser<\/span><\/li>\n<\/ul>\n","protected":false},"excerpt":{"rendered":"<p>D\u00e9couvrez l&rsquo;outil indispensable pour tous vos projets CHILL EPOXY\u2122 &#8211; la spatule en acier inoxydable pour m\u00e9langer la r\u00e9sine \u00e9poxy ! Cette spatule durable et facile \u00e0 nettoyer est une v\u00e9ritable r\u00e9volution dans le monde du m\u00e9lange de r\u00e9sine \u00e9poxy.<\/p>\n<p>Les jours d&rsquo;utilisation de b\u00e2tonnets m\u00e9langeurs en bois qui pourraient potentiellement contaminer votre m\u00e9lange de r\u00e9sine avec de l&rsquo;humidit\u00e9 sont r\u00e9volus. La construction en m\u00e9tal de notre spatule de m\u00e9lange de r\u00e9sine \u00e9poxy garantit que votre produit final a les propri\u00e9t\u00e9s et la qualit\u00e9 souhait\u00e9es.<\/p>\n<p>Disponibles dans une gamme de longueurs, nos spatules de m\u00e9lange de r\u00e9sine \u00e9poxy peuvent \u00eatre s\u00e9lectionn\u00e9es en fonction de la taille de votre contenant ou de la quantit\u00e9 de r\u00e9sine \u00e9poxy n\u00e9cessaire pour votre projet. Gr\u00e2ce \u00e0 sa conception facile \u00e0 utiliser, vous pouvez m\u00e9langer vos produits CHILL EPOXY\u2122 avec pr\u00e9cision et facilit\u00e9.<\/p>\n<p>Ce n&rsquo;est pas seulement les avantages pratiques &#8211; notre spatule de m\u00e9lange de r\u00e9sine \u00e9poxy offre un design \u00e9l\u00e9gant et moderne qui rehaussera l&rsquo;apparence et l&rsquo;ambiance de votre espace de travail.<\/p>\n<p>Am\u00e9liorez votre technique de m\u00e9lange de r\u00e9sine \u00e9poxy avec notre spatule de m\u00e9lange de r\u00e9sine \u00e9poxy en acier inoxydable d\u00e8s aujourd&rsquo;hui. Ne vous contentez pas de moins que le meilleur.<\/p>\n<p>Am\u00e9liorez votre technique de m\u00e9lange de r\u00e9sine \u00e9poxy avec notre spatule de m\u00e9lange de r\u00e9sine \u00e9poxy en acier inoxydable &#8211; commandez d\u00e8s maintenant et d\u00e9couvrez les avantages par vous-m\u00eame.<\/p>\n","protected":false},"featured_media":5705,"comment_status":"open","ping_status":"closed","template":"","meta":{"jetpack_publicize_message":"","jetpack_publicize_feature_enabled":true,"jetpack_social_post_already_shared":false,"jetpack_social_options":{"image_generator_settings":{"template":"highway","default_image_id":0,"font":"","enabled":false},"version":2}},"product_brand":[],"product_cat":[88,1431],"product_tag":[1232,1230,1231],"class_list":{"0":"post-6463","1":"product","2":"type-product","3":"status-publish","4":"has-post-thumbnail","6":"product_cat-accessoires-fr","7":"product_cat-accessoires-de-revetement","8":"product_tag-outils-de-melange-de-resine","9":"product_tag-palette-de-melangeur-epoxy","10":"product_tag-spatules-de-melange","12":"first","13":"instock","14":"featured","15":"taxable","16":"shipping-taxable","17":"purchasable","18":"product-type-variable"},"yoast_head":"<!-- This site is optimized with the Yoast SEO Premium plugin v27.3 (Yoast SEO v27.3) - https:\/\/yoast.com\/product\/yoast-seo-premium-wordpress\/ -->\n<title>Spatule de m\u00e9lange pour r\u00e9sine \u00e9poxy en acier inoxydable | CHILL EPOXY<\/title>\n<meta name=\"description\" content=\"Spatule de m\u00e9lange en r\u00e9sine \u00e9poxy en acier inoxydable. Cherchez-vous l&#039;outil parfait pour m\u00e9langer votre r\u00e9sine \u00e9poxy? D\u00e9couvrez nos spatules en acier inoxydable pour m\u00e9langer la r\u00e9sine \u00e9poxy!\" \/>\n<meta name=\"robots\" content=\"index, follow, max-snippet:-1, max-image-preview:large, max-video-preview:-1\" \/>\n<link rel=\"canonical\" href=\"https:\/\/chillepoxy.com\/fr\/produit\/epoxy-resin-mixing-spatula-tools\/\" \/>\n<meta property=\"og:locale\" content=\"fr_FR\" \/>\n<meta property=\"og:type\" content=\"article\" \/>\n<meta property=\"og:title\" content=\"Spatules en m\u00e9tal pour m\u00e9langer de la r\u00e9sine \u00e9poxy\" \/>\n<meta property=\"og:description\" content=\"Spatule de m\u00e9lange en r\u00e9sine \u00e9poxy en acier inoxydable. Cherchez-vous l&#039;outil parfait pour m\u00e9langer votre r\u00e9sine \u00e9poxy? D\u00e9couvrez nos spatules en acier inoxydable pour m\u00e9langer la r\u00e9sine \u00e9poxy!\" \/>\n<meta property=\"og:url\" content=\"https:\/\/chillepoxy.com\/fr\/produit\/epoxy-resin-mixing-spatula-tools\/\" \/>\n<meta property=\"og:site_name\" content=\"CHILL EPOXY\" \/>\n<meta property=\"article:publisher\" content=\"https:\/\/www.facebook.com\/polymerestechnologies\/\" \/>\n<meta property=\"article:modified_time\" content=\"2026-03-05T14:19:46+00:00\" \/>\n<meta property=\"og:image\" content=\"https:\/\/chillepoxy.com\/wp-content\/uploads\/2020\/11\/Untitled-design-32.jpg\" \/>\n\t<meta property=\"og:image:width\" content=\"1920\" \/>\n\t<meta property=\"og:image:height\" content=\"1920\" \/>\n\t<meta property=\"og:image:type\" content=\"image\/jpeg\" \/>\n<meta name=\"twitter:card\" content=\"summary_large_image\" \/>\n<meta name=\"twitter:label1\" content=\"Dur\u00e9e de lecture estim\u00e9e\" \/>\n\t<meta name=\"twitter:data1\" content=\"4 minutes\" \/>\n<script type=\"application\/ld+json\" class=\"yoast-schema-graph\">{\"@context\":\"https:\\\/\\\/schema.org\",\"@graph\":[{\"@type\":\"WebPage\",\"@id\":\"https:\\\/\\\/chillepoxy.com\\\/fr\\\/produit\\\/epoxy-resin-mixing-spatula-tools\\\/\",\"url\":\"https:\\\/\\\/chillepoxy.com\\\/fr\\\/produit\\\/epoxy-resin-mixing-spatula-tools\\\/\",\"name\":\"Spatule de m\u00e9lange pour r\u00e9sine \u00e9poxy en acier inoxydable | CHILL EPOXY\",\"isPartOf\":{\"@id\":\"https:\\\/\\\/chillepoxy.com\\\/fr\\\/#website\"},\"primaryImageOfPage\":{\"@id\":\"https:\\\/\\\/chillepoxy.com\\\/fr\\\/produit\\\/epoxy-resin-mixing-spatula-tools\\\/#primaryimage\"},\"image\":{\"@id\":\"https:\\\/\\\/chillepoxy.com\\\/fr\\\/produit\\\/epoxy-resin-mixing-spatula-tools\\\/#primaryimage\"},\"thumbnailUrl\":\"https:\\\/\\\/chillepoxy.com\\\/wp-content\\\/uploads\\\/2020\\\/11\\\/Untitled-design-32.jpg\",\"datePublished\":\"2021-03-17T14:33:33+00:00\",\"dateModified\":\"2026-03-05T14:19:46+00:00\",\"description\":\"Spatule de m\u00e9lange en r\u00e9sine \u00e9poxy en acier inoxydable. Cherchez-vous l'outil parfait pour m\u00e9langer votre r\u00e9sine \u00e9poxy? D\u00e9couvrez nos spatules en acier inoxydable pour m\u00e9langer la r\u00e9sine \u00e9poxy!\",\"breadcrumb\":{\"@id\":\"https:\\\/\\\/chillepoxy.com\\\/fr\\\/produit\\\/epoxy-resin-mixing-spatula-tools\\\/#breadcrumb\"},\"inLanguage\":\"fr-FR\",\"potentialAction\":[{\"@type\":\"ReadAction\",\"target\":[\"https:\\\/\\\/chillepoxy.com\\\/fr\\\/produit\\\/epoxy-resin-mixing-spatula-tools\\\/\"]}]},{\"@type\":\"ImageObject\",\"inLanguage\":\"fr-FR\",\"@id\":\"https:\\\/\\\/chillepoxy.com\\\/fr\\\/produit\\\/epoxy-resin-mixing-spatula-tools\\\/#primaryimage\",\"url\":\"https:\\\/\\\/chillepoxy.com\\\/wp-content\\\/uploads\\\/2020\\\/11\\\/Untitled-design-32.jpg\",\"contentUrl\":\"https:\\\/\\\/chillepoxy.com\\\/wp-content\\\/uploads\\\/2020\\\/11\\\/Untitled-design-32.jpg\",\"width\":1920,\"height\":1920,\"caption\":\"Metal Spatulas for Mixing Epoxy Resin CHILL EPOXY\"},{\"@type\":\"BreadcrumbList\",\"@id\":\"https:\\\/\\\/chillepoxy.com\\\/fr\\\/produit\\\/epoxy-resin-mixing-spatula-tools\\\/#breadcrumb\",\"itemListElement\":[{\"@type\":\"ListItem\",\"position\":1,\"name\":\"Home\",\"item\":\"https:\\\/\\\/chillepoxy.com\\\/fr\\\/\"},{\"@type\":\"ListItem\",\"position\":2,\"name\":\"Boutique\",\"item\":\"https:\\\/\\\/chillepoxy.com\\\/fr\\\/boutique\\\/\"},{\"@type\":\"ListItem\",\"position\":3,\"name\":\"Spatules en m\u00e9tal pour m\u00e9langer de la r\u00e9sine \u00e9poxy\"}]},{\"@type\":\"WebSite\",\"@id\":\"https:\\\/\\\/chillepoxy.com\\\/fr\\\/#website\",\"url\":\"https:\\\/\\\/chillepoxy.com\\\/fr\\\/\",\"name\":\"CHILL EPOXY\u2122 High-Quality Canadian-Made Epoxy Resin\",\"description\":\"High-Quality Canadian-Made Epoxy Resin | Casting &amp; Art\",\"publisher\":{\"@id\":\"https:\\\/\\\/chillepoxy.com\\\/fr\\\/#organization\"},\"alternateName\":\"High-Quality Epoxy Resin\",\"potentialAction\":[{\"@type\":\"SearchAction\",\"target\":{\"@type\":\"EntryPoint\",\"urlTemplate\":\"https:\\\/\\\/chillepoxy.com\\\/fr\\\/?s={search_term_string}\"},\"query-input\":{\"@type\":\"PropertyValueSpecification\",\"valueRequired\":true,\"valueName\":\"search_term_string\"}}],\"inLanguage\":\"fr-FR\"},{\"@type\":\"Organization\",\"@id\":\"https:\\\/\\\/chillepoxy.com\\\/fr\\\/#organization\",\"name\":\"CHILL EPOXY\u2122\",\"alternateName\":\"High-Quality Canadian-Made Epoxy Resin\",\"url\":\"https:\\\/\\\/chillepoxy.com\\\/fr\\\/\",\"logo\":{\"@type\":\"ImageObject\",\"inLanguage\":\"fr-FR\",\"@id\":\"https:\\\/\\\/chillepoxy.com\\\/fr\\\/#\\\/schema\\\/logo\\\/image\\\/\",\"url\":\"https:\\\/\\\/i0.wp.com\\\/chillepoxy.com\\\/wp-content\\\/uploads\\\/2024\\\/02\\\/polymeres_technologies.png?fit=649%2C649&ssl=1\",\"contentUrl\":\"https:\\\/\\\/i0.wp.com\\\/chillepoxy.com\\\/wp-content\\\/uploads\\\/2024\\\/02\\\/polymeres_technologies.png?fit=649%2C649&ssl=1\",\"width\":649,\"height\":649,\"caption\":\"CHILL EPOXY\u2122\"},\"image\":{\"@id\":\"https:\\\/\\\/chillepoxy.com\\\/fr\\\/#\\\/schema\\\/logo\\\/image\\\/\"},\"sameAs\":[\"https:\\\/\\\/www.facebook.com\\\/polymerestechnologies\\\/\",\"https:\\\/\\\/www.instagram.com\\\/polymeres_technologies\\\/\",\"https:\\\/\\\/www.linkedin.com\\\/company\\\/polymeres-technologies\\\/\",\"https:\\\/\\\/www.youtube.com\\\/channel\\\/UCDaFKmK4Hn3KPKmBaTXWong\"]}]}<\/script>\n<!-- \/ Yoast SEO Premium plugin. -->","yoast_head_json":{"title":"Spatule de m\u00e9lange pour r\u00e9sine \u00e9poxy en acier inoxydable | CHILL EPOXY","description":"Spatule de m\u00e9lange en r\u00e9sine \u00e9poxy en acier inoxydable. Cherchez-vous l'outil parfait pour m\u00e9langer votre r\u00e9sine \u00e9poxy? D\u00e9couvrez nos spatules en acier inoxydable pour m\u00e9langer la r\u00e9sine \u00e9poxy!","robots":{"index":"index","follow":"follow","max-snippet":"max-snippet:-1","max-image-preview":"max-image-preview:large","max-video-preview":"max-video-preview:-1"},"canonical":"https:\/\/chillepoxy.com\/fr\/produit\/epoxy-resin-mixing-spatula-tools\/","og_locale":"fr_FR","og_type":"article","og_title":"Spatules en m\u00e9tal pour m\u00e9langer de la r\u00e9sine \u00e9poxy","og_description":"Spatule de m\u00e9lange en r\u00e9sine \u00e9poxy en acier inoxydable. Cherchez-vous l'outil parfait pour m\u00e9langer votre r\u00e9sine \u00e9poxy? D\u00e9couvrez nos spatules en acier inoxydable pour m\u00e9langer la r\u00e9sine \u00e9poxy!","og_url":"https:\/\/chillepoxy.com\/fr\/produit\/epoxy-resin-mixing-spatula-tools\/","og_site_name":"CHILL EPOXY","article_publisher":"https:\/\/www.facebook.com\/polymerestechnologies\/","article_modified_time":"2026-03-05T14:19:46+00:00","og_image":[{"width":1920,"height":1920,"url":"https:\/\/chillepoxy.com\/wp-content\/uploads\/2020\/11\/Untitled-design-32.jpg","type":"image\/jpeg"}],"twitter_card":"summary_large_image","twitter_misc":{"Dur\u00e9e de lecture estim\u00e9e":"4 minutes"},"schema":{"@context":"https:\/\/schema.org","@graph":[{"@type":"WebPage","@id":"https:\/\/chillepoxy.com\/fr\/produit\/epoxy-resin-mixing-spatula-tools\/","url":"https:\/\/chillepoxy.com\/fr\/produit\/epoxy-resin-mixing-spatula-tools\/","name":"Spatule de m\u00e9lange pour r\u00e9sine \u00e9poxy en acier inoxydable | CHILL EPOXY","isPartOf":{"@id":"https:\/\/chillepoxy.com\/fr\/#website"},"primaryImageOfPage":{"@id":"https:\/\/chillepoxy.com\/fr\/produit\/epoxy-resin-mixing-spatula-tools\/#primaryimage"},"image":{"@id":"https:\/\/chillepoxy.com\/fr\/produit\/epoxy-resin-mixing-spatula-tools\/#primaryimage"},"thumbnailUrl":"https:\/\/chillepoxy.com\/wp-content\/uploads\/2020\/11\/Untitled-design-32.jpg","datePublished":"2021-03-17T14:33:33+00:00","dateModified":"2026-03-05T14:19:46+00:00","description":"Spatule de m\u00e9lange en r\u00e9sine \u00e9poxy en acier inoxydable. Cherchez-vous l'outil parfait pour m\u00e9langer votre r\u00e9sine \u00e9poxy? D\u00e9couvrez nos spatules en acier inoxydable pour m\u00e9langer la r\u00e9sine \u00e9poxy!","breadcrumb":{"@id":"https:\/\/chillepoxy.com\/fr\/produit\/epoxy-resin-mixing-spatula-tools\/#breadcrumb"},"inLanguage":"fr-FR","potentialAction":[{"@type":"ReadAction","target":["https:\/\/chillepoxy.com\/fr\/produit\/epoxy-resin-mixing-spatula-tools\/"]}]},{"@type":"ImageObject","inLanguage":"fr-FR","@id":"https:\/\/chillepoxy.com\/fr\/produit\/epoxy-resin-mixing-spatula-tools\/#primaryimage","url":"https:\/\/chillepoxy.com\/wp-content\/uploads\/2020\/11\/Untitled-design-32.jpg","contentUrl":"https:\/\/chillepoxy.com\/wp-content\/uploads\/2020\/11\/Untitled-design-32.jpg","width":1920,"height":1920,"caption":"Metal Spatulas for Mixing Epoxy Resin CHILL EPOXY"},{"@type":"BreadcrumbList","@id":"https:\/\/chillepoxy.com\/fr\/produit\/epoxy-resin-mixing-spatula-tools\/#breadcrumb","itemListElement":[{"@type":"ListItem","position":1,"name":"Home","item":"https:\/\/chillepoxy.com\/fr\/"},{"@type":"ListItem","position":2,"name":"Boutique","item":"https:\/\/chillepoxy.com\/fr\/boutique\/"},{"@type":"ListItem","position":3,"name":"Spatules en m\u00e9tal pour m\u00e9langer de la r\u00e9sine \u00e9poxy"}]},{"@type":"WebSite","@id":"https:\/\/chillepoxy.com\/fr\/#website","url":"https:\/\/chillepoxy.com\/fr\/","name":"CHILL EPOXY\u2122 High-Quality Canadian-Made Epoxy Resin","description":"High-Quality Canadian-Made Epoxy Resin | Casting &amp; Art","publisher":{"@id":"https:\/\/chillepoxy.com\/fr\/#organization"},"alternateName":"High-Quality Epoxy Resin","potentialAction":[{"@type":"SearchAction","target":{"@type":"EntryPoint","urlTemplate":"https:\/\/chillepoxy.com\/fr\/?s={search_term_string}"},"query-input":{"@type":"PropertyValueSpecification","valueRequired":true,"valueName":"search_term_string"}}],"inLanguage":"fr-FR"},{"@type":"Organization","@id":"https:\/\/chillepoxy.com\/fr\/#organization","name":"CHILL EPOXY\u2122","alternateName":"High-Quality Canadian-Made Epoxy Resin","url":"https:\/\/chillepoxy.com\/fr\/","logo":{"@type":"ImageObject","inLanguage":"fr-FR","@id":"https:\/\/chillepoxy.com\/fr\/#\/schema\/logo\/image\/","url":"https:\/\/i0.wp.com\/chillepoxy.com\/wp-content\/uploads\/2024\/02\/polymeres_technologies.png?fit=649%2C649&ssl=1","contentUrl":"https:\/\/i0.wp.com\/chillepoxy.com\/wp-content\/uploads\/2024\/02\/polymeres_technologies.png?fit=649%2C649&ssl=1","width":649,"height":649,"caption":"CHILL EPOXY\u2122"},"image":{"@id":"https:\/\/chillepoxy.com\/fr\/#\/schema\/logo\/image\/"},"sameAs":["https:\/\/www.facebook.com\/polymerestechnologies\/","https:\/\/www.instagram.com\/polymeres_technologies\/","https:\/\/www.linkedin.com\/company\/polymeres-technologies\/","https:\/\/www.youtube.com\/channel\/UCDaFKmK4Hn3KPKmBaTXWong"]}]}},"jetpack_publicize_connections":[],"jetpack_sharing_enabled":true,"jetpack_likes_enabled":false,"_links":{"self":[{"href":"https:\/\/chillepoxy.com\/fr\/wp-json\/wp\/v2\/product\/6463","targetHints":{"allow":["GET"]}}],"collection":[{"href":"https:\/\/chillepoxy.com\/fr\/wp-json\/wp\/v2\/product"}],"about":[{"href":"https:\/\/chillepoxy.com\/fr\/wp-json\/wp\/v2\/types\/product"}],"replies":[{"embeddable":true,"href":"https:\/\/chillepoxy.com\/fr\/wp-json\/wp\/v2\/comments?post=6463"}],"wp:featuredmedia":[{"embeddable":true,"href":"https:\/\/chillepoxy.com\/fr\/wp-json\/wp\/v2\/media\/5705"}],"wp:attachment":[{"href":"https:\/\/chillepoxy.com\/fr\/wp-json\/wp\/v2\/media?parent=6463"}],"wp:term":[{"taxonomy":"product_brand","embeddable":true,"href":"https:\/\/chillepoxy.com\/fr\/wp-json\/wp\/v2\/product_brand?post=6463"},{"taxonomy":"product_cat","embeddable":true,"href":"https:\/\/chillepoxy.com\/fr\/wp-json\/wp\/v2\/product_cat?post=6463"},{"taxonomy":"product_tag","embeddable":true,"href":"https:\/\/chillepoxy.com\/fr\/wp-json\/wp\/v2\/product_tag?post=6463"}],"curies":[{"name":"wp","href":"https:\/\/api.w.org\/{rel}","templated":true}]}}