{"id":6471,"date":"2020-11-24T08:05:08","date_gmt":"2021-03-17T14:40:57","guid":{"rendered":"https:\/\/v2.chillepoxy.com\/shop\/chill-epoxy-contenants-pour-melanger-differentes-tailles\/"},"modified":"2026-03-05T09:19:46","modified_gmt":"2026-03-05T14:19:46","slug":"contenants-conteneurs-de-melange-reutilisables-pour-resine-epoxy","status":"publish","type":"product","link":"https:\/\/chillepoxy.com\/fr\/produit\/contenants-conteneurs-de-melange-reutilisables-pour-resine-epoxy\/","title":{"rendered":"Contenants de m\u00e9lange pour r\u00e9sine \u00e9poxy r\u00e9utilisables."},"content":{"rendered":"<h1>Contenants de m\u00e9lange de r\u00e9sine r\u00e9utilisables.<\/h1>\n<p>Contenants r\u00e9utilisables pour m\u00e9langer la r\u00e9sine. Les avantages d&rsquo;utiliser nos contenants de m\u00e9lange de r\u00e9sine \u00e9poxy vont au-del\u00e0 de la pr\u00e9cision et de la commodit\u00e9. Vous appr\u00e9cierez \u00e9galement la tranquillit\u00e9 d&rsquo;esprit qui vient avec l&rsquo;utilisation d&rsquo;un produit s\u00fbr pour vous et l&rsquo;environnement. Nos contenants de m\u00e9lange sont sans BPA et fabriqu\u00e9s \u00e0 partir de plastique recycl\u00e9, ce qui signifie que vous obtenez non seulement un produit de haute qualit\u00e9, mais vous faites \u00e9galement votre part pour la plan\u00e8te. Ne vous contentez pas de moins que le meilleur lorsqu&rsquo;il s&rsquo;agit de vos projets en r\u00e9sine \u00e9poxy. Nos contenants de m\u00e9lange de r\u00e9sine \u00e9poxy sont le choix parfait pour quiconque cherche \u00e0 obtenir des r\u00e9sultats professionnels. ue vous soyez un bricoleur passionn\u00e9 ou un professionnel, vous appr\u00e9cierez la facilit\u00e9 d&rsquo;utilisation et la pr\u00e9cision que nos gobelets offrent.<\/p>\n<p>Commandez maintenant et d\u00e9couvrez les avantages de nos gobelets de m\u00e9lange de r\u00e9sine \u00e9poxy par vous-m\u00eame. Ne laissez plus la frustration des ratios de m\u00e9lange inexactes vous retenir!<\/p>\n<h3>M\u00e9lange pr\u00e9cis \u00e0 chaque fois.<\/h3>\n<p>Dites adieu \u00e0 l&rsquo;approximation de la mesure des ratios et bonjour \u00e0 un m\u00e9lange parfait de r\u00e9sine \u00e9poxy avec nos gobelets de m\u00e9lange de r\u00e9sine \u00e9poxy. Avec des marques de mesure de ratio pr\u00e9-\u00e9tablies, vous pouvez mesurer et m\u00e9langer votre r\u00e9sine \u00e9poxy et vos pigments en toute confiance sans vous inqui\u00e9ter. Le plastique transparent offre une visibilit\u00e9 claire dans votre m\u00e9lange, vous permettant de perfectionner votre technique et d&rsquo;obtenir des r\u00e9sultats impeccables.<\/p>\n<h3>Durable et facile \u00e0 utiliser.<\/h3>\n<p>Nos contenants de m\u00e9lange de r\u00e9sine \u00e9poxy ont un design avec un fond plat qui offre une stabilit\u00e9 pendant le m\u00e9lange, garantissant ainsi pr\u00e9cision et uniformit\u00e9. Les contenants sont r\u00e9sistants aux solvants, ce qui les rend id\u00e9aux pour tout projet de r\u00e9sine \u00e9poxy sans risque de d\u00e9versement. Le contenant de m\u00e9lange calibr\u00e9 et les mesures claires et faciles \u00e0 lire rendent la mesure un jeu d&rsquo;enfant. Les contenants sont \u00e9galement incroyablement faciles \u00e0 nettoyer avec notre POLYCLEANER\u2122 ou de l&rsquo;alcool isopropylique.<\/p>\n<h3>Parfait pour tout projet en r\u00e9sine \u00e9poxy.<\/h3>\n<p>Disponible dans une gamme de formats, de 8oz \u00e0 5L. Nos contenants de m\u00e9lange de r\u00e9sine \u00e9poxy conviennent \u00e0 tout projet, que vous soyez un professionnel ou un bricoleur passionn\u00e9. La construction durable garantit que les contenants dureront \u00e0 travers plusieurs projets, en en faisant une solution rentable et pratique pour votre prochain projet en r\u00e9sine \u00e9poxy.<\/p>\n<h2>Contenants r\u00e9utilisables pour m\u00e9langer la r\u00e9sine<\/h2>\n<h4><strong>Caract\u00e9ristiques: <\/strong><\/h4>\n<ul>\n<li><span data-preserver-spaces=\"true\">Fond plat pour un m\u00e9lange facile et une stabilit\u00e9.<\/span><\/li>\n<li><span data-preserver-spaces=\"true\">Conteneur de m\u00e9lange calibr\u00e9.<\/span><\/li>\n<li><span data-preserver-spaces=\"true\">Mesures claires et faciles \u00e0 lire.<\/span><\/li>\n<li><span data-preserver-spaces=\"true\">Construction durable.<\/span><\/li>\n<li><span data-preserver-spaces=\"true\">Les godets de m\u00e9lange sont r\u00e9sistants aux solvants.<\/span><\/li>\n<\/ul>\n<h4><strong>Sp\u00e9cification:<\/strong><\/h4>\n<ul>\n<li style=\"font-weight: 400;\" aria-level=\"1\"><span style=\"font-weight: 400;\">Les contenants de m\u00e9lange pour \u00e9poxy<\/span> <span style=\"font-weight: 400;\">vous aideront \u00e0 mesurer et \u00e0 m\u00e9langer sans effort les syst\u00e8mes CHILL EPOXY\u2122.<\/span><\/li>\n<li style=\"font-weight: 400;\" aria-level=\"1\"><span style=\"font-weight: 400;\">Des mesures pr\u00e9cises : Gradation des onces et des millilitres<\/span><\/li>\n<li style=\"font-weight: 400;\" aria-level=\"1\"><span style=\"font-weight: 400;\">Peuvent \u00eatre nettoy\u00e9s avec notre <a href=\"https:\/\/chillepoxy.com\/product\/eco-frendly-epoxy-resin-cleaner-remover\/\">POLYCLEANER\u2122<\/a> ou de l&rsquo;alcool isopropylique<\/span><\/li>\n<li style=\"font-weight: 400;\" aria-level=\"1\"><span style=\"font-weight: 400;\">R\u00e9cipient transparent : le plastique transparent permet une parfaite visibilit\u00e9 lors du m\u00e9lange de la partie A &#8211; R\u00e9sine et de la partie B &#8211; Durcisseur<\/span><\/li>\n<li style=\"font-weight: 400;\" aria-level=\"1\"><span style=\"font-weight: 400;\">Disponible en diff\u00e9rents formats : 8oz, 16oz, 1L, 2L, 5L<\/span><\/li>\n<\/ul>\n<p>&nbsp;<\/p>\n","protected":false},"excerpt":{"rendered":"<h2>Contenants de m\u00e9lange de r\u00e9sine \u00e9poxy disponibles en diff\u00e9rentes tailles.<\/h2>\n<p>D\u00e9couvrez nos contenants de m\u00e9lange pour r\u00e9sine \u00e9poxy de haute qualit\u00e9 &#8211; la solution parfaite pour tout bricoleur passionn\u00e9 ou professionnel cherchant la pr\u00e9cision et l&rsquo;exactitude lors du m\u00e9lange de r\u00e9sine \u00e9poxy. Fabriqu\u00e9s \u00e0 partir de plastique robuste et durable, nos contenants de m\u00e9lange offrent un guide de mesure facile \u00e0 lire avec des marques pr\u00e9cises, permettant les ratios de m\u00e9lange les plus pr\u00e9cis de r\u00e9sine et de durcisseur. Plus de devinettes, plus de gaspillage de votre temps pr\u00e9cieux et plus de frustration.<\/p>\n<p>Nos contenants de m\u00e9lange sont con\u00e7us pour \u00eatre faciles \u00e0 utiliser, vous faisant gagner du temps et des tracas. Avec une surface antiadh\u00e9sive, m\u00e9langer et verser votre r\u00e9sine est sans effort, et nos contenants sont r\u00e9utilisables, permettant de multiples utilisations et vous faisant \u00e9conomiser de l&rsquo;argent \u00e0 long terme.<\/p>\n","protected":false},"featured_media":16378,"comment_status":"open","ping_status":"closed","template":"","meta":{"jetpack_publicize_message":"","jetpack_publicize_feature_enabled":true,"jetpack_social_post_already_shared":true,"jetpack_social_options":{"image_generator_settings":{"template":"highway","default_image_id":0,"font":"","enabled":false},"version":2}},"product_brand":[],"product_cat":[88],"product_tag":[367,1096],"class_list":{"0":"post-6471","1":"product","2":"type-product","3":"status-publish","4":"has-post-thumbnail","6":"product_cat-accessoires-fr","7":"product_tag-conteneur-de-melange-epoxy","8":"product_tag-seau-melangeur-epoxy","10":"first","11":"instock","12":"taxable","13":"shipping-taxable","14":"purchasable","15":"product-type-variable"},"yoast_head":"<!-- This site is optimized with the Yoast SEO Premium plugin v27.4 (Yoast SEO v27.4) - https:\/\/yoast.com\/product\/yoast-seo-premium-wordpress\/ -->\n<title>Contenants r\u00e9utilisables pour m\u00e9langer la r\u00e9sine | CHILL EPOXY<\/title>\n<meta name=\"description\" content=\"Contenants r\u00e9utilisables pour m\u00e9langer la r\u00e9sine. Obtenez des r\u00e9sultats impeccables avec nos contenants de m\u00e9lange pour r\u00e9sine. Durables, faciles \u00e0 utiliser et disponibles en plusieurs tailles.\" \/>\n<meta name=\"robots\" content=\"index, follow, max-snippet:-1, max-image-preview:large, max-video-preview:-1\" \/>\n<link rel=\"canonical\" href=\"https:\/\/chillepoxy.com\/fr\/produit\/contenants-conteneurs-de-melange-reutilisables-pour-resine-epoxy\/\" \/>\n<meta property=\"og:locale\" content=\"fr_FR\" \/>\n<meta property=\"og:type\" content=\"article\" \/>\n<meta property=\"og:title\" content=\"Contenants de m\u00e9lange pour r\u00e9sine \u00e9poxy r\u00e9utilisables.\" \/>\n<meta property=\"og:description\" content=\"Contenants r\u00e9utilisables pour m\u00e9langer la r\u00e9sine. Obtenez des r\u00e9sultats impeccables avec nos contenants de m\u00e9lange pour r\u00e9sine. Durables, faciles \u00e0 utiliser et disponibles en plusieurs tailles.\" \/>\n<meta property=\"og:url\" content=\"https:\/\/chillepoxy.com\/fr\/produit\/contenants-conteneurs-de-melange-reutilisables-pour-resine-epoxy\/\" \/>\n<meta property=\"og:site_name\" content=\"CHILL EPOXY\" \/>\n<meta property=\"article:publisher\" content=\"https:\/\/www.facebook.com\/polymerestechnologies\/\" \/>\n<meta property=\"article:modified_time\" content=\"2026-03-05T14:19:46+00:00\" \/>\n<meta property=\"og:image\" content=\"https:\/\/chillepoxy.com\/wp-content\/uploads\/2020\/11\/5L-Front.jpg\" \/>\n\t<meta property=\"og:image:width\" content=\"1920\" \/>\n\t<meta property=\"og:image:height\" content=\"1440\" \/>\n\t<meta property=\"og:image:type\" content=\"image\/jpeg\" \/>\n<meta name=\"twitter:card\" content=\"summary_large_image\" \/>\n<meta name=\"twitter:label1\" content=\"Dur\u00e9e de lecture estim\u00e9e\" \/>\n\t<meta name=\"twitter:data1\" content=\"3 minutes\" \/>\n<script type=\"application\/ld+json\" class=\"yoast-schema-graph\">{\"@context\":\"https:\\\/\\\/schema.org\",\"@graph\":[{\"@type\":\"WebPage\",\"@id\":\"https:\\\/\\\/chillepoxy.com\\\/fr\\\/produit\\\/contenants-conteneurs-de-melange-reutilisables-pour-resine-epoxy\\\/\",\"url\":\"https:\\\/\\\/chillepoxy.com\\\/fr\\\/produit\\\/contenants-conteneurs-de-melange-reutilisables-pour-resine-epoxy\\\/\",\"name\":\"Contenants r\u00e9utilisables pour m\u00e9langer la r\u00e9sine | CHILL EPOXY\",\"isPartOf\":{\"@id\":\"https:\\\/\\\/chillepoxy.com\\\/fr\\\/#website\"},\"primaryImageOfPage\":{\"@id\":\"https:\\\/\\\/chillepoxy.com\\\/fr\\\/produit\\\/contenants-conteneurs-de-melange-reutilisables-pour-resine-epoxy\\\/#primaryimage\"},\"image\":{\"@id\":\"https:\\\/\\\/chillepoxy.com\\\/fr\\\/produit\\\/contenants-conteneurs-de-melange-reutilisables-pour-resine-epoxy\\\/#primaryimage\"},\"thumbnailUrl\":\"https:\\\/\\\/chillepoxy.com\\\/wp-content\\\/uploads\\\/2020\\\/11\\\/5L-Front.jpg\",\"datePublished\":\"2021-03-17T14:40:57+00:00\",\"dateModified\":\"2026-03-05T14:19:46+00:00\",\"description\":\"Contenants r\u00e9utilisables pour m\u00e9langer la r\u00e9sine. Obtenez des r\u00e9sultats impeccables avec nos contenants de m\u00e9lange pour r\u00e9sine. Durables, faciles \u00e0 utiliser et disponibles en plusieurs tailles.\",\"breadcrumb\":{\"@id\":\"https:\\\/\\\/chillepoxy.com\\\/fr\\\/produit\\\/contenants-conteneurs-de-melange-reutilisables-pour-resine-epoxy\\\/#breadcrumb\"},\"inLanguage\":\"fr-FR\",\"potentialAction\":[{\"@type\":\"ReadAction\",\"target\":[\"https:\\\/\\\/chillepoxy.com\\\/fr\\\/produit\\\/contenants-conteneurs-de-melange-reutilisables-pour-resine-epoxy\\\/\"]}]},{\"@type\":\"ImageObject\",\"inLanguage\":\"fr-FR\",\"@id\":\"https:\\\/\\\/chillepoxy.com\\\/fr\\\/produit\\\/contenants-conteneurs-de-melange-reutilisables-pour-resine-epoxy\\\/#primaryimage\",\"url\":\"https:\\\/\\\/chillepoxy.com\\\/wp-content\\\/uploads\\\/2020\\\/11\\\/5L-Front.jpg\",\"contentUrl\":\"https:\\\/\\\/chillepoxy.com\\\/wp-content\\\/uploads\\\/2020\\\/11\\\/5L-Front.jpg\",\"width\":1920,\"height\":1440,\"caption\":\"CONTENANTS DE M\u00c9LANGE POUR R\u00c9SINE \u00c9POXY\"},{\"@type\":\"BreadcrumbList\",\"@id\":\"https:\\\/\\\/chillepoxy.com\\\/fr\\\/produit\\\/contenants-conteneurs-de-melange-reutilisables-pour-resine-epoxy\\\/#breadcrumb\",\"itemListElement\":[{\"@type\":\"ListItem\",\"position\":1,\"name\":\"Home\",\"item\":\"https:\\\/\\\/chillepoxy.com\\\/fr\\\/\"},{\"@type\":\"ListItem\",\"position\":2,\"name\":\"Boutique\",\"item\":\"https:\\\/\\\/chillepoxy.com\\\/fr\\\/boutique\\\/\"},{\"@type\":\"ListItem\",\"position\":3,\"name\":\"Contenants de m\u00e9lange pour r\u00e9sine \u00e9poxy r\u00e9utilisables.\"}]},{\"@type\":\"WebSite\",\"@id\":\"https:\\\/\\\/chillepoxy.com\\\/fr\\\/#website\",\"url\":\"https:\\\/\\\/chillepoxy.com\\\/fr\\\/\",\"name\":\"CHILL EPOXY\u2122 High-Quality Canadian-Made Epoxy Resin\",\"description\":\"High-Quality Canadian-Made Epoxy Resin | Casting &amp; Art\",\"publisher\":{\"@id\":\"https:\\\/\\\/chillepoxy.com\\\/fr\\\/#organization\"},\"alternateName\":\"High-Quality Epoxy Resin\",\"potentialAction\":[{\"@type\":\"SearchAction\",\"target\":{\"@type\":\"EntryPoint\",\"urlTemplate\":\"https:\\\/\\\/chillepoxy.com\\\/fr\\\/?s={search_term_string}\"},\"query-input\":{\"@type\":\"PropertyValueSpecification\",\"valueRequired\":true,\"valueName\":\"search_term_string\"}}],\"inLanguage\":\"fr-FR\"},{\"@type\":\"Organization\",\"@id\":\"https:\\\/\\\/chillepoxy.com\\\/fr\\\/#organization\",\"name\":\"CHILL EPOXY\u2122\",\"alternateName\":\"High-Quality Canadian-Made Epoxy Resin\",\"url\":\"https:\\\/\\\/chillepoxy.com\\\/fr\\\/\",\"logo\":{\"@type\":\"ImageObject\",\"inLanguage\":\"fr-FR\",\"@id\":\"https:\\\/\\\/chillepoxy.com\\\/fr\\\/#\\\/schema\\\/logo\\\/image\\\/\",\"url\":\"https:\\\/\\\/i0.wp.com\\\/chillepoxy.com\\\/wp-content\\\/uploads\\\/2024\\\/02\\\/polymeres_technologies.png?fit=649%2C649&ssl=1\",\"contentUrl\":\"https:\\\/\\\/i0.wp.com\\\/chillepoxy.com\\\/wp-content\\\/uploads\\\/2024\\\/02\\\/polymeres_technologies.png?fit=649%2C649&ssl=1\",\"width\":649,\"height\":649,\"caption\":\"CHILL EPOXY\u2122\"},\"image\":{\"@id\":\"https:\\\/\\\/chillepoxy.com\\\/fr\\\/#\\\/schema\\\/logo\\\/image\\\/\"},\"sameAs\":[\"https:\\\/\\\/www.facebook.com\\\/polymerestechnologies\\\/\",\"https:\\\/\\\/www.instagram.com\\\/polymeres_technologies\\\/\",\"https:\\\/\\\/www.linkedin.com\\\/company\\\/polymeres-technologies\\\/\",\"https:\\\/\\\/www.youtube.com\\\/channel\\\/UCDaFKmK4Hn3KPKmBaTXWong\"]}]}<\/script>\n<!-- \/ Yoast SEO Premium plugin. -->","yoast_head_json":{"title":"Contenants r\u00e9utilisables pour m\u00e9langer la r\u00e9sine | CHILL EPOXY","description":"Contenants r\u00e9utilisables pour m\u00e9langer la r\u00e9sine. Obtenez des r\u00e9sultats impeccables avec nos contenants de m\u00e9lange pour r\u00e9sine. Durables, faciles \u00e0 utiliser et disponibles en plusieurs tailles.","robots":{"index":"index","follow":"follow","max-snippet":"max-snippet:-1","max-image-preview":"max-image-preview:large","max-video-preview":"max-video-preview:-1"},"canonical":"https:\/\/chillepoxy.com\/fr\/produit\/contenants-conteneurs-de-melange-reutilisables-pour-resine-epoxy\/","og_locale":"fr_FR","og_type":"article","og_title":"Contenants de m\u00e9lange pour r\u00e9sine \u00e9poxy r\u00e9utilisables.","og_description":"Contenants r\u00e9utilisables pour m\u00e9langer la r\u00e9sine. Obtenez des r\u00e9sultats impeccables avec nos contenants de m\u00e9lange pour r\u00e9sine. Durables, faciles \u00e0 utiliser et disponibles en plusieurs tailles.","og_url":"https:\/\/chillepoxy.com\/fr\/produit\/contenants-conteneurs-de-melange-reutilisables-pour-resine-epoxy\/","og_site_name":"CHILL EPOXY","article_publisher":"https:\/\/www.facebook.com\/polymerestechnologies\/","article_modified_time":"2026-03-05T14:19:46+00:00","og_image":[{"width":1920,"height":1440,"url":"https:\/\/chillepoxy.com\/wp-content\/uploads\/2020\/11\/5L-Front.jpg","type":"image\/jpeg"}],"twitter_card":"summary_large_image","twitter_misc":{"Dur\u00e9e de lecture estim\u00e9e":"3 minutes"},"schema":{"@context":"https:\/\/schema.org","@graph":[{"@type":"WebPage","@id":"https:\/\/chillepoxy.com\/fr\/produit\/contenants-conteneurs-de-melange-reutilisables-pour-resine-epoxy\/","url":"https:\/\/chillepoxy.com\/fr\/produit\/contenants-conteneurs-de-melange-reutilisables-pour-resine-epoxy\/","name":"Contenants r\u00e9utilisables pour m\u00e9langer la r\u00e9sine | CHILL EPOXY","isPartOf":{"@id":"https:\/\/chillepoxy.com\/fr\/#website"},"primaryImageOfPage":{"@id":"https:\/\/chillepoxy.com\/fr\/produit\/contenants-conteneurs-de-melange-reutilisables-pour-resine-epoxy\/#primaryimage"},"image":{"@id":"https:\/\/chillepoxy.com\/fr\/produit\/contenants-conteneurs-de-melange-reutilisables-pour-resine-epoxy\/#primaryimage"},"thumbnailUrl":"https:\/\/chillepoxy.com\/wp-content\/uploads\/2020\/11\/5L-Front.jpg","datePublished":"2021-03-17T14:40:57+00:00","dateModified":"2026-03-05T14:19:46+00:00","description":"Contenants r\u00e9utilisables pour m\u00e9langer la r\u00e9sine. Obtenez des r\u00e9sultats impeccables avec nos contenants de m\u00e9lange pour r\u00e9sine. Durables, faciles \u00e0 utiliser et disponibles en plusieurs tailles.","breadcrumb":{"@id":"https:\/\/chillepoxy.com\/fr\/produit\/contenants-conteneurs-de-melange-reutilisables-pour-resine-epoxy\/#breadcrumb"},"inLanguage":"fr-FR","potentialAction":[{"@type":"ReadAction","target":["https:\/\/chillepoxy.com\/fr\/produit\/contenants-conteneurs-de-melange-reutilisables-pour-resine-epoxy\/"]}]},{"@type":"ImageObject","inLanguage":"fr-FR","@id":"https:\/\/chillepoxy.com\/fr\/produit\/contenants-conteneurs-de-melange-reutilisables-pour-resine-epoxy\/#primaryimage","url":"https:\/\/chillepoxy.com\/wp-content\/uploads\/2020\/11\/5L-Front.jpg","contentUrl":"https:\/\/chillepoxy.com\/wp-content\/uploads\/2020\/11\/5L-Front.jpg","width":1920,"height":1440,"caption":"CONTENANTS DE M\u00c9LANGE POUR R\u00c9SINE \u00c9POXY"},{"@type":"BreadcrumbList","@id":"https:\/\/chillepoxy.com\/fr\/produit\/contenants-conteneurs-de-melange-reutilisables-pour-resine-epoxy\/#breadcrumb","itemListElement":[{"@type":"ListItem","position":1,"name":"Home","item":"https:\/\/chillepoxy.com\/fr\/"},{"@type":"ListItem","position":2,"name":"Boutique","item":"https:\/\/chillepoxy.com\/fr\/boutique\/"},{"@type":"ListItem","position":3,"name":"Contenants de m\u00e9lange pour r\u00e9sine \u00e9poxy r\u00e9utilisables."}]},{"@type":"WebSite","@id":"https:\/\/chillepoxy.com\/fr\/#website","url":"https:\/\/chillepoxy.com\/fr\/","name":"CHILL EPOXY\u2122 High-Quality Canadian-Made Epoxy Resin","description":"High-Quality Canadian-Made Epoxy Resin | Casting &amp; Art","publisher":{"@id":"https:\/\/chillepoxy.com\/fr\/#organization"},"alternateName":"High-Quality Epoxy Resin","potentialAction":[{"@type":"SearchAction","target":{"@type":"EntryPoint","urlTemplate":"https:\/\/chillepoxy.com\/fr\/?s={search_term_string}"},"query-input":{"@type":"PropertyValueSpecification","valueRequired":true,"valueName":"search_term_string"}}],"inLanguage":"fr-FR"},{"@type":"Organization","@id":"https:\/\/chillepoxy.com\/fr\/#organization","name":"CHILL EPOXY\u2122","alternateName":"High-Quality Canadian-Made Epoxy Resin","url":"https:\/\/chillepoxy.com\/fr\/","logo":{"@type":"ImageObject","inLanguage":"fr-FR","@id":"https:\/\/chillepoxy.com\/fr\/#\/schema\/logo\/image\/","url":"https:\/\/i0.wp.com\/chillepoxy.com\/wp-content\/uploads\/2024\/02\/polymeres_technologies.png?fit=649%2C649&ssl=1","contentUrl":"https:\/\/i0.wp.com\/chillepoxy.com\/wp-content\/uploads\/2024\/02\/polymeres_technologies.png?fit=649%2C649&ssl=1","width":649,"height":649,"caption":"CHILL EPOXY\u2122"},"image":{"@id":"https:\/\/chillepoxy.com\/fr\/#\/schema\/logo\/image\/"},"sameAs":["https:\/\/www.facebook.com\/polymerestechnologies\/","https:\/\/www.instagram.com\/polymeres_technologies\/","https:\/\/www.linkedin.com\/company\/polymeres-technologies\/","https:\/\/www.youtube.com\/channel\/UCDaFKmK4Hn3KPKmBaTXWong"]}]}},"jetpack_publicize_connections":[],"jetpack_sharing_enabled":true,"jetpack_likes_enabled":false,"_links":{"self":[{"href":"https:\/\/chillepoxy.com\/fr\/wp-json\/wp\/v2\/product\/6471","targetHints":{"allow":["GET"]}}],"collection":[{"href":"https:\/\/chillepoxy.com\/fr\/wp-json\/wp\/v2\/product"}],"about":[{"href":"https:\/\/chillepoxy.com\/fr\/wp-json\/wp\/v2\/types\/product"}],"replies":[{"embeddable":true,"href":"https:\/\/chillepoxy.com\/fr\/wp-json\/wp\/v2\/comments?post=6471"}],"wp:featuredmedia":[{"embeddable":true,"href":"https:\/\/chillepoxy.com\/fr\/wp-json\/wp\/v2\/media\/16378"}],"wp:attachment":[{"href":"https:\/\/chillepoxy.com\/fr\/wp-json\/wp\/v2\/media?parent=6471"}],"wp:term":[{"taxonomy":"product_brand","embeddable":true,"href":"https:\/\/chillepoxy.com\/fr\/wp-json\/wp\/v2\/product_brand?post=6471"},{"taxonomy":"product_cat","embeddable":true,"href":"https:\/\/chillepoxy.com\/fr\/wp-json\/wp\/v2\/product_cat?post=6471"},{"taxonomy":"product_tag","embeddable":true,"href":"https:\/\/chillepoxy.com\/fr\/wp-json\/wp\/v2\/product_tag?post=6471"}],"curies":[{"name":"wp","href":"https:\/\/api.w.org\/{rel}","templated":true}]}}