{"id":6479,"date":"2020-11-24T07:52:11","date_gmt":"2020-11-24T12:52:11","guid":{"rendered":"https:\/\/v2.chillepoxy.com\/shop\/poly-cleaner-nettoyant-pour-resine-ecologique\/"},"modified":"2025-11-25T15:37:38","modified_gmt":"2025-11-25T20:37:38","slug":"nettoyant-dissolvant-ecologique-pour-resine-epoxy","status":"publish","type":"product","link":"https:\/\/chillepoxy.com\/fr\/produit\/nettoyant-dissolvant-ecologique-pour-resine-epoxy\/","title":{"rendered":"Solution Naturelle Non Toxique et \u00c9cologique pour le Nettoyage de R\u00e9sine \u00c9poxy | Sans Solvant | Action Rapide | POLYCLEANER"},"content":{"rendered":"<h2>Solution Naturelle Non Toxique et \u00c9cologique pour le Nettoyage de R\u00e9sine \u00c9poxy | Sans Solvant | Action Rapide | POLYCLEANER<\/h2>\n<p>Non-Toxic &amp; Eco-Friendly Natural Solution for Cleaning Epoxy Resin | Solvent Free | Fast-Acting | POLYCLEANER. Solution naturelle pour nettoyer la r\u00e9sine \u00e9poxy. Une solution douce et efficace pour nettoyer la r\u00e9sine \u00e9poxy. En avez-vous assez d&rsquo;utiliser des produits chimiques durs et toxiques pour nettoyer vos projets en r\u00e9sine \u00e9poxy? Ne cherchez pas plus loin que notre nettoyant pour r\u00e9sine \u00e9poxy respectueux de l&rsquo;environnement! Notre formule est efficace contre la salet\u00e9 et les r\u00e9sidus, tout en \u00e9tant douce pour votre peau et l&rsquo;environnement. Dites adieu aux vapeurs nocives et bonjour \u00e0 un espace de travail propre avec notre nettoyant enti\u00e8rement naturel.<\/p>\n<p>POLY CLEANER\u2122, un nettoyant haute performance sans COV sp\u00e9cialement formul\u00e9 par POLYMERES TECHNOLOGIES INC pour nettoyer facilement les r\u00e9sidus des produits CHILL EPOXY\u2122 Cette formule unique peut nettoyer efficacement tout d\u00e9versement ou trace de r\u00e9sine \u00e9poxy, de polyur\u00e9thane et de silicone sur vos surfaces de travail, comptoirs, planchers et outils.<\/p>\n<p>Le POLY CLEANER\u2122 est une excellente alternative aux produits \u00e0 base de solvants traditionnels tels que l&rsquo;alcool, l&rsquo;ac\u00e9tone, le p\u00e9trole, le white spirit et tout autre produit chimique nocif. Il est plus efficace qu&rsquo;un solvant, mais sans les inconv\u00e9nients. Ce produit puissant non seulement d\u00e9sint\u00e8gre les r\u00e9sidus de r\u00e9sine \u00e9poxy, mais \u00e9limine \u00e9galement les traces de polyur\u00e9thane et de silicone sur vos outils, surfaces de travail et sols. Contrairement \u00e0 d&rsquo;autres nettoyants, le POLY CLEANER\u2122 est formul\u00e9 sans solvants ni COV, tout en conservant son efficacit\u00e9. Si vous vous pr\u00e9occupez de votre empreinte \u00e9cologique, ce nettoyant est la solution parfaite pour vous.<\/p>\n<p>Sa formule unique fonctionne en ramollissant les mol\u00e9cules de r\u00e9sine \u00e9poxy, affaiblissant la liaison et facilitant ainsi l&rsquo;\u00e9limination de la r\u00e9sine \u00e9poxy la plus tenace, m\u00eame apr\u00e8s durcissement.<\/p>\n<h3 style=\"text-align: left;\">Solution Naturelle Non Toxique et \u00c9cologique pour le Nettoyage de R\u00e9sine \u00c9poxy<\/h3>\n<p>Lors de l&rsquo;utilisation de POLY CLEANER\u2122, il est important de porter des gants jetables et des lunettes de protection pour vous prot\u00e9ger. Ce nettoyant puissant peut \u00eatre utilis\u00e9 sur une vari\u00e9t\u00e9 de surfaces, y compris les surfaces de travail, les planchers, les outils et les surfaces en bois. Pour utiliser, appliquez le nettoyant sur un chiffon propre et essuyez la zone tach\u00e9e. Si la r\u00e9sine est presque ou totalement polym\u00e9ris\u00e9e, imbiber un chiffon propre avec le POLY CLEANER\u2122 et le placer sur la zone tach\u00e9e pendant 24 heures \u00e0 22\u00b0C. Apr\u00e8s cette p\u00e9riode, utilisez une spatule en m\u00e9tal pour gratter les r\u00e9sidus de r\u00e9sine. R\u00e9p\u00e9tez le processus si n\u00e9cessaire. Une fois termin\u00e9, assurez-vous d&rsquo;essuyer la surface avec un chiffon sec et propre pour \u00e9liminer tout r\u00e9sidu de POLY CLEANER\u2122 restant. Lisez toujours les instructions de s\u00e9curit\u00e9 avant d&rsquo;utiliser ce produit.<\/p>\n<h3>Solution naturelle pour nettoyer la r\u00e9sine \u00e9poxy<\/h3>\n<p>Caract\u00e9ristiques du produit:<\/p>\n<ul>\n<li style=\"font-weight: 400;\" aria-level=\"1\"><span style=\"font-weight: 400;\">Nettoyant pour r\u00e9sine haute performance<\/span><\/li>\n<li aria-level=\"1\">Id\u00e9al pour \u00e9liminer les traces d&rsquo;\u00e9poxy, de polyur\u00e9thane, de silicone et d&rsquo;autres polym\u00e8res<\/li>\n<li aria-level=\"1\">Nettoie et d\u00e9graisse en une seule \u00e9tape<\/li>\n<li style=\"font-weight: 400;\" aria-level=\"1\"><span style=\"font-weight: 400;\">Sans COV, Ne contient pas de solvant<\/span><\/li>\n<li style=\"font-weight: 400;\" aria-level=\"1\"><span style=\"font-weight: 400;\">Parfum frais d&rsquo;agrumes <\/span><\/li>\n<li aria-level=\"1\">Tr\u00e8s basse viscosit\u00e9<\/li>\n<li style=\"font-weight: 400;\" aria-level=\"1\"><span style=\"font-weight: 400;\">Alternative \u00e9cologique aux solvants et alcools<\/span><\/li>\n<li style=\"font-weight: 400;\" aria-level=\"1\"><span style=\"font-weight: 400;\">Id\u00e9al pour l&rsquo;\u00e9poxy, le polyur\u00e9thane et le silicone<\/span><\/li>\n<\/ul>\n<p>Si vous \u00eates int\u00e9ress\u00e9 \u00e0 en savoir plus sur le POLY CLEANER\u2122 et comment il peut b\u00e9n\u00e9ficier \u00e0 vos projets de r\u00e9sine, n&rsquo;h\u00e9sitez pas \u00e0 nous contacter. Notre \u00e9quipe d&rsquo;experts serait plus qu&rsquo;heureuse de vous fournir des informations suppl\u00e9mentaires et de r\u00e9pondre \u00e0 toutes les questions que vous pourriez avoir. Vous pouvez nous contacter par email \u00e0 l&rsquo;adresse <a href=\"mailto:info@polymerestechnologies.com\" target=\"_new\" rel=\"noopener\">ventes@polymerestechnologies.com.<\/a> Nous sommes impatients de vous entendre et de vous aider \u00e0 trouver la solution parfaite pour vos besoins de nettoyage de r\u00e9sine. Nous vous remercions de consid\u00e9rer le POLY CLEANER\u2122.<\/p>\n","protected":false},"excerpt":{"rendered":"<p>Nettoyant \u00c9poxy \u00c9cologique \u2013 Efficace contre les r\u00e9sidus, doux pour la peau et l\u2019environnement. Parfait pour nettoyer apr\u00e8s vos projets d\u2019\u00e9poxy, cette solution enti\u00e8rement naturelle \u00e9limine la salet\u00e9 sans \u00e9manations agressives. Id\u00e9al pour les projets DIY, du travail du bois \u00e0 la cr\u00e9ation de bijoux, c\u2019est un nettoyant polyvalent et \u00e9conomique pour tout espace de travail.  <\/p>\n","protected":false},"featured_media":27769,"comment_status":"open","ping_status":"closed","template":"","meta":{"jetpack_publicize_message":"","jetpack_publicize_feature_enabled":true,"jetpack_social_post_already_shared":false,"jetpack_social_options":{"image_generator_settings":{"template":"highway","default_image_id":0,"font":"","enabled":false},"version":2}},"product_brand":[],"product_cat":[88,1431,89],"product_tag":[380,1123,378,381],"class_list":{"0":"post-6479","1":"product","2":"type-product","3":"status-publish","4":"has-post-thumbnail","6":"product_cat-accessoires-fr","7":"product_cat-accessoires-de-revetement","8":"product_cat-nettoyant-a-resine","9":"product_tag-nettoyant-a-base-de-solvant","10":"product_tag-nettoyant-pour-deversement-de-resine","11":"product_tag-nettoyant-pour-resine","12":"product_tag-nettoyant-resine-ecologique","14":"first","15":"instock","16":"featured","17":"taxable","18":"shipping-taxable","19":"purchasable","20":"product-type-simple"},"yoast_head":"<!-- This site is optimized with the Yoast SEO Premium plugin v27.4 (Yoast SEO v27.4) - https:\/\/yoast.com\/product\/yoast-seo-premium-wordpress\/ -->\n<title>Solution Non Toxique et \u00c9cologique pour le Nettoyage de R\u00e9sine \u00c9poxy | CHILL EPOXY<\/title>\n<meta name=\"description\" content=\"Solution Naturelle Non Toxique et \u00c9cologique pour le Nettoyage de R\u00e9sine \u00c9poxy. Une formule puissante, enti\u00e8rement naturelle, pour \u00e9liminer les r\u00e9sidus et salet\u00e9s d\u2019\u00e9poxy.\" \/>\n<meta name=\"robots\" content=\"index, follow, max-snippet:-1, max-image-preview:large, max-video-preview:-1\" \/>\n<link rel=\"canonical\" href=\"https:\/\/chillepoxy.com\/fr\/produit\/nettoyant-dissolvant-ecologique-pour-resine-epoxy\/\" \/>\n<meta property=\"og:locale\" content=\"fr_FR\" \/>\n<meta property=\"og:type\" content=\"article\" \/>\n<meta property=\"og:title\" content=\"Solution Naturelle Non Toxique et \u00c9cologique pour le Nettoyage de R\u00e9sine \u00c9poxy | Sans Solvant | Action Rapide | POLYCLEANER\" \/>\n<meta property=\"og:description\" content=\"Solution Naturelle Non Toxique et \u00c9cologique pour le Nettoyage de R\u00e9sine \u00c9poxy. Une formule puissante, enti\u00e8rement naturelle, pour \u00e9liminer les r\u00e9sidus et salet\u00e9s d\u2019\u00e9poxy.\" \/>\n<meta property=\"og:url\" content=\"https:\/\/chillepoxy.com\/fr\/produit\/nettoyant-dissolvant-ecologique-pour-resine-epoxy\/\" \/>\n<meta property=\"og:site_name\" content=\"CHILL EPOXY\" \/>\n<meta property=\"article:publisher\" content=\"https:\/\/www.facebook.com\/polymerestechnologies\/\" \/>\n<meta property=\"article:modified_time\" content=\"2025-11-25T20:37:38+00:00\" \/>\n<meta property=\"og:image\" content=\"https:\/\/chillepoxy.com\/wp-content\/uploads\/2020\/11\/Natural-Solution-for-Cleaning-Epoxy-Resin.jpg\" \/>\n\t<meta property=\"og:image:width\" content=\"1920\" \/>\n\t<meta property=\"og:image:height\" content=\"1920\" \/>\n\t<meta property=\"og:image:type\" content=\"image\/jpeg\" \/>\n<meta name=\"twitter:card\" content=\"summary_large_image\" \/>\n<meta name=\"twitter:label1\" content=\"Dur\u00e9e de lecture estim\u00e9e\" \/>\n\t<meta name=\"twitter:data1\" content=\"1 minute\" \/>\n<script type=\"application\/ld+json\" class=\"yoast-schema-graph\">{\"@context\":\"https:\\\/\\\/schema.org\",\"@graph\":[{\"@type\":\"WebPage\",\"@id\":\"https:\\\/\\\/chillepoxy.com\\\/fr\\\/produit\\\/nettoyant-dissolvant-ecologique-pour-resine-epoxy\\\/\",\"url\":\"https:\\\/\\\/chillepoxy.com\\\/fr\\\/produit\\\/nettoyant-dissolvant-ecologique-pour-resine-epoxy\\\/\",\"name\":\"Solution Non Toxique et \u00c9cologique pour le Nettoyage de R\u00e9sine \u00c9poxy | CHILL EPOXY\",\"isPartOf\":{\"@id\":\"https:\\\/\\\/chillepoxy.com\\\/fr\\\/#website\"},\"primaryImageOfPage\":{\"@id\":\"https:\\\/\\\/chillepoxy.com\\\/fr\\\/produit\\\/nettoyant-dissolvant-ecologique-pour-resine-epoxy\\\/#primaryimage\"},\"image\":{\"@id\":\"https:\\\/\\\/chillepoxy.com\\\/fr\\\/produit\\\/nettoyant-dissolvant-ecologique-pour-resine-epoxy\\\/#primaryimage\"},\"thumbnailUrl\":\"https:\\\/\\\/chillepoxy.com\\\/wp-content\\\/uploads\\\/2020\\\/11\\\/Natural-Solution-for-Cleaning-Epoxy-Resin.jpg\",\"datePublished\":\"2020-11-24T12:52:11+00:00\",\"dateModified\":\"2025-11-25T20:37:38+00:00\",\"description\":\"Solution Naturelle Non Toxique et \u00c9cologique pour le Nettoyage de R\u00e9sine \u00c9poxy. Une formule puissante, enti\u00e8rement naturelle, pour \u00e9liminer les r\u00e9sidus et salet\u00e9s d\u2019\u00e9poxy.\",\"breadcrumb\":{\"@id\":\"https:\\\/\\\/chillepoxy.com\\\/fr\\\/produit\\\/nettoyant-dissolvant-ecologique-pour-resine-epoxy\\\/#breadcrumb\"},\"inLanguage\":\"fr-FR\",\"potentialAction\":[{\"@type\":\"ReadAction\",\"target\":[\"https:\\\/\\\/chillepoxy.com\\\/fr\\\/produit\\\/nettoyant-dissolvant-ecologique-pour-resine-epoxy\\\/\"]}]},{\"@type\":\"ImageObject\",\"inLanguage\":\"fr-FR\",\"@id\":\"https:\\\/\\\/chillepoxy.com\\\/fr\\\/produit\\\/nettoyant-dissolvant-ecologique-pour-resine-epoxy\\\/#primaryimage\",\"url\":\"https:\\\/\\\/chillepoxy.com\\\/wp-content\\\/uploads\\\/2020\\\/11\\\/Natural-Solution-for-Cleaning-Epoxy-Resin.jpg\",\"contentUrl\":\"https:\\\/\\\/chillepoxy.com\\\/wp-content\\\/uploads\\\/2020\\\/11\\\/Natural-Solution-for-Cleaning-Epoxy-Resin.jpg\",\"width\":1920,\"height\":1920,\"caption\":\"Solution Naturelle Non Toxique et \u00c9cologique pour le Nettoyage de R\u00e9sine \u00c9poxy\"},{\"@type\":\"BreadcrumbList\",\"@id\":\"https:\\\/\\\/chillepoxy.com\\\/fr\\\/produit\\\/nettoyant-dissolvant-ecologique-pour-resine-epoxy\\\/#breadcrumb\",\"itemListElement\":[{\"@type\":\"ListItem\",\"position\":1,\"name\":\"Home\",\"item\":\"https:\\\/\\\/chillepoxy.com\\\/fr\\\/\"},{\"@type\":\"ListItem\",\"position\":2,\"name\":\"Boutique\",\"item\":\"https:\\\/\\\/chillepoxy.com\\\/fr\\\/boutique\\\/\"},{\"@type\":\"ListItem\",\"position\":3,\"name\":\"Solution Naturelle Non Toxique et \u00c9cologique pour le Nettoyage de R\u00e9sine \u00c9poxy | Sans Solvant | Action Rapide | POLYCLEANER\"}]},{\"@type\":\"WebSite\",\"@id\":\"https:\\\/\\\/chillepoxy.com\\\/fr\\\/#website\",\"url\":\"https:\\\/\\\/chillepoxy.com\\\/fr\\\/\",\"name\":\"CHILL EPOXY\u2122 High-Quality Canadian-Made Epoxy Resin\",\"description\":\"High-Quality Canadian-Made Epoxy Resin | Casting &amp; Art\",\"publisher\":{\"@id\":\"https:\\\/\\\/chillepoxy.com\\\/fr\\\/#organization\"},\"alternateName\":\"High-Quality Epoxy Resin\",\"potentialAction\":[{\"@type\":\"SearchAction\",\"target\":{\"@type\":\"EntryPoint\",\"urlTemplate\":\"https:\\\/\\\/chillepoxy.com\\\/fr\\\/?s={search_term_string}\"},\"query-input\":{\"@type\":\"PropertyValueSpecification\",\"valueRequired\":true,\"valueName\":\"search_term_string\"}}],\"inLanguage\":\"fr-FR\"},{\"@type\":\"Organization\",\"@id\":\"https:\\\/\\\/chillepoxy.com\\\/fr\\\/#organization\",\"name\":\"CHILL EPOXY\u2122\",\"alternateName\":\"High-Quality Canadian-Made Epoxy Resin\",\"url\":\"https:\\\/\\\/chillepoxy.com\\\/fr\\\/\",\"logo\":{\"@type\":\"ImageObject\",\"inLanguage\":\"fr-FR\",\"@id\":\"https:\\\/\\\/chillepoxy.com\\\/fr\\\/#\\\/schema\\\/logo\\\/image\\\/\",\"url\":\"https:\\\/\\\/i0.wp.com\\\/chillepoxy.com\\\/wp-content\\\/uploads\\\/2024\\\/02\\\/polymeres_technologies.png?fit=649%2C649&ssl=1\",\"contentUrl\":\"https:\\\/\\\/i0.wp.com\\\/chillepoxy.com\\\/wp-content\\\/uploads\\\/2024\\\/02\\\/polymeres_technologies.png?fit=649%2C649&ssl=1\",\"width\":649,\"height\":649,\"caption\":\"CHILL EPOXY\u2122\"},\"image\":{\"@id\":\"https:\\\/\\\/chillepoxy.com\\\/fr\\\/#\\\/schema\\\/logo\\\/image\\\/\"},\"sameAs\":[\"https:\\\/\\\/www.facebook.com\\\/polymerestechnologies\\\/\",\"https:\\\/\\\/www.instagram.com\\\/polymeres_technologies\\\/\",\"https:\\\/\\\/www.linkedin.com\\\/company\\\/polymeres-technologies\\\/\",\"https:\\\/\\\/www.youtube.com\\\/channel\\\/UCDaFKmK4Hn3KPKmBaTXWong\"]}]}<\/script>\n<!-- \/ Yoast SEO Premium plugin. -->","yoast_head_json":{"title":"Solution Non Toxique et \u00c9cologique pour le Nettoyage de R\u00e9sine \u00c9poxy | CHILL EPOXY","description":"Solution Naturelle Non Toxique et \u00c9cologique pour le Nettoyage de R\u00e9sine \u00c9poxy. Une formule puissante, enti\u00e8rement naturelle, pour \u00e9liminer les r\u00e9sidus et salet\u00e9s d\u2019\u00e9poxy.","robots":{"index":"index","follow":"follow","max-snippet":"max-snippet:-1","max-image-preview":"max-image-preview:large","max-video-preview":"max-video-preview:-1"},"canonical":"https:\/\/chillepoxy.com\/fr\/produit\/nettoyant-dissolvant-ecologique-pour-resine-epoxy\/","og_locale":"fr_FR","og_type":"article","og_title":"Solution Naturelle Non Toxique et \u00c9cologique pour le Nettoyage de R\u00e9sine \u00c9poxy | Sans Solvant | Action Rapide | POLYCLEANER","og_description":"Solution Naturelle Non Toxique et \u00c9cologique pour le Nettoyage de R\u00e9sine \u00c9poxy. Une formule puissante, enti\u00e8rement naturelle, pour \u00e9liminer les r\u00e9sidus et salet\u00e9s d\u2019\u00e9poxy.","og_url":"https:\/\/chillepoxy.com\/fr\/produit\/nettoyant-dissolvant-ecologique-pour-resine-epoxy\/","og_site_name":"CHILL EPOXY","article_publisher":"https:\/\/www.facebook.com\/polymerestechnologies\/","article_modified_time":"2025-11-25T20:37:38+00:00","og_image":[{"width":1920,"height":1920,"url":"https:\/\/chillepoxy.com\/wp-content\/uploads\/2020\/11\/Natural-Solution-for-Cleaning-Epoxy-Resin.jpg","type":"image\/jpeg"}],"twitter_card":"summary_large_image","twitter_misc":{"Dur\u00e9e de lecture estim\u00e9e":"1 minute"},"schema":{"@context":"https:\/\/schema.org","@graph":[{"@type":"WebPage","@id":"https:\/\/chillepoxy.com\/fr\/produit\/nettoyant-dissolvant-ecologique-pour-resine-epoxy\/","url":"https:\/\/chillepoxy.com\/fr\/produit\/nettoyant-dissolvant-ecologique-pour-resine-epoxy\/","name":"Solution Non Toxique et \u00c9cologique pour le Nettoyage de R\u00e9sine \u00c9poxy | CHILL EPOXY","isPartOf":{"@id":"https:\/\/chillepoxy.com\/fr\/#website"},"primaryImageOfPage":{"@id":"https:\/\/chillepoxy.com\/fr\/produit\/nettoyant-dissolvant-ecologique-pour-resine-epoxy\/#primaryimage"},"image":{"@id":"https:\/\/chillepoxy.com\/fr\/produit\/nettoyant-dissolvant-ecologique-pour-resine-epoxy\/#primaryimage"},"thumbnailUrl":"https:\/\/chillepoxy.com\/wp-content\/uploads\/2020\/11\/Natural-Solution-for-Cleaning-Epoxy-Resin.jpg","datePublished":"2020-11-24T12:52:11+00:00","dateModified":"2025-11-25T20:37:38+00:00","description":"Solution Naturelle Non Toxique et \u00c9cologique pour le Nettoyage de R\u00e9sine \u00c9poxy. Une formule puissante, enti\u00e8rement naturelle, pour \u00e9liminer les r\u00e9sidus et salet\u00e9s d\u2019\u00e9poxy.","breadcrumb":{"@id":"https:\/\/chillepoxy.com\/fr\/produit\/nettoyant-dissolvant-ecologique-pour-resine-epoxy\/#breadcrumb"},"inLanguage":"fr-FR","potentialAction":[{"@type":"ReadAction","target":["https:\/\/chillepoxy.com\/fr\/produit\/nettoyant-dissolvant-ecologique-pour-resine-epoxy\/"]}]},{"@type":"ImageObject","inLanguage":"fr-FR","@id":"https:\/\/chillepoxy.com\/fr\/produit\/nettoyant-dissolvant-ecologique-pour-resine-epoxy\/#primaryimage","url":"https:\/\/chillepoxy.com\/wp-content\/uploads\/2020\/11\/Natural-Solution-for-Cleaning-Epoxy-Resin.jpg","contentUrl":"https:\/\/chillepoxy.com\/wp-content\/uploads\/2020\/11\/Natural-Solution-for-Cleaning-Epoxy-Resin.jpg","width":1920,"height":1920,"caption":"Solution Naturelle Non Toxique et \u00c9cologique pour le Nettoyage de R\u00e9sine \u00c9poxy"},{"@type":"BreadcrumbList","@id":"https:\/\/chillepoxy.com\/fr\/produit\/nettoyant-dissolvant-ecologique-pour-resine-epoxy\/#breadcrumb","itemListElement":[{"@type":"ListItem","position":1,"name":"Home","item":"https:\/\/chillepoxy.com\/fr\/"},{"@type":"ListItem","position":2,"name":"Boutique","item":"https:\/\/chillepoxy.com\/fr\/boutique\/"},{"@type":"ListItem","position":3,"name":"Solution Naturelle Non Toxique et \u00c9cologique pour le Nettoyage de R\u00e9sine \u00c9poxy | Sans Solvant | Action Rapide | POLYCLEANER"}]},{"@type":"WebSite","@id":"https:\/\/chillepoxy.com\/fr\/#website","url":"https:\/\/chillepoxy.com\/fr\/","name":"CHILL EPOXY\u2122 High-Quality Canadian-Made Epoxy Resin","description":"High-Quality Canadian-Made Epoxy Resin | Casting &amp; Art","publisher":{"@id":"https:\/\/chillepoxy.com\/fr\/#organization"},"alternateName":"High-Quality Epoxy Resin","potentialAction":[{"@type":"SearchAction","target":{"@type":"EntryPoint","urlTemplate":"https:\/\/chillepoxy.com\/fr\/?s={search_term_string}"},"query-input":{"@type":"PropertyValueSpecification","valueRequired":true,"valueName":"search_term_string"}}],"inLanguage":"fr-FR"},{"@type":"Organization","@id":"https:\/\/chillepoxy.com\/fr\/#organization","name":"CHILL EPOXY\u2122","alternateName":"High-Quality Canadian-Made Epoxy Resin","url":"https:\/\/chillepoxy.com\/fr\/","logo":{"@type":"ImageObject","inLanguage":"fr-FR","@id":"https:\/\/chillepoxy.com\/fr\/#\/schema\/logo\/image\/","url":"https:\/\/i0.wp.com\/chillepoxy.com\/wp-content\/uploads\/2024\/02\/polymeres_technologies.png?fit=649%2C649&ssl=1","contentUrl":"https:\/\/i0.wp.com\/chillepoxy.com\/wp-content\/uploads\/2024\/02\/polymeres_technologies.png?fit=649%2C649&ssl=1","width":649,"height":649,"caption":"CHILL EPOXY\u2122"},"image":{"@id":"https:\/\/chillepoxy.com\/fr\/#\/schema\/logo\/image\/"},"sameAs":["https:\/\/www.facebook.com\/polymerestechnologies\/","https:\/\/www.instagram.com\/polymeres_technologies\/","https:\/\/www.linkedin.com\/company\/polymeres-technologies\/","https:\/\/www.youtube.com\/channel\/UCDaFKmK4Hn3KPKmBaTXWong"]}]}},"jetpack_publicize_connections":[],"jetpack_sharing_enabled":true,"jetpack_likes_enabled":false,"_links":{"self":[{"href":"https:\/\/chillepoxy.com\/fr\/wp-json\/wp\/v2\/product\/6479","targetHints":{"allow":["GET"]}}],"collection":[{"href":"https:\/\/chillepoxy.com\/fr\/wp-json\/wp\/v2\/product"}],"about":[{"href":"https:\/\/chillepoxy.com\/fr\/wp-json\/wp\/v2\/types\/product"}],"replies":[{"embeddable":true,"href":"https:\/\/chillepoxy.com\/fr\/wp-json\/wp\/v2\/comments?post=6479"}],"wp:featuredmedia":[{"embeddable":true,"href":"https:\/\/chillepoxy.com\/fr\/wp-json\/wp\/v2\/media\/27769"}],"wp:attachment":[{"href":"https:\/\/chillepoxy.com\/fr\/wp-json\/wp\/v2\/media?parent=6479"}],"wp:term":[{"taxonomy":"product_brand","embeddable":true,"href":"https:\/\/chillepoxy.com\/fr\/wp-json\/wp\/v2\/product_brand?post=6479"},{"taxonomy":"product_cat","embeddable":true,"href":"https:\/\/chillepoxy.com\/fr\/wp-json\/wp\/v2\/product_cat?post=6479"},{"taxonomy":"product_tag","embeddable":true,"href":"https:\/\/chillepoxy.com\/fr\/wp-json\/wp\/v2\/product_tag?post=6479"}],"curies":[{"name":"wp","href":"https:\/\/api.w.org\/{rel}","templated":true}]}}