{"id":6482,"date":"2020-11-24T07:50:21","date_gmt":"2021-03-17T17:08:27","guid":{"rendered":"https:\/\/v2.chillepoxy.com\/shop\/chill-paste-gel-epoxy-thixotropique\/"},"modified":"2026-03-25T12:40:55","modified_gmt":"2026-03-25T16:40:55","slug":"epoxy-gel-paste-for-repair-and-design","status":"publish","type":"product","link":"https:\/\/chillepoxy.com\/fr\/produit\/epoxy-gel-paste-for-repair-and-design\/","title":{"rendered":"P\u00e2te Gel \u00c9poxy pour R\u00e9paration et Design"},"content":{"rendered":"<h1>P\u00e2te Gel \u00c9poxy pour R\u00e9paration<\/h1>\n<p>P\u00e2te Gel \u00c9poxy pour R\u00e9paration et Design. En avez-vous assez d&rsquo;utiliser des produits qui ne donnent pas le r\u00e9sultat parfait pour vos besoins de conception et de r\u00e9paration? Ne cherchez plus, car la P\u00e2te \u00c9poxy CHILL PASTE\u2122 est l\u00e0 pour sauver la situation! Avec ses caract\u00e9ristiques uniques, cette p\u00e2te \u00e9poxy est s\u00fbre de r\u00e9pondre \u00e0 vos attentes et de les d\u00e9passer. En plus de ses capacit\u00e9s de r\u00e9paration, cette p\u00e2te \u00e9poxy est \u00e9galement un excellent outil de conception. Sa consistance thixotrope permet une application et un fa\u00e7onnage facile, en en faisant un produit parfait pour une gamme de projets DIY, y compris les sculptures, les mod\u00e8les et les prototypes. Gr\u00e2ce \u00e0 sa conception facile \u00e0 utiliser, vous pouvez cr\u00e9er des formes et des designs complexes qui ne manqueront pas d&rsquo;impressionner.<\/p>\n<h2>R\u00e9paration de bois et cr\u00e9ation d&rsquo;effets 3D<\/h2>\n<p>La P\u00e2te \u00c9poxy CHILL PASTE\u2122 est une p\u00e2te \u00e9poxy 100% solide, thixotrope et \u00e0 haute densit\u00e9, parfaite pour r\u00e9parer le bois ou cr\u00e9er des effets 3D \u00e9poustouflants sur des toiles. Sa haute viscosit\u00e9 et sa texture semblable \u00e0 un gel la rendent parfaite pour les applications verticales et les toiles. Vous pouvez \u00e9galement l&rsquo;utiliser pour r\u00e9parer des bords endommag\u00e9s et modifier des designs. Ce produit peut \u00eatre utilis\u00e9 comme adh\u00e9sif pour assembler des panneaux de bois, des planches en polyur\u00e9thane et d&rsquo;autres structures.<\/p>\n<h3>Ratio de m\u00e9lange facile et pas de r\u00e9tr\u00e9cissement<\/h3>\n<p>Cette p\u00e2te \u00e9poxy a un ratio de m\u00e9lange facile de 1A\/1B en volume, ce qui la rend facile \u00e0 utiliser pour tous vos besoins de r\u00e9paration et de conception. Il est exempt de COV, sans odeur et ne r\u00e9tr\u00e9cit pas, ce qui en fait un choix id\u00e9al pour les applications int\u00e9rieures et ext\u00e9rieures. Son processus de pon\u00e7age rapide et facile garantit que vous obtenez la finition parfaite \u00e0 chaque fois.<\/p>\n<h3>Temps de prise court et excellente stabilit\u00e9 thermique<\/h3>\n<p>La p\u00e2te \u00e9poxy CHILL PASTE\u2122 a un temps de prise court de 60 minutes \u00e0 22\u00b0C, ce qui en fait un excellent choix pour ceux qui veulent des r\u00e9sultats rapides et efficaces. Il a \u00e9galement une excellente stabilit\u00e9 thermique et dimensionnelle, garantissant que vos r\u00e9parations et designs durent longtemps.<\/p>\n<h3>Instructions de pr\u00e9paration et de stockage de la p\u00e2te \u00e9poxy pour la r\u00e9paration et la conception.<\/h3>\n<p>Avant d&rsquo;utiliser la p\u00e2te \u00e9poxy, m\u00e9langez lentement et uniform\u00e9ment 1 volume de la partie A avec 1 volume de la partie B \u00e0 l&rsquo;aide d&rsquo;une spatule en m\u00e9tal pendant 5 \u00e0 10 minutes. Assurez-vous de racler les bords et le fond du contenant. \u00c9tant donn\u00e9 que la dur\u00e9e de vie en pot de ce syst\u00e8me n&rsquo;est que de 60 minutes \u00e0 22\u00b0C, veillez \u00e0 ne pas m\u00e9langer plus de mat\u00e9riau que ce dont vous avez besoin. Stockez CHILL PASTE\u2122 sur une palette ou une \u00e9tag\u00e8re \u00e0 22\u00b0C avec une humidit\u00e9 relative inf\u00e9rieure \u00e0 60%.<\/p>\n<h4><strong><span data-preserver-spaces=\"true\">Caract\u00e9ristiques: <\/span><\/strong><\/h4>\n<ul>\n<li><span data-preserver-spaces=\"true\">Rapport de m\u00e9lange facile de 1A\/1B par volume<\/span><\/li>\n<li><span data-preserver-spaces=\"true\">Sans COV<\/span><\/li>\n<li><span data-preserver-spaces=\"true\">Sans retrait<\/span><\/li>\n<li><span data-preserver-spaces=\"true\">Sans odeur<\/span><\/li>\n<li><span data-preserver-spaces=\"true\">Sablage facile et rapide<\/span><\/li>\n<li><span data-preserver-spaces=\"true\">Temps de prise court de 60 minutes \u00e0 22\u00b0C.<\/span><\/li>\n<li><span data-preserver-spaces=\"true\">Excellente stabilit\u00e9 thermique et dimensionnelle<\/span><\/li>\n<li><span data-preserver-spaces=\"true\">Compatible avec de nombreux rev\u00eatements de surface<\/span><\/li>\n<li><span data-preserver-spaces=\"true\">Adh\u00e9sif parfait pour de nombreux substrats<\/span><\/li>\n<\/ul>\n<h4><strong><span data-preserver-spaces=\"true\">Instructions pour la pr\u00e9paration :<\/span><\/strong><\/h4>\n<p><span data-preserver-spaces=\"true\">Avant d&rsquo;utiliser la p\u00e2te \u00e9poxy CHILL PASTE\u2122, m\u00e9langer 1 volume de partie A avec 1 volume de partie B (ou 100 A pour 89 B au poids). M\u00e9langer lentement et uniform\u00e9ment avec une spatule en m\u00e9tal pendant 5 \u00e0 10 minutes, en veillant \u00e0 racler les bords et le fond du r\u00e9cipient. UTILISATION \u00c9tant donn\u00e9 que la dur\u00e9e de vie en pot de ce syst\u00e8me n&rsquo;est que de 60 minutes \u00e0 22 \u00b0C (72 \u00b0F), assurez-vous de ne pas m\u00e9langer plus de mat\u00e9riau que ce que vous avez appliqu\u00e9 dans ce laps de temps. <\/span><\/p>\n<p><span data-preserver-spaces=\"true\">Il est important de noter que la dur\u00e9e de vie en pot raccourcit dans un environnement plus chaud et s&rsquo;allonge dans un environnement plus frais. Aussi, plus on m\u00e9lange de r\u00e9sine, plus sa dur\u00e9e de vie en pot diminue. Stockage Stocker CHILL PASTE\u2122 sur une palette ou une \u00e9tag\u00e8re \u00e0 22\u00b0C (72\u00b0F) avec une humidit\u00e9 relative inf\u00e9rieure \u00e0 60%. Un environnement froid augmentera la viscosit\u00e9 des pi\u00e8ces A et B, et un environnement chaud la diminuera. Vous pouvez nettoyer le mat\u00e9riau non durci avec de l&rsquo;alcool isopropylique ou avec notre produit \u00e9cologique POLY CLEANER\u2122.<\/span><\/p>\n","protected":false},"excerpt":{"rendered":"<h2>Solution de r\u00e9paration polyvalente et durable<\/h2>\n<p>Cette p\u00e2te \u00e9poxy thixotrope \u00e0 haute densit\u00e9 est la solution id\u00e9ale pour r\u00e9parer une large gamme de surfaces et de mat\u00e9riaux, y compris le m\u00e9tal, le bois, le plastique, et bien plus encore. Gr\u00e2ce \u00e0 sa formule unique, cette p\u00e2te est incroyablement solide et durable, ce qui la rend id\u00e9ale pour des r\u00e9parations \u00e0 long terme qui peuvent r\u00e9sister \u00e0 une utilisation et \u00e0 une usure intensives. La p\u00e2te \u00e9poxy thixotrope \u00e0 haute densit\u00e9 pour r\u00e9paration et design est une excellente solution pour r\u00e9parer diverses surfaces et mat\u00e9riaux, y compris le m\u00e9tal, le bois, le plastique, et bien plus encore. Sa formule unique la rend incroyablement solide et durable, garantissant que toute r\u00e9paration effectu\u00e9e avec cette p\u00e2te durera longtemps, m\u00eame sous une utilisation et une usure intensives.<\/p>\n","protected":false},"featured_media":5399,"comment_status":"open","ping_status":"closed","template":"","meta":{"jetpack_publicize_message":"","jetpack_publicize_feature_enabled":true,"jetpack_social_post_already_shared":true,"jetpack_social_options":{"image_generator_settings":{"template":"highway","default_image_id":0,"font":"","enabled":false},"version":2}},"product_brand":[],"product_cat":[1388,86,1345,1371,83],"product_tag":[389],"class_list":{"0":"post-6482","1":"product","2":"type-product","3":"status-publish","4":"has-post-thumbnail","6":"product_cat-2l-052-gallon-fr","7":"product_cat-adhesifs-epoxy","8":"product_cat-en-soldes","9":"product_cat-offres-speciales","10":"product_cat-resines-epoxy","11":"product_tag-resine-epoxy-epaisse","13":"first","14":"instock","15":"sale","16":"taxable","17":"shipping-taxable","18":"purchasable","19":"product-type-simple"},"yoast_head":"<!-- This site is optimized with the Yoast SEO Premium plugin v27.3 (Yoast SEO v27.3) - https:\/\/yoast.com\/product\/yoast-seo-premium-wordpress\/ -->\n<title>P\u00e2te Gel \u00c9poxy pour R\u00e9paration et Design<\/title>\n<meta name=\"description\" content=\"P\u00e2te Gel \u00c9poxy pour R\u00e9paration et Design. Une p\u00e2te de gel \u00e9poxy efficace pour vos besoins de r\u00e9paration et de design? Essayez notre P\u00e2te \u00c9poxy Thixotrope CHILL\u2122 aujourd&#039;hui.\" \/>\n<meta name=\"robots\" content=\"index, follow, max-snippet:-1, max-image-preview:large, max-video-preview:-1\" \/>\n<link rel=\"canonical\" href=\"https:\/\/chillepoxy.com\/fr\/produit\/epoxy-gel-paste-for-repair-and-design\/\" \/>\n<meta property=\"og:locale\" content=\"fr_FR\" \/>\n<meta property=\"og:type\" content=\"article\" \/>\n<meta property=\"og:title\" content=\"P\u00e2te Gel \u00c9poxy pour R\u00e9paration et Design\" \/>\n<meta property=\"og:description\" content=\"P\u00e2te Gel \u00c9poxy pour R\u00e9paration et Design. Une p\u00e2te de gel \u00e9poxy efficace pour vos besoins de r\u00e9paration et de design? Essayez notre P\u00e2te \u00c9poxy Thixotrope CHILL\u2122 aujourd&#039;hui.\" \/>\n<meta property=\"og:url\" content=\"https:\/\/chillepoxy.com\/fr\/produit\/epoxy-gel-paste-for-repair-and-design\/\" \/>\n<meta property=\"og:site_name\" content=\"CHILL EPOXY\" \/>\n<meta property=\"article:publisher\" content=\"https:\/\/www.facebook.com\/polymerestechnologies\/\" \/>\n<meta property=\"article:modified_time\" content=\"2026-03-25T16:40:55+00:00\" \/>\n<meta property=\"og:image\" content=\"https:\/\/chillepoxy.com\/wp-content\/uploads\/2020\/11\/Sans-titre-1-1.jpg\" \/>\n\t<meta property=\"og:image:width\" content=\"1920\" \/>\n\t<meta property=\"og:image:height\" content=\"1920\" \/>\n\t<meta property=\"og:image:type\" content=\"image\/png\" \/>\n<meta name=\"twitter:card\" content=\"summary_large_image\" \/>\n<meta name=\"twitter:label1\" content=\"Dur\u00e9e de lecture estim\u00e9e\" \/>\n\t<meta name=\"twitter:data1\" content=\"2 minutes\" \/>\n<script type=\"application\/ld+json\" class=\"yoast-schema-graph\">{\"@context\":\"https:\\\/\\\/schema.org\",\"@graph\":[{\"@type\":\"WebPage\",\"@id\":\"https:\\\/\\\/chillepoxy.com\\\/fr\\\/produit\\\/epoxy-gel-paste-for-repair-and-design\\\/\",\"url\":\"https:\\\/\\\/chillepoxy.com\\\/fr\\\/produit\\\/epoxy-gel-paste-for-repair-and-design\\\/\",\"name\":\"P\u00e2te Gel \u00c9poxy pour R\u00e9paration et Design\",\"isPartOf\":{\"@id\":\"https:\\\/\\\/chillepoxy.com\\\/fr\\\/#website\"},\"primaryImageOfPage\":{\"@id\":\"https:\\\/\\\/chillepoxy.com\\\/fr\\\/produit\\\/epoxy-gel-paste-for-repair-and-design\\\/#primaryimage\"},\"image\":{\"@id\":\"https:\\\/\\\/chillepoxy.com\\\/fr\\\/produit\\\/epoxy-gel-paste-for-repair-and-design\\\/#primaryimage\"},\"thumbnailUrl\":\"https:\\\/\\\/chillepoxy.com\\\/wp-content\\\/uploads\\\/2020\\\/11\\\/Sans-titre-1-1.jpg\",\"datePublished\":\"2021-03-17T17:08:27+00:00\",\"dateModified\":\"2026-03-25T16:40:55+00:00\",\"description\":\"P\u00e2te Gel \u00c9poxy pour R\u00e9paration et Design. Une p\u00e2te de gel \u00e9poxy efficace pour vos besoins de r\u00e9paration et de design? Essayez notre P\u00e2te \u00c9poxy Thixotrope CHILL\u2122 aujourd'hui.\",\"breadcrumb\":{\"@id\":\"https:\\\/\\\/chillepoxy.com\\\/fr\\\/produit\\\/epoxy-gel-paste-for-repair-and-design\\\/#breadcrumb\"},\"inLanguage\":\"fr-FR\",\"potentialAction\":[{\"@type\":\"ReadAction\",\"target\":[\"https:\\\/\\\/chillepoxy.com\\\/fr\\\/produit\\\/epoxy-gel-paste-for-repair-and-design\\\/\"]}]},{\"@type\":\"ImageObject\",\"inLanguage\":\"fr-FR\",\"@id\":\"https:\\\/\\\/chillepoxy.com\\\/fr\\\/produit\\\/epoxy-gel-paste-for-repair-and-design\\\/#primaryimage\",\"url\":\"https:\\\/\\\/chillepoxy.com\\\/wp-content\\\/uploads\\\/2020\\\/11\\\/Sans-titre-1-1.jpg\",\"contentUrl\":\"https:\\\/\\\/chillepoxy.com\\\/wp-content\\\/uploads\\\/2020\\\/11\\\/Sans-titre-1-1.jpg\",\"width\":1920,\"height\":1920,\"caption\":\"Epoxy Gel Paste for Repair and Design CHILL EPOXY\"},{\"@type\":\"BreadcrumbList\",\"@id\":\"https:\\\/\\\/chillepoxy.com\\\/fr\\\/produit\\\/epoxy-gel-paste-for-repair-and-design\\\/#breadcrumb\",\"itemListElement\":[{\"@type\":\"ListItem\",\"position\":1,\"name\":\"Home\",\"item\":\"https:\\\/\\\/chillepoxy.com\\\/fr\\\/\"},{\"@type\":\"ListItem\",\"position\":2,\"name\":\"Boutique\",\"item\":\"https:\\\/\\\/chillepoxy.com\\\/fr\\\/boutique\\\/\"},{\"@type\":\"ListItem\",\"position\":3,\"name\":\"P\u00e2te Gel \u00c9poxy pour R\u00e9paration et Design\"}]},{\"@type\":\"WebSite\",\"@id\":\"https:\\\/\\\/chillepoxy.com\\\/fr\\\/#website\",\"url\":\"https:\\\/\\\/chillepoxy.com\\\/fr\\\/\",\"name\":\"CHILL EPOXY\u2122 High-Quality Canadian-Made Epoxy Resin\",\"description\":\"High-Quality Canadian-Made Epoxy Resin | Casting &amp; Art\",\"publisher\":{\"@id\":\"https:\\\/\\\/chillepoxy.com\\\/fr\\\/#organization\"},\"alternateName\":\"High-Quality Epoxy Resin\",\"potentialAction\":[{\"@type\":\"SearchAction\",\"target\":{\"@type\":\"EntryPoint\",\"urlTemplate\":\"https:\\\/\\\/chillepoxy.com\\\/fr\\\/?s={search_term_string}\"},\"query-input\":{\"@type\":\"PropertyValueSpecification\",\"valueRequired\":true,\"valueName\":\"search_term_string\"}}],\"inLanguage\":\"fr-FR\"},{\"@type\":\"Organization\",\"@id\":\"https:\\\/\\\/chillepoxy.com\\\/fr\\\/#organization\",\"name\":\"CHILL EPOXY\u2122\",\"alternateName\":\"High-Quality Canadian-Made Epoxy Resin\",\"url\":\"https:\\\/\\\/chillepoxy.com\\\/fr\\\/\",\"logo\":{\"@type\":\"ImageObject\",\"inLanguage\":\"fr-FR\",\"@id\":\"https:\\\/\\\/chillepoxy.com\\\/fr\\\/#\\\/schema\\\/logo\\\/image\\\/\",\"url\":\"https:\\\/\\\/i0.wp.com\\\/chillepoxy.com\\\/wp-content\\\/uploads\\\/2024\\\/02\\\/polymeres_technologies.png?fit=649%2C649&ssl=1\",\"contentUrl\":\"https:\\\/\\\/i0.wp.com\\\/chillepoxy.com\\\/wp-content\\\/uploads\\\/2024\\\/02\\\/polymeres_technologies.png?fit=649%2C649&ssl=1\",\"width\":649,\"height\":649,\"caption\":\"CHILL EPOXY\u2122\"},\"image\":{\"@id\":\"https:\\\/\\\/chillepoxy.com\\\/fr\\\/#\\\/schema\\\/logo\\\/image\\\/\"},\"sameAs\":[\"https:\\\/\\\/www.facebook.com\\\/polymerestechnologies\\\/\",\"https:\\\/\\\/www.instagram.com\\\/polymeres_technologies\\\/\",\"https:\\\/\\\/www.linkedin.com\\\/company\\\/polymeres-technologies\\\/\",\"https:\\\/\\\/www.youtube.com\\\/channel\\\/UCDaFKmK4Hn3KPKmBaTXWong\"]}]}<\/script>\n<!-- \/ Yoast SEO Premium plugin. -->","yoast_head_json":{"title":"P\u00e2te Gel \u00c9poxy pour R\u00e9paration et Design","description":"P\u00e2te Gel \u00c9poxy pour R\u00e9paration et Design. Une p\u00e2te de gel \u00e9poxy efficace pour vos besoins de r\u00e9paration et de design? Essayez notre P\u00e2te \u00c9poxy Thixotrope CHILL\u2122 aujourd'hui.","robots":{"index":"index","follow":"follow","max-snippet":"max-snippet:-1","max-image-preview":"max-image-preview:large","max-video-preview":"max-video-preview:-1"},"canonical":"https:\/\/chillepoxy.com\/fr\/produit\/epoxy-gel-paste-for-repair-and-design\/","og_locale":"fr_FR","og_type":"article","og_title":"P\u00e2te Gel \u00c9poxy pour R\u00e9paration et Design","og_description":"P\u00e2te Gel \u00c9poxy pour R\u00e9paration et Design. Une p\u00e2te de gel \u00e9poxy efficace pour vos besoins de r\u00e9paration et de design? Essayez notre P\u00e2te \u00c9poxy Thixotrope CHILL\u2122 aujourd'hui.","og_url":"https:\/\/chillepoxy.com\/fr\/produit\/epoxy-gel-paste-for-repair-and-design\/","og_site_name":"CHILL EPOXY","article_publisher":"https:\/\/www.facebook.com\/polymerestechnologies\/","article_modified_time":"2026-03-25T16:40:55+00:00","og_image":[{"width":1920,"height":1920,"url":"https:\/\/chillepoxy.com\/wp-content\/uploads\/2020\/11\/Sans-titre-1-1.jpg","type":"image\/png"}],"twitter_card":"summary_large_image","twitter_misc":{"Dur\u00e9e de lecture estim\u00e9e":"2 minutes"},"schema":{"@context":"https:\/\/schema.org","@graph":[{"@type":"WebPage","@id":"https:\/\/chillepoxy.com\/fr\/produit\/epoxy-gel-paste-for-repair-and-design\/","url":"https:\/\/chillepoxy.com\/fr\/produit\/epoxy-gel-paste-for-repair-and-design\/","name":"P\u00e2te Gel \u00c9poxy pour R\u00e9paration et Design","isPartOf":{"@id":"https:\/\/chillepoxy.com\/fr\/#website"},"primaryImageOfPage":{"@id":"https:\/\/chillepoxy.com\/fr\/produit\/epoxy-gel-paste-for-repair-and-design\/#primaryimage"},"image":{"@id":"https:\/\/chillepoxy.com\/fr\/produit\/epoxy-gel-paste-for-repair-and-design\/#primaryimage"},"thumbnailUrl":"https:\/\/chillepoxy.com\/wp-content\/uploads\/2020\/11\/Sans-titre-1-1.jpg","datePublished":"2021-03-17T17:08:27+00:00","dateModified":"2026-03-25T16:40:55+00:00","description":"P\u00e2te Gel \u00c9poxy pour R\u00e9paration et Design. Une p\u00e2te de gel \u00e9poxy efficace pour vos besoins de r\u00e9paration et de design? Essayez notre P\u00e2te \u00c9poxy Thixotrope CHILL\u2122 aujourd'hui.","breadcrumb":{"@id":"https:\/\/chillepoxy.com\/fr\/produit\/epoxy-gel-paste-for-repair-and-design\/#breadcrumb"},"inLanguage":"fr-FR","potentialAction":[{"@type":"ReadAction","target":["https:\/\/chillepoxy.com\/fr\/produit\/epoxy-gel-paste-for-repair-and-design\/"]}]},{"@type":"ImageObject","inLanguage":"fr-FR","@id":"https:\/\/chillepoxy.com\/fr\/produit\/epoxy-gel-paste-for-repair-and-design\/#primaryimage","url":"https:\/\/chillepoxy.com\/wp-content\/uploads\/2020\/11\/Sans-titre-1-1.jpg","contentUrl":"https:\/\/chillepoxy.com\/wp-content\/uploads\/2020\/11\/Sans-titre-1-1.jpg","width":1920,"height":1920,"caption":"Epoxy Gel Paste for Repair and Design CHILL EPOXY"},{"@type":"BreadcrumbList","@id":"https:\/\/chillepoxy.com\/fr\/produit\/epoxy-gel-paste-for-repair-and-design\/#breadcrumb","itemListElement":[{"@type":"ListItem","position":1,"name":"Home","item":"https:\/\/chillepoxy.com\/fr\/"},{"@type":"ListItem","position":2,"name":"Boutique","item":"https:\/\/chillepoxy.com\/fr\/boutique\/"},{"@type":"ListItem","position":3,"name":"P\u00e2te Gel \u00c9poxy pour R\u00e9paration et Design"}]},{"@type":"WebSite","@id":"https:\/\/chillepoxy.com\/fr\/#website","url":"https:\/\/chillepoxy.com\/fr\/","name":"CHILL EPOXY\u2122 High-Quality Canadian-Made Epoxy Resin","description":"High-Quality Canadian-Made Epoxy Resin | Casting &amp; Art","publisher":{"@id":"https:\/\/chillepoxy.com\/fr\/#organization"},"alternateName":"High-Quality Epoxy Resin","potentialAction":[{"@type":"SearchAction","target":{"@type":"EntryPoint","urlTemplate":"https:\/\/chillepoxy.com\/fr\/?s={search_term_string}"},"query-input":{"@type":"PropertyValueSpecification","valueRequired":true,"valueName":"search_term_string"}}],"inLanguage":"fr-FR"},{"@type":"Organization","@id":"https:\/\/chillepoxy.com\/fr\/#organization","name":"CHILL EPOXY\u2122","alternateName":"High-Quality Canadian-Made Epoxy Resin","url":"https:\/\/chillepoxy.com\/fr\/","logo":{"@type":"ImageObject","inLanguage":"fr-FR","@id":"https:\/\/chillepoxy.com\/fr\/#\/schema\/logo\/image\/","url":"https:\/\/i0.wp.com\/chillepoxy.com\/wp-content\/uploads\/2024\/02\/polymeres_technologies.png?fit=649%2C649&ssl=1","contentUrl":"https:\/\/i0.wp.com\/chillepoxy.com\/wp-content\/uploads\/2024\/02\/polymeres_technologies.png?fit=649%2C649&ssl=1","width":649,"height":649,"caption":"CHILL EPOXY\u2122"},"image":{"@id":"https:\/\/chillepoxy.com\/fr\/#\/schema\/logo\/image\/"},"sameAs":["https:\/\/www.facebook.com\/polymerestechnologies\/","https:\/\/www.instagram.com\/polymeres_technologies\/","https:\/\/www.linkedin.com\/company\/polymeres-technologies\/","https:\/\/www.youtube.com\/channel\/UCDaFKmK4Hn3KPKmBaTXWong"]}]}},"jetpack_publicize_connections":[],"jetpack_sharing_enabled":true,"jetpack_likes_enabled":false,"_links":{"self":[{"href":"https:\/\/chillepoxy.com\/fr\/wp-json\/wp\/v2\/product\/6482","targetHints":{"allow":["GET"]}}],"collection":[{"href":"https:\/\/chillepoxy.com\/fr\/wp-json\/wp\/v2\/product"}],"about":[{"href":"https:\/\/chillepoxy.com\/fr\/wp-json\/wp\/v2\/types\/product"}],"replies":[{"embeddable":true,"href":"https:\/\/chillepoxy.com\/fr\/wp-json\/wp\/v2\/comments?post=6482"}],"wp:featuredmedia":[{"embeddable":true,"href":"https:\/\/chillepoxy.com\/fr\/wp-json\/wp\/v2\/media\/5399"}],"wp:attachment":[{"href":"https:\/\/chillepoxy.com\/fr\/wp-json\/wp\/v2\/media?parent=6482"}],"wp:term":[{"taxonomy":"product_brand","embeddable":true,"href":"https:\/\/chillepoxy.com\/fr\/wp-json\/wp\/v2\/product_brand?post=6482"},{"taxonomy":"product_cat","embeddable":true,"href":"https:\/\/chillepoxy.com\/fr\/wp-json\/wp\/v2\/product_cat?post=6482"},{"taxonomy":"product_tag","embeddable":true,"href":"https:\/\/chillepoxy.com\/fr\/wp-json\/wp\/v2\/product_tag?post=6482"}],"curies":[{"name":"wp","href":"https:\/\/api.w.org\/{rel}","templated":true}]}}