{"id":6488,"date":"2020-11-24T07:32:38","date_gmt":"2021-03-17T18:16:27","guid":{"rendered":"https:\/\/v2.chillepoxy.com\/shop\/applicateur-p-tec-8400-a-deux-composants-capacite-double-de-la-cartouche-rapport-de-melange-11\/"},"modified":"2025-09-12T08:29:48","modified_gmt":"2025-09-12T12:29:48","slug":"manual-resin-applicator-gun-400ml","status":"publish","type":"product","link":"https:\/\/chillepoxy.com\/fr\/produit\/manual-resin-applicator-gun-400ml\/","title":{"rendered":"Pistolet applicateur manuel bi-composant"},"content":{"rendered":"<h2>Pistolet applicateur manuel bi-composant 400mL<\/h2>\n<p>  Pistolet applicateur manuel bi-composant. \u00cates-vous fatigu\u00e9 des r\u00e9sines sales et in\u00e9gales sur vos projets? Notre Pistolet Applicateur de R\u00e9sine Manuel 400 mL est la solution id\u00e9ale pour vous donner une r\u00e9sine lisse et uniforme \u00e0 chaque fois La capacit\u00e9 de 400mL de notre pistolet vous permet de travailler sur de grandes surfaces sans avoir besoin de vous arr\u00eater pour remplir \u00e0 nouveau La prise en main confortable de notre pistolet vous permet \u00e9galement de travailler sur votre projet sans ressentir de fatigue dans les mains. Dites au revoir \u00e0 la frustration des r\u00e9sines in\u00e9gales et sales et bonjour \u00e0 une finition parfaitement lisse et professionnelle avec notre Pistolet Applicateur de R\u00e9sine Manuel Pistolet Applicateur de R\u00e9sine Manuel Durable et Facile \u00e0 Nettoyer Le Pistolet Applicateur de R\u00e9sine Manuel est fabriqu\u00e9 \u00e0 partir de mat\u00e9riaux de haute qualit\u00e9 qui assurent une durabilit\u00e9 et une utilisation de longue dur\u00e9e. Il est con\u00e7u pour r\u00e9sister aux conditions difficiles d&rsquo;une utilisation r\u00e9guli\u00e8re sans compromettre ses performances. De plus, nettoyer le pistolet est un jeu d&rsquo;enfant car il se d\u00e9monte facilement et est con\u00e7u pour \u00eatre lav\u00e9 \u00e0 l&rsquo;eau chaude savonneuse. Notre pistolet manuel d&rsquo;application de r\u00e9sine vous fait gagner du temps et de l&rsquo;argent en vous fournissant un outil fiable et facile \u00e0 entretenir.  <\/p>\n<h2>Fusil Applicateur 2-composante pour Mastic \u00e0 bois P-TEC 8400\u2122<\/h2>\n<p>  R\u00e9parations de bois pr\u00e9cises et efficaces avec l&rsquo;applicateur de mastic \u00e0 bois en deux parties Contr\u00f4lez pr\u00e9cis\u00e9ment vos projets de r\u00e9paration de bois avec notre applicateur de mastic \u00e0 bois en deux parties \u00e0 double composant P-TEC 8400\u2122. L&rsquo;applicateur d&rsquo;\u00e9poxy bicomposant est con\u00e7u pour contenir des cartouches P-TEC 8400 de 400 ml (1:1) et a un rapport de pouss\u00e9e de 1:1, ce qui le rend parfait pour l&rsquo;application d&rsquo;\u00e9poxy de haute viscosit\u00e9 et d&rsquo;autres adh\u00e9sifs \u00c0 chaque pression sur la g\u00e2chette, les cartouches avancent de 3,5 mm, vous donnant un contr\u00f4le pr\u00e9cis sur la quantit\u00e9 de produit distribu\u00e9e. La vis r\u00e9glable vous permet \u00e9galement de contr\u00f4ler la taille du bourrelet, garantissant ainsi une finition professionnelle pour vos projets de r\u00e9paration du bois.  <\/p>\n<h3>Applicateur de Mastic \u00e0 Bois \u00e0 Deux Parties Durable et Facile \u00e0 Utiliser<\/h3>\n<p>  Notre mastic \u00e0 bois \u00e0 deux composants P-TEC 8400\u2122 Applicateur est fabriqu\u00e9 \u00e0 partir de mat\u00e9riaux durables qui garantissent une utilisation de longue dur\u00e9e. Il est \u00e9quip\u00e9 de sangles composites, de bretelles et d&rsquo;une poign\u00e9e en aluminium de haute r\u00e9sistance pour une durabilit\u00e9 accrue. L&rsquo;applicateur est con\u00e7u pour \u00eatre facile \u00e0 utiliser, et les plaques de pr\u00e9hension en acier et le disque poussoir rendent le changement de cartouche un jeu d&rsquo;enfant. La vis de r\u00e9glage vous permet \u00e9galement de contr\u00f4ler le d\u00e9bit du produit, garantissant que vous obtenez la quantit\u00e9 parfaite de produit pour votre projet \u00e0 chaque fois. \u00ab\u00a0Sustainable and Versatile Wood Filler Paste for All Wood Types P-TEC 8400\u2122 is a sustainable, two-part wood filler and repair paste that is perfect for restoring damaged wood surfaces and natural flaws\u00a0\u00bb translates to \u00ab\u00a0P\u00e2te de Mastic \u00e0 Bois Durable et Polyvalente pour Tous les Types de Bois P-TEC 8400\u2122 est un mastic et une p\u00e2te de r\u00e9paration \u00e0 deux composants durables et durables qui conviennent parfaitement pour restaurer les surfaces en bois endommag\u00e9es et les d\u00e9fauts naturels. La formule de polyur\u00e9thane 100% solide, thixotrope et \u00e0 faible densit\u00e9 est compatible avec tous les types de bois, y compris le noyer, l&rsquo;\u00e9rable, le mahogany, le c\u00e8dre, le ch\u00eane, le fr\u00eane, le tilleul et m\u00eame les bois exotiques. Notre p\u00e2te de remplissage pour le bois est fabriqu\u00e9e dans un souci de durabilit\u00e9, ce qui en fait un choix respectueux de l&rsquo;environnement pour les r\u00e9parations du bois.  <\/p>\n<h3>Pistolet Applicateur de R\u00e9sine Manuel 400 mL<\/h3>\n<h4><strong>Sp\u00e9cification:<\/strong><\/h4>\n<ul>\n<li style=\"font-weight: 400;\" aria-level=\"1\"><span style=\"font-weight: 400;\">Applicateur de p\u00e2te \u00e0 bois bi-composant P-TEC pour cartouche de 400 ml.<\/span><\/li>\n<li style=\"font-weight: 400;\" aria-level=\"1\"><span style=\"font-weight: 400;\">Deux cartouches dans un rapport de 1:1<\/span><\/li>\n<li style=\"font-weight: 400;\" aria-level=\"1\"><span style=\"font-weight: 400;\">Chaque pression sur la g\u00e2chette fait avancer les cartouches de 3,5 mm<\/span><\/li>\n<li style=\"font-weight: 400;\" aria-level=\"1\"><span style=\"font-weight: 400;\">Sangles et bretelles composites et dispose \u00e9galement d&rsquo;une poign\u00e9e en aluminium haute r\u00e9sistance.<\/span><\/li>\n<li style=\"font-weight: 400;\" aria-level=\"1\"><span style=\"font-weight: 400;\">Vis ajustable qui coupe les trous de but\u00e9e pour le contr\u00f4le du bourrelet<\/span><\/li>\n<\/ul>\n<p>&nbsp;<\/p>\n","protected":false},"excerpt":{"rendered":"<div class=\"flex-shrink-0 flex flex-col relative items-end\">\n<div>\n<div class=\"pt-0\">\n<div class=\"gizmo-bot-avatar flex h-8 w-8 items-center justify-center overflow-hidden rounded-full\">\n<div class=\"relative p-1 rounded-sm flex items-center justify-center bg-token-main-surface-primary text-token-text-primary h-8 w-8\"><span style=\"color: #555555; font-size: 14.4px;\">Optimisez vos projets de menuiserie avec<\/span> <strong style=\"color: #555555; font-size: 14.4px;\">l&rsquo;applicateur de r\u00e9sine bicomposant P-TEC 8400<\/strong><span style=\"color: #555555; font-size: 14.4px;\">.<br \/>\nThis manual application gun is specifically engineered for precise use with   <\/span><strong style=\"color: #555555; font-size: 14.4px;\">P\u00e2te de remplissage pour bois P-TEC 8400\u2122<\/strong><span style=\"color: #555555; font-size: 14.4px;\">.<br \/>\nFeaturing a 1:1 thrust ratio, it efficiently handles high-viscosity epoxies, wood fillers, and other adhesives.<br \/>\nDesigned to accommodate    <\/span><strong style=\"color: #555555; font-size: 14.4px;\">Cartouches P-TEC 8400 (1:1) de 400ml<\/strong><span style=\"color: #555555; font-size: 14.4px;\"> (vendu s\u00e9par\u00e9ment), l&rsquo;applicateur comprend des plaques de pr\u00e9hension en acier durables, un disque de pouss\u00e9e et une vis de contr\u00f4le de d\u00e9bit r\u00e9glable pour une pr\u00e9cision accrue. Parfait pour les r\u00e9parations de bois de qualit\u00e9 professionnelle et les applications adh\u00e9sives. <\/span><\/div>\n<\/div>\n<\/div>\n<\/div>\n<\/div>\n<p>&nbsp;<\/p>\n","protected":false},"featured_media":28075,"comment_status":"open","ping_status":"closed","template":"","meta":{"jetpack_publicize_message":"","jetpack_publicize_feature_enabled":true,"jetpack_social_post_already_shared":true,"jetpack_social_options":{"image_generator_settings":{"template":"highway","default_image_id":0,"font":"","enabled":false},"version":2}},"product_brand":[],"product_cat":[88,93,1373],"product_tag":[],"class_list":{"0":"post-6488","1":"product","2":"type-product","3":"status-publish","4":"has-post-thumbnail","6":"product_cat-accessoires-fr","7":"product_cat-mastic-a-bois","8":"product_cat-resine-polyurethane","10":"first","11":"instock","12":"sale","13":"taxable","14":"shipping-taxable","15":"purchasable","16":"product-type-simple"},"yoast_head":"<!-- This site is optimized with the Yoast SEO Premium plugin v27.4 (Yoast SEO v27.4) - https:\/\/yoast.com\/product\/yoast-seo-premium-wordpress\/ -->\n<title>Pistolet applicateur manuel bi-composant | P-TEC 8400 | CHILL EPOXY<\/title>\n<meta name=\"description\" content=\"Pistolet applicateur manuel bi-composant. Notre Fusil Applicateur de R\u00e9sine Manuel 400 mL est un outil indispensable pour les cartouches de r\u00e9sine bicomposant\" \/>\n<meta name=\"robots\" content=\"index, follow, max-snippet:-1, max-image-preview:large, max-video-preview:-1\" \/>\n<link rel=\"canonical\" href=\"https:\/\/chillepoxy.com\/fr\/produit\/manual-resin-applicator-gun-400ml\/\" \/>\n<meta property=\"og:locale\" content=\"fr_FR\" \/>\n<meta property=\"og:type\" content=\"article\" \/>\n<meta property=\"og:title\" content=\"Pistolet applicateur manuel bi-composant\" \/>\n<meta property=\"og:description\" content=\"Pistolet applicateur manuel bi-composant. Notre Fusil Applicateur de R\u00e9sine Manuel 400 mL est un outil indispensable pour les cartouches de r\u00e9sine bicomposant\" \/>\n<meta property=\"og:url\" content=\"https:\/\/chillepoxy.com\/fr\/produit\/manual-resin-applicator-gun-400ml\/\" \/>\n<meta property=\"og:site_name\" content=\"CHILL EPOXY\" \/>\n<meta property=\"article:publisher\" content=\"https:\/\/www.facebook.com\/polymerestechnologies\/\" \/>\n<meta property=\"article:modified_time\" content=\"2025-09-12T12:29:48+00:00\" \/>\n<meta property=\"og:image\" content=\"https:\/\/chillepoxy.com\/wp-content\/uploads\/2020\/11\/Manual-Bi-component-Applicator-Gun.jpg\" \/>\n\t<meta property=\"og:image:width\" content=\"1920\" \/>\n\t<meta property=\"og:image:height\" content=\"1920\" \/>\n\t<meta property=\"og:image:type\" content=\"image\/jpeg\" \/>\n<meta name=\"twitter:card\" content=\"summary_large_image\" \/>\n<meta name=\"twitter:label1\" content=\"Dur\u00e9e de lecture estim\u00e9e\" \/>\n\t<meta name=\"twitter:data1\" content=\"3 minutes\" \/>\n<script type=\"application\/ld+json\" class=\"yoast-schema-graph\">{\"@context\":\"https:\\\/\\\/schema.org\",\"@graph\":[{\"@type\":\"WebPage\",\"@id\":\"https:\\\/\\\/chillepoxy.com\\\/fr\\\/produit\\\/manual-resin-applicator-gun-400ml\\\/\",\"url\":\"https:\\\/\\\/chillepoxy.com\\\/fr\\\/produit\\\/manual-resin-applicator-gun-400ml\\\/\",\"name\":\"Pistolet applicateur manuel bi-composant | P-TEC 8400 | CHILL EPOXY\",\"isPartOf\":{\"@id\":\"https:\\\/\\\/chillepoxy.com\\\/fr\\\/#website\"},\"primaryImageOfPage\":{\"@id\":\"https:\\\/\\\/chillepoxy.com\\\/fr\\\/produit\\\/manual-resin-applicator-gun-400ml\\\/#primaryimage\"},\"image\":{\"@id\":\"https:\\\/\\\/chillepoxy.com\\\/fr\\\/produit\\\/manual-resin-applicator-gun-400ml\\\/#primaryimage\"},\"thumbnailUrl\":\"https:\\\/\\\/chillepoxy.com\\\/wp-content\\\/uploads\\\/2020\\\/11\\\/Manual-Bi-component-Applicator-Gun.jpg\",\"datePublished\":\"2021-03-17T18:16:27+00:00\",\"dateModified\":\"2025-09-12T12:29:48+00:00\",\"description\":\"Pistolet applicateur manuel bi-composant. Notre Fusil Applicateur de R\u00e9sine Manuel 400 mL est un outil indispensable pour les cartouches de r\u00e9sine bicomposant\",\"breadcrumb\":{\"@id\":\"https:\\\/\\\/chillepoxy.com\\\/fr\\\/produit\\\/manual-resin-applicator-gun-400ml\\\/#breadcrumb\"},\"inLanguage\":\"fr-FR\",\"potentialAction\":[{\"@type\":\"ReadAction\",\"target\":[\"https:\\\/\\\/chillepoxy.com\\\/fr\\\/produit\\\/manual-resin-applicator-gun-400ml\\\/\"]}]},{\"@type\":\"ImageObject\",\"inLanguage\":\"fr-FR\",\"@id\":\"https:\\\/\\\/chillepoxy.com\\\/fr\\\/produit\\\/manual-resin-applicator-gun-400ml\\\/#primaryimage\",\"url\":\"https:\\\/\\\/chillepoxy.com\\\/wp-content\\\/uploads\\\/2020\\\/11\\\/Manual-Bi-component-Applicator-Gun.jpg\",\"contentUrl\":\"https:\\\/\\\/chillepoxy.com\\\/wp-content\\\/uploads\\\/2020\\\/11\\\/Manual-Bi-component-Applicator-Gun.jpg\",\"width\":1920,\"height\":1920,\"caption\":\"Pistolet applicateur manuel bi-composant\"},{\"@type\":\"BreadcrumbList\",\"@id\":\"https:\\\/\\\/chillepoxy.com\\\/fr\\\/produit\\\/manual-resin-applicator-gun-400ml\\\/#breadcrumb\",\"itemListElement\":[{\"@type\":\"ListItem\",\"position\":1,\"name\":\"Home\",\"item\":\"https:\\\/\\\/chillepoxy.com\\\/fr\\\/\"},{\"@type\":\"ListItem\",\"position\":2,\"name\":\"Boutique\",\"item\":\"https:\\\/\\\/chillepoxy.com\\\/fr\\\/boutique\\\/\"},{\"@type\":\"ListItem\",\"position\":3,\"name\":\"Pistolet applicateur manuel bi-composant\"}]},{\"@type\":\"WebSite\",\"@id\":\"https:\\\/\\\/chillepoxy.com\\\/fr\\\/#website\",\"url\":\"https:\\\/\\\/chillepoxy.com\\\/fr\\\/\",\"name\":\"CHILL EPOXY\u2122 High-Quality Canadian-Made Epoxy Resin\",\"description\":\"High-Quality Canadian-Made Epoxy Resin | Casting &amp; Art\",\"publisher\":{\"@id\":\"https:\\\/\\\/chillepoxy.com\\\/fr\\\/#organization\"},\"alternateName\":\"High-Quality Epoxy Resin\",\"potentialAction\":[{\"@type\":\"SearchAction\",\"target\":{\"@type\":\"EntryPoint\",\"urlTemplate\":\"https:\\\/\\\/chillepoxy.com\\\/fr\\\/?s={search_term_string}\"},\"query-input\":{\"@type\":\"PropertyValueSpecification\",\"valueRequired\":true,\"valueName\":\"search_term_string\"}}],\"inLanguage\":\"fr-FR\"},{\"@type\":\"Organization\",\"@id\":\"https:\\\/\\\/chillepoxy.com\\\/fr\\\/#organization\",\"name\":\"CHILL EPOXY\u2122\",\"alternateName\":\"High-Quality Canadian-Made Epoxy Resin\",\"url\":\"https:\\\/\\\/chillepoxy.com\\\/fr\\\/\",\"logo\":{\"@type\":\"ImageObject\",\"inLanguage\":\"fr-FR\",\"@id\":\"https:\\\/\\\/chillepoxy.com\\\/fr\\\/#\\\/schema\\\/logo\\\/image\\\/\",\"url\":\"https:\\\/\\\/i0.wp.com\\\/chillepoxy.com\\\/wp-content\\\/uploads\\\/2024\\\/02\\\/polymeres_technologies.png?fit=649%2C649&ssl=1\",\"contentUrl\":\"https:\\\/\\\/i0.wp.com\\\/chillepoxy.com\\\/wp-content\\\/uploads\\\/2024\\\/02\\\/polymeres_technologies.png?fit=649%2C649&ssl=1\",\"width\":649,\"height\":649,\"caption\":\"CHILL EPOXY\u2122\"},\"image\":{\"@id\":\"https:\\\/\\\/chillepoxy.com\\\/fr\\\/#\\\/schema\\\/logo\\\/image\\\/\"},\"sameAs\":[\"https:\\\/\\\/www.facebook.com\\\/polymerestechnologies\\\/\",\"https:\\\/\\\/www.instagram.com\\\/polymeres_technologies\\\/\",\"https:\\\/\\\/www.linkedin.com\\\/company\\\/polymeres-technologies\\\/\",\"https:\\\/\\\/www.youtube.com\\\/channel\\\/UCDaFKmK4Hn3KPKmBaTXWong\"]}]}<\/script>\n<!-- \/ Yoast SEO Premium plugin. -->","yoast_head_json":{"title":"Pistolet applicateur manuel bi-composant | P-TEC 8400 | CHILL EPOXY","description":"Pistolet applicateur manuel bi-composant. Notre Fusil Applicateur de R\u00e9sine Manuel 400 mL est un outil indispensable pour les cartouches de r\u00e9sine bicomposant","robots":{"index":"index","follow":"follow","max-snippet":"max-snippet:-1","max-image-preview":"max-image-preview:large","max-video-preview":"max-video-preview:-1"},"canonical":"https:\/\/chillepoxy.com\/fr\/produit\/manual-resin-applicator-gun-400ml\/","og_locale":"fr_FR","og_type":"article","og_title":"Pistolet applicateur manuel bi-composant","og_description":"Pistolet applicateur manuel bi-composant. Notre Fusil Applicateur de R\u00e9sine Manuel 400 mL est un outil indispensable pour les cartouches de r\u00e9sine bicomposant","og_url":"https:\/\/chillepoxy.com\/fr\/produit\/manual-resin-applicator-gun-400ml\/","og_site_name":"CHILL EPOXY","article_publisher":"https:\/\/www.facebook.com\/polymerestechnologies\/","article_modified_time":"2025-09-12T12:29:48+00:00","og_image":[{"width":1920,"height":1920,"url":"https:\/\/chillepoxy.com\/wp-content\/uploads\/2020\/11\/Manual-Bi-component-Applicator-Gun.jpg","type":"image\/jpeg"}],"twitter_card":"summary_large_image","twitter_misc":{"Dur\u00e9e de lecture estim\u00e9e":"3 minutes"},"schema":{"@context":"https:\/\/schema.org","@graph":[{"@type":"WebPage","@id":"https:\/\/chillepoxy.com\/fr\/produit\/manual-resin-applicator-gun-400ml\/","url":"https:\/\/chillepoxy.com\/fr\/produit\/manual-resin-applicator-gun-400ml\/","name":"Pistolet applicateur manuel bi-composant | P-TEC 8400 | CHILL EPOXY","isPartOf":{"@id":"https:\/\/chillepoxy.com\/fr\/#website"},"primaryImageOfPage":{"@id":"https:\/\/chillepoxy.com\/fr\/produit\/manual-resin-applicator-gun-400ml\/#primaryimage"},"image":{"@id":"https:\/\/chillepoxy.com\/fr\/produit\/manual-resin-applicator-gun-400ml\/#primaryimage"},"thumbnailUrl":"https:\/\/chillepoxy.com\/wp-content\/uploads\/2020\/11\/Manual-Bi-component-Applicator-Gun.jpg","datePublished":"2021-03-17T18:16:27+00:00","dateModified":"2025-09-12T12:29:48+00:00","description":"Pistolet applicateur manuel bi-composant. Notre Fusil Applicateur de R\u00e9sine Manuel 400 mL est un outil indispensable pour les cartouches de r\u00e9sine bicomposant","breadcrumb":{"@id":"https:\/\/chillepoxy.com\/fr\/produit\/manual-resin-applicator-gun-400ml\/#breadcrumb"},"inLanguage":"fr-FR","potentialAction":[{"@type":"ReadAction","target":["https:\/\/chillepoxy.com\/fr\/produit\/manual-resin-applicator-gun-400ml\/"]}]},{"@type":"ImageObject","inLanguage":"fr-FR","@id":"https:\/\/chillepoxy.com\/fr\/produit\/manual-resin-applicator-gun-400ml\/#primaryimage","url":"https:\/\/chillepoxy.com\/wp-content\/uploads\/2020\/11\/Manual-Bi-component-Applicator-Gun.jpg","contentUrl":"https:\/\/chillepoxy.com\/wp-content\/uploads\/2020\/11\/Manual-Bi-component-Applicator-Gun.jpg","width":1920,"height":1920,"caption":"Pistolet applicateur manuel bi-composant"},{"@type":"BreadcrumbList","@id":"https:\/\/chillepoxy.com\/fr\/produit\/manual-resin-applicator-gun-400ml\/#breadcrumb","itemListElement":[{"@type":"ListItem","position":1,"name":"Home","item":"https:\/\/chillepoxy.com\/fr\/"},{"@type":"ListItem","position":2,"name":"Boutique","item":"https:\/\/chillepoxy.com\/fr\/boutique\/"},{"@type":"ListItem","position":3,"name":"Pistolet applicateur manuel bi-composant"}]},{"@type":"WebSite","@id":"https:\/\/chillepoxy.com\/fr\/#website","url":"https:\/\/chillepoxy.com\/fr\/","name":"CHILL EPOXY\u2122 High-Quality Canadian-Made Epoxy Resin","description":"High-Quality Canadian-Made Epoxy Resin | Casting &amp; Art","publisher":{"@id":"https:\/\/chillepoxy.com\/fr\/#organization"},"alternateName":"High-Quality Epoxy Resin","potentialAction":[{"@type":"SearchAction","target":{"@type":"EntryPoint","urlTemplate":"https:\/\/chillepoxy.com\/fr\/?s={search_term_string}"},"query-input":{"@type":"PropertyValueSpecification","valueRequired":true,"valueName":"search_term_string"}}],"inLanguage":"fr-FR"},{"@type":"Organization","@id":"https:\/\/chillepoxy.com\/fr\/#organization","name":"CHILL EPOXY\u2122","alternateName":"High-Quality Canadian-Made Epoxy Resin","url":"https:\/\/chillepoxy.com\/fr\/","logo":{"@type":"ImageObject","inLanguage":"fr-FR","@id":"https:\/\/chillepoxy.com\/fr\/#\/schema\/logo\/image\/","url":"https:\/\/i0.wp.com\/chillepoxy.com\/wp-content\/uploads\/2024\/02\/polymeres_technologies.png?fit=649%2C649&ssl=1","contentUrl":"https:\/\/i0.wp.com\/chillepoxy.com\/wp-content\/uploads\/2024\/02\/polymeres_technologies.png?fit=649%2C649&ssl=1","width":649,"height":649,"caption":"CHILL EPOXY\u2122"},"image":{"@id":"https:\/\/chillepoxy.com\/fr\/#\/schema\/logo\/image\/"},"sameAs":["https:\/\/www.facebook.com\/polymerestechnologies\/","https:\/\/www.instagram.com\/polymeres_technologies\/","https:\/\/www.linkedin.com\/company\/polymeres-technologies\/","https:\/\/www.youtube.com\/channel\/UCDaFKmK4Hn3KPKmBaTXWong"]}]}},"jetpack_publicize_connections":[],"jetpack_sharing_enabled":true,"jetpack_likes_enabled":false,"_links":{"self":[{"href":"https:\/\/chillepoxy.com\/fr\/wp-json\/wp\/v2\/product\/6488","targetHints":{"allow":["GET"]}}],"collection":[{"href":"https:\/\/chillepoxy.com\/fr\/wp-json\/wp\/v2\/product"}],"about":[{"href":"https:\/\/chillepoxy.com\/fr\/wp-json\/wp\/v2\/types\/product"}],"replies":[{"embeddable":true,"href":"https:\/\/chillepoxy.com\/fr\/wp-json\/wp\/v2\/comments?post=6488"}],"wp:featuredmedia":[{"embeddable":true,"href":"https:\/\/chillepoxy.com\/fr\/wp-json\/wp\/v2\/media\/28075"}],"wp:attachment":[{"href":"https:\/\/chillepoxy.com\/fr\/wp-json\/wp\/v2\/media?parent=6488"}],"wp:term":[{"taxonomy":"product_brand","embeddable":true,"href":"https:\/\/chillepoxy.com\/fr\/wp-json\/wp\/v2\/product_brand?post=6488"},{"taxonomy":"product_cat","embeddable":true,"href":"https:\/\/chillepoxy.com\/fr\/wp-json\/wp\/v2\/product_cat?post=6488"},{"taxonomy":"product_tag","embeddable":true,"href":"https:\/\/chillepoxy.com\/fr\/wp-json\/wp\/v2\/product_tag?post=6488"}],"curies":[{"name":"wp","href":"https:\/\/api.w.org\/{rel}","templated":true}]}}