{"id":6496,"date":"2020-11-24T07:18:07","date_gmt":"2020-11-24T12:18:07","guid":{"rendered":"https:\/\/v2.chillepoxy.com\/shop\/valves-ouverture-de-3%e2%81%844-de-pouce-pour-30l-et-60l\/"},"modified":"2024-06-25T15:53:39","modified_gmt":"2024-06-25T19:53:39","slug":"valve-epoxy","status":"publish","type":"product","link":"https:\/\/chillepoxy.com\/fr\/produit\/valve-epoxy\/","title":{"rendered":"Valve de distribution pour r\u00e9sine \u00e9poxy"},"content":{"rendered":"<p>La valve distributrice pour r\u00e9sine \u00e9poxy &#8211; 3\/4&Prime; est la solution parfaite pour distribuer les solutions de r\u00e9sine de votre kit de 30 L et 60 L. Ce robinet en plastique dispose d&rsquo;une ouverture de 3\/4&Prime; et est fabriqu\u00e9 en poly\u00e9thyl\u00e8ne robuste, assurant durabilit\u00e9. De plus, il est conforme aux normes FDA, garantissant s\u00e9curit\u00e9 et qualit\u00e9. Cette valve est sp\u00e9cialement con\u00e7ue pour \u00eatre utilis\u00e9e avec les cruches en plastique CHILL EPOXY\u2122 20L et 10L, ce qui en fait un choix id\u00e9al pour vos besoins de distribution d&rsquo;\u00e9poxy.<\/p>\n<p>La valve distributrice de r\u00e9sine \u00e9poxy 3\/4&Prime; peut aider \u00e0 garder votre r\u00e9cipient en r\u00e9sine \u00e9poxy propre en fournissant une m\u00e9thode de distribution pr\u00e9cise et contr\u00f4l\u00e9e. Cela r\u00e9duit le risque de d\u00e9versements et de gouttes, qui peuvent conduire \u00e0 des r\u00e9sidus salissants et difficiles \u00e0 nettoyer dans le conteneur. De plus, la construction robuste en poly\u00e9thyl\u00e8ne assure une \u00e9tanch\u00e9it\u00e9 parfaite, emp\u00eachant l&rsquo;air et les contaminants de p\u00e9n\u00e9trer dans le r\u00e9cipient et de contaminer potentiellement la r\u00e9sine. Cela contribue \u00e0 prolonger la dur\u00e9e de conservation de l\u2019\u00e9poxy et \u00e0 le maintenir en bon \u00e9tat d\u2019utilisation.<\/p>\n<p>L&rsquo;utilisation d&rsquo;une valve \u00e9poxy peut faciliter le d\u00e9versement de l&rsquo;\u00e9poxy sans avoir \u00e0 manipuler des r\u00e9cipients lourds. La valve offre une m\u00e9thode de distribution contr\u00f4l\u00e9e qui vous permet de verser l&rsquo;\u00e9poxy en un flux constant, r\u00e9duisant ainsi le risque de d\u00e9versements et de gouttes. Cela peut aider \u00e0 \u00e9viter les d\u00e9g\u00e2ts et faciliter le versement de la quantit\u00e9 exacte d&rsquo;\u00e9poxy dont vous avez besoin sans avoir \u00e0 vous soucier d&rsquo;un exc\u00e8s. En utilisant la valve, vous pouvez distribuer l&rsquo;\u00e9poxy sans avoir \u00e0 d\u00e9placer ou soulever le lourd r\u00e9cipient, ce qui le rend plus facile \u00e0 manipuler et \u00e0 verser. Cela peut \u00e9galement contribuer \u00e0 \u00e9viter tout accident ou blessure associ\u00e9 au levage de conteneurs lourds.<\/p>\n<p>Les valves oour \u00e9poxy en poly\u00e9thyl\u00e8ne sont g\u00e9n\u00e9ralement faciles \u00e0 nettoyer. Puisqu&rsquo;ils sont fabriqu\u00e9s dans un plastique durable, ils peuvent \u00eatre nettoy\u00e9s avec un chiffon humide ou rinc\u00e9s avec de l&rsquo;alcool isopropylique. S&rsquo;il y a des taches difficiles \u00e0 enlever ou des r\u00e9sidus d&rsquo;\u00e9poxy, notre solution <a href=\"https:\/\/chillepoxy.com\/fr\/produit\/nettoyant-dissolvant-ecologique-pour-resine-epoxy\/\">POLY CLEANER<\/a>\u2122 peut \u00eatre utilis\u00e9e. Il est important de nettoyer soigneusement la valve apr\u00e8s chaque utilisation pour \u00e9viter l&rsquo;accumulation de r\u00e9sine et garantir son bon fonctionnement. Un nettoyage r\u00e9gulier peut \u00e9galement contribuer \u00e0 prolonger la dur\u00e9e de vie de la vanne. Il est \u00e9galement recommand\u00e9 de v\u00e9rifier si le fabricant dispose d&rsquo;instructions de nettoyage sp\u00e9cifiques pour la vanne avant d&rsquo;utiliser une solution de nettoyage.<\/p>\n<p><strong>Sp\u00e9cification:<\/strong><\/p>\n<ul>\n<li style=\"font-weight: 400;\" aria-level=\"1\"><span style=\"font-weight: 400;\">A utiliser avec les bidons en plastique de 20L et 10L de CHILL EPOXY\u2122<\/span><\/li>\n<li style=\"font-weight: 400;\" aria-level=\"1\"><span style=\"font-weight: 400;\">Poly\u00e9thyl\u00e8ne robuste<\/span><\/li>\n<li style=\"font-weight: 400;\" aria-level=\"1\"><span style=\"font-weight: 400;\">Conforme aux normes de la FDA<\/span><\/li>\n<\/ul>\n","protected":false},"excerpt":{"rendered":"<p>La valve \u00e0 \u00e9poxy en plastique 3\/4&Prime; pour kit 30L et 60L est une solution conviviale et de haute qualit\u00e9 pour la distribution de solutions de r\u00e9sine. Fabriqu\u00e9e en poly\u00e9thyl\u00e8ne robuste (HDPE), cette valve est con\u00e7ue pour durer et r\u00e9sister \u00e0 un usage intensif. Il est sp\u00e9cialement con\u00e7u pour \u00eatre utilis\u00e9 avec les cruches en plastique CHILL EPOXY\u2122 20L et 10L, ce qui en fait un choix id\u00e9al pour ceux qui utilisent ces cruches pour stocker et distribuer leur \u00e9poxy.<\/p>\n<p>Cette vanne est facile \u00e0 monter et \u00e0 utiliser, offrant un moyen simple et s\u00fbr de vidanger les liquides \u00e9poxy de vos conteneurs. L&rsquo;ouverture de 3\/4&Prime; permet une distribution pr\u00e9cise, r\u00e9duisant le risque de d\u00e9versements et de gouttes, et la construction en poly\u00e9thyl\u00e8ne assure une fermeture \u00e9tanche, emp\u00eachant l&rsquo;air et les contaminants de p\u00e9n\u00e9trer dans le r\u00e9cipient et de contaminer potentiellement la r\u00e9sine.<\/p>\n","protected":false},"featured_media":5172,"comment_status":"open","ping_status":"closed","template":"","meta":{"jetpack_publicize_message":"","jetpack_publicize_feature_enabled":true,"jetpack_social_post_already_shared":true,"jetpack_social_options":{"image_generator_settings":{"template":"highway","default_image_id":0,"font":"","enabled":false},"version":2}},"product_brand":[],"product_cat":[88],"product_tag":[],"class_list":{"0":"post-6496","1":"product","2":"type-product","3":"status-publish","4":"has-post-thumbnail","6":"product_cat-accessoires-fr","8":"first","9":"instock","10":"taxable","11":"shipping-taxable","12":"purchasable","13":"product-type-simple"},"yoast_head":"<!-- This site is optimized with the Yoast SEO Premium plugin v27.4 (Yoast SEO v27.4) - https:\/\/yoast.com\/product\/yoast-seo-premium-wordpress\/ -->\n<title>Valve de distribution pour r\u00e9sine \u00e9poxy<\/title>\n<meta name=\"description\" content=\"Valve de distribution de contenants pour r\u00e9sine \u00e9poxy. La Valve Epoxy 3\/4&quot; est la solution parfaite pour distribuer les solutions de r\u00e9sine de votre kit 30L et 60L.\" \/>\n<meta name=\"robots\" content=\"index, follow, max-snippet:-1, max-image-preview:large, max-video-preview:-1\" \/>\n<link rel=\"canonical\" href=\"https:\/\/chillepoxy.com\/fr\/produit\/valve-epoxy\/\" \/>\n<meta property=\"og:locale\" content=\"fr_FR\" \/>\n<meta property=\"og:type\" content=\"article\" \/>\n<meta property=\"og:title\" content=\"Valve de distribution pour r\u00e9sine \u00e9poxy\" \/>\n<meta property=\"og:description\" content=\"Valve de distribution de contenants pour r\u00e9sine \u00e9poxy. La Valve Epoxy 3\/4&quot; est la solution parfaite pour distribuer les solutions de r\u00e9sine de votre kit 30L et 60L.\" \/>\n<meta property=\"og:url\" content=\"https:\/\/chillepoxy.com\/fr\/produit\/valve-epoxy\/\" \/>\n<meta property=\"og:site_name\" content=\"CHILL EPOXY\" \/>\n<meta property=\"article:publisher\" content=\"https:\/\/www.facebook.com\/polymerestechnologies\/\" \/>\n<meta property=\"article:modified_time\" content=\"2024-06-25T19:53:39+00:00\" \/>\n<meta property=\"og:image\" content=\"https:\/\/chillepoxy.com\/wp-content\/uploads\/2020\/11\/Valve-20L-jug.jpg\" \/>\n\t<meta property=\"og:image:width\" content=\"1920\" \/>\n\t<meta property=\"og:image:height\" content=\"1280\" \/>\n\t<meta property=\"og:image:type\" content=\"image\/png\" \/>\n<meta name=\"twitter:card\" content=\"summary_large_image\" \/>\n<meta name=\"twitter:label1\" content=\"Dur\u00e9e de lecture estim\u00e9e\" \/>\n\t<meta name=\"twitter:data1\" content=\"1 minute\" \/>\n<script type=\"application\/ld+json\" class=\"yoast-schema-graph\">{\"@context\":\"https:\\\/\\\/schema.org\",\"@graph\":[{\"@type\":\"WebPage\",\"@id\":\"https:\\\/\\\/chillepoxy.com\\\/fr\\\/produit\\\/valve-epoxy\\\/\",\"url\":\"https:\\\/\\\/chillepoxy.com\\\/fr\\\/produit\\\/valve-epoxy\\\/\",\"name\":\"Valve de distribution pour r\u00e9sine \u00e9poxy\",\"isPartOf\":{\"@id\":\"https:\\\/\\\/chillepoxy.com\\\/fr\\\/#website\"},\"primaryImageOfPage\":{\"@id\":\"https:\\\/\\\/chillepoxy.com\\\/fr\\\/produit\\\/valve-epoxy\\\/#primaryimage\"},\"image\":{\"@id\":\"https:\\\/\\\/chillepoxy.com\\\/fr\\\/produit\\\/valve-epoxy\\\/#primaryimage\"},\"thumbnailUrl\":\"https:\\\/\\\/chillepoxy.com\\\/wp-content\\\/uploads\\\/2020\\\/11\\\/Valve-20L-jug.jpg\",\"datePublished\":\"2020-11-24T12:18:07+00:00\",\"dateModified\":\"2024-06-25T19:53:39+00:00\",\"description\":\"Valve de distribution de contenants pour r\u00e9sine \u00e9poxy. La Valve Epoxy 3\\\/4\\\" est la solution parfaite pour distribuer les solutions de r\u00e9sine de votre kit 30L et 60L.\",\"breadcrumb\":{\"@id\":\"https:\\\/\\\/chillepoxy.com\\\/fr\\\/produit\\\/valve-epoxy\\\/#breadcrumb\"},\"inLanguage\":\"fr-FR\",\"potentialAction\":[{\"@type\":\"ReadAction\",\"target\":[\"https:\\\/\\\/chillepoxy.com\\\/fr\\\/produit\\\/valve-epoxy\\\/\"]}]},{\"@type\":\"ImageObject\",\"inLanguage\":\"fr-FR\",\"@id\":\"https:\\\/\\\/chillepoxy.com\\\/fr\\\/produit\\\/valve-epoxy\\\/#primaryimage\",\"url\":\"https:\\\/\\\/chillepoxy.com\\\/wp-content\\\/uploads\\\/2020\\\/11\\\/Valve-20L-jug.jpg\",\"contentUrl\":\"https:\\\/\\\/chillepoxy.com\\\/wp-content\\\/uploads\\\/2020\\\/11\\\/Valve-20L-jug.jpg\",\"width\":1920,\"height\":1280,\"caption\":\"Valve de distribution pour r\u00e9sine \u00e9poxy\"},{\"@type\":\"BreadcrumbList\",\"@id\":\"https:\\\/\\\/chillepoxy.com\\\/fr\\\/produit\\\/valve-epoxy\\\/#breadcrumb\",\"itemListElement\":[{\"@type\":\"ListItem\",\"position\":1,\"name\":\"Home\",\"item\":\"https:\\\/\\\/chillepoxy.com\\\/fr\\\/\"},{\"@type\":\"ListItem\",\"position\":2,\"name\":\"Boutique\",\"item\":\"https:\\\/\\\/chillepoxy.com\\\/fr\\\/boutique\\\/\"},{\"@type\":\"ListItem\",\"position\":3,\"name\":\"Valve de distribution pour r\u00e9sine \u00e9poxy\"}]},{\"@type\":\"WebSite\",\"@id\":\"https:\\\/\\\/chillepoxy.com\\\/fr\\\/#website\",\"url\":\"https:\\\/\\\/chillepoxy.com\\\/fr\\\/\",\"name\":\"CHILL EPOXY\u2122 High-Quality Canadian-Made Epoxy Resin\",\"description\":\"High-Quality Canadian-Made Epoxy Resin | Casting &amp; Art\",\"publisher\":{\"@id\":\"https:\\\/\\\/chillepoxy.com\\\/fr\\\/#organization\"},\"alternateName\":\"High-Quality Epoxy Resin\",\"potentialAction\":[{\"@type\":\"SearchAction\",\"target\":{\"@type\":\"EntryPoint\",\"urlTemplate\":\"https:\\\/\\\/chillepoxy.com\\\/fr\\\/?s={search_term_string}\"},\"query-input\":{\"@type\":\"PropertyValueSpecification\",\"valueRequired\":true,\"valueName\":\"search_term_string\"}}],\"inLanguage\":\"fr-FR\"},{\"@type\":\"Organization\",\"@id\":\"https:\\\/\\\/chillepoxy.com\\\/fr\\\/#organization\",\"name\":\"CHILL EPOXY\u2122\",\"alternateName\":\"High-Quality Canadian-Made Epoxy Resin\",\"url\":\"https:\\\/\\\/chillepoxy.com\\\/fr\\\/\",\"logo\":{\"@type\":\"ImageObject\",\"inLanguage\":\"fr-FR\",\"@id\":\"https:\\\/\\\/chillepoxy.com\\\/fr\\\/#\\\/schema\\\/logo\\\/image\\\/\",\"url\":\"https:\\\/\\\/i0.wp.com\\\/chillepoxy.com\\\/wp-content\\\/uploads\\\/2024\\\/02\\\/polymeres_technologies.png?fit=649%2C649&ssl=1\",\"contentUrl\":\"https:\\\/\\\/i0.wp.com\\\/chillepoxy.com\\\/wp-content\\\/uploads\\\/2024\\\/02\\\/polymeres_technologies.png?fit=649%2C649&ssl=1\",\"width\":649,\"height\":649,\"caption\":\"CHILL EPOXY\u2122\"},\"image\":{\"@id\":\"https:\\\/\\\/chillepoxy.com\\\/fr\\\/#\\\/schema\\\/logo\\\/image\\\/\"},\"sameAs\":[\"https:\\\/\\\/www.facebook.com\\\/polymerestechnologies\\\/\",\"https:\\\/\\\/www.instagram.com\\\/polymeres_technologies\\\/\",\"https:\\\/\\\/www.linkedin.com\\\/company\\\/polymeres-technologies\\\/\",\"https:\\\/\\\/www.youtube.com\\\/channel\\\/UCDaFKmK4Hn3KPKmBaTXWong\"]}]}<\/script>\n<!-- \/ Yoast SEO Premium plugin. -->","yoast_head_json":{"title":"Valve de distribution pour r\u00e9sine \u00e9poxy","description":"Valve de distribution de contenants pour r\u00e9sine \u00e9poxy. La Valve Epoxy 3\/4\" est la solution parfaite pour distribuer les solutions de r\u00e9sine de votre kit 30L et 60L.","robots":{"index":"index","follow":"follow","max-snippet":"max-snippet:-1","max-image-preview":"max-image-preview:large","max-video-preview":"max-video-preview:-1"},"canonical":"https:\/\/chillepoxy.com\/fr\/produit\/valve-epoxy\/","og_locale":"fr_FR","og_type":"article","og_title":"Valve de distribution pour r\u00e9sine \u00e9poxy","og_description":"Valve de distribution de contenants pour r\u00e9sine \u00e9poxy. La Valve Epoxy 3\/4\" est la solution parfaite pour distribuer les solutions de r\u00e9sine de votre kit 30L et 60L.","og_url":"https:\/\/chillepoxy.com\/fr\/produit\/valve-epoxy\/","og_site_name":"CHILL EPOXY","article_publisher":"https:\/\/www.facebook.com\/polymerestechnologies\/","article_modified_time":"2024-06-25T19:53:39+00:00","og_image":[{"width":1920,"height":1280,"url":"https:\/\/chillepoxy.com\/wp-content\/uploads\/2020\/11\/Valve-20L-jug.jpg","type":"image\/png"}],"twitter_card":"summary_large_image","twitter_misc":{"Dur\u00e9e de lecture estim\u00e9e":"1 minute"},"schema":{"@context":"https:\/\/schema.org","@graph":[{"@type":"WebPage","@id":"https:\/\/chillepoxy.com\/fr\/produit\/valve-epoxy\/","url":"https:\/\/chillepoxy.com\/fr\/produit\/valve-epoxy\/","name":"Valve de distribution pour r\u00e9sine \u00e9poxy","isPartOf":{"@id":"https:\/\/chillepoxy.com\/fr\/#website"},"primaryImageOfPage":{"@id":"https:\/\/chillepoxy.com\/fr\/produit\/valve-epoxy\/#primaryimage"},"image":{"@id":"https:\/\/chillepoxy.com\/fr\/produit\/valve-epoxy\/#primaryimage"},"thumbnailUrl":"https:\/\/chillepoxy.com\/wp-content\/uploads\/2020\/11\/Valve-20L-jug.jpg","datePublished":"2020-11-24T12:18:07+00:00","dateModified":"2024-06-25T19:53:39+00:00","description":"Valve de distribution de contenants pour r\u00e9sine \u00e9poxy. La Valve Epoxy 3\/4\" est la solution parfaite pour distribuer les solutions de r\u00e9sine de votre kit 30L et 60L.","breadcrumb":{"@id":"https:\/\/chillepoxy.com\/fr\/produit\/valve-epoxy\/#breadcrumb"},"inLanguage":"fr-FR","potentialAction":[{"@type":"ReadAction","target":["https:\/\/chillepoxy.com\/fr\/produit\/valve-epoxy\/"]}]},{"@type":"ImageObject","inLanguage":"fr-FR","@id":"https:\/\/chillepoxy.com\/fr\/produit\/valve-epoxy\/#primaryimage","url":"https:\/\/chillepoxy.com\/wp-content\/uploads\/2020\/11\/Valve-20L-jug.jpg","contentUrl":"https:\/\/chillepoxy.com\/wp-content\/uploads\/2020\/11\/Valve-20L-jug.jpg","width":1920,"height":1280,"caption":"Valve de distribution pour r\u00e9sine \u00e9poxy"},{"@type":"BreadcrumbList","@id":"https:\/\/chillepoxy.com\/fr\/produit\/valve-epoxy\/#breadcrumb","itemListElement":[{"@type":"ListItem","position":1,"name":"Home","item":"https:\/\/chillepoxy.com\/fr\/"},{"@type":"ListItem","position":2,"name":"Boutique","item":"https:\/\/chillepoxy.com\/fr\/boutique\/"},{"@type":"ListItem","position":3,"name":"Valve de distribution pour r\u00e9sine \u00e9poxy"}]},{"@type":"WebSite","@id":"https:\/\/chillepoxy.com\/fr\/#website","url":"https:\/\/chillepoxy.com\/fr\/","name":"CHILL EPOXY\u2122 High-Quality Canadian-Made Epoxy Resin","description":"High-Quality Canadian-Made Epoxy Resin | Casting &amp; Art","publisher":{"@id":"https:\/\/chillepoxy.com\/fr\/#organization"},"alternateName":"High-Quality Epoxy Resin","potentialAction":[{"@type":"SearchAction","target":{"@type":"EntryPoint","urlTemplate":"https:\/\/chillepoxy.com\/fr\/?s={search_term_string}"},"query-input":{"@type":"PropertyValueSpecification","valueRequired":true,"valueName":"search_term_string"}}],"inLanguage":"fr-FR"},{"@type":"Organization","@id":"https:\/\/chillepoxy.com\/fr\/#organization","name":"CHILL EPOXY\u2122","alternateName":"High-Quality Canadian-Made Epoxy Resin","url":"https:\/\/chillepoxy.com\/fr\/","logo":{"@type":"ImageObject","inLanguage":"fr-FR","@id":"https:\/\/chillepoxy.com\/fr\/#\/schema\/logo\/image\/","url":"https:\/\/i0.wp.com\/chillepoxy.com\/wp-content\/uploads\/2024\/02\/polymeres_technologies.png?fit=649%2C649&ssl=1","contentUrl":"https:\/\/i0.wp.com\/chillepoxy.com\/wp-content\/uploads\/2024\/02\/polymeres_technologies.png?fit=649%2C649&ssl=1","width":649,"height":649,"caption":"CHILL EPOXY\u2122"},"image":{"@id":"https:\/\/chillepoxy.com\/fr\/#\/schema\/logo\/image\/"},"sameAs":["https:\/\/www.facebook.com\/polymerestechnologies\/","https:\/\/www.instagram.com\/polymeres_technologies\/","https:\/\/www.linkedin.com\/company\/polymeres-technologies\/","https:\/\/www.youtube.com\/channel\/UCDaFKmK4Hn3KPKmBaTXWong"]}]}},"jetpack_publicize_connections":[],"jetpack_sharing_enabled":true,"jetpack_likes_enabled":false,"_links":{"self":[{"href":"https:\/\/chillepoxy.com\/fr\/wp-json\/wp\/v2\/product\/6496","targetHints":{"allow":["GET"]}}],"collection":[{"href":"https:\/\/chillepoxy.com\/fr\/wp-json\/wp\/v2\/product"}],"about":[{"href":"https:\/\/chillepoxy.com\/fr\/wp-json\/wp\/v2\/types\/product"}],"replies":[{"embeddable":true,"href":"https:\/\/chillepoxy.com\/fr\/wp-json\/wp\/v2\/comments?post=6496"}],"wp:featuredmedia":[{"embeddable":true,"href":"https:\/\/chillepoxy.com\/fr\/wp-json\/wp\/v2\/media\/5172"}],"wp:attachment":[{"href":"https:\/\/chillepoxy.com\/fr\/wp-json\/wp\/v2\/media?parent=6496"}],"wp:term":[{"taxonomy":"product_brand","embeddable":true,"href":"https:\/\/chillepoxy.com\/fr\/wp-json\/wp\/v2\/product_brand?post=6496"},{"taxonomy":"product_cat","embeddable":true,"href":"https:\/\/chillepoxy.com\/fr\/wp-json\/wp\/v2\/product_cat?post=6496"},{"taxonomy":"product_tag","embeddable":true,"href":"https:\/\/chillepoxy.com\/fr\/wp-json\/wp\/v2\/product_tag?post=6496"}],"curies":[{"name":"wp","href":"https:\/\/api.w.org\/{rel}","templated":true}]}}