{"id":6506,"date":"2020-10-18T14:25:54","date_gmt":"2021-03-17T20:03:49","guid":{"rendered":"https:\/\/v2.chillepoxy.com\/shop\/chill-release-110-agent-de-demoulage-a-base-de-silicone-pour-moules\/"},"modified":"2026-01-09T18:14:23","modified_gmt":"2026-01-09T23:14:23","slug":"silicone-based-mold-release-for-epoxy-resin","status":"publish","type":"product","link":"https:\/\/chillepoxy.com\/fr\/produit\/silicone-based-mold-release-for-epoxy-resin\/","title":{"rendered":"Agent de d\u00e9moulage \u00e9poxy \u00e0 base de silicone"},"content":{"rendered":"<h1 style=\"text-align: left;\">Agent de d\u00e9moulage \u00e9poxy \u00e0 base de silicone<\/h1>\n<p>Agent de d\u00e9moulage \u00e9poxy \u00e0 base de silicone. D\u00e9couvrez notre CHILL RELEASE 110\u2122, un agent de d\u00e9moulage en silicone liquide pour r\u00e9sine \u00e9poxy. Il est tr\u00e8s polyvalent et facile \u00e0 utiliser, avec un pourcentage de solvant inf\u00e9rieur \u00e0 celui des agents de d\u00e9moulage traditionnels. Les agents de d\u00e9moulage liquides tels que CHILL RELEASE 110\u2122 sont moins salissants et plus faciles \u00e0 nettoyer que les a\u00e9rosols. Ils offrent un meilleur contr\u00f4le et une pr\u00e9cision accrue lors de l&rsquo;application et contribuent \u00e0 \u00e9viter la contamination de la r\u00e9sine \u00e9poxy. Il permet \u00e9galement un retrait facile et propre des projets en r\u00e9sine \u00e9poxy durcie, sans laisser de r\u00e9sidu. CHILL RELEASE 110\u2122 est un produit \u00e0 1 composant qui ne endommage pas le moule ou l&rsquo;\u00e9quipement et am\u00e9liore l&rsquo;efficacit\u00e9 du moulage. Il est parfait pour les utilisateurs professionnels de r\u00e9sine \u00e9poxy \u00e0 la recherche d&rsquo;un excellent agent de d\u00e9moulage.<\/p>\n<p>En r\u00e9sum\u00e9, les agents de d\u00e9moulage en silicone liquide tels que CHILL RELEASE 110\u2122 sont une meilleure alternative que les agents de d\u00e9moulage en a\u00e9rosol pour \u00e9viter la contamination de la r\u00e9sine \u00e9poxy car ils contiennent un pourcentage plus faible de solvants qui pourraient potentiellement affecter les propri\u00e9t\u00e9s finales de la r\u00e9sine \u00e9poxy durcie. Ils offrent \u00e9galement un meilleur contr\u00f4le et une pr\u00e9cision accrue lors de l&rsquo;application, sont moins salissants et faciles \u00e0 nettoyer.<\/p>\n<p>L&rsquo;un des principaux avantages de l&rsquo;utilisation de CHILL RELEASE 110\u2122 est qu&rsquo;il permet un retrait facile et propre des projets en r\u00e9sine \u00e9poxy durcie sans laisser de marques de ruban adh\u00e9sif ou de r\u00e9sidus sur la surface inf\u00e9rieure de la r\u00e9sine \u00e9poxy. Cela peut faire gagner du temps et des efforts sur les \u00e9tapes de pon\u00e7age et autres \u00e9tapes de post-traitement.<\/p>\n<p>CHILL RELEASE 110\u2122 est un produit \u00e0 1 composant facile \u00e0 utiliser et \u00e0 appliquer avec un pinceau ou un chiffon propre. Il n&rsquo;endommage pas le moule ou l&rsquo;\u00e9quipement et n&rsquo;affecte pas la r\u00e9sine \u00e9poxy elle-m\u00eame. Au contraire, il am\u00e9liore l&rsquo;efficacit\u00e9 du moulage et prolonge la dur\u00e9e de vie du moule en r\u00e9sine \u00e9poxy.<\/p>\n<p>En bref, CHILL RELEASE 110\u2122 est un excellent choix pour les utilisateurs professionnels de r\u00e9sine \u00e9poxy \u00e0 la recherche d&rsquo;un agent de d\u00e9moulage fiable et facile \u00e0 utiliser qui peut am\u00e9liorer l&rsquo;efficacit\u00e9 du moulage et prolonger la dur\u00e9e de vie de leurs moules en r\u00e9sine \u00e9poxy.<\/p>\n<h4><strong><span data-preserver-spaces=\"true\">Caract\u00e9ristiques:<\/span><\/strong><\/h4>\n<ul>\n<li><span data-preserver-spaces=\"true\">Sans aucun doute, ce produit monocomposant est facile \u00e0 utiliser et s&rsquo;applique avec un pinceau ou un chiffon propre.<\/span><\/li>\n<li><span data-preserver-spaces=\"true\">Permet de retirer facilement et proprement les projets d&rsquo;\u00e9poxy durcis<\/span><\/li>\n<li><span data-preserver-spaces=\"true\">Il n&rsquo;endommage pas votre moule ou votre \u00e9quipement, n&rsquo;affecte pas votre \u00e9poxy.<\/span><\/li>\n<li><span data-preserver-spaces=\"true\">Il am\u00e9liore en effet l&rsquo;efficacit\u00e9 du moulage et prolonge la dur\u00e9e de vie de votre moule \u00e9poxy.<\/span><\/li>\n<li><span data-preserver-spaces=\"true\">\u00c0 utiliser avec tous les r\u00e9sines \u00e9poxy <a href=\"https:\/\/chillepoxy.com\/fr\/\">CHILL EPOXY\u2122<\/a><\/span><\/li>\n<li><span data-preserver-spaces=\"true\">Disponible en formats 500ml et 1L<\/span><\/li>\n<\/ul>\n<h4><strong><span data-preserver-spaces=\"true\">Applications:<\/span><\/strong><\/h4>\n<p>Lors de l&rsquo;utilisation de CHILL RELEASE 110\u2122, il est recommand\u00e9 d&rsquo;appliquer 2 \u00e0 3 couches de 0,001 pouce sur un nouveau moule. Cela garantira que l&rsquo;agent de d\u00e9moulage est r\u00e9parti uniform\u00e9ment et fournit les meilleurs r\u00e9sultats possibles. Pour ce faire, il est important d&rsquo;attendre 2 \u00e0 3 minutes entre chaque application \u00e0 22C\/72F et d&rsquo;utiliser un chiffon en coton propre ou un pinceau pour appliquer l&rsquo;agent de d\u00e9moulage. Cela \u00e9vitera les coulures et garantira que l&rsquo;agent de d\u00e9moulage est appliqu\u00e9 de mani\u00e8re uniforme et coh\u00e9rente.<\/p>\n<p>Veuillez noter qu&rsquo;il est toujours important de consulter <a href=\"http:\/\/www.polymerestechnologies.com\">Polym\u00e8res Technologies<\/a> pour obtenir des informations suppl\u00e9mentaires et des instructions d&rsquo;application, en fonction de vos besoins sp\u00e9cifiques et du type de moule que vous utilisez. Ils seront en mesure de vous fournir des informations d\u00e9taill\u00e9es sur la meilleure fa\u00e7on d&rsquo;utiliser le produit pour votre application sp\u00e9cifique.<\/p>\n","protected":false},"excerpt":{"rendered":"<h1>Agent d\u00e9moulant pour r\u00e9sines<\/h1>\n<p>Notre agent de d\u00e9moulant \u00e9poxy monocomposant \u00e0 base de silicone, semblable \u00e0 de l&rsquo;eau, garantit une application facile et un d\u00e9moulage propre. Emp\u00eache l&rsquo;\u00e9poxy de coller aux moules, offrant ainsi des surfaces lisses et prolongeant la dur\u00e9e de vie du moule. Parfait pour tous les projets de moulage \u00e9poxy.<\/p>\n","protected":false},"featured_media":31782,"comment_status":"open","ping_status":"closed","template":"","meta":{"jetpack_publicize_message":"","jetpack_publicize_feature_enabled":true,"jetpack_social_post_already_shared":true,"jetpack_social_options":{"image_generator_settings":{"template":"highway","default_image_id":0,"font":"","enabled":false},"version":2}},"product_brand":[],"product_cat":[88,100],"product_tag":[406,408,405],"class_list":{"0":"post-6506","1":"product","2":"type-product","3":"status-publish","4":"has-post-thumbnail","6":"product_cat-accessoires-fr","7":"product_cat-agent-demoulant","8":"product_tag-agent-de-demoulage-de-moules-en-epoxy-silicone","9":"product_tag-agent-de-liberation-depoxyde","10":"product_tag-moules-epoxy-a-base-de-silicone","12":"first","13":"instock","14":"taxable","15":"shipping-taxable","16":"purchasable","17":"product-type-variable"},"yoast_head":"<!-- This site is optimized with the Yoast SEO Premium plugin v27.4 (Yoast SEO v27.4) - https:\/\/yoast.com\/product\/yoast-seo-premium-wordpress\/ -->\n<title>Agent de d\u00e9moulage \u00e9poxy \u00e0 base de silicone | Solution de d\u00e9moulage CHILL EPOXY<\/title>\n<meta name=\"description\" content=\"Agent de d\u00e9moulage \u00e9poxy \u00e0 base de silicone. Cet agent de d\u00e9moulage en silicone liquide est formul\u00e9 pour fonctionner avec des moules en \u00e9poxy, polyur\u00e9thane rigide, \u00e9lastom\u00e8re et m\u00e9talliques.\" \/>\n<meta name=\"robots\" content=\"index, follow, max-snippet:-1, max-image-preview:large, max-video-preview:-1\" \/>\n<link rel=\"canonical\" href=\"https:\/\/chillepoxy.com\/fr\/produit\/silicone-based-mold-release-for-epoxy-resin\/\" \/>\n<meta property=\"og:locale\" content=\"fr_FR\" \/>\n<meta property=\"og:type\" content=\"article\" \/>\n<meta property=\"og:title\" content=\"Agent de d\u00e9moulage \u00e9poxy \u00e0 base de silicone\" \/>\n<meta property=\"og:description\" content=\"Agent de d\u00e9moulage \u00e9poxy \u00e0 base de silicone. Cet agent de d\u00e9moulage en silicone liquide est formul\u00e9 pour fonctionner avec des moules en \u00e9poxy, polyur\u00e9thane rigide, \u00e9lastom\u00e8re et m\u00e9talliques.\" \/>\n<meta property=\"og:url\" content=\"https:\/\/chillepoxy.com\/fr\/produit\/silicone-based-mold-release-for-epoxy-resin\/\" \/>\n<meta property=\"og:site_name\" content=\"CHILL EPOXY\" \/>\n<meta property=\"article:publisher\" content=\"https:\/\/www.facebook.com\/polymerestechnologies\/\" \/>\n<meta property=\"article:modified_time\" content=\"2026-01-09T23:14:23+00:00\" \/>\n<meta property=\"og:image\" content=\"https:\/\/chillepoxy.com\/wp-content\/uploads\/2020\/10\/Silicone-Based-Epoxy-Mold-Release-Agent.jpg\" \/>\n\t<meta property=\"og:image:width\" content=\"1920\" \/>\n\t<meta property=\"og:image:height\" content=\"1920\" \/>\n\t<meta property=\"og:image:type\" content=\"image\/jpeg\" \/>\n<meta name=\"twitter:card\" content=\"summary_large_image\" \/>\n<meta name=\"twitter:label1\" content=\"Dur\u00e9e de lecture estim\u00e9e\" \/>\n\t<meta name=\"twitter:data1\" content=\"3 minutes\" \/>\n<script type=\"application\/ld+json\" class=\"yoast-schema-graph\">{\"@context\":\"https:\\\/\\\/schema.org\",\"@graph\":[{\"@type\":\"WebPage\",\"@id\":\"https:\\\/\\\/chillepoxy.com\\\/fr\\\/produit\\\/silicone-based-mold-release-for-epoxy-resin\\\/\",\"url\":\"https:\\\/\\\/chillepoxy.com\\\/fr\\\/produit\\\/silicone-based-mold-release-for-epoxy-resin\\\/\",\"name\":\"Agent de d\u00e9moulage \u00e9poxy \u00e0 base de silicone | Solution de d\u00e9moulage CHILL EPOXY\",\"isPartOf\":{\"@id\":\"https:\\\/\\\/chillepoxy.com\\\/fr\\\/#website\"},\"primaryImageOfPage\":{\"@id\":\"https:\\\/\\\/chillepoxy.com\\\/fr\\\/produit\\\/silicone-based-mold-release-for-epoxy-resin\\\/#primaryimage\"},\"image\":{\"@id\":\"https:\\\/\\\/chillepoxy.com\\\/fr\\\/produit\\\/silicone-based-mold-release-for-epoxy-resin\\\/#primaryimage\"},\"thumbnailUrl\":\"https:\\\/\\\/chillepoxy.com\\\/wp-content\\\/uploads\\\/2020\\\/10\\\/Silicone-Based-Epoxy-Mold-Release-Agent.jpg\",\"datePublished\":\"2021-03-17T20:03:49+00:00\",\"dateModified\":\"2026-01-09T23:14:23+00:00\",\"description\":\"Agent de d\u00e9moulage \u00e9poxy \u00e0 base de silicone. Cet agent de d\u00e9moulage en silicone liquide est formul\u00e9 pour fonctionner avec des moules en \u00e9poxy, polyur\u00e9thane rigide, \u00e9lastom\u00e8re et m\u00e9talliques.\",\"breadcrumb\":{\"@id\":\"https:\\\/\\\/chillepoxy.com\\\/fr\\\/produit\\\/silicone-based-mold-release-for-epoxy-resin\\\/#breadcrumb\"},\"inLanguage\":\"fr-FR\",\"potentialAction\":[{\"@type\":\"ReadAction\",\"target\":[\"https:\\\/\\\/chillepoxy.com\\\/fr\\\/produit\\\/silicone-based-mold-release-for-epoxy-resin\\\/\"]}]},{\"@type\":\"ImageObject\",\"inLanguage\":\"fr-FR\",\"@id\":\"https:\\\/\\\/chillepoxy.com\\\/fr\\\/produit\\\/silicone-based-mold-release-for-epoxy-resin\\\/#primaryimage\",\"url\":\"https:\\\/\\\/chillepoxy.com\\\/wp-content\\\/uploads\\\/2020\\\/10\\\/Silicone-Based-Epoxy-Mold-Release-Agent.jpg\",\"contentUrl\":\"https:\\\/\\\/chillepoxy.com\\\/wp-content\\\/uploads\\\/2020\\\/10\\\/Silicone-Based-Epoxy-Mold-Release-Agent.jpg\",\"width\":1920,\"height\":1920,\"caption\":\"Agent de d\u00e9moulage \u00e9poxy \u00e0 base de silicone\"},{\"@type\":\"BreadcrumbList\",\"@id\":\"https:\\\/\\\/chillepoxy.com\\\/fr\\\/produit\\\/silicone-based-mold-release-for-epoxy-resin\\\/#breadcrumb\",\"itemListElement\":[{\"@type\":\"ListItem\",\"position\":1,\"name\":\"Home\",\"item\":\"https:\\\/\\\/chillepoxy.com\\\/fr\\\/\"},{\"@type\":\"ListItem\",\"position\":2,\"name\":\"Boutique\",\"item\":\"https:\\\/\\\/chillepoxy.com\\\/fr\\\/boutique\\\/\"},{\"@type\":\"ListItem\",\"position\":3,\"name\":\"Agent de d\u00e9moulage \u00e9poxy \u00e0 base de silicone\"}]},{\"@type\":\"WebSite\",\"@id\":\"https:\\\/\\\/chillepoxy.com\\\/fr\\\/#website\",\"url\":\"https:\\\/\\\/chillepoxy.com\\\/fr\\\/\",\"name\":\"CHILL EPOXY\u2122 High-Quality Canadian-Made Epoxy Resin\",\"description\":\"High-Quality Canadian-Made Epoxy Resin | Casting &amp; Art\",\"publisher\":{\"@id\":\"https:\\\/\\\/chillepoxy.com\\\/fr\\\/#organization\"},\"alternateName\":\"High-Quality Epoxy Resin\",\"potentialAction\":[{\"@type\":\"SearchAction\",\"target\":{\"@type\":\"EntryPoint\",\"urlTemplate\":\"https:\\\/\\\/chillepoxy.com\\\/fr\\\/?s={search_term_string}\"},\"query-input\":{\"@type\":\"PropertyValueSpecification\",\"valueRequired\":true,\"valueName\":\"search_term_string\"}}],\"inLanguage\":\"fr-FR\"},{\"@type\":\"Organization\",\"@id\":\"https:\\\/\\\/chillepoxy.com\\\/fr\\\/#organization\",\"name\":\"CHILL EPOXY\u2122\",\"alternateName\":\"High-Quality Canadian-Made Epoxy Resin\",\"url\":\"https:\\\/\\\/chillepoxy.com\\\/fr\\\/\",\"logo\":{\"@type\":\"ImageObject\",\"inLanguage\":\"fr-FR\",\"@id\":\"https:\\\/\\\/chillepoxy.com\\\/fr\\\/#\\\/schema\\\/logo\\\/image\\\/\",\"url\":\"https:\\\/\\\/i0.wp.com\\\/chillepoxy.com\\\/wp-content\\\/uploads\\\/2024\\\/02\\\/polymeres_technologies.png?fit=649%2C649&ssl=1\",\"contentUrl\":\"https:\\\/\\\/i0.wp.com\\\/chillepoxy.com\\\/wp-content\\\/uploads\\\/2024\\\/02\\\/polymeres_technologies.png?fit=649%2C649&ssl=1\",\"width\":649,\"height\":649,\"caption\":\"CHILL EPOXY\u2122\"},\"image\":{\"@id\":\"https:\\\/\\\/chillepoxy.com\\\/fr\\\/#\\\/schema\\\/logo\\\/image\\\/\"},\"sameAs\":[\"https:\\\/\\\/www.facebook.com\\\/polymerestechnologies\\\/\",\"https:\\\/\\\/www.instagram.com\\\/polymeres_technologies\\\/\",\"https:\\\/\\\/www.linkedin.com\\\/company\\\/polymeres-technologies\\\/\",\"https:\\\/\\\/www.youtube.com\\\/channel\\\/UCDaFKmK4Hn3KPKmBaTXWong\"]}]}<\/script>\n<!-- \/ Yoast SEO Premium plugin. -->","yoast_head_json":{"title":"Agent de d\u00e9moulage \u00e9poxy \u00e0 base de silicone | Solution de d\u00e9moulage CHILL EPOXY","description":"Agent de d\u00e9moulage \u00e9poxy \u00e0 base de silicone. Cet agent de d\u00e9moulage en silicone liquide est formul\u00e9 pour fonctionner avec des moules en \u00e9poxy, polyur\u00e9thane rigide, \u00e9lastom\u00e8re et m\u00e9talliques.","robots":{"index":"index","follow":"follow","max-snippet":"max-snippet:-1","max-image-preview":"max-image-preview:large","max-video-preview":"max-video-preview:-1"},"canonical":"https:\/\/chillepoxy.com\/fr\/produit\/silicone-based-mold-release-for-epoxy-resin\/","og_locale":"fr_FR","og_type":"article","og_title":"Agent de d\u00e9moulage \u00e9poxy \u00e0 base de silicone","og_description":"Agent de d\u00e9moulage \u00e9poxy \u00e0 base de silicone. Cet agent de d\u00e9moulage en silicone liquide est formul\u00e9 pour fonctionner avec des moules en \u00e9poxy, polyur\u00e9thane rigide, \u00e9lastom\u00e8re et m\u00e9talliques.","og_url":"https:\/\/chillepoxy.com\/fr\/produit\/silicone-based-mold-release-for-epoxy-resin\/","og_site_name":"CHILL EPOXY","article_publisher":"https:\/\/www.facebook.com\/polymerestechnologies\/","article_modified_time":"2026-01-09T23:14:23+00:00","og_image":[{"width":1920,"height":1920,"url":"https:\/\/chillepoxy.com\/wp-content\/uploads\/2020\/10\/Silicone-Based-Epoxy-Mold-Release-Agent.jpg","type":"image\/jpeg"}],"twitter_card":"summary_large_image","twitter_misc":{"Dur\u00e9e de lecture estim\u00e9e":"3 minutes"},"schema":{"@context":"https:\/\/schema.org","@graph":[{"@type":"WebPage","@id":"https:\/\/chillepoxy.com\/fr\/produit\/silicone-based-mold-release-for-epoxy-resin\/","url":"https:\/\/chillepoxy.com\/fr\/produit\/silicone-based-mold-release-for-epoxy-resin\/","name":"Agent de d\u00e9moulage \u00e9poxy \u00e0 base de silicone | Solution de d\u00e9moulage CHILL EPOXY","isPartOf":{"@id":"https:\/\/chillepoxy.com\/fr\/#website"},"primaryImageOfPage":{"@id":"https:\/\/chillepoxy.com\/fr\/produit\/silicone-based-mold-release-for-epoxy-resin\/#primaryimage"},"image":{"@id":"https:\/\/chillepoxy.com\/fr\/produit\/silicone-based-mold-release-for-epoxy-resin\/#primaryimage"},"thumbnailUrl":"https:\/\/chillepoxy.com\/wp-content\/uploads\/2020\/10\/Silicone-Based-Epoxy-Mold-Release-Agent.jpg","datePublished":"2021-03-17T20:03:49+00:00","dateModified":"2026-01-09T23:14:23+00:00","description":"Agent de d\u00e9moulage \u00e9poxy \u00e0 base de silicone. Cet agent de d\u00e9moulage en silicone liquide est formul\u00e9 pour fonctionner avec des moules en \u00e9poxy, polyur\u00e9thane rigide, \u00e9lastom\u00e8re et m\u00e9talliques.","breadcrumb":{"@id":"https:\/\/chillepoxy.com\/fr\/produit\/silicone-based-mold-release-for-epoxy-resin\/#breadcrumb"},"inLanguage":"fr-FR","potentialAction":[{"@type":"ReadAction","target":["https:\/\/chillepoxy.com\/fr\/produit\/silicone-based-mold-release-for-epoxy-resin\/"]}]},{"@type":"ImageObject","inLanguage":"fr-FR","@id":"https:\/\/chillepoxy.com\/fr\/produit\/silicone-based-mold-release-for-epoxy-resin\/#primaryimage","url":"https:\/\/chillepoxy.com\/wp-content\/uploads\/2020\/10\/Silicone-Based-Epoxy-Mold-Release-Agent.jpg","contentUrl":"https:\/\/chillepoxy.com\/wp-content\/uploads\/2020\/10\/Silicone-Based-Epoxy-Mold-Release-Agent.jpg","width":1920,"height":1920,"caption":"Agent de d\u00e9moulage \u00e9poxy \u00e0 base de silicone"},{"@type":"BreadcrumbList","@id":"https:\/\/chillepoxy.com\/fr\/produit\/silicone-based-mold-release-for-epoxy-resin\/#breadcrumb","itemListElement":[{"@type":"ListItem","position":1,"name":"Home","item":"https:\/\/chillepoxy.com\/fr\/"},{"@type":"ListItem","position":2,"name":"Boutique","item":"https:\/\/chillepoxy.com\/fr\/boutique\/"},{"@type":"ListItem","position":3,"name":"Agent de d\u00e9moulage \u00e9poxy \u00e0 base de silicone"}]},{"@type":"WebSite","@id":"https:\/\/chillepoxy.com\/fr\/#website","url":"https:\/\/chillepoxy.com\/fr\/","name":"CHILL EPOXY\u2122 High-Quality Canadian-Made Epoxy Resin","description":"High-Quality Canadian-Made Epoxy Resin | Casting &amp; Art","publisher":{"@id":"https:\/\/chillepoxy.com\/fr\/#organization"},"alternateName":"High-Quality Epoxy Resin","potentialAction":[{"@type":"SearchAction","target":{"@type":"EntryPoint","urlTemplate":"https:\/\/chillepoxy.com\/fr\/?s={search_term_string}"},"query-input":{"@type":"PropertyValueSpecification","valueRequired":true,"valueName":"search_term_string"}}],"inLanguage":"fr-FR"},{"@type":"Organization","@id":"https:\/\/chillepoxy.com\/fr\/#organization","name":"CHILL EPOXY\u2122","alternateName":"High-Quality Canadian-Made Epoxy Resin","url":"https:\/\/chillepoxy.com\/fr\/","logo":{"@type":"ImageObject","inLanguage":"fr-FR","@id":"https:\/\/chillepoxy.com\/fr\/#\/schema\/logo\/image\/","url":"https:\/\/i0.wp.com\/chillepoxy.com\/wp-content\/uploads\/2024\/02\/polymeres_technologies.png?fit=649%2C649&ssl=1","contentUrl":"https:\/\/i0.wp.com\/chillepoxy.com\/wp-content\/uploads\/2024\/02\/polymeres_technologies.png?fit=649%2C649&ssl=1","width":649,"height":649,"caption":"CHILL EPOXY\u2122"},"image":{"@id":"https:\/\/chillepoxy.com\/fr\/#\/schema\/logo\/image\/"},"sameAs":["https:\/\/www.facebook.com\/polymerestechnologies\/","https:\/\/www.instagram.com\/polymeres_technologies\/","https:\/\/www.linkedin.com\/company\/polymeres-technologies\/","https:\/\/www.youtube.com\/channel\/UCDaFKmK4Hn3KPKmBaTXWong"]}]}},"jetpack_publicize_connections":[],"jetpack_sharing_enabled":true,"jetpack_likes_enabled":false,"_links":{"self":[{"href":"https:\/\/chillepoxy.com\/fr\/wp-json\/wp\/v2\/product\/6506","targetHints":{"allow":["GET"]}}],"collection":[{"href":"https:\/\/chillepoxy.com\/fr\/wp-json\/wp\/v2\/product"}],"about":[{"href":"https:\/\/chillepoxy.com\/fr\/wp-json\/wp\/v2\/types\/product"}],"replies":[{"embeddable":true,"href":"https:\/\/chillepoxy.com\/fr\/wp-json\/wp\/v2\/comments?post=6506"}],"wp:featuredmedia":[{"embeddable":true,"href":"https:\/\/chillepoxy.com\/fr\/wp-json\/wp\/v2\/media\/31782"}],"wp:attachment":[{"href":"https:\/\/chillepoxy.com\/fr\/wp-json\/wp\/v2\/media?parent=6506"}],"wp:term":[{"taxonomy":"product_brand","embeddable":true,"href":"https:\/\/chillepoxy.com\/fr\/wp-json\/wp\/v2\/product_brand?post=6506"},{"taxonomy":"product_cat","embeddable":true,"href":"https:\/\/chillepoxy.com\/fr\/wp-json\/wp\/v2\/product_cat?post=6506"},{"taxonomy":"product_tag","embeddable":true,"href":"https:\/\/chillepoxy.com\/fr\/wp-json\/wp\/v2\/product_tag?post=6506"}],"curies":[{"name":"wp","href":"https:\/\/api.w.org\/{rel}","templated":true}]}}