{"id":6519,"date":"2020-10-17T19:47:47","date_gmt":"2020-10-17T23:47:47","guid":{"rendered":"https:\/\/v2.chillepoxy.com\/shop\/chill-ice-2-kit-epoxy-de-coulee-transparent-resistant-aux-uv-a-prise-lente-pour-coulees-de-15-2-depaisseur\/"},"modified":"2026-02-25T11:46:28","modified_gmt":"2026-02-25T16:46:28","slug":"ultra-clair-deep-pour-epoxy-resin-river-table-2","status":"publish","type":"product","link":"https:\/\/chillepoxy.com\/fr\/produit\/ultra-clair-deep-pour-epoxy-resin-river-table-2\/","title":{"rendered":"R\u00e9sine \u00e9poxy de coul\u00e9e profonde cristalline &amp; sans COV | r\u00e9sistante aux UV | tables rivi\u00e8re jusqu&rsquo;\u00e0 2&Prime; d&rsquo;\u00e9paisseur | CHILL ICE 2"},"content":{"rendered":"<h1>R\u00e9sine \u00e9poxy de coul\u00e9e profonde cristalline &amp; sans COV | r\u00e9sistante aux UV | tables rivi\u00e8re jusqu&rsquo;\u00e0 2&Prime; d&rsquo;\u00e9paisseur | CHILL ICE 2<\/h1>\n<p>R\u00e9sine \u00e9poxy de coul\u00e9e profonde cristalline &amp; sans COV | r\u00e9sistante aux UV | tables rivi\u00e8re jusqu&rsquo;\u00e0 2&Prime; d&rsquo;\u00e9paisseur | CHILL ICE 2. Am\u00e9liorez facilement votre production de tables de rivi\u00e8re avec CHILL ICE 2\u2122. Ce syst\u00e8me \u00e9poxy 100% r\u00e9actif et sans COV vous permet de cr\u00e9er des tables de rivi\u00e8re \u00e9poustouflantes jusqu&rsquo;\u00e0 2 pouces d&rsquo;\u00e9paisseur sans avoir besoin de ventilateurs de refroidissement. Gr\u00e2ce \u00e0 sa faible viscosit\u00e9, \u00e0 son excellent rel\u00e2chement des bulles et \u00e0 sa grande r\u00e9sistance aux UV, CHILL ICE 2\u2122 est la solution id\u00e9ale pour produire de grands moulages uniques allant jusqu&rsquo;\u00e0 60L avec pr\u00e9cision et transparence. De plus, sa dur\u00e9e de vie en pot prolong\u00e9e vous permet de m\u00e9langer plusieurs litres, ce qui en fait un produit parfait pour la production \u00e0 grande \u00e9chelle.<\/p>\n<p>Le m\u00e9lange et la coloration avec les pigments liquides CHILL DROPS\u2122 sont \u00e9galement faciles avec CHILL ICE 2\u2122. De plus, cette r\u00e9sine \u00e9poxy de coul\u00e9e profonde durcit en moins de 7 jours, vous offrant ainsi un processus de production rapide et efficace. Pour une performance optimale, conservez CHILL ICE 2\u2122 \u00e0 une temp\u00e9rature de 22\u00b0C avec une humidit\u00e9 relative inf\u00e9rieure \u00e0 60%.<\/p>\n<p>Avec ses fonctionnalit\u00e9s exceptionnelles, CHILL ICE 2\u2122 facilite la mise \u00e0 niveau de votre production de tables de rivi\u00e8re. Il suffit de m\u00e9langer la partie A et la partie B ensemble pendant 5 \u00e0 10 minutes \u00e0 l&rsquo;aide d&rsquo;une spatule en m\u00e9tal et de veiller au bon rapport 2:1. D\u00e9couvrez la diff\u00e9rence avec CHILL ICE 2 \u2122 &#8211; votre solution ultime pour cr\u00e9er facilement de superbes tables de rivi\u00e8re.<\/p>\n<h2 style=\"text-align: left;\">R\u00e9sine \u00e9poxy de coul\u00e9e profonde cristalline &amp; sans COV<\/h2>\n<h3><strong>Caract\u00e9ristiques:<\/strong><\/h3>\n<ul>\n<li style=\"font-weight: 400;\" aria-level=\"1\"><span style=\"font-weight: 400;\">Id\u00e9al pour les projets entre 1,5 et 2 pouces d&rsquo;\u00e9paisseur en une seule coul\u00e9e sans qu&rsquo;il soit n\u00e9cessaire d&rsquo;utiliser un ventilateur<\/span><\/li>\n<li style=\"font-weight: 400;\" aria-level=\"1\"><span style=\"font-weight: 400;\">Il est couramment utilis\u00e9 pour le moulage des tables rivi\u00e8re ou des projets plus importants \u00e0 l&rsquo;aide de moules<\/span><\/li>\n<li style=\"font-weight: 400;\" aria-level=\"1\"><span style=\"font-weight: 400;\">Tr\u00e8s durable<\/span><\/li>\n<li style=\"font-weight: 400;\" aria-level=\"1\"><span style=\"font-weight: 400;\">100 % solide et sans COV<\/span><\/li>\n<li style=\"font-weight: 400;\" aria-level=\"1\"><span style=\"font-weight: 400;\">Viscosit\u00e9 comme l&rsquo;eau pour \u00e9viter les bulles<\/span><\/li>\n<li style=\"font-weight: 400;\" aria-level=\"1\"><span style=\"font-weight: 400;\">Peut \u00eatre color\u00e9e avec l&rsquo;un de nos pigments liquides ou m\u00e9talliques.<\/span><\/li>\n<li style=\"font-weight: 400;\" aria-level=\"1\"><span style=\"font-weight: 400;\">Tr\u00e8s forte r\u00e9sistance m\u00e9canique et r\u00e9sistance aux contraintes<\/span><\/li>\n<\/ul>\n<h3><strong>Caract\u00e9ristiques:<\/strong><\/h3>\n<ul>\n<li style=\"font-weight: 400;\" aria-level=\"1\"><span style=\"font-weight: 400;\">Rapport de m\u00e9lange facile : 2:1 par volume ou 100\/42 par poids<\/span><\/li>\n<li style=\"font-weight: 400;\" aria-level=\"1\"><span style=\"font-weight: 400;\">Temp\u00e9rature de travail id\u00e9ale: 22C \/ 72F<\/span><\/li>\n<li style=\"font-weight: 400;\" aria-level=\"1\"><span style=\"font-weight: 400;\">Temps de m\u00e9lange : 8-10 minutes minimum<\/span><\/li>\n<li style=\"font-weight: 400;\" aria-level=\"1\"><span style=\"font-weight: 400;\">Dur\u00e9e de vie en pot : 600 minutes \u00e0 22C\/72F selon le volume et la temp\u00e9rature ambiante<\/span><\/li>\n<li style=\"font-weight: 400;\" aria-level=\"1\"><span style=\"font-weight: 400;\">Temps de durcissement : 3 \u00e0 5 jours selon le volume, la temp\u00e9rature ambiante, le taux d&rsquo;humidit\u00e9 et l&rsquo;\u00e9paisseur de la pi\u00e8ce<\/span><\/li>\n<li style=\"font-weight: 400;\" aria-level=\"1\"><span style=\"font-weight: 400;\">\u00c9paisseur recommand\u00e9e par couche : 1,5-2 pouces par couche<\/span><\/li>\n<li style=\"font-weight: 400;\" aria-level=\"1\"><span style=\"font-weight: 400;\">\u00c9paisseur maximale pour une seule coul\u00e9e : 2 pouces<\/span><\/li>\n<li style=\"font-weight: 400;\" aria-level=\"1\"><span style=\"font-weight: 400;\">Apparence apr\u00e8s le durcissement : Qualit\u00e9 optique<\/span><\/li>\n<li style=\"font-weight: 400;\" aria-level=\"1\"><span style=\"font-weight: 400;\">Viscosit\u00e9 : 200 CPS CPS m\u00e9lang\u00e9 &#8211; Viscosit\u00e9 tr\u00e8s basse pour une meilleure p\u00e9n\u00e9tration<\/span><\/li>\n<li style=\"font-weight: 400;\" aria-level=\"1\"><span style=\"font-weight: 400;\">Produits de nettoyage recommand\u00e9s: nettoyant pour r\u00e9sine POLY CLEANER\u2122 ou alcool isopropylique<\/span><\/li>\n<\/ul>\n<p><span style=\"font-weight: 400;\">Contactez <\/span><b>POLYMERES TECHNOLOGIES<\/b><span style=\"font-weight: 400;\">pour plus d&rsquo;informations \u00e0 <a href=\"mailto:support@polymerestechnologies.com\">support@polymerestechnologies.com<\/a><\/span><\/p>\n<p>&nbsp;<\/p>\n","protected":false},"excerpt":{"rendered":"<p><strong>CHILL ICE 2<\/strong> est une r\u00e9sine \u00e9poxy de coul\u00e9e bicomposant haut de gamme, sp\u00e9cialement con\u00e7ue pour la cr\u00e9ation de superbes tables rivi\u00e8re jusqu&rsquo;\u00e0 2&Prime; d&rsquo;\u00e9paisseur et l&rsquo;am\u00e9lioration de la qualit\u00e9 de vos projets de menuiserie et d&rsquo;art. Cette r\u00e9sine de coul\u00e9e profonde ultra transparente offre une clart\u00e9 exceptionnelle, une faible viscosit\u00e9 pour un \u00e9coulement fluide, une duret\u00e9 sup\u00e9rieure pour une durabilit\u00e9 optimale, et une finition sans bulles. Sa formulation sans COV garantit un environnement de travail s\u00fbr et respectueux de l\u2019environnement.  <\/p>\n","protected":false},"featured_media":27854,"comment_status":"open","ping_status":"closed","template":"","meta":{"jetpack_publicize_message":"","jetpack_publicize_feature_enabled":true,"jetpack_social_post_already_shared":false,"jetpack_social_options":{"image_generator_settings":{"template":"highway","default_image_id":0,"font":"","enabled":false},"version":2}},"product_brand":[],"product_cat":[1420,1384,1383,1387,1381,1382,1386,1306,83,1377],"product_tag":[1410,414,1411,337,415,416],"class_list":{"0":"post-6519","1":"product","2":"type-product","3":"status-publish","4":"has-post-thumbnail","6":"product_cat-1-5-up-to-2-5-08cm-fr","7":"product_cat-12l-3-17-gallon-fr","8":"product_cat-30l-7-92-gallon-fr","9":"product_cat-3l-079-gallon-fr","10":"product_cat-600l-15850-gallon-fr","11":"product_cat-60l-1585gallon-fr","12":"product_cat-6l-158-gallon-fr","13":"product_cat-moulage","14":"product_cat-resines-epoxy","15":"product_cat-table-riviere","16":"product_tag-coulee-profonde","17":"product_tag-epoxy-a-prise-lente","18":"product_tag-epoxy-de-coulee-transparent-a-faible-viscosite","19":"product_tag-epoxy-de-coulee-transparente","20":"product_tag-epoxy-transparent-haute-resistance-aux-ultraviolets","21":"product_tag-epoxyde-de-moulage-transparent-a-faible-odeur","23":"first","24":"instock","25":"featured","26":"taxable","27":"shipping-taxable","28":"purchasable","29":"product-type-variable"},"yoast_head":"<!-- This site is optimized with the Yoast SEO Premium plugin v27.4 (Yoast SEO v27.4) - https:\/\/yoast.com\/product\/yoast-seo-premium-wordpress\/ -->\n<title>R\u00e9sine \u00e9poxy de coul\u00e9e profonde cristalline &amp; sans COV | CHILL EPOXY<\/title>\n<meta name=\"description\" content=\"R\u00e9sine \u00e9poxy de coul\u00e9e profonde cristalline &amp; sans COV. Meilleure r\u00e9sine \u00e9poxy ultra transparente pour coul\u00e9e profonde, id\u00e9ale pour la cr\u00e9ation de magnifiques tables rivi\u00e8re jusqu&#039;\u00e0 2 pouces d&#039;\u00e9paisseur.\" \/>\n<meta name=\"robots\" content=\"index, follow, max-snippet:-1, max-image-preview:large, max-video-preview:-1\" \/>\n<link rel=\"canonical\" href=\"https:\/\/chillepoxy.com\/fr\/produit\/ultra-clair-deep-pour-epoxy-resin-river-table-2\/\" \/>\n<meta property=\"og:locale\" content=\"fr_FR\" \/>\n<meta property=\"og:type\" content=\"article\" \/>\n<meta property=\"og:title\" content=\"R\u00e9sine \u00e9poxy de coul\u00e9e profonde cristalline &amp; sans COV | r\u00e9sistante aux UV | tables rivi\u00e8re jusqu&#039;\u00e0 2&quot; d&#039;\u00e9paisseur | CHILL ICE 2\" \/>\n<meta property=\"og:description\" content=\"R\u00e9sine \u00e9poxy de coul\u00e9e profonde cristalline &amp; sans COV. Meilleure r\u00e9sine \u00e9poxy ultra transparente pour coul\u00e9e profonde, id\u00e9ale pour la cr\u00e9ation de magnifiques tables rivi\u00e8re jusqu&#039;\u00e0 2 pouces d&#039;\u00e9paisseur.\" \/>\n<meta property=\"og:url\" content=\"https:\/\/chillepoxy.com\/fr\/produit\/ultra-clair-deep-pour-epoxy-resin-river-table-2\/\" \/>\n<meta property=\"og:site_name\" content=\"CHILL EPOXY\" \/>\n<meta property=\"article:publisher\" content=\"https:\/\/www.facebook.com\/polymerestechnologies\/\" \/>\n<meta property=\"article:modified_time\" content=\"2026-02-25T16:46:28+00:00\" \/>\n<meta property=\"og:image\" content=\"https:\/\/chillepoxy.com\/wp-content\/uploads\/2020\/10\/Ultra-Clear-Deep-Pour-Epoxy-Resin-2-thick.jpg\" \/>\n\t<meta property=\"og:image:width\" content=\"1920\" \/>\n\t<meta property=\"og:image:height\" content=\"1920\" \/>\n\t<meta property=\"og:image:type\" content=\"image\/jpeg\" \/>\n<meta name=\"twitter:card\" content=\"summary_large_image\" \/>\n<meta name=\"twitter:label1\" content=\"Dur\u00e9e de lecture estim\u00e9e\" \/>\n\t<meta name=\"twitter:data1\" content=\"2 minutes\" \/>\n<script type=\"application\/ld+json\" class=\"yoast-schema-graph\">{\"@context\":\"https:\\\/\\\/schema.org\",\"@graph\":[{\"@type\":\"WebPage\",\"@id\":\"https:\\\/\\\/chillepoxy.com\\\/fr\\\/produit\\\/ultra-clair-deep-pour-epoxy-resin-river-table-2\\\/\",\"url\":\"https:\\\/\\\/chillepoxy.com\\\/fr\\\/produit\\\/ultra-clair-deep-pour-epoxy-resin-river-table-2\\\/\",\"name\":\"R\u00e9sine \u00e9poxy de coul\u00e9e profonde cristalline & sans COV | CHILL EPOXY\",\"isPartOf\":{\"@id\":\"https:\\\/\\\/chillepoxy.com\\\/fr\\\/#website\"},\"primaryImageOfPage\":{\"@id\":\"https:\\\/\\\/chillepoxy.com\\\/fr\\\/produit\\\/ultra-clair-deep-pour-epoxy-resin-river-table-2\\\/#primaryimage\"},\"image\":{\"@id\":\"https:\\\/\\\/chillepoxy.com\\\/fr\\\/produit\\\/ultra-clair-deep-pour-epoxy-resin-river-table-2\\\/#primaryimage\"},\"thumbnailUrl\":\"https:\\\/\\\/chillepoxy.com\\\/wp-content\\\/uploads\\\/2020\\\/10\\\/Ultra-Clear-Deep-Pour-Epoxy-Resin-2-thick.jpg\",\"datePublished\":\"2020-10-17T23:47:47+00:00\",\"dateModified\":\"2026-02-25T16:46:28+00:00\",\"description\":\"R\u00e9sine \u00e9poxy de coul\u00e9e profonde cristalline & sans COV. Meilleure r\u00e9sine \u00e9poxy ultra transparente pour coul\u00e9e profonde, id\u00e9ale pour la cr\u00e9ation de magnifiques tables rivi\u00e8re jusqu'\u00e0 2 pouces d'\u00e9paisseur.\",\"breadcrumb\":{\"@id\":\"https:\\\/\\\/chillepoxy.com\\\/fr\\\/produit\\\/ultra-clair-deep-pour-epoxy-resin-river-table-2\\\/#breadcrumb\"},\"inLanguage\":\"fr-FR\",\"potentialAction\":[{\"@type\":\"ReadAction\",\"target\":[\"https:\\\/\\\/chillepoxy.com\\\/fr\\\/produit\\\/ultra-clair-deep-pour-epoxy-resin-river-table-2\\\/\"]}]},{\"@type\":\"ImageObject\",\"inLanguage\":\"fr-FR\",\"@id\":\"https:\\\/\\\/chillepoxy.com\\\/fr\\\/produit\\\/ultra-clair-deep-pour-epoxy-resin-river-table-2\\\/#primaryimage\",\"url\":\"https:\\\/\\\/chillepoxy.com\\\/wp-content\\\/uploads\\\/2020\\\/10\\\/Ultra-Clear-Deep-Pour-Epoxy-Resin-2-thick.jpg\",\"contentUrl\":\"https:\\\/\\\/chillepoxy.com\\\/wp-content\\\/uploads\\\/2020\\\/10\\\/Ultra-Clear-Deep-Pour-Epoxy-Resin-2-thick.jpg\",\"width\":1920,\"height\":1920,\"caption\":\"R\u00e9sine \u00e9poxy de coul\u00e9e profonde cristalline &amp; sans COV\"},{\"@type\":\"BreadcrumbList\",\"@id\":\"https:\\\/\\\/chillepoxy.com\\\/fr\\\/produit\\\/ultra-clair-deep-pour-epoxy-resin-river-table-2\\\/#breadcrumb\",\"itemListElement\":[{\"@type\":\"ListItem\",\"position\":1,\"name\":\"Home\",\"item\":\"https:\\\/\\\/chillepoxy.com\\\/fr\\\/\"},{\"@type\":\"ListItem\",\"position\":2,\"name\":\"Boutique\",\"item\":\"https:\\\/\\\/chillepoxy.com\\\/fr\\\/boutique\\\/\"},{\"@type\":\"ListItem\",\"position\":3,\"name\":\"R\u00e9sine \u00e9poxy de coul\u00e9e profonde cristalline &amp; sans COV | r\u00e9sistante aux UV | tables rivi\u00e8re jusqu&#8217;\u00e0 2&#8243; d&#8217;\u00e9paisseur | CHILL ICE 2\"}]},{\"@type\":\"WebSite\",\"@id\":\"https:\\\/\\\/chillepoxy.com\\\/fr\\\/#website\",\"url\":\"https:\\\/\\\/chillepoxy.com\\\/fr\\\/\",\"name\":\"CHILL EPOXY\u2122 High-Quality Canadian-Made Epoxy Resin\",\"description\":\"High-Quality Canadian-Made Epoxy Resin | Casting &amp; Art\",\"publisher\":{\"@id\":\"https:\\\/\\\/chillepoxy.com\\\/fr\\\/#organization\"},\"alternateName\":\"High-Quality Epoxy Resin\",\"potentialAction\":[{\"@type\":\"SearchAction\",\"target\":{\"@type\":\"EntryPoint\",\"urlTemplate\":\"https:\\\/\\\/chillepoxy.com\\\/fr\\\/?s={search_term_string}\"},\"query-input\":{\"@type\":\"PropertyValueSpecification\",\"valueRequired\":true,\"valueName\":\"search_term_string\"}}],\"inLanguage\":\"fr-FR\"},{\"@type\":\"Organization\",\"@id\":\"https:\\\/\\\/chillepoxy.com\\\/fr\\\/#organization\",\"name\":\"CHILL EPOXY\u2122\",\"alternateName\":\"High-Quality Canadian-Made Epoxy Resin\",\"url\":\"https:\\\/\\\/chillepoxy.com\\\/fr\\\/\",\"logo\":{\"@type\":\"ImageObject\",\"inLanguage\":\"fr-FR\",\"@id\":\"https:\\\/\\\/chillepoxy.com\\\/fr\\\/#\\\/schema\\\/logo\\\/image\\\/\",\"url\":\"https:\\\/\\\/i0.wp.com\\\/chillepoxy.com\\\/wp-content\\\/uploads\\\/2024\\\/02\\\/polymeres_technologies.png?fit=649%2C649&ssl=1\",\"contentUrl\":\"https:\\\/\\\/i0.wp.com\\\/chillepoxy.com\\\/wp-content\\\/uploads\\\/2024\\\/02\\\/polymeres_technologies.png?fit=649%2C649&ssl=1\",\"width\":649,\"height\":649,\"caption\":\"CHILL EPOXY\u2122\"},\"image\":{\"@id\":\"https:\\\/\\\/chillepoxy.com\\\/fr\\\/#\\\/schema\\\/logo\\\/image\\\/\"},\"sameAs\":[\"https:\\\/\\\/www.facebook.com\\\/polymerestechnologies\\\/\",\"https:\\\/\\\/www.instagram.com\\\/polymeres_technologies\\\/\",\"https:\\\/\\\/www.linkedin.com\\\/company\\\/polymeres-technologies\\\/\",\"https:\\\/\\\/www.youtube.com\\\/channel\\\/UCDaFKmK4Hn3KPKmBaTXWong\"]}]}<\/script>\n<!-- \/ Yoast SEO Premium plugin. -->","yoast_head_json":{"title":"R\u00e9sine \u00e9poxy de coul\u00e9e profonde cristalline & sans COV | CHILL EPOXY","description":"R\u00e9sine \u00e9poxy de coul\u00e9e profonde cristalline & sans COV. Meilleure r\u00e9sine \u00e9poxy ultra transparente pour coul\u00e9e profonde, id\u00e9ale pour la cr\u00e9ation de magnifiques tables rivi\u00e8re jusqu'\u00e0 2 pouces d'\u00e9paisseur.","robots":{"index":"index","follow":"follow","max-snippet":"max-snippet:-1","max-image-preview":"max-image-preview:large","max-video-preview":"max-video-preview:-1"},"canonical":"https:\/\/chillepoxy.com\/fr\/produit\/ultra-clair-deep-pour-epoxy-resin-river-table-2\/","og_locale":"fr_FR","og_type":"article","og_title":"R\u00e9sine \u00e9poxy de coul\u00e9e profonde cristalline &amp; sans COV | r\u00e9sistante aux UV | tables rivi\u00e8re jusqu'\u00e0 2\" d'\u00e9paisseur | CHILL ICE 2","og_description":"R\u00e9sine \u00e9poxy de coul\u00e9e profonde cristalline & sans COV. Meilleure r\u00e9sine \u00e9poxy ultra transparente pour coul\u00e9e profonde, id\u00e9ale pour la cr\u00e9ation de magnifiques tables rivi\u00e8re jusqu'\u00e0 2 pouces d'\u00e9paisseur.","og_url":"https:\/\/chillepoxy.com\/fr\/produit\/ultra-clair-deep-pour-epoxy-resin-river-table-2\/","og_site_name":"CHILL EPOXY","article_publisher":"https:\/\/www.facebook.com\/polymerestechnologies\/","article_modified_time":"2026-02-25T16:46:28+00:00","og_image":[{"width":1920,"height":1920,"url":"https:\/\/chillepoxy.com\/wp-content\/uploads\/2020\/10\/Ultra-Clear-Deep-Pour-Epoxy-Resin-2-thick.jpg","type":"image\/jpeg"}],"twitter_card":"summary_large_image","twitter_misc":{"Dur\u00e9e de lecture estim\u00e9e":"2 minutes"},"schema":{"@context":"https:\/\/schema.org","@graph":[{"@type":"WebPage","@id":"https:\/\/chillepoxy.com\/fr\/produit\/ultra-clair-deep-pour-epoxy-resin-river-table-2\/","url":"https:\/\/chillepoxy.com\/fr\/produit\/ultra-clair-deep-pour-epoxy-resin-river-table-2\/","name":"R\u00e9sine \u00e9poxy de coul\u00e9e profonde cristalline & sans COV | CHILL EPOXY","isPartOf":{"@id":"https:\/\/chillepoxy.com\/fr\/#website"},"primaryImageOfPage":{"@id":"https:\/\/chillepoxy.com\/fr\/produit\/ultra-clair-deep-pour-epoxy-resin-river-table-2\/#primaryimage"},"image":{"@id":"https:\/\/chillepoxy.com\/fr\/produit\/ultra-clair-deep-pour-epoxy-resin-river-table-2\/#primaryimage"},"thumbnailUrl":"https:\/\/chillepoxy.com\/wp-content\/uploads\/2020\/10\/Ultra-Clear-Deep-Pour-Epoxy-Resin-2-thick.jpg","datePublished":"2020-10-17T23:47:47+00:00","dateModified":"2026-02-25T16:46:28+00:00","description":"R\u00e9sine \u00e9poxy de coul\u00e9e profonde cristalline & sans COV. Meilleure r\u00e9sine \u00e9poxy ultra transparente pour coul\u00e9e profonde, id\u00e9ale pour la cr\u00e9ation de magnifiques tables rivi\u00e8re jusqu'\u00e0 2 pouces d'\u00e9paisseur.","breadcrumb":{"@id":"https:\/\/chillepoxy.com\/fr\/produit\/ultra-clair-deep-pour-epoxy-resin-river-table-2\/#breadcrumb"},"inLanguage":"fr-FR","potentialAction":[{"@type":"ReadAction","target":["https:\/\/chillepoxy.com\/fr\/produit\/ultra-clair-deep-pour-epoxy-resin-river-table-2\/"]}]},{"@type":"ImageObject","inLanguage":"fr-FR","@id":"https:\/\/chillepoxy.com\/fr\/produit\/ultra-clair-deep-pour-epoxy-resin-river-table-2\/#primaryimage","url":"https:\/\/chillepoxy.com\/wp-content\/uploads\/2020\/10\/Ultra-Clear-Deep-Pour-Epoxy-Resin-2-thick.jpg","contentUrl":"https:\/\/chillepoxy.com\/wp-content\/uploads\/2020\/10\/Ultra-Clear-Deep-Pour-Epoxy-Resin-2-thick.jpg","width":1920,"height":1920,"caption":"R\u00e9sine \u00e9poxy de coul\u00e9e profonde cristalline &amp; sans COV"},{"@type":"BreadcrumbList","@id":"https:\/\/chillepoxy.com\/fr\/produit\/ultra-clair-deep-pour-epoxy-resin-river-table-2\/#breadcrumb","itemListElement":[{"@type":"ListItem","position":1,"name":"Home","item":"https:\/\/chillepoxy.com\/fr\/"},{"@type":"ListItem","position":2,"name":"Boutique","item":"https:\/\/chillepoxy.com\/fr\/boutique\/"},{"@type":"ListItem","position":3,"name":"R\u00e9sine \u00e9poxy de coul\u00e9e profonde cristalline &amp; sans COV | r\u00e9sistante aux UV | tables rivi\u00e8re jusqu&#8217;\u00e0 2&#8243; d&#8217;\u00e9paisseur | CHILL ICE 2"}]},{"@type":"WebSite","@id":"https:\/\/chillepoxy.com\/fr\/#website","url":"https:\/\/chillepoxy.com\/fr\/","name":"CHILL EPOXY\u2122 High-Quality Canadian-Made Epoxy Resin","description":"High-Quality Canadian-Made Epoxy Resin | Casting &amp; Art","publisher":{"@id":"https:\/\/chillepoxy.com\/fr\/#organization"},"alternateName":"High-Quality Epoxy Resin","potentialAction":[{"@type":"SearchAction","target":{"@type":"EntryPoint","urlTemplate":"https:\/\/chillepoxy.com\/fr\/?s={search_term_string}"},"query-input":{"@type":"PropertyValueSpecification","valueRequired":true,"valueName":"search_term_string"}}],"inLanguage":"fr-FR"},{"@type":"Organization","@id":"https:\/\/chillepoxy.com\/fr\/#organization","name":"CHILL EPOXY\u2122","alternateName":"High-Quality Canadian-Made Epoxy Resin","url":"https:\/\/chillepoxy.com\/fr\/","logo":{"@type":"ImageObject","inLanguage":"fr-FR","@id":"https:\/\/chillepoxy.com\/fr\/#\/schema\/logo\/image\/","url":"https:\/\/i0.wp.com\/chillepoxy.com\/wp-content\/uploads\/2024\/02\/polymeres_technologies.png?fit=649%2C649&ssl=1","contentUrl":"https:\/\/i0.wp.com\/chillepoxy.com\/wp-content\/uploads\/2024\/02\/polymeres_technologies.png?fit=649%2C649&ssl=1","width":649,"height":649,"caption":"CHILL EPOXY\u2122"},"image":{"@id":"https:\/\/chillepoxy.com\/fr\/#\/schema\/logo\/image\/"},"sameAs":["https:\/\/www.facebook.com\/polymerestechnologies\/","https:\/\/www.instagram.com\/polymeres_technologies\/","https:\/\/www.linkedin.com\/company\/polymeres-technologies\/","https:\/\/www.youtube.com\/channel\/UCDaFKmK4Hn3KPKmBaTXWong"]}]}},"jetpack_publicize_connections":[],"jetpack_sharing_enabled":true,"jetpack_likes_enabled":false,"_links":{"self":[{"href":"https:\/\/chillepoxy.com\/fr\/wp-json\/wp\/v2\/product\/6519","targetHints":{"allow":["GET"]}}],"collection":[{"href":"https:\/\/chillepoxy.com\/fr\/wp-json\/wp\/v2\/product"}],"about":[{"href":"https:\/\/chillepoxy.com\/fr\/wp-json\/wp\/v2\/types\/product"}],"replies":[{"embeddable":true,"href":"https:\/\/chillepoxy.com\/fr\/wp-json\/wp\/v2\/comments?post=6519"}],"wp:featuredmedia":[{"embeddable":true,"href":"https:\/\/chillepoxy.com\/fr\/wp-json\/wp\/v2\/media\/27854"}],"wp:attachment":[{"href":"https:\/\/chillepoxy.com\/fr\/wp-json\/wp\/v2\/media?parent=6519"}],"wp:term":[{"taxonomy":"product_brand","embeddable":true,"href":"https:\/\/chillepoxy.com\/fr\/wp-json\/wp\/v2\/product_brand?post=6519"},{"taxonomy":"product_cat","embeddable":true,"href":"https:\/\/chillepoxy.com\/fr\/wp-json\/wp\/v2\/product_cat?post=6519"},{"taxonomy":"product_tag","embeddable":true,"href":"https:\/\/chillepoxy.com\/fr\/wp-json\/wp\/v2\/product_tag?post=6519"}],"curies":[{"name":"wp","href":"https:\/\/api.w.org\/{rel}","templated":true}]}}