{"id":6525,"date":"2020-10-17T19:36:09","date_gmt":"2021-03-18T18:26:10","guid":{"rendered":"https:\/\/v2.chillepoxy.com\/shop\/chill-ice-1-kit-epoxy-de-coulee-transparent-resistant-aux-uv-a-prise-lente\/"},"modified":"2026-03-12T09:21:04","modified_gmt":"2026-03-12T13:21:04","slug":"clear-deep-pour-epoxy-resin-river-table","status":"publish","type":"product","link":"https:\/\/chillepoxy.com\/fr\/produit\/clear-deep-pour-epoxy-resin-river-table\/","title":{"rendered":"R\u00e9sine \u00e9poxy ultra transparente &amp; de grade alimentaire | \u00e9poxy de coul\u00e9e profonde | jusqu&rsquo;\u00e0 1.5&Prime; d&rsquo;\u00e9paisseur | CHILL ICE 1"},"content":{"rendered":"<h1>R\u00e9sine \u00e9poxy ultra transparente &amp; de grade alimentaire | \u00e9poxy de coul\u00e9e profonde | jusqu&rsquo;\u00e0 1.5&Prime; d&rsquo;\u00e9paisseur | CHILL ICE 1<\/h1>\n<p>R\u00e9sine \u00e9poxy ultra transparente &amp; de grade alimentaire | \u00e9poxy de coul\u00e9e profonde | jusqu&rsquo;\u00e0 1.5&Prime; d&rsquo;\u00e9paisseur | CHILL ICE 1. CHILL ICE 1\u2122 &#8211; R\u00e9sine \u00e9poxy transparente de coul\u00e9e profonde pour des couches de 1\/2 \u00e0 1.5&Prime; &#8211; le syst\u00e8me de coul\u00e9e id\u00e9al pour votre prochaine table rivi\u00e8re ou projet de petite \u00e0 moyenne taille. Avec sa transparence ultra-claire et sa formule \u00e0 prise lente et r\u00e9sistante aux UV, CHILL ICE 1\u2122 est un incontournable pour tous les passionn\u00e9s de casting.<\/p>\n<p>Vous en avez assez des bulles qui g\u00e2chent votre projet ? Ne cherchez pas plus loin que CHILL ICE 1\u2122, qui offre une excellente lib\u00e9ration de bulles et une faible odeur. Sa longue dur\u00e9e de vie en pot vous permet \u00e9galement de m\u00e9langer et de verser facilement de grandes quantit\u00e9s de r\u00e9sine.<\/p>\n<p>Mais ce n&rsquo;est pas tout. CHILL ICE 1 \u2122 a une formule 100% r\u00e9active et une faible viscosit\u00e9, ce qui permet d&rsquo;obtenir facilement des r\u00e9sultats pr\u00e9cis jusqu&rsquo;\u00e0 1,5 pouces d&rsquo;\u00e9paisseur et une masse de 60L. De plus, il est r\u00e9sistant aux UV, assurant la long\u00e9vit\u00e9 et la beaut\u00e9 de votre projet fini pour les ann\u00e9es \u00e0 venir.<\/p>\n<p>Mais ne vous contentez pas de nous croire sur parole. Notre produit r\u00e9pond \u00e0 la norme europ\u00e9enne RoHS, ce qui en fait un choix respectueux de l&rsquo;environnement pour vos besoins de moulage. Et, avec la possibilit\u00e9 d&rsquo;ajouter une touche de couleur \u00e0 l&rsquo;aide des pigments liquides CHILL DROPS &#8211; Transparent ou Opaque &#8211; vous pouvez vraiment faire ressortir votre projet.<\/p>\n<p>En r\u00e9sum\u00e9, si vous recherchez un syst\u00e8me \u00e9poxy transparent qui offre une excellente lib\u00e9ration de bulles, une longue dur\u00e9e de vie en pot et une r\u00e9sistance aux UV, CHILL ICE 1\u2122 est le choix parfait. Gr\u00e2ce \u00e0 sa polyvalence et \u00e0 sa facilit\u00e9 d&rsquo;application, vous pouvez obtenir des r\u00e9sultats \u00e9poustouflants sans bulles en un temps plus court, sans sacrifier la durabilit\u00e9. Choisissez CHILL ICE 1\u2122 pour votre prochain projet et cr\u00e9ez quelque chose de vraiment magnifique.<\/p>\n<h2 style=\"text-align: left;\">R\u00e9sine \u00e9poxy ultra transparente pour coul\u00e9e profonde 1\/2 &#8211; 1,5&Prime; couches &#8211; CHILL ICE 1<span style=\"font-weight: 400;\">\u2122<\/span><\/h2>\n<h4><strong>Caract\u00e9ristiques:<\/strong><\/h4>\n<ul>\n<li style=\"font-weight: 400;\" aria-level=\"1\"><span style=\"font-weight: 400;\">Id\u00e9al pour les projets entre 0,5 et 1,5 pouces d&rsquo;\u00e9paisseur en une seule coul\u00e9e sans qu&rsquo;il soit n\u00e9cessaire d&rsquo;utiliser un ventilateur<\/span><\/li>\n<li style=\"font-weight: 400;\" aria-level=\"1\"><span style=\"font-weight: 400;\">Il est couramment utilis\u00e9 pour le moulage de tables rivi\u00e8re, de tables basses ou de projets de taille moyenne utilisant des moules.<\/span><\/li>\n<li style=\"font-weight: 400;\" aria-level=\"1\"><span style=\"font-weight: 400;\">Tr\u00e8s durable<\/span><\/li>\n<li style=\"font-weight: 400;\" aria-level=\"1\"><span style=\"font-weight: 400;\">Viscosit\u00e9 comme l&rsquo;eau pour \u00e9viter les bulles<\/span><\/li>\n<li style=\"font-weight: 400;\" aria-level=\"1\"><span style=\"font-weight: 400;\">Peut \u00eatre color\u00e9 avec nos CHILL DROPS\u2122 ou des pigments m\u00e9talliques<\/span><\/li>\n<li style=\"font-weight: 400;\" aria-level=\"1\"><span style=\"font-weight: 400;\">Tr\u00e8s forte r\u00e9sistance m\u00e9canique et r\u00e9sistance aux contraintes<\/span><\/li>\n<li style=\"font-weight: 400;\" aria-level=\"1\"><span style=\"font-weight: 400;\">Fini Lustr\u00e9<\/span><\/li>\n<li style=\"font-weight: 400;\" aria-level=\"1\"><span style=\"font-weight: 400;\">Autonivelant<\/span><\/li>\n<li style=\"font-weight: 400;\" aria-level=\"1\"><span style=\"font-weight: 400;\">Excellente r\u00e9sistance en impact<\/span><\/li>\n<li style=\"font-weight: 400;\" aria-level=\"1\"><span style=\"font-weight: 400;\">Long temps de prise<\/span><\/li>\n<li style=\"font-weight: 400;\" aria-level=\"1\"><span style=\"font-weight: 400;\">Faible odeur<\/span><\/li>\n<\/ul>\n<h4><b>Caract\u00e9ristiques:<\/b><\/h4>\n<ul>\n<li style=\"font-weight: 400;\" aria-level=\"1\"><span style=\"font-weight: 400;\">Rapport de m\u00e9lange facile : 2:1 par volume ou 100\/42 par poids<\/span><\/li>\n<li style=\"font-weight: 400;\" aria-level=\"1\"><span style=\"font-weight: 400;\">Temp\u00e9rature de travail id\u00e9ale: 22C \/ 72F<\/span><\/li>\n<li style=\"font-weight: 400;\" aria-level=\"1\"><span style=\"font-weight: 400;\">Dur\u00e9e de vie en pot : 400 minutes \u00e0 22C\/72F selon le volume et la temp\u00e9rature ambiante<\/span><\/li>\n<li style=\"font-weight: 400;\" aria-level=\"1\"><span style=\"font-weight: 400;\">Temps de durcissement : 3 \u00e0 5 jours selon le volume, la temp\u00e9rature ambiante, le taux d&rsquo;humidit\u00e9 et l&rsquo;\u00e9paisseur de la pi\u00e8ce<\/span><\/li>\n<li style=\"font-weight: 400;\" aria-level=\"1\"><span style=\"font-weight: 400;\">\u00c9paisseur recommand\u00e9e par couche : 0,5-1.5 pouces par couche<\/span><\/li>\n<li style=\"font-weight: 400;\" aria-level=\"1\"><span style=\"font-weight: 400;\">\u00c9paisseur maximale pour une seule coul\u00e9e : 1,5 pouces<\/span><\/li>\n<li style=\"font-weight: 400;\" aria-level=\"1\"><span style=\"font-weight: 400;\">Apparence apr\u00e8s le durcissement : Qualit\u00e9 optique<\/span><\/li>\n<li style=\"font-weight: 400;\" aria-level=\"1\"><span style=\"font-weight: 400;\">Viscosit\u00e9 : 195 CPS CPS m\u00e9lang\u00e9 &#8211; Viscosit\u00e9 tr\u00e8s basse pour une meilleure p\u00e9n\u00e9tration<\/span><\/li>\n<li style=\"font-weight: 400;\" aria-level=\"1\"><span style=\"font-weight: 400;\">Produits de nettoyage recommand\u00e9s : Nettoyant pour r\u00e9sine POLYCLEANER\u2122 ou alcool isopropylique<\/span><\/li>\n<\/ul>\n","protected":false},"excerpt":{"rendered":"<p><span style=\"font-size: 75%;\">R\u00e9sine \u00e9poxy de coul\u00e9e profonde transparente en deux composants con\u00e7ue avec des mati\u00e8res premi\u00e8res \u00e0 faible viscosit\u00e9 et un temps de travail prolong\u00e9 pour des performances optimales dans des projets allant de 1\/2 pouce \u00e0 1,5 pouce d&rsquo;\u00e9paisseur. Ses caract\u00e9ristiques exceptionnelles d&rsquo;\u00e9coulement garantissent des r\u00e9sultats sans bulles, tandis que sa viscosit\u00e9 tr\u00e8s faible et sa formule 100% r\u00e9active permettent un coulage pr\u00e9cis de projets jusqu&rsquo;\u00e0 1,5 pouce d&rsquo;\u00e9paisseur et 60 litres de volume. La transparence cristalline de CHILL ICE 1\u2122 offre une finition \u00e9blouissante, rehaussant l&rsquo;attrait esth\u00e9tique de vos cr\u00e9ations, que ce soit une table de rivi\u00e8re, une table basse ou tout autre projet de petite \u00e0 moyenne taille.<\/span><\/p>\n","protected":false},"featured_media":27852,"comment_status":"open","ping_status":"closed","template":"","meta":{"jetpack_publicize_message":"","jetpack_publicize_feature_enabled":true,"jetpack_social_post_already_shared":true,"jetpack_social_options":{"image_generator_settings":{"template":"highway","default_image_id":0,"font":"","enabled":false},"version":2}},"product_brand":[],"product_cat":[1389,1421,1384,1383,1387,1381,1382,1386,1306,83],"product_tag":[414,417,337,338,416,1061,1062],"class_list":{"0":"post-6525","1":"product","2":"type-product","3":"status-publish","4":"has-post-thumbnail","6":"product_cat-1-5l-0-26-gallon-fr","7":"product_cat-1-2-up-to-1-5-3-81cm-fr","8":"product_cat-12l-3-17-gallon-fr","9":"product_cat-30l-7-92-gallon-fr","10":"product_cat-3l-079-gallon-fr","11":"product_cat-600l-15850-gallon-fr","12":"product_cat-60l-1585gallon-fr","13":"product_cat-6l-158-gallon-fr","14":"product_cat-moulage","15":"product_cat-resines-epoxy","16":"product_tag-epoxy-a-prise-lente","17":"product_tag-epoxy-coulee-transparente-a-faible-viscosite","18":"product_tag-epoxy-de-coulee-transparente","19":"product_tag-epoxy-de-moulage-transparent","20":"product_tag-epoxyde-de-moulage-transparent-a-faible-odeur","21":"product_tag-resine-de-moulage-epoxy-a-couler-en-profondeur-21","22":"product_tag-resine-epoxy-coulee-en-profondeur","24":"first","25":"instock","26":"featured","27":"taxable","28":"shipping-taxable","29":"purchasable","30":"product-type-variable"},"yoast_head":"<!-- This site is optimized with the Yoast SEO Premium plugin v27.4 (Yoast SEO v27.4) - https:\/\/yoast.com\/product\/yoast-seo-premium-wordpress\/ -->\n<title>R\u00e9sine \u00e9poxy ultra transparente &amp; de grade alimentaire | \u00e9poxy de coul\u00e9e profonde | CHILL EPOXY<\/title>\n<meta name=\"description\" content=\"R\u00e9sine \u00e9poxy ultra transparente &amp; de grade alimentaire | \u00e9poxy de coul\u00e9e profonde. R\u00e9sine \u00e9poxy de coul\u00e9e profonde ultra transparente pour des projets sans bulles jusqu&#039;\u00e0 1.5&quot; d&#039;\u00e9paisseur.\" \/>\n<meta name=\"robots\" content=\"index, follow, max-snippet:-1, max-image-preview:large, max-video-preview:-1\" \/>\n<link rel=\"canonical\" href=\"https:\/\/chillepoxy.com\/fr\/produit\/clear-deep-pour-epoxy-resin-river-table\/\" \/>\n<meta property=\"og:locale\" content=\"fr_FR\" \/>\n<meta property=\"og:type\" content=\"article\" \/>\n<meta property=\"og:title\" content=\"R\u00e9sine \u00e9poxy ultra transparente &amp; de grade alimentaire | \u00e9poxy de coul\u00e9e profonde | jusqu&#039;\u00e0 1.5&quot; d&#039;\u00e9paisseur | CHILL ICE 1\" \/>\n<meta property=\"og:description\" content=\"R\u00e9sine \u00e9poxy ultra transparente &amp; de grade alimentaire | \u00e9poxy de coul\u00e9e profonde. R\u00e9sine \u00e9poxy de coul\u00e9e profonde ultra transparente pour des projets sans bulles jusqu&#039;\u00e0 1.5&quot; d&#039;\u00e9paisseur.\" \/>\n<meta property=\"og:url\" content=\"https:\/\/chillepoxy.com\/fr\/produit\/clear-deep-pour-epoxy-resin-river-table\/\" \/>\n<meta property=\"og:site_name\" content=\"CHILL EPOXY\" \/>\n<meta property=\"article:publisher\" content=\"https:\/\/www.facebook.com\/polymerestechnologies\/\" \/>\n<meta property=\"article:modified_time\" content=\"2026-03-12T13:21:04+00:00\" \/>\n<meta property=\"og:image\" content=\"https:\/\/chillepoxy.com\/wp-content\/uploads\/2020\/10\/Deep-Pour-Casting-Epoxy-Resin.jpg\" \/>\n\t<meta property=\"og:image:width\" content=\"1920\" \/>\n\t<meta property=\"og:image:height\" content=\"1920\" \/>\n\t<meta property=\"og:image:type\" content=\"image\/jpeg\" \/>\n<meta name=\"twitter:card\" content=\"summary_large_image\" \/>\n<meta name=\"twitter:label1\" content=\"Dur\u00e9e de lecture estim\u00e9e\" \/>\n\t<meta name=\"twitter:data1\" content=\"3 minutes\" \/>\n<script type=\"application\/ld+json\" class=\"yoast-schema-graph\">{\"@context\":\"https:\\\/\\\/schema.org\",\"@graph\":[{\"@type\":\"WebPage\",\"@id\":\"https:\\\/\\\/chillepoxy.com\\\/fr\\\/produit\\\/clear-deep-pour-epoxy-resin-river-table\\\/\",\"url\":\"https:\\\/\\\/chillepoxy.com\\\/fr\\\/produit\\\/clear-deep-pour-epoxy-resin-river-table\\\/\",\"name\":\"R\u00e9sine \u00e9poxy ultra transparente & de grade alimentaire | \u00e9poxy de coul\u00e9e profonde | CHILL EPOXY\",\"isPartOf\":{\"@id\":\"https:\\\/\\\/chillepoxy.com\\\/fr\\\/#website\"},\"primaryImageOfPage\":{\"@id\":\"https:\\\/\\\/chillepoxy.com\\\/fr\\\/produit\\\/clear-deep-pour-epoxy-resin-river-table\\\/#primaryimage\"},\"image\":{\"@id\":\"https:\\\/\\\/chillepoxy.com\\\/fr\\\/produit\\\/clear-deep-pour-epoxy-resin-river-table\\\/#primaryimage\"},\"thumbnailUrl\":\"https:\\\/\\\/chillepoxy.com\\\/wp-content\\\/uploads\\\/2020\\\/10\\\/Deep-Pour-Casting-Epoxy-Resin.jpg\",\"datePublished\":\"2021-03-18T18:26:10+00:00\",\"dateModified\":\"2026-03-12T13:21:04+00:00\",\"description\":\"R\u00e9sine \u00e9poxy ultra transparente & de grade alimentaire | \u00e9poxy de coul\u00e9e profonde. R\u00e9sine \u00e9poxy de coul\u00e9e profonde ultra transparente pour des projets sans bulles jusqu'\u00e0 1.5\\\" d'\u00e9paisseur.\",\"breadcrumb\":{\"@id\":\"https:\\\/\\\/chillepoxy.com\\\/fr\\\/produit\\\/clear-deep-pour-epoxy-resin-river-table\\\/#breadcrumb\"},\"inLanguage\":\"fr-FR\",\"potentialAction\":[{\"@type\":\"ReadAction\",\"target\":[\"https:\\\/\\\/chillepoxy.com\\\/fr\\\/produit\\\/clear-deep-pour-epoxy-resin-river-table\\\/\"]}]},{\"@type\":\"ImageObject\",\"inLanguage\":\"fr-FR\",\"@id\":\"https:\\\/\\\/chillepoxy.com\\\/fr\\\/produit\\\/clear-deep-pour-epoxy-resin-river-table\\\/#primaryimage\",\"url\":\"https:\\\/\\\/chillepoxy.com\\\/wp-content\\\/uploads\\\/2020\\\/10\\\/Deep-Pour-Casting-Epoxy-Resin.jpg\",\"contentUrl\":\"https:\\\/\\\/chillepoxy.com\\\/wp-content\\\/uploads\\\/2020\\\/10\\\/Deep-Pour-Casting-Epoxy-Resin.jpg\",\"width\":1920,\"height\":1920,\"caption\":\"R\u00e9sine \u00e9poxy ultra transparente &amp; de grade alimentaire | coul\u00e9e profonde\"},{\"@type\":\"BreadcrumbList\",\"@id\":\"https:\\\/\\\/chillepoxy.com\\\/fr\\\/produit\\\/clear-deep-pour-epoxy-resin-river-table\\\/#breadcrumb\",\"itemListElement\":[{\"@type\":\"ListItem\",\"position\":1,\"name\":\"Home\",\"item\":\"https:\\\/\\\/chillepoxy.com\\\/fr\\\/\"},{\"@type\":\"ListItem\",\"position\":2,\"name\":\"Boutique\",\"item\":\"https:\\\/\\\/chillepoxy.com\\\/fr\\\/boutique\\\/\"},{\"@type\":\"ListItem\",\"position\":3,\"name\":\"R\u00e9sine \u00e9poxy ultra transparente &amp; de grade alimentaire | \u00e9poxy de coul\u00e9e profonde | jusqu&#8217;\u00e0 1.5&#8243; d&#8217;\u00e9paisseur | CHILL ICE 1\"}]},{\"@type\":\"WebSite\",\"@id\":\"https:\\\/\\\/chillepoxy.com\\\/fr\\\/#website\",\"url\":\"https:\\\/\\\/chillepoxy.com\\\/fr\\\/\",\"name\":\"CHILL EPOXY\u2122 High-Quality Canadian-Made Epoxy Resin\",\"description\":\"High-Quality Canadian-Made Epoxy Resin | Casting &amp; Art\",\"publisher\":{\"@id\":\"https:\\\/\\\/chillepoxy.com\\\/fr\\\/#organization\"},\"alternateName\":\"High-Quality Epoxy Resin\",\"potentialAction\":[{\"@type\":\"SearchAction\",\"target\":{\"@type\":\"EntryPoint\",\"urlTemplate\":\"https:\\\/\\\/chillepoxy.com\\\/fr\\\/?s={search_term_string}\"},\"query-input\":{\"@type\":\"PropertyValueSpecification\",\"valueRequired\":true,\"valueName\":\"search_term_string\"}}],\"inLanguage\":\"fr-FR\"},{\"@type\":\"Organization\",\"@id\":\"https:\\\/\\\/chillepoxy.com\\\/fr\\\/#organization\",\"name\":\"CHILL EPOXY\u2122\",\"alternateName\":\"High-Quality Canadian-Made Epoxy Resin\",\"url\":\"https:\\\/\\\/chillepoxy.com\\\/fr\\\/\",\"logo\":{\"@type\":\"ImageObject\",\"inLanguage\":\"fr-FR\",\"@id\":\"https:\\\/\\\/chillepoxy.com\\\/fr\\\/#\\\/schema\\\/logo\\\/image\\\/\",\"url\":\"https:\\\/\\\/i0.wp.com\\\/chillepoxy.com\\\/wp-content\\\/uploads\\\/2024\\\/02\\\/polymeres_technologies.png?fit=649%2C649&ssl=1\",\"contentUrl\":\"https:\\\/\\\/i0.wp.com\\\/chillepoxy.com\\\/wp-content\\\/uploads\\\/2024\\\/02\\\/polymeres_technologies.png?fit=649%2C649&ssl=1\",\"width\":649,\"height\":649,\"caption\":\"CHILL EPOXY\u2122\"},\"image\":{\"@id\":\"https:\\\/\\\/chillepoxy.com\\\/fr\\\/#\\\/schema\\\/logo\\\/image\\\/\"},\"sameAs\":[\"https:\\\/\\\/www.facebook.com\\\/polymerestechnologies\\\/\",\"https:\\\/\\\/www.instagram.com\\\/polymeres_technologies\\\/\",\"https:\\\/\\\/www.linkedin.com\\\/company\\\/polymeres-technologies\\\/\",\"https:\\\/\\\/www.youtube.com\\\/channel\\\/UCDaFKmK4Hn3KPKmBaTXWong\"]}]}<\/script>\n<!-- \/ Yoast SEO Premium plugin. -->","yoast_head_json":{"title":"R\u00e9sine \u00e9poxy ultra transparente & de grade alimentaire | \u00e9poxy de coul\u00e9e profonde | CHILL EPOXY","description":"R\u00e9sine \u00e9poxy ultra transparente & de grade alimentaire | \u00e9poxy de coul\u00e9e profonde. R\u00e9sine \u00e9poxy de coul\u00e9e profonde ultra transparente pour des projets sans bulles jusqu'\u00e0 1.5\" d'\u00e9paisseur.","robots":{"index":"index","follow":"follow","max-snippet":"max-snippet:-1","max-image-preview":"max-image-preview:large","max-video-preview":"max-video-preview:-1"},"canonical":"https:\/\/chillepoxy.com\/fr\/produit\/clear-deep-pour-epoxy-resin-river-table\/","og_locale":"fr_FR","og_type":"article","og_title":"R\u00e9sine \u00e9poxy ultra transparente &amp; de grade alimentaire | \u00e9poxy de coul\u00e9e profonde | jusqu'\u00e0 1.5\" d'\u00e9paisseur | CHILL ICE 1","og_description":"R\u00e9sine \u00e9poxy ultra transparente & de grade alimentaire | \u00e9poxy de coul\u00e9e profonde. R\u00e9sine \u00e9poxy de coul\u00e9e profonde ultra transparente pour des projets sans bulles jusqu'\u00e0 1.5\" d'\u00e9paisseur.","og_url":"https:\/\/chillepoxy.com\/fr\/produit\/clear-deep-pour-epoxy-resin-river-table\/","og_site_name":"CHILL EPOXY","article_publisher":"https:\/\/www.facebook.com\/polymerestechnologies\/","article_modified_time":"2026-03-12T13:21:04+00:00","og_image":[{"width":1920,"height":1920,"url":"https:\/\/chillepoxy.com\/wp-content\/uploads\/2020\/10\/Deep-Pour-Casting-Epoxy-Resin.jpg","type":"image\/jpeg"}],"twitter_card":"summary_large_image","twitter_misc":{"Dur\u00e9e de lecture estim\u00e9e":"3 minutes"},"schema":{"@context":"https:\/\/schema.org","@graph":[{"@type":"WebPage","@id":"https:\/\/chillepoxy.com\/fr\/produit\/clear-deep-pour-epoxy-resin-river-table\/","url":"https:\/\/chillepoxy.com\/fr\/produit\/clear-deep-pour-epoxy-resin-river-table\/","name":"R\u00e9sine \u00e9poxy ultra transparente & de grade alimentaire | \u00e9poxy de coul\u00e9e profonde | CHILL EPOXY","isPartOf":{"@id":"https:\/\/chillepoxy.com\/fr\/#website"},"primaryImageOfPage":{"@id":"https:\/\/chillepoxy.com\/fr\/produit\/clear-deep-pour-epoxy-resin-river-table\/#primaryimage"},"image":{"@id":"https:\/\/chillepoxy.com\/fr\/produit\/clear-deep-pour-epoxy-resin-river-table\/#primaryimage"},"thumbnailUrl":"https:\/\/chillepoxy.com\/wp-content\/uploads\/2020\/10\/Deep-Pour-Casting-Epoxy-Resin.jpg","datePublished":"2021-03-18T18:26:10+00:00","dateModified":"2026-03-12T13:21:04+00:00","description":"R\u00e9sine \u00e9poxy ultra transparente & de grade alimentaire | \u00e9poxy de coul\u00e9e profonde. R\u00e9sine \u00e9poxy de coul\u00e9e profonde ultra transparente pour des projets sans bulles jusqu'\u00e0 1.5\" d'\u00e9paisseur.","breadcrumb":{"@id":"https:\/\/chillepoxy.com\/fr\/produit\/clear-deep-pour-epoxy-resin-river-table\/#breadcrumb"},"inLanguage":"fr-FR","potentialAction":[{"@type":"ReadAction","target":["https:\/\/chillepoxy.com\/fr\/produit\/clear-deep-pour-epoxy-resin-river-table\/"]}]},{"@type":"ImageObject","inLanguage":"fr-FR","@id":"https:\/\/chillepoxy.com\/fr\/produit\/clear-deep-pour-epoxy-resin-river-table\/#primaryimage","url":"https:\/\/chillepoxy.com\/wp-content\/uploads\/2020\/10\/Deep-Pour-Casting-Epoxy-Resin.jpg","contentUrl":"https:\/\/chillepoxy.com\/wp-content\/uploads\/2020\/10\/Deep-Pour-Casting-Epoxy-Resin.jpg","width":1920,"height":1920,"caption":"R\u00e9sine \u00e9poxy ultra transparente &amp; de grade alimentaire | coul\u00e9e profonde"},{"@type":"BreadcrumbList","@id":"https:\/\/chillepoxy.com\/fr\/produit\/clear-deep-pour-epoxy-resin-river-table\/#breadcrumb","itemListElement":[{"@type":"ListItem","position":1,"name":"Home","item":"https:\/\/chillepoxy.com\/fr\/"},{"@type":"ListItem","position":2,"name":"Boutique","item":"https:\/\/chillepoxy.com\/fr\/boutique\/"},{"@type":"ListItem","position":3,"name":"R\u00e9sine \u00e9poxy ultra transparente &amp; de grade alimentaire | \u00e9poxy de coul\u00e9e profonde | jusqu&#8217;\u00e0 1.5&#8243; d&#8217;\u00e9paisseur | CHILL ICE 1"}]},{"@type":"WebSite","@id":"https:\/\/chillepoxy.com\/fr\/#website","url":"https:\/\/chillepoxy.com\/fr\/","name":"CHILL EPOXY\u2122 High-Quality Canadian-Made Epoxy Resin","description":"High-Quality Canadian-Made Epoxy Resin | Casting &amp; Art","publisher":{"@id":"https:\/\/chillepoxy.com\/fr\/#organization"},"alternateName":"High-Quality Epoxy Resin","potentialAction":[{"@type":"SearchAction","target":{"@type":"EntryPoint","urlTemplate":"https:\/\/chillepoxy.com\/fr\/?s={search_term_string}"},"query-input":{"@type":"PropertyValueSpecification","valueRequired":true,"valueName":"search_term_string"}}],"inLanguage":"fr-FR"},{"@type":"Organization","@id":"https:\/\/chillepoxy.com\/fr\/#organization","name":"CHILL EPOXY\u2122","alternateName":"High-Quality Canadian-Made Epoxy Resin","url":"https:\/\/chillepoxy.com\/fr\/","logo":{"@type":"ImageObject","inLanguage":"fr-FR","@id":"https:\/\/chillepoxy.com\/fr\/#\/schema\/logo\/image\/","url":"https:\/\/i0.wp.com\/chillepoxy.com\/wp-content\/uploads\/2024\/02\/polymeres_technologies.png?fit=649%2C649&ssl=1","contentUrl":"https:\/\/i0.wp.com\/chillepoxy.com\/wp-content\/uploads\/2024\/02\/polymeres_technologies.png?fit=649%2C649&ssl=1","width":649,"height":649,"caption":"CHILL EPOXY\u2122"},"image":{"@id":"https:\/\/chillepoxy.com\/fr\/#\/schema\/logo\/image\/"},"sameAs":["https:\/\/www.facebook.com\/polymerestechnologies\/","https:\/\/www.instagram.com\/polymeres_technologies\/","https:\/\/www.linkedin.com\/company\/polymeres-technologies\/","https:\/\/www.youtube.com\/channel\/UCDaFKmK4Hn3KPKmBaTXWong"]}]}},"jetpack_publicize_connections":[],"jetpack_sharing_enabled":true,"jetpack_likes_enabled":false,"_links":{"self":[{"href":"https:\/\/chillepoxy.com\/fr\/wp-json\/wp\/v2\/product\/6525","targetHints":{"allow":["GET"]}}],"collection":[{"href":"https:\/\/chillepoxy.com\/fr\/wp-json\/wp\/v2\/product"}],"about":[{"href":"https:\/\/chillepoxy.com\/fr\/wp-json\/wp\/v2\/types\/product"}],"replies":[{"embeddable":true,"href":"https:\/\/chillepoxy.com\/fr\/wp-json\/wp\/v2\/comments?post=6525"}],"wp:featuredmedia":[{"embeddable":true,"href":"https:\/\/chillepoxy.com\/fr\/wp-json\/wp\/v2\/media\/27852"}],"wp:attachment":[{"href":"https:\/\/chillepoxy.com\/fr\/wp-json\/wp\/v2\/media?parent=6525"}],"wp:term":[{"taxonomy":"product_brand","embeddable":true,"href":"https:\/\/chillepoxy.com\/fr\/wp-json\/wp\/v2\/product_brand?post=6525"},{"taxonomy":"product_cat","embeddable":true,"href":"https:\/\/chillepoxy.com\/fr\/wp-json\/wp\/v2\/product_cat?post=6525"},{"taxonomy":"product_tag","embeddable":true,"href":"https:\/\/chillepoxy.com\/fr\/wp-json\/wp\/v2\/product_tag?post=6525"}],"curies":[{"name":"wp","href":"https:\/\/api.w.org\/{rel}","templated":true}]}}