{"id":6537,"date":"2020-10-17T19:31:22","date_gmt":"2021-03-18T18:37:13","guid":{"rendered":"https:\/\/v2.chillepoxy.com\/shop\/chill-diamond-fast-kit-epoxy-de-coulee-transparent-resistant-aux-uv-a-prise-rapide\/"},"modified":"2026-04-01T10:55:31","modified_gmt":"2026-04-01T14:55:31","slug":"resine-epoxy-transparente-a-prise-rapide-pour-petits-moulages-ou-couches-minces","status":"publish","type":"product","link":"https:\/\/chillepoxy.com\/fr\/produit\/resine-epoxy-transparente-a-prise-rapide-pour-petits-moulages-ou-couches-minces\/","title":{"rendered":"R\u00e9sine \u00e9poxy transparente \u00e0 prise rapide pour petites coul\u00e9es | \u00e9poxy grade alimentaire | CHILL DIAMOND FAST | CHILL EPOXY"},"content":{"rendered":"<h1>R\u00e9sine \u00e9poxy transparente \u00e0 prise rapide pour petites coul\u00e9es | \u00e9poxy grade alimentaire | CHILL DIAMOND FAST<\/h1>\n<p><span style=\"color: #000000;\">R\u00e9sine \u00e9poxy transparente \u00e0 prise rapide pour petites coul\u00e9es | \u00e9poxy grade alimentaire | CHILL DIAMOND FAST CHILL DIAMOND FAST\u2122 &#8211; la solution parfaite pour les besoins en \u00e9poxy des petits projets. Ce syst\u00e8me d&rsquo;\u00e9poxy de coul\u00e9e claire remplit rapidement les petites fissures, les vides et les n\u0153uds avec un temps de manipulation rapide et une infiltration maximale. Sa faible viscosit\u00e9 permet un coulage et un nivellement faciles, offrant ainsi une finition lisse et uniforme. CHILL DIAMOND FAST\u2122 est r\u00e9sistant aux UV, maintenant la clart\u00e9 et la brillance m\u00eame en plein soleil. Il est \u00e9galement exempt de COV et respectueux de l&rsquo;environnement. Utilisez CHILL DIAMOND FAST\u2122 pour remplir les petites imperfections sur le bois, le m\u00e9tal et plus encore pour une r\u00e9paration pratiquement invisible. Essayez-le d\u00e8s aujourd&rsquo;hui et voyez la diff\u00e9rence par vous-m\u00eame..<\/span><\/p>\n<p><span style=\"color: #000000;\">Mais CHILL DIAMOND FAST\u2122 n&rsquo;est pas seulement destin\u00e9 aux bijoux. Sa polyvalence lui permet d&rsquo;\u00eatre utilis\u00e9 pour remplir de petites imperfections sur une large gamme de surfaces, y compris le bois, le m\u00e9tal et plus encore. Le syst\u00e8me \u00e9poxy p\u00e9n\u00e8tre facilement dans les plus petits espaces, offrant une r\u00e9paration durable et pratiquement invisible.<\/span><\/p>\n<p><span style=\"color: #000000;\">Vous recherchez un syst\u00e8me \u00e9poxy respectueux de l&rsquo;environnement? CHILL DIAMOND FAST\u2122 est exempt de COV et peut \u00eatre utilis\u00e9 en toute s\u00e9curit\u00e9 dans des espaces clos, respectueux de l&rsquo;environnement. Cr\u00e9ez des surfaces d\u00e9coratives durables et des bijoux, ou effectuez des r\u00e9parations pratiquement invisibles avec CHILL DIAMOND FAST\u2122. Il s\u00e8che rapidement et est facile \u00e0 utiliser &#8211; parfait pour tous vos petits besoins de projets. Essayez CHILL DIAMOND FAST\u2122 d\u00e8s aujourd&rsquo;hui et constatez la diff\u00e9rence par vous-m\u00eame.<\/span><\/p>\n<h2>R\u00e9sine \u00e9poxy transparente \u00e0 prise rapide pour petites coul\u00e9es<\/h2>\n<h4><span style=\"color: #000000;\"><b>Caract\u00e9ristiques:<\/b><\/span><\/h4>\n<ul>\n<li><span style=\"color: #000000;\">Mat\u00e9riaux 100% r\u00e9actifs<\/span><\/li>\n<li><span style=\"color: #000000;\">R\u00e9sistant aux UV<\/span><\/li>\n<li><span style=\"color: #000000;\">Faible viscosit\u00e9 pour une infiltration maximale et un versement et nivellement facile.<\/span><\/li>\n<li><span style=\"color: #000000;\">Le temps de prise rapide permet une manipulation en moins de 12 heures.<\/span><\/li>\n<li><span style=\"color: #000000;\">Sans COV, s\u00fbr pour les espaces int\u00e9rieurs et ferm\u00e9s<\/span><\/li>\n<li><span style=\"color: #000000;\">Peut \u00eatre utilis\u00e9 pour remplir de petites fissures, des vides et des n\u0153uds, ainsi que pour couler de petits objets transparents ou des bijoux color\u00e9s tels que des boucles d&rsquo;oreilles, des colliers, des bracelets, des \u00e9pingles \u00e0 cheveux, des boutons de manchette et plus encore.<\/span><\/li>\n<li><span style=\"color: #000000;\">Peut \u00eatre vers\u00e9 jusqu&rsquo;\u00e0 une \u00e9paisseur de 1\/4 pouce pour cr\u00e9er des dessus de table, des comptoirs durables et d&rsquo;autres applications de surfaces d\u00e9coratives.<\/span><\/li>\n<\/ul>\n<h4><span style=\"color: #000000;\"><strong>Caract\u00e9ristiques:<\/strong><\/span><\/h4>\n<ul>\n<li style=\"font-weight: 400;\" aria-level=\"1\"><span style=\"font-weight: 400; color: #000000;\">Rapport de m\u00e9lange facile : 2:1 par volume ou 100\/42 par poids<\/span><\/li>\n<li style=\"font-weight: 400;\" aria-level=\"1\"><span style=\"font-weight: 400; color: #000000;\">Temp\u00e9rature de travail id\u00e9ale: 22C \/ 72F<\/span><\/li>\n<li style=\"font-weight: 400;\" aria-level=\"1\"><span style=\"font-weight: 400; color: #000000;\">R\u00e9sine \u00e9poxy \u00e0 prise rapide &#8211; Temps de pot : 24 minutes \u00e0 22 C\/72 F selon les volumes et la temp\u00e9rature ambiante<\/span><\/li>\n<li style=\"font-weight: 400;\" aria-level=\"1\"><span style=\"font-weight: 400; color: #000000;\">Temps de durcissement : 12 \u00e0 36 heures selon le volume, la temp\u00e9rature ambiante, le taux d&rsquo;humidit\u00e9 et l&rsquo;\u00e9paisseur de la pi\u00e8ce<\/span><\/li>\n<li style=\"font-weight: 400;\" aria-level=\"1\"><span style=\"font-weight: 400; color: #000000;\">\u00c9paisseur recommand\u00e9e par couche : 1\/16 \u00e0 1\/4 de pouce par couche<\/span><\/li>\n<li style=\"font-weight: 400;\" aria-level=\"1\"><span style=\"font-weight: 400; color: #000000;\">\u00c9paisseur maximale pour une seule coul\u00e9e : 1\/2&Prime;<\/span><\/li>\n<li style=\"font-weight: 400;\" aria-level=\"1\"><span style=\"font-weight: 400; color: #000000;\">Apparence apr\u00e8s le durcissement : Qualit\u00e9 optique<\/span><\/li>\n<li style=\"font-weight: 400;\" aria-level=\"1\"><span style=\"font-weight: 400; color: #000000;\">Viscosit\u00e9 : 185 CPS CPS m\u00e9lang\u00e9 &#8211; Viscosit\u00e9 tr\u00e8s basse pour une meilleure p\u00e9n\u00e9tration<\/span><\/li>\n<li style=\"font-weight: 400;\" aria-level=\"1\"><span style=\"font-weight: 400; color: #000000;\">Produits de nettoyage recommand\u00e9s: nettoyant pour r\u00e9sine <span style=\"color: #0000ff;\"><a style=\"color: #0000ff;\" href=\"https:\/\/chillepoxy.com\/product\/eco-friendly-epoxy-resin-cleaner-remover\/\">POLY CLEANER\u2122<\/a><\/span> ou alcool isopropylique<\/span><\/li>\n<\/ul>\n<p><span style=\"color: #000000;\">Si vous cherchez \u00e0 en savoir plus sur CHILL DIAMOND FAST\u2122 ou avez des questions sur son application, n&rsquo;h\u00e9sitez pas \u00e0 contacter POLYMERES TECHNOLOGIES. Notre \u00e9quipe d&rsquo;experts est toujours pr\u00eate \u00e0 vous fournir les informations et le soutien dont vous avez besoin pour tirer le meilleur parti de nos produits. Que vous soyez un professionnel chevronn\u00e9 ou un utilisateur d\u00e9butant, nous sommes l\u00e0 pour vous aider \u00e0 chaque \u00e9tape du processus.<\/span><\/p>\n<p><span style=\"color: #000000;\">Pour plus d&rsquo;informations, visitez notre site web ou contactez-nous par t\u00e9l\u00e9phone ou par e-mail. Notre \u00e9quipe de support technique est \u00e9galement disponible pour r\u00e9soudre tout probl\u00e8me technique que vous pourriez rencontrer. Vous pouvez les contacter \u00e0 l&rsquo;adresse <a style=\"color: #000000;\" href=\"mailto:support@polymerestechnologies.com\" target=\"_new\" rel=\"noopener\">support@polymerestechnologies.com.<\/a><\/span><\/p>\n<p><span style=\"color: #000000;\">N&rsquo;h\u00e9sitez pas \u00e0 nous contacter. Chez <a style=\"color: #000000;\" href=\"http:\/\/www.polymerestechnologies.com\">POLYMERES TECHNOLOGIES<\/a>, nous nous engageons \u00e0 vous aider \u00e0 obtenir les meilleurs r\u00e9sultats avec nos produits. Faites-nous confiance pour tous vos besoins en \u00e9poxy.<\/span><\/p>\n","protected":false},"excerpt":{"rendered":"<p><span style=\"font-size: 100%;\">Obtenez des r\u00e9sultats rapides avec notre r\u00e9sine \u00e9poxy transparente bicomposante pour coul\u00e9es. R\u00e9sistante aux UV et \u00e0 faible viscosit\u00e9, elle durcit en moins de 12 heures, ce qui la rend parfaite pour les projets rapides. Sans COV et certifi\u00e9e alimentaire, elle est id\u00e9ale pour combler les fissures, les vides et les petites imperfections en toute simplicit\u00e9.<\/p>\n<p>Que vous fabriquiez des bijoux ou cr\u00e9iez des pi\u00e8ces d\u00e9coratives uniques, cette r\u00e9sine \u00e9poxy vous permet de donner vie \u00e0 vos designs. R\u00e9alisez des objets transparents ou ajoutez des couleurs vibrantes \u00e0 vos boucles d&rsquo;oreilles, colliers, bracelets et bien plus encore, avec une clart\u00e9 durable.   <\/span><\/p>\n","protected":false},"featured_media":27844,"comment_status":"open","ping_status":"closed","template":"","meta":{"jetpack_publicize_message":"","jetpack_publicize_feature_enabled":true,"jetpack_social_post_already_shared":false,"jetpack_social_options":{"image_generator_settings":{"template":"highway","default_image_id":0,"font":"","enabled":false},"version":2}},"product_brand":[],"product_cat":[1389,1423,1387,1386,1310,1320,1311,83,1319],"product_tag":[1069,1058,421,418,422,420,1352],"class_list":{"0":"post-6537","1":"product","2":"type-product","3":"status-publish","4":"has-post-thumbnail","6":"product_cat-1-5l-0-26-gallon-fr","7":"product_cat-1-4-0-63cm-fr","8":"product_cat-3l-079-gallon-fr","9":"product_cat-6l-158-gallon-fr","10":"product_cat-art-artisanat","11":"product_cat-bijoux","12":"product_cat-epoxy-a-prise-rapide","13":"product_cat-resines-epoxy","14":"product_cat-sous-verres","15":"product_tag-epoxy-a-durcissement-rapide","16":"product_tag-fast-setting-epoxy-fr","17":"product_tag-kit-epoxy-coulee-transparente","18":"product_tag-kit-epoxy-coulee-transparente-a-faible-viscosite","19":"product_tag-kit-epoxy-de-moulage-transparent","20":"product_tag-kit-epoxy-de-moulage-transparent-a-faible-odeur","21":"product_tag-resine-epoxy-a-durcissement-rapide","23":"first","24":"instock","25":"featured","26":"taxable","27":"shipping-taxable","28":"purchasable","29":"product-type-variable"},"yoast_head":"<!-- This site is optimized with the Yoast SEO Premium plugin v27.4 (Yoast SEO v27.4) - https:\/\/yoast.com\/product\/yoast-seo-premium-wordpress\/ -->\n<title>R\u00e9sine \u00e9poxy transparente \u00e0 prise rapide pour petites coul\u00e9es | Grade alimentaire | CHILL EPOXY<\/title>\n<meta name=\"description\" content=\"R\u00e9sine \u00e9poxy transparente \u00e0 prise rapide pour petites coul\u00e9es | \u00e9poxy grade alimentaire. D\u00e9couvrez la meilleure \u00e9poxy \u00e0 prise rapide pour vos projets de petites coul\u00e9es, offrant des r\u00e9sultats rapides et des finitions claires.\" \/>\n<meta name=\"robots\" content=\"index, follow, max-snippet:-1, max-image-preview:large, max-video-preview:-1\" \/>\n<link rel=\"canonical\" href=\"https:\/\/chillepoxy.com\/fr\/produit\/resine-epoxy-transparente-a-prise-rapide-pour-petits-moulages-ou-couches-minces\/\" \/>\n<meta property=\"og:locale\" content=\"fr_FR\" \/>\n<meta property=\"og:type\" content=\"article\" \/>\n<meta property=\"og:title\" content=\"R\u00e9sine \u00e9poxy transparente \u00e0 prise rapide pour petites coul\u00e9es | \u00e9poxy grade alimentaire | CHILL DIAMOND FAST | CHILL EPOXY\" \/>\n<meta property=\"og:description\" content=\"R\u00e9sine \u00e9poxy transparente \u00e0 prise rapide pour petites coul\u00e9es | \u00e9poxy grade alimentaire. D\u00e9couvrez la meilleure \u00e9poxy \u00e0 prise rapide pour vos projets de petites coul\u00e9es, offrant des r\u00e9sultats rapides et des finitions claires.\" \/>\n<meta property=\"og:url\" content=\"https:\/\/chillepoxy.com\/fr\/produit\/resine-epoxy-transparente-a-prise-rapide-pour-petits-moulages-ou-couches-minces\/\" \/>\n<meta property=\"og:site_name\" content=\"CHILL EPOXY\" \/>\n<meta property=\"article:publisher\" content=\"https:\/\/www.facebook.com\/polymerestechnologies\/\" \/>\n<meta property=\"article:modified_time\" content=\"2026-04-01T14:55:31+00:00\" \/>\n<meta property=\"og:image\" content=\"https:\/\/chillepoxy.com\/wp-content\/uploads\/2020\/10\/Clear-Fast-Set-Epoxy-for-Small-Projects.jpg\" \/>\n\t<meta property=\"og:image:width\" content=\"1920\" \/>\n\t<meta property=\"og:image:height\" content=\"1920\" \/>\n\t<meta property=\"og:image:type\" content=\"image\/jpeg\" \/>\n<meta name=\"twitter:card\" content=\"summary_large_image\" \/>\n<meta name=\"twitter:label1\" content=\"Dur\u00e9e de lecture estim\u00e9e\" \/>\n\t<meta name=\"twitter:data1\" content=\"3 minutes\" \/>\n<script type=\"application\/ld+json\" class=\"yoast-schema-graph\">{\"@context\":\"https:\\\/\\\/schema.org\",\"@graph\":[{\"@type\":\"WebPage\",\"@id\":\"https:\\\/\\\/chillepoxy.com\\\/fr\\\/produit\\\/resine-epoxy-transparente-a-prise-rapide-pour-petits-moulages-ou-couches-minces\\\/\",\"url\":\"https:\\\/\\\/chillepoxy.com\\\/fr\\\/produit\\\/resine-epoxy-transparente-a-prise-rapide-pour-petits-moulages-ou-couches-minces\\\/\",\"name\":\"R\u00e9sine \u00e9poxy transparente \u00e0 prise rapide pour petites coul\u00e9es | Grade alimentaire | CHILL EPOXY\",\"isPartOf\":{\"@id\":\"https:\\\/\\\/chillepoxy.com\\\/fr\\\/#website\"},\"primaryImageOfPage\":{\"@id\":\"https:\\\/\\\/chillepoxy.com\\\/fr\\\/produit\\\/resine-epoxy-transparente-a-prise-rapide-pour-petits-moulages-ou-couches-minces\\\/#primaryimage\"},\"image\":{\"@id\":\"https:\\\/\\\/chillepoxy.com\\\/fr\\\/produit\\\/resine-epoxy-transparente-a-prise-rapide-pour-petits-moulages-ou-couches-minces\\\/#primaryimage\"},\"thumbnailUrl\":\"https:\\\/\\\/chillepoxy.com\\\/wp-content\\\/uploads\\\/2020\\\/10\\\/Clear-Fast-Set-Epoxy-for-Small-Projects.jpg\",\"datePublished\":\"2021-03-18T18:37:13+00:00\",\"dateModified\":\"2026-04-01T14:55:31+00:00\",\"description\":\"R\u00e9sine \u00e9poxy transparente \u00e0 prise rapide pour petites coul\u00e9es | \u00e9poxy grade alimentaire. D\u00e9couvrez la meilleure \u00e9poxy \u00e0 prise rapide pour vos projets de petites coul\u00e9es, offrant des r\u00e9sultats rapides et des finitions claires.\",\"breadcrumb\":{\"@id\":\"https:\\\/\\\/chillepoxy.com\\\/fr\\\/produit\\\/resine-epoxy-transparente-a-prise-rapide-pour-petits-moulages-ou-couches-minces\\\/#breadcrumb\"},\"inLanguage\":\"fr-FR\",\"potentialAction\":[{\"@type\":\"ReadAction\",\"target\":[\"https:\\\/\\\/chillepoxy.com\\\/fr\\\/produit\\\/resine-epoxy-transparente-a-prise-rapide-pour-petits-moulages-ou-couches-minces\\\/\"]}]},{\"@type\":\"ImageObject\",\"inLanguage\":\"fr-FR\",\"@id\":\"https:\\\/\\\/chillepoxy.com\\\/fr\\\/produit\\\/resine-epoxy-transparente-a-prise-rapide-pour-petits-moulages-ou-couches-minces\\\/#primaryimage\",\"url\":\"https:\\\/\\\/chillepoxy.com\\\/wp-content\\\/uploads\\\/2020\\\/10\\\/Clear-Fast-Set-Epoxy-for-Small-Projects.jpg\",\"contentUrl\":\"https:\\\/\\\/chillepoxy.com\\\/wp-content\\\/uploads\\\/2020\\\/10\\\/Clear-Fast-Set-Epoxy-for-Small-Projects.jpg\",\"width\":1920,\"height\":1920,\"caption\":\"R\u00e9sine \u00e9poxy transparente \u00e0 prise rapide pour petites coul\u00e9es\"},{\"@type\":\"BreadcrumbList\",\"@id\":\"https:\\\/\\\/chillepoxy.com\\\/fr\\\/produit\\\/resine-epoxy-transparente-a-prise-rapide-pour-petits-moulages-ou-couches-minces\\\/#breadcrumb\",\"itemListElement\":[{\"@type\":\"ListItem\",\"position\":1,\"name\":\"Home\",\"item\":\"https:\\\/\\\/chillepoxy.com\\\/fr\\\/\"},{\"@type\":\"ListItem\",\"position\":2,\"name\":\"Boutique\",\"item\":\"https:\\\/\\\/chillepoxy.com\\\/fr\\\/boutique\\\/\"},{\"@type\":\"ListItem\",\"position\":3,\"name\":\"R\u00e9sine \u00e9poxy transparente \u00e0 prise rapide pour petites coul\u00e9es | \u00e9poxy grade alimentaire | CHILL DIAMOND FAST | CHILL EPOXY\"}]},{\"@type\":\"WebSite\",\"@id\":\"https:\\\/\\\/chillepoxy.com\\\/fr\\\/#website\",\"url\":\"https:\\\/\\\/chillepoxy.com\\\/fr\\\/\",\"name\":\"CHILL EPOXY\u2122 High-Quality Canadian-Made Epoxy Resin\",\"description\":\"High-Quality Canadian-Made Epoxy Resin | Casting &amp; Art\",\"publisher\":{\"@id\":\"https:\\\/\\\/chillepoxy.com\\\/fr\\\/#organization\"},\"alternateName\":\"High-Quality Epoxy Resin\",\"potentialAction\":[{\"@type\":\"SearchAction\",\"target\":{\"@type\":\"EntryPoint\",\"urlTemplate\":\"https:\\\/\\\/chillepoxy.com\\\/fr\\\/?s={search_term_string}\"},\"query-input\":{\"@type\":\"PropertyValueSpecification\",\"valueRequired\":true,\"valueName\":\"search_term_string\"}}],\"inLanguage\":\"fr-FR\"},{\"@type\":\"Organization\",\"@id\":\"https:\\\/\\\/chillepoxy.com\\\/fr\\\/#organization\",\"name\":\"CHILL EPOXY\u2122\",\"alternateName\":\"High-Quality Canadian-Made Epoxy Resin\",\"url\":\"https:\\\/\\\/chillepoxy.com\\\/fr\\\/\",\"logo\":{\"@type\":\"ImageObject\",\"inLanguage\":\"fr-FR\",\"@id\":\"https:\\\/\\\/chillepoxy.com\\\/fr\\\/#\\\/schema\\\/logo\\\/image\\\/\",\"url\":\"https:\\\/\\\/i0.wp.com\\\/chillepoxy.com\\\/wp-content\\\/uploads\\\/2024\\\/02\\\/polymeres_technologies.png?fit=649%2C649&ssl=1\",\"contentUrl\":\"https:\\\/\\\/i0.wp.com\\\/chillepoxy.com\\\/wp-content\\\/uploads\\\/2024\\\/02\\\/polymeres_technologies.png?fit=649%2C649&ssl=1\",\"width\":649,\"height\":649,\"caption\":\"CHILL EPOXY\u2122\"},\"image\":{\"@id\":\"https:\\\/\\\/chillepoxy.com\\\/fr\\\/#\\\/schema\\\/logo\\\/image\\\/\"},\"sameAs\":[\"https:\\\/\\\/www.facebook.com\\\/polymerestechnologies\\\/\",\"https:\\\/\\\/www.instagram.com\\\/polymeres_technologies\\\/\",\"https:\\\/\\\/www.linkedin.com\\\/company\\\/polymeres-technologies\\\/\",\"https:\\\/\\\/www.youtube.com\\\/channel\\\/UCDaFKmK4Hn3KPKmBaTXWong\"]}]}<\/script>\n<!-- \/ Yoast SEO Premium plugin. -->","yoast_head_json":{"title":"R\u00e9sine \u00e9poxy transparente \u00e0 prise rapide pour petites coul\u00e9es | Grade alimentaire | CHILL EPOXY","description":"R\u00e9sine \u00e9poxy transparente \u00e0 prise rapide pour petites coul\u00e9es | \u00e9poxy grade alimentaire. D\u00e9couvrez la meilleure \u00e9poxy \u00e0 prise rapide pour vos projets de petites coul\u00e9es, offrant des r\u00e9sultats rapides et des finitions claires.","robots":{"index":"index","follow":"follow","max-snippet":"max-snippet:-1","max-image-preview":"max-image-preview:large","max-video-preview":"max-video-preview:-1"},"canonical":"https:\/\/chillepoxy.com\/fr\/produit\/resine-epoxy-transparente-a-prise-rapide-pour-petits-moulages-ou-couches-minces\/","og_locale":"fr_FR","og_type":"article","og_title":"R\u00e9sine \u00e9poxy transparente \u00e0 prise rapide pour petites coul\u00e9es | \u00e9poxy grade alimentaire | CHILL DIAMOND FAST | CHILL EPOXY","og_description":"R\u00e9sine \u00e9poxy transparente \u00e0 prise rapide pour petites coul\u00e9es | \u00e9poxy grade alimentaire. D\u00e9couvrez la meilleure \u00e9poxy \u00e0 prise rapide pour vos projets de petites coul\u00e9es, offrant des r\u00e9sultats rapides et des finitions claires.","og_url":"https:\/\/chillepoxy.com\/fr\/produit\/resine-epoxy-transparente-a-prise-rapide-pour-petits-moulages-ou-couches-minces\/","og_site_name":"CHILL EPOXY","article_publisher":"https:\/\/www.facebook.com\/polymerestechnologies\/","article_modified_time":"2026-04-01T14:55:31+00:00","og_image":[{"width":1920,"height":1920,"url":"https:\/\/chillepoxy.com\/wp-content\/uploads\/2020\/10\/Clear-Fast-Set-Epoxy-for-Small-Projects.jpg","type":"image\/jpeg"}],"twitter_card":"summary_large_image","twitter_misc":{"Dur\u00e9e de lecture estim\u00e9e":"3 minutes"},"schema":{"@context":"https:\/\/schema.org","@graph":[{"@type":"WebPage","@id":"https:\/\/chillepoxy.com\/fr\/produit\/resine-epoxy-transparente-a-prise-rapide-pour-petits-moulages-ou-couches-minces\/","url":"https:\/\/chillepoxy.com\/fr\/produit\/resine-epoxy-transparente-a-prise-rapide-pour-petits-moulages-ou-couches-minces\/","name":"R\u00e9sine \u00e9poxy transparente \u00e0 prise rapide pour petites coul\u00e9es | Grade alimentaire | CHILL EPOXY","isPartOf":{"@id":"https:\/\/chillepoxy.com\/fr\/#website"},"primaryImageOfPage":{"@id":"https:\/\/chillepoxy.com\/fr\/produit\/resine-epoxy-transparente-a-prise-rapide-pour-petits-moulages-ou-couches-minces\/#primaryimage"},"image":{"@id":"https:\/\/chillepoxy.com\/fr\/produit\/resine-epoxy-transparente-a-prise-rapide-pour-petits-moulages-ou-couches-minces\/#primaryimage"},"thumbnailUrl":"https:\/\/chillepoxy.com\/wp-content\/uploads\/2020\/10\/Clear-Fast-Set-Epoxy-for-Small-Projects.jpg","datePublished":"2021-03-18T18:37:13+00:00","dateModified":"2026-04-01T14:55:31+00:00","description":"R\u00e9sine \u00e9poxy transparente \u00e0 prise rapide pour petites coul\u00e9es | \u00e9poxy grade alimentaire. D\u00e9couvrez la meilleure \u00e9poxy \u00e0 prise rapide pour vos projets de petites coul\u00e9es, offrant des r\u00e9sultats rapides et des finitions claires.","breadcrumb":{"@id":"https:\/\/chillepoxy.com\/fr\/produit\/resine-epoxy-transparente-a-prise-rapide-pour-petits-moulages-ou-couches-minces\/#breadcrumb"},"inLanguage":"fr-FR","potentialAction":[{"@type":"ReadAction","target":["https:\/\/chillepoxy.com\/fr\/produit\/resine-epoxy-transparente-a-prise-rapide-pour-petits-moulages-ou-couches-minces\/"]}]},{"@type":"ImageObject","inLanguage":"fr-FR","@id":"https:\/\/chillepoxy.com\/fr\/produit\/resine-epoxy-transparente-a-prise-rapide-pour-petits-moulages-ou-couches-minces\/#primaryimage","url":"https:\/\/chillepoxy.com\/wp-content\/uploads\/2020\/10\/Clear-Fast-Set-Epoxy-for-Small-Projects.jpg","contentUrl":"https:\/\/chillepoxy.com\/wp-content\/uploads\/2020\/10\/Clear-Fast-Set-Epoxy-for-Small-Projects.jpg","width":1920,"height":1920,"caption":"R\u00e9sine \u00e9poxy transparente \u00e0 prise rapide pour petites coul\u00e9es"},{"@type":"BreadcrumbList","@id":"https:\/\/chillepoxy.com\/fr\/produit\/resine-epoxy-transparente-a-prise-rapide-pour-petits-moulages-ou-couches-minces\/#breadcrumb","itemListElement":[{"@type":"ListItem","position":1,"name":"Home","item":"https:\/\/chillepoxy.com\/fr\/"},{"@type":"ListItem","position":2,"name":"Boutique","item":"https:\/\/chillepoxy.com\/fr\/boutique\/"},{"@type":"ListItem","position":3,"name":"R\u00e9sine \u00e9poxy transparente \u00e0 prise rapide pour petites coul\u00e9es | \u00e9poxy grade alimentaire | CHILL DIAMOND FAST | CHILL EPOXY"}]},{"@type":"WebSite","@id":"https:\/\/chillepoxy.com\/fr\/#website","url":"https:\/\/chillepoxy.com\/fr\/","name":"CHILL EPOXY\u2122 High-Quality Canadian-Made Epoxy Resin","description":"High-Quality Canadian-Made Epoxy Resin | Casting &amp; Art","publisher":{"@id":"https:\/\/chillepoxy.com\/fr\/#organization"},"alternateName":"High-Quality Epoxy Resin","potentialAction":[{"@type":"SearchAction","target":{"@type":"EntryPoint","urlTemplate":"https:\/\/chillepoxy.com\/fr\/?s={search_term_string}"},"query-input":{"@type":"PropertyValueSpecification","valueRequired":true,"valueName":"search_term_string"}}],"inLanguage":"fr-FR"},{"@type":"Organization","@id":"https:\/\/chillepoxy.com\/fr\/#organization","name":"CHILL EPOXY\u2122","alternateName":"High-Quality Canadian-Made Epoxy Resin","url":"https:\/\/chillepoxy.com\/fr\/","logo":{"@type":"ImageObject","inLanguage":"fr-FR","@id":"https:\/\/chillepoxy.com\/fr\/#\/schema\/logo\/image\/","url":"https:\/\/i0.wp.com\/chillepoxy.com\/wp-content\/uploads\/2024\/02\/polymeres_technologies.png?fit=649%2C649&ssl=1","contentUrl":"https:\/\/i0.wp.com\/chillepoxy.com\/wp-content\/uploads\/2024\/02\/polymeres_technologies.png?fit=649%2C649&ssl=1","width":649,"height":649,"caption":"CHILL EPOXY\u2122"},"image":{"@id":"https:\/\/chillepoxy.com\/fr\/#\/schema\/logo\/image\/"},"sameAs":["https:\/\/www.facebook.com\/polymerestechnologies\/","https:\/\/www.instagram.com\/polymeres_technologies\/","https:\/\/www.linkedin.com\/company\/polymeres-technologies\/","https:\/\/www.youtube.com\/channel\/UCDaFKmK4Hn3KPKmBaTXWong"]}]}},"jetpack_publicize_connections":[],"jetpack_sharing_enabled":true,"jetpack_likes_enabled":false,"_links":{"self":[{"href":"https:\/\/chillepoxy.com\/fr\/wp-json\/wp\/v2\/product\/6537","targetHints":{"allow":["GET"]}}],"collection":[{"href":"https:\/\/chillepoxy.com\/fr\/wp-json\/wp\/v2\/product"}],"about":[{"href":"https:\/\/chillepoxy.com\/fr\/wp-json\/wp\/v2\/types\/product"}],"replies":[{"embeddable":true,"href":"https:\/\/chillepoxy.com\/fr\/wp-json\/wp\/v2\/comments?post=6537"}],"wp:featuredmedia":[{"embeddable":true,"href":"https:\/\/chillepoxy.com\/fr\/wp-json\/wp\/v2\/media\/27844"}],"wp:attachment":[{"href":"https:\/\/chillepoxy.com\/fr\/wp-json\/wp\/v2\/media?parent=6537"}],"wp:term":[{"taxonomy":"product_brand","embeddable":true,"href":"https:\/\/chillepoxy.com\/fr\/wp-json\/wp\/v2\/product_brand?post=6537"},{"taxonomy":"product_cat","embeddable":true,"href":"https:\/\/chillepoxy.com\/fr\/wp-json\/wp\/v2\/product_cat?post=6537"},{"taxonomy":"product_tag","embeddable":true,"href":"https:\/\/chillepoxy.com\/fr\/wp-json\/wp\/v2\/product_tag?post=6537"}],"curies":[{"name":"wp","href":"https:\/\/api.w.org\/{rel}","templated":true}]}}