{"id":6542,"date":"2020-10-17T18:48:17","date_gmt":"2020-10-17T22:48:17","guid":{"rendered":"https:\/\/v2.chillepoxy.com\/shop\/chill-3d-kit-depoxy-de-comptoir-transparent-11-hautement-resistant-aux-uv\/"},"modified":"2025-05-21T10:55:57","modified_gmt":"2025-05-21T14:55:57","slug":"resine-epoxy-transparente-pour-table-artisanat-comptoirs","status":"publish","type":"product","link":"https:\/\/chillepoxy.com\/fr\/produit\/resine-epoxy-transparente-pour-table-artisanat-comptoirs\/","title":{"rendered":"R\u00e9sine \u00e9poxy transparente grade alimentaire pour comptoir et tables | r\u00e9sistante aux rayures | r\u00e9sistante \u00e0 la chaleur | CHILL 3D"},"content":{"rendered":"<h1>R\u00e9sine \u00e9poxy transparente grade alimentaire pour comptoir et tables | r\u00e9sistante aux rayures | r\u00e9sistante \u00e0 la chaleur | CHILL 3D<\/h1>\n<p><span style=\"color: #000000;\">R\u00e9sine \u00e9poxy transparente et alimentaire pour plans de travail et tables | r\u00e9sistante aux rayures | r\u00e9sistante \u00e0 la chaleur | CHILL 3D Am\u00e9liorez votre menuiserie et vos projets DIY avec la r\u00e9sine \u00e9poxy transparente pour plateau de table CHILL 3D\u2122. Cette r\u00e9sine \u00e9poxy de qualit\u00e9 sup\u00e9rieure est la solution ultime pour cr\u00e9er une finition brillante et \u00e9blouissante sur n&rsquo;importe quelle surface, y compris les comptoirs, les dessus de bar, les tables et m\u00eame les toiles artistiques. Avec un rapport 1:1, cette r\u00e9sine \u00e9poxy ultra claire et brillante est incroyablement facile \u00e0 utiliser et parfaite pour les professionnels comme pour les d\u00e9butants.<\/span><\/p>\n<p><span style=\"color: #000000;\">Contrairement \u00e0 d&rsquo;autres r\u00e9sines \u00e9poxy, CHILL 3D\u2122 est hautement r\u00e9sistante aux UV, ce qui signifie que vos cr\u00e9ations magnifiques r\u00e9sistent au jaunissement et ne se faneront pas avec le temps. Que vous cherchiez \u00e0 ajouter de la profondeur et de l&rsquo;\u00e9clat \u00e0 vos surfaces en bois ou \u00e0 cr\u00e9er de magnifiques \u00ab\u00a0sc\u00e8nes de plage\u00a0\u00bb, cette r\u00e9sine \u00e9poxy polyvalente a tout ce qu&rsquo;il vous faut.<\/span><\/p>\n<p><span style=\"color: #000000;\">Avec ses caract\u00e9ristiques thixotropiques, CHILL 3D\u2122 est id\u00e9ale pour stabiliser les pigments et pr\u00e9venir la s\u00e9paration lors du processus de coul\u00e9e. Sa viscosit\u00e9 l\u00e9g\u00e8rement sup\u00e9rieure en fait la solution parfaite pour cr\u00e9er des effets \u00e9poustouflants de \u00ab\u00a0doming\u00a0\u00bb ou de \u00ab\u00a0lacing\u00a0\u00bb, donnant \u00e0 vos surfaces un aspect unique et accrocheur qui ne manquera pas d&rsquo;impressionner.<\/span><\/p>\n<p><span style=\"color: #000000;\">Mais CHILL 3D\u2122 n&rsquo;est pas seulement jolie &#8211; elle est aussi incroyablement durable. Avec sa r\u00e9sistance \u00e0 la chaleur et aux rayures, cette r\u00e9sine \u00e9poxy peut supporter l&rsquo;usure quotidienne m\u00eame des cuisines les plus fr\u00e9quent\u00e9es Elle est \u00e9galement incroyablement facile \u00e0 entretenir, ce qui en fait un excellent investissement \u00e0 long terme pour tout projet.<\/span><\/p>\n<p><span style=\"color: #000000;\">Que vous souhaitiez couvrir des planches de bois avec un bord vivant, cr\u00e9er un superbe comptoir ou faire passer vos cr\u00e9ations artistiques au niveau sup\u00e9rieur, CHILL 3D\u2122 Clear Table Top Epoxy Resin est le choix parfait. Commandez d\u00e8s maintenant et d\u00e9couvrez par vous-m\u00eame l&rsquo;ultime clart\u00e9, durabilit\u00e9 et style!<\/span><\/p>\n<h2>R\u00e9sine \u00e9poxy transparente grade alimentaire pour comptoirs et tables<\/h2>\n<h4><span style=\"color: #000000;\"><strong>Caract\u00e9ristiques:<\/strong><\/span><\/h4>\n<ul>\n<li><span style=\"color: #000000;\" data-preserver-spaces=\"true\">Convient aux projets de plans de travail, de dessus de bar et de dessus de table. Il peut \u00e9galement \u00eatre appliqu\u00e9 sur des toiles<\/span><\/li>\n<li><span style=\"color: #000000;\" data-preserver-spaces=\"true\">Id\u00e9al pour les \u00ab effets de dentelle \u00bb et les \u00ab sc\u00e8nes de plage \u00bb sur des surfaces en bois<\/span><\/li>\n<li><span style=\"color: #000000;\" data-preserver-spaces=\"true\">Il est souvent utilis\u00e9 pour ajouter de la profondeur aux endroits sp\u00e9cifiques sur lesquels il est appliqu\u00e9<\/span><\/li>\n<li><span style=\"color: #000000;\" data-preserver-spaces=\"true\">100% solide et sans COV<\/span><\/li>\n<li><span style=\"color: #000000;\" data-preserver-spaces=\"true\">Tr\u00e8s durable<\/span><\/li>\n<li><span style=\"color: #000000;\" data-preserver-spaces=\"true\">Auto-nivelant<\/span><\/li>\n<li><span style=\"color: #000000;\" data-preserver-spaces=\"true\">Excellente r\u00e9sistance aux UV et \u00e0 la chaleur<\/span><\/li>\n<li><span style=\"color: #000000;\" data-preserver-spaces=\"true\">Finition lustr\u00e9e<\/span><\/li>\n<li><span style=\"color: #000000;\" data-preserver-spaces=\"true\">Sans \u00ab\u00a0Blush\u00a0\u00bb<\/span><\/li>\n<li><span style=\"color: #000000;\" data-preserver-spaces=\"true\">Excellente r\u00e9sistance aux chocs<\/span><\/li>\n<li><span style=\"color: #000000;\" data-preserver-spaces=\"true\">Viscosit\u00e9 moyenne<\/span><\/li>\n<li><span style=\"color: #000000;\" data-preserver-spaces=\"true\">Il peut \u00eatre color\u00e9 avec l&rsquo;un de nos pigments liquides ou m\u00e9talliques.<\/span><\/li>\n<li><span style=\"color: #000000;\" data-preserver-spaces=\"true\">Tr\u00e8s forte r\u00e9sistance m\u00e9canique et r\u00e9sistance aux stress<\/span><\/li>\n<\/ul>\n<h3><span style=\"color: #000000;\"><strong>Caract\u00e9ristiques:<\/strong><\/span><\/h3>\n<ul>\n<li><span style=\"color: #000000;\" data-preserver-spaces=\"true\">Rapport de m\u00e9lange facile : 1:1 par volume ou 100\/85 par poids<\/span><\/li>\n<li><span style=\"color: #000000;\" data-preserver-spaces=\"true\">Temp\u00e9rature de travail id\u00e9ale: 22C \/ 72F<\/span><\/li>\n<li><span style=\"color: #000000;\" data-preserver-spaces=\"true\">Temps de m\u00e9lange : 8-10 minutes minimum<\/span><\/li>\n<li><span style=\"color: #000000;\" data-preserver-spaces=\"true\">Dur\u00e9e de vie en pot : 60 minutes \u00e0 22C\/72F selon le volume et la temp\u00e9rature ambiante<\/span><\/li>\n<li><span style=\"color: #000000;\" data-preserver-spaces=\"true\">Temps de durcissement : 3 \u00e0 5 jours selon le volume, la temp\u00e9rature ambiante, le taux d&rsquo;humidit\u00e9 et l&rsquo;\u00e9paisseur de la pi\u00e8ce<\/span><\/li>\n<li><span style=\"color: #000000;\" data-preserver-spaces=\"true\">\u00c9paisseur recommand\u00e9e par couche : 1\/8-1\/4&Prime; par couche<\/span><\/li>\n<li><span style=\"color: #000000;\" data-preserver-spaces=\"true\">\u00c9paisseur maximale pour une seule coul\u00e9e : 1\/2&Prime;<\/span><\/li>\n<li><span style=\"color: #000000;\" data-preserver-spaces=\"true\">Sec au toucher : 12 heures<\/span><\/li>\n<li><span style=\"color: #000000;\" data-preserver-spaces=\"true\">Apparence apr\u00e8s le durcissement : Qualit\u00e9 optique<\/span><\/li>\n<li><span style=\"color: #000000;\" data-preserver-spaces=\"true\">Viscosit\u00e9 : 3500 CPS m\u00e9lang\u00e9 &#8211; viscosit\u00e9 moyenne<\/span><\/li>\n<li><span style=\"color: #000000;\" data-preserver-spaces=\"true\">Produits de nettoyage recommand\u00e9s: nettoyant pour r\u00e9sine POLY CLEANER\u2122 ou alcool isopropylique<\/span><\/li>\n<\/ul>\n<h4><span style=\"color: #000000;\"><strong>Application:<\/strong><\/span><\/h4>\n<p><span style=\"color: #000000;\">Si vous cherchez \u00e0 cr\u00e9er des projets de r\u00e9sine \u00e9poustouflants, ne cherchez pas plus loin que la r\u00e9sine \u00e9poxy CHILL 3D\u2122. Cependant, pour obtenir une finition parfaite, il est important de suivre les bonnes \u00e9tapes.<\/span><\/p>\n<p><span style=\"color: #000000;\">Tout d&rsquo;abord, nous recommandons d&rsquo;appliquer une couche d&rsquo;\u00e9tanch\u00e9it\u00e9 en utilisant <span style=\"background-color: #ffffff; color: #00aae7;\">CHILL SEALER\u2122<\/span>, une r\u00e9sine \u00e9poxy \u00e0 prise rapide qui scelle toutes les cavit\u00e9s et porosit\u00e9s. Cette couche d&rsquo;\u00e9tanch\u00e9it\u00e9 est essentielle pour \u00e9viter la formation de bulles lors de l&rsquo;utilisation de CHILL 3D\u2122 comme couche de finition. Appliquez la couche de scellant avec un pinceau ou un rouleau pour \u00e9viter que l&rsquo;air ou l&rsquo;humidit\u00e9 ne s&rsquo;\u00e9chappe.<\/span><\/p>\n<p><span style=\"color: #000000;\">Pour appliquer CHILL 3D\u2122, versez la r\u00e9sine \u00e9poxy du centre de la surface et laissez-la s&rsquo;auto-niveler. Vous pouvez utiliser une raclette ou une truelle en r\u00e9sine pour aider \u00e0 r\u00e9partir la r\u00e9sine uniform\u00e9ment sur votre surface. Nous recommandons d&rsquo;appliquer CHILL 3D\u2122 en couches de 1\/8 de pouce, mais vous pouvez appliquer plusieurs couches tant que la premi\u00e8re est suffisamment collante ou durcie pour recevoir la seconde.<\/span><\/p>\n<p><span style=\"color: #000000;\">Avec la r\u00e9sine \u00e9poxy CHILL 3D\u2122, vous pouvez obtenir une finition parfaite \u00e0 chaque fois. Suivez ces \u00e9tapes pour cr\u00e9er des projets en r\u00e9sine \u00e9tonnants qui dureront toute une vie.<\/span><\/p>\n","protected":false},"excerpt":{"rendered":"<p>CHILL 3D est <strong>une r\u00e9sine \u00e9poxy transparente de grade alimentaire pour comptoirs et tables<\/strong>, <strong>r\u00e9sistante aux rayures<\/strong> et \u00e0 <strong>la chaleur<\/strong>. Cette r\u00e9sine bicomposante est con\u00e7ue pour des applications en couches \u00e9paisses, ce qui la rend id\u00e9ale pour recouvrir les surfaces en bois et offrir une finition brillante \u00e9blouissante. Sa formule respectueuse de l&rsquo;environnement, sans COV et \u00e0 faible odeur, garantit une utilisation en toute s\u00e9curit\u00e9 dans les environnements domestiques et professionnels. En plus d\u2019\u00eatre r\u00e9sistante aux UV et \u00e0 la chaleur pour une durabilit\u00e9 \u00e0 long terme, CHILL 3D est suffisamment polyvalente pour les projets de cr\u00e9ation, o\u00f9 elle peut produire un superbe effet de d\u00f4me.<\/p>\n<p>&nbsp;<\/p>\n<p>&nbsp;<\/p>\n","protected":false},"featured_media":27847,"comment_status":"open","ping_status":"closed","template":"","meta":{"jetpack_publicize_message":"","jetpack_publicize_feature_enabled":true,"jetpack_social_post_already_shared":false,"jetpack_social_options":{"image_generator_settings":{"template":"highway","default_image_id":0,"font":"","enabled":false},"version":2}},"product_brand":[],"product_cat":[1422,1407,1388,1408,1386,1385,1310,1309,83],"product_tag":[1076,427,423,1077,1075,1058,424,426],"class_list":{"0":"post-6542","1":"product","2":"type-product","3":"status-publish","4":"has-post-thumbnail","6":"product_cat-1-2-1-27cm-fr","7":"product_cat-20l-5-28-gallon","8":"product_cat-2l-052-gallon-fr","9":"product_cat-40l-1056-gallon","10":"product_cat-6l-158-gallon-fr","11":"product_cat-8l-211-gallon-fr","12":"product_cat-art-artisanat","13":"product_cat-dessus-de-table-comptoirs","14":"product_cat-resines-epoxy","15":"product_tag-comptoir-epoxy","16":"product_tag-couche-epoxy-transparente-a-faible-viscosite","17":"product_tag-couche-transparente-epoxy","18":"product_tag-dessus-de-table-epoxy","19":"product_tag-epoxy-dessus-de-table","20":"product_tag-fast-setting-epoxy-fr","21":"product_tag-revetement-epoxy-transparent","22":"product_tag-revetement-epoxy-transparent-a-faible-odeur","24":"first","25":"instock","26":"featured","27":"taxable","28":"shipping-taxable","29":"purchasable","30":"product-type-variable","31":"has-default-attributes"},"yoast_head":"<!-- This site is optimized with the Yoast SEO Premium plugin v27.4 (Yoast SEO v27.4) - https:\/\/yoast.com\/product\/yoast-seo-premium-wordpress\/ -->\n<title>R\u00e9sine \u00e9poxy transparente grade alimentaire pour comptoirs et tables | CHILL EPOXY<\/title>\n<meta name=\"description\" content=\"R\u00e9sine \u00e9poxy transparente grade alimentaire pour comptoirs et tables | R\u00e9sistante aux rayures. Cette r\u00e9sine \u00e9poxy pour comptoirs est r\u00e9sistante \u00e0 la chaleur, aux rayures et aux chocs. Elle est \u00e9galement sans COV (Compos\u00e9s Organiques Volatils) et peut r\u00e9sister \u00e0 des ann\u00e9es d&#039;utilisation.\" \/>\n<meta name=\"robots\" content=\"index, follow, max-snippet:-1, max-image-preview:large, max-video-preview:-1\" \/>\n<link rel=\"canonical\" href=\"https:\/\/chillepoxy.com\/fr\/produit\/resine-epoxy-transparente-pour-table-artisanat-comptoirs\/\" \/>\n<meta property=\"og:locale\" content=\"fr_FR\" \/>\n<meta property=\"og:type\" content=\"article\" \/>\n<meta property=\"og:title\" content=\"R\u00e9sine \u00e9poxy transparente grade alimentaire pour comptoir et tables | r\u00e9sistante aux rayures | r\u00e9sistante \u00e0 la chaleur | CHILL 3D\" \/>\n<meta property=\"og:description\" content=\"R\u00e9sine \u00e9poxy transparente grade alimentaire pour comptoirs et tables | R\u00e9sistante aux rayures. Cette r\u00e9sine \u00e9poxy pour comptoirs est r\u00e9sistante \u00e0 la chaleur, aux rayures et aux chocs. Elle est \u00e9galement sans COV (Compos\u00e9s Organiques Volatils) et peut r\u00e9sister \u00e0 des ann\u00e9es d&#039;utilisation.\" \/>\n<meta property=\"og:url\" content=\"https:\/\/chillepoxy.com\/fr\/produit\/resine-epoxy-transparente-pour-table-artisanat-comptoirs\/\" \/>\n<meta property=\"og:site_name\" content=\"CHILL EPOXY\" \/>\n<meta property=\"article:publisher\" content=\"https:\/\/www.facebook.com\/polymerestechnologies\/\" \/>\n<meta property=\"article:modified_time\" content=\"2025-05-21T14:55:57+00:00\" \/>\n<meta property=\"og:image\" content=\"https:\/\/chillepoxy.com\/wp-content\/uploads\/2020\/10\/Countertop-Table-Top-Epoxy-Resin.jpg\" \/>\n\t<meta property=\"og:image:width\" content=\"1920\" \/>\n\t<meta property=\"og:image:height\" content=\"1920\" \/>\n\t<meta property=\"og:image:type\" content=\"image\/jpeg\" \/>\n<meta name=\"twitter:card\" content=\"summary_large_image\" \/>\n<meta name=\"twitter:label1\" content=\"Dur\u00e9e de lecture estim\u00e9e\" \/>\n\t<meta name=\"twitter:data1\" content=\"4 minutes\" \/>\n<script type=\"application\/ld+json\" class=\"yoast-schema-graph\">{\"@context\":\"https:\\\/\\\/schema.org\",\"@graph\":[{\"@type\":\"WebPage\",\"@id\":\"https:\\\/\\\/chillepoxy.com\\\/fr\\\/produit\\\/resine-epoxy-transparente-pour-table-artisanat-comptoirs\\\/\",\"url\":\"https:\\\/\\\/chillepoxy.com\\\/fr\\\/produit\\\/resine-epoxy-transparente-pour-table-artisanat-comptoirs\\\/\",\"name\":\"R\u00e9sine \u00e9poxy transparente grade alimentaire pour comptoirs et tables | CHILL EPOXY\",\"isPartOf\":{\"@id\":\"https:\\\/\\\/chillepoxy.com\\\/fr\\\/#website\"},\"primaryImageOfPage\":{\"@id\":\"https:\\\/\\\/chillepoxy.com\\\/fr\\\/produit\\\/resine-epoxy-transparente-pour-table-artisanat-comptoirs\\\/#primaryimage\"},\"image\":{\"@id\":\"https:\\\/\\\/chillepoxy.com\\\/fr\\\/produit\\\/resine-epoxy-transparente-pour-table-artisanat-comptoirs\\\/#primaryimage\"},\"thumbnailUrl\":\"https:\\\/\\\/chillepoxy.com\\\/wp-content\\\/uploads\\\/2020\\\/10\\\/Countertop-Table-Top-Epoxy-Resin.jpg\",\"datePublished\":\"2020-10-17T22:48:17+00:00\",\"dateModified\":\"2025-05-21T14:55:57+00:00\",\"description\":\"R\u00e9sine \u00e9poxy transparente grade alimentaire pour comptoirs et tables | R\u00e9sistante aux rayures. Cette r\u00e9sine \u00e9poxy pour comptoirs est r\u00e9sistante \u00e0 la chaleur, aux rayures et aux chocs. Elle est \u00e9galement sans COV (Compos\u00e9s Organiques Volatils) et peut r\u00e9sister \u00e0 des ann\u00e9es d'utilisation.\",\"breadcrumb\":{\"@id\":\"https:\\\/\\\/chillepoxy.com\\\/fr\\\/produit\\\/resine-epoxy-transparente-pour-table-artisanat-comptoirs\\\/#breadcrumb\"},\"inLanguage\":\"fr-FR\",\"potentialAction\":[{\"@type\":\"ReadAction\",\"target\":[\"https:\\\/\\\/chillepoxy.com\\\/fr\\\/produit\\\/resine-epoxy-transparente-pour-table-artisanat-comptoirs\\\/\"]}]},{\"@type\":\"ImageObject\",\"inLanguage\":\"fr-FR\",\"@id\":\"https:\\\/\\\/chillepoxy.com\\\/fr\\\/produit\\\/resine-epoxy-transparente-pour-table-artisanat-comptoirs\\\/#primaryimage\",\"url\":\"https:\\\/\\\/chillepoxy.com\\\/wp-content\\\/uploads\\\/2020\\\/10\\\/Countertop-Table-Top-Epoxy-Resin.jpg\",\"contentUrl\":\"https:\\\/\\\/chillepoxy.com\\\/wp-content\\\/uploads\\\/2020\\\/10\\\/Countertop-Table-Top-Epoxy-Resin.jpg\",\"width\":1920,\"height\":1920,\"caption\":\"R\u00e9sine \u00e9poxy transparente grade alimentaire pour comptoirs et tables\"},{\"@type\":\"BreadcrumbList\",\"@id\":\"https:\\\/\\\/chillepoxy.com\\\/fr\\\/produit\\\/resine-epoxy-transparente-pour-table-artisanat-comptoirs\\\/#breadcrumb\",\"itemListElement\":[{\"@type\":\"ListItem\",\"position\":1,\"name\":\"Home\",\"item\":\"https:\\\/\\\/chillepoxy.com\\\/fr\\\/\"},{\"@type\":\"ListItem\",\"position\":2,\"name\":\"Boutique\",\"item\":\"https:\\\/\\\/chillepoxy.com\\\/fr\\\/boutique\\\/\"},{\"@type\":\"ListItem\",\"position\":3,\"name\":\"R\u00e9sine \u00e9poxy transparente grade alimentaire pour comptoir et tables | r\u00e9sistante aux rayures | r\u00e9sistante \u00e0 la chaleur | CHILL 3D\"}]},{\"@type\":\"WebSite\",\"@id\":\"https:\\\/\\\/chillepoxy.com\\\/fr\\\/#website\",\"url\":\"https:\\\/\\\/chillepoxy.com\\\/fr\\\/\",\"name\":\"CHILL EPOXY\u2122 High-Quality Canadian-Made Epoxy Resin\",\"description\":\"High-Quality Canadian-Made Epoxy Resin | Casting &amp; Art\",\"publisher\":{\"@id\":\"https:\\\/\\\/chillepoxy.com\\\/fr\\\/#organization\"},\"alternateName\":\"High-Quality Epoxy Resin\",\"potentialAction\":[{\"@type\":\"SearchAction\",\"target\":{\"@type\":\"EntryPoint\",\"urlTemplate\":\"https:\\\/\\\/chillepoxy.com\\\/fr\\\/?s={search_term_string}\"},\"query-input\":{\"@type\":\"PropertyValueSpecification\",\"valueRequired\":true,\"valueName\":\"search_term_string\"}}],\"inLanguage\":\"fr-FR\"},{\"@type\":\"Organization\",\"@id\":\"https:\\\/\\\/chillepoxy.com\\\/fr\\\/#organization\",\"name\":\"CHILL EPOXY\u2122\",\"alternateName\":\"High-Quality Canadian-Made Epoxy Resin\",\"url\":\"https:\\\/\\\/chillepoxy.com\\\/fr\\\/\",\"logo\":{\"@type\":\"ImageObject\",\"inLanguage\":\"fr-FR\",\"@id\":\"https:\\\/\\\/chillepoxy.com\\\/fr\\\/#\\\/schema\\\/logo\\\/image\\\/\",\"url\":\"https:\\\/\\\/i0.wp.com\\\/chillepoxy.com\\\/wp-content\\\/uploads\\\/2024\\\/02\\\/polymeres_technologies.png?fit=649%2C649&ssl=1\",\"contentUrl\":\"https:\\\/\\\/i0.wp.com\\\/chillepoxy.com\\\/wp-content\\\/uploads\\\/2024\\\/02\\\/polymeres_technologies.png?fit=649%2C649&ssl=1\",\"width\":649,\"height\":649,\"caption\":\"CHILL EPOXY\u2122\"},\"image\":{\"@id\":\"https:\\\/\\\/chillepoxy.com\\\/fr\\\/#\\\/schema\\\/logo\\\/image\\\/\"},\"sameAs\":[\"https:\\\/\\\/www.facebook.com\\\/polymerestechnologies\\\/\",\"https:\\\/\\\/www.instagram.com\\\/polymeres_technologies\\\/\",\"https:\\\/\\\/www.linkedin.com\\\/company\\\/polymeres-technologies\\\/\",\"https:\\\/\\\/www.youtube.com\\\/channel\\\/UCDaFKmK4Hn3KPKmBaTXWong\"]}]}<\/script>\n<!-- \/ Yoast SEO Premium plugin. -->","yoast_head_json":{"title":"R\u00e9sine \u00e9poxy transparente grade alimentaire pour comptoirs et tables | CHILL EPOXY","description":"R\u00e9sine \u00e9poxy transparente grade alimentaire pour comptoirs et tables | R\u00e9sistante aux rayures. Cette r\u00e9sine \u00e9poxy pour comptoirs est r\u00e9sistante \u00e0 la chaleur, aux rayures et aux chocs. Elle est \u00e9galement sans COV (Compos\u00e9s Organiques Volatils) et peut r\u00e9sister \u00e0 des ann\u00e9es d'utilisation.","robots":{"index":"index","follow":"follow","max-snippet":"max-snippet:-1","max-image-preview":"max-image-preview:large","max-video-preview":"max-video-preview:-1"},"canonical":"https:\/\/chillepoxy.com\/fr\/produit\/resine-epoxy-transparente-pour-table-artisanat-comptoirs\/","og_locale":"fr_FR","og_type":"article","og_title":"R\u00e9sine \u00e9poxy transparente grade alimentaire pour comptoir et tables | r\u00e9sistante aux rayures | r\u00e9sistante \u00e0 la chaleur | CHILL 3D","og_description":"R\u00e9sine \u00e9poxy transparente grade alimentaire pour comptoirs et tables | R\u00e9sistante aux rayures. Cette r\u00e9sine \u00e9poxy pour comptoirs est r\u00e9sistante \u00e0 la chaleur, aux rayures et aux chocs. Elle est \u00e9galement sans COV (Compos\u00e9s Organiques Volatils) et peut r\u00e9sister \u00e0 des ann\u00e9es d'utilisation.","og_url":"https:\/\/chillepoxy.com\/fr\/produit\/resine-epoxy-transparente-pour-table-artisanat-comptoirs\/","og_site_name":"CHILL EPOXY","article_publisher":"https:\/\/www.facebook.com\/polymerestechnologies\/","article_modified_time":"2025-05-21T14:55:57+00:00","og_image":[{"width":1920,"height":1920,"url":"https:\/\/chillepoxy.com\/wp-content\/uploads\/2020\/10\/Countertop-Table-Top-Epoxy-Resin.jpg","type":"image\/jpeg"}],"twitter_card":"summary_large_image","twitter_misc":{"Dur\u00e9e de lecture estim\u00e9e":"4 minutes"},"schema":{"@context":"https:\/\/schema.org","@graph":[{"@type":"WebPage","@id":"https:\/\/chillepoxy.com\/fr\/produit\/resine-epoxy-transparente-pour-table-artisanat-comptoirs\/","url":"https:\/\/chillepoxy.com\/fr\/produit\/resine-epoxy-transparente-pour-table-artisanat-comptoirs\/","name":"R\u00e9sine \u00e9poxy transparente grade alimentaire pour comptoirs et tables | CHILL EPOXY","isPartOf":{"@id":"https:\/\/chillepoxy.com\/fr\/#website"},"primaryImageOfPage":{"@id":"https:\/\/chillepoxy.com\/fr\/produit\/resine-epoxy-transparente-pour-table-artisanat-comptoirs\/#primaryimage"},"image":{"@id":"https:\/\/chillepoxy.com\/fr\/produit\/resine-epoxy-transparente-pour-table-artisanat-comptoirs\/#primaryimage"},"thumbnailUrl":"https:\/\/chillepoxy.com\/wp-content\/uploads\/2020\/10\/Countertop-Table-Top-Epoxy-Resin.jpg","datePublished":"2020-10-17T22:48:17+00:00","dateModified":"2025-05-21T14:55:57+00:00","description":"R\u00e9sine \u00e9poxy transparente grade alimentaire pour comptoirs et tables | R\u00e9sistante aux rayures. Cette r\u00e9sine \u00e9poxy pour comptoirs est r\u00e9sistante \u00e0 la chaleur, aux rayures et aux chocs. Elle est \u00e9galement sans COV (Compos\u00e9s Organiques Volatils) et peut r\u00e9sister \u00e0 des ann\u00e9es d'utilisation.","breadcrumb":{"@id":"https:\/\/chillepoxy.com\/fr\/produit\/resine-epoxy-transparente-pour-table-artisanat-comptoirs\/#breadcrumb"},"inLanguage":"fr-FR","potentialAction":[{"@type":"ReadAction","target":["https:\/\/chillepoxy.com\/fr\/produit\/resine-epoxy-transparente-pour-table-artisanat-comptoirs\/"]}]},{"@type":"ImageObject","inLanguage":"fr-FR","@id":"https:\/\/chillepoxy.com\/fr\/produit\/resine-epoxy-transparente-pour-table-artisanat-comptoirs\/#primaryimage","url":"https:\/\/chillepoxy.com\/wp-content\/uploads\/2020\/10\/Countertop-Table-Top-Epoxy-Resin.jpg","contentUrl":"https:\/\/chillepoxy.com\/wp-content\/uploads\/2020\/10\/Countertop-Table-Top-Epoxy-Resin.jpg","width":1920,"height":1920,"caption":"R\u00e9sine \u00e9poxy transparente grade alimentaire pour comptoirs et tables"},{"@type":"BreadcrumbList","@id":"https:\/\/chillepoxy.com\/fr\/produit\/resine-epoxy-transparente-pour-table-artisanat-comptoirs\/#breadcrumb","itemListElement":[{"@type":"ListItem","position":1,"name":"Home","item":"https:\/\/chillepoxy.com\/fr\/"},{"@type":"ListItem","position":2,"name":"Boutique","item":"https:\/\/chillepoxy.com\/fr\/boutique\/"},{"@type":"ListItem","position":3,"name":"R\u00e9sine \u00e9poxy transparente grade alimentaire pour comptoir et tables | r\u00e9sistante aux rayures | r\u00e9sistante \u00e0 la chaleur | CHILL 3D"}]},{"@type":"WebSite","@id":"https:\/\/chillepoxy.com\/fr\/#website","url":"https:\/\/chillepoxy.com\/fr\/","name":"CHILL EPOXY\u2122 High-Quality Canadian-Made Epoxy Resin","description":"High-Quality Canadian-Made Epoxy Resin | Casting &amp; Art","publisher":{"@id":"https:\/\/chillepoxy.com\/fr\/#organization"},"alternateName":"High-Quality Epoxy Resin","potentialAction":[{"@type":"SearchAction","target":{"@type":"EntryPoint","urlTemplate":"https:\/\/chillepoxy.com\/fr\/?s={search_term_string}"},"query-input":{"@type":"PropertyValueSpecification","valueRequired":true,"valueName":"search_term_string"}}],"inLanguage":"fr-FR"},{"@type":"Organization","@id":"https:\/\/chillepoxy.com\/fr\/#organization","name":"CHILL EPOXY\u2122","alternateName":"High-Quality Canadian-Made Epoxy Resin","url":"https:\/\/chillepoxy.com\/fr\/","logo":{"@type":"ImageObject","inLanguage":"fr-FR","@id":"https:\/\/chillepoxy.com\/fr\/#\/schema\/logo\/image\/","url":"https:\/\/i0.wp.com\/chillepoxy.com\/wp-content\/uploads\/2024\/02\/polymeres_technologies.png?fit=649%2C649&ssl=1","contentUrl":"https:\/\/i0.wp.com\/chillepoxy.com\/wp-content\/uploads\/2024\/02\/polymeres_technologies.png?fit=649%2C649&ssl=1","width":649,"height":649,"caption":"CHILL EPOXY\u2122"},"image":{"@id":"https:\/\/chillepoxy.com\/fr\/#\/schema\/logo\/image\/"},"sameAs":["https:\/\/www.facebook.com\/polymerestechnologies\/","https:\/\/www.instagram.com\/polymeres_technologies\/","https:\/\/www.linkedin.com\/company\/polymeres-technologies\/","https:\/\/www.youtube.com\/channel\/UCDaFKmK4Hn3KPKmBaTXWong"]}]}},"jetpack_publicize_connections":[],"jetpack_sharing_enabled":true,"jetpack_likes_enabled":false,"_links":{"self":[{"href":"https:\/\/chillepoxy.com\/fr\/wp-json\/wp\/v2\/product\/6542","targetHints":{"allow":["GET"]}}],"collection":[{"href":"https:\/\/chillepoxy.com\/fr\/wp-json\/wp\/v2\/product"}],"about":[{"href":"https:\/\/chillepoxy.com\/fr\/wp-json\/wp\/v2\/types\/product"}],"replies":[{"embeddable":true,"href":"https:\/\/chillepoxy.com\/fr\/wp-json\/wp\/v2\/comments?post=6542"}],"wp:featuredmedia":[{"embeddable":true,"href":"https:\/\/chillepoxy.com\/fr\/wp-json\/wp\/v2\/media\/27847"}],"wp:attachment":[{"href":"https:\/\/chillepoxy.com\/fr\/wp-json\/wp\/v2\/media?parent=6542"}],"wp:term":[{"taxonomy":"product_brand","embeddable":true,"href":"https:\/\/chillepoxy.com\/fr\/wp-json\/wp\/v2\/product_brand?post=6542"},{"taxonomy":"product_cat","embeddable":true,"href":"https:\/\/chillepoxy.com\/fr\/wp-json\/wp\/v2\/product_cat?post=6542"},{"taxonomy":"product_tag","embeddable":true,"href":"https:\/\/chillepoxy.com\/fr\/wp-json\/wp\/v2\/product_tag?post=6542"}],"curies":[{"name":"wp","href":"https:\/\/api.w.org\/{rel}","templated":true}]}}