{"id":6576,"date":"2020-10-17T18:29:42","date_gmt":"2020-10-17T22:29:42","guid":{"rendered":"https:\/\/v2.chillepoxy.com\/shop\/chill-clear-kit-depoxy-de-coulee-transparent-resistant-aux-uv-a-prise-moyenne\/"},"modified":"2026-04-01T08:46:19","modified_gmt":"2026-04-01T12:46:19","slug":"revetement-resine-epoxy-transparente","status":"publish","type":"product","link":"https:\/\/chillepoxy.com\/fr\/produit\/revetement-resine-epoxy-transparente\/","title":{"rendered":"R\u00e9sine \u00e9poxy de finition \u00e0 faible viscosit\u00e9 et s\u00e9curitaire pour un contact alimentaire | \u00c9poxy pour menuiserie et artisanat | CHILL CLEAR"},"content":{"rendered":"<h1>R\u00e9sine \u00e9poxy de finition \u00e0 faible viscosit\u00e9 et s\u00e9curitaire pour un contact alimentaire | \u00c9poxy pour menuiserie et artisanat | CHILL CLEAR<\/h1>\n<p><span style=\"color: #000000;\">Food Safe &amp; Low Viscosity Epoxy Resin Top Coat | Woodworking &amp; Crafting Epoxy | CHILL CLEAR. CHILL CLEAR\u2122 &#8211; la r\u00e9sine \u00e9poxy transparente polyvalente et facile \u00e0 utiliser con\u00e7ue pour r\u00e9pondre \u00e0 vos besoins de projet. Cette r\u00e9sine de haute qualit\u00e9 est parfaite pour remplir les fissures, les vides et les n\u0153uds dans des projets jusqu&rsquo;\u00e0 1\/2 pouce d&rsquo;\u00e9paisseur. Offrant une excellente r\u00e9sistance aux UV et une clart\u00e9 optique exceptionnelle. CHILL CLEAR\u2122 est le choix parfait pour la pr\u00e9servation de fleurs, la protection de plans de travail et comptoirs en bois, ou encore l&rsquo;enrobage de lumi\u00e8res LED et de petits composants \u00e9lectroniques.<\/span><\/p>\n<p><span style=\"color: #000000;\">CHILL CLEAR\u2122 est un produit exceptionnel de par sa polyvalence, fabriqu\u00e9 \u00e0 partir de mat\u00e9riaux 100 % r\u00e9actifs et d&rsquo;une faible viscosit\u00e9, il est parfait pour couler des couches minces jusqu&rsquo;\u00e0 0,5 pouce d&rsquo;\u00e9paisseur. Sa facilit\u00e9 d&rsquo;utilisation et sa compatibilit\u00e9 avec diff\u00e9rentes surfaces telles que la toile, la pierre et le bois en font une solution id\u00e9ale pour des pi\u00e8ces transparentes comme des bijoux, des dessous de verre, des peintures, des couche de finition inond\u00e9e, des comptoirs, ou des couches de finition pour les tables de rivi\u00e8re. Le kit \u00e0 deux composants comprend une r\u00e9sine (partie A) et un durcisseur (partie B) est facile \u00e0 m\u00e9langer avec la r\u00e9sine (partie A), assurant un m\u00e9lange parfait.<\/span><\/p>\n<p><span style=\"color: #000000;\">En ce qui concerne la qualit\u00e9, CHILL CLEAR\u2122 est \u00e0 la hauteur de vos attentes. Il est 100% solide, offre un fini brillant et autonivelant, et est \u00e0 la fois r\u00e9sistant \u00e0 la chaleur et aux chocs. Sa viscosit\u00e9 semblable \u00e0 de l&rsquo;eau garantit un produit final lisse et transparent en \u00e9vitant les bulles. CHILL CLEAR\u2122 a un temps de pot de 60 minutes, une temp\u00e9rature de travail id\u00e9ale de 22\u00b0C\/72\u00b0F et un temps de durcissement de 24 \u00e0 78 heures. De plus, il offre une r\u00e9sistance m\u00e9canique et une r\u00e9sistance au stress extr\u00eames, ce qui en fait une solution parfaite pour des projets jusqu&rsquo;\u00e0 1\/2 pouce d&rsquo;\u00e9paisseur en une seule coul\u00e9e.<\/span><\/p>\n<p><span style=\"color: #000000;\">Dans l&rsquo;ensemble, CHILL CLEAR\u2122 est la r\u00e9sine \u00e9poxy transparente parfaite pour les passionn\u00e9s de bricolage et les professionnels. Ses sp\u00e9cifications de haute qualit\u00e9, sa facilit\u00e9 d&rsquo;utilisation et sa polyvalence en font la solution id\u00e9ale pour une large gamme de projets. Faites confiance \u00e0 CHILL CLEAR\u2122 pour accomplir la t\u00e2che, que vous remplissiez des fissures ou cr\u00e9iez une \u0153uvre d&rsquo;art \u00e9tonnante.<\/span><\/p>\n<h3>R\u00e9sine \u00e9poxy de finition \u00e0 faible viscosit\u00e9 et s\u00e9curitaire pour un contact alimentaire<\/h3>\n<ul>\n<li><span style=\"color: #000000;\">Solution id\u00e9ale pour des projets jusqu&rsquo;\u00e0 1\/2 pouce d&rsquo;\u00e9paisseur : con\u00e7ue pour traiter des projets jusqu&rsquo;\u00e0 1\/2 pouce d&rsquo;\u00e9paisseur en une seule coul\u00e9e.<\/span><\/li>\n<li><span style=\"color: #000000;\">Meilleure solution pour remplir les fissures importantes, les vides, les n\u0153uds, les lettres CNC, la pr\u00e9servation des fleurs ou les enseignes.<\/span><\/li>\n<li><span style=\"color: #000000;\">R\u00e9sine \u00e9poxy 100 % solide qui ne contient pas de COV, ce qui en fait un choix s\u00fbr et respectueux de l&rsquo;environnement pour vos projets.<\/span><\/li>\n<li><span style=\"color: #000000;\">Finition brillante : Cette r\u00e9sine \u00e9poxy poss\u00e8de une finition brillante qui donnera \u00e0 vos projets un aspect professionnel et poli.<\/span><\/li>\n<li><span style=\"color: #000000;\">Autonivelant et r\u00e9sistant \u00e0 la chaleur : CHILL CLEAR\u2122 est autonivelant, ce qui le rend facile \u00e0 appliquer et produit une surface lisse et uniforme. De plus, il est r\u00e9sistant \u00e0 la chaleur, ce qui le rend id\u00e9al pour une utilisation dans des environnements \u00e0 haute temp\u00e9rature.<\/span><\/li>\n<li><span style=\"color: #000000;\">Durable et r\u00e9sistant au stress : hautement durable et poss\u00e8de une r\u00e9sistance m\u00e9canique et une r\u00e9sistance au stress extr\u00eames, assurant un r\u00e9sultat durable.<\/span><\/li>\n<li><span style=\"color: #000000;\">Sans bulles : CHILL CLEAR\u2122 a une viscosit\u00e9 semblable \u00e0 de l&rsquo;eau qui aide \u00e0 \u00e9viter les bulles, assurant une finition lisse et impeccable.<\/span><\/li>\n<li><span style=\"color: #000000;\">Options de couleur : Vous pouvez ajouter une touche de couleur \u00e0 vos projets avec<\/span> CHILL DROPS\u2122 <span style=\"color: #000000;\">ou des pigments m\u00e9talliques.<\/span><\/li>\n<\/ul>\n<h3><span style=\"color: #000000;\">Caract\u00e9ristiques<\/span><\/h3>\n<ul>\n<li><span style=\"color: #000000;\">M\u00e9lange facile et temp\u00e9rature de travail id\u00e9ale : ratio de m\u00e9lange de 2:1 en volume ou 100\/42 en poids.<\/span><\/li>\n<li><span style=\"color: #000000;\">Temps de pot et temps de durcissement : 60 minutes \u00e0 22\u00b0C\/72\u00b0F et le temps de durcissement est de 24 \u00e0 78 heures. <\/span><\/li>\n<li><span style=\"color: #000000;\">\u00c9paisseur recommand\u00e9e et apparence : 1\/16&Prime; jusqu&rsquo;\u00e0 1\/2&Prime; et l&rsquo;apparence de durcissement est une clart\u00e9 optique.<\/span><\/li>\n<li><span style=\"color: #000000;\">Faible viscosit\u00e9 : une faible viscosit\u00e9 de 200 CPS m\u00e9lang\u00e9e, ce qui facilite la p\u00e9n\u00e9tration et permet d&rsquo;obtenir un meilleur r\u00e9sultat.<\/span><\/li>\n<li><span style=\"color: #000000;\">Produits de nettoyage recommand\u00e9s<\/span> : Nettoyant de r\u00e9sine POLY CLEARER\u2122 <span style=\"color: #000000;\">ou alcool isopropylique.<\/span><\/li>\n<\/ul>\n<h3><span style=\"color: #000000;\">R\u00e9sine \u00e9poxy transparente pour couche de finition &#8211; CHILL CLEAR\u2122 <\/span><\/h3>\n<p><span style=\"color: #000000;\">Pour maximiser les performances de CHILL CLEAR\u2122, un stockage et une manipulation appropri\u00e9s sont essentiels. Il est recommand\u00e9 de stocker le produit sur une palette ou une \u00e9tag\u00e8re, \u00e0 l&rsquo;abri du contact direct avec le sol et de maintenir la temp\u00e9rature de stockage id\u00e9ale de 22\u00b0C avec une humidit\u00e9 relative inf\u00e9rieure \u00e0 60 %.<\/span><\/p>\n<p><span style=\"color: #000000;\">Avant d&rsquo;utiliser la r\u00e9sine \u00e9poxy, il est important de bien m\u00e9langer les parties A et B. Le ratio de m\u00e9lange est de 2 parties de A avec 1 partie de B en volume (ou 100 A \/ 42 B en poids). Pour minimiser la formation d&rsquo;air, m\u00e9langez doucement les deux parties pendant au moins 5 \u00e0 10 minutes avec une spatule en m\u00e9tal, en raclant les bords et le fond du r\u00e9cipient pour obtenir un m\u00e9lange homog\u00e8ne.<\/span><\/p>\n<p><span style=\"color: #000000;\">Le temps de pot du syst\u00e8me est de 60 minutes \u00e0 22\u00b0C pour une masse de 200 grammes. Il est important de manipuler le mat\u00e9riau dans le temps sp\u00e9cifi\u00e9, en tenant compte de la temp\u00e9rature ambiante. Plus la quantit\u00e9 de r\u00e9sine est \u00e9lev\u00e9e, plus le temps de pot sera court.<\/span><\/p>\n<p><span style=\"color: #000000;\">En cas de mat\u00e9riau non durci, il peut \u00eatre facilement nettoy\u00e9 avec POLY CLEARER\u2122 ou de l&rsquo;alcool isopropylique. Il est recommand\u00e9 de suivre les instructions du fabricant pour obtenir les meilleurs r\u00e9sultats.<\/span><\/p>\n<p><span style=\"color: #000000;\">Si vous avez des questions ou avez besoin d&rsquo;un support technique, l&rsquo;\u00e9quipe d&rsquo;experts de POLYMERES TECHNOLOGIES est \u00e0 votre disposition pour vous aider.. Contactez-nous simplement \u00e0 <a style=\"color: #000000;\" href=\"mailto:support@polymerestechnologies.com\" target=\"_new\" rel=\"noopener\">support@polymerestechnologies.com<\/a> et nous vous aiderons \u00e0 atteindre vos objectifs avec CHILL CLEAR\u2122 et d&rsquo;autres r\u00e9sines \u00e9poxy. Que vous soyez un professionnel ou un passionn\u00e9, nous sommes l\u00e0 pour vous fournir les meilleurs produits et le support dans le domaine des r\u00e9sines \u00e9poxy et des technologies polym\u00e8res.<\/span><\/p>\n","protected":false},"excerpt":{"rendered":"<div class=\"flex-shrink-0 flex flex-col relative items-end\">\n<div>\n<div class=\"pt-0\">\n<div class=\"gizmo-bot-avatar flex h-8 w-8 items-center justify-center overflow-hidden rounded-full\">\n<div class=\"relative p-1 rounded-sm flex items-center justify-center bg-token-main-surface-primary text-token-text-primary h-8 w-8\"><span style=\"color: #555555; font-size: 14.4px;\">R\u00e9sine \u00e9poxy transparente bicomposante \u00e0 viscosit\u00e9 fluide, con\u00e7ue pour les couches fines jusqu&rsquo;\u00e0 1\/2 pouce. Id\u00e9ale pour le travail du bois, l\u2019artisanat et l\u2019encapsulation de fleurs, elle durcit en moins de 24 heures avec un temps de travail de 60 minutes, offrant une finition lisse et cristalline. Que vous r\u00e9alisiez des tables en bois sur mesure, des pi\u00e8ces artistiques ou que vous pr\u00e9serviez des fleurs, cette \u00e9poxy est parfaite pour les coul\u00e9es fines jusqu\u2019\u00e0 1\/2 pouce en une seule application.  <\/span><\/div>\n<\/div>\n<\/div>\n<\/div>\n<\/div>\n<p>&nbsp;<\/p>\n<p>&nbsp;<\/p>\n","protected":false},"featured_media":27849,"comment_status":"open","ping_status":"closed","template":"","meta":{"jetpack_publicize_message":"","jetpack_publicize_feature_enabled":true,"jetpack_social_post_already_shared":false,"jetpack_social_options":{"image_generator_settings":{"template":"highway","default_image_id":0,"font":"","enabled":false},"version":2}},"product_brand":[],"product_cat":[1389,1422,1423,1384,1383,1387,1382,1386,1310,1308,1307,83,1319],"product_tag":[428,417,337,338,431,416,1058,429,430,432,433],"class_list":{"0":"post-6576","1":"product","2":"type-product","3":"status-publish","4":"has-post-thumbnail","6":"product_cat-1-5l-0-26-gallon-fr","7":"product_cat-1-2-1-27cm-fr","8":"product_cat-1-4-0-63cm-fr","9":"product_cat-12l-3-17-gallon-fr","10":"product_cat-30l-7-92-gallon-fr","11":"product_cat-3l-079-gallon-fr","12":"product_cat-60l-1585gallon-fr","13":"product_cat-6l-158-gallon-fr","14":"product_cat-art-artisanat","15":"product_cat-couches-transparentes","16":"product_cat-preservation-des-fleurs","17":"product_cat-resines-epoxy","18":"product_cat-sous-verres","19":"product_tag-epoxy-fr","20":"product_tag-epoxy-coulee-transparente-a-faible-viscosite","21":"product_tag-epoxy-de-coulee-transparente","22":"product_tag-epoxy-de-moulage-transparent","23":"product_tag-epoxy-uv","24":"product_tag-epoxyde-de-moulage-transparent-a-faible-odeur","25":"product_tag-fast-setting-epoxy-fr","26":"product_tag-resine","27":"product_tag-resine-de-coulee","28":"product_tag-resine-epoxy-transparente","29":"product_tag-revetement-epoxy","31":"first","32":"instock","33":"featured","34":"taxable","35":"shipping-taxable","36":"purchasable","37":"product-type-variable"},"yoast_head":"<!-- This site is optimized with the Yoast SEO Premium plugin v27.4 (Yoast SEO v27.4) - https:\/\/yoast.com\/product\/yoast-seo-premium-wordpress\/ -->\n<title>R\u00e9sine \u00e9poxy de finition \u00e0 faible viscosit\u00e9 et s\u00e9curitaire pour un contact alimentaire | Travail du bois | CHILL EPOXY<\/title>\n<meta name=\"description\" content=\"R\u00e9sine \u00e9poxy de finition \u00e0 faible viscosit\u00e9 et s\u00e9curitaire pour un contact alimentaire. CHILL CLEAR. D\u00e9couvrez la meilleure r\u00e9sine \u00e9poxy de finition s\u00e9curitaire pour un contact alimentaire, id\u00e9ale pour les projets de menuiserie tels que les planches \u00e0 d\u00e9couper et les articles de cuisine.\" \/>\n<meta name=\"robots\" content=\"index, follow, max-snippet:-1, max-image-preview:large, max-video-preview:-1\" \/>\n<link rel=\"canonical\" href=\"https:\/\/chillepoxy.com\/fr\/produit\/revetement-resine-epoxy-transparente\/\" \/>\n<meta property=\"og:locale\" content=\"fr_FR\" \/>\n<meta property=\"og:type\" content=\"article\" \/>\n<meta property=\"og:title\" content=\"R\u00e9sine \u00e9poxy de finition \u00e0 faible viscosit\u00e9 et s\u00e9curitaire pour un contact alimentaire | \u00c9poxy pour menuiserie et artisanat | CHILL CLEAR\" \/>\n<meta property=\"og:description\" content=\"R\u00e9sine \u00e9poxy de finition \u00e0 faible viscosit\u00e9 et s\u00e9curitaire pour un contact alimentaire. CHILL CLEAR. D\u00e9couvrez la meilleure r\u00e9sine \u00e9poxy de finition s\u00e9curitaire pour un contact alimentaire, id\u00e9ale pour les projets de menuiserie tels que les planches \u00e0 d\u00e9couper et les articles de cuisine.\" \/>\n<meta property=\"og:url\" content=\"https:\/\/chillepoxy.com\/fr\/produit\/revetement-resine-epoxy-transparente\/\" \/>\n<meta property=\"og:site_name\" content=\"CHILL EPOXY\" \/>\n<meta property=\"article:publisher\" content=\"https:\/\/www.facebook.com\/polymerestechnologies\/\" \/>\n<meta property=\"article:modified_time\" content=\"2026-04-01T12:46:19+00:00\" \/>\n<meta property=\"og:image\" content=\"https:\/\/chillepoxy.com\/wp-content\/uploads\/2020\/10\/High-Gloss-Clear-Flood-Coat-Epoxy-Resin.jpg\" \/>\n\t<meta property=\"og:image:width\" content=\"1920\" \/>\n\t<meta property=\"og:image:height\" content=\"1920\" \/>\n\t<meta property=\"og:image:type\" content=\"image\/jpeg\" \/>\n<meta name=\"twitter:card\" content=\"summary_large_image\" \/>\n<meta name=\"twitter:label1\" content=\"Dur\u00e9e de lecture estim\u00e9e\" \/>\n\t<meta name=\"twitter:data1\" content=\"5 minutes\" \/>\n<script type=\"application\/ld+json\" class=\"yoast-schema-graph\">{\"@context\":\"https:\\\/\\\/schema.org\",\"@graph\":[{\"@type\":\"WebPage\",\"@id\":\"https:\\\/\\\/chillepoxy.com\\\/fr\\\/produit\\\/revetement-resine-epoxy-transparente\\\/\",\"url\":\"https:\\\/\\\/chillepoxy.com\\\/fr\\\/produit\\\/revetement-resine-epoxy-transparente\\\/\",\"name\":\"R\u00e9sine \u00e9poxy de finition \u00e0 faible viscosit\u00e9 et s\u00e9curitaire pour un contact alimentaire | Travail du bois | CHILL EPOXY\",\"isPartOf\":{\"@id\":\"https:\\\/\\\/chillepoxy.com\\\/fr\\\/#website\"},\"primaryImageOfPage\":{\"@id\":\"https:\\\/\\\/chillepoxy.com\\\/fr\\\/produit\\\/revetement-resine-epoxy-transparente\\\/#primaryimage\"},\"image\":{\"@id\":\"https:\\\/\\\/chillepoxy.com\\\/fr\\\/produit\\\/revetement-resine-epoxy-transparente\\\/#primaryimage\"},\"thumbnailUrl\":\"https:\\\/\\\/chillepoxy.com\\\/wp-content\\\/uploads\\\/2020\\\/10\\\/High-Gloss-Clear-Flood-Coat-Epoxy-Resin.jpg\",\"datePublished\":\"2020-10-17T22:29:42+00:00\",\"dateModified\":\"2026-04-01T12:46:19+00:00\",\"description\":\"R\u00e9sine \u00e9poxy de finition \u00e0 faible viscosit\u00e9 et s\u00e9curitaire pour un contact alimentaire. CHILL CLEAR. D\u00e9couvrez la meilleure r\u00e9sine \u00e9poxy de finition s\u00e9curitaire pour un contact alimentaire, id\u00e9ale pour les projets de menuiserie tels que les planches \u00e0 d\u00e9couper et les articles de cuisine.\",\"breadcrumb\":{\"@id\":\"https:\\\/\\\/chillepoxy.com\\\/fr\\\/produit\\\/revetement-resine-epoxy-transparente\\\/#breadcrumb\"},\"inLanguage\":\"fr-FR\",\"potentialAction\":[{\"@type\":\"ReadAction\",\"target\":[\"https:\\\/\\\/chillepoxy.com\\\/fr\\\/produit\\\/revetement-resine-epoxy-transparente\\\/\"]}]},{\"@type\":\"ImageObject\",\"inLanguage\":\"fr-FR\",\"@id\":\"https:\\\/\\\/chillepoxy.com\\\/fr\\\/produit\\\/revetement-resine-epoxy-transparente\\\/#primaryimage\",\"url\":\"https:\\\/\\\/chillepoxy.com\\\/wp-content\\\/uploads\\\/2020\\\/10\\\/High-Gloss-Clear-Flood-Coat-Epoxy-Resin.jpg\",\"contentUrl\":\"https:\\\/\\\/chillepoxy.com\\\/wp-content\\\/uploads\\\/2020\\\/10\\\/High-Gloss-Clear-Flood-Coat-Epoxy-Resin.jpg\",\"width\":1920,\"height\":1920,\"caption\":\"R\u00e9sine \u00e9poxy de finition \u00e0 faible viscosit\u00e9 et s\u00e9curitaire pour un contact alimentaire\"},{\"@type\":\"BreadcrumbList\",\"@id\":\"https:\\\/\\\/chillepoxy.com\\\/fr\\\/produit\\\/revetement-resine-epoxy-transparente\\\/#breadcrumb\",\"itemListElement\":[{\"@type\":\"ListItem\",\"position\":1,\"name\":\"Home\",\"item\":\"https:\\\/\\\/chillepoxy.com\\\/fr\\\/\"},{\"@type\":\"ListItem\",\"position\":2,\"name\":\"Boutique\",\"item\":\"https:\\\/\\\/chillepoxy.com\\\/fr\\\/boutique\\\/\"},{\"@type\":\"ListItem\",\"position\":3,\"name\":\"R\u00e9sine \u00e9poxy de finition \u00e0 faible viscosit\u00e9 et s\u00e9curitaire pour un contact alimentaire | \u00c9poxy pour menuiserie et artisanat | CHILL CLEAR\"}]},{\"@type\":\"WebSite\",\"@id\":\"https:\\\/\\\/chillepoxy.com\\\/fr\\\/#website\",\"url\":\"https:\\\/\\\/chillepoxy.com\\\/fr\\\/\",\"name\":\"CHILL EPOXY\u2122 High-Quality Canadian-Made Epoxy Resin\",\"description\":\"High-Quality Canadian-Made Epoxy Resin | Casting &amp; Art\",\"publisher\":{\"@id\":\"https:\\\/\\\/chillepoxy.com\\\/fr\\\/#organization\"},\"alternateName\":\"High-Quality Epoxy Resin\",\"potentialAction\":[{\"@type\":\"SearchAction\",\"target\":{\"@type\":\"EntryPoint\",\"urlTemplate\":\"https:\\\/\\\/chillepoxy.com\\\/fr\\\/?s={search_term_string}\"},\"query-input\":{\"@type\":\"PropertyValueSpecification\",\"valueRequired\":true,\"valueName\":\"search_term_string\"}}],\"inLanguage\":\"fr-FR\"},{\"@type\":\"Organization\",\"@id\":\"https:\\\/\\\/chillepoxy.com\\\/fr\\\/#organization\",\"name\":\"CHILL EPOXY\u2122\",\"alternateName\":\"High-Quality Canadian-Made Epoxy Resin\",\"url\":\"https:\\\/\\\/chillepoxy.com\\\/fr\\\/\",\"logo\":{\"@type\":\"ImageObject\",\"inLanguage\":\"fr-FR\",\"@id\":\"https:\\\/\\\/chillepoxy.com\\\/fr\\\/#\\\/schema\\\/logo\\\/image\\\/\",\"url\":\"https:\\\/\\\/i0.wp.com\\\/chillepoxy.com\\\/wp-content\\\/uploads\\\/2024\\\/02\\\/polymeres_technologies.png?fit=649%2C649&ssl=1\",\"contentUrl\":\"https:\\\/\\\/i0.wp.com\\\/chillepoxy.com\\\/wp-content\\\/uploads\\\/2024\\\/02\\\/polymeres_technologies.png?fit=649%2C649&ssl=1\",\"width\":649,\"height\":649,\"caption\":\"CHILL EPOXY\u2122\"},\"image\":{\"@id\":\"https:\\\/\\\/chillepoxy.com\\\/fr\\\/#\\\/schema\\\/logo\\\/image\\\/\"},\"sameAs\":[\"https:\\\/\\\/www.facebook.com\\\/polymerestechnologies\\\/\",\"https:\\\/\\\/www.instagram.com\\\/polymeres_technologies\\\/\",\"https:\\\/\\\/www.linkedin.com\\\/company\\\/polymeres-technologies\\\/\",\"https:\\\/\\\/www.youtube.com\\\/channel\\\/UCDaFKmK4Hn3KPKmBaTXWong\"]}]}<\/script>\n<!-- \/ Yoast SEO Premium plugin. -->","yoast_head_json":{"title":"R\u00e9sine \u00e9poxy de finition \u00e0 faible viscosit\u00e9 et s\u00e9curitaire pour un contact alimentaire | Travail du bois | CHILL EPOXY","description":"R\u00e9sine \u00e9poxy de finition \u00e0 faible viscosit\u00e9 et s\u00e9curitaire pour un contact alimentaire. CHILL CLEAR. D\u00e9couvrez la meilleure r\u00e9sine \u00e9poxy de finition s\u00e9curitaire pour un contact alimentaire, id\u00e9ale pour les projets de menuiserie tels que les planches \u00e0 d\u00e9couper et les articles de cuisine.","robots":{"index":"index","follow":"follow","max-snippet":"max-snippet:-1","max-image-preview":"max-image-preview:large","max-video-preview":"max-video-preview:-1"},"canonical":"https:\/\/chillepoxy.com\/fr\/produit\/revetement-resine-epoxy-transparente\/","og_locale":"fr_FR","og_type":"article","og_title":"R\u00e9sine \u00e9poxy de finition \u00e0 faible viscosit\u00e9 et s\u00e9curitaire pour un contact alimentaire | \u00c9poxy pour menuiserie et artisanat | CHILL CLEAR","og_description":"R\u00e9sine \u00e9poxy de finition \u00e0 faible viscosit\u00e9 et s\u00e9curitaire pour un contact alimentaire. CHILL CLEAR. D\u00e9couvrez la meilleure r\u00e9sine \u00e9poxy de finition s\u00e9curitaire pour un contact alimentaire, id\u00e9ale pour les projets de menuiserie tels que les planches \u00e0 d\u00e9couper et les articles de cuisine.","og_url":"https:\/\/chillepoxy.com\/fr\/produit\/revetement-resine-epoxy-transparente\/","og_site_name":"CHILL EPOXY","article_publisher":"https:\/\/www.facebook.com\/polymerestechnologies\/","article_modified_time":"2026-04-01T12:46:19+00:00","og_image":[{"width":1920,"height":1920,"url":"https:\/\/chillepoxy.com\/wp-content\/uploads\/2020\/10\/High-Gloss-Clear-Flood-Coat-Epoxy-Resin.jpg","type":"image\/jpeg"}],"twitter_card":"summary_large_image","twitter_misc":{"Dur\u00e9e de lecture estim\u00e9e":"5 minutes"},"schema":{"@context":"https:\/\/schema.org","@graph":[{"@type":"WebPage","@id":"https:\/\/chillepoxy.com\/fr\/produit\/revetement-resine-epoxy-transparente\/","url":"https:\/\/chillepoxy.com\/fr\/produit\/revetement-resine-epoxy-transparente\/","name":"R\u00e9sine \u00e9poxy de finition \u00e0 faible viscosit\u00e9 et s\u00e9curitaire pour un contact alimentaire | Travail du bois | CHILL EPOXY","isPartOf":{"@id":"https:\/\/chillepoxy.com\/fr\/#website"},"primaryImageOfPage":{"@id":"https:\/\/chillepoxy.com\/fr\/produit\/revetement-resine-epoxy-transparente\/#primaryimage"},"image":{"@id":"https:\/\/chillepoxy.com\/fr\/produit\/revetement-resine-epoxy-transparente\/#primaryimage"},"thumbnailUrl":"https:\/\/chillepoxy.com\/wp-content\/uploads\/2020\/10\/High-Gloss-Clear-Flood-Coat-Epoxy-Resin.jpg","datePublished":"2020-10-17T22:29:42+00:00","dateModified":"2026-04-01T12:46:19+00:00","description":"R\u00e9sine \u00e9poxy de finition \u00e0 faible viscosit\u00e9 et s\u00e9curitaire pour un contact alimentaire. CHILL CLEAR. D\u00e9couvrez la meilleure r\u00e9sine \u00e9poxy de finition s\u00e9curitaire pour un contact alimentaire, id\u00e9ale pour les projets de menuiserie tels que les planches \u00e0 d\u00e9couper et les articles de cuisine.","breadcrumb":{"@id":"https:\/\/chillepoxy.com\/fr\/produit\/revetement-resine-epoxy-transparente\/#breadcrumb"},"inLanguage":"fr-FR","potentialAction":[{"@type":"ReadAction","target":["https:\/\/chillepoxy.com\/fr\/produit\/revetement-resine-epoxy-transparente\/"]}]},{"@type":"ImageObject","inLanguage":"fr-FR","@id":"https:\/\/chillepoxy.com\/fr\/produit\/revetement-resine-epoxy-transparente\/#primaryimage","url":"https:\/\/chillepoxy.com\/wp-content\/uploads\/2020\/10\/High-Gloss-Clear-Flood-Coat-Epoxy-Resin.jpg","contentUrl":"https:\/\/chillepoxy.com\/wp-content\/uploads\/2020\/10\/High-Gloss-Clear-Flood-Coat-Epoxy-Resin.jpg","width":1920,"height":1920,"caption":"R\u00e9sine \u00e9poxy de finition \u00e0 faible viscosit\u00e9 et s\u00e9curitaire pour un contact alimentaire"},{"@type":"BreadcrumbList","@id":"https:\/\/chillepoxy.com\/fr\/produit\/revetement-resine-epoxy-transparente\/#breadcrumb","itemListElement":[{"@type":"ListItem","position":1,"name":"Home","item":"https:\/\/chillepoxy.com\/fr\/"},{"@type":"ListItem","position":2,"name":"Boutique","item":"https:\/\/chillepoxy.com\/fr\/boutique\/"},{"@type":"ListItem","position":3,"name":"R\u00e9sine \u00e9poxy de finition \u00e0 faible viscosit\u00e9 et s\u00e9curitaire pour un contact alimentaire | \u00c9poxy pour menuiserie et artisanat | CHILL CLEAR"}]},{"@type":"WebSite","@id":"https:\/\/chillepoxy.com\/fr\/#website","url":"https:\/\/chillepoxy.com\/fr\/","name":"CHILL EPOXY\u2122 High-Quality Canadian-Made Epoxy Resin","description":"High-Quality Canadian-Made Epoxy Resin | Casting &amp; Art","publisher":{"@id":"https:\/\/chillepoxy.com\/fr\/#organization"},"alternateName":"High-Quality Epoxy Resin","potentialAction":[{"@type":"SearchAction","target":{"@type":"EntryPoint","urlTemplate":"https:\/\/chillepoxy.com\/fr\/?s={search_term_string}"},"query-input":{"@type":"PropertyValueSpecification","valueRequired":true,"valueName":"search_term_string"}}],"inLanguage":"fr-FR"},{"@type":"Organization","@id":"https:\/\/chillepoxy.com\/fr\/#organization","name":"CHILL EPOXY\u2122","alternateName":"High-Quality Canadian-Made Epoxy Resin","url":"https:\/\/chillepoxy.com\/fr\/","logo":{"@type":"ImageObject","inLanguage":"fr-FR","@id":"https:\/\/chillepoxy.com\/fr\/#\/schema\/logo\/image\/","url":"https:\/\/i0.wp.com\/chillepoxy.com\/wp-content\/uploads\/2024\/02\/polymeres_technologies.png?fit=649%2C649&ssl=1","contentUrl":"https:\/\/i0.wp.com\/chillepoxy.com\/wp-content\/uploads\/2024\/02\/polymeres_technologies.png?fit=649%2C649&ssl=1","width":649,"height":649,"caption":"CHILL EPOXY\u2122"},"image":{"@id":"https:\/\/chillepoxy.com\/fr\/#\/schema\/logo\/image\/"},"sameAs":["https:\/\/www.facebook.com\/polymerestechnologies\/","https:\/\/www.instagram.com\/polymeres_technologies\/","https:\/\/www.linkedin.com\/company\/polymeres-technologies\/","https:\/\/www.youtube.com\/channel\/UCDaFKmK4Hn3KPKmBaTXWong"]}]}},"jetpack_publicize_connections":[],"jetpack_sharing_enabled":true,"jetpack_likes_enabled":false,"_links":{"self":[{"href":"https:\/\/chillepoxy.com\/fr\/wp-json\/wp\/v2\/product\/6576","targetHints":{"allow":["GET"]}}],"collection":[{"href":"https:\/\/chillepoxy.com\/fr\/wp-json\/wp\/v2\/product"}],"about":[{"href":"https:\/\/chillepoxy.com\/fr\/wp-json\/wp\/v2\/types\/product"}],"replies":[{"embeddable":true,"href":"https:\/\/chillepoxy.com\/fr\/wp-json\/wp\/v2\/comments?post=6576"}],"wp:featuredmedia":[{"embeddable":true,"href":"https:\/\/chillepoxy.com\/fr\/wp-json\/wp\/v2\/media\/27849"}],"wp:attachment":[{"href":"https:\/\/chillepoxy.com\/fr\/wp-json\/wp\/v2\/media?parent=6576"}],"wp:term":[{"taxonomy":"product_brand","embeddable":true,"href":"https:\/\/chillepoxy.com\/fr\/wp-json\/wp\/v2\/product_brand?post=6576"},{"taxonomy":"product_cat","embeddable":true,"href":"https:\/\/chillepoxy.com\/fr\/wp-json\/wp\/v2\/product_cat?post=6576"},{"taxonomy":"product_tag","embeddable":true,"href":"https:\/\/chillepoxy.com\/fr\/wp-json\/wp\/v2\/product_tag?post=6576"}],"curies":[{"name":"wp","href":"https:\/\/api.w.org\/{rel}","templated":true}]}}