{"id":6910,"date":"2020-12-07T17:53:41","date_gmt":"2020-12-07T22:53:41","guid":{"rendered":"https:\/\/v2.chillepoxy.com\/shop\/chill-epoxy-melangeur-de-resine-epoxy-pour-5-gallons\/"},"modified":"2026-03-12T09:21:06","modified_gmt":"2026-03-12T13:21:06","slug":"jiffy-mixer-pour-resine-epoxy","status":"publish","type":"product","link":"https:\/\/chillepoxy.com\/fr\/produit\/jiffy-mixer-pour-resine-epoxy\/","title":{"rendered":"M\u00e9langeur pour r\u00e9sine \u00e9poxy | Outil de perceuse style Jiffy pour peinture, r\u00e9sine et rev\u00eatements"},"content":{"rendered":"<h1>M\u00e9langeur pour r\u00e9sine \u00e9poxy &#8211; Outil de perceuse style Jiffy pour peinture, r\u00e9sine et rev\u00eatements<\/h1>\n<p>M\u00e9langeur pour r\u00e9sine \u00e9poxy outil pour perceuse Vous recherchez une solution efficace et de haute qualit\u00e9 pour vos besoins de m\u00e9lange CHILL EPOXY\u2122? Ne cherchez pas plus loin que l&rsquo;outil professionnel Epoxy Mixer 5 Gallons. Que vous soyez un professionnel ou un bricoleur, ce m\u00e9langeur est l&rsquo;outil parfait pour obtenir un m\u00e9lange \u00e9poxy lisse et homog\u00e8ne \u00e0 chaque fois.<\/p>\n<p>Sp\u00e9cialement con\u00e7u pour m\u00e9langer nos syst\u00e8mes CHILL EPOXY\u2122, cet outil professionnel est non seulement id\u00e9al pour m\u00e9langer de plus grandes quantit\u00e9s de liquides mais assure \u00e9galement un m\u00e9lange parfaitement homog\u00e8ne. Gr\u00e2ce \u00e0 ses puissantes capacit\u00e9s de mixage, vous pouvez \u00eatre assur\u00e9 d&rsquo;une exp\u00e9rience de mixage sans effort et efficace \u00e0 chaque fois.<\/p>\n<p>Dot\u00e9 d&rsquo;une conception facile \u00e0 utiliser et d&rsquo;une construction durable, l&rsquo;outil professionnel Epoxy Mixer 5 Gallons est un incontournable pour tous ceux qui travaillent avec les syst\u00e8mes CHILL EPOXY\u2122. C&rsquo;est la solution id\u00e9ale pour obtenir des r\u00e9sultats parfaits avec un minimum d&rsquo;effort.<\/p>\n<p>Pour l&rsquo;utiliser, ins\u00e9rez simplement le b\u00e2tonnet de m\u00e9lange dans une perceuse, serrez et commencez \u00e0 m\u00e9langer. Ce m\u00e9langeur est parfait pour m\u00e9langer de grandes quantit\u00e9s de liquides, assurant une consistance parfaitement m\u00e9lang\u00e9e et lisse \u00e0 chaque fois. Ainsi, que vous travailliez sur un petit ou un grand projet, ce m\u00e9langeur est s\u00fbr de rendre votre exp\u00e9rience de m\u00e9lange \u00e9poxy sans effort et efficace.<\/p>\n<p>Obtenez le v\u00f4tre aujourd&rsquo;hui et faites passer votre m\u00e9lange d&rsquo;\u00e9poxy au niveau sup\u00e9rieur ! Avec ses puissantes capacit\u00e9s de m\u00e9lange, sa conception facile \u00e0 utiliser et sa construction durable, l&rsquo;outil professionnel Epoxy Mixer 5 Gallons est la solution parfaite pour tous vos besoins de m\u00e9lange CHILL EPOXY\u2122.<\/p>\n<h2>M\u00e9langeur pour r\u00e9sine \u00e9poxy outil pour perceuse<\/h2>\n<ul>\n<li><span data-preserver-spaces=\"true\">Il rend le m\u00e9lange de liquides rapide et facile. Il m\u00e9lange rapidement le latex coul\u00e9 en profondeur, la r\u00e9sine \u00e9poxy et d&rsquo;autres liquides collants.<\/span><\/li>\n<li><span data-preserver-spaces=\"true\">Cette lame d&rsquo;agitation est bien plus excellente et efficace que le m\u00e9lange \u00e0 la main. En m\u00eame temps, il m\u00e9lange facilement la peinture neuve ou ancienne en une consistance lisse et uniforme.<\/span><\/li>\n<li><span data-preserver-spaces=\"true\">Donc id\u00e9al pour vos projets \u00e9poxy. Cette palette d&rsquo;agitation est si facile et simple \u00e0 utiliser. Ins\u00e9rez le b\u00e2tonnet de m\u00e9langeur dans une perceuse, serrez et utilisez.<\/span><\/li>\n<li><span data-preserver-spaces=\"true\">Pour \u00e9viter les \u00e9claboussures, assurez-vous toujours que la t\u00eate de la palette de m\u00e9lange en plastique est immerg\u00e9e dans le liquide que vous m\u00e9langez. <\/span><\/li>\n<\/ul>\n<h4><strong><span data-preserver-spaces=\"true\">Sp\u00e9cification:<\/span><\/strong><\/h4>\n<ul>\n<li><span data-preserver-spaces=\"true\">En effet, nous recommandons d&rsquo;utiliser ce m\u00e9langeur de r\u00e9sine \u00e0 vitesse moyenne pendant une p\u00e9riode plus prolong\u00e9e (8-10 min). Evitant ainsi de cr\u00e9er un vortex g\u00e9ant et d&rsquo;incorporer plus de bulles dans l&rsquo;\u00e9poxy.<\/span><\/li>\n<li><span data-preserver-spaces=\"true\">Il est \u00e9galement fortement recommand\u00e9 de racler les c\u00f4t\u00e9s et le fond de votre r\u00e9cipient de m\u00e9lange \u00e0 l&rsquo;aide d&rsquo;une spatule en m\u00e9tal tout en m\u00e9langeant l&rsquo;\u00e9poxy.<\/span><\/li>\n<\/ul>\n","protected":false},"excerpt":{"rendered":"<p>L&rsquo;outil professionnel Epoxy Mixer 5 Gallons est non seulement id\u00e9al pour m\u00e9langer de plus grandes quantit\u00e9s de liquides, mais il est \u00e9galement sp\u00e9cialement con\u00e7u pour m\u00e9langer nos syst\u00e8mes CHILL EPOXY\u2122 pour un m\u00e9lange parfaitement homog\u00e8ne. Que vous travailliez sur un projet professionnel ou de bricolage, ce m\u00e9langeur est l&rsquo;outil parfait pour obtenir un m\u00e9lange \u00e9poxy lisse et homog\u00e8ne \u00e0 chaque fois. Avec sa conception facile \u00e0 utiliser, ses capacit\u00e9s de m\u00e9lange puissantes et sa construction durable, c&rsquo;est un incontournable pour tous ceux qui travaillent avec les syst\u00e8mes CHILL EPOXY\u2122. Ainsi, vous pouvez profiter d&rsquo;une exp\u00e9rience de m\u00e9lange \u00e9poxy sans effort et efficace. Obtenez le v\u00f4tre aujourd&rsquo;hui et faites passer votre m\u00e9lange d&rsquo;\u00e9poxy au niveau sup\u00e9rieur !<\/p>\n","protected":false},"featured_media":16399,"comment_status":"open","ping_status":"closed","template":"","meta":{"jetpack_publicize_message":"","jetpack_publicize_feature_enabled":true,"jetpack_social_post_already_shared":false,"jetpack_social_options":{"image_generator_settings":{"template":"highway","default_image_id":0,"font":"","enabled":false},"version":2}},"product_brand":[],"product_cat":[88,1431],"product_tag":[1230],"class_list":{"0":"post-6910","1":"product","2":"type-product","3":"status-publish","4":"has-post-thumbnail","6":"product_cat-accessoires-fr","7":"product_cat-accessoires-de-revetement","8":"product_tag-palette-de-melangeur-epoxy","10":"first","11":"instock","12":"featured","13":"taxable","14":"shipping-taxable","15":"purchasable","16":"product-type-variable"},"yoast_head":"<!-- This site is optimized with the Yoast SEO Premium plugin v27.3 (Yoast SEO v27.3) - https:\/\/yoast.com\/product\/yoast-seo-premium-wordpress\/ -->\n<title>M\u00e9langeur pour r\u00e9sine \u00e9poxy \u2013 Accessoire pour perceuse | CHILL EPOXY<\/title>\n<meta name=\"description\" content=\"M\u00e9langeur pour r\u00e9sine \u00e9poxy outil pour perceuse Que vous travailliez sur un projet professionnel ou de bricolage, ce m\u00e9langeur est le bon outil pour obtenir un m\u00e9lange parfait \u00e0 chaque fois.\" \/>\n<meta name=\"robots\" content=\"index, follow, max-snippet:-1, max-image-preview:large, max-video-preview:-1\" \/>\n<link rel=\"canonical\" href=\"https:\/\/chillepoxy.com\/fr\/produit\/jiffy-mixer-pour-resine-epoxy\/\" \/>\n<meta property=\"og:locale\" content=\"fr_FR\" \/>\n<meta property=\"og:type\" content=\"article\" \/>\n<meta property=\"og:title\" content=\"M\u00e9langeur pour r\u00e9sine \u00e9poxy | Outil de perceuse style Jiffy pour peinture, r\u00e9sine et rev\u00eatements\" \/>\n<meta property=\"og:description\" content=\"M\u00e9langeur pour r\u00e9sine \u00e9poxy outil pour perceuse Que vous travailliez sur un projet professionnel ou de bricolage, ce m\u00e9langeur est le bon outil pour obtenir un m\u00e9lange parfait \u00e0 chaque fois.\" \/>\n<meta property=\"og:url\" content=\"https:\/\/chillepoxy.com\/fr\/produit\/jiffy-mixer-pour-resine-epoxy\/\" \/>\n<meta property=\"og:site_name\" content=\"CHILL EPOXY\" \/>\n<meta property=\"article:publisher\" content=\"https:\/\/www.facebook.com\/polymerestechnologies\/\" \/>\n<meta property=\"article:modified_time\" content=\"2026-03-12T13:21:06+00:00\" \/>\n<meta property=\"og:image\" content=\"https:\/\/chillepoxy.com\/wp-content\/uploads\/2020\/12\/epoxy-jiffy-mixer-blender.jpg\" \/>\n\t<meta property=\"og:image:width\" content=\"1920\" \/>\n\t<meta property=\"og:image:height\" content=\"1920\" \/>\n\t<meta property=\"og:image:type\" content=\"image\/jpeg\" \/>\n<meta name=\"twitter:card\" content=\"summary_large_image\" \/>\n<meta name=\"twitter:label1\" content=\"Dur\u00e9e de lecture estim\u00e9e\" \/>\n\t<meta name=\"twitter:data1\" content=\"2 minutes\" \/>\n<script type=\"application\/ld+json\" class=\"yoast-schema-graph\">{\"@context\":\"https:\\\/\\\/schema.org\",\"@graph\":[{\"@type\":\"WebPage\",\"@id\":\"https:\\\/\\\/chillepoxy.com\\\/fr\\\/produit\\\/jiffy-mixer-pour-resine-epoxy\\\/\",\"url\":\"https:\\\/\\\/chillepoxy.com\\\/fr\\\/produit\\\/jiffy-mixer-pour-resine-epoxy\\\/\",\"name\":\"M\u00e9langeur pour r\u00e9sine \u00e9poxy \u2013 Accessoire pour perceuse | CHILL EPOXY\",\"isPartOf\":{\"@id\":\"https:\\\/\\\/chillepoxy.com\\\/fr\\\/#website\"},\"primaryImageOfPage\":{\"@id\":\"https:\\\/\\\/chillepoxy.com\\\/fr\\\/produit\\\/jiffy-mixer-pour-resine-epoxy\\\/#primaryimage\"},\"image\":{\"@id\":\"https:\\\/\\\/chillepoxy.com\\\/fr\\\/produit\\\/jiffy-mixer-pour-resine-epoxy\\\/#primaryimage\"},\"thumbnailUrl\":\"https:\\\/\\\/chillepoxy.com\\\/wp-content\\\/uploads\\\/2020\\\/12\\\/epoxy-jiffy-mixer-blender.jpg\",\"datePublished\":\"2020-12-07T22:53:41+00:00\",\"dateModified\":\"2026-03-12T13:21:06+00:00\",\"description\":\"M\u00e9langeur pour r\u00e9sine \u00e9poxy outil pour perceuse Que vous travailliez sur un projet professionnel ou de bricolage, ce m\u00e9langeur est le bon outil pour obtenir un m\u00e9lange parfait \u00e0 chaque fois.\",\"breadcrumb\":{\"@id\":\"https:\\\/\\\/chillepoxy.com\\\/fr\\\/produit\\\/jiffy-mixer-pour-resine-epoxy\\\/#breadcrumb\"},\"inLanguage\":\"fr-FR\",\"potentialAction\":[{\"@type\":\"ReadAction\",\"target\":[\"https:\\\/\\\/chillepoxy.com\\\/fr\\\/produit\\\/jiffy-mixer-pour-resine-epoxy\\\/\"]}]},{\"@type\":\"ImageObject\",\"inLanguage\":\"fr-FR\",\"@id\":\"https:\\\/\\\/chillepoxy.com\\\/fr\\\/produit\\\/jiffy-mixer-pour-resine-epoxy\\\/#primaryimage\",\"url\":\"https:\\\/\\\/chillepoxy.com\\\/wp-content\\\/uploads\\\/2020\\\/12\\\/epoxy-jiffy-mixer-blender.jpg\",\"contentUrl\":\"https:\\\/\\\/chillepoxy.com\\\/wp-content\\\/uploads\\\/2020\\\/12\\\/epoxy-jiffy-mixer-blender.jpg\",\"width\":1920,\"height\":1920,\"caption\":\"Epoxy Mixer Jiffy Style Mixing Paddle for Resin & Coatings\"},{\"@type\":\"BreadcrumbList\",\"@id\":\"https:\\\/\\\/chillepoxy.com\\\/fr\\\/produit\\\/jiffy-mixer-pour-resine-epoxy\\\/#breadcrumb\",\"itemListElement\":[{\"@type\":\"ListItem\",\"position\":1,\"name\":\"Home\",\"item\":\"https:\\\/\\\/chillepoxy.com\\\/fr\\\/\"},{\"@type\":\"ListItem\",\"position\":2,\"name\":\"Boutique\",\"item\":\"https:\\\/\\\/chillepoxy.com\\\/fr\\\/boutique\\\/\"},{\"@type\":\"ListItem\",\"position\":3,\"name\":\"M\u00e9langeur pour r\u00e9sine \u00e9poxy | Outil de perceuse style Jiffy pour peinture, r\u00e9sine et rev\u00eatements\"}]},{\"@type\":\"WebSite\",\"@id\":\"https:\\\/\\\/chillepoxy.com\\\/fr\\\/#website\",\"url\":\"https:\\\/\\\/chillepoxy.com\\\/fr\\\/\",\"name\":\"CHILL EPOXY\u2122 High-Quality Canadian-Made Epoxy Resin\",\"description\":\"High-Quality Canadian-Made Epoxy Resin | Casting &amp; Art\",\"publisher\":{\"@id\":\"https:\\\/\\\/chillepoxy.com\\\/fr\\\/#organization\"},\"alternateName\":\"High-Quality Epoxy Resin\",\"potentialAction\":[{\"@type\":\"SearchAction\",\"target\":{\"@type\":\"EntryPoint\",\"urlTemplate\":\"https:\\\/\\\/chillepoxy.com\\\/fr\\\/?s={search_term_string}\"},\"query-input\":{\"@type\":\"PropertyValueSpecification\",\"valueRequired\":true,\"valueName\":\"search_term_string\"}}],\"inLanguage\":\"fr-FR\"},{\"@type\":\"Organization\",\"@id\":\"https:\\\/\\\/chillepoxy.com\\\/fr\\\/#organization\",\"name\":\"CHILL EPOXY\u2122\",\"alternateName\":\"High-Quality Canadian-Made Epoxy Resin\",\"url\":\"https:\\\/\\\/chillepoxy.com\\\/fr\\\/\",\"logo\":{\"@type\":\"ImageObject\",\"inLanguage\":\"fr-FR\",\"@id\":\"https:\\\/\\\/chillepoxy.com\\\/fr\\\/#\\\/schema\\\/logo\\\/image\\\/\",\"url\":\"https:\\\/\\\/i0.wp.com\\\/chillepoxy.com\\\/wp-content\\\/uploads\\\/2024\\\/02\\\/polymeres_technologies.png?fit=649%2C649&ssl=1\",\"contentUrl\":\"https:\\\/\\\/i0.wp.com\\\/chillepoxy.com\\\/wp-content\\\/uploads\\\/2024\\\/02\\\/polymeres_technologies.png?fit=649%2C649&ssl=1\",\"width\":649,\"height\":649,\"caption\":\"CHILL EPOXY\u2122\"},\"image\":{\"@id\":\"https:\\\/\\\/chillepoxy.com\\\/fr\\\/#\\\/schema\\\/logo\\\/image\\\/\"},\"sameAs\":[\"https:\\\/\\\/www.facebook.com\\\/polymerestechnologies\\\/\",\"https:\\\/\\\/www.instagram.com\\\/polymeres_technologies\\\/\",\"https:\\\/\\\/www.linkedin.com\\\/company\\\/polymeres-technologies\\\/\",\"https:\\\/\\\/www.youtube.com\\\/channel\\\/UCDaFKmK4Hn3KPKmBaTXWong\"]}]}<\/script>\n<!-- \/ Yoast SEO Premium plugin. -->","yoast_head_json":{"title":"M\u00e9langeur pour r\u00e9sine \u00e9poxy \u2013 Accessoire pour perceuse | CHILL EPOXY","description":"M\u00e9langeur pour r\u00e9sine \u00e9poxy outil pour perceuse Que vous travailliez sur un projet professionnel ou de bricolage, ce m\u00e9langeur est le bon outil pour obtenir un m\u00e9lange parfait \u00e0 chaque fois.","robots":{"index":"index","follow":"follow","max-snippet":"max-snippet:-1","max-image-preview":"max-image-preview:large","max-video-preview":"max-video-preview:-1"},"canonical":"https:\/\/chillepoxy.com\/fr\/produit\/jiffy-mixer-pour-resine-epoxy\/","og_locale":"fr_FR","og_type":"article","og_title":"M\u00e9langeur pour r\u00e9sine \u00e9poxy | Outil de perceuse style Jiffy pour peinture, r\u00e9sine et rev\u00eatements","og_description":"M\u00e9langeur pour r\u00e9sine \u00e9poxy outil pour perceuse Que vous travailliez sur un projet professionnel ou de bricolage, ce m\u00e9langeur est le bon outil pour obtenir un m\u00e9lange parfait \u00e0 chaque fois.","og_url":"https:\/\/chillepoxy.com\/fr\/produit\/jiffy-mixer-pour-resine-epoxy\/","og_site_name":"CHILL EPOXY","article_publisher":"https:\/\/www.facebook.com\/polymerestechnologies\/","article_modified_time":"2026-03-12T13:21:06+00:00","og_image":[{"width":1920,"height":1920,"url":"https:\/\/chillepoxy.com\/wp-content\/uploads\/2020\/12\/epoxy-jiffy-mixer-blender.jpg","type":"image\/jpeg"}],"twitter_card":"summary_large_image","twitter_misc":{"Dur\u00e9e de lecture estim\u00e9e":"2 minutes"},"schema":{"@context":"https:\/\/schema.org","@graph":[{"@type":"WebPage","@id":"https:\/\/chillepoxy.com\/fr\/produit\/jiffy-mixer-pour-resine-epoxy\/","url":"https:\/\/chillepoxy.com\/fr\/produit\/jiffy-mixer-pour-resine-epoxy\/","name":"M\u00e9langeur pour r\u00e9sine \u00e9poxy \u2013 Accessoire pour perceuse | CHILL EPOXY","isPartOf":{"@id":"https:\/\/chillepoxy.com\/fr\/#website"},"primaryImageOfPage":{"@id":"https:\/\/chillepoxy.com\/fr\/produit\/jiffy-mixer-pour-resine-epoxy\/#primaryimage"},"image":{"@id":"https:\/\/chillepoxy.com\/fr\/produit\/jiffy-mixer-pour-resine-epoxy\/#primaryimage"},"thumbnailUrl":"https:\/\/chillepoxy.com\/wp-content\/uploads\/2020\/12\/epoxy-jiffy-mixer-blender.jpg","datePublished":"2020-12-07T22:53:41+00:00","dateModified":"2026-03-12T13:21:06+00:00","description":"M\u00e9langeur pour r\u00e9sine \u00e9poxy outil pour perceuse Que vous travailliez sur un projet professionnel ou de bricolage, ce m\u00e9langeur est le bon outil pour obtenir un m\u00e9lange parfait \u00e0 chaque fois.","breadcrumb":{"@id":"https:\/\/chillepoxy.com\/fr\/produit\/jiffy-mixer-pour-resine-epoxy\/#breadcrumb"},"inLanguage":"fr-FR","potentialAction":[{"@type":"ReadAction","target":["https:\/\/chillepoxy.com\/fr\/produit\/jiffy-mixer-pour-resine-epoxy\/"]}]},{"@type":"ImageObject","inLanguage":"fr-FR","@id":"https:\/\/chillepoxy.com\/fr\/produit\/jiffy-mixer-pour-resine-epoxy\/#primaryimage","url":"https:\/\/chillepoxy.com\/wp-content\/uploads\/2020\/12\/epoxy-jiffy-mixer-blender.jpg","contentUrl":"https:\/\/chillepoxy.com\/wp-content\/uploads\/2020\/12\/epoxy-jiffy-mixer-blender.jpg","width":1920,"height":1920,"caption":"Epoxy Mixer Jiffy Style Mixing Paddle for Resin & Coatings"},{"@type":"BreadcrumbList","@id":"https:\/\/chillepoxy.com\/fr\/produit\/jiffy-mixer-pour-resine-epoxy\/#breadcrumb","itemListElement":[{"@type":"ListItem","position":1,"name":"Home","item":"https:\/\/chillepoxy.com\/fr\/"},{"@type":"ListItem","position":2,"name":"Boutique","item":"https:\/\/chillepoxy.com\/fr\/boutique\/"},{"@type":"ListItem","position":3,"name":"M\u00e9langeur pour r\u00e9sine \u00e9poxy | Outil de perceuse style Jiffy pour peinture, r\u00e9sine et rev\u00eatements"}]},{"@type":"WebSite","@id":"https:\/\/chillepoxy.com\/fr\/#website","url":"https:\/\/chillepoxy.com\/fr\/","name":"CHILL EPOXY\u2122 High-Quality Canadian-Made Epoxy Resin","description":"High-Quality Canadian-Made Epoxy Resin | Casting &amp; Art","publisher":{"@id":"https:\/\/chillepoxy.com\/fr\/#organization"},"alternateName":"High-Quality Epoxy Resin","potentialAction":[{"@type":"SearchAction","target":{"@type":"EntryPoint","urlTemplate":"https:\/\/chillepoxy.com\/fr\/?s={search_term_string}"},"query-input":{"@type":"PropertyValueSpecification","valueRequired":true,"valueName":"search_term_string"}}],"inLanguage":"fr-FR"},{"@type":"Organization","@id":"https:\/\/chillepoxy.com\/fr\/#organization","name":"CHILL EPOXY\u2122","alternateName":"High-Quality Canadian-Made Epoxy Resin","url":"https:\/\/chillepoxy.com\/fr\/","logo":{"@type":"ImageObject","inLanguage":"fr-FR","@id":"https:\/\/chillepoxy.com\/fr\/#\/schema\/logo\/image\/","url":"https:\/\/i0.wp.com\/chillepoxy.com\/wp-content\/uploads\/2024\/02\/polymeres_technologies.png?fit=649%2C649&ssl=1","contentUrl":"https:\/\/i0.wp.com\/chillepoxy.com\/wp-content\/uploads\/2024\/02\/polymeres_technologies.png?fit=649%2C649&ssl=1","width":649,"height":649,"caption":"CHILL EPOXY\u2122"},"image":{"@id":"https:\/\/chillepoxy.com\/fr\/#\/schema\/logo\/image\/"},"sameAs":["https:\/\/www.facebook.com\/polymerestechnologies\/","https:\/\/www.instagram.com\/polymeres_technologies\/","https:\/\/www.linkedin.com\/company\/polymeres-technologies\/","https:\/\/www.youtube.com\/channel\/UCDaFKmK4Hn3KPKmBaTXWong"]}]}},"jetpack_publicize_connections":[],"jetpack_sharing_enabled":true,"jetpack_likes_enabled":false,"_links":{"self":[{"href":"https:\/\/chillepoxy.com\/fr\/wp-json\/wp\/v2\/product\/6910","targetHints":{"allow":["GET"]}}],"collection":[{"href":"https:\/\/chillepoxy.com\/fr\/wp-json\/wp\/v2\/product"}],"about":[{"href":"https:\/\/chillepoxy.com\/fr\/wp-json\/wp\/v2\/types\/product"}],"replies":[{"embeddable":true,"href":"https:\/\/chillepoxy.com\/fr\/wp-json\/wp\/v2\/comments?post=6910"}],"wp:featuredmedia":[{"embeddable":true,"href":"https:\/\/chillepoxy.com\/fr\/wp-json\/wp\/v2\/media\/16399"}],"wp:attachment":[{"href":"https:\/\/chillepoxy.com\/fr\/wp-json\/wp\/v2\/media?parent=6910"}],"wp:term":[{"taxonomy":"product_brand","embeddable":true,"href":"https:\/\/chillepoxy.com\/fr\/wp-json\/wp\/v2\/product_brand?post=6910"},{"taxonomy":"product_cat","embeddable":true,"href":"https:\/\/chillepoxy.com\/fr\/wp-json\/wp\/v2\/product_cat?post=6910"},{"taxonomy":"product_tag","embeddable":true,"href":"https:\/\/chillepoxy.com\/fr\/wp-json\/wp\/v2\/product_tag?post=6910"}],"curies":[{"name":"wp","href":"https:\/\/api.w.org\/{rel}","templated":true}]}}