{"id":9675,"date":"2020-11-24T07:53:54","date_gmt":"2021-06-30T19:23:47","guid":{"rendered":"https:\/\/v2.chillepoxy.com\/shop\/kit-de-demarrage-pour-resine\/"},"modified":"2024-01-30T12:57:05","modified_gmt":"2024-01-30T17:57:05","slug":"kit-outils-de-demarrage-pour-resine-epoxy","status":"publish","type":"product","link":"https:\/\/chillepoxy.com\/fr\/produit\/kit-outils-de-demarrage-pour-resine-epoxy\/","title":{"rendered":"Kit d&rsquo;outils de d\u00e9marrage pour r\u00e9sine \u00e9poxy"},"content":{"rendered":"<h2>Tout ce dont vous avez besoin pour commencer et cr\u00e9er avec de la r\u00e9sine \u00e9poxy<\/h2>\n<p>Vous cherchez \u00e0 commencer votre prochain projet de r\u00e9sine mais vous n&rsquo;avez pas les bons outils? Ne cherchez pas plus loin que notre kit de d\u00e9marrage d&rsquo;outils de r\u00e9sine! Fabriqu\u00e9 avec des mat\u00e9riaux de haute qualit\u00e9, ce kit est parfait pour une large gamme d&rsquo;applications.<\/p>\n<p>Avec des outils premium et vari\u00e9s, ce kit vous aidera \u00e0 d\u00e9marrer rapidement et facilement, vous permettant de cr\u00e9er votre propre chef-d&rsquo;\u0153uvre. Que vous soyez un artiste de r\u00e9sine exp\u00e9riment\u00e9 ou que vous commenciez tout juste, ce kit est un excellent accessoire pour vos produits CHILL EPOXY\u2122.<\/p>\n<p>Inclus dans ce kit de r\u00e9sine, il y a trois paires de gants, une spatule de m\u00e9lange moyenne et une spatule de diffusion jaune. Les gants assurent que vos mains restent propres et sans r\u00e9sine, tandis que la spatule de diffusion jaune est parfaite pour appliquer une couche lisse et uniforme. La spatule de m\u00e9lange moyenne est con\u00e7ue pour racler les c\u00f4t\u00e9s et le fond de votre r\u00e9cipient de m\u00e9lange pour une mixture parfaitement homog\u00e8ne, garantissant que votre produit final ait une apparence et une texture professionnelles.<\/p>\n<p>Ne vous contentez pas de moins quand il s&rsquo;agit de vos projets de r\u00e9sine. Avec notre kit de d\u00e9marrage d&rsquo;outils de r\u00e9sine, vous aurez tout ce dont vous avez besoin pour cr\u00e9er des pi\u00e8ces \u00e9tonnantes et de haute qualit\u00e9 dont vous pourrez \u00eatre fier. Alors qu&rsquo;attendez-vous? Ajoutez ce kit \u00e0 votre collection d\u00e8s aujourd&rsquo;hui et faites passer votre art de la r\u00e9sine \u00e0 un niveau sup\u00e9rieur!<\/p>\n<h3>Outils essentiels pour l&rsquo;artisanat de la r\u00e9sine<\/h3>\n<p>Notre kit de d\u00e9marrage d&rsquo;outils de r\u00e9sine \u00e9poxy comprend une spatule de diffusion jaune et une spatule de m\u00e9lange moyenne. Utilisez la spatule pour racler les c\u00f4t\u00e9s et le fond de votre r\u00e9cipient de m\u00e9lange. La spatule de diffusion jaune peut \u00eatre utilis\u00e9e pour \u00e9taler la r\u00e9sine \u00e9poxy sur la surface de votre projet pour un rev\u00eatement uniforme.<\/p>\n<p>Notre kit de d\u00e9marrage d&rsquo;outils de r\u00e9sine \u00e9poxy comprend des outils essentiels pour l&rsquo;artisanat de la r\u00e9sine. Les gants, la spatule de diffusion jaune et la spatule de m\u00e9lange sont con\u00e7us pour rendre le processus de l&rsquo;artisanat de la r\u00e9sine plus facile, plus efficace et plus agr\u00e9able. De plus, ces outils sont r\u00e9utilisables, vous pouvez donc continuer \u00e0 les utiliser dans tous vos projets futurs d&rsquo;artisanat de la r\u00e9sine.<\/p>\n","protected":false},"excerpt":{"rendered":"<h3>Commencez avec notre kit de d\u00e9marrage de r\u00e9sine \u00e9poxy &#8211; Tout ce dont vous avez besoin.<\/h3>\n<p>Notre kit de d\u00e9marrage d&rsquo;outils de r\u00e9sine \u00e9poxy comprend des outils essentiels pour l&rsquo;artisanat de la r\u00e9sine. Les gants, la spatule de diffusion jaune et la spatule de m\u00e9lange sont con\u00e7us pour rendre le processus de l&rsquo;artisanat de la r\u00e9sine plus facile, plus efficace et plus agr\u00e9able. De plus, ces outils sont r\u00e9utilisables, vous pouvez donc continuer \u00e0 les utiliser dans tous vos projets futurs d&rsquo;artisanat de la r\u00e9sine.<\/p>\n","protected":false},"featured_media":9674,"comment_status":"open","ping_status":"closed","template":"","meta":{"jetpack_publicize_message":"","jetpack_publicize_feature_enabled":true,"jetpack_social_post_already_shared":true,"jetpack_social_options":{"image_generator_settings":{"template":"highway","default_image_id":0,"font":"","enabled":false},"version":2}},"product_brand":[],"product_cat":[88],"product_tag":[373,1203],"class_list":{"0":"post-9675","1":"product","2":"type-product","3":"status-publish","4":"has-post-thumbnail","6":"product_cat-accessoires-fr","7":"product_tag-kit-de-demarrage-en-resine","8":"product_tag-outils-de-demarrage-en-resine","10":"first","11":"instock","12":"taxable","13":"shipping-taxable","14":"purchasable","15":"product-type-simple"},"yoast_head":"<!-- This site is optimized with the Yoast SEO Premium plugin v27.4 (Yoast SEO v27.4) - https:\/\/yoast.com\/product\/yoast-seo-premium-wordpress\/ -->\n<title>Kit d&#039;outils de d\u00e9marrage pour r\u00e9sine \u00e9poxy | CHILL EPOXY<\/title>\n<meta name=\"description\" content=\"Kit d&#039;outils de d\u00e9marrage pour r\u00e9sine \u00e9poxy R\u00e9alisez un m\u00e9lange parfait avec nos outils d&#039;artisanat en r\u00e9sine essentiels. Facilitez le travail de la r\u00e9sine avec notre kit d&#039;outils de d\u00e9marrage\" \/>\n<meta name=\"robots\" content=\"index, follow, max-snippet:-1, max-image-preview:large, max-video-preview:-1\" \/>\n<link rel=\"canonical\" href=\"https:\/\/chillepoxy.com\/fr\/produit\/kit-outils-de-demarrage-pour-resine-epoxy\/\" \/>\n<meta property=\"og:locale\" content=\"fr_FR\" \/>\n<meta property=\"og:type\" content=\"article\" \/>\n<meta property=\"og:title\" content=\"Kit d&#039;outils de d\u00e9marrage pour r\u00e9sine \u00e9poxy\" \/>\n<meta property=\"og:description\" content=\"Kit d&#039;outils de d\u00e9marrage pour r\u00e9sine \u00e9poxy R\u00e9alisez un m\u00e9lange parfait avec nos outils d&#039;artisanat en r\u00e9sine essentiels. Facilitez le travail de la r\u00e9sine avec notre kit d&#039;outils de d\u00e9marrage\" \/>\n<meta property=\"og:url\" content=\"https:\/\/chillepoxy.com\/fr\/produit\/kit-outils-de-demarrage-pour-resine-epoxy\/\" \/>\n<meta property=\"og:site_name\" content=\"CHILL EPOXY\" \/>\n<meta property=\"article:publisher\" content=\"https:\/\/www.facebook.com\/polymerestechnologies\/\" \/>\n<meta property=\"article:modified_time\" content=\"2024-01-30T17:57:05+00:00\" \/>\n<meta property=\"og:image\" content=\"https:\/\/chillepoxy.com\/wp-content\/uploads\/2020\/11\/DSC02109.jpg\" \/>\n\t<meta property=\"og:image:width\" content=\"1920\" \/>\n\t<meta property=\"og:image:height\" content=\"1920\" \/>\n\t<meta property=\"og:image:type\" content=\"image\/jpeg\" \/>\n<meta name=\"twitter:card\" content=\"summary_large_image\" \/>\n<meta name=\"twitter:label1\" content=\"Dur\u00e9e de lecture estim\u00e9e\" \/>\n\t<meta name=\"twitter:data1\" content=\"2 minutes\" \/>\n<script type=\"application\/ld+json\" class=\"yoast-schema-graph\">{\"@context\":\"https:\\\/\\\/schema.org\",\"@graph\":[{\"@type\":\"WebPage\",\"@id\":\"https:\\\/\\\/chillepoxy.com\\\/fr\\\/produit\\\/kit-outils-de-demarrage-pour-resine-epoxy\\\/\",\"url\":\"https:\\\/\\\/chillepoxy.com\\\/fr\\\/produit\\\/kit-outils-de-demarrage-pour-resine-epoxy\\\/\",\"name\":\"Kit d'outils de d\u00e9marrage pour r\u00e9sine \u00e9poxy | CHILL EPOXY\",\"isPartOf\":{\"@id\":\"https:\\\/\\\/chillepoxy.com\\\/fr\\\/#website\"},\"primaryImageOfPage\":{\"@id\":\"https:\\\/\\\/chillepoxy.com\\\/fr\\\/produit\\\/kit-outils-de-demarrage-pour-resine-epoxy\\\/#primaryimage\"},\"image\":{\"@id\":\"https:\\\/\\\/chillepoxy.com\\\/fr\\\/produit\\\/kit-outils-de-demarrage-pour-resine-epoxy\\\/#primaryimage\"},\"thumbnailUrl\":\"https:\\\/\\\/chillepoxy.com\\\/wp-content\\\/uploads\\\/2020\\\/11\\\/DSC02109.jpg\",\"datePublished\":\"2021-06-30T19:23:47+00:00\",\"dateModified\":\"2024-01-30T17:57:05+00:00\",\"description\":\"Kit d'outils de d\u00e9marrage pour r\u00e9sine \u00e9poxy R\u00e9alisez un m\u00e9lange parfait avec nos outils d'artisanat en r\u00e9sine essentiels. Facilitez le travail de la r\u00e9sine avec notre kit d'outils de d\u00e9marrage\",\"breadcrumb\":{\"@id\":\"https:\\\/\\\/chillepoxy.com\\\/fr\\\/produit\\\/kit-outils-de-demarrage-pour-resine-epoxy\\\/#breadcrumb\"},\"inLanguage\":\"fr-FR\",\"potentialAction\":[{\"@type\":\"ReadAction\",\"target\":[\"https:\\\/\\\/chillepoxy.com\\\/fr\\\/produit\\\/kit-outils-de-demarrage-pour-resine-epoxy\\\/\"]}]},{\"@type\":\"ImageObject\",\"inLanguage\":\"fr-FR\",\"@id\":\"https:\\\/\\\/chillepoxy.com\\\/fr\\\/produit\\\/kit-outils-de-demarrage-pour-resine-epoxy\\\/#primaryimage\",\"url\":\"https:\\\/\\\/chillepoxy.com\\\/wp-content\\\/uploads\\\/2020\\\/11\\\/DSC02109.jpg\",\"contentUrl\":\"https:\\\/\\\/chillepoxy.com\\\/wp-content\\\/uploads\\\/2020\\\/11\\\/DSC02109.jpg\",\"width\":1920,\"height\":1920,\"caption\":\"Kit d'outils de d\u00e9marrage pour r\u00e9sine \u00e9poxy CHILL EPOXY\"},{\"@type\":\"BreadcrumbList\",\"@id\":\"https:\\\/\\\/chillepoxy.com\\\/fr\\\/produit\\\/kit-outils-de-demarrage-pour-resine-epoxy\\\/#breadcrumb\",\"itemListElement\":[{\"@type\":\"ListItem\",\"position\":1,\"name\":\"Home\",\"item\":\"https:\\\/\\\/chillepoxy.com\\\/fr\\\/\"},{\"@type\":\"ListItem\",\"position\":2,\"name\":\"Boutique\",\"item\":\"https:\\\/\\\/chillepoxy.com\\\/fr\\\/boutique\\\/\"},{\"@type\":\"ListItem\",\"position\":3,\"name\":\"Kit d&#8217;outils de d\u00e9marrage pour r\u00e9sine \u00e9poxy\"}]},{\"@type\":\"WebSite\",\"@id\":\"https:\\\/\\\/chillepoxy.com\\\/fr\\\/#website\",\"url\":\"https:\\\/\\\/chillepoxy.com\\\/fr\\\/\",\"name\":\"CHILL EPOXY\u2122 High-Quality Canadian-Made Epoxy Resin\",\"description\":\"High-Quality Canadian-Made Epoxy Resin | Casting &amp; Art\",\"publisher\":{\"@id\":\"https:\\\/\\\/chillepoxy.com\\\/fr\\\/#organization\"},\"alternateName\":\"High-Quality Epoxy Resin\",\"potentialAction\":[{\"@type\":\"SearchAction\",\"target\":{\"@type\":\"EntryPoint\",\"urlTemplate\":\"https:\\\/\\\/chillepoxy.com\\\/fr\\\/?s={search_term_string}\"},\"query-input\":{\"@type\":\"PropertyValueSpecification\",\"valueRequired\":true,\"valueName\":\"search_term_string\"}}],\"inLanguage\":\"fr-FR\"},{\"@type\":\"Organization\",\"@id\":\"https:\\\/\\\/chillepoxy.com\\\/fr\\\/#organization\",\"name\":\"CHILL EPOXY\u2122\",\"alternateName\":\"High-Quality Canadian-Made Epoxy Resin\",\"url\":\"https:\\\/\\\/chillepoxy.com\\\/fr\\\/\",\"logo\":{\"@type\":\"ImageObject\",\"inLanguage\":\"fr-FR\",\"@id\":\"https:\\\/\\\/chillepoxy.com\\\/fr\\\/#\\\/schema\\\/logo\\\/image\\\/\",\"url\":\"https:\\\/\\\/i0.wp.com\\\/chillepoxy.com\\\/wp-content\\\/uploads\\\/2024\\\/02\\\/polymeres_technologies.png?fit=649%2C649&ssl=1\",\"contentUrl\":\"https:\\\/\\\/i0.wp.com\\\/chillepoxy.com\\\/wp-content\\\/uploads\\\/2024\\\/02\\\/polymeres_technologies.png?fit=649%2C649&ssl=1\",\"width\":649,\"height\":649,\"caption\":\"CHILL EPOXY\u2122\"},\"image\":{\"@id\":\"https:\\\/\\\/chillepoxy.com\\\/fr\\\/#\\\/schema\\\/logo\\\/image\\\/\"},\"sameAs\":[\"https:\\\/\\\/www.facebook.com\\\/polymerestechnologies\\\/\",\"https:\\\/\\\/www.instagram.com\\\/polymeres_technologies\\\/\",\"https:\\\/\\\/www.linkedin.com\\\/company\\\/polymeres-technologies\\\/\",\"https:\\\/\\\/www.youtube.com\\\/channel\\\/UCDaFKmK4Hn3KPKmBaTXWong\"]}]}<\/script>\n<!-- \/ Yoast SEO Premium plugin. -->","yoast_head_json":{"title":"Kit d'outils de d\u00e9marrage pour r\u00e9sine \u00e9poxy | CHILL EPOXY","description":"Kit d'outils de d\u00e9marrage pour r\u00e9sine \u00e9poxy R\u00e9alisez un m\u00e9lange parfait avec nos outils d'artisanat en r\u00e9sine essentiels. Facilitez le travail de la r\u00e9sine avec notre kit d'outils de d\u00e9marrage","robots":{"index":"index","follow":"follow","max-snippet":"max-snippet:-1","max-image-preview":"max-image-preview:large","max-video-preview":"max-video-preview:-1"},"canonical":"https:\/\/chillepoxy.com\/fr\/produit\/kit-outils-de-demarrage-pour-resine-epoxy\/","og_locale":"fr_FR","og_type":"article","og_title":"Kit d'outils de d\u00e9marrage pour r\u00e9sine \u00e9poxy","og_description":"Kit d'outils de d\u00e9marrage pour r\u00e9sine \u00e9poxy R\u00e9alisez un m\u00e9lange parfait avec nos outils d'artisanat en r\u00e9sine essentiels. Facilitez le travail de la r\u00e9sine avec notre kit d'outils de d\u00e9marrage","og_url":"https:\/\/chillepoxy.com\/fr\/produit\/kit-outils-de-demarrage-pour-resine-epoxy\/","og_site_name":"CHILL EPOXY","article_publisher":"https:\/\/www.facebook.com\/polymerestechnologies\/","article_modified_time":"2024-01-30T17:57:05+00:00","og_image":[{"width":1920,"height":1920,"url":"https:\/\/chillepoxy.com\/wp-content\/uploads\/2020\/11\/DSC02109.jpg","type":"image\/jpeg"}],"twitter_card":"summary_large_image","twitter_misc":{"Dur\u00e9e de lecture estim\u00e9e":"2 minutes"},"schema":{"@context":"https:\/\/schema.org","@graph":[{"@type":"WebPage","@id":"https:\/\/chillepoxy.com\/fr\/produit\/kit-outils-de-demarrage-pour-resine-epoxy\/","url":"https:\/\/chillepoxy.com\/fr\/produit\/kit-outils-de-demarrage-pour-resine-epoxy\/","name":"Kit d'outils de d\u00e9marrage pour r\u00e9sine \u00e9poxy | CHILL EPOXY","isPartOf":{"@id":"https:\/\/chillepoxy.com\/fr\/#website"},"primaryImageOfPage":{"@id":"https:\/\/chillepoxy.com\/fr\/produit\/kit-outils-de-demarrage-pour-resine-epoxy\/#primaryimage"},"image":{"@id":"https:\/\/chillepoxy.com\/fr\/produit\/kit-outils-de-demarrage-pour-resine-epoxy\/#primaryimage"},"thumbnailUrl":"https:\/\/chillepoxy.com\/wp-content\/uploads\/2020\/11\/DSC02109.jpg","datePublished":"2021-06-30T19:23:47+00:00","dateModified":"2024-01-30T17:57:05+00:00","description":"Kit d'outils de d\u00e9marrage pour r\u00e9sine \u00e9poxy R\u00e9alisez un m\u00e9lange parfait avec nos outils d'artisanat en r\u00e9sine essentiels. Facilitez le travail de la r\u00e9sine avec notre kit d'outils de d\u00e9marrage","breadcrumb":{"@id":"https:\/\/chillepoxy.com\/fr\/produit\/kit-outils-de-demarrage-pour-resine-epoxy\/#breadcrumb"},"inLanguage":"fr-FR","potentialAction":[{"@type":"ReadAction","target":["https:\/\/chillepoxy.com\/fr\/produit\/kit-outils-de-demarrage-pour-resine-epoxy\/"]}]},{"@type":"ImageObject","inLanguage":"fr-FR","@id":"https:\/\/chillepoxy.com\/fr\/produit\/kit-outils-de-demarrage-pour-resine-epoxy\/#primaryimage","url":"https:\/\/chillepoxy.com\/wp-content\/uploads\/2020\/11\/DSC02109.jpg","contentUrl":"https:\/\/chillepoxy.com\/wp-content\/uploads\/2020\/11\/DSC02109.jpg","width":1920,"height":1920,"caption":"Kit d'outils de d\u00e9marrage pour r\u00e9sine \u00e9poxy CHILL EPOXY"},{"@type":"BreadcrumbList","@id":"https:\/\/chillepoxy.com\/fr\/produit\/kit-outils-de-demarrage-pour-resine-epoxy\/#breadcrumb","itemListElement":[{"@type":"ListItem","position":1,"name":"Home","item":"https:\/\/chillepoxy.com\/fr\/"},{"@type":"ListItem","position":2,"name":"Boutique","item":"https:\/\/chillepoxy.com\/fr\/boutique\/"},{"@type":"ListItem","position":3,"name":"Kit d&#8217;outils de d\u00e9marrage pour r\u00e9sine \u00e9poxy"}]},{"@type":"WebSite","@id":"https:\/\/chillepoxy.com\/fr\/#website","url":"https:\/\/chillepoxy.com\/fr\/","name":"CHILL EPOXY\u2122 High-Quality Canadian-Made Epoxy Resin","description":"High-Quality Canadian-Made Epoxy Resin | Casting &amp; Art","publisher":{"@id":"https:\/\/chillepoxy.com\/fr\/#organization"},"alternateName":"High-Quality Epoxy Resin","potentialAction":[{"@type":"SearchAction","target":{"@type":"EntryPoint","urlTemplate":"https:\/\/chillepoxy.com\/fr\/?s={search_term_string}"},"query-input":{"@type":"PropertyValueSpecification","valueRequired":true,"valueName":"search_term_string"}}],"inLanguage":"fr-FR"},{"@type":"Organization","@id":"https:\/\/chillepoxy.com\/fr\/#organization","name":"CHILL EPOXY\u2122","alternateName":"High-Quality Canadian-Made Epoxy Resin","url":"https:\/\/chillepoxy.com\/fr\/","logo":{"@type":"ImageObject","inLanguage":"fr-FR","@id":"https:\/\/chillepoxy.com\/fr\/#\/schema\/logo\/image\/","url":"https:\/\/i0.wp.com\/chillepoxy.com\/wp-content\/uploads\/2024\/02\/polymeres_technologies.png?fit=649%2C649&ssl=1","contentUrl":"https:\/\/i0.wp.com\/chillepoxy.com\/wp-content\/uploads\/2024\/02\/polymeres_technologies.png?fit=649%2C649&ssl=1","width":649,"height":649,"caption":"CHILL EPOXY\u2122"},"image":{"@id":"https:\/\/chillepoxy.com\/fr\/#\/schema\/logo\/image\/"},"sameAs":["https:\/\/www.facebook.com\/polymerestechnologies\/","https:\/\/www.instagram.com\/polymeres_technologies\/","https:\/\/www.linkedin.com\/company\/polymeres-technologies\/","https:\/\/www.youtube.com\/channel\/UCDaFKmK4Hn3KPKmBaTXWong"]}]}},"jetpack_publicize_connections":[],"jetpack_sharing_enabled":true,"jetpack_likes_enabled":false,"_links":{"self":[{"href":"https:\/\/chillepoxy.com\/fr\/wp-json\/wp\/v2\/product\/9675","targetHints":{"allow":["GET"]}}],"collection":[{"href":"https:\/\/chillepoxy.com\/fr\/wp-json\/wp\/v2\/product"}],"about":[{"href":"https:\/\/chillepoxy.com\/fr\/wp-json\/wp\/v2\/types\/product"}],"replies":[{"embeddable":true,"href":"https:\/\/chillepoxy.com\/fr\/wp-json\/wp\/v2\/comments?post=9675"}],"wp:featuredmedia":[{"embeddable":true,"href":"https:\/\/chillepoxy.com\/fr\/wp-json\/wp\/v2\/media\/9674"}],"wp:attachment":[{"href":"https:\/\/chillepoxy.com\/fr\/wp-json\/wp\/v2\/media?parent=9675"}],"wp:term":[{"taxonomy":"product_brand","embeddable":true,"href":"https:\/\/chillepoxy.com\/fr\/wp-json\/wp\/v2\/product_brand?post=9675"},{"taxonomy":"product_cat","embeddable":true,"href":"https:\/\/chillepoxy.com\/fr\/wp-json\/wp\/v2\/product_cat?post=9675"},{"taxonomy":"product_tag","embeddable":true,"href":"https:\/\/chillepoxy.com\/fr\/wp-json\/wp\/v2\/product_tag?post=9675"}],"curies":[{"name":"wp","href":"https:\/\/api.w.org\/{rel}","templated":true}]}}